{"id":52206,"date":"2025-09-20T20:21:17","date_gmt":"2025-09-20T20:21:17","guid":{"rendered":"https:\/\/hairdeluxe.ee\/?post_type=product&#038;p=52206"},"modified":"2025-09-20T20:21:32","modified_gmt":"2025-09-20T20:21:32","slug":"balmain-hair-muse-damour-kinkekomplekt-muse-damour-gift-set-2","status":"publish","type":"product","link":"https:\/\/hairdeluxe.ee\/fi\/product\/balmain-hair-muse-damour-kinkekomplekt-muse-damour-gift-set-2\/","title":{"rendered":"BALMAIN HAIR Muse D&#8217;Amour kinkekomplekt \/ Muse D&#8217;Amour Gift Set"},"content":{"rendered":"<p><strong>Thermal Protection Spray 200ml:<\/strong> Aqua, Alcohol Denat, PEG-12 Dimethicone, Butylene Glycol, Sodium Laneth-40 Maleate\/Styrene Sulfonate Copolymer, Hydrolyzed Vegetable Protein PG-propyl Silanetriol, Silk Amino Acids, Argania Spinosa Kernel Extract, VP\/VA Copolymer, Polysorbate 20, PEG-40 Hydrogenated Castor Oil, Ethylhexyl Methoxycinnamate, Benzophenone-4, Panthenol, Parfum, Phenoxyethanol, Potassium Sorbate, Benzoic Acid, EDTA, Sodium Hydroxide, CI 16255<\/p>\n<p><strong>Argan Moisturizing Elixir 100ml:<\/strong> Cyclopentasiloxane, Dimethiconol, Argania Spinoza Kernel Oil, Trimethylsiloxyphenyl Dimethicone, Silk Amino Acids, Ethylhexyl Methoxycinnamate, Perfume.<\/p>\n<p>&nbsp;<\/p>\n","protected":false},"excerpt":{"rendered":"<p>Limiteeritud kollektsiooni Muse D\u2019Amour Velvet Burgundy kinkekomplekt on inspireeritud kollektsioonist, mis tabab kaunilt moodsa muusa elegantsi ja kirge ning sobib ideaalselt romantiliste soengute ning stiilide loomiseks.<\/p>\n<p>Avastage enda jaoks Muse D\u2019Amour kinkekomplekti suurep\u00e4rased omadused juuksehooldusrutiini jaoks. See eksklusiivne komplekt sisaldab Thermal Protection kuumakaitse spreid, Argan Moisturizing niisutavat eliksiiri ning Detangling Spa Brush Mini juukseharja, mist\u00f5ttu on see ideaalne k\u00f5igile, kes soovivad kauneid, toidetud, terveid ja s\u00e4ravaid juukseid.<\/p>\n<p>&#8211; Kaks t\u00e4issuuruses toodet<\/p>\n<p>&#8211; Lukustab niiskuse juuksekarva<\/p>\n<p>&#8211; Lisab l\u00e4iget soengule<\/p>\n<p>&#8211; KINGITUS: Detangling Spa Brush Mini<\/p>\n<p><strong>&#8211; Thermal Protection Spray<\/strong><b> 200ml <\/b>&#8211; Kerge kuumakaitse sprei, mis kaitseb juukseid kuni 220\u00b0C kuumuse eest, niisutades ja lisades s\u00e4ra sinu soengule. Aitab tugevdada juukseid ja v\u00f5itleb murdumise vastu nii loomulike kui ka v\u00e4rvitud juuste puhul.<\/p>\n<p>Pro-vitamiini B5 ja siidiproteiiniga rikastatud koostis toidab, parandab ning tugevdab juukseid. Thermal Protection Spray harutab lahti jonnakad pusad ja muudab juuksed pehmeks ning tagab stiliseerimisvahendite kergema libisevuse l\u00e4bi juuste, mille tulemuseks on kaunilt l\u00e4ikiv soeng.<\/p>\n<p><strong>&#8211; Argan Moisturizing Elixir<\/strong><b> 100ml<\/b> &#8211; Looduslik argaaniaeliksiir, mis taastab kuivade ja kahjustatud juuste elastsuse. S\u00fcgavniisutavad komponendid aitavad v\u00e4ltida katkiseid juukseotis ning juuste katkemist. V\u00e4hendab kahu ja staatikat juustes. Idaalne toode enne f\u00f6\u00f6nitamist. Sisaldab kuumakaitset kuni 180\u00b0C.<\/p>\n<p><strong>&#8211; Kingitus \u2013 <\/strong><b>Velvet Burgundy <\/b><strong>Mini Detangling Spa Brush:<\/strong>\u00a0Velvet Burgundy toonis pusavastane juuksehari eemaldab valutult ja elegantse kergusega juustest pusad. Ei rebi juukseid, vaid siludes libiseb l\u00e4bi soengu. Sobib igale juukset\u00fc\u00fcbile.<\/p>\n<p><span style=\"font-family: Calibri,sans-serif;\"><b>Kasutamine: <\/b><span data-sheets-root=\"1\"><\/p>\n<p>&#8211; F\u00f6\u00f6nitamisel &#8211; Levitage argaanialeiksiiri kogu juuksepikkuses k\u00f5rvadest allapoole. Erilist t\u00e4helepanu p\u00f6\u00f6rake juukseotstele, oluline on toita ja niisutada juukseotsi, et need ei katkeks. Toode sobib niisketele ja ka kuivadele juustele. <\/span>Sisaldab kuumakaitset kuni 180\u00b0C.<\/p>\n<p><span data-sheets-root=\"1\">&#8211; Sirgendamisel &#8211; Kasutage kindlasti kuumakaitseks Thermal Protection Spray&#8217;d, mis <\/span>kaitseb juukseid kuni 220\u00b0C kuumuse eest. Pihustage toodet 25-30cm kauguselt sirgendtatavale piirkonnale, laske toimida 2-3min ja alles siis sirgendage.<\/p>\n<p>&#8211; <b>Lavatagune n\u00f5uanne: <\/b>Mida v\u00e4hem \u00fchte juuksesalku sirgendad, seda tervislikum see juustele on. T\u00f5sta sirgendaja kuumust ja v\u00e4henda sirgendamise kordade arvu!<\/p>\n<p><span data-sheets-root=\"1\">&#8211; Viimistlege soeng l\u00f5plikult <\/span><span data-sheets-root=\"1\">Velvet Burgundy Mini Detangling Spa Brush\u2019iga.<\/span><\/span><\/p>\n","protected":false},"featured_media":52252,"template":"","meta":[],"product_brand":[],"product_cat":[129,130],"product_tag":[],"class_list":{"0":"post-52206","1":"product","2":"type-product","3":"status-publish","4":"has-post-thumbnail","6":"product_cat-kingitused","7":"product_cat-kinkekomplektid","9":"first","10":"instock","11":"taxable","12":"shipping-taxable","13":"purchasable","14":"product-type-simple","15":"add-to-wishlist-after_add_to_cart"},"yoast_head":"<!-- This site is optimized with the Yoast SEO plugin v27.3 - https:\/\/yoast.com\/product\/yoast-seo-wordpress\/ -->\n<title>BALMAIN HAIR Muse D&#039;Amour kinkekomplekt \/ Muse D&#039;Amour Gift Set - Hair Deluxe<\/title>\n<meta name=\"robots\" content=\"index, follow, max-snippet:-1, max-image-preview:large, max-video-preview:-1\" \/>\n<link rel=\"canonical\" href=\"https:\/\/hairdeluxe.ee\/fi\/product\/balmain-hair-muse-damour-kinkekomplekt-muse-damour-gift-set-2\/\" \/>\n<meta property=\"og:locale\" content=\"fi_FI\" \/>\n<meta property=\"og:type\" content=\"article\" \/>\n<meta property=\"og:title\" content=\"BALMAIN HAIR Muse D&#039;Amour kinkekomplekt \/ Muse D&#039;Amour Gift Set - Hair Deluxe\" \/>\n<meta property=\"og:description\" content=\"Limiteeritud kollektsiooni Muse D\u2019Amour Velvet Burgundy kinkekomplekt on inspireeritud kollektsioonist, mis tabab kaunilt moodsa muusa elegantsi ja kirge ning sobib ideaalselt romantiliste soengute ning stiilide loomiseks. Avastage enda jaoks Muse D\u2019Amour kinkekomplekti suurep\u00e4rased omadused juuksehooldusrutiini jaoks. See eksklusiivne komplekt sisaldab Thermal Protection kuumakaitse spreid, Argan Moisturizing niisutavat eliksiiri ning Detangling Spa Brush Mini juukseharja, mist\u00f5ttu on see ideaalne k\u00f5igile, kes soovivad kauneid, toidetud, terveid ja s\u00e4ravaid juukseid.  - Kaks t\u00e4issuuruses toodet - Lukustab niiskuse juuksekarva - Lisab l\u00e4iget soengule - KINGITUS: Detangling Spa Brush Mini  - Thermal Protection Spray 200ml - Kerge kuumakaitse sprei, mis kaitseb juukseid kuni 220\u00b0C kuumuse eest, niisutades ja lisades s\u00e4ra sinu soengule. Aitab tugevdada juukseid ja v\u00f5itleb murdumise vastu nii loomulike kui ka v\u00e4rvitud juuste puhul. Pro-vitamiini B5 ja siidiproteiiniga rikastatud koostis toidab, parandab ning tugevdab juukseid. Thermal Protection Spray harutab lahti jonnakad pusad ja muudab juuksed pehmeks ning tagab stiliseerimisvahendite kergema libisevuse l\u00e4bi juuste, mille tulemuseks on kaunilt l\u00e4ikiv soeng. - Argan Moisturizing Elixir 100ml - Looduslik argaaniaeliksiir, mis taastab kuivade ja kahjustatud juuste elastsuse. S\u00fcgavniisutavad komponendid aitavad v\u00e4ltida katkiseid juukseotis ning juuste katkemist. V\u00e4hendab kahu ja staatikat juustes. Idaalne toode enne f\u00f6\u00f6nitamist. Sisaldab kuumakaitset kuni 180\u00b0C. - Kingitus \u2013 Velvet Burgundy Mini Detangling Spa Brush:\u00a0Velvet Burgundy toonis pusavastane juuksehari eemaldab valutult ja elegantse kergusega juustest pusad. Ei rebi juukseid, vaid siludes libiseb l\u00e4bi soengu. Sobib igale juukset\u00fc\u00fcbile.  Kasutamine:  - F\u00f6\u00f6nitamisel - Levitage argaanialeiksiiri kogu juuksepikkuses k\u00f5rvadest allapoole. Erilist t\u00e4helepanu p\u00f6\u00f6rake juukseotstele, oluline on toita ja niisutada juukseotsi, et need ei katkeks. Toode sobib niisketele ja ka kuivadele juustele. Sisaldab kuumakaitset kuni 180\u00b0C. - Sirgendamisel - Kasutage kindlasti kuumakaitseks Thermal Protection Spray&#039;d, mis kaitseb juukseid kuni 220\u00b0C kuumuse eest. Pihustage toodet 25-30cm kauguselt sirgendtatavale piirkonnale, laske toimida 2-3min ja alles siis sirgendage. - Lavatagune n\u00f5uanne: Mida v\u00e4hem \u00fchte juuksesalku sirgendad, seda tervislikum see juustele on. T\u00f5sta sirgendaja kuumust ja v\u00e4henda sirgendamise kordade arvu! - Viimistlege soeng l\u00f5plikult Velvet Burgundy Mini Detangling Spa Brush\u2019iga.\" \/>\n<meta property=\"og:url\" content=\"https:\/\/hairdeluxe.ee\/fi\/product\/balmain-hair-muse-damour-kinkekomplekt-muse-damour-gift-set-2\/\" \/>\n<meta property=\"og:site_name\" content=\"Hair Deluxe\" \/>\n<meta property=\"article:publisher\" content=\"https:\/\/www.facebook.com\/blowbartallinn\" \/>\n<meta property=\"article:modified_time\" content=\"2025-09-20T20:21:32+00:00\" \/>\n<meta name=\"twitter:card\" content=\"summary_large_image\" \/>\n<script type=\"application\/ld+json\" class=\"yoast-schema-graph\">{\"@context\":\"https:\\\/\\\/schema.org\",\"@graph\":[{\"@type\":\"WebPage\",\"@id\":\"https:\\\/\\\/hairdeluxe.ee\\\/fi\\\/product\\\/balmain-hair-muse-damour-kinkekomplekt-muse-damour-gift-set-2\\\/\",\"url\":\"https:\\\/\\\/hairdeluxe.ee\\\/fi\\\/product\\\/balmain-hair-muse-damour-kinkekomplekt-muse-damour-gift-set-2\\\/\",\"name\":\"BALMAIN HAIR Muse D'Amour kinkekomplekt \\\/ Muse D'Amour Gift Set - Hair Deluxe\",\"isPartOf\":{\"@id\":\"https:\\\/\\\/hairdeluxe.ee\\\/fi\\\/#website\"},\"primaryImageOfPage\":{\"@id\":\"https:\\\/\\\/hairdeluxe.ee\\\/fi\\\/product\\\/balmain-hair-muse-damour-kinkekomplekt-muse-damour-gift-set-2\\\/#primaryimage\"},\"image\":{\"@id\":\"https:\\\/\\\/hairdeluxe.ee\\\/fi\\\/product\\\/balmain-hair-muse-damour-kinkekomplekt-muse-damour-gift-set-2\\\/#primaryimage\"},\"thumbnailUrl\":\"https:\\\/\\\/hairdeluxe.ee\\\/wp-content\\\/uploads\\\/2025\\\/09\\\/balmainhair_limited_edition_mused_amour_set_c1_25_mood_01_le_cs_s_set_c1_25_800_8277.jpg\",\"datePublished\":\"2025-09-20T20:21:17+00:00\",\"dateModified\":\"2025-09-20T20:21:32+00:00\",\"breadcrumb\":{\"@id\":\"https:\\\/\\\/hairdeluxe.ee\\\/fi\\\/product\\\/balmain-hair-muse-damour-kinkekomplekt-muse-damour-gift-set-2\\\/#breadcrumb\"},\"inLanguage\":\"fi\",\"potentialAction\":[{\"@type\":\"ReadAction\",\"target\":[\"https:\\\/\\\/hairdeluxe.ee\\\/fi\\\/product\\\/balmain-hair-muse-damour-kinkekomplekt-muse-damour-gift-set-2\\\/\"]}]},{\"@type\":\"ImageObject\",\"inLanguage\":\"fi\",\"@id\":\"https:\\\/\\\/hairdeluxe.ee\\\/fi\\\/product\\\/balmain-hair-muse-damour-kinkekomplekt-muse-damour-gift-set-2\\\/#primaryimage\",\"url\":\"https:\\\/\\\/hairdeluxe.ee\\\/wp-content\\\/uploads\\\/2025\\\/09\\\/balmainhair_limited_edition_mused_amour_set_c1_25_mood_01_le_cs_s_set_c1_25_800_8277.jpg\",\"contentUrl\":\"https:\\\/\\\/hairdeluxe.ee\\\/wp-content\\\/uploads\\\/2025\\\/09\\\/balmainhair_limited_edition_mused_amour_set_c1_25_mood_01_le_cs_s_set_c1_25_800_8277.jpg\",\"width\":800,\"height\":800},{\"@type\":\"BreadcrumbList\",\"@id\":\"https:\\\/\\\/hairdeluxe.ee\\\/fi\\\/product\\\/balmain-hair-muse-damour-kinkekomplekt-muse-damour-gift-set-2\\\/#breadcrumb\",\"itemListElement\":[{\"@type\":\"ListItem\",\"position\":1,\"name\":\"Home\",\"item\":\"https:\\\/\\\/hairdeluxe.ee\\\/fi\\\/\"},{\"@type\":\"ListItem\",\"position\":2,\"name\":\"Kauppa\",\"item\":\"https:\\\/\\\/hairdeluxe.ee\\\/fi\\\/shop\\\/\"},{\"@type\":\"ListItem\",\"position\":3,\"name\":\"BALMAIN HAIR Muse D&#8217;Amour kinkekomplekt \\\/ Muse D&#8217;Amour Gift Set\"}]},{\"@type\":\"WebSite\",\"@id\":\"https:\\\/\\\/hairdeluxe.ee\\\/fi\\\/#website\",\"url\":\"https:\\\/\\\/hairdeluxe.ee\\\/fi\\\/\",\"name\":\"Hair Deluxe\",\"description\":\"Highlight your natural beauty\",\"publisher\":{\"@id\":\"https:\\\/\\\/hairdeluxe.ee\\\/fi\\\/#organization\"},\"potentialAction\":[{\"@type\":\"SearchAction\",\"target\":{\"@type\":\"EntryPoint\",\"urlTemplate\":\"https:\\\/\\\/hairdeluxe.ee\\\/fi\\\/?s={search_term_string}\"},\"query-input\":{\"@type\":\"PropertyValueSpecification\",\"valueRequired\":true,\"valueName\":\"search_term_string\"}}],\"inLanguage\":\"fi\"},{\"@type\":\"Organization\",\"@id\":\"https:\\\/\\\/hairdeluxe.ee\\\/fi\\\/#organization\",\"name\":\"Hair Deluxe\",\"url\":\"https:\\\/\\\/hairdeluxe.ee\\\/fi\\\/\",\"logo\":{\"@type\":\"ImageObject\",\"inLanguage\":\"fi\",\"@id\":\"https:\\\/\\\/hairdeluxe.ee\\\/fi\\\/#\\\/schema\\\/logo\\\/image\\\/\",\"url\":\"https:\\\/\\\/hairdeluxe.ee\\\/wp-content\\\/uploads\\\/2024\\\/06\\\/Hair-Deluxe-Logo-Dark-font.png\",\"contentUrl\":\"https:\\\/\\\/hairdeluxe.ee\\\/wp-content\\\/uploads\\\/2024\\\/06\\\/Hair-Deluxe-Logo-Dark-font.png\",\"width\":467,\"height\":177,\"caption\":\"Hair Deluxe\"},\"image\":{\"@id\":\"https:\\\/\\\/hairdeluxe.ee\\\/fi\\\/#\\\/schema\\\/logo\\\/image\\\/\"},\"sameAs\":[\"https:\\\/\\\/www.facebook.com\\\/blowbartallinn\",\"https:\\\/\\\/www.instagram.com\\\/blowbar_tallinn\"]}]}<\/script>\n<!-- \/ Yoast SEO plugin. -->","yoast_head_json":{"title":"BALMAIN HAIR Muse D'Amour kinkekomplekt \/ Muse D'Amour Gift Set - Hair Deluxe","robots":{"index":"index","follow":"follow","max-snippet":"max-snippet:-1","max-image-preview":"max-image-preview:large","max-video-preview":"max-video-preview:-1"},"canonical":"https:\/\/hairdeluxe.ee\/fi\/product\/balmain-hair-muse-damour-kinkekomplekt-muse-damour-gift-set-2\/","og_locale":"fi_FI","og_type":"article","og_title":"BALMAIN HAIR Muse D'Amour kinkekomplekt \/ Muse D'Amour Gift Set - Hair Deluxe","og_description":"Limiteeritud kollektsiooni Muse D\u2019Amour Velvet Burgundy kinkekomplekt on inspireeritud kollektsioonist, mis tabab kaunilt moodsa muusa elegantsi ja kirge ning sobib ideaalselt romantiliste soengute ning stiilide loomiseks. Avastage enda jaoks Muse D\u2019Amour kinkekomplekti suurep\u00e4rased omadused juuksehooldusrutiini jaoks. See eksklusiivne komplekt sisaldab Thermal Protection kuumakaitse spreid, Argan Moisturizing niisutavat eliksiiri ning Detangling Spa Brush Mini juukseharja, mist\u00f5ttu on see ideaalne k\u00f5igile, kes soovivad kauneid, toidetud, terveid ja s\u00e4ravaid juukseid.  - Kaks t\u00e4issuuruses toodet - Lukustab niiskuse juuksekarva - Lisab l\u00e4iget soengule - KINGITUS: Detangling Spa Brush Mini  - Thermal Protection Spray 200ml - Kerge kuumakaitse sprei, mis kaitseb juukseid kuni 220\u00b0C kuumuse eest, niisutades ja lisades s\u00e4ra sinu soengule. Aitab tugevdada juukseid ja v\u00f5itleb murdumise vastu nii loomulike kui ka v\u00e4rvitud juuste puhul. Pro-vitamiini B5 ja siidiproteiiniga rikastatud koostis toidab, parandab ning tugevdab juukseid. Thermal Protection Spray harutab lahti jonnakad pusad ja muudab juuksed pehmeks ning tagab stiliseerimisvahendite kergema libisevuse l\u00e4bi juuste, mille tulemuseks on kaunilt l\u00e4ikiv soeng. - Argan Moisturizing Elixir 100ml - Looduslik argaaniaeliksiir, mis taastab kuivade ja kahjustatud juuste elastsuse. S\u00fcgavniisutavad komponendid aitavad v\u00e4ltida katkiseid juukseotis ning juuste katkemist. V\u00e4hendab kahu ja staatikat juustes. Idaalne toode enne f\u00f6\u00f6nitamist. Sisaldab kuumakaitset kuni 180\u00b0C. - Kingitus \u2013 Velvet Burgundy Mini Detangling Spa Brush:\u00a0Velvet Burgundy toonis pusavastane juuksehari eemaldab valutult ja elegantse kergusega juustest pusad. Ei rebi juukseid, vaid siludes libiseb l\u00e4bi soengu. Sobib igale juukset\u00fc\u00fcbile.  Kasutamine:  - F\u00f6\u00f6nitamisel - Levitage argaanialeiksiiri kogu juuksepikkuses k\u00f5rvadest allapoole. Erilist t\u00e4helepanu p\u00f6\u00f6rake juukseotstele, oluline on toita ja niisutada juukseotsi, et need ei katkeks. Toode sobib niisketele ja ka kuivadele juustele. Sisaldab kuumakaitset kuni 180\u00b0C. - Sirgendamisel - Kasutage kindlasti kuumakaitseks Thermal Protection Spray'd, mis kaitseb juukseid kuni 220\u00b0C kuumuse eest. Pihustage toodet 25-30cm kauguselt sirgendtatavale piirkonnale, laske toimida 2-3min ja alles siis sirgendage. - Lavatagune n\u00f5uanne: Mida v\u00e4hem \u00fchte juuksesalku sirgendad, seda tervislikum see juustele on. T\u00f5sta sirgendaja kuumust ja v\u00e4henda sirgendamise kordade arvu! - Viimistlege soeng l\u00f5plikult Velvet Burgundy Mini Detangling Spa Brush\u2019iga.","og_url":"https:\/\/hairdeluxe.ee\/fi\/product\/balmain-hair-muse-damour-kinkekomplekt-muse-damour-gift-set-2\/","og_site_name":"Hair Deluxe","article_publisher":"https:\/\/www.facebook.com\/blowbartallinn","article_modified_time":"2025-09-20T20:21:32+00:00","twitter_card":"summary_large_image","schema":{"@context":"https:\/\/schema.org","@graph":[{"@type":"WebPage","@id":"https:\/\/hairdeluxe.ee\/fi\/product\/balmain-hair-muse-damour-kinkekomplekt-muse-damour-gift-set-2\/","url":"https:\/\/hairdeluxe.ee\/fi\/product\/balmain-hair-muse-damour-kinkekomplekt-muse-damour-gift-set-2\/","name":"BALMAIN HAIR Muse D'Amour kinkekomplekt \/ Muse D'Amour Gift Set - Hair Deluxe","isPartOf":{"@id":"https:\/\/hairdeluxe.ee\/fi\/#website"},"primaryImageOfPage":{"@id":"https:\/\/hairdeluxe.ee\/fi\/product\/balmain-hair-muse-damour-kinkekomplekt-muse-damour-gift-set-2\/#primaryimage"},"image":{"@id":"https:\/\/hairdeluxe.ee\/fi\/product\/balmain-hair-muse-damour-kinkekomplekt-muse-damour-gift-set-2\/#primaryimage"},"thumbnailUrl":"https:\/\/hairdeluxe.ee\/wp-content\/uploads\/2025\/09\/balmainhair_limited_edition_mused_amour_set_c1_25_mood_01_le_cs_s_set_c1_25_800_8277.jpg","datePublished":"2025-09-20T20:21:17+00:00","dateModified":"2025-09-20T20:21:32+00:00","breadcrumb":{"@id":"https:\/\/hairdeluxe.ee\/fi\/product\/balmain-hair-muse-damour-kinkekomplekt-muse-damour-gift-set-2\/#breadcrumb"},"inLanguage":"fi","potentialAction":[{"@type":"ReadAction","target":["https:\/\/hairdeluxe.ee\/fi\/product\/balmain-hair-muse-damour-kinkekomplekt-muse-damour-gift-set-2\/"]}]},{"@type":"ImageObject","inLanguage":"fi","@id":"https:\/\/hairdeluxe.ee\/fi\/product\/balmain-hair-muse-damour-kinkekomplekt-muse-damour-gift-set-2\/#primaryimage","url":"https:\/\/hairdeluxe.ee\/wp-content\/uploads\/2025\/09\/balmainhair_limited_edition_mused_amour_set_c1_25_mood_01_le_cs_s_set_c1_25_800_8277.jpg","contentUrl":"https:\/\/hairdeluxe.ee\/wp-content\/uploads\/2025\/09\/balmainhair_limited_edition_mused_amour_set_c1_25_mood_01_le_cs_s_set_c1_25_800_8277.jpg","width":800,"height":800},{"@type":"BreadcrumbList","@id":"https:\/\/hairdeluxe.ee\/fi\/product\/balmain-hair-muse-damour-kinkekomplekt-muse-damour-gift-set-2\/#breadcrumb","itemListElement":[{"@type":"ListItem","position":1,"name":"Home","item":"https:\/\/hairdeluxe.ee\/fi\/"},{"@type":"ListItem","position":2,"name":"Kauppa","item":"https:\/\/hairdeluxe.ee\/fi\/shop\/"},{"@type":"ListItem","position":3,"name":"BALMAIN HAIR Muse D&#8217;Amour kinkekomplekt \/ Muse D&#8217;Amour Gift Set"}]},{"@type":"WebSite","@id":"https:\/\/hairdeluxe.ee\/fi\/#website","url":"https:\/\/hairdeluxe.ee\/fi\/","name":"Hair Deluxe","description":"Highlight your natural beauty","publisher":{"@id":"https:\/\/hairdeluxe.ee\/fi\/#organization"},"potentialAction":[{"@type":"SearchAction","target":{"@type":"EntryPoint","urlTemplate":"https:\/\/hairdeluxe.ee\/fi\/?s={search_term_string}"},"query-input":{"@type":"PropertyValueSpecification","valueRequired":true,"valueName":"search_term_string"}}],"inLanguage":"fi"},{"@type":"Organization","@id":"https:\/\/hairdeluxe.ee\/fi\/#organization","name":"Hair Deluxe","url":"https:\/\/hairdeluxe.ee\/fi\/","logo":{"@type":"ImageObject","inLanguage":"fi","@id":"https:\/\/hairdeluxe.ee\/fi\/#\/schema\/logo\/image\/","url":"https:\/\/hairdeluxe.ee\/wp-content\/uploads\/2024\/06\/Hair-Deluxe-Logo-Dark-font.png","contentUrl":"https:\/\/hairdeluxe.ee\/wp-content\/uploads\/2024\/06\/Hair-Deluxe-Logo-Dark-font.png","width":467,"height":177,"caption":"Hair Deluxe"},"image":{"@id":"https:\/\/hairdeluxe.ee\/fi\/#\/schema\/logo\/image\/"},"sameAs":["https:\/\/www.facebook.com\/blowbartallinn","https:\/\/www.instagram.com\/blowbar_tallinn"]}]}},"_links":{"self":[{"href":"https:\/\/hairdeluxe.ee\/fi\/wp-json\/wp\/v2\/product\/52206","targetHints":{"allow":["GET"]}}],"collection":[{"href":"https:\/\/hairdeluxe.ee\/fi\/wp-json\/wp\/v2\/product"}],"about":[{"href":"https:\/\/hairdeluxe.ee\/fi\/wp-json\/wp\/v2\/types\/product"}],"wp:featuredmedia":[{"embeddable":true,"href":"https:\/\/hairdeluxe.ee\/fi\/wp-json\/wp\/v2\/media\/52252"}],"wp:attachment":[{"href":"https:\/\/hairdeluxe.ee\/fi\/wp-json\/wp\/v2\/media?parent=52206"}],"wp:term":[{"taxonomy":"product_brand","embeddable":true,"href":"https:\/\/hairdeluxe.ee\/fi\/wp-json\/wp\/v2\/product_brand?post=52206"},{"taxonomy":"product_cat","embeddable":true,"href":"https:\/\/hairdeluxe.ee\/fi\/wp-json\/wp\/v2\/product_cat?post=52206"},{"taxonomy":"product_tag","embeddable":true,"href":"https:\/\/hairdeluxe.ee\/fi\/wp-json\/wp\/v2\/product_tag?post=52206"}],"curies":[{"name":"wp","href":"https:\/\/api.w.org\/{rel}","templated":true}]}}