{"id":52210,"date":"2025-09-20T20:21:20","date_gmt":"2025-09-20T20:21:20","guid":{"rendered":"https:\/\/hairdeluxe.ee\/?post_type=product&#038;p=52210"},"modified":"2025-10-07T03:55:25","modified_gmt":"2025-10-07T03:55:25","slug":"balmain-hair-juustele-voluumi-andev-komplekt-muse-du-printemps-volumizing-set-black","status":"publish","type":"product","link":"https:\/\/hairdeluxe.ee\/fi\/product\/balmain-hair-juustele-voluumi-andev-komplekt-muse-du-printemps-volumizing-set-black\/","title":{"rendered":"BALMAIN HAIR juustele vol\u00fc\u00fcmi andev komplekt \/ Muse du Printemps Volumizing Set Black"},"content":{"rendered":"<div>\n<p><strong>KOOSTIS:<\/p>\n<p><\/strong><strong>Texturizing Volume Spray 200ml:<\/strong> Butane, Alcohol Denat., Isobutane, Propane, VP\/VA Copolymer, Aluminum Starch Octenylsuccinate, Silica, Solanum Tuberosum (Potato)Starch, Cocotrimonium Methosulfate, Aqua, Tocopherol, Benzophenone-4, Parfum.<\/p>\n<p><strong>Leave-in Conditioning Spray 200ml:<\/strong> Aqua, Glycerin, Argania Spinosa Kernel Extract, Silk Amino Acids, Panthenol, Niacinamide, Tocopheryl Acetate, Sodium Cocoyl Amino Acids, Potassium Dimethicone PEG-7 Panthenyl Phosphate, Amodimethicone, C11-15 Pareth-7, C12-16 Pareth-9, Trideceth-12, Butylene Glycol, PEG-40 Hydrogenated Castor Oil, Polysorbate 20, Ethylhexyl Methoxycinnamate, Cetrimonium Chloride, Phenoxyethanol, Ethylhexylglycerin, Parfum, Citric Acid.<\/p>\n<\/div>\n","protected":false},"excerpt":{"rendered":"<div>MUSE du PRINTEMPS &#8211; spetsiaalselt Balmain Hairi klientidele toodetud keskkonnas\u00f5bralikest materjalidest ja roostevabast terasest Spring Muse D&#8217;Amour kollektsiooni sarja Black veepudel on kasutajale mugav ja ergonoomiline.<\/div>\n<div>Veepudeli kaheseinaline lahendus hoiab teie joogi kaua soojas v\u00f5i jahedas, t\u00e4pselt nii, nagu soovite.<\/div>\n<div>Veepudel on kaetud siidise kattega, mis loob k\u00e4es mugava ja kindla haarde ka treeningu ajal.<\/div>\n<div>DNA Texturizing Volume Spray on enimm\u00fc\u00fcdud koos sissej\u00e4etava konditsioneerimisspreiga, mist\u00f5ttu on need parimad valikud stiilivajaduste jaoks.<\/div>\n<div><\/div>\n<div>Soovitame veepudelit MUSE du PRINTEMPS alati endaga kaasas kanda, et sul oleks v\u00f5imalus s\u00e4ilitada kehas niiskustasakaalu treenides ja vabal ajal.<\/div>\n<div>Balmain Hair hoolib sinust iga minut!<\/div>\n<div><\/div>\n<div>Komplekt sisaldab:<\/div>\n<div>&#8211; Juustesse j\u00e4etav palsam Leave in Conditioner, 200ml<\/div>\n<div>&#8211; Tekstuuri andev Vol\u00fc\u00fcmi Spray, 200ml<\/div>\n<div>&#8211; GWP: must, k\u00e4es mittelibisev roostevabast terasest kaheseinaline veepudel.<\/div>\n","protected":false},"featured_media":52276,"template":"","meta":[],"product_brand":[],"product_cat":[130,192],"product_tag":[],"class_list":{"0":"post-52210","1":"product","2":"type-product","3":"status-publish","4":"has-post-thumbnail","6":"product_cat-kinkekomplektid","7":"product_cat-uued-tooted","9":"first","10":"instock","11":"taxable","12":"shipping-taxable","13":"purchasable","14":"product-type-simple","15":"add-to-wishlist-after_add_to_cart"},"yoast_head":"<!-- This site is optimized with the Yoast SEO plugin v27.3 - https:\/\/yoast.com\/product\/yoast-seo-wordpress\/ -->\n<title>BALMAIN HAIR juustele vol\u00fc\u00fcmi andev komplekt \/ Muse du Printemps Volumizing Set Black - Hair Deluxe<\/title>\n<meta name=\"robots\" content=\"index, follow, max-snippet:-1, max-image-preview:large, max-video-preview:-1\" \/>\n<link rel=\"canonical\" href=\"https:\/\/hairdeluxe.ee\/fi\/product\/balmain-hair-juustele-voluumi-andev-komplekt-muse-du-printemps-volumizing-set-black\/\" \/>\n<meta property=\"og:locale\" content=\"fi_FI\" \/>\n<meta property=\"og:type\" content=\"article\" \/>\n<meta property=\"og:title\" content=\"BALMAIN HAIR juustele vol\u00fc\u00fcmi andev komplekt \/ Muse du Printemps Volumizing Set Black - Hair Deluxe\" \/>\n<meta property=\"og:description\" content=\"MUSE du PRINTEMPS - spetsiaalselt Balmain Hairi klientidele toodetud keskkonnas\u00f5bralikest materjalidest ja roostevabast terasest Spring Muse D&#039;Amour kollektsiooni sarja Black veepudel on kasutajale mugav ja ergonoomiline. Veepudeli kaheseinaline lahendus hoiab teie joogi kaua soojas v\u00f5i jahedas, t\u00e4pselt nii, nagu soovite. Veepudel on kaetud siidise kattega, mis loob k\u00e4es mugava ja kindla haarde ka treeningu ajal. DNA Texturizing Volume Spray on enimm\u00fc\u00fcdud koos sissej\u00e4etava konditsioneerimisspreiga, mist\u00f5ttu on need parimad valikud stiilivajaduste jaoks.  Soovitame veepudelit MUSE du PRINTEMPS alati endaga kaasas kanda, et sul oleks v\u00f5imalus s\u00e4ilitada kehas niiskustasakaalu treenides ja vabal ajal. Balmain Hair hoolib sinust iga minut!  Komplekt sisaldab: - Juustesse j\u00e4etav palsam Leave in Conditioner, 200ml - Tekstuuri andev Vol\u00fc\u00fcmi Spray, 200ml - GWP: must, k\u00e4es mittelibisev roostevabast terasest kaheseinaline veepudel.\" \/>\n<meta property=\"og:url\" content=\"https:\/\/hairdeluxe.ee\/fi\/product\/balmain-hair-juustele-voluumi-andev-komplekt-muse-du-printemps-volumizing-set-black\/\" \/>\n<meta property=\"og:site_name\" content=\"Hair Deluxe\" \/>\n<meta property=\"article:publisher\" content=\"https:\/\/www.facebook.com\/blowbartallinn\" \/>\n<meta property=\"article:modified_time\" content=\"2025-10-07T03:55:25+00:00\" \/>\n<meta property=\"og:image\" content=\"https:\/\/hairdeluxe.ee\/wp-content\/uploads\/2025\/09\/muse-black.jpg\" \/>\n\t<meta property=\"og:image:width\" content=\"1762\" \/>\n\t<meta property=\"og:image:height\" content=\"1475\" \/>\n\t<meta property=\"og:image:type\" content=\"image\/jpeg\" \/>\n<meta name=\"twitter:card\" content=\"summary_large_image\" \/>\n<script type=\"application\/ld+json\" class=\"yoast-schema-graph\">{\"@context\":\"https:\\\/\\\/schema.org\",\"@graph\":[{\"@type\":\"WebPage\",\"@id\":\"https:\\\/\\\/hairdeluxe.ee\\\/fi\\\/product\\\/balmain-hair-juustele-voluumi-andev-komplekt-muse-du-printemps-volumizing-set-black\\\/\",\"url\":\"https:\\\/\\\/hairdeluxe.ee\\\/fi\\\/product\\\/balmain-hair-juustele-voluumi-andev-komplekt-muse-du-printemps-volumizing-set-black\\\/\",\"name\":\"BALMAIN HAIR juustele vol\u00fc\u00fcmi andev komplekt \\\/ Muse du Printemps Volumizing Set Black - Hair Deluxe\",\"isPartOf\":{\"@id\":\"https:\\\/\\\/hairdeluxe.ee\\\/fi\\\/#website\"},\"primaryImageOfPage\":{\"@id\":\"https:\\\/\\\/hairdeluxe.ee\\\/fi\\\/product\\\/balmain-hair-juustele-voluumi-andev-komplekt-muse-du-printemps-volumizing-set-black\\\/#primaryimage\"},\"image\":{\"@id\":\"https:\\\/\\\/hairdeluxe.ee\\\/fi\\\/product\\\/balmain-hair-juustele-voluumi-andev-komplekt-muse-du-printemps-volumizing-set-black\\\/#primaryimage\"},\"thumbnailUrl\":\"https:\\\/\\\/hairdeluxe.ee\\\/wp-content\\\/uploads\\\/2025\\\/09\\\/muse-black.jpg\",\"datePublished\":\"2025-09-20T20:21:20+00:00\",\"dateModified\":\"2025-10-07T03:55:25+00:00\",\"breadcrumb\":{\"@id\":\"https:\\\/\\\/hairdeluxe.ee\\\/fi\\\/product\\\/balmain-hair-juustele-voluumi-andev-komplekt-muse-du-printemps-volumizing-set-black\\\/#breadcrumb\"},\"inLanguage\":\"fi\",\"potentialAction\":[{\"@type\":\"ReadAction\",\"target\":[\"https:\\\/\\\/hairdeluxe.ee\\\/fi\\\/product\\\/balmain-hair-juustele-voluumi-andev-komplekt-muse-du-printemps-volumizing-set-black\\\/\"]}]},{\"@type\":\"ImageObject\",\"inLanguage\":\"fi\",\"@id\":\"https:\\\/\\\/hairdeluxe.ee\\\/fi\\\/product\\\/balmain-hair-juustele-voluumi-andev-komplekt-muse-du-printemps-volumizing-set-black\\\/#primaryimage\",\"url\":\"https:\\\/\\\/hairdeluxe.ee\\\/wp-content\\\/uploads\\\/2025\\\/09\\\/muse-black.jpg\",\"contentUrl\":\"https:\\\/\\\/hairdeluxe.ee\\\/wp-content\\\/uploads\\\/2025\\\/09\\\/muse-black.jpg\",\"width\":1762,\"height\":1475},{\"@type\":\"BreadcrumbList\",\"@id\":\"https:\\\/\\\/hairdeluxe.ee\\\/fi\\\/product\\\/balmain-hair-juustele-voluumi-andev-komplekt-muse-du-printemps-volumizing-set-black\\\/#breadcrumb\",\"itemListElement\":[{\"@type\":\"ListItem\",\"position\":1,\"name\":\"Home\",\"item\":\"https:\\\/\\\/hairdeluxe.ee\\\/fi\\\/\"},{\"@type\":\"ListItem\",\"position\":2,\"name\":\"Kauppa\",\"item\":\"https:\\\/\\\/hairdeluxe.ee\\\/fi\\\/shop\\\/\"},{\"@type\":\"ListItem\",\"position\":3,\"name\":\"BALMAIN HAIR juustele vol\u00fc\u00fcmi andev komplekt \\\/ Muse du Printemps Volumizing Set Black\"}]},{\"@type\":\"WebSite\",\"@id\":\"https:\\\/\\\/hairdeluxe.ee\\\/fi\\\/#website\",\"url\":\"https:\\\/\\\/hairdeluxe.ee\\\/fi\\\/\",\"name\":\"Hair Deluxe\",\"description\":\"Highlight your natural beauty\",\"publisher\":{\"@id\":\"https:\\\/\\\/hairdeluxe.ee\\\/fi\\\/#organization\"},\"potentialAction\":[{\"@type\":\"SearchAction\",\"target\":{\"@type\":\"EntryPoint\",\"urlTemplate\":\"https:\\\/\\\/hairdeluxe.ee\\\/fi\\\/?s={search_term_string}\"},\"query-input\":{\"@type\":\"PropertyValueSpecification\",\"valueRequired\":true,\"valueName\":\"search_term_string\"}}],\"inLanguage\":\"fi\"},{\"@type\":\"Organization\",\"@id\":\"https:\\\/\\\/hairdeluxe.ee\\\/fi\\\/#organization\",\"name\":\"Hair Deluxe\",\"url\":\"https:\\\/\\\/hairdeluxe.ee\\\/fi\\\/\",\"logo\":{\"@type\":\"ImageObject\",\"inLanguage\":\"fi\",\"@id\":\"https:\\\/\\\/hairdeluxe.ee\\\/fi\\\/#\\\/schema\\\/logo\\\/image\\\/\",\"url\":\"https:\\\/\\\/hairdeluxe.ee\\\/wp-content\\\/uploads\\\/2024\\\/06\\\/Hair-Deluxe-Logo-Dark-font.png\",\"contentUrl\":\"https:\\\/\\\/hairdeluxe.ee\\\/wp-content\\\/uploads\\\/2024\\\/06\\\/Hair-Deluxe-Logo-Dark-font.png\",\"width\":467,\"height\":177,\"caption\":\"Hair Deluxe\"},\"image\":{\"@id\":\"https:\\\/\\\/hairdeluxe.ee\\\/fi\\\/#\\\/schema\\\/logo\\\/image\\\/\"},\"sameAs\":[\"https:\\\/\\\/www.facebook.com\\\/blowbartallinn\",\"https:\\\/\\\/www.instagram.com\\\/blowbar_tallinn\"]}]}<\/script>\n<!-- \/ Yoast SEO plugin. -->","yoast_head_json":{"title":"BALMAIN HAIR juustele vol\u00fc\u00fcmi andev komplekt \/ Muse du Printemps Volumizing Set Black - Hair Deluxe","robots":{"index":"index","follow":"follow","max-snippet":"max-snippet:-1","max-image-preview":"max-image-preview:large","max-video-preview":"max-video-preview:-1"},"canonical":"https:\/\/hairdeluxe.ee\/fi\/product\/balmain-hair-juustele-voluumi-andev-komplekt-muse-du-printemps-volumizing-set-black\/","og_locale":"fi_FI","og_type":"article","og_title":"BALMAIN HAIR juustele vol\u00fc\u00fcmi andev komplekt \/ Muse du Printemps Volumizing Set Black - Hair Deluxe","og_description":"MUSE du PRINTEMPS - spetsiaalselt Balmain Hairi klientidele toodetud keskkonnas\u00f5bralikest materjalidest ja roostevabast terasest Spring Muse D'Amour kollektsiooni sarja Black veepudel on kasutajale mugav ja ergonoomiline. Veepudeli kaheseinaline lahendus hoiab teie joogi kaua soojas v\u00f5i jahedas, t\u00e4pselt nii, nagu soovite. Veepudel on kaetud siidise kattega, mis loob k\u00e4es mugava ja kindla haarde ka treeningu ajal. DNA Texturizing Volume Spray on enimm\u00fc\u00fcdud koos sissej\u00e4etava konditsioneerimisspreiga, mist\u00f5ttu on need parimad valikud stiilivajaduste jaoks.  Soovitame veepudelit MUSE du PRINTEMPS alati endaga kaasas kanda, et sul oleks v\u00f5imalus s\u00e4ilitada kehas niiskustasakaalu treenides ja vabal ajal. Balmain Hair hoolib sinust iga minut!  Komplekt sisaldab: - Juustesse j\u00e4etav palsam Leave in Conditioner, 200ml - Tekstuuri andev Vol\u00fc\u00fcmi Spray, 200ml - GWP: must, k\u00e4es mittelibisev roostevabast terasest kaheseinaline veepudel.","og_url":"https:\/\/hairdeluxe.ee\/fi\/product\/balmain-hair-juustele-voluumi-andev-komplekt-muse-du-printemps-volumizing-set-black\/","og_site_name":"Hair Deluxe","article_publisher":"https:\/\/www.facebook.com\/blowbartallinn","article_modified_time":"2025-10-07T03:55:25+00:00","og_image":[{"width":1762,"height":1475,"url":"https:\/\/hairdeluxe.ee\/wp-content\/uploads\/2025\/09\/muse-black.jpg","type":"image\/jpeg"}],"twitter_card":"summary_large_image","schema":{"@context":"https:\/\/schema.org","@graph":[{"@type":"WebPage","@id":"https:\/\/hairdeluxe.ee\/fi\/product\/balmain-hair-juustele-voluumi-andev-komplekt-muse-du-printemps-volumizing-set-black\/","url":"https:\/\/hairdeluxe.ee\/fi\/product\/balmain-hair-juustele-voluumi-andev-komplekt-muse-du-printemps-volumizing-set-black\/","name":"BALMAIN HAIR juustele vol\u00fc\u00fcmi andev komplekt \/ Muse du Printemps Volumizing Set Black - Hair Deluxe","isPartOf":{"@id":"https:\/\/hairdeluxe.ee\/fi\/#website"},"primaryImageOfPage":{"@id":"https:\/\/hairdeluxe.ee\/fi\/product\/balmain-hair-juustele-voluumi-andev-komplekt-muse-du-printemps-volumizing-set-black\/#primaryimage"},"image":{"@id":"https:\/\/hairdeluxe.ee\/fi\/product\/balmain-hair-juustele-voluumi-andev-komplekt-muse-du-printemps-volumizing-set-black\/#primaryimage"},"thumbnailUrl":"https:\/\/hairdeluxe.ee\/wp-content\/uploads\/2025\/09\/muse-black.jpg","datePublished":"2025-09-20T20:21:20+00:00","dateModified":"2025-10-07T03:55:25+00:00","breadcrumb":{"@id":"https:\/\/hairdeluxe.ee\/fi\/product\/balmain-hair-juustele-voluumi-andev-komplekt-muse-du-printemps-volumizing-set-black\/#breadcrumb"},"inLanguage":"fi","potentialAction":[{"@type":"ReadAction","target":["https:\/\/hairdeluxe.ee\/fi\/product\/balmain-hair-juustele-voluumi-andev-komplekt-muse-du-printemps-volumizing-set-black\/"]}]},{"@type":"ImageObject","inLanguage":"fi","@id":"https:\/\/hairdeluxe.ee\/fi\/product\/balmain-hair-juustele-voluumi-andev-komplekt-muse-du-printemps-volumizing-set-black\/#primaryimage","url":"https:\/\/hairdeluxe.ee\/wp-content\/uploads\/2025\/09\/muse-black.jpg","contentUrl":"https:\/\/hairdeluxe.ee\/wp-content\/uploads\/2025\/09\/muse-black.jpg","width":1762,"height":1475},{"@type":"BreadcrumbList","@id":"https:\/\/hairdeluxe.ee\/fi\/product\/balmain-hair-juustele-voluumi-andev-komplekt-muse-du-printemps-volumizing-set-black\/#breadcrumb","itemListElement":[{"@type":"ListItem","position":1,"name":"Home","item":"https:\/\/hairdeluxe.ee\/fi\/"},{"@type":"ListItem","position":2,"name":"Kauppa","item":"https:\/\/hairdeluxe.ee\/fi\/shop\/"},{"@type":"ListItem","position":3,"name":"BALMAIN HAIR juustele vol\u00fc\u00fcmi andev komplekt \/ Muse du Printemps Volumizing Set Black"}]},{"@type":"WebSite","@id":"https:\/\/hairdeluxe.ee\/fi\/#website","url":"https:\/\/hairdeluxe.ee\/fi\/","name":"Hair Deluxe","description":"Highlight your natural beauty","publisher":{"@id":"https:\/\/hairdeluxe.ee\/fi\/#organization"},"potentialAction":[{"@type":"SearchAction","target":{"@type":"EntryPoint","urlTemplate":"https:\/\/hairdeluxe.ee\/fi\/?s={search_term_string}"},"query-input":{"@type":"PropertyValueSpecification","valueRequired":true,"valueName":"search_term_string"}}],"inLanguage":"fi"},{"@type":"Organization","@id":"https:\/\/hairdeluxe.ee\/fi\/#organization","name":"Hair Deluxe","url":"https:\/\/hairdeluxe.ee\/fi\/","logo":{"@type":"ImageObject","inLanguage":"fi","@id":"https:\/\/hairdeluxe.ee\/fi\/#\/schema\/logo\/image\/","url":"https:\/\/hairdeluxe.ee\/wp-content\/uploads\/2024\/06\/Hair-Deluxe-Logo-Dark-font.png","contentUrl":"https:\/\/hairdeluxe.ee\/wp-content\/uploads\/2024\/06\/Hair-Deluxe-Logo-Dark-font.png","width":467,"height":177,"caption":"Hair Deluxe"},"image":{"@id":"https:\/\/hairdeluxe.ee\/fi\/#\/schema\/logo\/image\/"},"sameAs":["https:\/\/www.facebook.com\/blowbartallinn","https:\/\/www.instagram.com\/blowbar_tallinn"]}]}},"_links":{"self":[{"href":"https:\/\/hairdeluxe.ee\/fi\/wp-json\/wp\/v2\/product\/52210","targetHints":{"allow":["GET"]}}],"collection":[{"href":"https:\/\/hairdeluxe.ee\/fi\/wp-json\/wp\/v2\/product"}],"about":[{"href":"https:\/\/hairdeluxe.ee\/fi\/wp-json\/wp\/v2\/types\/product"}],"wp:featuredmedia":[{"embeddable":true,"href":"https:\/\/hairdeluxe.ee\/fi\/wp-json\/wp\/v2\/media\/52276"}],"wp:attachment":[{"href":"https:\/\/hairdeluxe.ee\/fi\/wp-json\/wp\/v2\/media?parent=52210"}],"wp:term":[{"taxonomy":"product_brand","embeddable":true,"href":"https:\/\/hairdeluxe.ee\/fi\/wp-json\/wp\/v2\/product_brand?post=52210"},{"taxonomy":"product_cat","embeddable":true,"href":"https:\/\/hairdeluxe.ee\/fi\/wp-json\/wp\/v2\/product_cat?post=52210"},{"taxonomy":"product_tag","embeddable":true,"href":"https:\/\/hairdeluxe.ee\/fi\/wp-json\/wp\/v2\/product_tag?post=52210"}],"curies":[{"name":"wp","href":"https:\/\/api.w.org\/{rel}","templated":true}]}}