{"id":52231,"date":"2025-09-20T20:21:26","date_gmt":"2025-09-20T20:21:26","guid":{"rendered":"https:\/\/hairdeluxe.ee\/?post_type=product&#038;p=52231"},"modified":"2025-10-07T03:55:24","modified_gmt":"2025-10-07T03:55:24","slug":"balmain-hair-viie-erineva-juuksehoolduse-tootega-reisikomplekt-discovery-travel-set-5pcs-hair-products","status":"publish","type":"product","link":"https:\/\/hairdeluxe.ee\/fi\/product\/balmain-hair-viie-erineva-juuksehoolduse-tootega-reisikomplekt-discovery-travel-set-5pcs-hair-products\/","title":{"rendered":"BALMAIN HAIR viie erineva juuksehoolduse tootega reisikomplekt \/ Discovery Travel Set, 5pcs Hair Products"},"content":{"rendered":"<p>Argan Moisturizing Elixir 100ml<\/p>\n<p>A rejuvenating organic blend of oils and minerals created to hydrate and moisturize the hair. The Argan Moisturizing Elixir revives dry, damaged hair and brings back the natural shine with just a few drops.<\/p>\n<p>Texturizing Salt Spray 50ml<\/p>\n<p>Infused with sea salt, the spray enhances the natural movement and body of the hair, while maintaining hydration and leaving it soft. This salt spray will provide effortless waves and a refined texture.<\/p>\n<p>Leave-In Conditioning Spray 50ml<\/p>\n<p>A lightweight formula, crafted to detangle and nourish hair and scalp, while closing hair cuticles. With UV filters to protect from colour fading, Balmain Hair\u2019s Leave-In Conditioning Spray gives body and shine to the hair.<\/p>\n<p>Moisturizing Shampoo 50ml<\/p>\n<p>A deeply hydrating shampoo, designed to restore natural shine, softness, and elasticity, without weighing the hair down. The perfect balance of UV filters enhances colour retention and protects against sun damage.<\/p>\n<p>Moisturizing Conditioner 50ml<\/p>\n<p>A deeply nourishing conditioner designed to maintain healthy, hydrated hair. This rich formula enhances shine, softness, and smoothness, leaving the hair frizz-free and radiant, while UV filters offer protection against sun damage.<\/p>\n<p><strong>Ingredient:<\/p>\n<p><\/strong>Argan Moisturizing Elixir 100ml:<\/p>\n<p>Cyclopentasiloxane, Dimethiconol, Argania Spinoza Kernel Oil, Trimethylsiloxyphenyl Dimethicone, Silk Amino Acids, Ethylhexyl Methoxycinnamate, Perfume.<\/p>\n<p>Texturizing Salt Spray 50ml:<\/p>\n<p>Aqua, Alcohol Denat., Sorbitol, Polyacrylate-22, Sodium Chloride (Sea Salt), Silk Amino Acids, Panthenol, Glycerin, Ethylhexyl Methoxycinnamate, Parfum, CI 13015, CI 16255.<\/p>\n<p>Leave-In Conditioning Spray 50ml:<\/p>\n<p>Aqua, Glycerin, Argania Spinosa Kernel Extract, Silk Amino Acids, Panthenol, Niacinamide, Tocopheryl Acetate, Sodium Cocoyl Amino Acids, Potassium Dimethicone PEG-7 Panthenyl Phosphate, Amodimethicone, C11-15 Pareth-7, C12-16 Pareth-9, Trideceth-12, Butylene Glycol, PEG-40 Hydrogenated Castor Oil, Polysorbate 20, Ethylhexyl Methoxycinnamate, Cetrimonium Chloride, Phenoxyethanol, Ethylhexylglycerin, Parfum, Citric Acid.<\/p>\n<p>Moisturizing Shampoo 50ml:<\/p>\n<p>Aqua, Sodium Laureth Sulfate, Cocamidopropyl Hydroxysultaine, Disodium Cocoamphodiacetate, Decyl Glucoside, Glycerin, Glycol Distearate, Argania Spinosa Kernel Oil, Silk Amino Acids, Panthenol, Polyquaternium-53, Cocamidopropyl Betaine, Laureth-4, Dimethylpabamidopropyl Lauryldimonium Tosylate, Ethylhexyl Methoxycinnamate, Amodimethicone\/Morpholinomethyl Silsesquioxane Copolymer, Peg\/Ppg-15\/15 Dimethicone, Trideceth-5, Polyquaternium-10, Parfum, Xanthan Gum, Peg-18 Glyceryl Oleate\/Cocoate, Phenoxyethanol, Iodopropynyl Butylcarbamate, Lactic Acid.<\/p>\n<p>Moisturizing Conditioner 50ml:<\/p>\n<p>Aqua, Cetearyl Alcohol, Behentrimonium Chloride, Glycerin, Isopromethyl Silsesquioxane Copolymer, Stearamidopropyl Dimethylamine, Argania Spinosa Kernel Oil, Silk Amino Acids, Panthenol, Polyquaternium-53, Dimethylpabamidopropyl Lauryldimonium Tosylate, Ethylhexyl Methoxycinnamate, Polyquaternium-10, Trideceth-5, Parfum, Hydroxyethylcellulose, Phenoxyethanol, Ethylglycerin, Lactic Acid.<\/p>\n","protected":false},"excerpt":{"rendered":"<div>Muse de la F\u00eate juukseholdusmaailma avastuskomplekt on kaunilt valitud kollektsioon Balmain Hair k\u00f5ige olulisematest juuksehoolduse toodetest. Need tooted on reisimiseks sobivates suurustes. Komplekt sisaldab viit ikoonilist juuksehoolduse toodet, mis on loodud reisl olles juuste hooldamiseks ja stiliseerimiseks: niisutavat \u0161ampooni ja palsamit, palsamit, argaania\u00f5liga niisutavat eliksiiri ja tekstuuri andvat soolaspreid. Ideaalne kingituseks v\u00f5i komplekt neile, kes soovivad luksuslikku juuksehooldust kogeda k\u00f5ikjal.<\/div>\n<div><\/div>\n<div>Piiratud v\u00e4ljaande Muse de la F\u00eate avastuskomplekt on \u00fclim p\u00fchadekingitus. L\u00e4bim\u00f5eldud viis Balmain Hair oluliste toodete avastamiseks ja tutvustamiseks igas juuksehooldusrutiinis, nii kodus kui ka liikvel olles.<\/div>\n<p><strong>Komplekt sisaldab:<\/p>\n<p><\/strong><strong>&#8211; <\/strong><span style=\"color: #333333;\">Leave-in Conditioning Spray, 50ml<\/p>\n<p><\/span><span style=\"color: #333333;\">&#8211; Moisturizing Conditioner, 50ml<\/p>\n<p><\/span><span style=\"color: #333333;\">&#8211; Moisturizing Shampoo, 50ml<\/p>\n<p><\/span><span style=\"color: #333333;\">&#8211; Texturizing Salt Spray, 50ml<\/p>\n<p><\/span><span style=\"color: #333333;\">&#8211; Argan Moisturizing Elixir, 100ml<\/p>\n<p><\/span><span style=\"color: #333333;\">&#8211; Elegante kingituse karp<\/span><\/p>\n","protected":false},"featured_media":52704,"template":"","meta":[],"product_brand":[],"product_cat":[129,130,170,192],"product_tag":[],"class_list":{"0":"post-52231","1":"product","2":"type-product","3":"status-publish","4":"has-post-thumbnail","6":"product_cat-kingitused","7":"product_cat-kinkekomplektid","8":"product_cat-reisile","9":"product_cat-uued-tooted","11":"first","12":"instock","13":"taxable","14":"shipping-taxable","15":"purchasable","16":"product-type-simple","17":"add-to-wishlist-after_add_to_cart"},"yoast_head":"<!-- This site is optimized with the Yoast SEO plugin v27.5 - https:\/\/yoast.com\/product\/yoast-seo-wordpress\/ -->\n<title>BALMAIN HAIR viie erineva juuksehoolduse tootega reisikomplekt \/ Discovery Travel Set, 5pcs Hair Products - Hair Deluxe<\/title>\n<meta name=\"robots\" content=\"index, follow, max-snippet:-1, max-image-preview:large, max-video-preview:-1\" \/>\n<link rel=\"canonical\" href=\"https:\/\/hairdeluxe.ee\/fi\/product\/balmain-hair-viie-erineva-juuksehoolduse-tootega-reisikomplekt-discovery-travel-set-5pcs-hair-products\/\" \/>\n<meta property=\"og:locale\" content=\"fi_FI\" \/>\n<meta property=\"og:type\" content=\"article\" \/>\n<meta property=\"og:title\" content=\"BALMAIN HAIR viie erineva juuksehoolduse tootega reisikomplekt \/ Discovery Travel Set, 5pcs Hair Products - Hair Deluxe\" \/>\n<meta property=\"og:description\" content=\"Muse de la F\u00eate juukseholdusmaailma avastuskomplekt on kaunilt valitud kollektsioon Balmain Hair k\u00f5ige olulisematest juuksehoolduse toodetest. Need tooted on reisimiseks sobivates suurustes. Komplekt sisaldab viit ikoonilist juuksehoolduse toodet, mis on loodud reisl olles juuste hooldamiseks ja stiliseerimiseks: niisutavat \u0161ampooni ja palsamit, palsamit, argaania\u00f5liga niisutavat eliksiiri ja tekstuuri andvat soolaspreid. Ideaalne kingituseks v\u00f5i komplekt neile, kes soovivad luksuslikku juuksehooldust kogeda k\u00f5ikjal.  Piiratud v\u00e4ljaande Muse de la F\u00eate avastuskomplekt on \u00fclim p\u00fchadekingitus. L\u00e4bim\u00f5eldud viis Balmain Hair oluliste toodete avastamiseks ja tutvustamiseks igas juuksehooldusrutiinis, nii kodus kui ka liikvel olles. Komplekt sisaldab: - Leave-in Conditioning Spray, 50ml - Moisturizing Conditioner, 50ml - Moisturizing Shampoo, 50ml - Texturizing Salt Spray, 50ml - Argan Moisturizing Elixir, 100ml - Elegante kingituse karp\" \/>\n<meta property=\"og:url\" content=\"https:\/\/hairdeluxe.ee\/fi\/product\/balmain-hair-viie-erineva-juuksehoolduse-tootega-reisikomplekt-discovery-travel-set-5pcs-hair-products\/\" \/>\n<meta property=\"og:site_name\" content=\"Hair Deluxe\" \/>\n<meta property=\"article:publisher\" content=\"https:\/\/www.facebook.com\/blowbartallinn\" \/>\n<meta property=\"article:modified_time\" content=\"2025-10-07T03:55:24+00:00\" \/>\n<meta property=\"og:image\" content=\"https:\/\/hairdeluxe.ee\/wp-content\/uploads\/2025\/09\/balmainhair_carestyling_discoveryset_le_cs_s_c_s_discovery_set_c4_25_01_800x800.jpg\" \/>\n\t<meta property=\"og:image:width\" content=\"800\" \/>\n\t<meta property=\"og:image:height\" content=\"800\" \/>\n\t<meta property=\"og:image:type\" content=\"image\/jpeg\" \/>\n<meta name=\"twitter:card\" content=\"summary_large_image\" \/>\n<meta name=\"twitter:label1\" content=\"Arvioitu lukuaika\" \/>\n\t<meta name=\"twitter:data1\" content=\"2 minuuttia\" \/>\n<script type=\"application\/ld+json\" class=\"yoast-schema-graph\">{\"@context\":\"https:\\\/\\\/schema.org\",\"@graph\":[{\"@type\":\"WebPage\",\"@id\":\"https:\\\/\\\/hairdeluxe.ee\\\/fi\\\/product\\\/balmain-hair-viie-erineva-juuksehoolduse-tootega-reisikomplekt-discovery-travel-set-5pcs-hair-products\\\/\",\"url\":\"https:\\\/\\\/hairdeluxe.ee\\\/fi\\\/product\\\/balmain-hair-viie-erineva-juuksehoolduse-tootega-reisikomplekt-discovery-travel-set-5pcs-hair-products\\\/\",\"name\":\"BALMAIN HAIR viie erineva juuksehoolduse tootega reisikomplekt \\\/ Discovery Travel Set, 5pcs Hair Products - Hair Deluxe\",\"isPartOf\":{\"@id\":\"https:\\\/\\\/hairdeluxe.ee\\\/fi\\\/#website\"},\"primaryImageOfPage\":{\"@id\":\"https:\\\/\\\/hairdeluxe.ee\\\/fi\\\/product\\\/balmain-hair-viie-erineva-juuksehoolduse-tootega-reisikomplekt-discovery-travel-set-5pcs-hair-products\\\/#primaryimage\"},\"image\":{\"@id\":\"https:\\\/\\\/hairdeluxe.ee\\\/fi\\\/product\\\/balmain-hair-viie-erineva-juuksehoolduse-tootega-reisikomplekt-discovery-travel-set-5pcs-hair-products\\\/#primaryimage\"},\"thumbnailUrl\":\"https:\\\/\\\/hairdeluxe.ee\\\/wp-content\\\/uploads\\\/2025\\\/09\\\/balmainhair_carestyling_discoveryset_le_cs_s_c_s_discovery_set_c4_25_01_800x800.jpg\",\"datePublished\":\"2025-09-20T20:21:26+00:00\",\"dateModified\":\"2025-10-07T03:55:24+00:00\",\"breadcrumb\":{\"@id\":\"https:\\\/\\\/hairdeluxe.ee\\\/fi\\\/product\\\/balmain-hair-viie-erineva-juuksehoolduse-tootega-reisikomplekt-discovery-travel-set-5pcs-hair-products\\\/#breadcrumb\"},\"inLanguage\":\"fi\",\"potentialAction\":[{\"@type\":\"ReadAction\",\"target\":[\"https:\\\/\\\/hairdeluxe.ee\\\/fi\\\/product\\\/balmain-hair-viie-erineva-juuksehoolduse-tootega-reisikomplekt-discovery-travel-set-5pcs-hair-products\\\/\"]}]},{\"@type\":\"ImageObject\",\"inLanguage\":\"fi\",\"@id\":\"https:\\\/\\\/hairdeluxe.ee\\\/fi\\\/product\\\/balmain-hair-viie-erineva-juuksehoolduse-tootega-reisikomplekt-discovery-travel-set-5pcs-hair-products\\\/#primaryimage\",\"url\":\"https:\\\/\\\/hairdeluxe.ee\\\/wp-content\\\/uploads\\\/2025\\\/09\\\/balmainhair_carestyling_discoveryset_le_cs_s_c_s_discovery_set_c4_25_01_800x800.jpg\",\"contentUrl\":\"https:\\\/\\\/hairdeluxe.ee\\\/wp-content\\\/uploads\\\/2025\\\/09\\\/balmainhair_carestyling_discoveryset_le_cs_s_c_s_discovery_set_c4_25_01_800x800.jpg\",\"width\":800,\"height\":800},{\"@type\":\"BreadcrumbList\",\"@id\":\"https:\\\/\\\/hairdeluxe.ee\\\/fi\\\/product\\\/balmain-hair-viie-erineva-juuksehoolduse-tootega-reisikomplekt-discovery-travel-set-5pcs-hair-products\\\/#breadcrumb\",\"itemListElement\":[{\"@type\":\"ListItem\",\"position\":1,\"name\":\"Home\",\"item\":\"https:\\\/\\\/hairdeluxe.ee\\\/fi\\\/\"},{\"@type\":\"ListItem\",\"position\":2,\"name\":\"Kauppa\",\"item\":\"https:\\\/\\\/hairdeluxe.ee\\\/fi\\\/shop\\\/\"},{\"@type\":\"ListItem\",\"position\":3,\"name\":\"BALMAIN HAIR viie erineva juuksehoolduse tootega reisikomplekt \\\/ Discovery Travel Set, 5pcs Hair Products\"}]},{\"@type\":\"WebSite\",\"@id\":\"https:\\\/\\\/hairdeluxe.ee\\\/fi\\\/#website\",\"url\":\"https:\\\/\\\/hairdeluxe.ee\\\/fi\\\/\",\"name\":\"Hair Deluxe\",\"description\":\"Highlight your natural beauty\",\"publisher\":{\"@id\":\"https:\\\/\\\/hairdeluxe.ee\\\/fi\\\/#organization\"},\"potentialAction\":[{\"@type\":\"SearchAction\",\"target\":{\"@type\":\"EntryPoint\",\"urlTemplate\":\"https:\\\/\\\/hairdeluxe.ee\\\/fi\\\/?s={search_term_string}\"},\"query-input\":{\"@type\":\"PropertyValueSpecification\",\"valueRequired\":true,\"valueName\":\"search_term_string\"}}],\"inLanguage\":\"fi\"},{\"@type\":\"Organization\",\"@id\":\"https:\\\/\\\/hairdeluxe.ee\\\/fi\\\/#organization\",\"name\":\"Hair Deluxe\",\"url\":\"https:\\\/\\\/hairdeluxe.ee\\\/fi\\\/\",\"logo\":{\"@type\":\"ImageObject\",\"inLanguage\":\"fi\",\"@id\":\"https:\\\/\\\/hairdeluxe.ee\\\/fi\\\/#\\\/schema\\\/logo\\\/image\\\/\",\"url\":\"https:\\\/\\\/hairdeluxe.ee\\\/wp-content\\\/uploads\\\/2024\\\/06\\\/Hair-Deluxe-Logo-Dark-font.png\",\"contentUrl\":\"https:\\\/\\\/hairdeluxe.ee\\\/wp-content\\\/uploads\\\/2024\\\/06\\\/Hair-Deluxe-Logo-Dark-font.png\",\"width\":467,\"height\":177,\"caption\":\"Hair Deluxe\"},\"image\":{\"@id\":\"https:\\\/\\\/hairdeluxe.ee\\\/fi\\\/#\\\/schema\\\/logo\\\/image\\\/\"},\"sameAs\":[\"https:\\\/\\\/www.facebook.com\\\/blowbartallinn\",\"https:\\\/\\\/www.instagram.com\\\/blowbar_tallinn\"]}]}<\/script>\n<!-- \/ Yoast SEO plugin. -->","yoast_head_json":{"title":"BALMAIN HAIR viie erineva juuksehoolduse tootega reisikomplekt \/ Discovery Travel Set, 5pcs Hair Products - Hair Deluxe","robots":{"index":"index","follow":"follow","max-snippet":"max-snippet:-1","max-image-preview":"max-image-preview:large","max-video-preview":"max-video-preview:-1"},"canonical":"https:\/\/hairdeluxe.ee\/fi\/product\/balmain-hair-viie-erineva-juuksehoolduse-tootega-reisikomplekt-discovery-travel-set-5pcs-hair-products\/","og_locale":"fi_FI","og_type":"article","og_title":"BALMAIN HAIR viie erineva juuksehoolduse tootega reisikomplekt \/ Discovery Travel Set, 5pcs Hair Products - Hair Deluxe","og_description":"Muse de la F\u00eate juukseholdusmaailma avastuskomplekt on kaunilt valitud kollektsioon Balmain Hair k\u00f5ige olulisematest juuksehoolduse toodetest. Need tooted on reisimiseks sobivates suurustes. Komplekt sisaldab viit ikoonilist juuksehoolduse toodet, mis on loodud reisl olles juuste hooldamiseks ja stiliseerimiseks: niisutavat \u0161ampooni ja palsamit, palsamit, argaania\u00f5liga niisutavat eliksiiri ja tekstuuri andvat soolaspreid. Ideaalne kingituseks v\u00f5i komplekt neile, kes soovivad luksuslikku juuksehooldust kogeda k\u00f5ikjal.  Piiratud v\u00e4ljaande Muse de la F\u00eate avastuskomplekt on \u00fclim p\u00fchadekingitus. L\u00e4bim\u00f5eldud viis Balmain Hair oluliste toodete avastamiseks ja tutvustamiseks igas juuksehooldusrutiinis, nii kodus kui ka liikvel olles. Komplekt sisaldab: - Leave-in Conditioning Spray, 50ml - Moisturizing Conditioner, 50ml - Moisturizing Shampoo, 50ml - Texturizing Salt Spray, 50ml - Argan Moisturizing Elixir, 100ml - Elegante kingituse karp","og_url":"https:\/\/hairdeluxe.ee\/fi\/product\/balmain-hair-viie-erineva-juuksehoolduse-tootega-reisikomplekt-discovery-travel-set-5pcs-hair-products\/","og_site_name":"Hair Deluxe","article_publisher":"https:\/\/www.facebook.com\/blowbartallinn","article_modified_time":"2025-10-07T03:55:24+00:00","og_image":[{"width":800,"height":800,"url":"https:\/\/hairdeluxe.ee\/wp-content\/uploads\/2025\/09\/balmainhair_carestyling_discoveryset_le_cs_s_c_s_discovery_set_c4_25_01_800x800.jpg","type":"image\/jpeg"}],"twitter_card":"summary_large_image","twitter_misc":{"Arvioitu lukuaika":"2 minuuttia"},"schema":{"@context":"https:\/\/schema.org","@graph":[{"@type":"WebPage","@id":"https:\/\/hairdeluxe.ee\/fi\/product\/balmain-hair-viie-erineva-juuksehoolduse-tootega-reisikomplekt-discovery-travel-set-5pcs-hair-products\/","url":"https:\/\/hairdeluxe.ee\/fi\/product\/balmain-hair-viie-erineva-juuksehoolduse-tootega-reisikomplekt-discovery-travel-set-5pcs-hair-products\/","name":"BALMAIN HAIR viie erineva juuksehoolduse tootega reisikomplekt \/ Discovery Travel Set, 5pcs Hair Products - Hair Deluxe","isPartOf":{"@id":"https:\/\/hairdeluxe.ee\/fi\/#website"},"primaryImageOfPage":{"@id":"https:\/\/hairdeluxe.ee\/fi\/product\/balmain-hair-viie-erineva-juuksehoolduse-tootega-reisikomplekt-discovery-travel-set-5pcs-hair-products\/#primaryimage"},"image":{"@id":"https:\/\/hairdeluxe.ee\/fi\/product\/balmain-hair-viie-erineva-juuksehoolduse-tootega-reisikomplekt-discovery-travel-set-5pcs-hair-products\/#primaryimage"},"thumbnailUrl":"https:\/\/hairdeluxe.ee\/wp-content\/uploads\/2025\/09\/balmainhair_carestyling_discoveryset_le_cs_s_c_s_discovery_set_c4_25_01_800x800.jpg","datePublished":"2025-09-20T20:21:26+00:00","dateModified":"2025-10-07T03:55:24+00:00","breadcrumb":{"@id":"https:\/\/hairdeluxe.ee\/fi\/product\/balmain-hair-viie-erineva-juuksehoolduse-tootega-reisikomplekt-discovery-travel-set-5pcs-hair-products\/#breadcrumb"},"inLanguage":"fi","potentialAction":[{"@type":"ReadAction","target":["https:\/\/hairdeluxe.ee\/fi\/product\/balmain-hair-viie-erineva-juuksehoolduse-tootega-reisikomplekt-discovery-travel-set-5pcs-hair-products\/"]}]},{"@type":"ImageObject","inLanguage":"fi","@id":"https:\/\/hairdeluxe.ee\/fi\/product\/balmain-hair-viie-erineva-juuksehoolduse-tootega-reisikomplekt-discovery-travel-set-5pcs-hair-products\/#primaryimage","url":"https:\/\/hairdeluxe.ee\/wp-content\/uploads\/2025\/09\/balmainhair_carestyling_discoveryset_le_cs_s_c_s_discovery_set_c4_25_01_800x800.jpg","contentUrl":"https:\/\/hairdeluxe.ee\/wp-content\/uploads\/2025\/09\/balmainhair_carestyling_discoveryset_le_cs_s_c_s_discovery_set_c4_25_01_800x800.jpg","width":800,"height":800},{"@type":"BreadcrumbList","@id":"https:\/\/hairdeluxe.ee\/fi\/product\/balmain-hair-viie-erineva-juuksehoolduse-tootega-reisikomplekt-discovery-travel-set-5pcs-hair-products\/#breadcrumb","itemListElement":[{"@type":"ListItem","position":1,"name":"Home","item":"https:\/\/hairdeluxe.ee\/fi\/"},{"@type":"ListItem","position":2,"name":"Kauppa","item":"https:\/\/hairdeluxe.ee\/fi\/shop\/"},{"@type":"ListItem","position":3,"name":"BALMAIN HAIR viie erineva juuksehoolduse tootega reisikomplekt \/ Discovery Travel Set, 5pcs Hair Products"}]},{"@type":"WebSite","@id":"https:\/\/hairdeluxe.ee\/fi\/#website","url":"https:\/\/hairdeluxe.ee\/fi\/","name":"Hair Deluxe","description":"Highlight your natural beauty","publisher":{"@id":"https:\/\/hairdeluxe.ee\/fi\/#organization"},"potentialAction":[{"@type":"SearchAction","target":{"@type":"EntryPoint","urlTemplate":"https:\/\/hairdeluxe.ee\/fi\/?s={search_term_string}"},"query-input":{"@type":"PropertyValueSpecification","valueRequired":true,"valueName":"search_term_string"}}],"inLanguage":"fi"},{"@type":"Organization","@id":"https:\/\/hairdeluxe.ee\/fi\/#organization","name":"Hair Deluxe","url":"https:\/\/hairdeluxe.ee\/fi\/","logo":{"@type":"ImageObject","inLanguage":"fi","@id":"https:\/\/hairdeluxe.ee\/fi\/#\/schema\/logo\/image\/","url":"https:\/\/hairdeluxe.ee\/wp-content\/uploads\/2024\/06\/Hair-Deluxe-Logo-Dark-font.png","contentUrl":"https:\/\/hairdeluxe.ee\/wp-content\/uploads\/2024\/06\/Hair-Deluxe-Logo-Dark-font.png","width":467,"height":177,"caption":"Hair Deluxe"},"image":{"@id":"https:\/\/hairdeluxe.ee\/fi\/#\/schema\/logo\/image\/"},"sameAs":["https:\/\/www.facebook.com\/blowbartallinn","https:\/\/www.instagram.com\/blowbar_tallinn"]}]}},"_links":{"self":[{"href":"https:\/\/hairdeluxe.ee\/fi\/wp-json\/wp\/v2\/product\/52231","targetHints":{"allow":["GET"]}}],"collection":[{"href":"https:\/\/hairdeluxe.ee\/fi\/wp-json\/wp\/v2\/product"}],"about":[{"href":"https:\/\/hairdeluxe.ee\/fi\/wp-json\/wp\/v2\/types\/product"}],"wp:featuredmedia":[{"embeddable":true,"href":"https:\/\/hairdeluxe.ee\/fi\/wp-json\/wp\/v2\/media\/52704"}],"wp:attachment":[{"href":"https:\/\/hairdeluxe.ee\/fi\/wp-json\/wp\/v2\/media?parent=52231"}],"wp:term":[{"taxonomy":"product_brand","embeddable":true,"href":"https:\/\/hairdeluxe.ee\/fi\/wp-json\/wp\/v2\/product_brand?post=52231"},{"taxonomy":"product_cat","embeddable":true,"href":"https:\/\/hairdeluxe.ee\/fi\/wp-json\/wp\/v2\/product_cat?post=52231"},{"taxonomy":"product_tag","embeddable":true,"href":"https:\/\/hairdeluxe.ee\/fi\/wp-json\/wp\/v2\/product_tag?post=52231"}],"curies":[{"name":"wp","href":"https:\/\/api.w.org\/{rel}","templated":true}]}}