{"id":52306,"date":"2025-09-20T20:22:03","date_gmt":"2025-09-20T20:22:03","guid":{"rendered":"https:\/\/hairdeluxe.ee\/?post_type=product&#038;p=52306"},"modified":"2025-10-07T21:06:45","modified_gmt":"2025-10-07T21:06:45","slug":"balmain-hair-18k-kullaga-juuksenoelte-komplekt-professional-18k-gold-pin-set","status":"publish","type":"product","link":"https:\/\/hairdeluxe.ee\/fi\/product\/balmain-hair-18k-kullaga-juuksenoelte-komplekt-professional-18k-gold-pin-set\/","title":{"rendered":"BALMAIN HAIR 18K kullaga juuksen\u00f5elte komplekt \/ Professional 18K Gold Pin Set"},"content":{"rendered":"","protected":false},"excerpt":{"rendered":"<div>Piiratud v\u00e4ljaande kuldne juuksen\u00f5elte komplekt sisaldab kolme \u00f6isest taevast inspireeritud 18-karaadise kullatud juuksen\u00f5ela, mis on kaunistatud \u00f5rnade kristallide ja Balmain signatuur B-t\u00e4hega.<\/p>\n<p>Ideaalsed juuste ja soengu kaunistajad, luues peene s\u00e4ra ning elegantsi lisamiseks igale soengule v\u00f5i \u00fclespandud soengule.<\/p><\/div>\n<div><\/div>\n<div>See toode on osa Cosmic Sapphire kollektsioonist, mis on rafineeritud valik esmaklassilisi juukseaksessuaare, mis on loodud erakordse t\u00e4helepanuga detailidele.<\/div>\n<div>Iga disain \u00fchendab kvaliteetsed materjalid p\u00fcsiva mugavuse ja stiiliga.<\/p>\n<p>S\u00fcgavad safiiritoonid on inspireeritud kosmosest ja sobivad igale juukset\u00fc\u00fcbile ja v\u00e4rvile, pakkudes mitmek\u00fclgsust nii erilistel puhkudel kui ka igap\u00e4evaseks elegantsiks.<\/p><\/div>\n<div><\/div>\n<div>See ainulaadne ja piiratud v\u00e4ljaande kuldne juuksen\u00f5elte komplekt sisaldab kolme taevast inspireeritud kujundust \u2013 poolkuu, t\u00e4hekujuline kuu ja klassikaline t\u00e4ht \u2013, mis k\u00f5ik on valmistatud 18-karaadise kullatud metallist ning kaunistatud \u00f5rnade kristallide ja Balmaini signatuurt\u00e4hega \u201eB\u201c.<\/p>\n<p>Need juuksen\u00f5elad sobivad ideaalselt nii komplektis kandmiseks kui ka \u00fcksi soengule aksendi loomiseks, lisades igale \u00fclespandud soengule peent s\u00e4ra ja elegantsi.<\/p><\/div>\n<div><\/div>\n<div>M\u00f5\u00f5tmed: Pikkus: 1,00 cm \/ Laius: 0,30 cm \/ K\u00f5rgus: 9,00 cm<\/div>\n","protected":false},"featured_media":52781,"template":"","meta":[],"product_brand":[464],"product_cat":[96,266,206,129,192],"product_tag":[],"class_list":{"0":"post-52306","1":"product","2":"type-product","3":"status-publish","4":"has-post-thumbnail","6":"product_brand-balmain-hair","7":"product_cat-aksessuaarid","8":"product_cat-balmain-hair","9":"product_cat-erikollektsioonid","10":"product_cat-kingitused","11":"product_cat-uued-tooted","13":"first","14":"instock","15":"taxable","16":"shipping-taxable","17":"purchasable","18":"product-type-simple","19":"add-to-wishlist-after_add_to_cart"},"yoast_head":"<!-- This site is optimized with the Yoast SEO plugin v27.5 - https:\/\/yoast.com\/product\/yoast-seo-wordpress\/ -->\n<title>BALMAIN HAIR 18K kullaga juuksen\u00f5elte komplekt \/ Professional 18K Gold Pin Set - Hair Deluxe<\/title>\n<meta name=\"robots\" content=\"index, follow, max-snippet:-1, max-image-preview:large, max-video-preview:-1\" \/>\n<link rel=\"canonical\" href=\"https:\/\/hairdeluxe.ee\/fi\/product\/balmain-hair-18k-kullaga-juuksenoelte-komplekt-professional-18k-gold-pin-set\/\" \/>\n<meta property=\"og:locale\" content=\"fi_FI\" \/>\n<meta property=\"og:type\" content=\"article\" \/>\n<meta property=\"og:title\" content=\"BALMAIN HAIR 18K kullaga juuksen\u00f5elte komplekt \/ Professional 18K Gold Pin Set - Hair Deluxe\" \/>\n<meta property=\"og:description\" content=\"Piiratud v\u00e4ljaande kuldne juuksen\u00f5elte komplekt sisaldab kolme \u00f6isest taevast inspireeritud 18-karaadise kullatud juuksen\u00f5ela, mis on kaunistatud \u00f5rnade kristallide ja Balmain signatuur B-t\u00e4hega. Ideaalsed juuste ja soengu kaunistajad, luues peene s\u00e4ra ning elegantsi lisamiseks igale soengule v\u00f5i \u00fclespandud soengule.  See toode on osa Cosmic Sapphire kollektsioonist, mis on rafineeritud valik esmaklassilisi juukseaksessuaare, mis on loodud erakordse t\u00e4helepanuga detailidele. Iga disain \u00fchendab kvaliteetsed materjalid p\u00fcsiva mugavuse ja stiiliga. S\u00fcgavad safiiritoonid on inspireeritud kosmosest ja sobivad igale juukset\u00fc\u00fcbile ja v\u00e4rvile, pakkudes mitmek\u00fclgsust nii erilistel puhkudel kui ka igap\u00e4evaseks elegantsiks.  See ainulaadne ja piiratud v\u00e4ljaande kuldne juuksen\u00f5elte komplekt sisaldab kolme taevast inspireeritud kujundust \u2013 poolkuu, t\u00e4hekujuline kuu ja klassikaline t\u00e4ht \u2013, mis k\u00f5ik on valmistatud 18-karaadise kullatud metallist ning kaunistatud \u00f5rnade kristallide ja Balmaini signatuurt\u00e4hega \u201eB\u201c. Need juuksen\u00f5elad sobivad ideaalselt nii komplektis kandmiseks kui ka \u00fcksi soengule aksendi loomiseks, lisades igale \u00fclespandud soengule peent s\u00e4ra ja elegantsi.  M\u00f5\u00f5tmed: Pikkus: 1,00 cm \/ Laius: 0,30 cm \/ K\u00f5rgus: 9,00 cm\" \/>\n<meta property=\"og:url\" content=\"https:\/\/hairdeluxe.ee\/fi\/product\/balmain-hair-18k-kullaga-juuksenoelte-komplekt-professional-18k-gold-pin-set\/\" \/>\n<meta property=\"og:site_name\" content=\"Hair Deluxe\" \/>\n<meta property=\"article:publisher\" content=\"https:\/\/www.facebook.com\/blowbartallinn\" \/>\n<meta property=\"article:modified_time\" content=\"2025-10-07T21:06:45+00:00\" \/>\n<meta property=\"og:image\" content=\"https:\/\/hairdeluxe.ee\/wp-content\/uploads\/2025\/09\/balmainhair_accessories_limitededition_pin_set_gold_le_hj_gp_pin_set_c4_25_mood_01_800x800-1.jpg\" \/>\n\t<meta property=\"og:image:width\" content=\"800\" \/>\n\t<meta property=\"og:image:height\" content=\"800\" \/>\n\t<meta property=\"og:image:type\" content=\"image\/jpeg\" \/>\n<meta name=\"twitter:card\" content=\"summary_large_image\" \/>\n<script type=\"application\/ld+json\" class=\"yoast-schema-graph\">{\"@context\":\"https:\\\/\\\/schema.org\",\"@graph\":[{\"@type\":\"WebPage\",\"@id\":\"https:\\\/\\\/hairdeluxe.ee\\\/fi\\\/product\\\/balmain-hair-18k-kullaga-juuksenoelte-komplekt-professional-18k-gold-pin-set\\\/\",\"url\":\"https:\\\/\\\/hairdeluxe.ee\\\/fi\\\/product\\\/balmain-hair-18k-kullaga-juuksenoelte-komplekt-professional-18k-gold-pin-set\\\/\",\"name\":\"BALMAIN HAIR 18K kullaga juuksen\u00f5elte komplekt \\\/ Professional 18K Gold Pin Set - Hair Deluxe\",\"isPartOf\":{\"@id\":\"https:\\\/\\\/hairdeluxe.ee\\\/fi\\\/#website\"},\"primaryImageOfPage\":{\"@id\":\"https:\\\/\\\/hairdeluxe.ee\\\/fi\\\/product\\\/balmain-hair-18k-kullaga-juuksenoelte-komplekt-professional-18k-gold-pin-set\\\/#primaryimage\"},\"image\":{\"@id\":\"https:\\\/\\\/hairdeluxe.ee\\\/fi\\\/product\\\/balmain-hair-18k-kullaga-juuksenoelte-komplekt-professional-18k-gold-pin-set\\\/#primaryimage\"},\"thumbnailUrl\":\"https:\\\/\\\/hairdeluxe.ee\\\/wp-content\\\/uploads\\\/2025\\\/09\\\/balmainhair_accessories_limitededition_pin_set_gold_le_hj_gp_pin_set_c4_25_mood_01_800x800-1.jpg\",\"datePublished\":\"2025-09-20T20:22:03+00:00\",\"dateModified\":\"2025-10-07T21:06:45+00:00\",\"breadcrumb\":{\"@id\":\"https:\\\/\\\/hairdeluxe.ee\\\/fi\\\/product\\\/balmain-hair-18k-kullaga-juuksenoelte-komplekt-professional-18k-gold-pin-set\\\/#breadcrumb\"},\"inLanguage\":\"fi\",\"potentialAction\":[{\"@type\":\"ReadAction\",\"target\":[\"https:\\\/\\\/hairdeluxe.ee\\\/fi\\\/product\\\/balmain-hair-18k-kullaga-juuksenoelte-komplekt-professional-18k-gold-pin-set\\\/\"]}]},{\"@type\":\"ImageObject\",\"inLanguage\":\"fi\",\"@id\":\"https:\\\/\\\/hairdeluxe.ee\\\/fi\\\/product\\\/balmain-hair-18k-kullaga-juuksenoelte-komplekt-professional-18k-gold-pin-set\\\/#primaryimage\",\"url\":\"https:\\\/\\\/hairdeluxe.ee\\\/wp-content\\\/uploads\\\/2025\\\/09\\\/balmainhair_accessories_limitededition_pin_set_gold_le_hj_gp_pin_set_c4_25_mood_01_800x800-1.jpg\",\"contentUrl\":\"https:\\\/\\\/hairdeluxe.ee\\\/wp-content\\\/uploads\\\/2025\\\/09\\\/balmainhair_accessories_limitededition_pin_set_gold_le_hj_gp_pin_set_c4_25_mood_01_800x800-1.jpg\",\"width\":800,\"height\":800},{\"@type\":\"BreadcrumbList\",\"@id\":\"https:\\\/\\\/hairdeluxe.ee\\\/fi\\\/product\\\/balmain-hair-18k-kullaga-juuksenoelte-komplekt-professional-18k-gold-pin-set\\\/#breadcrumb\",\"itemListElement\":[{\"@type\":\"ListItem\",\"position\":1,\"name\":\"Home\",\"item\":\"https:\\\/\\\/hairdeluxe.ee\\\/fi\\\/\"},{\"@type\":\"ListItem\",\"position\":2,\"name\":\"Kauppa\",\"item\":\"https:\\\/\\\/hairdeluxe.ee\\\/fi\\\/shop\\\/\"},{\"@type\":\"ListItem\",\"position\":3,\"name\":\"BALMAIN HAIR 18K kullaga juuksen\u00f5elte komplekt \\\/ Professional 18K Gold Pin Set\"}]},{\"@type\":\"WebSite\",\"@id\":\"https:\\\/\\\/hairdeluxe.ee\\\/fi\\\/#website\",\"url\":\"https:\\\/\\\/hairdeluxe.ee\\\/fi\\\/\",\"name\":\"Hair Deluxe\",\"description\":\"Highlight your natural beauty\",\"publisher\":{\"@id\":\"https:\\\/\\\/hairdeluxe.ee\\\/fi\\\/#organization\"},\"potentialAction\":[{\"@type\":\"SearchAction\",\"target\":{\"@type\":\"EntryPoint\",\"urlTemplate\":\"https:\\\/\\\/hairdeluxe.ee\\\/fi\\\/?s={search_term_string}\"},\"query-input\":{\"@type\":\"PropertyValueSpecification\",\"valueRequired\":true,\"valueName\":\"search_term_string\"}}],\"inLanguage\":\"fi\"},{\"@type\":\"Organization\",\"@id\":\"https:\\\/\\\/hairdeluxe.ee\\\/fi\\\/#organization\",\"name\":\"Hair Deluxe\",\"url\":\"https:\\\/\\\/hairdeluxe.ee\\\/fi\\\/\",\"logo\":{\"@type\":\"ImageObject\",\"inLanguage\":\"fi\",\"@id\":\"https:\\\/\\\/hairdeluxe.ee\\\/fi\\\/#\\\/schema\\\/logo\\\/image\\\/\",\"url\":\"https:\\\/\\\/hairdeluxe.ee\\\/wp-content\\\/uploads\\\/2024\\\/06\\\/Hair-Deluxe-Logo-Dark-font.png\",\"contentUrl\":\"https:\\\/\\\/hairdeluxe.ee\\\/wp-content\\\/uploads\\\/2024\\\/06\\\/Hair-Deluxe-Logo-Dark-font.png\",\"width\":467,\"height\":177,\"caption\":\"Hair Deluxe\"},\"image\":{\"@id\":\"https:\\\/\\\/hairdeluxe.ee\\\/fi\\\/#\\\/schema\\\/logo\\\/image\\\/\"},\"sameAs\":[\"https:\\\/\\\/www.facebook.com\\\/blowbartallinn\",\"https:\\\/\\\/www.instagram.com\\\/blowbar_tallinn\"]}]}<\/script>\n<!-- \/ Yoast SEO plugin. -->","yoast_head_json":{"title":"BALMAIN HAIR 18K kullaga juuksen\u00f5elte komplekt \/ Professional 18K Gold Pin Set - Hair Deluxe","robots":{"index":"index","follow":"follow","max-snippet":"max-snippet:-1","max-image-preview":"max-image-preview:large","max-video-preview":"max-video-preview:-1"},"canonical":"https:\/\/hairdeluxe.ee\/fi\/product\/balmain-hair-18k-kullaga-juuksenoelte-komplekt-professional-18k-gold-pin-set\/","og_locale":"fi_FI","og_type":"article","og_title":"BALMAIN HAIR 18K kullaga juuksen\u00f5elte komplekt \/ Professional 18K Gold Pin Set - Hair Deluxe","og_description":"Piiratud v\u00e4ljaande kuldne juuksen\u00f5elte komplekt sisaldab kolme \u00f6isest taevast inspireeritud 18-karaadise kullatud juuksen\u00f5ela, mis on kaunistatud \u00f5rnade kristallide ja Balmain signatuur B-t\u00e4hega. Ideaalsed juuste ja soengu kaunistajad, luues peene s\u00e4ra ning elegantsi lisamiseks igale soengule v\u00f5i \u00fclespandud soengule.  See toode on osa Cosmic Sapphire kollektsioonist, mis on rafineeritud valik esmaklassilisi juukseaksessuaare, mis on loodud erakordse t\u00e4helepanuga detailidele. Iga disain \u00fchendab kvaliteetsed materjalid p\u00fcsiva mugavuse ja stiiliga. S\u00fcgavad safiiritoonid on inspireeritud kosmosest ja sobivad igale juukset\u00fc\u00fcbile ja v\u00e4rvile, pakkudes mitmek\u00fclgsust nii erilistel puhkudel kui ka igap\u00e4evaseks elegantsiks.  See ainulaadne ja piiratud v\u00e4ljaande kuldne juuksen\u00f5elte komplekt sisaldab kolme taevast inspireeritud kujundust \u2013 poolkuu, t\u00e4hekujuline kuu ja klassikaline t\u00e4ht \u2013, mis k\u00f5ik on valmistatud 18-karaadise kullatud metallist ning kaunistatud \u00f5rnade kristallide ja Balmaini signatuurt\u00e4hega \u201eB\u201c. Need juuksen\u00f5elad sobivad ideaalselt nii komplektis kandmiseks kui ka \u00fcksi soengule aksendi loomiseks, lisades igale \u00fclespandud soengule peent s\u00e4ra ja elegantsi.  M\u00f5\u00f5tmed: Pikkus: 1,00 cm \/ Laius: 0,30 cm \/ K\u00f5rgus: 9,00 cm","og_url":"https:\/\/hairdeluxe.ee\/fi\/product\/balmain-hair-18k-kullaga-juuksenoelte-komplekt-professional-18k-gold-pin-set\/","og_site_name":"Hair Deluxe","article_publisher":"https:\/\/www.facebook.com\/blowbartallinn","article_modified_time":"2025-10-07T21:06:45+00:00","og_image":[{"width":800,"height":800,"url":"https:\/\/hairdeluxe.ee\/wp-content\/uploads\/2025\/09\/balmainhair_accessories_limitededition_pin_set_gold_le_hj_gp_pin_set_c4_25_mood_01_800x800-1.jpg","type":"image\/jpeg"}],"twitter_card":"summary_large_image","schema":{"@context":"https:\/\/schema.org","@graph":[{"@type":"WebPage","@id":"https:\/\/hairdeluxe.ee\/fi\/product\/balmain-hair-18k-kullaga-juuksenoelte-komplekt-professional-18k-gold-pin-set\/","url":"https:\/\/hairdeluxe.ee\/fi\/product\/balmain-hair-18k-kullaga-juuksenoelte-komplekt-professional-18k-gold-pin-set\/","name":"BALMAIN HAIR 18K kullaga juuksen\u00f5elte komplekt \/ Professional 18K Gold Pin Set - Hair Deluxe","isPartOf":{"@id":"https:\/\/hairdeluxe.ee\/fi\/#website"},"primaryImageOfPage":{"@id":"https:\/\/hairdeluxe.ee\/fi\/product\/balmain-hair-18k-kullaga-juuksenoelte-komplekt-professional-18k-gold-pin-set\/#primaryimage"},"image":{"@id":"https:\/\/hairdeluxe.ee\/fi\/product\/balmain-hair-18k-kullaga-juuksenoelte-komplekt-professional-18k-gold-pin-set\/#primaryimage"},"thumbnailUrl":"https:\/\/hairdeluxe.ee\/wp-content\/uploads\/2025\/09\/balmainhair_accessories_limitededition_pin_set_gold_le_hj_gp_pin_set_c4_25_mood_01_800x800-1.jpg","datePublished":"2025-09-20T20:22:03+00:00","dateModified":"2025-10-07T21:06:45+00:00","breadcrumb":{"@id":"https:\/\/hairdeluxe.ee\/fi\/product\/balmain-hair-18k-kullaga-juuksenoelte-komplekt-professional-18k-gold-pin-set\/#breadcrumb"},"inLanguage":"fi","potentialAction":[{"@type":"ReadAction","target":["https:\/\/hairdeluxe.ee\/fi\/product\/balmain-hair-18k-kullaga-juuksenoelte-komplekt-professional-18k-gold-pin-set\/"]}]},{"@type":"ImageObject","inLanguage":"fi","@id":"https:\/\/hairdeluxe.ee\/fi\/product\/balmain-hair-18k-kullaga-juuksenoelte-komplekt-professional-18k-gold-pin-set\/#primaryimage","url":"https:\/\/hairdeluxe.ee\/wp-content\/uploads\/2025\/09\/balmainhair_accessories_limitededition_pin_set_gold_le_hj_gp_pin_set_c4_25_mood_01_800x800-1.jpg","contentUrl":"https:\/\/hairdeluxe.ee\/wp-content\/uploads\/2025\/09\/balmainhair_accessories_limitededition_pin_set_gold_le_hj_gp_pin_set_c4_25_mood_01_800x800-1.jpg","width":800,"height":800},{"@type":"BreadcrumbList","@id":"https:\/\/hairdeluxe.ee\/fi\/product\/balmain-hair-18k-kullaga-juuksenoelte-komplekt-professional-18k-gold-pin-set\/#breadcrumb","itemListElement":[{"@type":"ListItem","position":1,"name":"Home","item":"https:\/\/hairdeluxe.ee\/fi\/"},{"@type":"ListItem","position":2,"name":"Kauppa","item":"https:\/\/hairdeluxe.ee\/fi\/shop\/"},{"@type":"ListItem","position":3,"name":"BALMAIN HAIR 18K kullaga juuksen\u00f5elte komplekt \/ Professional 18K Gold Pin Set"}]},{"@type":"WebSite","@id":"https:\/\/hairdeluxe.ee\/fi\/#website","url":"https:\/\/hairdeluxe.ee\/fi\/","name":"Hair Deluxe","description":"Highlight your natural beauty","publisher":{"@id":"https:\/\/hairdeluxe.ee\/fi\/#organization"},"potentialAction":[{"@type":"SearchAction","target":{"@type":"EntryPoint","urlTemplate":"https:\/\/hairdeluxe.ee\/fi\/?s={search_term_string}"},"query-input":{"@type":"PropertyValueSpecification","valueRequired":true,"valueName":"search_term_string"}}],"inLanguage":"fi"},{"@type":"Organization","@id":"https:\/\/hairdeluxe.ee\/fi\/#organization","name":"Hair Deluxe","url":"https:\/\/hairdeluxe.ee\/fi\/","logo":{"@type":"ImageObject","inLanguage":"fi","@id":"https:\/\/hairdeluxe.ee\/fi\/#\/schema\/logo\/image\/","url":"https:\/\/hairdeluxe.ee\/wp-content\/uploads\/2024\/06\/Hair-Deluxe-Logo-Dark-font.png","contentUrl":"https:\/\/hairdeluxe.ee\/wp-content\/uploads\/2024\/06\/Hair-Deluxe-Logo-Dark-font.png","width":467,"height":177,"caption":"Hair Deluxe"},"image":{"@id":"https:\/\/hairdeluxe.ee\/fi\/#\/schema\/logo\/image\/"},"sameAs":["https:\/\/www.facebook.com\/blowbartallinn","https:\/\/www.instagram.com\/blowbar_tallinn"]}]}},"_links":{"self":[{"href":"https:\/\/hairdeluxe.ee\/fi\/wp-json\/wp\/v2\/product\/52306","targetHints":{"allow":["GET"]}}],"collection":[{"href":"https:\/\/hairdeluxe.ee\/fi\/wp-json\/wp\/v2\/product"}],"about":[{"href":"https:\/\/hairdeluxe.ee\/fi\/wp-json\/wp\/v2\/types\/product"}],"wp:featuredmedia":[{"embeddable":true,"href":"https:\/\/hairdeluxe.ee\/fi\/wp-json\/wp\/v2\/media\/52781"}],"wp:attachment":[{"href":"https:\/\/hairdeluxe.ee\/fi\/wp-json\/wp\/v2\/media?parent=52306"}],"wp:term":[{"taxonomy":"product_brand","embeddable":true,"href":"https:\/\/hairdeluxe.ee\/fi\/wp-json\/wp\/v2\/product_brand?post=52306"},{"taxonomy":"product_cat","embeddable":true,"href":"https:\/\/hairdeluxe.ee\/fi\/wp-json\/wp\/v2\/product_cat?post=52306"},{"taxonomy":"product_tag","embeddable":true,"href":"https:\/\/hairdeluxe.ee\/fi\/wp-json\/wp\/v2\/product_tag?post=52306"}],"curies":[{"name":"wp","href":"https:\/\/api.w.org\/{rel}","templated":true}]}}