{"id":52307,"date":"2025-09-20T20:22:03","date_gmt":"2025-09-20T20:22:03","guid":{"rendered":"https:\/\/hairdeluxe.ee\/?post_type=product&#038;p=52307"},"modified":"2025-10-07T21:06:45","modified_gmt":"2025-10-07T21:06:45","slug":"balmain-hair-nahast-juukseklamber-cosmic-sapphire-l-barrette-cosmic-sapphire-l","status":"publish","type":"product","link":"https:\/\/hairdeluxe.ee\/fi\/product\/balmain-hair-nahast-juukseklamber-cosmic-sapphire-l-barrette-cosmic-sapphire-l\/","title":{"rendered":"BALMAIN HAIR nahast juukseklamber Cosmic Sapphire L \/ Barrette Cosmic Sapphire L"},"content":{"rendered":"","protected":false},"excerpt":{"rendered":"<div>Selge t\u00e4histaeva kuma inspireeritud piiratud v\u00e4ljaande juukseklamber Cosmic Sapphire annab teie juustele ja soengule taevaliku v\u00f5lu.<\/p>\n<p>Valmistatud pehmest safiirsinisest Napa nahast ja sellel on k\u00f5rg-kvaliteetne pealis\u00f5mblus.<\/p>\n<p>See on viimistletud 18-karaadise kullatud Balmain B logoga, mis s\u00e4rab nagu kauge t\u00e4ht.<\/p><\/div>\n<div><\/div>\n<div>Tugev prantsuse pannal hoiab teie juukseid mugavalt kogu p\u00e4eva soengus ja sobib ideaalselt lahtiste salkude tahapoole kinnitamiseks, et luua poolp\u00fcstiseid soenguid v\u00f5i teha madalat hobusesaba.<\/div>\n<div><\/div>\n<div>M\u00f5\u00f5tmed: Pikkus: 1,70 cm \/ Laius: 9,20 cm \/ K\u00f5rgus: 1,20 cm<\/div>\n","protected":false},"featured_media":52813,"template":"","meta":[],"product_brand":[464],"product_cat":[96,266,206,129,192],"product_tag":[],"class_list":{"0":"post-52307","1":"product","2":"type-product","3":"status-publish","4":"has-post-thumbnail","6":"product_brand-balmain-hair","7":"product_cat-aksessuaarid","8":"product_cat-balmain-hair","9":"product_cat-erikollektsioonid","10":"product_cat-kingitused","11":"product_cat-uued-tooted","13":"first","14":"instock","15":"taxable","16":"shipping-taxable","17":"purchasable","18":"product-type-simple","19":"add-to-wishlist-after_add_to_cart"},"yoast_head":"<!-- This site is optimized with the Yoast SEO plugin v27.5 - https:\/\/yoast.com\/product\/yoast-seo-wordpress\/ -->\n<title>BALMAIN HAIR nahast juukseklamber Cosmic Sapphire L \/ Barrette Cosmic Sapphire L - Hair Deluxe<\/title>\n<meta name=\"robots\" content=\"index, follow, max-snippet:-1, max-image-preview:large, max-video-preview:-1\" \/>\n<link rel=\"canonical\" href=\"https:\/\/hairdeluxe.ee\/fi\/product\/balmain-hair-nahast-juukseklamber-cosmic-sapphire-l-barrette-cosmic-sapphire-l\/\" \/>\n<meta property=\"og:locale\" content=\"fi_FI\" \/>\n<meta property=\"og:type\" content=\"article\" \/>\n<meta property=\"og:title\" content=\"BALMAIN HAIR nahast juukseklamber Cosmic Sapphire L \/ Barrette Cosmic Sapphire L - Hair Deluxe\" \/>\n<meta property=\"og:description\" content=\"Selge t\u00e4histaeva kuma inspireeritud piiratud v\u00e4ljaande juukseklamber Cosmic Sapphire annab teie juustele ja soengule taevaliku v\u00f5lu. Valmistatud pehmest safiirsinisest Napa nahast ja sellel on k\u00f5rg-kvaliteetne pealis\u00f5mblus. See on viimistletud 18-karaadise kullatud Balmain B logoga, mis s\u00e4rab nagu kauge t\u00e4ht.  Tugev prantsuse pannal hoiab teie juukseid mugavalt kogu p\u00e4eva soengus ja sobib ideaalselt lahtiste salkude tahapoole kinnitamiseks, et luua poolp\u00fcstiseid soenguid v\u00f5i teha madalat hobusesaba.  M\u00f5\u00f5tmed: Pikkus: 1,70 cm \/ Laius: 9,20 cm \/ K\u00f5rgus: 1,20 cm\" \/>\n<meta property=\"og:url\" content=\"https:\/\/hairdeluxe.ee\/fi\/product\/balmain-hair-nahast-juukseklamber-cosmic-sapphire-l-barrette-cosmic-sapphire-l\/\" \/>\n<meta property=\"og:site_name\" content=\"Hair Deluxe\" \/>\n<meta property=\"article:publisher\" content=\"https:\/\/www.facebook.com\/blowbartallinn\" \/>\n<meta property=\"article:modified_time\" content=\"2025-10-07T21:06:45+00:00\" \/>\n<meta property=\"og:image\" content=\"https:\/\/hairdeluxe.ee\/wp-content\/uploads\/2025\/09\/balmainhair_accessories_limitededition_leather_barrette_cosmic_sapphire_c4_25_le_hj_bar_l_cs_c4_25_800x800.jpg\" \/>\n\t<meta property=\"og:image:width\" content=\"800\" \/>\n\t<meta property=\"og:image:height\" content=\"800\" \/>\n\t<meta property=\"og:image:type\" content=\"image\/jpeg\" \/>\n<meta name=\"twitter:card\" content=\"summary_large_image\" \/>\n<script type=\"application\/ld+json\" class=\"yoast-schema-graph\">{\"@context\":\"https:\\\/\\\/schema.org\",\"@graph\":[{\"@type\":\"WebPage\",\"@id\":\"https:\\\/\\\/hairdeluxe.ee\\\/fi\\\/product\\\/balmain-hair-nahast-juukseklamber-cosmic-sapphire-l-barrette-cosmic-sapphire-l\\\/\",\"url\":\"https:\\\/\\\/hairdeluxe.ee\\\/fi\\\/product\\\/balmain-hair-nahast-juukseklamber-cosmic-sapphire-l-barrette-cosmic-sapphire-l\\\/\",\"name\":\"BALMAIN HAIR nahast juukseklamber Cosmic Sapphire L \\\/ Barrette Cosmic Sapphire L - Hair Deluxe\",\"isPartOf\":{\"@id\":\"https:\\\/\\\/hairdeluxe.ee\\\/fi\\\/#website\"},\"primaryImageOfPage\":{\"@id\":\"https:\\\/\\\/hairdeluxe.ee\\\/fi\\\/product\\\/balmain-hair-nahast-juukseklamber-cosmic-sapphire-l-barrette-cosmic-sapphire-l\\\/#primaryimage\"},\"image\":{\"@id\":\"https:\\\/\\\/hairdeluxe.ee\\\/fi\\\/product\\\/balmain-hair-nahast-juukseklamber-cosmic-sapphire-l-barrette-cosmic-sapphire-l\\\/#primaryimage\"},\"thumbnailUrl\":\"https:\\\/\\\/hairdeluxe.ee\\\/wp-content\\\/uploads\\\/2025\\\/09\\\/balmainhair_accessories_limitededition_leather_barrette_cosmic_sapphire_c4_25_le_hj_bar_l_cs_c4_25_800x800.jpg\",\"datePublished\":\"2025-09-20T20:22:03+00:00\",\"dateModified\":\"2025-10-07T21:06:45+00:00\",\"breadcrumb\":{\"@id\":\"https:\\\/\\\/hairdeluxe.ee\\\/fi\\\/product\\\/balmain-hair-nahast-juukseklamber-cosmic-sapphire-l-barrette-cosmic-sapphire-l\\\/#breadcrumb\"},\"inLanguage\":\"fi\",\"potentialAction\":[{\"@type\":\"ReadAction\",\"target\":[\"https:\\\/\\\/hairdeluxe.ee\\\/fi\\\/product\\\/balmain-hair-nahast-juukseklamber-cosmic-sapphire-l-barrette-cosmic-sapphire-l\\\/\"]}]},{\"@type\":\"ImageObject\",\"inLanguage\":\"fi\",\"@id\":\"https:\\\/\\\/hairdeluxe.ee\\\/fi\\\/product\\\/balmain-hair-nahast-juukseklamber-cosmic-sapphire-l-barrette-cosmic-sapphire-l\\\/#primaryimage\",\"url\":\"https:\\\/\\\/hairdeluxe.ee\\\/wp-content\\\/uploads\\\/2025\\\/09\\\/balmainhair_accessories_limitededition_leather_barrette_cosmic_sapphire_c4_25_le_hj_bar_l_cs_c4_25_800x800.jpg\",\"contentUrl\":\"https:\\\/\\\/hairdeluxe.ee\\\/wp-content\\\/uploads\\\/2025\\\/09\\\/balmainhair_accessories_limitededition_leather_barrette_cosmic_sapphire_c4_25_le_hj_bar_l_cs_c4_25_800x800.jpg\",\"width\":800,\"height\":800},{\"@type\":\"BreadcrumbList\",\"@id\":\"https:\\\/\\\/hairdeluxe.ee\\\/fi\\\/product\\\/balmain-hair-nahast-juukseklamber-cosmic-sapphire-l-barrette-cosmic-sapphire-l\\\/#breadcrumb\",\"itemListElement\":[{\"@type\":\"ListItem\",\"position\":1,\"name\":\"Home\",\"item\":\"https:\\\/\\\/hairdeluxe.ee\\\/fi\\\/\"},{\"@type\":\"ListItem\",\"position\":2,\"name\":\"Kauppa\",\"item\":\"https:\\\/\\\/hairdeluxe.ee\\\/fi\\\/shop\\\/\"},{\"@type\":\"ListItem\",\"position\":3,\"name\":\"BALMAIN HAIR nahast juukseklamber Cosmic Sapphire L \\\/ Barrette Cosmic Sapphire L\"}]},{\"@type\":\"WebSite\",\"@id\":\"https:\\\/\\\/hairdeluxe.ee\\\/fi\\\/#website\",\"url\":\"https:\\\/\\\/hairdeluxe.ee\\\/fi\\\/\",\"name\":\"Hair Deluxe\",\"description\":\"Highlight your natural beauty\",\"publisher\":{\"@id\":\"https:\\\/\\\/hairdeluxe.ee\\\/fi\\\/#organization\"},\"potentialAction\":[{\"@type\":\"SearchAction\",\"target\":{\"@type\":\"EntryPoint\",\"urlTemplate\":\"https:\\\/\\\/hairdeluxe.ee\\\/fi\\\/?s={search_term_string}\"},\"query-input\":{\"@type\":\"PropertyValueSpecification\",\"valueRequired\":true,\"valueName\":\"search_term_string\"}}],\"inLanguage\":\"fi\"},{\"@type\":\"Organization\",\"@id\":\"https:\\\/\\\/hairdeluxe.ee\\\/fi\\\/#organization\",\"name\":\"Hair Deluxe\",\"url\":\"https:\\\/\\\/hairdeluxe.ee\\\/fi\\\/\",\"logo\":{\"@type\":\"ImageObject\",\"inLanguage\":\"fi\",\"@id\":\"https:\\\/\\\/hairdeluxe.ee\\\/fi\\\/#\\\/schema\\\/logo\\\/image\\\/\",\"url\":\"https:\\\/\\\/hairdeluxe.ee\\\/wp-content\\\/uploads\\\/2024\\\/06\\\/Hair-Deluxe-Logo-Dark-font.png\",\"contentUrl\":\"https:\\\/\\\/hairdeluxe.ee\\\/wp-content\\\/uploads\\\/2024\\\/06\\\/Hair-Deluxe-Logo-Dark-font.png\",\"width\":467,\"height\":177,\"caption\":\"Hair Deluxe\"},\"image\":{\"@id\":\"https:\\\/\\\/hairdeluxe.ee\\\/fi\\\/#\\\/schema\\\/logo\\\/image\\\/\"},\"sameAs\":[\"https:\\\/\\\/www.facebook.com\\\/blowbartallinn\",\"https:\\\/\\\/www.instagram.com\\\/blowbar_tallinn\"]}]}<\/script>\n<!-- \/ Yoast SEO plugin. -->","yoast_head_json":{"title":"BALMAIN HAIR nahast juukseklamber Cosmic Sapphire L \/ Barrette Cosmic Sapphire L - Hair Deluxe","robots":{"index":"index","follow":"follow","max-snippet":"max-snippet:-1","max-image-preview":"max-image-preview:large","max-video-preview":"max-video-preview:-1"},"canonical":"https:\/\/hairdeluxe.ee\/fi\/product\/balmain-hair-nahast-juukseklamber-cosmic-sapphire-l-barrette-cosmic-sapphire-l\/","og_locale":"fi_FI","og_type":"article","og_title":"BALMAIN HAIR nahast juukseklamber Cosmic Sapphire L \/ Barrette Cosmic Sapphire L - Hair Deluxe","og_description":"Selge t\u00e4histaeva kuma inspireeritud piiratud v\u00e4ljaande juukseklamber Cosmic Sapphire annab teie juustele ja soengule taevaliku v\u00f5lu. Valmistatud pehmest safiirsinisest Napa nahast ja sellel on k\u00f5rg-kvaliteetne pealis\u00f5mblus. See on viimistletud 18-karaadise kullatud Balmain B logoga, mis s\u00e4rab nagu kauge t\u00e4ht.  Tugev prantsuse pannal hoiab teie juukseid mugavalt kogu p\u00e4eva soengus ja sobib ideaalselt lahtiste salkude tahapoole kinnitamiseks, et luua poolp\u00fcstiseid soenguid v\u00f5i teha madalat hobusesaba.  M\u00f5\u00f5tmed: Pikkus: 1,70 cm \/ Laius: 9,20 cm \/ K\u00f5rgus: 1,20 cm","og_url":"https:\/\/hairdeluxe.ee\/fi\/product\/balmain-hair-nahast-juukseklamber-cosmic-sapphire-l-barrette-cosmic-sapphire-l\/","og_site_name":"Hair Deluxe","article_publisher":"https:\/\/www.facebook.com\/blowbartallinn","article_modified_time":"2025-10-07T21:06:45+00:00","og_image":[{"width":800,"height":800,"url":"https:\/\/hairdeluxe.ee\/wp-content\/uploads\/2025\/09\/balmainhair_accessories_limitededition_leather_barrette_cosmic_sapphire_c4_25_le_hj_bar_l_cs_c4_25_800x800.jpg","type":"image\/jpeg"}],"twitter_card":"summary_large_image","schema":{"@context":"https:\/\/schema.org","@graph":[{"@type":"WebPage","@id":"https:\/\/hairdeluxe.ee\/fi\/product\/balmain-hair-nahast-juukseklamber-cosmic-sapphire-l-barrette-cosmic-sapphire-l\/","url":"https:\/\/hairdeluxe.ee\/fi\/product\/balmain-hair-nahast-juukseklamber-cosmic-sapphire-l-barrette-cosmic-sapphire-l\/","name":"BALMAIN HAIR nahast juukseklamber Cosmic Sapphire L \/ Barrette Cosmic Sapphire L - Hair Deluxe","isPartOf":{"@id":"https:\/\/hairdeluxe.ee\/fi\/#website"},"primaryImageOfPage":{"@id":"https:\/\/hairdeluxe.ee\/fi\/product\/balmain-hair-nahast-juukseklamber-cosmic-sapphire-l-barrette-cosmic-sapphire-l\/#primaryimage"},"image":{"@id":"https:\/\/hairdeluxe.ee\/fi\/product\/balmain-hair-nahast-juukseklamber-cosmic-sapphire-l-barrette-cosmic-sapphire-l\/#primaryimage"},"thumbnailUrl":"https:\/\/hairdeluxe.ee\/wp-content\/uploads\/2025\/09\/balmainhair_accessories_limitededition_leather_barrette_cosmic_sapphire_c4_25_le_hj_bar_l_cs_c4_25_800x800.jpg","datePublished":"2025-09-20T20:22:03+00:00","dateModified":"2025-10-07T21:06:45+00:00","breadcrumb":{"@id":"https:\/\/hairdeluxe.ee\/fi\/product\/balmain-hair-nahast-juukseklamber-cosmic-sapphire-l-barrette-cosmic-sapphire-l\/#breadcrumb"},"inLanguage":"fi","potentialAction":[{"@type":"ReadAction","target":["https:\/\/hairdeluxe.ee\/fi\/product\/balmain-hair-nahast-juukseklamber-cosmic-sapphire-l-barrette-cosmic-sapphire-l\/"]}]},{"@type":"ImageObject","inLanguage":"fi","@id":"https:\/\/hairdeluxe.ee\/fi\/product\/balmain-hair-nahast-juukseklamber-cosmic-sapphire-l-barrette-cosmic-sapphire-l\/#primaryimage","url":"https:\/\/hairdeluxe.ee\/wp-content\/uploads\/2025\/09\/balmainhair_accessories_limitededition_leather_barrette_cosmic_sapphire_c4_25_le_hj_bar_l_cs_c4_25_800x800.jpg","contentUrl":"https:\/\/hairdeluxe.ee\/wp-content\/uploads\/2025\/09\/balmainhair_accessories_limitededition_leather_barrette_cosmic_sapphire_c4_25_le_hj_bar_l_cs_c4_25_800x800.jpg","width":800,"height":800},{"@type":"BreadcrumbList","@id":"https:\/\/hairdeluxe.ee\/fi\/product\/balmain-hair-nahast-juukseklamber-cosmic-sapphire-l-barrette-cosmic-sapphire-l\/#breadcrumb","itemListElement":[{"@type":"ListItem","position":1,"name":"Home","item":"https:\/\/hairdeluxe.ee\/fi\/"},{"@type":"ListItem","position":2,"name":"Kauppa","item":"https:\/\/hairdeluxe.ee\/fi\/shop\/"},{"@type":"ListItem","position":3,"name":"BALMAIN HAIR nahast juukseklamber Cosmic Sapphire L \/ Barrette Cosmic Sapphire L"}]},{"@type":"WebSite","@id":"https:\/\/hairdeluxe.ee\/fi\/#website","url":"https:\/\/hairdeluxe.ee\/fi\/","name":"Hair Deluxe","description":"Highlight your natural beauty","publisher":{"@id":"https:\/\/hairdeluxe.ee\/fi\/#organization"},"potentialAction":[{"@type":"SearchAction","target":{"@type":"EntryPoint","urlTemplate":"https:\/\/hairdeluxe.ee\/fi\/?s={search_term_string}"},"query-input":{"@type":"PropertyValueSpecification","valueRequired":true,"valueName":"search_term_string"}}],"inLanguage":"fi"},{"@type":"Organization","@id":"https:\/\/hairdeluxe.ee\/fi\/#organization","name":"Hair Deluxe","url":"https:\/\/hairdeluxe.ee\/fi\/","logo":{"@type":"ImageObject","inLanguage":"fi","@id":"https:\/\/hairdeluxe.ee\/fi\/#\/schema\/logo\/image\/","url":"https:\/\/hairdeluxe.ee\/wp-content\/uploads\/2024\/06\/Hair-Deluxe-Logo-Dark-font.png","contentUrl":"https:\/\/hairdeluxe.ee\/wp-content\/uploads\/2024\/06\/Hair-Deluxe-Logo-Dark-font.png","width":467,"height":177,"caption":"Hair Deluxe"},"image":{"@id":"https:\/\/hairdeluxe.ee\/fi\/#\/schema\/logo\/image\/"},"sameAs":["https:\/\/www.facebook.com\/blowbartallinn","https:\/\/www.instagram.com\/blowbar_tallinn"]}]}},"_links":{"self":[{"href":"https:\/\/hairdeluxe.ee\/fi\/wp-json\/wp\/v2\/product\/52307","targetHints":{"allow":["GET"]}}],"collection":[{"href":"https:\/\/hairdeluxe.ee\/fi\/wp-json\/wp\/v2\/product"}],"about":[{"href":"https:\/\/hairdeluxe.ee\/fi\/wp-json\/wp\/v2\/types\/product"}],"wp:featuredmedia":[{"embeddable":true,"href":"https:\/\/hairdeluxe.ee\/fi\/wp-json\/wp\/v2\/media\/52813"}],"wp:attachment":[{"href":"https:\/\/hairdeluxe.ee\/fi\/wp-json\/wp\/v2\/media?parent=52307"}],"wp:term":[{"taxonomy":"product_brand","embeddable":true,"href":"https:\/\/hairdeluxe.ee\/fi\/wp-json\/wp\/v2\/product_brand?post=52307"},{"taxonomy":"product_cat","embeddable":true,"href":"https:\/\/hairdeluxe.ee\/fi\/wp-json\/wp\/v2\/product_cat?post=52307"},{"taxonomy":"product_tag","embeddable":true,"href":"https:\/\/hairdeluxe.ee\/fi\/wp-json\/wp\/v2\/product_tag?post=52307"}],"curies":[{"name":"wp","href":"https:\/\/api.w.org\/{rel}","templated":true}]}}