{"id":21554,"date":"2021-03-17T15:18:07","date_gmt":"2021-03-17T13:18:07","guid":{"rendered":"https:\/\/blowbar.ee\/toode\/import-placeholder-for-371\/"},"modified":"2025-03-18T19:22:42","modified_gmt":"2025-03-18T19:22:42","slug":"balmain-juhtmevaba-titaaniumist-sirgendaja","status":"publish","type":"product","link":"https:\/\/hairdeluxe.ee\/ru\/product\/balmain-juhtmevaba-titaaniumist-sirgendaja\/","title":{"rendered":"BALMAIN HAIR juhtmevaba titaaniumist sirgendaja must \/ Cordless Titanium Straightener Black"},"content":{"rendered":"","protected":false},"excerpt":{"rendered":"<p>Balmain Hair Couture\u2019i meeskond t\u00f6\u00f6tab koguaeg selle nimel, et nii jumestajate, tavakasutajate kui ka juuksurite elu lihtsamaks muuta. Uus juhtmevaba sirgendaja on spetsiaalselt loodud reisimiseks ja backstage\u2019i t\u00f6\u00f6ks.\u00a0Kas oled leidnud end m\u00f5nikord olukorrast, kus elektri kasutamine ei tule k\u00f5ne allagi? V\u00f5i oled ise reisil ning soovid end v\u00e4rskendada kergete lokkidega v\u00f5i hoopis sirgete juustega? Balmain Hair Couture on t\u00f6\u00f6tanud v\u00e4lja ideaalse abivahendi neile, kelle t\u00f6\u00f6 viib neid kohtadesse, kus v\u00f5imalused on piiratud.<br \/>\nT\u00e4nap\u00e4eval on k\u00f5ik v\u00f5imalik!<br \/>\nT\u00e4iustatud k\u00fctteelement s\u00e4ilitab juustele ohutu ja stabiilse kuumuse t\u00f6\u00f6deldes juukseid juurtest otsteni. Negatiivsetel ioonidel p\u00f5hinev tehnoloogia parandab juuksestruktuuri, sulgedes juuste v\u00e4limise (kutiikul) kihi, mille l\u00e4bi juuksed ei kahjustu. T\u00e4nu sirgendaja titaaniumist plaatidele, mis tagavad 24% parema soojusjuhtivuse ja elegantselt \u00fcmarale disainile, libisevad juuksed erilise kergusega l\u00e4bi plaatide, luues seel\u00e4bi ainulaadse l\u00e4ikiva, p\u00fcsiva ja sileda l\u00f5ppviimistluse. Tulemuseks kaunilt viimistletud ja terve v\u00e4ljan\u00e4gemisega juuksed vaid \u00fcheainsa t\u00f5mbega.<br \/>\n<strong>Komplekti kuulub:<\/strong> juhtmevaba sirgendaja, kuumakindel naturaalsest nahast kott, laadija.<br \/>\n&#8212; Kerge, ergonoomiline ja mugav kaasas kanda<br \/>\n&#8212; Juhtmevaba<br \/>\n&#8212; 3 temperatuuri seadistust (alates 160\u00b0C kuni 200\u00b0C)<br \/>\n&#8212; Titaaniumist h\u00f5ljuvate plaatite tehnoloogia, mis ei kooluta kuumenemisel plaatide t\u00f6\u00f6pinda. See v\u00f5imaldab juuste \u00fchtlase haaratavuse ning tagab maksimaalselt efektiivse tulemuse<br \/>\n&#8212; K\u00f5rgtehnoloogiline k\u00fctteelement<br \/>\n&#8212; Negatiivsetel ioonidel p\u00f5hinev tehnoloogia<br \/>\n&#8212; P\u00e4rast laadimist saab kasutada 40 min.<br \/>\n&#8212; Negatiivse laenguga ioonid<\/p>\n<p>\u2714\ufe0f <strong>VAATA Vicoria Beckham hinnangut!<\/strong> <a href=\"https:\/\/www.facebook.com\/watch\/?v=2042985612663125\">https:\/\/www.facebook.com\/watch\/?v=2042985612663125<\/a><\/p>\n<p><a href=\"https:\/\/www.balmainhair.ee\/toode\/balmain-professional-titanium-straightener\/\"><strong>Saadaval ka juhtmega professionaalne sirgendaja:<\/strong> Balmain Hair Titanium Straightener<\/a><\/p>\n<p>https:\/\/www.youtube.com\/watch?v=0_-u24fvjjY<\/p>\n","protected":false},"featured_media":21610,"template":"","meta":[],"product_brand":[464],"product_cat":[96,266,265,112,114,121],"product_tag":[],"class_list":{"0":"post-21554","1":"product","2":"type-product","3":"status-publish","4":"has-post-thumbnail","6":"product_brand-balmain-hair","7":"product_cat-aksessuaarid","8":"product_cat-balmain-hair","9":"product_cat-brandid","10":"product_cat-elektroonika","11":"product_cat-eripakkumised","12":"product_cat-koik-tooted","14":"first","15":"instock","16":"taxable","17":"shipping-taxable","18":"purchasable","19":"product-type-simple","20":"add-to-wishlist-after_add_to_cart"},"yoast_head":"<!-- This site is optimized with the Yoast SEO plugin v27.3 - https:\/\/yoast.com\/product\/yoast-seo-wordpress\/ -->\n<title>BALMAIN HAIR juhtmevaba titaaniumist sirgendaja must \/ Cordless Titanium Straightener Black - Hair Deluxe<\/title>\n<meta name=\"robots\" content=\"index, follow, max-snippet:-1, max-image-preview:large, max-video-preview:-1\" \/>\n<link rel=\"canonical\" href=\"https:\/\/hairdeluxe.ee\/ru\/product\/balmain-juhtmevaba-titaaniumist-sirgendaja\/\" \/>\n<meta property=\"og:locale\" content=\"ru_RU\" \/>\n<meta property=\"og:type\" content=\"article\" \/>\n<meta property=\"og:title\" content=\"BALMAIN HAIR juhtmevaba titaaniumist sirgendaja must \/ Cordless Titanium Straightener Black - Hair Deluxe\" \/>\n<meta property=\"og:description\" content=\"Balmain Hair Couture\u2019i meeskond t\u00f6\u00f6tab koguaeg selle nimel, et nii jumestajate, tavakasutajate kui ka juuksurite elu lihtsamaks muuta. Uus juhtmevaba sirgendaja on spetsiaalselt loodud reisimiseks ja backstage\u2019i t\u00f6\u00f6ks.\u00a0Kas oled leidnud end m\u00f5nikord olukorrast, kus elektri kasutamine ei tule k\u00f5ne allagi? V\u00f5i oled ise reisil ning soovid end v\u00e4rskendada kergete lokkidega v\u00f5i hoopis sirgete juustega? Balmain Hair Couture on t\u00f6\u00f6tanud v\u00e4lja ideaalse abivahendi neile, kelle t\u00f6\u00f6 viib neid kohtadesse, kus v\u00f5imalused on piiratud. T\u00e4nap\u00e4eval on k\u00f5ik v\u00f5imalik! T\u00e4iustatud k\u00fctteelement s\u00e4ilitab juustele ohutu ja stabiilse kuumuse t\u00f6\u00f6deldes juukseid juurtest otsteni. Negatiivsetel ioonidel p\u00f5hinev tehnoloogia parandab juuksestruktuuri, sulgedes juuste v\u00e4limise (kutiikul) kihi, mille l\u00e4bi juuksed ei kahjustu. T\u00e4nu sirgendaja titaaniumist plaatidele, mis tagavad 24% parema soojusjuhtivuse ja elegantselt \u00fcmarale disainile, libisevad juuksed erilise kergusega l\u00e4bi plaatide, luues seel\u00e4bi ainulaadse l\u00e4ikiva, p\u00fcsiva ja sileda l\u00f5ppviimistluse. Tulemuseks kaunilt viimistletud ja terve v\u00e4ljan\u00e4gemisega juuksed vaid \u00fcheainsa t\u00f5mbega. Komplekti kuulub: juhtmevaba sirgendaja, kuumakindel naturaalsest nahast kott, laadija. - Kerge, ergonoomiline ja mugav kaasas kanda - Juhtmevaba - 3 temperatuuri seadistust (alates 160\u00b0C kuni 200\u00b0C) - Titaaniumist h\u00f5ljuvate plaatite tehnoloogia, mis ei kooluta kuumenemisel plaatide t\u00f6\u00f6pinda. See v\u00f5imaldab juuste \u00fchtlase haaratavuse ning tagab maksimaalselt efektiivse tulemuse - K\u00f5rgtehnoloogiline k\u00fctteelement - Negatiivsetel ioonidel p\u00f5hinev tehnoloogia - P\u00e4rast laadimist saab kasutada 40 min. - Negatiivse laenguga ioonid \u2714\ufe0f VAATA Vicoria Beckham hinnangut! https:\/\/www.facebook.com\/watch\/?v=2042985612663125 Saadaval ka juhtmega professionaalne sirgendaja: Balmain Hair Titanium Straightener https:\/\/www.youtube.com\/watch?v=0_-u24fvjjY\" \/>\n<meta property=\"og:url\" content=\"https:\/\/hairdeluxe.ee\/ru\/product\/balmain-juhtmevaba-titaaniumist-sirgendaja\/\" \/>\n<meta property=\"og:site_name\" content=\"Hair Deluxe\" \/>\n<meta property=\"article:publisher\" content=\"https:\/\/www.facebook.com\/blowbartallinn\" \/>\n<meta property=\"article:modified_time\" content=\"2025-03-18T19:22:42+00:00\" \/>\n<meta property=\"og:image\" content=\"https:\/\/hairdeluxe.ee\/wp-content\/uploads\/2021\/03\/balmainhair_cordlessstraightener_800x800.jpg\" \/>\n\t<meta property=\"og:image:width\" content=\"800\" \/>\n\t<meta property=\"og:image:height\" content=\"800\" \/>\n\t<meta property=\"og:image:type\" content=\"image\/jpeg\" \/>\n<meta name=\"twitter:card\" content=\"summary_large_image\" \/>\n<meta name=\"twitter:label1\" content=\"\u041f\u0440\u0438\u043c\u0435\u0440\u043d\u043e\u0435 \u0432\u0440\u0435\u043c\u044f \u0434\u043b\u044f \u0447\u0442\u0435\u043d\u0438\u044f\" \/>\n\t<meta name=\"twitter:data1\" content=\"1 \u043c\u0438\u043d\u0443\u0442\u0430\" \/>\n<script type=\"application\/ld+json\" class=\"yoast-schema-graph\">{\"@context\":\"https:\\\/\\\/schema.org\",\"@graph\":[{\"@type\":\"WebPage\",\"@id\":\"https:\\\/\\\/hairdeluxe.ee\\\/ru\\\/product\\\/balmain-juhtmevaba-titaaniumist-sirgendaja\\\/\",\"url\":\"https:\\\/\\\/hairdeluxe.ee\\\/ru\\\/product\\\/balmain-juhtmevaba-titaaniumist-sirgendaja\\\/\",\"name\":\"BALMAIN HAIR juhtmevaba titaaniumist sirgendaja must \\\/ Cordless Titanium Straightener Black - Hair Deluxe\",\"isPartOf\":{\"@id\":\"https:\\\/\\\/hairdeluxe.ee\\\/ru\\\/#website\"},\"primaryImageOfPage\":{\"@id\":\"https:\\\/\\\/hairdeluxe.ee\\\/ru\\\/product\\\/balmain-juhtmevaba-titaaniumist-sirgendaja\\\/#primaryimage\"},\"image\":{\"@id\":\"https:\\\/\\\/hairdeluxe.ee\\\/ru\\\/product\\\/balmain-juhtmevaba-titaaniumist-sirgendaja\\\/#primaryimage\"},\"thumbnailUrl\":\"https:\\\/\\\/hairdeluxe.ee\\\/wp-content\\\/uploads\\\/2021\\\/03\\\/balmainhair_cordlessstraightener_800x800.jpg\",\"datePublished\":\"2021-03-17T13:18:07+00:00\",\"dateModified\":\"2025-03-18T19:22:42+00:00\",\"breadcrumb\":{\"@id\":\"https:\\\/\\\/hairdeluxe.ee\\\/ru\\\/product\\\/balmain-juhtmevaba-titaaniumist-sirgendaja\\\/#breadcrumb\"},\"inLanguage\":\"ru-RU\",\"potentialAction\":[{\"@type\":\"ReadAction\",\"target\":[\"https:\\\/\\\/hairdeluxe.ee\\\/ru\\\/product\\\/balmain-juhtmevaba-titaaniumist-sirgendaja\\\/\"]}]},{\"@type\":\"ImageObject\",\"inLanguage\":\"ru-RU\",\"@id\":\"https:\\\/\\\/hairdeluxe.ee\\\/ru\\\/product\\\/balmain-juhtmevaba-titaaniumist-sirgendaja\\\/#primaryimage\",\"url\":\"https:\\\/\\\/hairdeluxe.ee\\\/wp-content\\\/uploads\\\/2021\\\/03\\\/balmainhair_cordlessstraightener_800x800.jpg\",\"contentUrl\":\"https:\\\/\\\/hairdeluxe.ee\\\/wp-content\\\/uploads\\\/2021\\\/03\\\/balmainhair_cordlessstraightener_800x800.jpg\",\"width\":800,\"height\":800},{\"@type\":\"BreadcrumbList\",\"@id\":\"https:\\\/\\\/hairdeluxe.ee\\\/ru\\\/product\\\/balmain-juhtmevaba-titaaniumist-sirgendaja\\\/#breadcrumb\",\"itemListElement\":[{\"@type\":\"ListItem\",\"position\":1,\"name\":\"Home\",\"item\":\"https:\\\/\\\/hairdeluxe.ee\\\/ru\\\/\"},{\"@type\":\"ListItem\",\"position\":2,\"name\":\"\u041c\u0430\u0433\u0430\u0437\u0438\u043d\",\"item\":\"https:\\\/\\\/hairdeluxe.ee\\\/ru\\\/shop\\\/\"},{\"@type\":\"ListItem\",\"position\":3,\"name\":\"BALMAIN HAIR juhtmevaba titaaniumist sirgendaja must \\\/ Cordless Titanium Straightener Black\"}]},{\"@type\":\"WebSite\",\"@id\":\"https:\\\/\\\/hairdeluxe.ee\\\/ru\\\/#website\",\"url\":\"https:\\\/\\\/hairdeluxe.ee\\\/ru\\\/\",\"name\":\"Hair Deluxe\",\"description\":\"Highlight your natural beauty\",\"publisher\":{\"@id\":\"https:\\\/\\\/hairdeluxe.ee\\\/ru\\\/#organization\"},\"potentialAction\":[{\"@type\":\"SearchAction\",\"target\":{\"@type\":\"EntryPoint\",\"urlTemplate\":\"https:\\\/\\\/hairdeluxe.ee\\\/ru\\\/?s={search_term_string}\"},\"query-input\":{\"@type\":\"PropertyValueSpecification\",\"valueRequired\":true,\"valueName\":\"search_term_string\"}}],\"inLanguage\":\"ru-RU\"},{\"@type\":\"Organization\",\"@id\":\"https:\\\/\\\/hairdeluxe.ee\\\/ru\\\/#organization\",\"name\":\"Hair Deluxe\",\"url\":\"https:\\\/\\\/hairdeluxe.ee\\\/ru\\\/\",\"logo\":{\"@type\":\"ImageObject\",\"inLanguage\":\"ru-RU\",\"@id\":\"https:\\\/\\\/hairdeluxe.ee\\\/ru\\\/#\\\/schema\\\/logo\\\/image\\\/\",\"url\":\"https:\\\/\\\/hairdeluxe.ee\\\/wp-content\\\/uploads\\\/2024\\\/06\\\/Hair-Deluxe-Logo-Dark-font.png\",\"contentUrl\":\"https:\\\/\\\/hairdeluxe.ee\\\/wp-content\\\/uploads\\\/2024\\\/06\\\/Hair-Deluxe-Logo-Dark-font.png\",\"width\":467,\"height\":177,\"caption\":\"Hair Deluxe\"},\"image\":{\"@id\":\"https:\\\/\\\/hairdeluxe.ee\\\/ru\\\/#\\\/schema\\\/logo\\\/image\\\/\"},\"sameAs\":[\"https:\\\/\\\/www.facebook.com\\\/blowbartallinn\",\"https:\\\/\\\/www.instagram.com\\\/blowbar_tallinn\"]}]}<\/script>\n<!-- \/ Yoast SEO plugin. -->","yoast_head_json":{"title":"BALMAIN HAIR juhtmevaba titaaniumist sirgendaja must \/ Cordless Titanium Straightener Black - Hair Deluxe","robots":{"index":"index","follow":"follow","max-snippet":"max-snippet:-1","max-image-preview":"max-image-preview:large","max-video-preview":"max-video-preview:-1"},"canonical":"https:\/\/hairdeluxe.ee\/ru\/product\/balmain-juhtmevaba-titaaniumist-sirgendaja\/","og_locale":"ru_RU","og_type":"article","og_title":"BALMAIN HAIR juhtmevaba titaaniumist sirgendaja must \/ Cordless Titanium Straightener Black - Hair Deluxe","og_description":"Balmain Hair Couture\u2019i meeskond t\u00f6\u00f6tab koguaeg selle nimel, et nii jumestajate, tavakasutajate kui ka juuksurite elu lihtsamaks muuta. Uus juhtmevaba sirgendaja on spetsiaalselt loodud reisimiseks ja backstage\u2019i t\u00f6\u00f6ks.\u00a0Kas oled leidnud end m\u00f5nikord olukorrast, kus elektri kasutamine ei tule k\u00f5ne allagi? V\u00f5i oled ise reisil ning soovid end v\u00e4rskendada kergete lokkidega v\u00f5i hoopis sirgete juustega? Balmain Hair Couture on t\u00f6\u00f6tanud v\u00e4lja ideaalse abivahendi neile, kelle t\u00f6\u00f6 viib neid kohtadesse, kus v\u00f5imalused on piiratud. T\u00e4nap\u00e4eval on k\u00f5ik v\u00f5imalik! T\u00e4iustatud k\u00fctteelement s\u00e4ilitab juustele ohutu ja stabiilse kuumuse t\u00f6\u00f6deldes juukseid juurtest otsteni. Negatiivsetel ioonidel p\u00f5hinev tehnoloogia parandab juuksestruktuuri, sulgedes juuste v\u00e4limise (kutiikul) kihi, mille l\u00e4bi juuksed ei kahjustu. T\u00e4nu sirgendaja titaaniumist plaatidele, mis tagavad 24% parema soojusjuhtivuse ja elegantselt \u00fcmarale disainile, libisevad juuksed erilise kergusega l\u00e4bi plaatide, luues seel\u00e4bi ainulaadse l\u00e4ikiva, p\u00fcsiva ja sileda l\u00f5ppviimistluse. Tulemuseks kaunilt viimistletud ja terve v\u00e4ljan\u00e4gemisega juuksed vaid \u00fcheainsa t\u00f5mbega. Komplekti kuulub: juhtmevaba sirgendaja, kuumakindel naturaalsest nahast kott, laadija. - Kerge, ergonoomiline ja mugav kaasas kanda - Juhtmevaba - 3 temperatuuri seadistust (alates 160\u00b0C kuni 200\u00b0C) - Titaaniumist h\u00f5ljuvate plaatite tehnoloogia, mis ei kooluta kuumenemisel plaatide t\u00f6\u00f6pinda. See v\u00f5imaldab juuste \u00fchtlase haaratavuse ning tagab maksimaalselt efektiivse tulemuse - K\u00f5rgtehnoloogiline k\u00fctteelement - Negatiivsetel ioonidel p\u00f5hinev tehnoloogia - P\u00e4rast laadimist saab kasutada 40 min. - Negatiivse laenguga ioonid \u2714\ufe0f VAATA Vicoria Beckham hinnangut! https:\/\/www.facebook.com\/watch\/?v=2042985612663125 Saadaval ka juhtmega professionaalne sirgendaja: Balmain Hair Titanium Straightener https:\/\/www.youtube.com\/watch?v=0_-u24fvjjY","og_url":"https:\/\/hairdeluxe.ee\/ru\/product\/balmain-juhtmevaba-titaaniumist-sirgendaja\/","og_site_name":"Hair Deluxe","article_publisher":"https:\/\/www.facebook.com\/blowbartallinn","article_modified_time":"2025-03-18T19:22:42+00:00","og_image":[{"width":800,"height":800,"url":"https:\/\/hairdeluxe.ee\/wp-content\/uploads\/2021\/03\/balmainhair_cordlessstraightener_800x800.jpg","type":"image\/jpeg"}],"twitter_card":"summary_large_image","twitter_misc":{"\u041f\u0440\u0438\u043c\u0435\u0440\u043d\u043e\u0435 \u0432\u0440\u0435\u043c\u044f \u0434\u043b\u044f \u0447\u0442\u0435\u043d\u0438\u044f":"1 \u043c\u0438\u043d\u0443\u0442\u0430"},"schema":{"@context":"https:\/\/schema.org","@graph":[{"@type":"WebPage","@id":"https:\/\/hairdeluxe.ee\/ru\/product\/balmain-juhtmevaba-titaaniumist-sirgendaja\/","url":"https:\/\/hairdeluxe.ee\/ru\/product\/balmain-juhtmevaba-titaaniumist-sirgendaja\/","name":"BALMAIN HAIR juhtmevaba titaaniumist sirgendaja must \/ Cordless Titanium Straightener Black - Hair Deluxe","isPartOf":{"@id":"https:\/\/hairdeluxe.ee\/ru\/#website"},"primaryImageOfPage":{"@id":"https:\/\/hairdeluxe.ee\/ru\/product\/balmain-juhtmevaba-titaaniumist-sirgendaja\/#primaryimage"},"image":{"@id":"https:\/\/hairdeluxe.ee\/ru\/product\/balmain-juhtmevaba-titaaniumist-sirgendaja\/#primaryimage"},"thumbnailUrl":"https:\/\/hairdeluxe.ee\/wp-content\/uploads\/2021\/03\/balmainhair_cordlessstraightener_800x800.jpg","datePublished":"2021-03-17T13:18:07+00:00","dateModified":"2025-03-18T19:22:42+00:00","breadcrumb":{"@id":"https:\/\/hairdeluxe.ee\/ru\/product\/balmain-juhtmevaba-titaaniumist-sirgendaja\/#breadcrumb"},"inLanguage":"ru-RU","potentialAction":[{"@type":"ReadAction","target":["https:\/\/hairdeluxe.ee\/ru\/product\/balmain-juhtmevaba-titaaniumist-sirgendaja\/"]}]},{"@type":"ImageObject","inLanguage":"ru-RU","@id":"https:\/\/hairdeluxe.ee\/ru\/product\/balmain-juhtmevaba-titaaniumist-sirgendaja\/#primaryimage","url":"https:\/\/hairdeluxe.ee\/wp-content\/uploads\/2021\/03\/balmainhair_cordlessstraightener_800x800.jpg","contentUrl":"https:\/\/hairdeluxe.ee\/wp-content\/uploads\/2021\/03\/balmainhair_cordlessstraightener_800x800.jpg","width":800,"height":800},{"@type":"BreadcrumbList","@id":"https:\/\/hairdeluxe.ee\/ru\/product\/balmain-juhtmevaba-titaaniumist-sirgendaja\/#breadcrumb","itemListElement":[{"@type":"ListItem","position":1,"name":"Home","item":"https:\/\/hairdeluxe.ee\/ru\/"},{"@type":"ListItem","position":2,"name":"\u041c\u0430\u0433\u0430\u0437\u0438\u043d","item":"https:\/\/hairdeluxe.ee\/ru\/shop\/"},{"@type":"ListItem","position":3,"name":"BALMAIN HAIR juhtmevaba titaaniumist sirgendaja must \/ Cordless Titanium Straightener Black"}]},{"@type":"WebSite","@id":"https:\/\/hairdeluxe.ee\/ru\/#website","url":"https:\/\/hairdeluxe.ee\/ru\/","name":"Hair Deluxe","description":"Highlight your natural beauty","publisher":{"@id":"https:\/\/hairdeluxe.ee\/ru\/#organization"},"potentialAction":[{"@type":"SearchAction","target":{"@type":"EntryPoint","urlTemplate":"https:\/\/hairdeluxe.ee\/ru\/?s={search_term_string}"},"query-input":{"@type":"PropertyValueSpecification","valueRequired":true,"valueName":"search_term_string"}}],"inLanguage":"ru-RU"},{"@type":"Organization","@id":"https:\/\/hairdeluxe.ee\/ru\/#organization","name":"Hair Deluxe","url":"https:\/\/hairdeluxe.ee\/ru\/","logo":{"@type":"ImageObject","inLanguage":"ru-RU","@id":"https:\/\/hairdeluxe.ee\/ru\/#\/schema\/logo\/image\/","url":"https:\/\/hairdeluxe.ee\/wp-content\/uploads\/2024\/06\/Hair-Deluxe-Logo-Dark-font.png","contentUrl":"https:\/\/hairdeluxe.ee\/wp-content\/uploads\/2024\/06\/Hair-Deluxe-Logo-Dark-font.png","width":467,"height":177,"caption":"Hair Deluxe"},"image":{"@id":"https:\/\/hairdeluxe.ee\/ru\/#\/schema\/logo\/image\/"},"sameAs":["https:\/\/www.facebook.com\/blowbartallinn","https:\/\/www.instagram.com\/blowbar_tallinn"]}]}},"_links":{"self":[{"href":"https:\/\/hairdeluxe.ee\/ru\/wp-json\/wp\/v2\/product\/21554","targetHints":{"allow":["GET"]}}],"collection":[{"href":"https:\/\/hairdeluxe.ee\/ru\/wp-json\/wp\/v2\/product"}],"about":[{"href":"https:\/\/hairdeluxe.ee\/ru\/wp-json\/wp\/v2\/types\/product"}],"wp:featuredmedia":[{"embeddable":true,"href":"https:\/\/hairdeluxe.ee\/ru\/wp-json\/wp\/v2\/media\/21610"}],"wp:attachment":[{"href":"https:\/\/hairdeluxe.ee\/ru\/wp-json\/wp\/v2\/media?parent=21554"}],"wp:term":[{"taxonomy":"product_brand","embeddable":true,"href":"https:\/\/hairdeluxe.ee\/ru\/wp-json\/wp\/v2\/product_brand?post=21554"},{"taxonomy":"product_cat","embeddable":true,"href":"https:\/\/hairdeluxe.ee\/ru\/wp-json\/wp\/v2\/product_cat?post=21554"},{"taxonomy":"product_tag","embeddable":true,"href":"https:\/\/hairdeluxe.ee\/ru\/wp-json\/wp\/v2\/product_tag?post=21554"}],"curies":[{"name":"wp","href":"https:\/\/api.w.org\/{rel}","templated":true}]}}