{"id":21600,"date":"2021-03-17T15:18:53","date_gmt":"2021-03-17T13:18:53","guid":{"rendered":"https:\/\/blowbar.ee\/toode\/import-placeholder-for-430\/"},"modified":"2025-03-18T19:22:41","modified_gmt":"2025-03-18T19:22:41","slug":"balmain-kuldne-loikuskamm","status":"publish","type":"product","link":"https:\/\/hairdeluxe.ee\/ru\/product\/balmain-kuldne-loikuskamm\/","title":{"rendered":"BALMAIN HAIR kuldne l\u00f5ikuskamm \/ Golden Cutting Comb 14K Gold"},"content":{"rendered":"","protected":false},"excerpt":{"rendered":"<p>Balmain Hair Couture professionaalne l\u00f5ikuskamm, mis on kaetud 14K kullaga. Sobib ideaalselt juuste l\u00f5ikuste l\u00e4biviimiseks ja kammimiseks meestele. Iga kamm l\u00e4bib l\u00f5pliku poleerimise k\u00e4sit\u00f6\u00f6na, et garanteerida mugavus ja t\u00f5husus t\u00f6\u00f6 tegemisel.<br \/>\nEi rebi juukseid!<br \/>\n&#8212; Kaetud 14K kullaga<br \/>\n&#8212; K\u00e4sit\u00f6\u00f6na valmistatud ja j\u00e4relt\u00f6\u00f6deldud<br \/>\n&#8212; Professionaalne l\u00f5ikuskamm<br \/>\n&#8212; Annab juustele s\u00e4ra ja eemaldab kahu<\/p>\n<p>https:\/\/www.youtube.com\/watch?v=QTwUPwrhuSo<\/p>\n","protected":false},"featured_media":21659,"template":"","meta":[],"product_brand":[464],"product_cat":[266,265,128,121],"product_tag":[],"class_list":{"0":"post-21600","1":"product","2":"type-product","3":"status-publish","4":"has-post-thumbnail","6":"product_brand-balmain-hair","7":"product_cat-balmain-hair","8":"product_cat-brandid","9":"product_cat-kammid-harjad","10":"product_cat-koik-tooted","12":"first","13":"instock","14":"taxable","15":"shipping-taxable","16":"purchasable","17":"product-type-simple","18":"add-to-wishlist-after_add_to_cart"},"yoast_head":"<!-- This site is optimized with the Yoast SEO plugin v27.3 - https:\/\/yoast.com\/product\/yoast-seo-wordpress\/ -->\n<title>BALMAIN HAIR kuldne l\u00f5ikuskamm \/ Golden Cutting Comb 14K Gold - Hair Deluxe<\/title>\n<meta name=\"robots\" content=\"index, follow, max-snippet:-1, max-image-preview:large, max-video-preview:-1\" \/>\n<link rel=\"canonical\" href=\"https:\/\/hairdeluxe.ee\/ru\/product\/balmain-kuldne-loikuskamm\/\" \/>\n<meta property=\"og:locale\" content=\"ru_RU\" \/>\n<meta property=\"og:type\" content=\"article\" \/>\n<meta property=\"og:title\" content=\"BALMAIN HAIR kuldne l\u00f5ikuskamm \/ Golden Cutting Comb 14K Gold - Hair Deluxe\" \/>\n<meta property=\"og:description\" content=\"Balmain Hair Couture professionaalne l\u00f5ikuskamm, mis on kaetud 14K kullaga. Sobib ideaalselt juuste l\u00f5ikuste l\u00e4biviimiseks ja kammimiseks meestele. Iga kamm l\u00e4bib l\u00f5pliku poleerimise k\u00e4sit\u00f6\u00f6na, et garanteerida mugavus ja t\u00f5husus t\u00f6\u00f6 tegemisel. Ei rebi juukseid! - Kaetud 14K kullaga - K\u00e4sit\u00f6\u00f6na valmistatud ja j\u00e4relt\u00f6\u00f6deldud - Professionaalne l\u00f5ikuskamm - Annab juustele s\u00e4ra ja eemaldab kahu  https:\/\/www.youtube.com\/watch?v=QTwUPwrhuSo\" \/>\n<meta property=\"og:url\" content=\"https:\/\/hairdeluxe.ee\/ru\/product\/balmain-kuldne-loikuskamm\/\" \/>\n<meta property=\"og:site_name\" content=\"Hair Deluxe\" \/>\n<meta property=\"article:publisher\" content=\"https:\/\/www.facebook.com\/blowbartallinn\" \/>\n<meta property=\"article:modified_time\" content=\"2025-03-18T19:22:41+00:00\" \/>\n<meta property=\"og:image\" content=\"https:\/\/hairdeluxe.ee\/wp-content\/uploads\/2021\/03\/BalmainHair_Tools_CuttingComb_Gold_LR.jpg\" \/>\n\t<meta property=\"og:image:width\" content=\"1500\" \/>\n\t<meta property=\"og:image:height\" content=\"1500\" \/>\n\t<meta property=\"og:image:type\" content=\"image\/jpeg\" \/>\n<meta name=\"twitter:card\" content=\"summary_large_image\" \/>\n<script type=\"application\/ld+json\" class=\"yoast-schema-graph\">{\"@context\":\"https:\\\/\\\/schema.org\",\"@graph\":[{\"@type\":\"WebPage\",\"@id\":\"https:\\\/\\\/hairdeluxe.ee\\\/ru\\\/product\\\/balmain-kuldne-loikuskamm\\\/\",\"url\":\"https:\\\/\\\/hairdeluxe.ee\\\/ru\\\/product\\\/balmain-kuldne-loikuskamm\\\/\",\"name\":\"BALMAIN HAIR kuldne l\u00f5ikuskamm \\\/ Golden Cutting Comb 14K Gold - Hair Deluxe\",\"isPartOf\":{\"@id\":\"https:\\\/\\\/hairdeluxe.ee\\\/ru\\\/#website\"},\"primaryImageOfPage\":{\"@id\":\"https:\\\/\\\/hairdeluxe.ee\\\/ru\\\/product\\\/balmain-kuldne-loikuskamm\\\/#primaryimage\"},\"image\":{\"@id\":\"https:\\\/\\\/hairdeluxe.ee\\\/ru\\\/product\\\/balmain-kuldne-loikuskamm\\\/#primaryimage\"},\"thumbnailUrl\":\"https:\\\/\\\/hairdeluxe.ee\\\/wp-content\\\/uploads\\\/2021\\\/03\\\/BalmainHair_Tools_CuttingComb_Gold_LR.jpg\",\"datePublished\":\"2021-03-17T13:18:53+00:00\",\"dateModified\":\"2025-03-18T19:22:41+00:00\",\"breadcrumb\":{\"@id\":\"https:\\\/\\\/hairdeluxe.ee\\\/ru\\\/product\\\/balmain-kuldne-loikuskamm\\\/#breadcrumb\"},\"inLanguage\":\"ru-RU\",\"potentialAction\":[{\"@type\":\"ReadAction\",\"target\":[\"https:\\\/\\\/hairdeluxe.ee\\\/ru\\\/product\\\/balmain-kuldne-loikuskamm\\\/\"]}]},{\"@type\":\"ImageObject\",\"inLanguage\":\"ru-RU\",\"@id\":\"https:\\\/\\\/hairdeluxe.ee\\\/ru\\\/product\\\/balmain-kuldne-loikuskamm\\\/#primaryimage\",\"url\":\"https:\\\/\\\/hairdeluxe.ee\\\/wp-content\\\/uploads\\\/2021\\\/03\\\/BalmainHair_Tools_CuttingComb_Gold_LR.jpg\",\"contentUrl\":\"https:\\\/\\\/hairdeluxe.ee\\\/wp-content\\\/uploads\\\/2021\\\/03\\\/BalmainHair_Tools_CuttingComb_Gold_LR.jpg\",\"width\":1500,\"height\":1500},{\"@type\":\"BreadcrumbList\",\"@id\":\"https:\\\/\\\/hairdeluxe.ee\\\/ru\\\/product\\\/balmain-kuldne-loikuskamm\\\/#breadcrumb\",\"itemListElement\":[{\"@type\":\"ListItem\",\"position\":1,\"name\":\"Home\",\"item\":\"https:\\\/\\\/hairdeluxe.ee\\\/ru\\\/\"},{\"@type\":\"ListItem\",\"position\":2,\"name\":\"\u041c\u0430\u0433\u0430\u0437\u0438\u043d\",\"item\":\"https:\\\/\\\/hairdeluxe.ee\\\/ru\\\/shop\\\/\"},{\"@type\":\"ListItem\",\"position\":3,\"name\":\"BALMAIN HAIR kuldne l\u00f5ikuskamm \\\/ Golden Cutting Comb 14K Gold\"}]},{\"@type\":\"WebSite\",\"@id\":\"https:\\\/\\\/hairdeluxe.ee\\\/ru\\\/#website\",\"url\":\"https:\\\/\\\/hairdeluxe.ee\\\/ru\\\/\",\"name\":\"Hair Deluxe\",\"description\":\"Highlight your natural beauty\",\"publisher\":{\"@id\":\"https:\\\/\\\/hairdeluxe.ee\\\/ru\\\/#organization\"},\"potentialAction\":[{\"@type\":\"SearchAction\",\"target\":{\"@type\":\"EntryPoint\",\"urlTemplate\":\"https:\\\/\\\/hairdeluxe.ee\\\/ru\\\/?s={search_term_string}\"},\"query-input\":{\"@type\":\"PropertyValueSpecification\",\"valueRequired\":true,\"valueName\":\"search_term_string\"}}],\"inLanguage\":\"ru-RU\"},{\"@type\":\"Organization\",\"@id\":\"https:\\\/\\\/hairdeluxe.ee\\\/ru\\\/#organization\",\"name\":\"Hair Deluxe\",\"url\":\"https:\\\/\\\/hairdeluxe.ee\\\/ru\\\/\",\"logo\":{\"@type\":\"ImageObject\",\"inLanguage\":\"ru-RU\",\"@id\":\"https:\\\/\\\/hairdeluxe.ee\\\/ru\\\/#\\\/schema\\\/logo\\\/image\\\/\",\"url\":\"https:\\\/\\\/hairdeluxe.ee\\\/wp-content\\\/uploads\\\/2024\\\/06\\\/Hair-Deluxe-Logo-Dark-font.png\",\"contentUrl\":\"https:\\\/\\\/hairdeluxe.ee\\\/wp-content\\\/uploads\\\/2024\\\/06\\\/Hair-Deluxe-Logo-Dark-font.png\",\"width\":467,\"height\":177,\"caption\":\"Hair Deluxe\"},\"image\":{\"@id\":\"https:\\\/\\\/hairdeluxe.ee\\\/ru\\\/#\\\/schema\\\/logo\\\/image\\\/\"},\"sameAs\":[\"https:\\\/\\\/www.facebook.com\\\/blowbartallinn\",\"https:\\\/\\\/www.instagram.com\\\/blowbar_tallinn\"]}]}<\/script>\n<!-- \/ Yoast SEO plugin. -->","yoast_head_json":{"title":"BALMAIN HAIR kuldne l\u00f5ikuskamm \/ Golden Cutting Comb 14K Gold - Hair Deluxe","robots":{"index":"index","follow":"follow","max-snippet":"max-snippet:-1","max-image-preview":"max-image-preview:large","max-video-preview":"max-video-preview:-1"},"canonical":"https:\/\/hairdeluxe.ee\/ru\/product\/balmain-kuldne-loikuskamm\/","og_locale":"ru_RU","og_type":"article","og_title":"BALMAIN HAIR kuldne l\u00f5ikuskamm \/ Golden Cutting Comb 14K Gold - Hair Deluxe","og_description":"Balmain Hair Couture professionaalne l\u00f5ikuskamm, mis on kaetud 14K kullaga. Sobib ideaalselt juuste l\u00f5ikuste l\u00e4biviimiseks ja kammimiseks meestele. Iga kamm l\u00e4bib l\u00f5pliku poleerimise k\u00e4sit\u00f6\u00f6na, et garanteerida mugavus ja t\u00f5husus t\u00f6\u00f6 tegemisel. Ei rebi juukseid! - Kaetud 14K kullaga - K\u00e4sit\u00f6\u00f6na valmistatud ja j\u00e4relt\u00f6\u00f6deldud - Professionaalne l\u00f5ikuskamm - Annab juustele s\u00e4ra ja eemaldab kahu  https:\/\/www.youtube.com\/watch?v=QTwUPwrhuSo","og_url":"https:\/\/hairdeluxe.ee\/ru\/product\/balmain-kuldne-loikuskamm\/","og_site_name":"Hair Deluxe","article_publisher":"https:\/\/www.facebook.com\/blowbartallinn","article_modified_time":"2025-03-18T19:22:41+00:00","og_image":[{"width":1500,"height":1500,"url":"https:\/\/hairdeluxe.ee\/wp-content\/uploads\/2021\/03\/BalmainHair_Tools_CuttingComb_Gold_LR.jpg","type":"image\/jpeg"}],"twitter_card":"summary_large_image","schema":{"@context":"https:\/\/schema.org","@graph":[{"@type":"WebPage","@id":"https:\/\/hairdeluxe.ee\/ru\/product\/balmain-kuldne-loikuskamm\/","url":"https:\/\/hairdeluxe.ee\/ru\/product\/balmain-kuldne-loikuskamm\/","name":"BALMAIN HAIR kuldne l\u00f5ikuskamm \/ Golden Cutting Comb 14K Gold - Hair Deluxe","isPartOf":{"@id":"https:\/\/hairdeluxe.ee\/ru\/#website"},"primaryImageOfPage":{"@id":"https:\/\/hairdeluxe.ee\/ru\/product\/balmain-kuldne-loikuskamm\/#primaryimage"},"image":{"@id":"https:\/\/hairdeluxe.ee\/ru\/product\/balmain-kuldne-loikuskamm\/#primaryimage"},"thumbnailUrl":"https:\/\/hairdeluxe.ee\/wp-content\/uploads\/2021\/03\/BalmainHair_Tools_CuttingComb_Gold_LR.jpg","datePublished":"2021-03-17T13:18:53+00:00","dateModified":"2025-03-18T19:22:41+00:00","breadcrumb":{"@id":"https:\/\/hairdeluxe.ee\/ru\/product\/balmain-kuldne-loikuskamm\/#breadcrumb"},"inLanguage":"ru-RU","potentialAction":[{"@type":"ReadAction","target":["https:\/\/hairdeluxe.ee\/ru\/product\/balmain-kuldne-loikuskamm\/"]}]},{"@type":"ImageObject","inLanguage":"ru-RU","@id":"https:\/\/hairdeluxe.ee\/ru\/product\/balmain-kuldne-loikuskamm\/#primaryimage","url":"https:\/\/hairdeluxe.ee\/wp-content\/uploads\/2021\/03\/BalmainHair_Tools_CuttingComb_Gold_LR.jpg","contentUrl":"https:\/\/hairdeluxe.ee\/wp-content\/uploads\/2021\/03\/BalmainHair_Tools_CuttingComb_Gold_LR.jpg","width":1500,"height":1500},{"@type":"BreadcrumbList","@id":"https:\/\/hairdeluxe.ee\/ru\/product\/balmain-kuldne-loikuskamm\/#breadcrumb","itemListElement":[{"@type":"ListItem","position":1,"name":"Home","item":"https:\/\/hairdeluxe.ee\/ru\/"},{"@type":"ListItem","position":2,"name":"\u041c\u0430\u0433\u0430\u0437\u0438\u043d","item":"https:\/\/hairdeluxe.ee\/ru\/shop\/"},{"@type":"ListItem","position":3,"name":"BALMAIN HAIR kuldne l\u00f5ikuskamm \/ Golden Cutting Comb 14K Gold"}]},{"@type":"WebSite","@id":"https:\/\/hairdeluxe.ee\/ru\/#website","url":"https:\/\/hairdeluxe.ee\/ru\/","name":"Hair Deluxe","description":"Highlight your natural beauty","publisher":{"@id":"https:\/\/hairdeluxe.ee\/ru\/#organization"},"potentialAction":[{"@type":"SearchAction","target":{"@type":"EntryPoint","urlTemplate":"https:\/\/hairdeluxe.ee\/ru\/?s={search_term_string}"},"query-input":{"@type":"PropertyValueSpecification","valueRequired":true,"valueName":"search_term_string"}}],"inLanguage":"ru-RU"},{"@type":"Organization","@id":"https:\/\/hairdeluxe.ee\/ru\/#organization","name":"Hair Deluxe","url":"https:\/\/hairdeluxe.ee\/ru\/","logo":{"@type":"ImageObject","inLanguage":"ru-RU","@id":"https:\/\/hairdeluxe.ee\/ru\/#\/schema\/logo\/image\/","url":"https:\/\/hairdeluxe.ee\/wp-content\/uploads\/2024\/06\/Hair-Deluxe-Logo-Dark-font.png","contentUrl":"https:\/\/hairdeluxe.ee\/wp-content\/uploads\/2024\/06\/Hair-Deluxe-Logo-Dark-font.png","width":467,"height":177,"caption":"Hair Deluxe"},"image":{"@id":"https:\/\/hairdeluxe.ee\/ru\/#\/schema\/logo\/image\/"},"sameAs":["https:\/\/www.facebook.com\/blowbartallinn","https:\/\/www.instagram.com\/blowbar_tallinn"]}]}},"_links":{"self":[{"href":"https:\/\/hairdeluxe.ee\/ru\/wp-json\/wp\/v2\/product\/21600","targetHints":{"allow":["GET"]}}],"collection":[{"href":"https:\/\/hairdeluxe.ee\/ru\/wp-json\/wp\/v2\/product"}],"about":[{"href":"https:\/\/hairdeluxe.ee\/ru\/wp-json\/wp\/v2\/types\/product"}],"wp:featuredmedia":[{"embeddable":true,"href":"https:\/\/hairdeluxe.ee\/ru\/wp-json\/wp\/v2\/media\/21659"}],"wp:attachment":[{"href":"https:\/\/hairdeluxe.ee\/ru\/wp-json\/wp\/v2\/media?parent=21600"}],"wp:term":[{"taxonomy":"product_brand","embeddable":true,"href":"https:\/\/hairdeluxe.ee\/ru\/wp-json\/wp\/v2\/product_brand?post=21600"},{"taxonomy":"product_cat","embeddable":true,"href":"https:\/\/hairdeluxe.ee\/ru\/wp-json\/wp\/v2\/product_cat?post=21600"},{"taxonomy":"product_tag","embeddable":true,"href":"https:\/\/hairdeluxe.ee\/ru\/wp-json\/wp\/v2\/product_tag?post=21600"}],"curies":[{"name":"wp","href":"https:\/\/api.w.org\/{rel}","templated":true}]}}