{"id":21602,"date":"2021-03-17T15:18:53","date_gmt":"2021-03-17T13:18:53","guid":{"rendered":"https:\/\/blowbar.ee\/toode\/import-placeholder-for-436\/"},"modified":"2025-03-18T19:22:41","modified_gmt":"2025-03-18T19:22:41","slug":"balmain-spa-pusahari","status":"publish","type":"product","link":"https:\/\/hairdeluxe.ee\/ru\/product\/balmain-spa-pusahari\/","title":{"rendered":"BALMAIN HAIR juuksehari pusadele vastu \/ Detangling Spa Brush"},"content":{"rendered":"<div>\n<div>Detangling Spa Brush on pehme nailonharjased libisevad kergesti l\u00e4bi juuste. Harjased on piisavalt tugevad, et s\u00f5lmedest l\u00e4bi harjata, kuid samas piisavalt elastsed, et olla peanahale \u00f5rnad.<\/div>\n<div>Regulaarne harjamine loob tugevuse, elastsuse, tihendab juuste k\u00fc\u00fcnenaha ning annab terve s\u00e4ra ja kaunid juuksed.<\/div>\n<div>Painduvate harjaste t\u00f5ttu on see juuksehari ideaalne juuksepikendustega juustele. Detangling Spa Brush libiseb kergesti l\u00e4bi juuste, ilma sidemeid kahjustamata.<\/div>\n<div><\/div>\n<\/div>\n<div><\/div>\n<div><strong>KUIDAS KASUTADA:\u00a0<\/strong><\/div>\n<div>Kuidas juuksepikendusi harjata (kuivalt) -T\u00f5mmake k\u00f5ik juuksepikendused \u00fchele k\u00fcljele, hoidke juukseid \u00fche k\u00e4ega alusest, et moodustada hobusesaba.<\/div>\n<div>Nii saab pikendusi harjata ilma sidet t\u00f5mbamata.<\/div>\n<div>Kasutage Detangling Spa Brushi, et harjata juuksed alt \u00fcles. Alustage otste harjamisest ja liikuge \u00fcles, kuni j\u00f5uate peanahani. Nii saavad juuksed lahti juukseid kahjustamata.<\/div>\n","protected":false},"excerpt":{"rendered":"<p>Balmain Hair Spa juukseharjade sarjas on pakkuda ainulaadne pusadevastane hari paindlike nailonist harjastega. Harjased on spetsiaalselt v\u00e4lja t\u00f6\u00f6tatud \u00f5rnaks ja efektiivseks juuste harjamiseks ning pusade lahtiharutamiseks. Koonuselised harjased tagavad valutu juuste harjamise ja pusade lahti harutamise juukseid kahjustamata.<br \/>\nSamal ajal harjaste otstes asuvad pehmed kuulikesed masseerivad peanahka ja stimuleerivad nahaalust vereringet. Sobililk k\u00f5igile juukset\u00fc\u00fcpidele, parukatele ja juuksepikenduse kandjatele.<br \/>\nVetth\u00fclgav.<br \/>\nToode on spetsiaalselt teaduslikult v\u00e4lja t\u00f6\u00f6tatud harutamaks lahti erinevates juukset\u00fc\u00fcpides tekkivad pusad.<br \/>\n<strong>Nahaaluse vereringe stimuleerimine aitab v\u00e4ltida juuste v\u00e4lja langemist.<br \/>\n<\/strong>&#8212; Nailonist kuulikestega tipnevad harjased<br \/>\n&#8212; Hoiab \u00e4ra juuste katkemist ja kahjustumist<br \/>\n&#8212; Harjab h\u00f5lpsalt lahti pusasid ilma neid sikutamata<\/p>\n<p>Parima tulemuse saamiseks, soovitame juukseid vahetult enne harjamist t\u00f6\u00f6delda\u00a0<a href=\"https:\/\/www.balmainhair.ee\/toode\/balmain-leave-in-conditioning-spray-200-ml\/\">Balmain Hair Leave-in Conditioneriga<\/a>, see tagab harjaste efektiivse t\u00f6\u00f6.<br \/>\nTootel lasta ca 1min toimida enne harjamist.<\/p>\n","protected":false},"featured_media":21661,"template":"","meta":[],"product_brand":[464],"product_cat":[266,265,126,128,121,220,155,223,184],"product_tag":[],"class_list":{"0":"post-21602","1":"product","2":"type-product","3":"status-publish","4":"has-post-thumbnail","6":"product_brand-balmain-hair","7":"product_cat-balmain-hair","8":"product_cat-brandid","9":"product_cat-juuksepikendused","10":"product_cat-kammid-harjad","11":"product_cat-koik-tooted","12":"product_cat-pehmed-kahuvabad","13":"product_cat-pikenduste-jarelehoolitsus","14":"product_cat-pusadevastane","15":"product_cat-toovahendid-pikendustele","17":"first","18":"instock","19":"taxable","20":"shipping-taxable","21":"purchasable","22":"product-type-simple","23":"add-to-wishlist-after_add_to_cart"},"yoast_head":"<!-- This site is optimized with the Yoast SEO plugin v27.3 - https:\/\/yoast.com\/product\/yoast-seo-wordpress\/ -->\n<title>BALMAIN HAIR juuksehari pusadele vastu \/ Detangling Spa Brush - Hair Deluxe<\/title>\n<meta name=\"robots\" content=\"index, follow, max-snippet:-1, max-image-preview:large, max-video-preview:-1\" \/>\n<link rel=\"canonical\" href=\"https:\/\/hairdeluxe.ee\/ru\/product\/balmain-spa-pusahari\/\" \/>\n<meta property=\"og:locale\" content=\"ru_RU\" \/>\n<meta property=\"og:type\" content=\"article\" \/>\n<meta property=\"og:title\" content=\"BALMAIN HAIR juuksehari pusadele vastu \/ Detangling Spa Brush - Hair Deluxe\" \/>\n<meta property=\"og:description\" content=\"Balmain Hair Spa juukseharjade sarjas on pakkuda ainulaadne pusadevastane hari paindlike nailonist harjastega. Harjased on spetsiaalselt v\u00e4lja t\u00f6\u00f6tatud \u00f5rnaks ja efektiivseks juuste harjamiseks ning pusade lahtiharutamiseks. Koonuselised harjased tagavad valutu juuste harjamise ja pusade lahti harutamise juukseid kahjustamata. Samal ajal harjaste otstes asuvad pehmed kuulikesed masseerivad peanahka ja stimuleerivad nahaalust vereringet. Sobililk k\u00f5igile juukset\u00fc\u00fcpidele, parukatele ja juuksepikenduse kandjatele. Vetth\u00fclgav. Toode on spetsiaalselt teaduslikult v\u00e4lja t\u00f6\u00f6tatud harutamaks lahti erinevates juukset\u00fc\u00fcpides tekkivad pusad. Nahaaluse vereringe stimuleerimine aitab v\u00e4ltida juuste v\u00e4lja langemist. - Nailonist kuulikestega tipnevad harjased - Hoiab \u00e4ra juuste katkemist ja kahjustumist - Harjab h\u00f5lpsalt lahti pusasid ilma neid sikutamata  Parima tulemuse saamiseks, soovitame juukseid vahetult enne harjamist t\u00f6\u00f6delda\u00a0Balmain Hair Leave-in Conditioneriga, see tagab harjaste efektiivse t\u00f6\u00f6. Tootel lasta ca 1min toimida enne harjamist.\" \/>\n<meta property=\"og:url\" content=\"https:\/\/hairdeluxe.ee\/ru\/product\/balmain-spa-pusahari\/\" \/>\n<meta property=\"og:site_name\" content=\"Hair Deluxe\" \/>\n<meta property=\"article:publisher\" content=\"https:\/\/www.facebook.com\/blowbartallinn\" \/>\n<meta property=\"article:modified_time\" content=\"2025-03-18T19:22:41+00:00\" \/>\n<meta property=\"og:image\" content=\"https:\/\/hairdeluxe.ee\/wp-content\/uploads\/2021\/03\/balmainhair_tools_detanglingspabrush.jpg\" \/>\n\t<meta property=\"og:image:width\" content=\"800\" \/>\n\t<meta property=\"og:image:height\" content=\"800\" \/>\n\t<meta property=\"og:image:type\" content=\"image\/jpeg\" \/>\n<meta name=\"twitter:card\" content=\"summary_large_image\" \/>\n<script type=\"application\/ld+json\" class=\"yoast-schema-graph\">{\"@context\":\"https:\\\/\\\/schema.org\",\"@graph\":[{\"@type\":\"WebPage\",\"@id\":\"https:\\\/\\\/hairdeluxe.ee\\\/ru\\\/product\\\/balmain-spa-pusahari\\\/\",\"url\":\"https:\\\/\\\/hairdeluxe.ee\\\/ru\\\/product\\\/balmain-spa-pusahari\\\/\",\"name\":\"BALMAIN HAIR juuksehari pusadele vastu \\\/ Detangling Spa Brush - Hair Deluxe\",\"isPartOf\":{\"@id\":\"https:\\\/\\\/hairdeluxe.ee\\\/ru\\\/#website\"},\"primaryImageOfPage\":{\"@id\":\"https:\\\/\\\/hairdeluxe.ee\\\/ru\\\/product\\\/balmain-spa-pusahari\\\/#primaryimage\"},\"image\":{\"@id\":\"https:\\\/\\\/hairdeluxe.ee\\\/ru\\\/product\\\/balmain-spa-pusahari\\\/#primaryimage\"},\"thumbnailUrl\":\"https:\\\/\\\/hairdeluxe.ee\\\/wp-content\\\/uploads\\\/2021\\\/03\\\/balmainhair_tools_detanglingspabrush.jpg\",\"datePublished\":\"2021-03-17T13:18:53+00:00\",\"dateModified\":\"2025-03-18T19:22:41+00:00\",\"breadcrumb\":{\"@id\":\"https:\\\/\\\/hairdeluxe.ee\\\/ru\\\/product\\\/balmain-spa-pusahari\\\/#breadcrumb\"},\"inLanguage\":\"ru-RU\",\"potentialAction\":[{\"@type\":\"ReadAction\",\"target\":[\"https:\\\/\\\/hairdeluxe.ee\\\/ru\\\/product\\\/balmain-spa-pusahari\\\/\"]}]},{\"@type\":\"ImageObject\",\"inLanguage\":\"ru-RU\",\"@id\":\"https:\\\/\\\/hairdeluxe.ee\\\/ru\\\/product\\\/balmain-spa-pusahari\\\/#primaryimage\",\"url\":\"https:\\\/\\\/hairdeluxe.ee\\\/wp-content\\\/uploads\\\/2021\\\/03\\\/balmainhair_tools_detanglingspabrush.jpg\",\"contentUrl\":\"https:\\\/\\\/hairdeluxe.ee\\\/wp-content\\\/uploads\\\/2021\\\/03\\\/balmainhair_tools_detanglingspabrush.jpg\",\"width\":800,\"height\":800},{\"@type\":\"BreadcrumbList\",\"@id\":\"https:\\\/\\\/hairdeluxe.ee\\\/ru\\\/product\\\/balmain-spa-pusahari\\\/#breadcrumb\",\"itemListElement\":[{\"@type\":\"ListItem\",\"position\":1,\"name\":\"Home\",\"item\":\"https:\\\/\\\/hairdeluxe.ee\\\/ru\\\/\"},{\"@type\":\"ListItem\",\"position\":2,\"name\":\"\u041c\u0430\u0433\u0430\u0437\u0438\u043d\",\"item\":\"https:\\\/\\\/hairdeluxe.ee\\\/ru\\\/shop\\\/\"},{\"@type\":\"ListItem\",\"position\":3,\"name\":\"BALMAIN HAIR juuksehari pusadele vastu \\\/ Detangling Spa Brush\"}]},{\"@type\":\"WebSite\",\"@id\":\"https:\\\/\\\/hairdeluxe.ee\\\/ru\\\/#website\",\"url\":\"https:\\\/\\\/hairdeluxe.ee\\\/ru\\\/\",\"name\":\"Hair Deluxe\",\"description\":\"Highlight your natural beauty\",\"publisher\":{\"@id\":\"https:\\\/\\\/hairdeluxe.ee\\\/ru\\\/#organization\"},\"potentialAction\":[{\"@type\":\"SearchAction\",\"target\":{\"@type\":\"EntryPoint\",\"urlTemplate\":\"https:\\\/\\\/hairdeluxe.ee\\\/ru\\\/?s={search_term_string}\"},\"query-input\":{\"@type\":\"PropertyValueSpecification\",\"valueRequired\":true,\"valueName\":\"search_term_string\"}}],\"inLanguage\":\"ru-RU\"},{\"@type\":\"Organization\",\"@id\":\"https:\\\/\\\/hairdeluxe.ee\\\/ru\\\/#organization\",\"name\":\"Hair Deluxe\",\"url\":\"https:\\\/\\\/hairdeluxe.ee\\\/ru\\\/\",\"logo\":{\"@type\":\"ImageObject\",\"inLanguage\":\"ru-RU\",\"@id\":\"https:\\\/\\\/hairdeluxe.ee\\\/ru\\\/#\\\/schema\\\/logo\\\/image\\\/\",\"url\":\"https:\\\/\\\/hairdeluxe.ee\\\/wp-content\\\/uploads\\\/2024\\\/06\\\/Hair-Deluxe-Logo-Dark-font.png\",\"contentUrl\":\"https:\\\/\\\/hairdeluxe.ee\\\/wp-content\\\/uploads\\\/2024\\\/06\\\/Hair-Deluxe-Logo-Dark-font.png\",\"width\":467,\"height\":177,\"caption\":\"Hair Deluxe\"},\"image\":{\"@id\":\"https:\\\/\\\/hairdeluxe.ee\\\/ru\\\/#\\\/schema\\\/logo\\\/image\\\/\"},\"sameAs\":[\"https:\\\/\\\/www.facebook.com\\\/blowbartallinn\",\"https:\\\/\\\/www.instagram.com\\\/blowbar_tallinn\"]}]}<\/script>\n<!-- \/ Yoast SEO plugin. -->","yoast_head_json":{"title":"BALMAIN HAIR juuksehari pusadele vastu \/ Detangling Spa Brush - Hair Deluxe","robots":{"index":"index","follow":"follow","max-snippet":"max-snippet:-1","max-image-preview":"max-image-preview:large","max-video-preview":"max-video-preview:-1"},"canonical":"https:\/\/hairdeluxe.ee\/ru\/product\/balmain-spa-pusahari\/","og_locale":"ru_RU","og_type":"article","og_title":"BALMAIN HAIR juuksehari pusadele vastu \/ Detangling Spa Brush - Hair Deluxe","og_description":"Balmain Hair Spa juukseharjade sarjas on pakkuda ainulaadne pusadevastane hari paindlike nailonist harjastega. Harjased on spetsiaalselt v\u00e4lja t\u00f6\u00f6tatud \u00f5rnaks ja efektiivseks juuste harjamiseks ning pusade lahtiharutamiseks. Koonuselised harjased tagavad valutu juuste harjamise ja pusade lahti harutamise juukseid kahjustamata. Samal ajal harjaste otstes asuvad pehmed kuulikesed masseerivad peanahka ja stimuleerivad nahaalust vereringet. Sobililk k\u00f5igile juukset\u00fc\u00fcpidele, parukatele ja juuksepikenduse kandjatele. Vetth\u00fclgav. Toode on spetsiaalselt teaduslikult v\u00e4lja t\u00f6\u00f6tatud harutamaks lahti erinevates juukset\u00fc\u00fcpides tekkivad pusad. Nahaaluse vereringe stimuleerimine aitab v\u00e4ltida juuste v\u00e4lja langemist. - Nailonist kuulikestega tipnevad harjased - Hoiab \u00e4ra juuste katkemist ja kahjustumist - Harjab h\u00f5lpsalt lahti pusasid ilma neid sikutamata  Parima tulemuse saamiseks, soovitame juukseid vahetult enne harjamist t\u00f6\u00f6delda\u00a0Balmain Hair Leave-in Conditioneriga, see tagab harjaste efektiivse t\u00f6\u00f6. Tootel lasta ca 1min toimida enne harjamist.","og_url":"https:\/\/hairdeluxe.ee\/ru\/product\/balmain-spa-pusahari\/","og_site_name":"Hair Deluxe","article_publisher":"https:\/\/www.facebook.com\/blowbartallinn","article_modified_time":"2025-03-18T19:22:41+00:00","og_image":[{"width":800,"height":800,"url":"https:\/\/hairdeluxe.ee\/wp-content\/uploads\/2021\/03\/balmainhair_tools_detanglingspabrush.jpg","type":"image\/jpeg"}],"twitter_card":"summary_large_image","schema":{"@context":"https:\/\/schema.org","@graph":[{"@type":"WebPage","@id":"https:\/\/hairdeluxe.ee\/ru\/product\/balmain-spa-pusahari\/","url":"https:\/\/hairdeluxe.ee\/ru\/product\/balmain-spa-pusahari\/","name":"BALMAIN HAIR juuksehari pusadele vastu \/ Detangling Spa Brush - Hair Deluxe","isPartOf":{"@id":"https:\/\/hairdeluxe.ee\/ru\/#website"},"primaryImageOfPage":{"@id":"https:\/\/hairdeluxe.ee\/ru\/product\/balmain-spa-pusahari\/#primaryimage"},"image":{"@id":"https:\/\/hairdeluxe.ee\/ru\/product\/balmain-spa-pusahari\/#primaryimage"},"thumbnailUrl":"https:\/\/hairdeluxe.ee\/wp-content\/uploads\/2021\/03\/balmainhair_tools_detanglingspabrush.jpg","datePublished":"2021-03-17T13:18:53+00:00","dateModified":"2025-03-18T19:22:41+00:00","breadcrumb":{"@id":"https:\/\/hairdeluxe.ee\/ru\/product\/balmain-spa-pusahari\/#breadcrumb"},"inLanguage":"ru-RU","potentialAction":[{"@type":"ReadAction","target":["https:\/\/hairdeluxe.ee\/ru\/product\/balmain-spa-pusahari\/"]}]},{"@type":"ImageObject","inLanguage":"ru-RU","@id":"https:\/\/hairdeluxe.ee\/ru\/product\/balmain-spa-pusahari\/#primaryimage","url":"https:\/\/hairdeluxe.ee\/wp-content\/uploads\/2021\/03\/balmainhair_tools_detanglingspabrush.jpg","contentUrl":"https:\/\/hairdeluxe.ee\/wp-content\/uploads\/2021\/03\/balmainhair_tools_detanglingspabrush.jpg","width":800,"height":800},{"@type":"BreadcrumbList","@id":"https:\/\/hairdeluxe.ee\/ru\/product\/balmain-spa-pusahari\/#breadcrumb","itemListElement":[{"@type":"ListItem","position":1,"name":"Home","item":"https:\/\/hairdeluxe.ee\/ru\/"},{"@type":"ListItem","position":2,"name":"\u041c\u0430\u0433\u0430\u0437\u0438\u043d","item":"https:\/\/hairdeluxe.ee\/ru\/shop\/"},{"@type":"ListItem","position":3,"name":"BALMAIN HAIR juuksehari pusadele vastu \/ Detangling Spa Brush"}]},{"@type":"WebSite","@id":"https:\/\/hairdeluxe.ee\/ru\/#website","url":"https:\/\/hairdeluxe.ee\/ru\/","name":"Hair Deluxe","description":"Highlight your natural beauty","publisher":{"@id":"https:\/\/hairdeluxe.ee\/ru\/#organization"},"potentialAction":[{"@type":"SearchAction","target":{"@type":"EntryPoint","urlTemplate":"https:\/\/hairdeluxe.ee\/ru\/?s={search_term_string}"},"query-input":{"@type":"PropertyValueSpecification","valueRequired":true,"valueName":"search_term_string"}}],"inLanguage":"ru-RU"},{"@type":"Organization","@id":"https:\/\/hairdeluxe.ee\/ru\/#organization","name":"Hair Deluxe","url":"https:\/\/hairdeluxe.ee\/ru\/","logo":{"@type":"ImageObject","inLanguage":"ru-RU","@id":"https:\/\/hairdeluxe.ee\/ru\/#\/schema\/logo\/image\/","url":"https:\/\/hairdeluxe.ee\/wp-content\/uploads\/2024\/06\/Hair-Deluxe-Logo-Dark-font.png","contentUrl":"https:\/\/hairdeluxe.ee\/wp-content\/uploads\/2024\/06\/Hair-Deluxe-Logo-Dark-font.png","width":467,"height":177,"caption":"Hair Deluxe"},"image":{"@id":"https:\/\/hairdeluxe.ee\/ru\/#\/schema\/logo\/image\/"},"sameAs":["https:\/\/www.facebook.com\/blowbartallinn","https:\/\/www.instagram.com\/blowbar_tallinn"]}]}},"_links":{"self":[{"href":"https:\/\/hairdeluxe.ee\/ru\/wp-json\/wp\/v2\/product\/21602","targetHints":{"allow":["GET"]}}],"collection":[{"href":"https:\/\/hairdeluxe.ee\/ru\/wp-json\/wp\/v2\/product"}],"about":[{"href":"https:\/\/hairdeluxe.ee\/ru\/wp-json\/wp\/v2\/types\/product"}],"wp:featuredmedia":[{"embeddable":true,"href":"https:\/\/hairdeluxe.ee\/ru\/wp-json\/wp\/v2\/media\/21661"}],"wp:attachment":[{"href":"https:\/\/hairdeluxe.ee\/ru\/wp-json\/wp\/v2\/media?parent=21602"}],"wp:term":[{"taxonomy":"product_brand","embeddable":true,"href":"https:\/\/hairdeluxe.ee\/ru\/wp-json\/wp\/v2\/product_brand?post=21602"},{"taxonomy":"product_cat","embeddable":true,"href":"https:\/\/hairdeluxe.ee\/ru\/wp-json\/wp\/v2\/product_cat?post=21602"},{"taxonomy":"product_tag","embeddable":true,"href":"https:\/\/hairdeluxe.ee\/ru\/wp-json\/wp\/v2\/product_tag?post=21602"}],"curies":[{"name":"wp","href":"https:\/\/api.w.org\/{rel}","templated":true}]}}