{"id":21604,"date":"2021-03-17T15:18:53","date_gmt":"2021-03-17T13:18:53","guid":{"rendered":"https:\/\/blowbar.ee\/toode\/import-placeholder-for-439\/"},"modified":"2025-03-18T19:22:41","modified_gmt":"2025-03-18T19:22:41","slug":"balmain-luksuslik-spa-hari","status":"publish","type":"product","link":"https:\/\/hairdeluxe.ee\/ru\/product\/balmain-luksuslik-spa-hari\/","title":{"rendered":"BALMAIN HAIR luksuslik Spa juuksehari \/ Luxury Spa Brush Black"},"content":{"rendered":"","protected":false},"excerpt":{"rendered":"<p>Luxury Spa Brush on valmistatud 100% naturaalsetest metssea turja harjastest ning on spetsiaalselt disainitud loomaks eriliselt sile ja s\u00e4rav l\u00f5ppviimistlus. Harja unikaalne struktuur kannab juuste loomulikke \u00f5lisid peanahalt juuste otsteni, kattes n\u00f5nda igat juuksekarva v\u00e4ga v\u00e4ikese, kuid olulise koguse juuste enda naturaalse \u00f5liga. T\u00e4nu sellele aitab see hari taastada kuivade juuste loomulikku niisutust, v\u00e4hendades kahu ja lisab juustele enneolematut s\u00e4ra.<br \/>\nSOBIB JUUSTE \u00d5RNAKS HARJAMISEKS SALKUDE KAUPA.<br \/>\nOLULINE ON, ET JUUKSED EI OLE PUSAS!<br \/>\n&#8212; 100% naturaalsed metssea harjased<br \/>\n&#8212; Sobib ideaalselt k\u00f5igile juukset\u00fc\u00fcpidele<br \/>\n&#8212; Lisab juustele enneolematu s\u00e4ra ja professonaalse viimistluse<\/p>\n<p>Parima tulemuse saamiseks, soovitame juukseid vahetult enne harjamist t\u00f6\u00f6delda\u00a0<a href=\"https:\/\/www.balmainhair.ee\/toode\/balmain-leave-in-conditioning-spray-200-ml\/\">Balmain Hair Leave-in Conditioneriga<\/a>, see tagab harjaste efektiivse t\u00f6\u00f6. Tootel lasta ca 1min toimida enne harjamist.<\/p>\n<p>V\u00e4ga paksude ja pusas juuste harjamiseks soovitame kasutada:<br \/>\n<a href=\"https:\/\/www.balmainhair.ee\/toode\/balmain-detangling-spa-brush\/\">Balmain Hair Detangling Spa Brush<\/a><br \/>\n<a href=\"https:\/\/www.balmainhair.ee\/toode\/balmain-all-purpose-spa-brush\/\">Balmain Hair All Purpose Spa Bruch<\/a><br \/>\n<a href=\"https:\/\/www.balmainhair.ee\/toode\/balmain-mini-all-purpose-spa-brush\/\">Mini All Purpose Spa Bruch<\/a><\/p>\n","protected":false},"featured_media":21663,"template":"","meta":[],"product_brand":[464],"product_cat":[266,265,128,121],"product_tag":[],"class_list":{"0":"post-21604","1":"product","2":"type-product","3":"status-publish","4":"has-post-thumbnail","6":"product_brand-balmain-hair","7":"product_cat-balmain-hair","8":"product_cat-brandid","9":"product_cat-kammid-harjad","10":"product_cat-koik-tooted","12":"first","13":"instock","14":"taxable","15":"shipping-taxable","16":"purchasable","17":"product-type-simple","18":"add-to-wishlist-after_add_to_cart"},"yoast_head":"<!-- This site is optimized with the Yoast SEO plugin v27.3 - https:\/\/yoast.com\/product\/yoast-seo-wordpress\/ -->\n<title>BALMAIN HAIR luksuslik Spa juuksehari \/ Luxury Spa Brush Black - Hair Deluxe<\/title>\n<meta name=\"robots\" content=\"index, follow, max-snippet:-1, max-image-preview:large, max-video-preview:-1\" \/>\n<link rel=\"canonical\" href=\"https:\/\/hairdeluxe.ee\/ru\/product\/balmain-luksuslik-spa-hari\/\" \/>\n<meta property=\"og:locale\" content=\"ru_RU\" \/>\n<meta property=\"og:type\" content=\"article\" \/>\n<meta property=\"og:title\" content=\"BALMAIN HAIR luksuslik Spa juuksehari \/ Luxury Spa Brush Black - Hair Deluxe\" \/>\n<meta property=\"og:description\" content=\"Luxury Spa Brush on valmistatud 100% naturaalsetest metssea turja harjastest ning on spetsiaalselt disainitud loomaks eriliselt sile ja s\u00e4rav l\u00f5ppviimistlus. Harja unikaalne struktuur kannab juuste loomulikke \u00f5lisid peanahalt juuste otsteni, kattes n\u00f5nda igat juuksekarva v\u00e4ga v\u00e4ikese, kuid olulise koguse juuste enda naturaalse \u00f5liga. T\u00e4nu sellele aitab see hari taastada kuivade juuste loomulikku niisutust, v\u00e4hendades kahu ja lisab juustele enneolematut s\u00e4ra. SOBIB JUUSTE \u00d5RNAKS HARJAMISEKS SALKUDE KAUPA. OLULINE ON, ET JUUKSED EI OLE PUSAS! - 100% naturaalsed metssea harjased - Sobib ideaalselt k\u00f5igile juukset\u00fc\u00fcpidele - Lisab juustele enneolematu s\u00e4ra ja professonaalse viimistluse  Parima tulemuse saamiseks, soovitame juukseid vahetult enne harjamist t\u00f6\u00f6delda\u00a0Balmain Hair Leave-in Conditioneriga, see tagab harjaste efektiivse t\u00f6\u00f6. Tootel lasta ca 1min toimida enne harjamist.  V\u00e4ga paksude ja pusas juuste harjamiseks soovitame kasutada: Balmain Hair Detangling Spa Brush Balmain Hair All Purpose Spa Bruch Mini All Purpose Spa Bruch\" \/>\n<meta property=\"og:url\" content=\"https:\/\/hairdeluxe.ee\/ru\/product\/balmain-luksuslik-spa-hari\/\" \/>\n<meta property=\"og:site_name\" content=\"Hair Deluxe\" \/>\n<meta property=\"article:publisher\" content=\"https:\/\/www.facebook.com\/blowbartallinn\" \/>\n<meta property=\"article:modified_time\" content=\"2025-03-18T19:22:41+00:00\" \/>\n<meta property=\"og:image\" content=\"https:\/\/hairdeluxe.ee\/wp-content\/uploads\/2021\/03\/balmainhair_tools_luxuryspabrush.jpg\" \/>\n\t<meta property=\"og:image:width\" content=\"800\" \/>\n\t<meta property=\"og:image:height\" content=\"800\" \/>\n\t<meta property=\"og:image:type\" content=\"image\/jpeg\" \/>\n<meta name=\"twitter:card\" content=\"summary_large_image\" \/>\n<script type=\"application\/ld+json\" class=\"yoast-schema-graph\">{\"@context\":\"https:\\\/\\\/schema.org\",\"@graph\":[{\"@type\":\"WebPage\",\"@id\":\"https:\\\/\\\/hairdeluxe.ee\\\/ru\\\/product\\\/balmain-luksuslik-spa-hari\\\/\",\"url\":\"https:\\\/\\\/hairdeluxe.ee\\\/ru\\\/product\\\/balmain-luksuslik-spa-hari\\\/\",\"name\":\"BALMAIN HAIR luksuslik Spa juuksehari \\\/ Luxury Spa Brush Black - Hair Deluxe\",\"isPartOf\":{\"@id\":\"https:\\\/\\\/hairdeluxe.ee\\\/ru\\\/#website\"},\"primaryImageOfPage\":{\"@id\":\"https:\\\/\\\/hairdeluxe.ee\\\/ru\\\/product\\\/balmain-luksuslik-spa-hari\\\/#primaryimage\"},\"image\":{\"@id\":\"https:\\\/\\\/hairdeluxe.ee\\\/ru\\\/product\\\/balmain-luksuslik-spa-hari\\\/#primaryimage\"},\"thumbnailUrl\":\"https:\\\/\\\/hairdeluxe.ee\\\/wp-content\\\/uploads\\\/2021\\\/03\\\/balmainhair_tools_luxuryspabrush.jpg\",\"datePublished\":\"2021-03-17T13:18:53+00:00\",\"dateModified\":\"2025-03-18T19:22:41+00:00\",\"breadcrumb\":{\"@id\":\"https:\\\/\\\/hairdeluxe.ee\\\/ru\\\/product\\\/balmain-luksuslik-spa-hari\\\/#breadcrumb\"},\"inLanguage\":\"ru-RU\",\"potentialAction\":[{\"@type\":\"ReadAction\",\"target\":[\"https:\\\/\\\/hairdeluxe.ee\\\/ru\\\/product\\\/balmain-luksuslik-spa-hari\\\/\"]}]},{\"@type\":\"ImageObject\",\"inLanguage\":\"ru-RU\",\"@id\":\"https:\\\/\\\/hairdeluxe.ee\\\/ru\\\/product\\\/balmain-luksuslik-spa-hari\\\/#primaryimage\",\"url\":\"https:\\\/\\\/hairdeluxe.ee\\\/wp-content\\\/uploads\\\/2021\\\/03\\\/balmainhair_tools_luxuryspabrush.jpg\",\"contentUrl\":\"https:\\\/\\\/hairdeluxe.ee\\\/wp-content\\\/uploads\\\/2021\\\/03\\\/balmainhair_tools_luxuryspabrush.jpg\",\"width\":800,\"height\":800},{\"@type\":\"BreadcrumbList\",\"@id\":\"https:\\\/\\\/hairdeluxe.ee\\\/ru\\\/product\\\/balmain-luksuslik-spa-hari\\\/#breadcrumb\",\"itemListElement\":[{\"@type\":\"ListItem\",\"position\":1,\"name\":\"Home\",\"item\":\"https:\\\/\\\/hairdeluxe.ee\\\/ru\\\/\"},{\"@type\":\"ListItem\",\"position\":2,\"name\":\"\u041c\u0430\u0433\u0430\u0437\u0438\u043d\",\"item\":\"https:\\\/\\\/hairdeluxe.ee\\\/ru\\\/shop\\\/\"},{\"@type\":\"ListItem\",\"position\":3,\"name\":\"BALMAIN HAIR luksuslik Spa juuksehari \\\/ Luxury Spa Brush Black\"}]},{\"@type\":\"WebSite\",\"@id\":\"https:\\\/\\\/hairdeluxe.ee\\\/ru\\\/#website\",\"url\":\"https:\\\/\\\/hairdeluxe.ee\\\/ru\\\/\",\"name\":\"Hair Deluxe\",\"description\":\"Highlight your natural beauty\",\"publisher\":{\"@id\":\"https:\\\/\\\/hairdeluxe.ee\\\/ru\\\/#organization\"},\"potentialAction\":[{\"@type\":\"SearchAction\",\"target\":{\"@type\":\"EntryPoint\",\"urlTemplate\":\"https:\\\/\\\/hairdeluxe.ee\\\/ru\\\/?s={search_term_string}\"},\"query-input\":{\"@type\":\"PropertyValueSpecification\",\"valueRequired\":true,\"valueName\":\"search_term_string\"}}],\"inLanguage\":\"ru-RU\"},{\"@type\":\"Organization\",\"@id\":\"https:\\\/\\\/hairdeluxe.ee\\\/ru\\\/#organization\",\"name\":\"Hair Deluxe\",\"url\":\"https:\\\/\\\/hairdeluxe.ee\\\/ru\\\/\",\"logo\":{\"@type\":\"ImageObject\",\"inLanguage\":\"ru-RU\",\"@id\":\"https:\\\/\\\/hairdeluxe.ee\\\/ru\\\/#\\\/schema\\\/logo\\\/image\\\/\",\"url\":\"https:\\\/\\\/hairdeluxe.ee\\\/wp-content\\\/uploads\\\/2024\\\/06\\\/Hair-Deluxe-Logo-Dark-font.png\",\"contentUrl\":\"https:\\\/\\\/hairdeluxe.ee\\\/wp-content\\\/uploads\\\/2024\\\/06\\\/Hair-Deluxe-Logo-Dark-font.png\",\"width\":467,\"height\":177,\"caption\":\"Hair Deluxe\"},\"image\":{\"@id\":\"https:\\\/\\\/hairdeluxe.ee\\\/ru\\\/#\\\/schema\\\/logo\\\/image\\\/\"},\"sameAs\":[\"https:\\\/\\\/www.facebook.com\\\/blowbartallinn\",\"https:\\\/\\\/www.instagram.com\\\/blowbar_tallinn\"]}]}<\/script>\n<!-- \/ Yoast SEO plugin. -->","yoast_head_json":{"title":"BALMAIN HAIR luksuslik Spa juuksehari \/ Luxury Spa Brush Black - Hair Deluxe","robots":{"index":"index","follow":"follow","max-snippet":"max-snippet:-1","max-image-preview":"max-image-preview:large","max-video-preview":"max-video-preview:-1"},"canonical":"https:\/\/hairdeluxe.ee\/ru\/product\/balmain-luksuslik-spa-hari\/","og_locale":"ru_RU","og_type":"article","og_title":"BALMAIN HAIR luksuslik Spa juuksehari \/ Luxury Spa Brush Black - Hair Deluxe","og_description":"Luxury Spa Brush on valmistatud 100% naturaalsetest metssea turja harjastest ning on spetsiaalselt disainitud loomaks eriliselt sile ja s\u00e4rav l\u00f5ppviimistlus. Harja unikaalne struktuur kannab juuste loomulikke \u00f5lisid peanahalt juuste otsteni, kattes n\u00f5nda igat juuksekarva v\u00e4ga v\u00e4ikese, kuid olulise koguse juuste enda naturaalse \u00f5liga. T\u00e4nu sellele aitab see hari taastada kuivade juuste loomulikku niisutust, v\u00e4hendades kahu ja lisab juustele enneolematut s\u00e4ra. SOBIB JUUSTE \u00d5RNAKS HARJAMISEKS SALKUDE KAUPA. OLULINE ON, ET JUUKSED EI OLE PUSAS! - 100% naturaalsed metssea harjased - Sobib ideaalselt k\u00f5igile juukset\u00fc\u00fcpidele - Lisab juustele enneolematu s\u00e4ra ja professonaalse viimistluse  Parima tulemuse saamiseks, soovitame juukseid vahetult enne harjamist t\u00f6\u00f6delda\u00a0Balmain Hair Leave-in Conditioneriga, see tagab harjaste efektiivse t\u00f6\u00f6. Tootel lasta ca 1min toimida enne harjamist.  V\u00e4ga paksude ja pusas juuste harjamiseks soovitame kasutada: Balmain Hair Detangling Spa Brush Balmain Hair All Purpose Spa Bruch Mini All Purpose Spa Bruch","og_url":"https:\/\/hairdeluxe.ee\/ru\/product\/balmain-luksuslik-spa-hari\/","og_site_name":"Hair Deluxe","article_publisher":"https:\/\/www.facebook.com\/blowbartallinn","article_modified_time":"2025-03-18T19:22:41+00:00","og_image":[{"width":800,"height":800,"url":"https:\/\/hairdeluxe.ee\/wp-content\/uploads\/2021\/03\/balmainhair_tools_luxuryspabrush.jpg","type":"image\/jpeg"}],"twitter_card":"summary_large_image","schema":{"@context":"https:\/\/schema.org","@graph":[{"@type":"WebPage","@id":"https:\/\/hairdeluxe.ee\/ru\/product\/balmain-luksuslik-spa-hari\/","url":"https:\/\/hairdeluxe.ee\/ru\/product\/balmain-luksuslik-spa-hari\/","name":"BALMAIN HAIR luksuslik Spa juuksehari \/ Luxury Spa Brush Black - Hair Deluxe","isPartOf":{"@id":"https:\/\/hairdeluxe.ee\/ru\/#website"},"primaryImageOfPage":{"@id":"https:\/\/hairdeluxe.ee\/ru\/product\/balmain-luksuslik-spa-hari\/#primaryimage"},"image":{"@id":"https:\/\/hairdeluxe.ee\/ru\/product\/balmain-luksuslik-spa-hari\/#primaryimage"},"thumbnailUrl":"https:\/\/hairdeluxe.ee\/wp-content\/uploads\/2021\/03\/balmainhair_tools_luxuryspabrush.jpg","datePublished":"2021-03-17T13:18:53+00:00","dateModified":"2025-03-18T19:22:41+00:00","breadcrumb":{"@id":"https:\/\/hairdeluxe.ee\/ru\/product\/balmain-luksuslik-spa-hari\/#breadcrumb"},"inLanguage":"ru-RU","potentialAction":[{"@type":"ReadAction","target":["https:\/\/hairdeluxe.ee\/ru\/product\/balmain-luksuslik-spa-hari\/"]}]},{"@type":"ImageObject","inLanguage":"ru-RU","@id":"https:\/\/hairdeluxe.ee\/ru\/product\/balmain-luksuslik-spa-hari\/#primaryimage","url":"https:\/\/hairdeluxe.ee\/wp-content\/uploads\/2021\/03\/balmainhair_tools_luxuryspabrush.jpg","contentUrl":"https:\/\/hairdeluxe.ee\/wp-content\/uploads\/2021\/03\/balmainhair_tools_luxuryspabrush.jpg","width":800,"height":800},{"@type":"BreadcrumbList","@id":"https:\/\/hairdeluxe.ee\/ru\/product\/balmain-luksuslik-spa-hari\/#breadcrumb","itemListElement":[{"@type":"ListItem","position":1,"name":"Home","item":"https:\/\/hairdeluxe.ee\/ru\/"},{"@type":"ListItem","position":2,"name":"\u041c\u0430\u0433\u0430\u0437\u0438\u043d","item":"https:\/\/hairdeluxe.ee\/ru\/shop\/"},{"@type":"ListItem","position":3,"name":"BALMAIN HAIR luksuslik Spa juuksehari \/ Luxury Spa Brush Black"}]},{"@type":"WebSite","@id":"https:\/\/hairdeluxe.ee\/ru\/#website","url":"https:\/\/hairdeluxe.ee\/ru\/","name":"Hair Deluxe","description":"Highlight your natural beauty","publisher":{"@id":"https:\/\/hairdeluxe.ee\/ru\/#organization"},"potentialAction":[{"@type":"SearchAction","target":{"@type":"EntryPoint","urlTemplate":"https:\/\/hairdeluxe.ee\/ru\/?s={search_term_string}"},"query-input":{"@type":"PropertyValueSpecification","valueRequired":true,"valueName":"search_term_string"}}],"inLanguage":"ru-RU"},{"@type":"Organization","@id":"https:\/\/hairdeluxe.ee\/ru\/#organization","name":"Hair Deluxe","url":"https:\/\/hairdeluxe.ee\/ru\/","logo":{"@type":"ImageObject","inLanguage":"ru-RU","@id":"https:\/\/hairdeluxe.ee\/ru\/#\/schema\/logo\/image\/","url":"https:\/\/hairdeluxe.ee\/wp-content\/uploads\/2024\/06\/Hair-Deluxe-Logo-Dark-font.png","contentUrl":"https:\/\/hairdeluxe.ee\/wp-content\/uploads\/2024\/06\/Hair-Deluxe-Logo-Dark-font.png","width":467,"height":177,"caption":"Hair Deluxe"},"image":{"@id":"https:\/\/hairdeluxe.ee\/ru\/#\/schema\/logo\/image\/"},"sameAs":["https:\/\/www.facebook.com\/blowbartallinn","https:\/\/www.instagram.com\/blowbar_tallinn"]}]}},"_links":{"self":[{"href":"https:\/\/hairdeluxe.ee\/ru\/wp-json\/wp\/v2\/product\/21604","targetHints":{"allow":["GET"]}}],"collection":[{"href":"https:\/\/hairdeluxe.ee\/ru\/wp-json\/wp\/v2\/product"}],"about":[{"href":"https:\/\/hairdeluxe.ee\/ru\/wp-json\/wp\/v2\/types\/product"}],"wp:featuredmedia":[{"embeddable":true,"href":"https:\/\/hairdeluxe.ee\/ru\/wp-json\/wp\/v2\/media\/21663"}],"wp:attachment":[{"href":"https:\/\/hairdeluxe.ee\/ru\/wp-json\/wp\/v2\/media?parent=21604"}],"wp:term":[{"taxonomy":"product_brand","embeddable":true,"href":"https:\/\/hairdeluxe.ee\/ru\/wp-json\/wp\/v2\/product_brand?post=21604"},{"taxonomy":"product_cat","embeddable":true,"href":"https:\/\/hairdeluxe.ee\/ru\/wp-json\/wp\/v2\/product_cat?post=21604"},{"taxonomy":"product_tag","embeddable":true,"href":"https:\/\/hairdeluxe.ee\/ru\/wp-json\/wp\/v2\/product_tag?post=21604"}],"curies":[{"name":"wp","href":"https:\/\/api.w.org\/{rel}","templated":true}]}}