{"id":21606,"date":"2021-03-17T15:18:53","date_gmt":"2021-03-17T13:18:53","guid":{"rendered":"https:\/\/blowbar.ee\/toode\/import-placeholder-for-444\/"},"modified":"2025-03-18T19:22:40","modified_gmt":"2025-03-18T19:22:40","slug":"balmain-niisutav-juuksepalsam-moisturizing-300ml","status":"publish","type":"product","link":"https:\/\/hairdeluxe.ee\/ru\/product\/balmain-niisutav-juuksepalsam-moisturizing-300ml\/","title":{"rendered":"BALMAIN HAIR juukseid s\u00fcgavuti niisutav palsam \/ Moisturizing Conditioner 300ml"},"content":{"rendered":"<p><em><strong>Koostis:<\/strong>\u00a0Aqua, Cetearyl Alcohol, Behentrimonium Chloride, Dipalmitoylethyl Hydroxyethylmonium Methosulfate , Bis-Diglyceryl Polyacyladipate-2, Cetrimonium Chloride, Argania Spinosa Kernel Oil, Silk Amino Acids, Panthenol, Dimethylpabamidopropyl Lauryldimonium Tosylate, Propylene Glycol Stearate, Ceteareth-20, Quaternium-80, Polyquaternium-16, Ethylhexyl Methoxycinnamate, Phenoxyethanol, Ethylhexylglycerin, Parfum, Citric Acid.<\/em><\/p>\n","protected":false},"excerpt":{"rendered":"<p style=\"text-align: left;\">Spetsiaalselt v\u00e4lja t\u00f6\u00f6tatud juukseid s\u00fcgavuti niisutava tootesarja kuuluv palsam sobib ideaalselt normaalsetele ja v\u00e4rvitud juustele. Sari on rikastatud puhta orgaanilise argaania\u00f5liga, mis taastab ja kaitseb juukseid, andes neile naturaalse s\u00e4ra ja elastsuse. K\u00f5ik sarja tooted on parabeenide vabad.<br \/>\nNiisutava sarja hooldusvahendid on rikastatud parimate koostisosadega saavutamaks juustele optimaalne tulemus. UV-kaitse lisab juustele kaitset UV-kiirguse vastu, laskmata juuste v\u00e4rvusel tuhmuda. V\u00e4rvitud juustele annab see kauap\u00fcsiva v\u00e4rske tulemuse ning briljantse s\u00e4ra. Provitamiin B5 aitab parandada niiskuse s\u00e4ilivust, hoiab juuksed elastsete, tugevate ja paindlikutena. Toode rahustab \u00fchtlasi \u00e4rritunud ja \u00f5rna peanahka, muutes juukseid pehmemaks ning lisades rikkalikku s\u00e4ra. Toimeaine ergutab juukseid veel ekstra B-vitamiiniga, muutes juukseid tihedamaks ja stimuleerides juuste kasvu.\u00a0<strong>Aitab v\u00e4ltida juuste v\u00e4ljalangemist!<br \/>\n<\/strong>Niisutav, t\u00e4iustatud koostisega palsam toidab ja niisutab juukseid s\u00fcgavuti. Selle koostis on rikastatud puhta orgaanilise argaania\u00f5liga. Sobib keemiliselt t\u00f6\u00f6deldud ja\/v\u00f5i v\u00e4rvitud juustele. Muudab juuksed tugevaks, s\u00e4ravaks ja kergesti k\u00e4sitletavaks ning kammitavaks. Toidab, taastab ja annab juustele loomulikku s\u00e4ra ja elastsust. Siidiproteiin ja argaania\u00f5li s\u00e4ilitavad optimaalse niiskustaseme juustes, parandavad ja kaitsevad kahjustunud, kuivi ning n\u00f5rkasid juukseid kahjulike keskkonnam\u00f5jude eest. Balmain Hair signatuurl\u00f5hnaga. Parabeenivaba.<\/p>\n<p style=\"text-align: left;\"><strong>Kasutamine:<\/strong>\u00a0Kanda niisketele juustele, masseerida ja levitada toodet \u00f5rnalt 3min kogu juuste pikkuses ja loputada hoolikalt.<\/p>\n<p style=\"text-align: left;\"><strong>Soovitus:<\/strong>\u00a0Loputada juukseid jaheda veega \u2013 l\u00e4htuvalt jaheda vee pH-tasemest, talletuvad palsami kasulikud komponendid juustesse ning annavad neile kauni s\u00e4ra.<\/p>\n<p style=\"text-align: left;\">Kogus: 300ml<\/p>\n","protected":false},"featured_media":21665,"template":"","meta":[],"product_brand":[464],"product_cat":[266,265,208,121,218,158,279],"product_tag":[],"class_list":{"0":"post-21606","1":"product","2":"type-product","3":"status-publish","4":"has-post-thumbnail","6":"product_brand-balmain-hair","7":"product_cat-balmain-hair","8":"product_cat-brandid","9":"product_cat-juuksehooldus","10":"product_cat-koik-tooted","11":"product_cat-palsamid","12":"product_cat-populaarsed","13":"product_cat-sugavuti-niisutav-moisturizing","15":"first","16":"instock","17":"taxable","18":"shipping-taxable","19":"purchasable","20":"product-type-simple","21":"add-to-wishlist-after_add_to_cart"},"yoast_head":"<!-- This site is optimized with the Yoast SEO plugin v27.3 - https:\/\/yoast.com\/product\/yoast-seo-wordpress\/ -->\n<title>BALMAIN HAIR juukseid s\u00fcgavuti niisutav palsam \/ Moisturizing Conditioner 300ml - Hair Deluxe<\/title>\n<meta name=\"robots\" content=\"index, follow, max-snippet:-1, max-image-preview:large, max-video-preview:-1\" \/>\n<link rel=\"canonical\" href=\"https:\/\/hairdeluxe.ee\/ru\/product\/balmain-niisutav-juuksepalsam-moisturizing-300ml\/\" \/>\n<meta property=\"og:locale\" content=\"ru_RU\" \/>\n<meta property=\"og:type\" content=\"article\" \/>\n<meta property=\"og:title\" content=\"BALMAIN HAIR juukseid s\u00fcgavuti niisutav palsam \/ Moisturizing Conditioner 300ml - Hair Deluxe\" \/>\n<meta property=\"og:description\" content=\"Spetsiaalselt v\u00e4lja t\u00f6\u00f6tatud juukseid s\u00fcgavuti niisutava tootesarja kuuluv palsam sobib ideaalselt normaalsetele ja v\u00e4rvitud juustele. Sari on rikastatud puhta orgaanilise argaania\u00f5liga, mis taastab ja kaitseb juukseid, andes neile naturaalse s\u00e4ra ja elastsuse. K\u00f5ik sarja tooted on parabeenide vabad. Niisutava sarja hooldusvahendid on rikastatud parimate koostisosadega saavutamaks juustele optimaalne tulemus. UV-kaitse lisab juustele kaitset UV-kiirguse vastu, laskmata juuste v\u00e4rvusel tuhmuda. V\u00e4rvitud juustele annab see kauap\u00fcsiva v\u00e4rske tulemuse ning briljantse s\u00e4ra. Provitamiin B5 aitab parandada niiskuse s\u00e4ilivust, hoiab juuksed elastsete, tugevate ja paindlikutena. Toode rahustab \u00fchtlasi \u00e4rritunud ja \u00f5rna peanahka, muutes juukseid pehmemaks ning lisades rikkalikku s\u00e4ra. Toimeaine ergutab juukseid veel ekstra B-vitamiiniga, muutes juukseid tihedamaks ja stimuleerides juuste kasvu.\u00a0Aitab v\u00e4ltida juuste v\u00e4ljalangemist! Niisutav, t\u00e4iustatud koostisega palsam toidab ja niisutab juukseid s\u00fcgavuti. Selle koostis on rikastatud puhta orgaanilise argaania\u00f5liga. Sobib keemiliselt t\u00f6\u00f6deldud ja\/v\u00f5i v\u00e4rvitud juustele. Muudab juuksed tugevaks, s\u00e4ravaks ja kergesti k\u00e4sitletavaks ning kammitavaks. Toidab, taastab ja annab juustele loomulikku s\u00e4ra ja elastsust. Siidiproteiin ja argaania\u00f5li s\u00e4ilitavad optimaalse niiskustaseme juustes, parandavad ja kaitsevad kahjustunud, kuivi ning n\u00f5rkasid juukseid kahjulike keskkonnam\u00f5jude eest. Balmain Hair signatuurl\u00f5hnaga. Parabeenivaba. Kasutamine:\u00a0Kanda niisketele juustele, masseerida ja levitada toodet \u00f5rnalt 3min kogu juuste pikkuses ja loputada hoolikalt. Soovitus:\u00a0Loputada juukseid jaheda veega \u2013 l\u00e4htuvalt jaheda vee pH-tasemest, talletuvad palsami kasulikud komponendid juustesse ning annavad neile kauni s\u00e4ra. Kogus: 300ml\" \/>\n<meta property=\"og:url\" content=\"https:\/\/hairdeluxe.ee\/ru\/product\/balmain-niisutav-juuksepalsam-moisturizing-300ml\/\" \/>\n<meta property=\"og:site_name\" content=\"Hair Deluxe\" \/>\n<meta property=\"article:publisher\" content=\"https:\/\/www.facebook.com\/blowbartallinn\" \/>\n<meta property=\"article:modified_time\" content=\"2025-03-18T19:22:40+00:00\" \/>\n<meta property=\"og:image\" content=\"https:\/\/hairdeluxe.ee\/wp-content\/uploads\/2021\/03\/conditioner.jpg\" \/>\n\t<meta property=\"og:image:width\" content=\"800\" \/>\n\t<meta property=\"og:image:height\" content=\"800\" \/>\n\t<meta property=\"og:image:type\" content=\"image\/jpeg\" \/>\n<meta name=\"twitter:card\" content=\"summary_large_image\" \/>\n<meta name=\"twitter:label1\" content=\"\u041f\u0440\u0438\u043c\u0435\u0440\u043d\u043e\u0435 \u0432\u0440\u0435\u043c\u044f \u0434\u043b\u044f \u0447\u0442\u0435\u043d\u0438\u044f\" \/>\n\t<meta name=\"twitter:data1\" content=\"1 \u043c\u0438\u043d\u0443\u0442\u0430\" \/>\n<script type=\"application\/ld+json\" class=\"yoast-schema-graph\">{\"@context\":\"https:\\\/\\\/schema.org\",\"@graph\":[{\"@type\":\"WebPage\",\"@id\":\"https:\\\/\\\/hairdeluxe.ee\\\/ru\\\/product\\\/balmain-niisutav-juuksepalsam-moisturizing-300ml\\\/\",\"url\":\"https:\\\/\\\/hairdeluxe.ee\\\/ru\\\/product\\\/balmain-niisutav-juuksepalsam-moisturizing-300ml\\\/\",\"name\":\"BALMAIN HAIR juukseid s\u00fcgavuti niisutav palsam \\\/ Moisturizing Conditioner 300ml - Hair Deluxe\",\"isPartOf\":{\"@id\":\"https:\\\/\\\/hairdeluxe.ee\\\/ru\\\/#website\"},\"primaryImageOfPage\":{\"@id\":\"https:\\\/\\\/hairdeluxe.ee\\\/ru\\\/product\\\/balmain-niisutav-juuksepalsam-moisturizing-300ml\\\/#primaryimage\"},\"image\":{\"@id\":\"https:\\\/\\\/hairdeluxe.ee\\\/ru\\\/product\\\/balmain-niisutav-juuksepalsam-moisturizing-300ml\\\/#primaryimage\"},\"thumbnailUrl\":\"https:\\\/\\\/hairdeluxe.ee\\\/wp-content\\\/uploads\\\/2021\\\/03\\\/conditioner.jpg\",\"datePublished\":\"2021-03-17T13:18:53+00:00\",\"dateModified\":\"2025-03-18T19:22:40+00:00\",\"breadcrumb\":{\"@id\":\"https:\\\/\\\/hairdeluxe.ee\\\/ru\\\/product\\\/balmain-niisutav-juuksepalsam-moisturizing-300ml\\\/#breadcrumb\"},\"inLanguage\":\"ru-RU\",\"potentialAction\":[{\"@type\":\"ReadAction\",\"target\":[\"https:\\\/\\\/hairdeluxe.ee\\\/ru\\\/product\\\/balmain-niisutav-juuksepalsam-moisturizing-300ml\\\/\"]}]},{\"@type\":\"ImageObject\",\"inLanguage\":\"ru-RU\",\"@id\":\"https:\\\/\\\/hairdeluxe.ee\\\/ru\\\/product\\\/balmain-niisutav-juuksepalsam-moisturizing-300ml\\\/#primaryimage\",\"url\":\"https:\\\/\\\/hairdeluxe.ee\\\/wp-content\\\/uploads\\\/2021\\\/03\\\/conditioner.jpg\",\"contentUrl\":\"https:\\\/\\\/hairdeluxe.ee\\\/wp-content\\\/uploads\\\/2021\\\/03\\\/conditioner.jpg\",\"width\":800,\"height\":800},{\"@type\":\"BreadcrumbList\",\"@id\":\"https:\\\/\\\/hairdeluxe.ee\\\/ru\\\/product\\\/balmain-niisutav-juuksepalsam-moisturizing-300ml\\\/#breadcrumb\",\"itemListElement\":[{\"@type\":\"ListItem\",\"position\":1,\"name\":\"Home\",\"item\":\"https:\\\/\\\/hairdeluxe.ee\\\/ru\\\/\"},{\"@type\":\"ListItem\",\"position\":2,\"name\":\"\u041c\u0430\u0433\u0430\u0437\u0438\u043d\",\"item\":\"https:\\\/\\\/hairdeluxe.ee\\\/ru\\\/shop\\\/\"},{\"@type\":\"ListItem\",\"position\":3,\"name\":\"BALMAIN HAIR juukseid s\u00fcgavuti niisutav palsam \\\/ Moisturizing Conditioner 300ml\"}]},{\"@type\":\"WebSite\",\"@id\":\"https:\\\/\\\/hairdeluxe.ee\\\/ru\\\/#website\",\"url\":\"https:\\\/\\\/hairdeluxe.ee\\\/ru\\\/\",\"name\":\"Hair Deluxe\",\"description\":\"Highlight your natural beauty\",\"publisher\":{\"@id\":\"https:\\\/\\\/hairdeluxe.ee\\\/ru\\\/#organization\"},\"potentialAction\":[{\"@type\":\"SearchAction\",\"target\":{\"@type\":\"EntryPoint\",\"urlTemplate\":\"https:\\\/\\\/hairdeluxe.ee\\\/ru\\\/?s={search_term_string}\"},\"query-input\":{\"@type\":\"PropertyValueSpecification\",\"valueRequired\":true,\"valueName\":\"search_term_string\"}}],\"inLanguage\":\"ru-RU\"},{\"@type\":\"Organization\",\"@id\":\"https:\\\/\\\/hairdeluxe.ee\\\/ru\\\/#organization\",\"name\":\"Hair Deluxe\",\"url\":\"https:\\\/\\\/hairdeluxe.ee\\\/ru\\\/\",\"logo\":{\"@type\":\"ImageObject\",\"inLanguage\":\"ru-RU\",\"@id\":\"https:\\\/\\\/hairdeluxe.ee\\\/ru\\\/#\\\/schema\\\/logo\\\/image\\\/\",\"url\":\"https:\\\/\\\/hairdeluxe.ee\\\/wp-content\\\/uploads\\\/2024\\\/06\\\/Hair-Deluxe-Logo-Dark-font.png\",\"contentUrl\":\"https:\\\/\\\/hairdeluxe.ee\\\/wp-content\\\/uploads\\\/2024\\\/06\\\/Hair-Deluxe-Logo-Dark-font.png\",\"width\":467,\"height\":177,\"caption\":\"Hair Deluxe\"},\"image\":{\"@id\":\"https:\\\/\\\/hairdeluxe.ee\\\/ru\\\/#\\\/schema\\\/logo\\\/image\\\/\"},\"sameAs\":[\"https:\\\/\\\/www.facebook.com\\\/blowbartallinn\",\"https:\\\/\\\/www.instagram.com\\\/blowbar_tallinn\"]}]}<\/script>\n<!-- \/ Yoast SEO plugin. -->","yoast_head_json":{"title":"BALMAIN HAIR juukseid s\u00fcgavuti niisutav palsam \/ Moisturizing Conditioner 300ml - Hair Deluxe","robots":{"index":"index","follow":"follow","max-snippet":"max-snippet:-1","max-image-preview":"max-image-preview:large","max-video-preview":"max-video-preview:-1"},"canonical":"https:\/\/hairdeluxe.ee\/ru\/product\/balmain-niisutav-juuksepalsam-moisturizing-300ml\/","og_locale":"ru_RU","og_type":"article","og_title":"BALMAIN HAIR juukseid s\u00fcgavuti niisutav palsam \/ Moisturizing Conditioner 300ml - Hair Deluxe","og_description":"Spetsiaalselt v\u00e4lja t\u00f6\u00f6tatud juukseid s\u00fcgavuti niisutava tootesarja kuuluv palsam sobib ideaalselt normaalsetele ja v\u00e4rvitud juustele. Sari on rikastatud puhta orgaanilise argaania\u00f5liga, mis taastab ja kaitseb juukseid, andes neile naturaalse s\u00e4ra ja elastsuse. K\u00f5ik sarja tooted on parabeenide vabad. Niisutava sarja hooldusvahendid on rikastatud parimate koostisosadega saavutamaks juustele optimaalne tulemus. UV-kaitse lisab juustele kaitset UV-kiirguse vastu, laskmata juuste v\u00e4rvusel tuhmuda. V\u00e4rvitud juustele annab see kauap\u00fcsiva v\u00e4rske tulemuse ning briljantse s\u00e4ra. Provitamiin B5 aitab parandada niiskuse s\u00e4ilivust, hoiab juuksed elastsete, tugevate ja paindlikutena. Toode rahustab \u00fchtlasi \u00e4rritunud ja \u00f5rna peanahka, muutes juukseid pehmemaks ning lisades rikkalikku s\u00e4ra. Toimeaine ergutab juukseid veel ekstra B-vitamiiniga, muutes juukseid tihedamaks ja stimuleerides juuste kasvu.\u00a0Aitab v\u00e4ltida juuste v\u00e4ljalangemist! Niisutav, t\u00e4iustatud koostisega palsam toidab ja niisutab juukseid s\u00fcgavuti. Selle koostis on rikastatud puhta orgaanilise argaania\u00f5liga. Sobib keemiliselt t\u00f6\u00f6deldud ja\/v\u00f5i v\u00e4rvitud juustele. Muudab juuksed tugevaks, s\u00e4ravaks ja kergesti k\u00e4sitletavaks ning kammitavaks. Toidab, taastab ja annab juustele loomulikku s\u00e4ra ja elastsust. Siidiproteiin ja argaania\u00f5li s\u00e4ilitavad optimaalse niiskustaseme juustes, parandavad ja kaitsevad kahjustunud, kuivi ning n\u00f5rkasid juukseid kahjulike keskkonnam\u00f5jude eest. Balmain Hair signatuurl\u00f5hnaga. Parabeenivaba. Kasutamine:\u00a0Kanda niisketele juustele, masseerida ja levitada toodet \u00f5rnalt 3min kogu juuste pikkuses ja loputada hoolikalt. Soovitus:\u00a0Loputada juukseid jaheda veega \u2013 l\u00e4htuvalt jaheda vee pH-tasemest, talletuvad palsami kasulikud komponendid juustesse ning annavad neile kauni s\u00e4ra. Kogus: 300ml","og_url":"https:\/\/hairdeluxe.ee\/ru\/product\/balmain-niisutav-juuksepalsam-moisturizing-300ml\/","og_site_name":"Hair Deluxe","article_publisher":"https:\/\/www.facebook.com\/blowbartallinn","article_modified_time":"2025-03-18T19:22:40+00:00","og_image":[{"width":800,"height":800,"url":"https:\/\/hairdeluxe.ee\/wp-content\/uploads\/2021\/03\/conditioner.jpg","type":"image\/jpeg"}],"twitter_card":"summary_large_image","twitter_misc":{"\u041f\u0440\u0438\u043c\u0435\u0440\u043d\u043e\u0435 \u0432\u0440\u0435\u043c\u044f \u0434\u043b\u044f \u0447\u0442\u0435\u043d\u0438\u044f":"1 \u043c\u0438\u043d\u0443\u0442\u0430"},"schema":{"@context":"https:\/\/schema.org","@graph":[{"@type":"WebPage","@id":"https:\/\/hairdeluxe.ee\/ru\/product\/balmain-niisutav-juuksepalsam-moisturizing-300ml\/","url":"https:\/\/hairdeluxe.ee\/ru\/product\/balmain-niisutav-juuksepalsam-moisturizing-300ml\/","name":"BALMAIN HAIR juukseid s\u00fcgavuti niisutav palsam \/ Moisturizing Conditioner 300ml - Hair Deluxe","isPartOf":{"@id":"https:\/\/hairdeluxe.ee\/ru\/#website"},"primaryImageOfPage":{"@id":"https:\/\/hairdeluxe.ee\/ru\/product\/balmain-niisutav-juuksepalsam-moisturizing-300ml\/#primaryimage"},"image":{"@id":"https:\/\/hairdeluxe.ee\/ru\/product\/balmain-niisutav-juuksepalsam-moisturizing-300ml\/#primaryimage"},"thumbnailUrl":"https:\/\/hairdeluxe.ee\/wp-content\/uploads\/2021\/03\/conditioner.jpg","datePublished":"2021-03-17T13:18:53+00:00","dateModified":"2025-03-18T19:22:40+00:00","breadcrumb":{"@id":"https:\/\/hairdeluxe.ee\/ru\/product\/balmain-niisutav-juuksepalsam-moisturizing-300ml\/#breadcrumb"},"inLanguage":"ru-RU","potentialAction":[{"@type":"ReadAction","target":["https:\/\/hairdeluxe.ee\/ru\/product\/balmain-niisutav-juuksepalsam-moisturizing-300ml\/"]}]},{"@type":"ImageObject","inLanguage":"ru-RU","@id":"https:\/\/hairdeluxe.ee\/ru\/product\/balmain-niisutav-juuksepalsam-moisturizing-300ml\/#primaryimage","url":"https:\/\/hairdeluxe.ee\/wp-content\/uploads\/2021\/03\/conditioner.jpg","contentUrl":"https:\/\/hairdeluxe.ee\/wp-content\/uploads\/2021\/03\/conditioner.jpg","width":800,"height":800},{"@type":"BreadcrumbList","@id":"https:\/\/hairdeluxe.ee\/ru\/product\/balmain-niisutav-juuksepalsam-moisturizing-300ml\/#breadcrumb","itemListElement":[{"@type":"ListItem","position":1,"name":"Home","item":"https:\/\/hairdeluxe.ee\/ru\/"},{"@type":"ListItem","position":2,"name":"\u041c\u0430\u0433\u0430\u0437\u0438\u043d","item":"https:\/\/hairdeluxe.ee\/ru\/shop\/"},{"@type":"ListItem","position":3,"name":"BALMAIN HAIR juukseid s\u00fcgavuti niisutav palsam \/ Moisturizing Conditioner 300ml"}]},{"@type":"WebSite","@id":"https:\/\/hairdeluxe.ee\/ru\/#website","url":"https:\/\/hairdeluxe.ee\/ru\/","name":"Hair Deluxe","description":"Highlight your natural beauty","publisher":{"@id":"https:\/\/hairdeluxe.ee\/ru\/#organization"},"potentialAction":[{"@type":"SearchAction","target":{"@type":"EntryPoint","urlTemplate":"https:\/\/hairdeluxe.ee\/ru\/?s={search_term_string}"},"query-input":{"@type":"PropertyValueSpecification","valueRequired":true,"valueName":"search_term_string"}}],"inLanguage":"ru-RU"},{"@type":"Organization","@id":"https:\/\/hairdeluxe.ee\/ru\/#organization","name":"Hair Deluxe","url":"https:\/\/hairdeluxe.ee\/ru\/","logo":{"@type":"ImageObject","inLanguage":"ru-RU","@id":"https:\/\/hairdeluxe.ee\/ru\/#\/schema\/logo\/image\/","url":"https:\/\/hairdeluxe.ee\/wp-content\/uploads\/2024\/06\/Hair-Deluxe-Logo-Dark-font.png","contentUrl":"https:\/\/hairdeluxe.ee\/wp-content\/uploads\/2024\/06\/Hair-Deluxe-Logo-Dark-font.png","width":467,"height":177,"caption":"Hair Deluxe"},"image":{"@id":"https:\/\/hairdeluxe.ee\/ru\/#\/schema\/logo\/image\/"},"sameAs":["https:\/\/www.facebook.com\/blowbartallinn","https:\/\/www.instagram.com\/blowbar_tallinn"]}]}},"_links":{"self":[{"href":"https:\/\/hairdeluxe.ee\/ru\/wp-json\/wp\/v2\/product\/21606","targetHints":{"allow":["GET"]}}],"collection":[{"href":"https:\/\/hairdeluxe.ee\/ru\/wp-json\/wp\/v2\/product"}],"about":[{"href":"https:\/\/hairdeluxe.ee\/ru\/wp-json\/wp\/v2\/types\/product"}],"wp:featuredmedia":[{"embeddable":true,"href":"https:\/\/hairdeluxe.ee\/ru\/wp-json\/wp\/v2\/media\/21665"}],"wp:attachment":[{"href":"https:\/\/hairdeluxe.ee\/ru\/wp-json\/wp\/v2\/media?parent=21606"}],"wp:term":[{"taxonomy":"product_brand","embeddable":true,"href":"https:\/\/hairdeluxe.ee\/ru\/wp-json\/wp\/v2\/product_brand?post=21606"},{"taxonomy":"product_cat","embeddable":true,"href":"https:\/\/hairdeluxe.ee\/ru\/wp-json\/wp\/v2\/product_cat?post=21606"},{"taxonomy":"product_tag","embeddable":true,"href":"https:\/\/hairdeluxe.ee\/ru\/wp-json\/wp\/v2\/product_tag?post=21606"}],"curies":[{"name":"wp","href":"https:\/\/api.w.org\/{rel}","templated":true}]}}