{"id":21653,"date":"2021-03-17T15:19:44","date_gmt":"2021-03-17T13:19:44","guid":{"rendered":"https:\/\/blowbar.ee\/toode\/import-placeholder-for-489\/"},"modified":"2025-03-18T19:22:39","modified_gmt":"2025-03-18T19:22:39","slug":"balmain-keraamiline-rullhari-xl","status":"publish","type":"product","link":"https:\/\/hairdeluxe.ee\/ru\/product\/balmain-keraamiline-rullhari-xl\/","title":{"rendered":"BALMAIN HAIR keraamiline rullhari XL 43mm \/ Ceramic Round Brush XL Black"},"content":{"rendered":"","protected":false},"excerpt":{"rendered":"<p>Ekstra-pikk keraamiline rullhari pikemate ja vol\u00fc\u00fcmikamate juuste stiliseerimiseks.<br \/>\nSpetsiaalne disain aitab juuksuril hoida kokku oma v\u00e4\u00e4rtuslikku aega \u00fcle 20%. T\u00e4nu rullharja erilisele disainile ja sellest eralduvatele negatiivsetele ioonidele, v\u00f5imaldab sulgeda juuste pealmist kutiikul kihti nii, et see salvestab juustesse vajamineva niiskuse, eemaldab kahu ja lendlevad karvad. Rullharja ergonoomia tagab kiire ja \u00fchtlase kuumuse jaotumise, v\u00e4hendades sealjuures juuste kuivatamiseks kuluvat aega enam kui 20%. Hari on \u00fclimalt kerge ja ergonoomiline, v\u00f5tmata sealjuures juukseid vahele. Rullharja eriline pikkus tagab ideaalse t\u00f6\u00f6tlemise eriti vol\u00fc\u00fcmikate juuksesalkudele ja juuksepikenduste korral. Ideaalne t\u00f6\u00f6vahend keskmise pikkusega ja pikematele juustele.<\/p>\n<p><span style=\"font-size: 14.4px;\"><strong>Valikus:<\/strong> 25 mm \/ 33 mm\/ 43 mm \/ 53 mm \/ 43 mm XL<\/span><\/p>\n<p>https:\/\/www.youtube.com\/watch?v=W7-Sqed4_Z4<\/p>\n","protected":false},"featured_media":21687,"template":"","meta":[],"product_brand":[464],"product_cat":[266,265,128,121],"product_tag":[],"class_list":{"0":"post-21653","1":"product","2":"type-product","3":"status-publish","4":"has-post-thumbnail","6":"product_brand-balmain-hair","7":"product_cat-balmain-hair","8":"product_cat-brandid","9":"product_cat-kammid-harjad","10":"product_cat-koik-tooted","12":"first","13":"instock","14":"taxable","15":"shipping-taxable","16":"purchasable","17":"product-type-simple","18":"add-to-wishlist-after_add_to_cart"},"yoast_head":"<!-- This site is optimized with the Yoast SEO plugin v27.5 - https:\/\/yoast.com\/product\/yoast-seo-wordpress\/ -->\n<title>BALMAIN HAIR keraamiline rullhari XL 43mm \/ Ceramic Round Brush XL Black - Hair Deluxe<\/title>\n<meta name=\"robots\" content=\"index, follow, max-snippet:-1, max-image-preview:large, max-video-preview:-1\" \/>\n<link rel=\"canonical\" href=\"https:\/\/hairdeluxe.ee\/ru\/product\/balmain-keraamiline-rullhari-xl\/\" \/>\n<meta property=\"og:locale\" content=\"ru_RU\" \/>\n<meta property=\"og:type\" content=\"article\" \/>\n<meta property=\"og:title\" content=\"BALMAIN HAIR keraamiline rullhari XL 43mm \/ Ceramic Round Brush XL Black - Hair Deluxe\" \/>\n<meta property=\"og:description\" content=\"Ekstra-pikk keraamiline rullhari pikemate ja vol\u00fc\u00fcmikamate juuste stiliseerimiseks. Spetsiaalne disain aitab juuksuril hoida kokku oma v\u00e4\u00e4rtuslikku aega \u00fcle 20%. T\u00e4nu rullharja erilisele disainile ja sellest eralduvatele negatiivsetele ioonidele, v\u00f5imaldab sulgeda juuste pealmist kutiikul kihti nii, et see salvestab juustesse vajamineva niiskuse, eemaldab kahu ja lendlevad karvad. Rullharja ergonoomia tagab kiire ja \u00fchtlase kuumuse jaotumise, v\u00e4hendades sealjuures juuste kuivatamiseks kuluvat aega enam kui 20%. Hari on \u00fclimalt kerge ja ergonoomiline, v\u00f5tmata sealjuures juukseid vahele. Rullharja eriline pikkus tagab ideaalse t\u00f6\u00f6tlemise eriti vol\u00fc\u00fcmikate juuksesalkudele ja juuksepikenduste korral. Ideaalne t\u00f6\u00f6vahend keskmise pikkusega ja pikematele juustele.  Valikus: 25 mm \/ 33 mm\/ 43 mm \/ 53 mm \/ 43 mm XL  https:\/\/www.youtube.com\/watch?v=W7-Sqed4_Z4\" \/>\n<meta property=\"og:url\" content=\"https:\/\/hairdeluxe.ee\/ru\/product\/balmain-keraamiline-rullhari-xl\/\" \/>\n<meta property=\"og:site_name\" content=\"Hair Deluxe\" \/>\n<meta property=\"article:publisher\" content=\"https:\/\/www.facebook.com\/blowbartallinn\" \/>\n<meta property=\"article:modified_time\" content=\"2025-03-18T19:22:39+00:00\" \/>\n<meta property=\"og:image\" content=\"https:\/\/hairdeluxe.ee\/wp-content\/uploads\/2021\/03\/webitem-tools-professionalceramicroundbrushxl_43mm_black.jpg\" \/>\n\t<meta property=\"og:image:width\" content=\"800\" \/>\n\t<meta property=\"og:image:height\" content=\"800\" \/>\n\t<meta property=\"og:image:type\" content=\"image\/jpeg\" \/>\n<meta name=\"twitter:card\" content=\"summary_large_image\" \/>\n<meta name=\"twitter:label1\" content=\"\u041f\u0440\u0438\u043c\u0435\u0440\u043d\u043e\u0435 \u0432\u0440\u0435\u043c\u044f \u0434\u043b\u044f \u0447\u0442\u0435\u043d\u0438\u044f\" \/>\n\t<meta name=\"twitter:data1\" content=\"1 \u043c\u0438\u043d\u0443\u0442\u0430\" \/>\n<script type=\"application\/ld+json\" class=\"yoast-schema-graph\">{\"@context\":\"https:\\\/\\\/schema.org\",\"@graph\":[{\"@type\":\"WebPage\",\"@id\":\"https:\\\/\\\/hairdeluxe.ee\\\/ru\\\/product\\\/balmain-keraamiline-rullhari-xl\\\/\",\"url\":\"https:\\\/\\\/hairdeluxe.ee\\\/ru\\\/product\\\/balmain-keraamiline-rullhari-xl\\\/\",\"name\":\"BALMAIN HAIR keraamiline rullhari XL 43mm \\\/ Ceramic Round Brush XL Black - Hair Deluxe\",\"isPartOf\":{\"@id\":\"https:\\\/\\\/hairdeluxe.ee\\\/ru\\\/#website\"},\"primaryImageOfPage\":{\"@id\":\"https:\\\/\\\/hairdeluxe.ee\\\/ru\\\/product\\\/balmain-keraamiline-rullhari-xl\\\/#primaryimage\"},\"image\":{\"@id\":\"https:\\\/\\\/hairdeluxe.ee\\\/ru\\\/product\\\/balmain-keraamiline-rullhari-xl\\\/#primaryimage\"},\"thumbnailUrl\":\"https:\\\/\\\/hairdeluxe.ee\\\/wp-content\\\/uploads\\\/2021\\\/03\\\/webitem-tools-professionalceramicroundbrushxl_43mm_black.jpg\",\"datePublished\":\"2021-03-17T13:19:44+00:00\",\"dateModified\":\"2025-03-18T19:22:39+00:00\",\"breadcrumb\":{\"@id\":\"https:\\\/\\\/hairdeluxe.ee\\\/ru\\\/product\\\/balmain-keraamiline-rullhari-xl\\\/#breadcrumb\"},\"inLanguage\":\"ru-RU\",\"potentialAction\":[{\"@type\":\"ReadAction\",\"target\":[\"https:\\\/\\\/hairdeluxe.ee\\\/ru\\\/product\\\/balmain-keraamiline-rullhari-xl\\\/\"]}]},{\"@type\":\"ImageObject\",\"inLanguage\":\"ru-RU\",\"@id\":\"https:\\\/\\\/hairdeluxe.ee\\\/ru\\\/product\\\/balmain-keraamiline-rullhari-xl\\\/#primaryimage\",\"url\":\"https:\\\/\\\/hairdeluxe.ee\\\/wp-content\\\/uploads\\\/2021\\\/03\\\/webitem-tools-professionalceramicroundbrushxl_43mm_black.jpg\",\"contentUrl\":\"https:\\\/\\\/hairdeluxe.ee\\\/wp-content\\\/uploads\\\/2021\\\/03\\\/webitem-tools-professionalceramicroundbrushxl_43mm_black.jpg\",\"width\":800,\"height\":800},{\"@type\":\"BreadcrumbList\",\"@id\":\"https:\\\/\\\/hairdeluxe.ee\\\/ru\\\/product\\\/balmain-keraamiline-rullhari-xl\\\/#breadcrumb\",\"itemListElement\":[{\"@type\":\"ListItem\",\"position\":1,\"name\":\"Home\",\"item\":\"https:\\\/\\\/hairdeluxe.ee\\\/ru\\\/\"},{\"@type\":\"ListItem\",\"position\":2,\"name\":\"\u041c\u0430\u0433\u0430\u0437\u0438\u043d\",\"item\":\"https:\\\/\\\/hairdeluxe.ee\\\/ru\\\/shop\\\/\"},{\"@type\":\"ListItem\",\"position\":3,\"name\":\"BALMAIN HAIR keraamiline rullhari XL 43mm \\\/ Ceramic Round Brush XL Black\"}]},{\"@type\":\"WebSite\",\"@id\":\"https:\\\/\\\/hairdeluxe.ee\\\/ru\\\/#website\",\"url\":\"https:\\\/\\\/hairdeluxe.ee\\\/ru\\\/\",\"name\":\"Hair Deluxe\",\"description\":\"Highlight your natural beauty\",\"publisher\":{\"@id\":\"https:\\\/\\\/hairdeluxe.ee\\\/ru\\\/#organization\"},\"potentialAction\":[{\"@type\":\"SearchAction\",\"target\":{\"@type\":\"EntryPoint\",\"urlTemplate\":\"https:\\\/\\\/hairdeluxe.ee\\\/ru\\\/?s={search_term_string}\"},\"query-input\":{\"@type\":\"PropertyValueSpecification\",\"valueRequired\":true,\"valueName\":\"search_term_string\"}}],\"inLanguage\":\"ru-RU\"},{\"@type\":\"Organization\",\"@id\":\"https:\\\/\\\/hairdeluxe.ee\\\/ru\\\/#organization\",\"name\":\"Hair Deluxe\",\"url\":\"https:\\\/\\\/hairdeluxe.ee\\\/ru\\\/\",\"logo\":{\"@type\":\"ImageObject\",\"inLanguage\":\"ru-RU\",\"@id\":\"https:\\\/\\\/hairdeluxe.ee\\\/ru\\\/#\\\/schema\\\/logo\\\/image\\\/\",\"url\":\"https:\\\/\\\/hairdeluxe.ee\\\/wp-content\\\/uploads\\\/2024\\\/06\\\/Hair-Deluxe-Logo-Dark-font.png\",\"contentUrl\":\"https:\\\/\\\/hairdeluxe.ee\\\/wp-content\\\/uploads\\\/2024\\\/06\\\/Hair-Deluxe-Logo-Dark-font.png\",\"width\":467,\"height\":177,\"caption\":\"Hair Deluxe\"},\"image\":{\"@id\":\"https:\\\/\\\/hairdeluxe.ee\\\/ru\\\/#\\\/schema\\\/logo\\\/image\\\/\"},\"sameAs\":[\"https:\\\/\\\/www.facebook.com\\\/blowbartallinn\",\"https:\\\/\\\/www.instagram.com\\\/blowbar_tallinn\"]}]}<\/script>\n<!-- \/ Yoast SEO plugin. -->","yoast_head_json":{"title":"BALMAIN HAIR keraamiline rullhari XL 43mm \/ Ceramic Round Brush XL Black - Hair Deluxe","robots":{"index":"index","follow":"follow","max-snippet":"max-snippet:-1","max-image-preview":"max-image-preview:large","max-video-preview":"max-video-preview:-1"},"canonical":"https:\/\/hairdeluxe.ee\/ru\/product\/balmain-keraamiline-rullhari-xl\/","og_locale":"ru_RU","og_type":"article","og_title":"BALMAIN HAIR keraamiline rullhari XL 43mm \/ Ceramic Round Brush XL Black - Hair Deluxe","og_description":"Ekstra-pikk keraamiline rullhari pikemate ja vol\u00fc\u00fcmikamate juuste stiliseerimiseks. Spetsiaalne disain aitab juuksuril hoida kokku oma v\u00e4\u00e4rtuslikku aega \u00fcle 20%. T\u00e4nu rullharja erilisele disainile ja sellest eralduvatele negatiivsetele ioonidele, v\u00f5imaldab sulgeda juuste pealmist kutiikul kihti nii, et see salvestab juustesse vajamineva niiskuse, eemaldab kahu ja lendlevad karvad. Rullharja ergonoomia tagab kiire ja \u00fchtlase kuumuse jaotumise, v\u00e4hendades sealjuures juuste kuivatamiseks kuluvat aega enam kui 20%. Hari on \u00fclimalt kerge ja ergonoomiline, v\u00f5tmata sealjuures juukseid vahele. Rullharja eriline pikkus tagab ideaalse t\u00f6\u00f6tlemise eriti vol\u00fc\u00fcmikate juuksesalkudele ja juuksepikenduste korral. Ideaalne t\u00f6\u00f6vahend keskmise pikkusega ja pikematele juustele.  Valikus: 25 mm \/ 33 mm\/ 43 mm \/ 53 mm \/ 43 mm XL  https:\/\/www.youtube.com\/watch?v=W7-Sqed4_Z4","og_url":"https:\/\/hairdeluxe.ee\/ru\/product\/balmain-keraamiline-rullhari-xl\/","og_site_name":"Hair Deluxe","article_publisher":"https:\/\/www.facebook.com\/blowbartallinn","article_modified_time":"2025-03-18T19:22:39+00:00","og_image":[{"width":800,"height":800,"url":"https:\/\/hairdeluxe.ee\/wp-content\/uploads\/2021\/03\/webitem-tools-professionalceramicroundbrushxl_43mm_black.jpg","type":"image\/jpeg"}],"twitter_card":"summary_large_image","twitter_misc":{"\u041f\u0440\u0438\u043c\u0435\u0440\u043d\u043e\u0435 \u0432\u0440\u0435\u043c\u044f \u0434\u043b\u044f \u0447\u0442\u0435\u043d\u0438\u044f":"1 \u043c\u0438\u043d\u0443\u0442\u0430"},"schema":{"@context":"https:\/\/schema.org","@graph":[{"@type":"WebPage","@id":"https:\/\/hairdeluxe.ee\/ru\/product\/balmain-keraamiline-rullhari-xl\/","url":"https:\/\/hairdeluxe.ee\/ru\/product\/balmain-keraamiline-rullhari-xl\/","name":"BALMAIN HAIR keraamiline rullhari XL 43mm \/ Ceramic Round Brush XL Black - Hair Deluxe","isPartOf":{"@id":"https:\/\/hairdeluxe.ee\/ru\/#website"},"primaryImageOfPage":{"@id":"https:\/\/hairdeluxe.ee\/ru\/product\/balmain-keraamiline-rullhari-xl\/#primaryimage"},"image":{"@id":"https:\/\/hairdeluxe.ee\/ru\/product\/balmain-keraamiline-rullhari-xl\/#primaryimage"},"thumbnailUrl":"https:\/\/hairdeluxe.ee\/wp-content\/uploads\/2021\/03\/webitem-tools-professionalceramicroundbrushxl_43mm_black.jpg","datePublished":"2021-03-17T13:19:44+00:00","dateModified":"2025-03-18T19:22:39+00:00","breadcrumb":{"@id":"https:\/\/hairdeluxe.ee\/ru\/product\/balmain-keraamiline-rullhari-xl\/#breadcrumb"},"inLanguage":"ru-RU","potentialAction":[{"@type":"ReadAction","target":["https:\/\/hairdeluxe.ee\/ru\/product\/balmain-keraamiline-rullhari-xl\/"]}]},{"@type":"ImageObject","inLanguage":"ru-RU","@id":"https:\/\/hairdeluxe.ee\/ru\/product\/balmain-keraamiline-rullhari-xl\/#primaryimage","url":"https:\/\/hairdeluxe.ee\/wp-content\/uploads\/2021\/03\/webitem-tools-professionalceramicroundbrushxl_43mm_black.jpg","contentUrl":"https:\/\/hairdeluxe.ee\/wp-content\/uploads\/2021\/03\/webitem-tools-professionalceramicroundbrushxl_43mm_black.jpg","width":800,"height":800},{"@type":"BreadcrumbList","@id":"https:\/\/hairdeluxe.ee\/ru\/product\/balmain-keraamiline-rullhari-xl\/#breadcrumb","itemListElement":[{"@type":"ListItem","position":1,"name":"Home","item":"https:\/\/hairdeluxe.ee\/ru\/"},{"@type":"ListItem","position":2,"name":"\u041c\u0430\u0433\u0430\u0437\u0438\u043d","item":"https:\/\/hairdeluxe.ee\/ru\/shop\/"},{"@type":"ListItem","position":3,"name":"BALMAIN HAIR keraamiline rullhari XL 43mm \/ Ceramic Round Brush XL Black"}]},{"@type":"WebSite","@id":"https:\/\/hairdeluxe.ee\/ru\/#website","url":"https:\/\/hairdeluxe.ee\/ru\/","name":"Hair Deluxe","description":"Highlight your natural beauty","publisher":{"@id":"https:\/\/hairdeluxe.ee\/ru\/#organization"},"potentialAction":[{"@type":"SearchAction","target":{"@type":"EntryPoint","urlTemplate":"https:\/\/hairdeluxe.ee\/ru\/?s={search_term_string}"},"query-input":{"@type":"PropertyValueSpecification","valueRequired":true,"valueName":"search_term_string"}}],"inLanguage":"ru-RU"},{"@type":"Organization","@id":"https:\/\/hairdeluxe.ee\/ru\/#organization","name":"Hair Deluxe","url":"https:\/\/hairdeluxe.ee\/ru\/","logo":{"@type":"ImageObject","inLanguage":"ru-RU","@id":"https:\/\/hairdeluxe.ee\/ru\/#\/schema\/logo\/image\/","url":"https:\/\/hairdeluxe.ee\/wp-content\/uploads\/2024\/06\/Hair-Deluxe-Logo-Dark-font.png","contentUrl":"https:\/\/hairdeluxe.ee\/wp-content\/uploads\/2024\/06\/Hair-Deluxe-Logo-Dark-font.png","width":467,"height":177,"caption":"Hair Deluxe"},"image":{"@id":"https:\/\/hairdeluxe.ee\/ru\/#\/schema\/logo\/image\/"},"sameAs":["https:\/\/www.facebook.com\/blowbartallinn","https:\/\/www.instagram.com\/blowbar_tallinn"]}]}},"_links":{"self":[{"href":"https:\/\/hairdeluxe.ee\/ru\/wp-json\/wp\/v2\/product\/21653","targetHints":{"allow":["GET"]}}],"collection":[{"href":"https:\/\/hairdeluxe.ee\/ru\/wp-json\/wp\/v2\/product"}],"about":[{"href":"https:\/\/hairdeluxe.ee\/ru\/wp-json\/wp\/v2\/types\/product"}],"wp:featuredmedia":[{"embeddable":true,"href":"https:\/\/hairdeluxe.ee\/ru\/wp-json\/wp\/v2\/media\/21687"}],"wp:attachment":[{"href":"https:\/\/hairdeluxe.ee\/ru\/wp-json\/wp\/v2\/media?parent=21653"}],"wp:term":[{"taxonomy":"product_brand","embeddable":true,"href":"https:\/\/hairdeluxe.ee\/ru\/wp-json\/wp\/v2\/product_brand?post=21653"},{"taxonomy":"product_cat","embeddable":true,"href":"https:\/\/hairdeluxe.ee\/ru\/wp-json\/wp\/v2\/product_cat?post=21653"},{"taxonomy":"product_tag","embeddable":true,"href":"https:\/\/hairdeluxe.ee\/ru\/wp-json\/wp\/v2\/product_tag?post=21653"}],"curies":[{"name":"wp","href":"https:\/\/api.w.org\/{rel}","templated":true}]}}