{"id":21668,"date":"2021-03-17T15:20:08","date_gmt":"2021-03-17T13:20:08","guid":{"rendered":"https:\/\/blowbar.ee\/toode\/import-placeholder-for-517\/"},"modified":"2025-03-18T19:22:39","modified_gmt":"2025-03-18T19:22:39","slug":"balmain-stiliseerimispuuder-styling-powder","status":"publish","type":"product","link":"https:\/\/hairdeluxe.ee\/ru\/product\/balmain-stiliseerimispuuder-styling-powder\/","title":{"rendered":"BALMAIN HAIR juuste stiliseerimispuuder \/ Styling Powder 11g"},"content":{"rendered":"<p><em><strong>Koostis:\u00a0<\/strong>Aqua, Silica Silylate, Pvp, Vp\/Va Copolymer, Alcohol, Sodium Benzoate, Citric Acid<\/em><\/p>\n<p>&nbsp;<\/p>\n<p>&nbsp;<\/p>\n<p>&nbsp;<\/p>\n","protected":false},"excerpt":{"rendered":"<p>T\u00f5eline Brigitte Bardot puuder lisab juurtele tekstuuri ja mahtu, saavutamaks kauap\u00fcsiv ja paindliku hoidvusega viimistlus.<br \/>\nLoo tekstuurseid punutisi ja \u00fclespandud soenguid v\u00f5i naturaalseid vol\u00fc\u00fcmikaid mati ja n\u00e4htamatu viimistlusega look\u2019e.<br \/>\nSobib igap\u00e4evaseks kasutamiseks k\u00f5igile juukset\u00fc\u00fcpidele, ka l\u00fchikeste juuste kandjatele.<br \/>\n&#8212; Lisab juurtele vol\u00fc\u00fcmi<br \/>\n&#8212; Otsene pealekandmine<br \/>\n&#8212; Ei j\u00e4ta valgeid helbeid peanahale\/juustele<br \/>\n&#8212; Absorbeerub koheselt<\/p>\n<p><strong style=\"color: #555555;\">Kasutamine: <\/strong>Juustele ekstra vol\u00fc\u00fcmi saavutamiseks kanda stiliseerimispulbrit juuksejuurele. Kanda sektsioonidena ja masseerida s\u00f5rmeotstega saavutamaks lisakohevust. T\u00e4ispikkuses kohevuse lisamiseks kanda puudrit otse harjale ja kammida seej\u00e4rel juuksed l\u00e4bi. M\u00e4rgatava tulemuse saavutamiseks piisab juba v\u00e4ikesest puudri kogusest.<\/p>\n<p><strong style=\"color: #555555;\">Lisanipid:<\/strong><span style=\"color: #555555;\">\u00a0Juukseotstele ja pooles pikkuses vol\u00fc\u00fcmi lisamiseks raputada puudrit salguti otse juustele ja masseerida s\u00f5rmedega.<br \/>\n<\/span><\/p>\n<p>Kogus: 11g<\/p>\n","protected":false},"featured_media":21704,"template":"","meta":[],"product_brand":[464],"product_cat":[266,265,213,121,229,196],"product_tag":[131,166,197],"class_list":{"0":"post-21668","1":"product","2":"type-product","3":"status-publish","4":"has-post-thumbnail","6":"product_brand-balmain-hair","7":"product_cat-balmain-hair","8":"product_cat-brandid","9":"product_cat-kohevus","10":"product_cat-koik-tooted","11":"product_cat-tekstuur","12":"product_cat-viimistlus","13":"product_tag-kohevus","14":"product_tag-puuder","15":"product_tag-voluum","17":"first","18":"instock","19":"taxable","20":"shipping-taxable","21":"purchasable","22":"product-type-simple","23":"add-to-wishlist-after_add_to_cart"},"yoast_head":"<!-- This site is optimized with the Yoast SEO plugin v27.3 - https:\/\/yoast.com\/product\/yoast-seo-wordpress\/ -->\n<title>BALMAIN HAIR juuste stiliseerimispuuder \/ Styling Powder 11g - Hair Deluxe<\/title>\n<meta name=\"description\" content=\"Puuder lisab\u00a0juurtele tekstuuri ja vol\u00fc\u00fcmi, saavutamaks kauap\u00fcsiv ja paindliku hoidvusega viimistlus. Sobib v\u00e4ga h\u00e4sti ka l\u00fchikeste juuste kandjatele.\" \/>\n<meta name=\"robots\" content=\"index, follow, max-snippet:-1, max-image-preview:large, max-video-preview:-1\" \/>\n<link rel=\"canonical\" href=\"https:\/\/hairdeluxe.ee\/ru\/product\/balmain-stiliseerimispuuder-styling-powder\/\" \/>\n<meta property=\"og:locale\" content=\"ru_RU\" \/>\n<meta property=\"og:type\" content=\"article\" \/>\n<meta property=\"og:title\" content=\"BALMAIN HAIR juuste stiliseerimispuuder \/ Styling Powder 11g - Hair Deluxe\" \/>\n<meta property=\"og:description\" content=\"Puuder lisab\u00a0juurtele tekstuuri ja vol\u00fc\u00fcmi, saavutamaks kauap\u00fcsiv ja paindliku hoidvusega viimistlus. Sobib v\u00e4ga h\u00e4sti ka l\u00fchikeste juuste kandjatele.\" \/>\n<meta property=\"og:url\" content=\"https:\/\/hairdeluxe.ee\/ru\/product\/balmain-stiliseerimispuuder-styling-powder\/\" \/>\n<meta property=\"og:site_name\" content=\"Hair Deluxe\" \/>\n<meta property=\"article:publisher\" content=\"https:\/\/www.facebook.com\/blowbartallinn\" \/>\n<meta property=\"article:modified_time\" content=\"2025-03-18T19:22:39+00:00\" \/>\n<meta property=\"og:image\" content=\"https:\/\/hairdeluxe.ee\/wp-content\/uploads\/2021\/03\/powder.jpg\" \/>\n\t<meta property=\"og:image:width\" content=\"800\" \/>\n\t<meta property=\"og:image:height\" content=\"800\" \/>\n\t<meta property=\"og:image:type\" content=\"image\/jpeg\" \/>\n<meta name=\"twitter:card\" content=\"summary_large_image\" \/>\n<meta name=\"twitter:label1\" content=\"\u041f\u0440\u0438\u043c\u0435\u0440\u043d\u043e\u0435 \u0432\u0440\u0435\u043c\u044f \u0434\u043b\u044f \u0447\u0442\u0435\u043d\u0438\u044f\" \/>\n\t<meta name=\"twitter:data1\" content=\"1 \u043c\u0438\u043d\u0443\u0442\u0430\" \/>\n<script type=\"application\/ld+json\" class=\"yoast-schema-graph\">{\"@context\":\"https:\\\/\\\/schema.org\",\"@graph\":[{\"@type\":\"WebPage\",\"@id\":\"https:\\\/\\\/hairdeluxe.ee\\\/ru\\\/product\\\/balmain-stiliseerimispuuder-styling-powder\\\/\",\"url\":\"https:\\\/\\\/hairdeluxe.ee\\\/ru\\\/product\\\/balmain-stiliseerimispuuder-styling-powder\\\/\",\"name\":\"BALMAIN HAIR juuste stiliseerimispuuder \\\/ Styling Powder 11g - Hair Deluxe\",\"isPartOf\":{\"@id\":\"https:\\\/\\\/hairdeluxe.ee\\\/ru\\\/#website\"},\"primaryImageOfPage\":{\"@id\":\"https:\\\/\\\/hairdeluxe.ee\\\/ru\\\/product\\\/balmain-stiliseerimispuuder-styling-powder\\\/#primaryimage\"},\"image\":{\"@id\":\"https:\\\/\\\/hairdeluxe.ee\\\/ru\\\/product\\\/balmain-stiliseerimispuuder-styling-powder\\\/#primaryimage\"},\"thumbnailUrl\":\"https:\\\/\\\/hairdeluxe.ee\\\/wp-content\\\/uploads\\\/2021\\\/03\\\/powder.jpg\",\"datePublished\":\"2021-03-17T13:20:08+00:00\",\"dateModified\":\"2025-03-18T19:22:39+00:00\",\"description\":\"Puuder lisab\u00a0juurtele tekstuuri ja vol\u00fc\u00fcmi, saavutamaks kauap\u00fcsiv ja paindliku hoidvusega viimistlus. Sobib v\u00e4ga h\u00e4sti ka l\u00fchikeste juuste kandjatele.\",\"breadcrumb\":{\"@id\":\"https:\\\/\\\/hairdeluxe.ee\\\/ru\\\/product\\\/balmain-stiliseerimispuuder-styling-powder\\\/#breadcrumb\"},\"inLanguage\":\"ru-RU\",\"potentialAction\":[{\"@type\":\"ReadAction\",\"target\":[\"https:\\\/\\\/hairdeluxe.ee\\\/ru\\\/product\\\/balmain-stiliseerimispuuder-styling-powder\\\/\"]}]},{\"@type\":\"ImageObject\",\"inLanguage\":\"ru-RU\",\"@id\":\"https:\\\/\\\/hairdeluxe.ee\\\/ru\\\/product\\\/balmain-stiliseerimispuuder-styling-powder\\\/#primaryimage\",\"url\":\"https:\\\/\\\/hairdeluxe.ee\\\/wp-content\\\/uploads\\\/2021\\\/03\\\/powder.jpg\",\"contentUrl\":\"https:\\\/\\\/hairdeluxe.ee\\\/wp-content\\\/uploads\\\/2021\\\/03\\\/powder.jpg\",\"width\":800,\"height\":800},{\"@type\":\"BreadcrumbList\",\"@id\":\"https:\\\/\\\/hairdeluxe.ee\\\/ru\\\/product\\\/balmain-stiliseerimispuuder-styling-powder\\\/#breadcrumb\",\"itemListElement\":[{\"@type\":\"ListItem\",\"position\":1,\"name\":\"Home\",\"item\":\"https:\\\/\\\/hairdeluxe.ee\\\/ru\\\/\"},{\"@type\":\"ListItem\",\"position\":2,\"name\":\"\u041c\u0430\u0433\u0430\u0437\u0438\u043d\",\"item\":\"https:\\\/\\\/hairdeluxe.ee\\\/ru\\\/shop\\\/\"},{\"@type\":\"ListItem\",\"position\":3,\"name\":\"BALMAIN HAIR juuste stiliseerimispuuder \\\/ Styling Powder 11g\"}]},{\"@type\":\"WebSite\",\"@id\":\"https:\\\/\\\/hairdeluxe.ee\\\/ru\\\/#website\",\"url\":\"https:\\\/\\\/hairdeluxe.ee\\\/ru\\\/\",\"name\":\"Hair Deluxe\",\"description\":\"Highlight your natural beauty\",\"publisher\":{\"@id\":\"https:\\\/\\\/hairdeluxe.ee\\\/ru\\\/#organization\"},\"potentialAction\":[{\"@type\":\"SearchAction\",\"target\":{\"@type\":\"EntryPoint\",\"urlTemplate\":\"https:\\\/\\\/hairdeluxe.ee\\\/ru\\\/?s={search_term_string}\"},\"query-input\":{\"@type\":\"PropertyValueSpecification\",\"valueRequired\":true,\"valueName\":\"search_term_string\"}}],\"inLanguage\":\"ru-RU\"},{\"@type\":\"Organization\",\"@id\":\"https:\\\/\\\/hairdeluxe.ee\\\/ru\\\/#organization\",\"name\":\"Hair Deluxe\",\"url\":\"https:\\\/\\\/hairdeluxe.ee\\\/ru\\\/\",\"logo\":{\"@type\":\"ImageObject\",\"inLanguage\":\"ru-RU\",\"@id\":\"https:\\\/\\\/hairdeluxe.ee\\\/ru\\\/#\\\/schema\\\/logo\\\/image\\\/\",\"url\":\"https:\\\/\\\/hairdeluxe.ee\\\/wp-content\\\/uploads\\\/2024\\\/06\\\/Hair-Deluxe-Logo-Dark-font.png\",\"contentUrl\":\"https:\\\/\\\/hairdeluxe.ee\\\/wp-content\\\/uploads\\\/2024\\\/06\\\/Hair-Deluxe-Logo-Dark-font.png\",\"width\":467,\"height\":177,\"caption\":\"Hair Deluxe\"},\"image\":{\"@id\":\"https:\\\/\\\/hairdeluxe.ee\\\/ru\\\/#\\\/schema\\\/logo\\\/image\\\/\"},\"sameAs\":[\"https:\\\/\\\/www.facebook.com\\\/blowbartallinn\",\"https:\\\/\\\/www.instagram.com\\\/blowbar_tallinn\"]}]}<\/script>\n<!-- \/ Yoast SEO plugin. -->","yoast_head_json":{"title":"BALMAIN HAIR juuste stiliseerimispuuder \/ Styling Powder 11g - Hair Deluxe","description":"Puuder lisab\u00a0juurtele tekstuuri ja vol\u00fc\u00fcmi, saavutamaks kauap\u00fcsiv ja paindliku hoidvusega viimistlus. Sobib v\u00e4ga h\u00e4sti ka l\u00fchikeste juuste kandjatele.","robots":{"index":"index","follow":"follow","max-snippet":"max-snippet:-1","max-image-preview":"max-image-preview:large","max-video-preview":"max-video-preview:-1"},"canonical":"https:\/\/hairdeluxe.ee\/ru\/product\/balmain-stiliseerimispuuder-styling-powder\/","og_locale":"ru_RU","og_type":"article","og_title":"BALMAIN HAIR juuste stiliseerimispuuder \/ Styling Powder 11g - Hair Deluxe","og_description":"Puuder lisab\u00a0juurtele tekstuuri ja vol\u00fc\u00fcmi, saavutamaks kauap\u00fcsiv ja paindliku hoidvusega viimistlus. Sobib v\u00e4ga h\u00e4sti ka l\u00fchikeste juuste kandjatele.","og_url":"https:\/\/hairdeluxe.ee\/ru\/product\/balmain-stiliseerimispuuder-styling-powder\/","og_site_name":"Hair Deluxe","article_publisher":"https:\/\/www.facebook.com\/blowbartallinn","article_modified_time":"2025-03-18T19:22:39+00:00","og_image":[{"width":800,"height":800,"url":"https:\/\/hairdeluxe.ee\/wp-content\/uploads\/2021\/03\/powder.jpg","type":"image\/jpeg"}],"twitter_card":"summary_large_image","twitter_misc":{"\u041f\u0440\u0438\u043c\u0435\u0440\u043d\u043e\u0435 \u0432\u0440\u0435\u043c\u044f \u0434\u043b\u044f \u0447\u0442\u0435\u043d\u0438\u044f":"1 \u043c\u0438\u043d\u0443\u0442\u0430"},"schema":{"@context":"https:\/\/schema.org","@graph":[{"@type":"WebPage","@id":"https:\/\/hairdeluxe.ee\/ru\/product\/balmain-stiliseerimispuuder-styling-powder\/","url":"https:\/\/hairdeluxe.ee\/ru\/product\/balmain-stiliseerimispuuder-styling-powder\/","name":"BALMAIN HAIR juuste stiliseerimispuuder \/ Styling Powder 11g - Hair Deluxe","isPartOf":{"@id":"https:\/\/hairdeluxe.ee\/ru\/#website"},"primaryImageOfPage":{"@id":"https:\/\/hairdeluxe.ee\/ru\/product\/balmain-stiliseerimispuuder-styling-powder\/#primaryimage"},"image":{"@id":"https:\/\/hairdeluxe.ee\/ru\/product\/balmain-stiliseerimispuuder-styling-powder\/#primaryimage"},"thumbnailUrl":"https:\/\/hairdeluxe.ee\/wp-content\/uploads\/2021\/03\/powder.jpg","datePublished":"2021-03-17T13:20:08+00:00","dateModified":"2025-03-18T19:22:39+00:00","description":"Puuder lisab\u00a0juurtele tekstuuri ja vol\u00fc\u00fcmi, saavutamaks kauap\u00fcsiv ja paindliku hoidvusega viimistlus. Sobib v\u00e4ga h\u00e4sti ka l\u00fchikeste juuste kandjatele.","breadcrumb":{"@id":"https:\/\/hairdeluxe.ee\/ru\/product\/balmain-stiliseerimispuuder-styling-powder\/#breadcrumb"},"inLanguage":"ru-RU","potentialAction":[{"@type":"ReadAction","target":["https:\/\/hairdeluxe.ee\/ru\/product\/balmain-stiliseerimispuuder-styling-powder\/"]}]},{"@type":"ImageObject","inLanguage":"ru-RU","@id":"https:\/\/hairdeluxe.ee\/ru\/product\/balmain-stiliseerimispuuder-styling-powder\/#primaryimage","url":"https:\/\/hairdeluxe.ee\/wp-content\/uploads\/2021\/03\/powder.jpg","contentUrl":"https:\/\/hairdeluxe.ee\/wp-content\/uploads\/2021\/03\/powder.jpg","width":800,"height":800},{"@type":"BreadcrumbList","@id":"https:\/\/hairdeluxe.ee\/ru\/product\/balmain-stiliseerimispuuder-styling-powder\/#breadcrumb","itemListElement":[{"@type":"ListItem","position":1,"name":"Home","item":"https:\/\/hairdeluxe.ee\/ru\/"},{"@type":"ListItem","position":2,"name":"\u041c\u0430\u0433\u0430\u0437\u0438\u043d","item":"https:\/\/hairdeluxe.ee\/ru\/shop\/"},{"@type":"ListItem","position":3,"name":"BALMAIN HAIR juuste stiliseerimispuuder \/ Styling Powder 11g"}]},{"@type":"WebSite","@id":"https:\/\/hairdeluxe.ee\/ru\/#website","url":"https:\/\/hairdeluxe.ee\/ru\/","name":"Hair Deluxe","description":"Highlight your natural beauty","publisher":{"@id":"https:\/\/hairdeluxe.ee\/ru\/#organization"},"potentialAction":[{"@type":"SearchAction","target":{"@type":"EntryPoint","urlTemplate":"https:\/\/hairdeluxe.ee\/ru\/?s={search_term_string}"},"query-input":{"@type":"PropertyValueSpecification","valueRequired":true,"valueName":"search_term_string"}}],"inLanguage":"ru-RU"},{"@type":"Organization","@id":"https:\/\/hairdeluxe.ee\/ru\/#organization","name":"Hair Deluxe","url":"https:\/\/hairdeluxe.ee\/ru\/","logo":{"@type":"ImageObject","inLanguage":"ru-RU","@id":"https:\/\/hairdeluxe.ee\/ru\/#\/schema\/logo\/image\/","url":"https:\/\/hairdeluxe.ee\/wp-content\/uploads\/2024\/06\/Hair-Deluxe-Logo-Dark-font.png","contentUrl":"https:\/\/hairdeluxe.ee\/wp-content\/uploads\/2024\/06\/Hair-Deluxe-Logo-Dark-font.png","width":467,"height":177,"caption":"Hair Deluxe"},"image":{"@id":"https:\/\/hairdeluxe.ee\/ru\/#\/schema\/logo\/image\/"},"sameAs":["https:\/\/www.facebook.com\/blowbartallinn","https:\/\/www.instagram.com\/blowbar_tallinn"]}]}},"_links":{"self":[{"href":"https:\/\/hairdeluxe.ee\/ru\/wp-json\/wp\/v2\/product\/21668","targetHints":{"allow":["GET"]}}],"collection":[{"href":"https:\/\/hairdeluxe.ee\/ru\/wp-json\/wp\/v2\/product"}],"about":[{"href":"https:\/\/hairdeluxe.ee\/ru\/wp-json\/wp\/v2\/types\/product"}],"wp:featuredmedia":[{"embeddable":true,"href":"https:\/\/hairdeluxe.ee\/ru\/wp-json\/wp\/v2\/media\/21704"}],"wp:attachment":[{"href":"https:\/\/hairdeluxe.ee\/ru\/wp-json\/wp\/v2\/media?parent=21668"}],"wp:term":[{"taxonomy":"product_brand","embeddable":true,"href":"https:\/\/hairdeluxe.ee\/ru\/wp-json\/wp\/v2\/product_brand?post=21668"},{"taxonomy":"product_cat","embeddable":true,"href":"https:\/\/hairdeluxe.ee\/ru\/wp-json\/wp\/v2\/product_cat?post=21668"},{"taxonomy":"product_tag","embeddable":true,"href":"https:\/\/hairdeluxe.ee\/ru\/wp-json\/wp\/v2\/product_tag?post=21668"}],"curies":[{"name":"wp","href":"https:\/\/api.w.org\/{rel}","templated":true}]}}