{"id":21669,"date":"2021-03-17T15:20:08","date_gmt":"2021-03-17T13:20:08","guid":{"rendered":"https:\/\/blowbar.ee\/toode\/import-placeholder-for-893\/"},"modified":"2025-03-18T19:22:39","modified_gmt":"2025-03-18T19:22:39","slug":"balmain-niisutav-seerum-argaaniaoliga-100ml-argan-moisturizing-elixir","status":"publish","type":"product","link":"https:\/\/hairdeluxe.ee\/ru\/product\/balmain-niisutav-seerum-argaaniaoliga-100ml-argan-moisturizing-elixir\/","title":{"rendered":"BALMAIN HAIR juukseid s\u00fcgavuti niisutav eliksiir argaania\u00f5liga \/ Argan Moisturizing Elixir 100ml"},"content":{"rendered":"<p><em><strong>Koostis:\u00a0<\/strong>Cyclopentasiloxane, Dimethiconol, Argania Spinoza Kernel Oil, Trimethylsiloxyphenyl Dimethicone, Silk Amino Acids, Ethylhexyl Methoxycinnamate, Parfum<\/em><\/p>\n","protected":false},"excerpt":{"rendered":"<p><strong>KLIENTIDE LEMMIK, enimm\u00fc\u00fcdud toode.<\/strong><\/p>\n<p>Taastava toimega seerum orgaanilise argaania\u00f5liga lisab juustele s\u00fcgavat niisutust, pehmust, siledust ja eluj\u00f5udu, sealjuures j\u00e4tmata juustesse j\u00e4\u00e4ke. Siidiproteiin ja argaania\u00f5li eliksiir s\u00e4ilitavad optimaalse niiskustaseme juustes, parandades ning kaitstes kahjustunud, kuivi ja n\u00f5rku juukseid kahjulike keskkonna m\u00f5jude eest. Argaania eliksiir annab juustele teemantl\u00e4ike, niisutab juukseid s\u00fcgavuti, toidab, kaitseb ja taaselustab kahjustatud juukseid.<\/p>\n<p>Argaania eliksiir erineb \u00f5list oma unikaalse koostise t\u00f5ttu. <strong>Balmain Hair argaania eliksiir on toodetud vee baasil, mitte \u00f5li baasil, see on v\u00e4ga suur erinevus. <\/strong>Balmain Hair Argan Elixir molekul on oluliselt v\u00e4iksem, kui tavalisel argaania \u00f5lil, seet\u00f5ttu Argan Moisturizing Elixir imendub oluliselt kiiremini ja s\u00fcgavamale juukse kiududesse.<\/p>\n<p>Vee baasil valmistatud toode ei j\u00e4ta erinevalt \u00f5list juukseid raskeks ega tolmule vastuv\u00f5tlikuks, kuna eliksiiris olev vesi aurustub juustest m\u00f5ne minutiga, j\u00e4ttes juustesse vajalikud toitained ja niisutavad komponendid.<\/p>\n<p><strong>Kasutamine:<\/strong> P\u00e4rast juuste pesu kanda paar tilka eliksiiri peopesale ja kanda \u00fchtlaselt niisketele v\u00f5i kuivadele juusteotstele. Liikudes juuste otstest \u00fcles, kuni k\u00f5rvade piirini.<\/p>\n<p>\u00c4ra loputada.<\/p>\n<p>K\u00e4tele j\u00e4\u00e4nud eliksiir masseerida k\u00e4enahka, eriti h\u00e4sti toimib k\u00fc\u00fcnenahkade niisutajana!<\/p>\n<p>Kogus: 100ml<\/p>\n<p>https:\/\/www.youtube.com\/watch?v=Q3MQz3hdCfk<\/p>\n","protected":false},"featured_media":39469,"template":"","meta":[],"product_brand":[464],"product_cat":[266,231,265,208,210,121,215,217,220,158,223,279,196],"product_tag":[178],"class_list":{"0":"post-21669","1":"product","2":"type-product","3":"status-publish","4":"has-post-thumbnail","6":"product_brand-balmain-hair","7":"product_cat-balmain-hair","8":"product_cat-blondeeritud-juustele","9":"product_cat-brandid","10":"product_cat-juuksehooldus","11":"product_cat-kaitse","12":"product_cat-koik-tooted","13":"product_cat-laige","14":"product_cat-maskid-ja-hooldus","15":"product_cat-pehmed-kahuvabad","16":"product_cat-populaarsed","17":"product_cat-pusadevastane","18":"product_cat-sugavuti-niisutav-moisturizing","19":"product_cat-viimistlus","20":"product_tag-sugis-talv-2018","22":"first","23":"instock","24":"featured","25":"taxable","26":"shipping-taxable","27":"purchasable","28":"product-type-simple","29":"add-to-wishlist-after_add_to_cart"},"yoast_head":"<!-- This site is optimized with the Yoast SEO plugin v27.3 - https:\/\/yoast.com\/product\/yoast-seo-wordpress\/ -->\n<title>BALMAIN HAIR juukseid s\u00fcgavuti niisutav eliksiir argaania\u00f5liga \/ Argan Moisturizing Elixir 100ml - Hair Deluxe<\/title>\n<meta name=\"robots\" content=\"index, follow, max-snippet:-1, max-image-preview:large, max-video-preview:-1\" \/>\n<link rel=\"canonical\" href=\"https:\/\/hairdeluxe.ee\/ru\/product\/balmain-niisutav-seerum-argaaniaoliga-100ml-argan-moisturizing-elixir\/\" \/>\n<meta property=\"og:locale\" content=\"ru_RU\" \/>\n<meta property=\"og:type\" content=\"article\" \/>\n<meta property=\"og:title\" content=\"BALMAIN HAIR juukseid s\u00fcgavuti niisutav eliksiir argaania\u00f5liga \/ Argan Moisturizing Elixir 100ml - Hair Deluxe\" \/>\n<meta property=\"og:description\" content=\"KLIENTIDE LEMMIK, enimm\u00fc\u00fcdud toode.  Taastava toimega seerum orgaanilise argaania\u00f5liga lisab juustele s\u00fcgavat niisutust, pehmust, siledust ja eluj\u00f5udu, sealjuures j\u00e4tmata juustesse j\u00e4\u00e4ke. Siidiproteiin ja argaania\u00f5li eliksiir s\u00e4ilitavad optimaalse niiskustaseme juustes, parandades ning kaitstes kahjustunud, kuivi ja n\u00f5rku juukseid kahjulike keskkonna m\u00f5jude eest. Argaania eliksiir annab juustele teemantl\u00e4ike, niisutab juukseid s\u00fcgavuti, toidab, kaitseb ja taaselustab kahjustatud juukseid.  Argaania eliksiir erineb \u00f5list oma unikaalse koostise t\u00f5ttu. Balmain Hair argaania eliksiir on toodetud vee baasil, mitte \u00f5li baasil, see on v\u00e4ga suur erinevus. Balmain Hair Argan Elixir molekul on oluliselt v\u00e4iksem, kui tavalisel argaania \u00f5lil, seet\u00f5ttu Argan Moisturizing Elixir imendub oluliselt kiiremini ja s\u00fcgavamale juukse kiududesse.  Vee baasil valmistatud toode ei j\u00e4ta erinevalt \u00f5list juukseid raskeks ega tolmule vastuv\u00f5tlikuks, kuna eliksiiris olev vesi aurustub juustest m\u00f5ne minutiga, j\u00e4ttes juustesse vajalikud toitained ja niisutavad komponendid.  Kasutamine: P\u00e4rast juuste pesu kanda paar tilka eliksiiri peopesale ja kanda \u00fchtlaselt niisketele v\u00f5i kuivadele juusteotstele. Liikudes juuste otstest \u00fcles, kuni k\u00f5rvade piirini.  \u00c4ra loputada.  K\u00e4tele j\u00e4\u00e4nud eliksiir masseerida k\u00e4enahka, eriti h\u00e4sti toimib k\u00fc\u00fcnenahkade niisutajana!  Kogus: 100ml  https:\/\/www.youtube.com\/watch?v=Q3MQz3hdCfk\" \/>\n<meta property=\"og:url\" content=\"https:\/\/hairdeluxe.ee\/ru\/product\/balmain-niisutav-seerum-argaaniaoliga-100ml-argan-moisturizing-elixir\/\" \/>\n<meta property=\"og:site_name\" content=\"Hair Deluxe\" \/>\n<meta property=\"article:publisher\" content=\"https:\/\/www.facebook.com\/blowbartallinn\" \/>\n<meta property=\"article:modified_time\" content=\"2025-03-18T19:22:39+00:00\" \/>\n<meta property=\"og:image\" content=\"https:\/\/hairdeluxe.ee\/wp-content\/uploads\/2024\/03\/balmain-hair-styling-argan-moisturizing-elixir-oli-800x800-1-1.jpg\" \/>\n\t<meta property=\"og:image:width\" content=\"370\" \/>\n\t<meta property=\"og:image:height\" content=\"370\" \/>\n\t<meta property=\"og:image:type\" content=\"image\/jpeg\" \/>\n<meta name=\"twitter:card\" content=\"summary_large_image\" \/>\n<meta name=\"twitter:label1\" content=\"\u041f\u0440\u0438\u043c\u0435\u0440\u043d\u043e\u0435 \u0432\u0440\u0435\u043c\u044f \u0434\u043b\u044f \u0447\u0442\u0435\u043d\u0438\u044f\" \/>\n\t<meta name=\"twitter:data1\" content=\"1 \u043c\u0438\u043d\u0443\u0442\u0430\" \/>\n<script type=\"application\/ld+json\" class=\"yoast-schema-graph\">{\"@context\":\"https:\\\/\\\/schema.org\",\"@graph\":[{\"@type\":\"WebPage\",\"@id\":\"https:\\\/\\\/hairdeluxe.ee\\\/ru\\\/product\\\/balmain-niisutav-seerum-argaaniaoliga-100ml-argan-moisturizing-elixir\\\/\",\"url\":\"https:\\\/\\\/hairdeluxe.ee\\\/ru\\\/product\\\/balmain-niisutav-seerum-argaaniaoliga-100ml-argan-moisturizing-elixir\\\/\",\"name\":\"BALMAIN HAIR juukseid s\u00fcgavuti niisutav eliksiir argaania\u00f5liga \\\/ Argan Moisturizing Elixir 100ml - Hair Deluxe\",\"isPartOf\":{\"@id\":\"https:\\\/\\\/hairdeluxe.ee\\\/ru\\\/#website\"},\"primaryImageOfPage\":{\"@id\":\"https:\\\/\\\/hairdeluxe.ee\\\/ru\\\/product\\\/balmain-niisutav-seerum-argaaniaoliga-100ml-argan-moisturizing-elixir\\\/#primaryimage\"},\"image\":{\"@id\":\"https:\\\/\\\/hairdeluxe.ee\\\/ru\\\/product\\\/balmain-niisutav-seerum-argaaniaoliga-100ml-argan-moisturizing-elixir\\\/#primaryimage\"},\"thumbnailUrl\":\"https:\\\/\\\/hairdeluxe.ee\\\/wp-content\\\/uploads\\\/2024\\\/03\\\/balmain-hair-styling-argan-moisturizing-elixir-oli-800x800-1-1.jpg\",\"datePublished\":\"2021-03-17T13:20:08+00:00\",\"dateModified\":\"2025-03-18T19:22:39+00:00\",\"breadcrumb\":{\"@id\":\"https:\\\/\\\/hairdeluxe.ee\\\/ru\\\/product\\\/balmain-niisutav-seerum-argaaniaoliga-100ml-argan-moisturizing-elixir\\\/#breadcrumb\"},\"inLanguage\":\"ru-RU\",\"potentialAction\":[{\"@type\":\"ReadAction\",\"target\":[\"https:\\\/\\\/hairdeluxe.ee\\\/ru\\\/product\\\/balmain-niisutav-seerum-argaaniaoliga-100ml-argan-moisturizing-elixir\\\/\"]}]},{\"@type\":\"ImageObject\",\"inLanguage\":\"ru-RU\",\"@id\":\"https:\\\/\\\/hairdeluxe.ee\\\/ru\\\/product\\\/balmain-niisutav-seerum-argaaniaoliga-100ml-argan-moisturizing-elixir\\\/#primaryimage\",\"url\":\"https:\\\/\\\/hairdeluxe.ee\\\/wp-content\\\/uploads\\\/2024\\\/03\\\/balmain-hair-styling-argan-moisturizing-elixir-oli-800x800-1-1.jpg\",\"contentUrl\":\"https:\\\/\\\/hairdeluxe.ee\\\/wp-content\\\/uploads\\\/2024\\\/03\\\/balmain-hair-styling-argan-moisturizing-elixir-oli-800x800-1-1.jpg\",\"width\":370,\"height\":370},{\"@type\":\"BreadcrumbList\",\"@id\":\"https:\\\/\\\/hairdeluxe.ee\\\/ru\\\/product\\\/balmain-niisutav-seerum-argaaniaoliga-100ml-argan-moisturizing-elixir\\\/#breadcrumb\",\"itemListElement\":[{\"@type\":\"ListItem\",\"position\":1,\"name\":\"Home\",\"item\":\"https:\\\/\\\/hairdeluxe.ee\\\/ru\\\/\"},{\"@type\":\"ListItem\",\"position\":2,\"name\":\"\u041c\u0430\u0433\u0430\u0437\u0438\u043d\",\"item\":\"https:\\\/\\\/hairdeluxe.ee\\\/ru\\\/shop\\\/\"},{\"@type\":\"ListItem\",\"position\":3,\"name\":\"BALMAIN HAIR juukseid s\u00fcgavuti niisutav eliksiir argaania\u00f5liga \\\/ Argan Moisturizing Elixir 100ml\"}]},{\"@type\":\"WebSite\",\"@id\":\"https:\\\/\\\/hairdeluxe.ee\\\/ru\\\/#website\",\"url\":\"https:\\\/\\\/hairdeluxe.ee\\\/ru\\\/\",\"name\":\"Hair Deluxe\",\"description\":\"Highlight your natural beauty\",\"publisher\":{\"@id\":\"https:\\\/\\\/hairdeluxe.ee\\\/ru\\\/#organization\"},\"potentialAction\":[{\"@type\":\"SearchAction\",\"target\":{\"@type\":\"EntryPoint\",\"urlTemplate\":\"https:\\\/\\\/hairdeluxe.ee\\\/ru\\\/?s={search_term_string}\"},\"query-input\":{\"@type\":\"PropertyValueSpecification\",\"valueRequired\":true,\"valueName\":\"search_term_string\"}}],\"inLanguage\":\"ru-RU\"},{\"@type\":\"Organization\",\"@id\":\"https:\\\/\\\/hairdeluxe.ee\\\/ru\\\/#organization\",\"name\":\"Hair Deluxe\",\"url\":\"https:\\\/\\\/hairdeluxe.ee\\\/ru\\\/\",\"logo\":{\"@type\":\"ImageObject\",\"inLanguage\":\"ru-RU\",\"@id\":\"https:\\\/\\\/hairdeluxe.ee\\\/ru\\\/#\\\/schema\\\/logo\\\/image\\\/\",\"url\":\"https:\\\/\\\/hairdeluxe.ee\\\/wp-content\\\/uploads\\\/2024\\\/06\\\/Hair-Deluxe-Logo-Dark-font.png\",\"contentUrl\":\"https:\\\/\\\/hairdeluxe.ee\\\/wp-content\\\/uploads\\\/2024\\\/06\\\/Hair-Deluxe-Logo-Dark-font.png\",\"width\":467,\"height\":177,\"caption\":\"Hair Deluxe\"},\"image\":{\"@id\":\"https:\\\/\\\/hairdeluxe.ee\\\/ru\\\/#\\\/schema\\\/logo\\\/image\\\/\"},\"sameAs\":[\"https:\\\/\\\/www.facebook.com\\\/blowbartallinn\",\"https:\\\/\\\/www.instagram.com\\\/blowbar_tallinn\"]}]}<\/script>\n<!-- \/ Yoast SEO plugin. -->","yoast_head_json":{"title":"BALMAIN HAIR juukseid s\u00fcgavuti niisutav eliksiir argaania\u00f5liga \/ Argan Moisturizing Elixir 100ml - Hair Deluxe","robots":{"index":"index","follow":"follow","max-snippet":"max-snippet:-1","max-image-preview":"max-image-preview:large","max-video-preview":"max-video-preview:-1"},"canonical":"https:\/\/hairdeluxe.ee\/ru\/product\/balmain-niisutav-seerum-argaaniaoliga-100ml-argan-moisturizing-elixir\/","og_locale":"ru_RU","og_type":"article","og_title":"BALMAIN HAIR juukseid s\u00fcgavuti niisutav eliksiir argaania\u00f5liga \/ Argan Moisturizing Elixir 100ml - Hair Deluxe","og_description":"KLIENTIDE LEMMIK, enimm\u00fc\u00fcdud toode.  Taastava toimega seerum orgaanilise argaania\u00f5liga lisab juustele s\u00fcgavat niisutust, pehmust, siledust ja eluj\u00f5udu, sealjuures j\u00e4tmata juustesse j\u00e4\u00e4ke. Siidiproteiin ja argaania\u00f5li eliksiir s\u00e4ilitavad optimaalse niiskustaseme juustes, parandades ning kaitstes kahjustunud, kuivi ja n\u00f5rku juukseid kahjulike keskkonna m\u00f5jude eest. Argaania eliksiir annab juustele teemantl\u00e4ike, niisutab juukseid s\u00fcgavuti, toidab, kaitseb ja taaselustab kahjustatud juukseid.  Argaania eliksiir erineb \u00f5list oma unikaalse koostise t\u00f5ttu. Balmain Hair argaania eliksiir on toodetud vee baasil, mitte \u00f5li baasil, see on v\u00e4ga suur erinevus. Balmain Hair Argan Elixir molekul on oluliselt v\u00e4iksem, kui tavalisel argaania \u00f5lil, seet\u00f5ttu Argan Moisturizing Elixir imendub oluliselt kiiremini ja s\u00fcgavamale juukse kiududesse.  Vee baasil valmistatud toode ei j\u00e4ta erinevalt \u00f5list juukseid raskeks ega tolmule vastuv\u00f5tlikuks, kuna eliksiiris olev vesi aurustub juustest m\u00f5ne minutiga, j\u00e4ttes juustesse vajalikud toitained ja niisutavad komponendid.  Kasutamine: P\u00e4rast juuste pesu kanda paar tilka eliksiiri peopesale ja kanda \u00fchtlaselt niisketele v\u00f5i kuivadele juusteotstele. Liikudes juuste otstest \u00fcles, kuni k\u00f5rvade piirini.  \u00c4ra loputada.  K\u00e4tele j\u00e4\u00e4nud eliksiir masseerida k\u00e4enahka, eriti h\u00e4sti toimib k\u00fc\u00fcnenahkade niisutajana!  Kogus: 100ml  https:\/\/www.youtube.com\/watch?v=Q3MQz3hdCfk","og_url":"https:\/\/hairdeluxe.ee\/ru\/product\/balmain-niisutav-seerum-argaaniaoliga-100ml-argan-moisturizing-elixir\/","og_site_name":"Hair Deluxe","article_publisher":"https:\/\/www.facebook.com\/blowbartallinn","article_modified_time":"2025-03-18T19:22:39+00:00","og_image":[{"width":370,"height":370,"url":"https:\/\/hairdeluxe.ee\/wp-content\/uploads\/2024\/03\/balmain-hair-styling-argan-moisturizing-elixir-oli-800x800-1-1.jpg","type":"image\/jpeg"}],"twitter_card":"summary_large_image","twitter_misc":{"\u041f\u0440\u0438\u043c\u0435\u0440\u043d\u043e\u0435 \u0432\u0440\u0435\u043c\u044f \u0434\u043b\u044f \u0447\u0442\u0435\u043d\u0438\u044f":"1 \u043c\u0438\u043d\u0443\u0442\u0430"},"schema":{"@context":"https:\/\/schema.org","@graph":[{"@type":"WebPage","@id":"https:\/\/hairdeluxe.ee\/ru\/product\/balmain-niisutav-seerum-argaaniaoliga-100ml-argan-moisturizing-elixir\/","url":"https:\/\/hairdeluxe.ee\/ru\/product\/balmain-niisutav-seerum-argaaniaoliga-100ml-argan-moisturizing-elixir\/","name":"BALMAIN HAIR juukseid s\u00fcgavuti niisutav eliksiir argaania\u00f5liga \/ Argan Moisturizing Elixir 100ml - Hair Deluxe","isPartOf":{"@id":"https:\/\/hairdeluxe.ee\/ru\/#website"},"primaryImageOfPage":{"@id":"https:\/\/hairdeluxe.ee\/ru\/product\/balmain-niisutav-seerum-argaaniaoliga-100ml-argan-moisturizing-elixir\/#primaryimage"},"image":{"@id":"https:\/\/hairdeluxe.ee\/ru\/product\/balmain-niisutav-seerum-argaaniaoliga-100ml-argan-moisturizing-elixir\/#primaryimage"},"thumbnailUrl":"https:\/\/hairdeluxe.ee\/wp-content\/uploads\/2024\/03\/balmain-hair-styling-argan-moisturizing-elixir-oli-800x800-1-1.jpg","datePublished":"2021-03-17T13:20:08+00:00","dateModified":"2025-03-18T19:22:39+00:00","breadcrumb":{"@id":"https:\/\/hairdeluxe.ee\/ru\/product\/balmain-niisutav-seerum-argaaniaoliga-100ml-argan-moisturizing-elixir\/#breadcrumb"},"inLanguage":"ru-RU","potentialAction":[{"@type":"ReadAction","target":["https:\/\/hairdeluxe.ee\/ru\/product\/balmain-niisutav-seerum-argaaniaoliga-100ml-argan-moisturizing-elixir\/"]}]},{"@type":"ImageObject","inLanguage":"ru-RU","@id":"https:\/\/hairdeluxe.ee\/ru\/product\/balmain-niisutav-seerum-argaaniaoliga-100ml-argan-moisturizing-elixir\/#primaryimage","url":"https:\/\/hairdeluxe.ee\/wp-content\/uploads\/2024\/03\/balmain-hair-styling-argan-moisturizing-elixir-oli-800x800-1-1.jpg","contentUrl":"https:\/\/hairdeluxe.ee\/wp-content\/uploads\/2024\/03\/balmain-hair-styling-argan-moisturizing-elixir-oli-800x800-1-1.jpg","width":370,"height":370},{"@type":"BreadcrumbList","@id":"https:\/\/hairdeluxe.ee\/ru\/product\/balmain-niisutav-seerum-argaaniaoliga-100ml-argan-moisturizing-elixir\/#breadcrumb","itemListElement":[{"@type":"ListItem","position":1,"name":"Home","item":"https:\/\/hairdeluxe.ee\/ru\/"},{"@type":"ListItem","position":2,"name":"\u041c\u0430\u0433\u0430\u0437\u0438\u043d","item":"https:\/\/hairdeluxe.ee\/ru\/shop\/"},{"@type":"ListItem","position":3,"name":"BALMAIN HAIR juukseid s\u00fcgavuti niisutav eliksiir argaania\u00f5liga \/ Argan Moisturizing Elixir 100ml"}]},{"@type":"WebSite","@id":"https:\/\/hairdeluxe.ee\/ru\/#website","url":"https:\/\/hairdeluxe.ee\/ru\/","name":"Hair Deluxe","description":"Highlight your natural beauty","publisher":{"@id":"https:\/\/hairdeluxe.ee\/ru\/#organization"},"potentialAction":[{"@type":"SearchAction","target":{"@type":"EntryPoint","urlTemplate":"https:\/\/hairdeluxe.ee\/ru\/?s={search_term_string}"},"query-input":{"@type":"PropertyValueSpecification","valueRequired":true,"valueName":"search_term_string"}}],"inLanguage":"ru-RU"},{"@type":"Organization","@id":"https:\/\/hairdeluxe.ee\/ru\/#organization","name":"Hair Deluxe","url":"https:\/\/hairdeluxe.ee\/ru\/","logo":{"@type":"ImageObject","inLanguage":"ru-RU","@id":"https:\/\/hairdeluxe.ee\/ru\/#\/schema\/logo\/image\/","url":"https:\/\/hairdeluxe.ee\/wp-content\/uploads\/2024\/06\/Hair-Deluxe-Logo-Dark-font.png","contentUrl":"https:\/\/hairdeluxe.ee\/wp-content\/uploads\/2024\/06\/Hair-Deluxe-Logo-Dark-font.png","width":467,"height":177,"caption":"Hair Deluxe"},"image":{"@id":"https:\/\/hairdeluxe.ee\/ru\/#\/schema\/logo\/image\/"},"sameAs":["https:\/\/www.facebook.com\/blowbartallinn","https:\/\/www.instagram.com\/blowbar_tallinn"]}]}},"_links":{"self":[{"href":"https:\/\/hairdeluxe.ee\/ru\/wp-json\/wp\/v2\/product\/21669","targetHints":{"allow":["GET"]}}],"collection":[{"href":"https:\/\/hairdeluxe.ee\/ru\/wp-json\/wp\/v2\/product"}],"about":[{"href":"https:\/\/hairdeluxe.ee\/ru\/wp-json\/wp\/v2\/types\/product"}],"wp:featuredmedia":[{"embeddable":true,"href":"https:\/\/hairdeluxe.ee\/ru\/wp-json\/wp\/v2\/media\/39469"}],"wp:attachment":[{"href":"https:\/\/hairdeluxe.ee\/ru\/wp-json\/wp\/v2\/media?parent=21669"}],"wp:term":[{"taxonomy":"product_brand","embeddable":true,"href":"https:\/\/hairdeluxe.ee\/ru\/wp-json\/wp\/v2\/product_brand?post=21669"},{"taxonomy":"product_cat","embeddable":true,"href":"https:\/\/hairdeluxe.ee\/ru\/wp-json\/wp\/v2\/product_cat?post=21669"},{"taxonomy":"product_tag","embeddable":true,"href":"https:\/\/hairdeluxe.ee\/ru\/wp-json\/wp\/v2\/product_tag?post=21669"}],"curies":[{"name":"wp","href":"https:\/\/api.w.org\/{rel}","templated":true}]}}