{"id":21691,"date":"2021-03-17T15:20:30","date_gmt":"2021-03-17T13:20:30","guid":{"rendered":"https:\/\/blowbar.ee\/toode\/import-placeholder-for-928\/"},"modified":"2025-03-18T19:22:38","modified_gmt":"2025-03-18T19:22:38","slug":"balmain-voluumivaht-300-ml-volume-mousse","status":"publish","type":"product","link":"https:\/\/hairdeluxe.ee\/ru\/product\/balmain-voluumivaht-300-ml-volume-mousse\/","title":{"rendered":"BALMAIN HAIR tugeva hoidvusega vol\u00fc\u00fcmivaht \/ Volume Mousse Strong 300ml"},"content":{"rendered":"<p><em><strong>Koostis:<\/strong>\u00a0<\/em><em>Aqua, Polyquaternium- 11, Butane, Propane, Isobutane, Polyquaternium-16, Bisamino PEG\/PPG-41\/3 Aminoethyl PG-Propyl Dimethicone, Silk Amino Acids, Hydrolyzed Vegetable Protein PG-Propyl Silanetriol, Panthenol, Zingiber Officinale (Ginger) Root Extract, Butylene Glycol, Betaine, PEG-12 Dimethicone, Aloe Barbadensis, Anthemis Nobilis, Propylene Glycol, Rosemary Extract, Cetrimonium Chloride, Polysorbate 20, Laureth-4, Benzophenone-4, Parfum.<\/em><\/p>\n","protected":false},"excerpt":{"rendered":"<p>Tugeva hoidvusega ent paindlik vol\u00fc\u00fcmivaht, lisab juustele kohevust, niisutab, kaitseb ja parandab kahjustunud juukseid. Koostisosad tagavad maksimaalse vol\u00fc\u00fcmi ning tihedamad juuksed, pakkudes samaaegselt kauakestvat hoidvust. Kerge koostis ei j\u00e4ta soovimatuid j\u00e4\u00e4ke juustesse. Volume Mousse Strong on ideaalne toode, et muuta \u00f5hukesed juuksed vol\u00fc\u00fcmikaks ning lisada soengule paindlikust. Antistaatiline. Rikastatud Balmain Hair tunnusl\u00f5hnaga.<br \/>\n\u2013 Lisab vol\u00fc\u00fcmi<br \/>\n\u2013 Niisutab ja parandab kahjustunud juukseid<br \/>\n\u2013 Mitmek\u00fclgne juuste viimistlemine<\/p>\n<p><strong>Kasutamine:<\/strong>\u00a0Tugeva vol\u00fc\u00fcmi loomiseks kanda v\u00e4ike kogus vahtu oma peopesale, seej\u00e4rel kanda toode \u00fchtlaselt niisketesse juustesse ja f\u00f6\u00f6nitada kuivaks.<\/p>\n<p><strong>Soovitused:<\/strong>\u00a0Lisamaks juukseotstele vol\u00fc\u00fcmi, kanda vahtu peopesale ja masseerida seej\u00e4rel see juukseotstele. Lasta kuivada.<\/p>\n<p>Kogus: 300ml<\/p>\n<p>https:\/\/www.youtube.com\/watch?v=bWlGulv-otw<\/p>\n","protected":false},"featured_media":21713,"template":"","meta":[],"product_brand":[464],"product_cat":[266,265,212,213,121,144,196,274,280],"product_tag":[],"class_list":{"0":"post-21691","1":"product","2":"type-product","3":"status-publish","4":"has-post-thumbnail","6":"product_brand-balmain-hair","7":"product_cat-balmain-hair","8":"product_cat-brandid","9":"product_cat-kinnitus","10":"product_cat-kohevus","11":"product_cat-koik-tooted","12":"product_cat-meestele","13":"product_cat-viimistlus","14":"product_cat-viimistlus-meestele","15":"product_cat-voluumi-andev-volume","17":"first","18":"instock","19":"taxable","20":"shipping-taxable","21":"purchasable","22":"product-type-simple","23":"add-to-wishlist-after_add_to_cart"},"yoast_head":"<!-- This site is optimized with the Yoast SEO plugin v27.5 - https:\/\/yoast.com\/product\/yoast-seo-wordpress\/ -->\n<title>BALMAIN HAIR tugeva hoidvusega vol\u00fc\u00fcmivaht \/ Volume Mousse Strong 300ml - Hair Deluxe<\/title>\n<meta name=\"robots\" content=\"index, follow, max-snippet:-1, max-image-preview:large, max-video-preview:-1\" \/>\n<link rel=\"canonical\" href=\"https:\/\/hairdeluxe.ee\/ru\/product\/balmain-voluumivaht-300-ml-volume-mousse\/\" \/>\n<meta property=\"og:locale\" content=\"ru_RU\" \/>\n<meta property=\"og:type\" content=\"article\" \/>\n<meta property=\"og:title\" content=\"BALMAIN HAIR tugeva hoidvusega vol\u00fc\u00fcmivaht \/ Volume Mousse Strong 300ml - Hair Deluxe\" \/>\n<meta property=\"og:description\" content=\"Tugeva hoidvusega ent paindlik vol\u00fc\u00fcmivaht, lisab juustele kohevust, niisutab, kaitseb ja parandab kahjustunud juukseid. Koostisosad tagavad maksimaalse vol\u00fc\u00fcmi ning tihedamad juuksed, pakkudes samaaegselt kauakestvat hoidvust. Kerge koostis ei j\u00e4ta soovimatuid j\u00e4\u00e4ke juustesse. Volume Mousse Strong on ideaalne toode, et muuta \u00f5hukesed juuksed vol\u00fc\u00fcmikaks ning lisada soengule paindlikust. Antistaatiline. Rikastatud Balmain Hair tunnusl\u00f5hnaga. \u2013 Lisab vol\u00fc\u00fcmi \u2013 Niisutab ja parandab kahjustunud juukseid \u2013 Mitmek\u00fclgne juuste viimistlemine  Kasutamine:\u00a0Tugeva vol\u00fc\u00fcmi loomiseks kanda v\u00e4ike kogus vahtu oma peopesale, seej\u00e4rel kanda toode \u00fchtlaselt niisketesse juustesse ja f\u00f6\u00f6nitada kuivaks.  Soovitused:\u00a0Lisamaks juukseotstele vol\u00fc\u00fcmi, kanda vahtu peopesale ja masseerida seej\u00e4rel see juukseotstele. Lasta kuivada.  Kogus: 300ml  https:\/\/www.youtube.com\/watch?v=bWlGulv-otw\" \/>\n<meta property=\"og:url\" content=\"https:\/\/hairdeluxe.ee\/ru\/product\/balmain-voluumivaht-300-ml-volume-mousse\/\" \/>\n<meta property=\"og:site_name\" content=\"Hair Deluxe\" \/>\n<meta property=\"article:publisher\" content=\"https:\/\/www.facebook.com\/blowbartallinn\" \/>\n<meta property=\"article:modified_time\" content=\"2025-03-18T19:22:38+00:00\" \/>\n<meta property=\"og:image\" content=\"https:\/\/hairdeluxe.ee\/wp-content\/uploads\/2021\/03\/mousse.jpg\" \/>\n\t<meta property=\"og:image:width\" content=\"800\" \/>\n\t<meta property=\"og:image:height\" content=\"800\" \/>\n\t<meta property=\"og:image:type\" content=\"image\/jpeg\" \/>\n<meta name=\"twitter:card\" content=\"summary_large_image\" \/>\n<script type=\"application\/ld+json\" class=\"yoast-schema-graph\">{\"@context\":\"https:\\\/\\\/schema.org\",\"@graph\":[{\"@type\":\"WebPage\",\"@id\":\"https:\\\/\\\/hairdeluxe.ee\\\/ru\\\/product\\\/balmain-voluumivaht-300-ml-volume-mousse\\\/\",\"url\":\"https:\\\/\\\/hairdeluxe.ee\\\/ru\\\/product\\\/balmain-voluumivaht-300-ml-volume-mousse\\\/\",\"name\":\"BALMAIN HAIR tugeva hoidvusega vol\u00fc\u00fcmivaht \\\/ Volume Mousse Strong 300ml - Hair Deluxe\",\"isPartOf\":{\"@id\":\"https:\\\/\\\/hairdeluxe.ee\\\/ru\\\/#website\"},\"primaryImageOfPage\":{\"@id\":\"https:\\\/\\\/hairdeluxe.ee\\\/ru\\\/product\\\/balmain-voluumivaht-300-ml-volume-mousse\\\/#primaryimage\"},\"image\":{\"@id\":\"https:\\\/\\\/hairdeluxe.ee\\\/ru\\\/product\\\/balmain-voluumivaht-300-ml-volume-mousse\\\/#primaryimage\"},\"thumbnailUrl\":\"https:\\\/\\\/hairdeluxe.ee\\\/wp-content\\\/uploads\\\/2021\\\/03\\\/mousse.jpg\",\"datePublished\":\"2021-03-17T13:20:30+00:00\",\"dateModified\":\"2025-03-18T19:22:38+00:00\",\"breadcrumb\":{\"@id\":\"https:\\\/\\\/hairdeluxe.ee\\\/ru\\\/product\\\/balmain-voluumivaht-300-ml-volume-mousse\\\/#breadcrumb\"},\"inLanguage\":\"ru-RU\",\"potentialAction\":[{\"@type\":\"ReadAction\",\"target\":[\"https:\\\/\\\/hairdeluxe.ee\\\/ru\\\/product\\\/balmain-voluumivaht-300-ml-volume-mousse\\\/\"]}]},{\"@type\":\"ImageObject\",\"inLanguage\":\"ru-RU\",\"@id\":\"https:\\\/\\\/hairdeluxe.ee\\\/ru\\\/product\\\/balmain-voluumivaht-300-ml-volume-mousse\\\/#primaryimage\",\"url\":\"https:\\\/\\\/hairdeluxe.ee\\\/wp-content\\\/uploads\\\/2021\\\/03\\\/mousse.jpg\",\"contentUrl\":\"https:\\\/\\\/hairdeluxe.ee\\\/wp-content\\\/uploads\\\/2021\\\/03\\\/mousse.jpg\",\"width\":800,\"height\":800},{\"@type\":\"BreadcrumbList\",\"@id\":\"https:\\\/\\\/hairdeluxe.ee\\\/ru\\\/product\\\/balmain-voluumivaht-300-ml-volume-mousse\\\/#breadcrumb\",\"itemListElement\":[{\"@type\":\"ListItem\",\"position\":1,\"name\":\"Home\",\"item\":\"https:\\\/\\\/hairdeluxe.ee\\\/ru\\\/\"},{\"@type\":\"ListItem\",\"position\":2,\"name\":\"\u041c\u0430\u0433\u0430\u0437\u0438\u043d\",\"item\":\"https:\\\/\\\/hairdeluxe.ee\\\/ru\\\/shop\\\/\"},{\"@type\":\"ListItem\",\"position\":3,\"name\":\"BALMAIN HAIR tugeva hoidvusega vol\u00fc\u00fcmivaht \\\/ Volume Mousse Strong 300ml\"}]},{\"@type\":\"WebSite\",\"@id\":\"https:\\\/\\\/hairdeluxe.ee\\\/ru\\\/#website\",\"url\":\"https:\\\/\\\/hairdeluxe.ee\\\/ru\\\/\",\"name\":\"Hair Deluxe\",\"description\":\"Highlight your natural beauty\",\"publisher\":{\"@id\":\"https:\\\/\\\/hairdeluxe.ee\\\/ru\\\/#organization\"},\"potentialAction\":[{\"@type\":\"SearchAction\",\"target\":{\"@type\":\"EntryPoint\",\"urlTemplate\":\"https:\\\/\\\/hairdeluxe.ee\\\/ru\\\/?s={search_term_string}\"},\"query-input\":{\"@type\":\"PropertyValueSpecification\",\"valueRequired\":true,\"valueName\":\"search_term_string\"}}],\"inLanguage\":\"ru-RU\"},{\"@type\":\"Organization\",\"@id\":\"https:\\\/\\\/hairdeluxe.ee\\\/ru\\\/#organization\",\"name\":\"Hair Deluxe\",\"url\":\"https:\\\/\\\/hairdeluxe.ee\\\/ru\\\/\",\"logo\":{\"@type\":\"ImageObject\",\"inLanguage\":\"ru-RU\",\"@id\":\"https:\\\/\\\/hairdeluxe.ee\\\/ru\\\/#\\\/schema\\\/logo\\\/image\\\/\",\"url\":\"https:\\\/\\\/hairdeluxe.ee\\\/wp-content\\\/uploads\\\/2024\\\/06\\\/Hair-Deluxe-Logo-Dark-font.png\",\"contentUrl\":\"https:\\\/\\\/hairdeluxe.ee\\\/wp-content\\\/uploads\\\/2024\\\/06\\\/Hair-Deluxe-Logo-Dark-font.png\",\"width\":467,\"height\":177,\"caption\":\"Hair Deluxe\"},\"image\":{\"@id\":\"https:\\\/\\\/hairdeluxe.ee\\\/ru\\\/#\\\/schema\\\/logo\\\/image\\\/\"},\"sameAs\":[\"https:\\\/\\\/www.facebook.com\\\/blowbartallinn\",\"https:\\\/\\\/www.instagram.com\\\/blowbar_tallinn\"]}]}<\/script>\n<!-- \/ Yoast SEO plugin. -->","yoast_head_json":{"title":"BALMAIN HAIR tugeva hoidvusega vol\u00fc\u00fcmivaht \/ Volume Mousse Strong 300ml - Hair Deluxe","robots":{"index":"index","follow":"follow","max-snippet":"max-snippet:-1","max-image-preview":"max-image-preview:large","max-video-preview":"max-video-preview:-1"},"canonical":"https:\/\/hairdeluxe.ee\/ru\/product\/balmain-voluumivaht-300-ml-volume-mousse\/","og_locale":"ru_RU","og_type":"article","og_title":"BALMAIN HAIR tugeva hoidvusega vol\u00fc\u00fcmivaht \/ Volume Mousse Strong 300ml - Hair Deluxe","og_description":"Tugeva hoidvusega ent paindlik vol\u00fc\u00fcmivaht, lisab juustele kohevust, niisutab, kaitseb ja parandab kahjustunud juukseid. Koostisosad tagavad maksimaalse vol\u00fc\u00fcmi ning tihedamad juuksed, pakkudes samaaegselt kauakestvat hoidvust. Kerge koostis ei j\u00e4ta soovimatuid j\u00e4\u00e4ke juustesse. Volume Mousse Strong on ideaalne toode, et muuta \u00f5hukesed juuksed vol\u00fc\u00fcmikaks ning lisada soengule paindlikust. Antistaatiline. Rikastatud Balmain Hair tunnusl\u00f5hnaga. \u2013 Lisab vol\u00fc\u00fcmi \u2013 Niisutab ja parandab kahjustunud juukseid \u2013 Mitmek\u00fclgne juuste viimistlemine  Kasutamine:\u00a0Tugeva vol\u00fc\u00fcmi loomiseks kanda v\u00e4ike kogus vahtu oma peopesale, seej\u00e4rel kanda toode \u00fchtlaselt niisketesse juustesse ja f\u00f6\u00f6nitada kuivaks.  Soovitused:\u00a0Lisamaks juukseotstele vol\u00fc\u00fcmi, kanda vahtu peopesale ja masseerida seej\u00e4rel see juukseotstele. Lasta kuivada.  Kogus: 300ml  https:\/\/www.youtube.com\/watch?v=bWlGulv-otw","og_url":"https:\/\/hairdeluxe.ee\/ru\/product\/balmain-voluumivaht-300-ml-volume-mousse\/","og_site_name":"Hair Deluxe","article_publisher":"https:\/\/www.facebook.com\/blowbartallinn","article_modified_time":"2025-03-18T19:22:38+00:00","og_image":[{"width":800,"height":800,"url":"https:\/\/hairdeluxe.ee\/wp-content\/uploads\/2021\/03\/mousse.jpg","type":"image\/jpeg"}],"twitter_card":"summary_large_image","schema":{"@context":"https:\/\/schema.org","@graph":[{"@type":"WebPage","@id":"https:\/\/hairdeluxe.ee\/ru\/product\/balmain-voluumivaht-300-ml-volume-mousse\/","url":"https:\/\/hairdeluxe.ee\/ru\/product\/balmain-voluumivaht-300-ml-volume-mousse\/","name":"BALMAIN HAIR tugeva hoidvusega vol\u00fc\u00fcmivaht \/ Volume Mousse Strong 300ml - Hair Deluxe","isPartOf":{"@id":"https:\/\/hairdeluxe.ee\/ru\/#website"},"primaryImageOfPage":{"@id":"https:\/\/hairdeluxe.ee\/ru\/product\/balmain-voluumivaht-300-ml-volume-mousse\/#primaryimage"},"image":{"@id":"https:\/\/hairdeluxe.ee\/ru\/product\/balmain-voluumivaht-300-ml-volume-mousse\/#primaryimage"},"thumbnailUrl":"https:\/\/hairdeluxe.ee\/wp-content\/uploads\/2021\/03\/mousse.jpg","datePublished":"2021-03-17T13:20:30+00:00","dateModified":"2025-03-18T19:22:38+00:00","breadcrumb":{"@id":"https:\/\/hairdeluxe.ee\/ru\/product\/balmain-voluumivaht-300-ml-volume-mousse\/#breadcrumb"},"inLanguage":"ru-RU","potentialAction":[{"@type":"ReadAction","target":["https:\/\/hairdeluxe.ee\/ru\/product\/balmain-voluumivaht-300-ml-volume-mousse\/"]}]},{"@type":"ImageObject","inLanguage":"ru-RU","@id":"https:\/\/hairdeluxe.ee\/ru\/product\/balmain-voluumivaht-300-ml-volume-mousse\/#primaryimage","url":"https:\/\/hairdeluxe.ee\/wp-content\/uploads\/2021\/03\/mousse.jpg","contentUrl":"https:\/\/hairdeluxe.ee\/wp-content\/uploads\/2021\/03\/mousse.jpg","width":800,"height":800},{"@type":"BreadcrumbList","@id":"https:\/\/hairdeluxe.ee\/ru\/product\/balmain-voluumivaht-300-ml-volume-mousse\/#breadcrumb","itemListElement":[{"@type":"ListItem","position":1,"name":"Home","item":"https:\/\/hairdeluxe.ee\/ru\/"},{"@type":"ListItem","position":2,"name":"\u041c\u0430\u0433\u0430\u0437\u0438\u043d","item":"https:\/\/hairdeluxe.ee\/ru\/shop\/"},{"@type":"ListItem","position":3,"name":"BALMAIN HAIR tugeva hoidvusega vol\u00fc\u00fcmivaht \/ Volume Mousse Strong 300ml"}]},{"@type":"WebSite","@id":"https:\/\/hairdeluxe.ee\/ru\/#website","url":"https:\/\/hairdeluxe.ee\/ru\/","name":"Hair Deluxe","description":"Highlight your natural beauty","publisher":{"@id":"https:\/\/hairdeluxe.ee\/ru\/#organization"},"potentialAction":[{"@type":"SearchAction","target":{"@type":"EntryPoint","urlTemplate":"https:\/\/hairdeluxe.ee\/ru\/?s={search_term_string}"},"query-input":{"@type":"PropertyValueSpecification","valueRequired":true,"valueName":"search_term_string"}}],"inLanguage":"ru-RU"},{"@type":"Organization","@id":"https:\/\/hairdeluxe.ee\/ru\/#organization","name":"Hair Deluxe","url":"https:\/\/hairdeluxe.ee\/ru\/","logo":{"@type":"ImageObject","inLanguage":"ru-RU","@id":"https:\/\/hairdeluxe.ee\/ru\/#\/schema\/logo\/image\/","url":"https:\/\/hairdeluxe.ee\/wp-content\/uploads\/2024\/06\/Hair-Deluxe-Logo-Dark-font.png","contentUrl":"https:\/\/hairdeluxe.ee\/wp-content\/uploads\/2024\/06\/Hair-Deluxe-Logo-Dark-font.png","width":467,"height":177,"caption":"Hair Deluxe"},"image":{"@id":"https:\/\/hairdeluxe.ee\/ru\/#\/schema\/logo\/image\/"},"sameAs":["https:\/\/www.facebook.com\/blowbartallinn","https:\/\/www.instagram.com\/blowbar_tallinn"]}]}},"_links":{"self":[{"href":"https:\/\/hairdeluxe.ee\/ru\/wp-json\/wp\/v2\/product\/21691","targetHints":{"allow":["GET"]}}],"collection":[{"href":"https:\/\/hairdeluxe.ee\/ru\/wp-json\/wp\/v2\/product"}],"about":[{"href":"https:\/\/hairdeluxe.ee\/ru\/wp-json\/wp\/v2\/types\/product"}],"wp:featuredmedia":[{"embeddable":true,"href":"https:\/\/hairdeluxe.ee\/ru\/wp-json\/wp\/v2\/media\/21713"}],"wp:attachment":[{"href":"https:\/\/hairdeluxe.ee\/ru\/wp-json\/wp\/v2\/media?parent=21691"}],"wp:term":[{"taxonomy":"product_brand","embeddable":true,"href":"https:\/\/hairdeluxe.ee\/ru\/wp-json\/wp\/v2\/product_brand?post=21691"},{"taxonomy":"product_cat","embeddable":true,"href":"https:\/\/hairdeluxe.ee\/ru\/wp-json\/wp\/v2\/product_cat?post=21691"},{"taxonomy":"product_tag","embeddable":true,"href":"https:\/\/hairdeluxe.ee\/ru\/wp-json\/wp\/v2\/product_tag?post=21691"}],"curies":[{"name":"wp","href":"https:\/\/api.w.org\/{rel}","templated":true}]}}