{"id":21700,"date":"2021-03-17T15:20:31","date_gmt":"2021-03-17T13:20:31","guid":{"rendered":"https:\/\/blowbar.ee\/toode\/import-placeholder-for-986\/"},"modified":"2025-03-18T19:22:38","modified_gmt":"2025-03-18T19:22:38","slug":"balmain-tekstuuri-andev-voluumisprei-200ml-texturizing-volume-spray","status":"publish","type":"product","link":"https:\/\/hairdeluxe.ee\/ru\/product\/balmain-tekstuuri-andev-voluumisprei-200ml-texturizing-volume-spray\/","title":{"rendered":"BALMAIN HAIR tekstuuri andev vol\u00fc\u00fcmisprei \/ Texturizing Volume Spray 200ml"},"content":{"rendered":"<p><em><strong>Koostis:<\/strong>\u00a0Butane, Alcohol Denat., Isobutane, Propane, VP\/VA Copolymer, Aluminum Starch Octenylsuccinate, Silica, Solanum Tuberosum (Potato)Starch, Cocotrimonium Methosulfate, Aqua, Tocopherol, Benzophenone-4, Parfum.<\/em><\/p>\n","protected":false},"excerpt":{"rendered":"<p>Texturizing Volume Spray on mitmek\u00fclgne vol\u00fc\u00fcmisprei, mis lisab juustele ja soengule kohevust, struktuuri ning on ideaalne juuksejuurte t\u00f5stmiseks.<br \/>\n\u2013 Tulemus on kiire ja kauap\u00fcsiv.<br \/>\n\u2013 Tagab soengule tugeva hoidvuse.<br \/>\n\u2013 Sobib igap\u00e4evaseks kasutamiseks.<\/p>\n<p><strong>Kasutamine:<\/strong>\u00a0Enne kasutamist loksutada pudelit. Pihustada 15\u201320 cm kauguselt kuivadesse v\u00f5i niisketesse juustesse, eriti juuksejuurtele ja vormida soeng.<\/p>\n<p>Kogus: 200ml<\/p>\n<p>https:\/\/www.youtube.com\/watch?v=FmWyYwk7rTs<\/p>\n<p>&nbsp;<\/p>\n","protected":false},"featured_media":21736,"template":"","meta":[],"product_brand":[464],"product_cat":[266,265,208,213,121,229,196,280],"product_tag":[],"class_list":{"0":"post-21700","1":"product","2":"type-product","3":"status-publish","4":"has-post-thumbnail","6":"product_brand-balmain-hair","7":"product_cat-balmain-hair","8":"product_cat-brandid","9":"product_cat-juuksehooldus","10":"product_cat-kohevus","11":"product_cat-koik-tooted","12":"product_cat-tekstuur","13":"product_cat-viimistlus","14":"product_cat-voluumi-andev-volume","16":"first","17":"instock","18":"taxable","19":"shipping-taxable","20":"purchasable","21":"product-type-simple","22":"add-to-wishlist-after_add_to_cart"},"yoast_head":"<!-- This site is optimized with the Yoast SEO plugin v27.5 - https:\/\/yoast.com\/product\/yoast-seo-wordpress\/ -->\n<title>BALMAIN HAIR tekstuuri andev vol\u00fc\u00fcmisprei \/ Texturizing Volume Spray 200ml - Hair Deluxe<\/title>\n<meta name=\"robots\" content=\"index, follow, max-snippet:-1, max-image-preview:large, max-video-preview:-1\" \/>\n<link rel=\"canonical\" href=\"https:\/\/hairdeluxe.ee\/ru\/product\/balmain-tekstuuri-andev-voluumisprei-200ml-texturizing-volume-spray\/\" \/>\n<meta property=\"og:locale\" content=\"ru_RU\" \/>\n<meta property=\"og:type\" content=\"article\" \/>\n<meta property=\"og:title\" content=\"BALMAIN HAIR tekstuuri andev vol\u00fc\u00fcmisprei \/ Texturizing Volume Spray 200ml - Hair Deluxe\" \/>\n<meta property=\"og:description\" content=\"Texturizing Volume Spray on mitmek\u00fclgne vol\u00fc\u00fcmisprei, mis lisab juustele ja soengule kohevust, struktuuri ning on ideaalne juuksejuurte t\u00f5stmiseks. \u2013 Tulemus on kiire ja kauap\u00fcsiv. \u2013 Tagab soengule tugeva hoidvuse. \u2013 Sobib igap\u00e4evaseks kasutamiseks.  Kasutamine:\u00a0Enne kasutamist loksutada pudelit. Pihustada 15\u201320 cm kauguselt kuivadesse v\u00f5i niisketesse juustesse, eriti juuksejuurtele ja vormida soeng.  Kogus: 200ml  https:\/\/www.youtube.com\/watch?v=FmWyYwk7rTs  &nbsp;\" \/>\n<meta property=\"og:url\" content=\"https:\/\/hairdeluxe.ee\/ru\/product\/balmain-tekstuuri-andev-voluumisprei-200ml-texturizing-volume-spray\/\" \/>\n<meta property=\"og:site_name\" content=\"Hair Deluxe\" \/>\n<meta property=\"article:publisher\" content=\"https:\/\/www.facebook.com\/blowbartallinn\" \/>\n<meta property=\"article:modified_time\" content=\"2025-03-18T19:22:38+00:00\" \/>\n<meta property=\"og:image\" content=\"https:\/\/hairdeluxe.ee\/wp-content\/uploads\/2021\/03\/200.jpg\" \/>\n\t<meta property=\"og:image:width\" content=\"800\" \/>\n\t<meta property=\"og:image:height\" content=\"800\" \/>\n\t<meta property=\"og:image:type\" content=\"image\/jpeg\" \/>\n<meta name=\"twitter:card\" content=\"summary_large_image\" \/>\n<meta name=\"twitter:label1\" content=\"\u041f\u0440\u0438\u043c\u0435\u0440\u043d\u043e\u0435 \u0432\u0440\u0435\u043c\u044f \u0434\u043b\u044f \u0447\u0442\u0435\u043d\u0438\u044f\" \/>\n\t<meta name=\"twitter:data1\" content=\"1 \u043c\u0438\u043d\u0443\u0442\u0430\" \/>\n<script type=\"application\/ld+json\" class=\"yoast-schema-graph\">{\"@context\":\"https:\\\/\\\/schema.org\",\"@graph\":[{\"@type\":\"WebPage\",\"@id\":\"https:\\\/\\\/hairdeluxe.ee\\\/ru\\\/product\\\/balmain-tekstuuri-andev-voluumisprei-200ml-texturizing-volume-spray\\\/\",\"url\":\"https:\\\/\\\/hairdeluxe.ee\\\/ru\\\/product\\\/balmain-tekstuuri-andev-voluumisprei-200ml-texturizing-volume-spray\\\/\",\"name\":\"BALMAIN HAIR tekstuuri andev vol\u00fc\u00fcmisprei \\\/ Texturizing Volume Spray 200ml - Hair Deluxe\",\"isPartOf\":{\"@id\":\"https:\\\/\\\/hairdeluxe.ee\\\/ru\\\/#website\"},\"primaryImageOfPage\":{\"@id\":\"https:\\\/\\\/hairdeluxe.ee\\\/ru\\\/product\\\/balmain-tekstuuri-andev-voluumisprei-200ml-texturizing-volume-spray\\\/#primaryimage\"},\"image\":{\"@id\":\"https:\\\/\\\/hairdeluxe.ee\\\/ru\\\/product\\\/balmain-tekstuuri-andev-voluumisprei-200ml-texturizing-volume-spray\\\/#primaryimage\"},\"thumbnailUrl\":\"https:\\\/\\\/hairdeluxe.ee\\\/wp-content\\\/uploads\\\/2021\\\/03\\\/200.jpg\",\"datePublished\":\"2021-03-17T13:20:31+00:00\",\"dateModified\":\"2025-03-18T19:22:38+00:00\",\"breadcrumb\":{\"@id\":\"https:\\\/\\\/hairdeluxe.ee\\\/ru\\\/product\\\/balmain-tekstuuri-andev-voluumisprei-200ml-texturizing-volume-spray\\\/#breadcrumb\"},\"inLanguage\":\"ru-RU\",\"potentialAction\":[{\"@type\":\"ReadAction\",\"target\":[\"https:\\\/\\\/hairdeluxe.ee\\\/ru\\\/product\\\/balmain-tekstuuri-andev-voluumisprei-200ml-texturizing-volume-spray\\\/\"]}]},{\"@type\":\"ImageObject\",\"inLanguage\":\"ru-RU\",\"@id\":\"https:\\\/\\\/hairdeluxe.ee\\\/ru\\\/product\\\/balmain-tekstuuri-andev-voluumisprei-200ml-texturizing-volume-spray\\\/#primaryimage\",\"url\":\"https:\\\/\\\/hairdeluxe.ee\\\/wp-content\\\/uploads\\\/2021\\\/03\\\/200.jpg\",\"contentUrl\":\"https:\\\/\\\/hairdeluxe.ee\\\/wp-content\\\/uploads\\\/2021\\\/03\\\/200.jpg\",\"width\":800,\"height\":800},{\"@type\":\"BreadcrumbList\",\"@id\":\"https:\\\/\\\/hairdeluxe.ee\\\/ru\\\/product\\\/balmain-tekstuuri-andev-voluumisprei-200ml-texturizing-volume-spray\\\/#breadcrumb\",\"itemListElement\":[{\"@type\":\"ListItem\",\"position\":1,\"name\":\"Home\",\"item\":\"https:\\\/\\\/hairdeluxe.ee\\\/ru\\\/\"},{\"@type\":\"ListItem\",\"position\":2,\"name\":\"\u041c\u0430\u0433\u0430\u0437\u0438\u043d\",\"item\":\"https:\\\/\\\/hairdeluxe.ee\\\/ru\\\/shop\\\/\"},{\"@type\":\"ListItem\",\"position\":3,\"name\":\"BALMAIN HAIR tekstuuri andev vol\u00fc\u00fcmisprei \\\/ Texturizing Volume Spray 200ml\"}]},{\"@type\":\"WebSite\",\"@id\":\"https:\\\/\\\/hairdeluxe.ee\\\/ru\\\/#website\",\"url\":\"https:\\\/\\\/hairdeluxe.ee\\\/ru\\\/\",\"name\":\"Hair Deluxe\",\"description\":\"Highlight your natural beauty\",\"publisher\":{\"@id\":\"https:\\\/\\\/hairdeluxe.ee\\\/ru\\\/#organization\"},\"potentialAction\":[{\"@type\":\"SearchAction\",\"target\":{\"@type\":\"EntryPoint\",\"urlTemplate\":\"https:\\\/\\\/hairdeluxe.ee\\\/ru\\\/?s={search_term_string}\"},\"query-input\":{\"@type\":\"PropertyValueSpecification\",\"valueRequired\":true,\"valueName\":\"search_term_string\"}}],\"inLanguage\":\"ru-RU\"},{\"@type\":\"Organization\",\"@id\":\"https:\\\/\\\/hairdeluxe.ee\\\/ru\\\/#organization\",\"name\":\"Hair Deluxe\",\"url\":\"https:\\\/\\\/hairdeluxe.ee\\\/ru\\\/\",\"logo\":{\"@type\":\"ImageObject\",\"inLanguage\":\"ru-RU\",\"@id\":\"https:\\\/\\\/hairdeluxe.ee\\\/ru\\\/#\\\/schema\\\/logo\\\/image\\\/\",\"url\":\"https:\\\/\\\/hairdeluxe.ee\\\/wp-content\\\/uploads\\\/2024\\\/06\\\/Hair-Deluxe-Logo-Dark-font.png\",\"contentUrl\":\"https:\\\/\\\/hairdeluxe.ee\\\/wp-content\\\/uploads\\\/2024\\\/06\\\/Hair-Deluxe-Logo-Dark-font.png\",\"width\":467,\"height\":177,\"caption\":\"Hair Deluxe\"},\"image\":{\"@id\":\"https:\\\/\\\/hairdeluxe.ee\\\/ru\\\/#\\\/schema\\\/logo\\\/image\\\/\"},\"sameAs\":[\"https:\\\/\\\/www.facebook.com\\\/blowbartallinn\",\"https:\\\/\\\/www.instagram.com\\\/blowbar_tallinn\"]}]}<\/script>\n<!-- \/ Yoast SEO plugin. -->","yoast_head_json":{"title":"BALMAIN HAIR tekstuuri andev vol\u00fc\u00fcmisprei \/ Texturizing Volume Spray 200ml - Hair Deluxe","robots":{"index":"index","follow":"follow","max-snippet":"max-snippet:-1","max-image-preview":"max-image-preview:large","max-video-preview":"max-video-preview:-1"},"canonical":"https:\/\/hairdeluxe.ee\/ru\/product\/balmain-tekstuuri-andev-voluumisprei-200ml-texturizing-volume-spray\/","og_locale":"ru_RU","og_type":"article","og_title":"BALMAIN HAIR tekstuuri andev vol\u00fc\u00fcmisprei \/ Texturizing Volume Spray 200ml - Hair Deluxe","og_description":"Texturizing Volume Spray on mitmek\u00fclgne vol\u00fc\u00fcmisprei, mis lisab juustele ja soengule kohevust, struktuuri ning on ideaalne juuksejuurte t\u00f5stmiseks. \u2013 Tulemus on kiire ja kauap\u00fcsiv. \u2013 Tagab soengule tugeva hoidvuse. \u2013 Sobib igap\u00e4evaseks kasutamiseks.  Kasutamine:\u00a0Enne kasutamist loksutada pudelit. Pihustada 15\u201320 cm kauguselt kuivadesse v\u00f5i niisketesse juustesse, eriti juuksejuurtele ja vormida soeng.  Kogus: 200ml  https:\/\/www.youtube.com\/watch?v=FmWyYwk7rTs  &nbsp;","og_url":"https:\/\/hairdeluxe.ee\/ru\/product\/balmain-tekstuuri-andev-voluumisprei-200ml-texturizing-volume-spray\/","og_site_name":"Hair Deluxe","article_publisher":"https:\/\/www.facebook.com\/blowbartallinn","article_modified_time":"2025-03-18T19:22:38+00:00","og_image":[{"width":800,"height":800,"url":"https:\/\/hairdeluxe.ee\/wp-content\/uploads\/2021\/03\/200.jpg","type":"image\/jpeg"}],"twitter_card":"summary_large_image","twitter_misc":{"\u041f\u0440\u0438\u043c\u0435\u0440\u043d\u043e\u0435 \u0432\u0440\u0435\u043c\u044f \u0434\u043b\u044f \u0447\u0442\u0435\u043d\u0438\u044f":"1 \u043c\u0438\u043d\u0443\u0442\u0430"},"schema":{"@context":"https:\/\/schema.org","@graph":[{"@type":"WebPage","@id":"https:\/\/hairdeluxe.ee\/ru\/product\/balmain-tekstuuri-andev-voluumisprei-200ml-texturizing-volume-spray\/","url":"https:\/\/hairdeluxe.ee\/ru\/product\/balmain-tekstuuri-andev-voluumisprei-200ml-texturizing-volume-spray\/","name":"BALMAIN HAIR tekstuuri andev vol\u00fc\u00fcmisprei \/ Texturizing Volume Spray 200ml - Hair Deluxe","isPartOf":{"@id":"https:\/\/hairdeluxe.ee\/ru\/#website"},"primaryImageOfPage":{"@id":"https:\/\/hairdeluxe.ee\/ru\/product\/balmain-tekstuuri-andev-voluumisprei-200ml-texturizing-volume-spray\/#primaryimage"},"image":{"@id":"https:\/\/hairdeluxe.ee\/ru\/product\/balmain-tekstuuri-andev-voluumisprei-200ml-texturizing-volume-spray\/#primaryimage"},"thumbnailUrl":"https:\/\/hairdeluxe.ee\/wp-content\/uploads\/2021\/03\/200.jpg","datePublished":"2021-03-17T13:20:31+00:00","dateModified":"2025-03-18T19:22:38+00:00","breadcrumb":{"@id":"https:\/\/hairdeluxe.ee\/ru\/product\/balmain-tekstuuri-andev-voluumisprei-200ml-texturizing-volume-spray\/#breadcrumb"},"inLanguage":"ru-RU","potentialAction":[{"@type":"ReadAction","target":["https:\/\/hairdeluxe.ee\/ru\/product\/balmain-tekstuuri-andev-voluumisprei-200ml-texturizing-volume-spray\/"]}]},{"@type":"ImageObject","inLanguage":"ru-RU","@id":"https:\/\/hairdeluxe.ee\/ru\/product\/balmain-tekstuuri-andev-voluumisprei-200ml-texturizing-volume-spray\/#primaryimage","url":"https:\/\/hairdeluxe.ee\/wp-content\/uploads\/2021\/03\/200.jpg","contentUrl":"https:\/\/hairdeluxe.ee\/wp-content\/uploads\/2021\/03\/200.jpg","width":800,"height":800},{"@type":"BreadcrumbList","@id":"https:\/\/hairdeluxe.ee\/ru\/product\/balmain-tekstuuri-andev-voluumisprei-200ml-texturizing-volume-spray\/#breadcrumb","itemListElement":[{"@type":"ListItem","position":1,"name":"Home","item":"https:\/\/hairdeluxe.ee\/ru\/"},{"@type":"ListItem","position":2,"name":"\u041c\u0430\u0433\u0430\u0437\u0438\u043d","item":"https:\/\/hairdeluxe.ee\/ru\/shop\/"},{"@type":"ListItem","position":3,"name":"BALMAIN HAIR tekstuuri andev vol\u00fc\u00fcmisprei \/ Texturizing Volume Spray 200ml"}]},{"@type":"WebSite","@id":"https:\/\/hairdeluxe.ee\/ru\/#website","url":"https:\/\/hairdeluxe.ee\/ru\/","name":"Hair Deluxe","description":"Highlight your natural beauty","publisher":{"@id":"https:\/\/hairdeluxe.ee\/ru\/#organization"},"potentialAction":[{"@type":"SearchAction","target":{"@type":"EntryPoint","urlTemplate":"https:\/\/hairdeluxe.ee\/ru\/?s={search_term_string}"},"query-input":{"@type":"PropertyValueSpecification","valueRequired":true,"valueName":"search_term_string"}}],"inLanguage":"ru-RU"},{"@type":"Organization","@id":"https:\/\/hairdeluxe.ee\/ru\/#organization","name":"Hair Deluxe","url":"https:\/\/hairdeluxe.ee\/ru\/","logo":{"@type":"ImageObject","inLanguage":"ru-RU","@id":"https:\/\/hairdeluxe.ee\/ru\/#\/schema\/logo\/image\/","url":"https:\/\/hairdeluxe.ee\/wp-content\/uploads\/2024\/06\/Hair-Deluxe-Logo-Dark-font.png","contentUrl":"https:\/\/hairdeluxe.ee\/wp-content\/uploads\/2024\/06\/Hair-Deluxe-Logo-Dark-font.png","width":467,"height":177,"caption":"Hair Deluxe"},"image":{"@id":"https:\/\/hairdeluxe.ee\/ru\/#\/schema\/logo\/image\/"},"sameAs":["https:\/\/www.facebook.com\/blowbartallinn","https:\/\/www.instagram.com\/blowbar_tallinn"]}]}},"_links":{"self":[{"href":"https:\/\/hairdeluxe.ee\/ru\/wp-json\/wp\/v2\/product\/21700","targetHints":{"allow":["GET"]}}],"collection":[{"href":"https:\/\/hairdeluxe.ee\/ru\/wp-json\/wp\/v2\/product"}],"about":[{"href":"https:\/\/hairdeluxe.ee\/ru\/wp-json\/wp\/v2\/types\/product"}],"wp:featuredmedia":[{"embeddable":true,"href":"https:\/\/hairdeluxe.ee\/ru\/wp-json\/wp\/v2\/media\/21736"}],"wp:attachment":[{"href":"https:\/\/hairdeluxe.ee\/ru\/wp-json\/wp\/v2\/media?parent=21700"}],"wp:term":[{"taxonomy":"product_brand","embeddable":true,"href":"https:\/\/hairdeluxe.ee\/ru\/wp-json\/wp\/v2\/product_brand?post=21700"},{"taxonomy":"product_cat","embeddable":true,"href":"https:\/\/hairdeluxe.ee\/ru\/wp-json\/wp\/v2\/product_cat?post=21700"},{"taxonomy":"product_tag","embeddable":true,"href":"https:\/\/hairdeluxe.ee\/ru\/wp-json\/wp\/v2\/product_tag?post=21700"}],"curies":[{"name":"wp","href":"https:\/\/api.w.org\/{rel}","templated":true}]}}