{"id":21880,"date":"2021-03-17T15:22:48","date_gmt":"2021-03-17T13:22:48","guid":{"rendered":"https:\/\/blowbar.ee\/toode\/import-placeholder-for-7440\/"},"modified":"2025-03-18T19:22:36","modified_gmt":"2025-03-18T19:22:36","slug":"juuksehari-ideaalne-juuksepikendustele-balmain-hair-extension-brush","status":"publish","type":"product","link":"https:\/\/hairdeluxe.ee\/ru\/product\/juuksehari-ideaalne-juuksepikendustele-balmain-hair-extension-brush\/","title":{"rendered":"BALMAIN HAIR juuksehari juuksepikendustele valge \/ Hair Extension Brush White"},"content":{"rendered":"<div>Pehmete harjastega juuksehari, mis on spetsiaalselt loodud pikendustega juuste harjamiseks.<\/div>\n<div>Pikenduste juuksehari libiseb kergesti l\u00e4bi juuste, kahjustamata pikenduste sidemeid, samal ajal \u00f5hutades juukseid ja kogudes jjustest tolmuosakesi.<\/div>\n<div>Regulaarne harjamine loob tugeva ja elastse juuksekiu, sulgeb juuksesoomuse e. kutiikuli ja loob terved s\u00e4ravad ning kaunid kahuvabad juuksed.<\/div>\n<div>Pikenduste juuksehari sobib k\u00f5ikidele juukset\u00fc\u00fcpidele ja juuksepikendustele.<br \/>\nSoovitav kasutada koos <a href=\"https:\/\/www.balmainhair.ee\/toode\/balmain-hair-pusadevastane-sprei-detangling-spray-150ml\/\"><span style=\"color: #3366ff;\">Detangling Spray<\/span><\/a> v\u00f5i <span style=\"color: #3366ff;\"><a style=\"color: #3366ff;\" href=\"https:\/\/www.balmainhair.ee\/toode\/balmain-hair-juustesse-jaetav-spreipalsam-leave-in-conditioning-spray-200ml\/\">Leave in Conditioneriga.<\/a><\/span><\/div>\n<div><\/div>\n<div><strong>Omadused:<\/strong><\/div>\n<div>&#8212; \u00dclipehmed nailonist harjased<br \/>\n&#8212; Naturaalsed tihedad harjased, mis \u00f5hutavad juukseid ja koguvad juustest tolmu.<\/div>\n<div>&#8212; Hoiab \u00e4ra juuste murdumise ja kahjustumise<\/div>\n<div>&#8212; Soovitatav pikendustega juustele<br \/>\n&#8212; Ei kahjusta keratiinsidemeid<\/div>\n<div><\/div>\n<div><strong>Kuidas kasutada:\u00a0<\/strong><\/div>\n<div>Harjake juukseid alati allapoole suunatud liigutusega, et s\u00e4ilitada juustesoomuste e. kutiikuli loomulikku suunda. Alati alustage juuste harjamist juuste otstest ja liikudes \u00fcles, peanaha poole.<\/div>\n<div><\/div>\n<div>Juuksepikenduste harjamine on v\u00e4ga oluline osa j\u00e4relhoolduse rutiinist p\u00e4rast Professional Aftercare toodete kasutamise.<\/div>\n<div>Pikenduste ideaalses seisukorras hoidmiseks on soovitatav regulaarselt juukseid harjata. Regulaarne juuste harjamine hoiab korras keskmisest pikemad juuksed ja aitab s\u00e4ilitada juuste otste tervema struktuuri.<\/div>\n<div>Balmain Hair Professionaalne <a href=\"https:\/\/www.balmainhair.ee\/tootekategooria\/pikendused\/\"><span style=\"color: #3366ff;\">juuksepikenduste<\/span> <\/a>hari on pehmete nailonharjastega, mis harutavad juuksed suurep\u00e4raselt lahti ilma pikenduste sidemeid kahjustamata. Juuste ja juuksepikenduste j\u00e4relhoolduse rutiini asendamatu osa.<\/div>\n","protected":false},"excerpt":{"rendered":"<p>Balmain Hair poolt spetsiaalselt v\u00e4ljat\u00f6\u00f6tatud juuksehari juuksepikenduste harjamiseks. Ovaalse juukseharja erineva pikkusega pehmed harjased kammivad juukseid \u00f5rnalt, ilma juukseid kiskumata ja kahjustamata. Sobib kasutamiseks igap\u00e4evaselt.<br \/>\n<strong>Ideaalne juuksepikenduste kandjatele, hoides juuksed ja juuksepikendused pusavabad ning s\u00e4ravad.<\/strong><\/p>\n<p>Soovitatav on alustada juuste kammimist juusteotstest, liikudes j\u00e4rk-j\u00e4rgult aina juurele l\u00e4hemale.<br \/>\n&#8212; Ovaalne juuksehari<br \/>\n&#8212; Erineva pikkusega harjased<br \/>\n&#8212; Pehmed harjased, mis ei kahjusta juukseid<br \/>\n&#8212; Juuksed j\u00e4\u00e4vad pehmed ja s\u00e4ravad<br \/>\n&#8212; Puidust k\u00e4epide tagab pikema vastupidamise<\/p>\n","protected":false},"featured_media":39321,"template":"","meta":[],"product_brand":[464],"product_cat":[266,265,126,128,121,155,184],"product_tag":[],"class_list":{"0":"post-21880","1":"product","2":"type-product","3":"status-publish","4":"has-post-thumbnail","6":"product_brand-balmain-hair","7":"product_cat-balmain-hair","8":"product_cat-brandid","9":"product_cat-juuksepikendused","10":"product_cat-kammid-harjad","11":"product_cat-koik-tooted","12":"product_cat-pikenduste-jarelehoolitsus","13":"product_cat-toovahendid-pikendustele","15":"first","16":"instock","17":"taxable","18":"shipping-taxable","19":"purchasable","20":"product-type-simple","21":"add-to-wishlist-after_add_to_cart"},"yoast_head":"<!-- This site is optimized with the Yoast SEO plugin v27.3 - https:\/\/yoast.com\/product\/yoast-seo-wordpress\/ -->\n<title>BALMAIN HAIR juuksehari juuksepikendustele valge \/ Hair Extension Brush White - Hair Deluxe<\/title>\n<meta name=\"robots\" content=\"index, follow, max-snippet:-1, max-image-preview:large, max-video-preview:-1\" \/>\n<link rel=\"canonical\" href=\"https:\/\/hairdeluxe.ee\/ru\/product\/juuksehari-ideaalne-juuksepikendustele-balmain-hair-extension-brush\/\" \/>\n<meta property=\"og:locale\" content=\"ru_RU\" \/>\n<meta property=\"og:type\" content=\"article\" \/>\n<meta property=\"og:title\" content=\"BALMAIN HAIR juuksehari juuksepikendustele valge \/ Hair Extension Brush White - Hair Deluxe\" \/>\n<meta property=\"og:description\" content=\"Balmain Hair poolt spetsiaalselt v\u00e4ljat\u00f6\u00f6tatud juuksehari juuksepikenduste harjamiseks. Ovaalse juukseharja erineva pikkusega pehmed harjased kammivad juukseid \u00f5rnalt, ilma juukseid kiskumata ja kahjustamata. Sobib kasutamiseks igap\u00e4evaselt. Ideaalne juuksepikenduste kandjatele, hoides juuksed ja juuksepikendused pusavabad ning s\u00e4ravad.  Soovitatav on alustada juuste kammimist juusteotstest, liikudes j\u00e4rk-j\u00e4rgult aina juurele l\u00e4hemale. - Ovaalne juuksehari - Erineva pikkusega harjased - Pehmed harjased, mis ei kahjusta juukseid - Juuksed j\u00e4\u00e4vad pehmed ja s\u00e4ravad - Puidust k\u00e4epide tagab pikema vastupidamise\" \/>\n<meta property=\"og:url\" content=\"https:\/\/hairdeluxe.ee\/ru\/product\/juuksehari-ideaalne-juuksepikendustele-balmain-hair-extension-brush\/\" \/>\n<meta property=\"og:site_name\" content=\"Hair Deluxe\" \/>\n<meta property=\"article:publisher\" content=\"https:\/\/www.facebook.com\/blowbartallinn\" \/>\n<meta property=\"article:modified_time\" content=\"2025-03-18T19:22:36+00:00\" \/>\n<meta property=\"og:image\" content=\"https:\/\/hairdeluxe.ee\/wp-content\/uploads\/2024\/02\/balmain-hair-extension-brush-juuksehari-pikendustele.jpg\" \/>\n\t<meta property=\"og:image:width\" content=\"800\" \/>\n\t<meta property=\"og:image:height\" content=\"800\" \/>\n\t<meta property=\"og:image:type\" content=\"image\/jpeg\" \/>\n<meta name=\"twitter:card\" content=\"summary_large_image\" \/>\n<meta name=\"twitter:label1\" content=\"\u041f\u0440\u0438\u043c\u0435\u0440\u043d\u043e\u0435 \u0432\u0440\u0435\u043c\u044f \u0434\u043b\u044f \u0447\u0442\u0435\u043d\u0438\u044f\" \/>\n\t<meta name=\"twitter:data1\" content=\"1 \u043c\u0438\u043d\u0443\u0442\u0430\" \/>\n<script type=\"application\/ld+json\" class=\"yoast-schema-graph\">{\"@context\":\"https:\\\/\\\/schema.org\",\"@graph\":[{\"@type\":\"WebPage\",\"@id\":\"https:\\\/\\\/hairdeluxe.ee\\\/ru\\\/product\\\/juuksehari-ideaalne-juuksepikendustele-balmain-hair-extension-brush\\\/\",\"url\":\"https:\\\/\\\/hairdeluxe.ee\\\/ru\\\/product\\\/juuksehari-ideaalne-juuksepikendustele-balmain-hair-extension-brush\\\/\",\"name\":\"BALMAIN HAIR juuksehari juuksepikendustele valge \\\/ Hair Extension Brush White - Hair Deluxe\",\"isPartOf\":{\"@id\":\"https:\\\/\\\/hairdeluxe.ee\\\/ru\\\/#website\"},\"primaryImageOfPage\":{\"@id\":\"https:\\\/\\\/hairdeluxe.ee\\\/ru\\\/product\\\/juuksehari-ideaalne-juuksepikendustele-balmain-hair-extension-brush\\\/#primaryimage\"},\"image\":{\"@id\":\"https:\\\/\\\/hairdeluxe.ee\\\/ru\\\/product\\\/juuksehari-ideaalne-juuksepikendustele-balmain-hair-extension-brush\\\/#primaryimage\"},\"thumbnailUrl\":\"https:\\\/\\\/hairdeluxe.ee\\\/wp-content\\\/uploads\\\/2024\\\/02\\\/balmain-hair-extension-brush-juuksehari-pikendustele.jpg\",\"datePublished\":\"2021-03-17T13:22:48+00:00\",\"dateModified\":\"2025-03-18T19:22:36+00:00\",\"breadcrumb\":{\"@id\":\"https:\\\/\\\/hairdeluxe.ee\\\/ru\\\/product\\\/juuksehari-ideaalne-juuksepikendustele-balmain-hair-extension-brush\\\/#breadcrumb\"},\"inLanguage\":\"ru-RU\",\"potentialAction\":[{\"@type\":\"ReadAction\",\"target\":[\"https:\\\/\\\/hairdeluxe.ee\\\/ru\\\/product\\\/juuksehari-ideaalne-juuksepikendustele-balmain-hair-extension-brush\\\/\"]}]},{\"@type\":\"ImageObject\",\"inLanguage\":\"ru-RU\",\"@id\":\"https:\\\/\\\/hairdeluxe.ee\\\/ru\\\/product\\\/juuksehari-ideaalne-juuksepikendustele-balmain-hair-extension-brush\\\/#primaryimage\",\"url\":\"https:\\\/\\\/hairdeluxe.ee\\\/wp-content\\\/uploads\\\/2024\\\/02\\\/balmain-hair-extension-brush-juuksehari-pikendustele.jpg\",\"contentUrl\":\"https:\\\/\\\/hairdeluxe.ee\\\/wp-content\\\/uploads\\\/2024\\\/02\\\/balmain-hair-extension-brush-juuksehari-pikendustele.jpg\",\"width\":800,\"height\":800},{\"@type\":\"BreadcrumbList\",\"@id\":\"https:\\\/\\\/hairdeluxe.ee\\\/ru\\\/product\\\/juuksehari-ideaalne-juuksepikendustele-balmain-hair-extension-brush\\\/#breadcrumb\",\"itemListElement\":[{\"@type\":\"ListItem\",\"position\":1,\"name\":\"Home\",\"item\":\"https:\\\/\\\/hairdeluxe.ee\\\/ru\\\/\"},{\"@type\":\"ListItem\",\"position\":2,\"name\":\"\u041c\u0430\u0433\u0430\u0437\u0438\u043d\",\"item\":\"https:\\\/\\\/hairdeluxe.ee\\\/ru\\\/shop\\\/\"},{\"@type\":\"ListItem\",\"position\":3,\"name\":\"BALMAIN HAIR juuksehari juuksepikendustele valge \\\/ Hair Extension Brush White\"}]},{\"@type\":\"WebSite\",\"@id\":\"https:\\\/\\\/hairdeluxe.ee\\\/ru\\\/#website\",\"url\":\"https:\\\/\\\/hairdeluxe.ee\\\/ru\\\/\",\"name\":\"Hair Deluxe\",\"description\":\"Highlight your natural beauty\",\"publisher\":{\"@id\":\"https:\\\/\\\/hairdeluxe.ee\\\/ru\\\/#organization\"},\"potentialAction\":[{\"@type\":\"SearchAction\",\"target\":{\"@type\":\"EntryPoint\",\"urlTemplate\":\"https:\\\/\\\/hairdeluxe.ee\\\/ru\\\/?s={search_term_string}\"},\"query-input\":{\"@type\":\"PropertyValueSpecification\",\"valueRequired\":true,\"valueName\":\"search_term_string\"}}],\"inLanguage\":\"ru-RU\"},{\"@type\":\"Organization\",\"@id\":\"https:\\\/\\\/hairdeluxe.ee\\\/ru\\\/#organization\",\"name\":\"Hair Deluxe\",\"url\":\"https:\\\/\\\/hairdeluxe.ee\\\/ru\\\/\",\"logo\":{\"@type\":\"ImageObject\",\"inLanguage\":\"ru-RU\",\"@id\":\"https:\\\/\\\/hairdeluxe.ee\\\/ru\\\/#\\\/schema\\\/logo\\\/image\\\/\",\"url\":\"https:\\\/\\\/hairdeluxe.ee\\\/wp-content\\\/uploads\\\/2024\\\/06\\\/Hair-Deluxe-Logo-Dark-font.png\",\"contentUrl\":\"https:\\\/\\\/hairdeluxe.ee\\\/wp-content\\\/uploads\\\/2024\\\/06\\\/Hair-Deluxe-Logo-Dark-font.png\",\"width\":467,\"height\":177,\"caption\":\"Hair Deluxe\"},\"image\":{\"@id\":\"https:\\\/\\\/hairdeluxe.ee\\\/ru\\\/#\\\/schema\\\/logo\\\/image\\\/\"},\"sameAs\":[\"https:\\\/\\\/www.facebook.com\\\/blowbartallinn\",\"https:\\\/\\\/www.instagram.com\\\/blowbar_tallinn\"]}]}<\/script>\n<!-- \/ Yoast SEO plugin. -->","yoast_head_json":{"title":"BALMAIN HAIR juuksehari juuksepikendustele valge \/ Hair Extension Brush White - Hair Deluxe","robots":{"index":"index","follow":"follow","max-snippet":"max-snippet:-1","max-image-preview":"max-image-preview:large","max-video-preview":"max-video-preview:-1"},"canonical":"https:\/\/hairdeluxe.ee\/ru\/product\/juuksehari-ideaalne-juuksepikendustele-balmain-hair-extension-brush\/","og_locale":"ru_RU","og_type":"article","og_title":"BALMAIN HAIR juuksehari juuksepikendustele valge \/ Hair Extension Brush White - Hair Deluxe","og_description":"Balmain Hair poolt spetsiaalselt v\u00e4ljat\u00f6\u00f6tatud juuksehari juuksepikenduste harjamiseks. Ovaalse juukseharja erineva pikkusega pehmed harjased kammivad juukseid \u00f5rnalt, ilma juukseid kiskumata ja kahjustamata. Sobib kasutamiseks igap\u00e4evaselt. Ideaalne juuksepikenduste kandjatele, hoides juuksed ja juuksepikendused pusavabad ning s\u00e4ravad.  Soovitatav on alustada juuste kammimist juusteotstest, liikudes j\u00e4rk-j\u00e4rgult aina juurele l\u00e4hemale. - Ovaalne juuksehari - Erineva pikkusega harjased - Pehmed harjased, mis ei kahjusta juukseid - Juuksed j\u00e4\u00e4vad pehmed ja s\u00e4ravad - Puidust k\u00e4epide tagab pikema vastupidamise","og_url":"https:\/\/hairdeluxe.ee\/ru\/product\/juuksehari-ideaalne-juuksepikendustele-balmain-hair-extension-brush\/","og_site_name":"Hair Deluxe","article_publisher":"https:\/\/www.facebook.com\/blowbartallinn","article_modified_time":"2025-03-18T19:22:36+00:00","og_image":[{"width":800,"height":800,"url":"https:\/\/hairdeluxe.ee\/wp-content\/uploads\/2024\/02\/balmain-hair-extension-brush-juuksehari-pikendustele.jpg","type":"image\/jpeg"}],"twitter_card":"summary_large_image","twitter_misc":{"\u041f\u0440\u0438\u043c\u0435\u0440\u043d\u043e\u0435 \u0432\u0440\u0435\u043c\u044f \u0434\u043b\u044f \u0447\u0442\u0435\u043d\u0438\u044f":"1 \u043c\u0438\u043d\u0443\u0442\u0430"},"schema":{"@context":"https:\/\/schema.org","@graph":[{"@type":"WebPage","@id":"https:\/\/hairdeluxe.ee\/ru\/product\/juuksehari-ideaalne-juuksepikendustele-balmain-hair-extension-brush\/","url":"https:\/\/hairdeluxe.ee\/ru\/product\/juuksehari-ideaalne-juuksepikendustele-balmain-hair-extension-brush\/","name":"BALMAIN HAIR juuksehari juuksepikendustele valge \/ Hair Extension Brush White - Hair Deluxe","isPartOf":{"@id":"https:\/\/hairdeluxe.ee\/ru\/#website"},"primaryImageOfPage":{"@id":"https:\/\/hairdeluxe.ee\/ru\/product\/juuksehari-ideaalne-juuksepikendustele-balmain-hair-extension-brush\/#primaryimage"},"image":{"@id":"https:\/\/hairdeluxe.ee\/ru\/product\/juuksehari-ideaalne-juuksepikendustele-balmain-hair-extension-brush\/#primaryimage"},"thumbnailUrl":"https:\/\/hairdeluxe.ee\/wp-content\/uploads\/2024\/02\/balmain-hair-extension-brush-juuksehari-pikendustele.jpg","datePublished":"2021-03-17T13:22:48+00:00","dateModified":"2025-03-18T19:22:36+00:00","breadcrumb":{"@id":"https:\/\/hairdeluxe.ee\/ru\/product\/juuksehari-ideaalne-juuksepikendustele-balmain-hair-extension-brush\/#breadcrumb"},"inLanguage":"ru-RU","potentialAction":[{"@type":"ReadAction","target":["https:\/\/hairdeluxe.ee\/ru\/product\/juuksehari-ideaalne-juuksepikendustele-balmain-hair-extension-brush\/"]}]},{"@type":"ImageObject","inLanguage":"ru-RU","@id":"https:\/\/hairdeluxe.ee\/ru\/product\/juuksehari-ideaalne-juuksepikendustele-balmain-hair-extension-brush\/#primaryimage","url":"https:\/\/hairdeluxe.ee\/wp-content\/uploads\/2024\/02\/balmain-hair-extension-brush-juuksehari-pikendustele.jpg","contentUrl":"https:\/\/hairdeluxe.ee\/wp-content\/uploads\/2024\/02\/balmain-hair-extension-brush-juuksehari-pikendustele.jpg","width":800,"height":800},{"@type":"BreadcrumbList","@id":"https:\/\/hairdeluxe.ee\/ru\/product\/juuksehari-ideaalne-juuksepikendustele-balmain-hair-extension-brush\/#breadcrumb","itemListElement":[{"@type":"ListItem","position":1,"name":"Home","item":"https:\/\/hairdeluxe.ee\/ru\/"},{"@type":"ListItem","position":2,"name":"\u041c\u0430\u0433\u0430\u0437\u0438\u043d","item":"https:\/\/hairdeluxe.ee\/ru\/shop\/"},{"@type":"ListItem","position":3,"name":"BALMAIN HAIR juuksehari juuksepikendustele valge \/ Hair Extension Brush White"}]},{"@type":"WebSite","@id":"https:\/\/hairdeluxe.ee\/ru\/#website","url":"https:\/\/hairdeluxe.ee\/ru\/","name":"Hair Deluxe","description":"Highlight your natural beauty","publisher":{"@id":"https:\/\/hairdeluxe.ee\/ru\/#organization"},"potentialAction":[{"@type":"SearchAction","target":{"@type":"EntryPoint","urlTemplate":"https:\/\/hairdeluxe.ee\/ru\/?s={search_term_string}"},"query-input":{"@type":"PropertyValueSpecification","valueRequired":true,"valueName":"search_term_string"}}],"inLanguage":"ru-RU"},{"@type":"Organization","@id":"https:\/\/hairdeluxe.ee\/ru\/#organization","name":"Hair Deluxe","url":"https:\/\/hairdeluxe.ee\/ru\/","logo":{"@type":"ImageObject","inLanguage":"ru-RU","@id":"https:\/\/hairdeluxe.ee\/ru\/#\/schema\/logo\/image\/","url":"https:\/\/hairdeluxe.ee\/wp-content\/uploads\/2024\/06\/Hair-Deluxe-Logo-Dark-font.png","contentUrl":"https:\/\/hairdeluxe.ee\/wp-content\/uploads\/2024\/06\/Hair-Deluxe-Logo-Dark-font.png","width":467,"height":177,"caption":"Hair Deluxe"},"image":{"@id":"https:\/\/hairdeluxe.ee\/ru\/#\/schema\/logo\/image\/"},"sameAs":["https:\/\/www.facebook.com\/blowbartallinn","https:\/\/www.instagram.com\/blowbar_tallinn"]}]}},"_links":{"self":[{"href":"https:\/\/hairdeluxe.ee\/ru\/wp-json\/wp\/v2\/product\/21880","targetHints":{"allow":["GET"]}}],"collection":[{"href":"https:\/\/hairdeluxe.ee\/ru\/wp-json\/wp\/v2\/product"}],"about":[{"href":"https:\/\/hairdeluxe.ee\/ru\/wp-json\/wp\/v2\/types\/product"}],"wp:featuredmedia":[{"embeddable":true,"href":"https:\/\/hairdeluxe.ee\/ru\/wp-json\/wp\/v2\/media\/39321"}],"wp:attachment":[{"href":"https:\/\/hairdeluxe.ee\/ru\/wp-json\/wp\/v2\/media?parent=21880"}],"wp:term":[{"taxonomy":"product_brand","embeddable":true,"href":"https:\/\/hairdeluxe.ee\/ru\/wp-json\/wp\/v2\/product_brand?post=21880"},{"taxonomy":"product_cat","embeddable":true,"href":"https:\/\/hairdeluxe.ee\/ru\/wp-json\/wp\/v2\/product_cat?post=21880"},{"taxonomy":"product_tag","embeddable":true,"href":"https:\/\/hairdeluxe.ee\/ru\/wp-json\/wp\/v2\/product_tag?post=21880"}],"curies":[{"name":"wp","href":"https:\/\/api.w.org\/{rel}","templated":true}]}}