{"id":34955,"date":"2024-02-03T09:07:29","date_gmt":"2024-02-03T07:07:29","guid":{"rendered":"https:\/\/blowbar.ee\/?post_type=product&#038;p=34955"},"modified":"2025-03-18T19:22:34","modified_gmt":"2025-03-18T19:22:34","slug":"balmain-juhtmevaba-titanium-sirgendaja-valge-kuld-titanium-cordless-straightener-gold-white","status":"publish","type":"product","link":"https:\/\/hairdeluxe.ee\/ru\/product\/balmain-juhtmevaba-titanium-sirgendaja-valge-kuld-titanium-cordless-straightener-gold-white\/","title":{"rendered":"BALMAIN HAIR juhtmevaba titanium sirgendaja valge kuld  \/ Titanium Cordless Straightener Gold &#038; White"},"content":{"rendered":"","protected":false},"excerpt":{"rendered":"<p>Kas oled leidnud end m\u00f5nikord olukorrast, kus elektri kasutamine ei tule k\u00f5ne allagi? V\u00f5i oled ise reisil ning soovid end v\u00e4rskendada kergete lokkidega v\u00f5i hoopis sirgete juustega? Balmain Hair Couture on t\u00f6\u00f6tanud v\u00e4lja ideaalse abivahendi neile, kelle t\u00f6\u00f6 viib neid kohtadesse, kus v\u00f5imalused on piiratud. T\u00e4nap\u00e4eval on k\u00f5ik v\u00f5imalik!<br \/>\nSelle hooaja piiratud v\u00e4ljalaskega juhtmevaba sirgendaja on inspireeritud Balmain tunnusv\u00e4rvidest: kuldne ja valge. Nende v\u00e4rvide kombinatsioon esindab Balmain klassikalisi moesiluette viimastel aastak\u00fcmnetel.\u00a0Balmain Hair<span lang=\"ET\"> Couture\u2019i <\/span>meeskond t\u00f6\u00f6tab kogu aeg selle nimel, et juuksurite ja tavakasutajate elu lihtsamaks muuta. Uus juhtmevaba sirgendaja on spetsiaalselt loodud reisimiseks ja backstage\u2019i t\u00f6\u00f6ks.<br \/>\nJuhtmevaba sirgendaja ei asenda p\u00e4ris professionaalset sirgendajat, kuid on suureks abiks moeetendustel, reisimiseks ja lavataguseks t\u00f6\u00f6ks ning ideaalne t\u00f6\u00f6riist kiireks vaevatuks sirgendamiseks ning lihtsateks lokkideks ja laineteks. T\u00e4iustatud titaanist h\u00f5ljuvate plaatide tehnoloogia tagab siidise, l\u00e4ikiva ja tervisliku viimistlusega tulemuse.<br \/>\nT\u00e4iustatud k\u00fctteelement s\u00e4ilitab juustele ohutu ja stabiilse kuumuse t\u00f6\u00f6deldes juukseid juurtest otsteni. Negatiivsetel ioonidel p\u00f5hinev tehnoloogia parandab juuksestruktuuri, sulgedes juuste v\u00e4limist (kutiikul) kihti, mille l\u00e4bi juuksed ei kahjustu. T\u00e4nu sirgendaja titaaniumist plaatidele, mis tagavad 24% parema soojusjuhtivuse ja elegantselt \u00fcmarale disainile, libisevad juuksed erilise kergusega l\u00e4bi plaatide, luues seel\u00e4bi ainulaadse l\u00e4ikiva, p\u00fcsiva ja sileda l\u00f5ppviimistluse. Tulemuseks kaunis viimistlus ja juuste terve v\u00e4ljan\u00e4gemine vaid \u00fcheainsa t\u00f5mbega.<br \/>\nJuhtmevaba sirgendajaga on kaasas ka moodne sessiooni kott, mis on kaunistatud kuldse logoga ja mille sisepind on kaetud kuumakaitsega, kus t\u00f6\u00f6riista p\u00e4rast kasutamist turvaliselt hoida.<br \/>\n&#8212; Soojendab kuni 200\u00b0 C\/ 392 F.<br \/>\n&#8212; L\u00fclitub automaatselt v\u00e4lja 30 minuti p\u00e4rast<br \/>\n&#8212; Kaasaskantav laadija koos ELi, \u00dchendkuningriigi ja USA pistikuga<br \/>\n&#8212; T\u00e4iustatud titaaniumist ujuvplaatide tehnoloogia siidiseks, l\u00e4ikivaks ja tervislikuks viimistluseks<\/p>\n","protected":false},"featured_media":35238,"template":"","meta":[],"product_brand":[464],"product_cat":[266,265,112,206,114,129,130,121],"product_tag":[],"class_list":{"0":"post-34955","1":"product","2":"type-product","3":"status-publish","4":"has-post-thumbnail","6":"product_brand-balmain-hair","7":"product_cat-balmain-hair","8":"product_cat-brandid","9":"product_cat-elektroonika","10":"product_cat-erikollektsioonid","11":"product_cat-eripakkumised","12":"product_cat-kingitused","13":"product_cat-kinkekomplektid","14":"product_cat-koik-tooted","16":"first","17":"instock","18":"taxable","19":"shipping-taxable","20":"purchasable","21":"product-type-simple","22":"add-to-wishlist-after_add_to_cart"},"yoast_head":"<!-- This site is optimized with the Yoast SEO plugin v27.5 - https:\/\/yoast.com\/product\/yoast-seo-wordpress\/ -->\n<title>BALMAIN HAIR juhtmevaba titanium sirgendaja valge kuld \/ Titanium Cordless Straightener Gold &amp; White - Hair Deluxe<\/title>\n<meta name=\"robots\" content=\"index, follow, max-snippet:-1, max-image-preview:large, max-video-preview:-1\" \/>\n<link rel=\"canonical\" href=\"https:\/\/hairdeluxe.ee\/ru\/product\/balmain-juhtmevaba-titanium-sirgendaja-valge-kuld-titanium-cordless-straightener-gold-white\/\" \/>\n<meta property=\"og:locale\" content=\"ru_RU\" \/>\n<meta property=\"og:type\" content=\"article\" \/>\n<meta property=\"og:title\" content=\"BALMAIN HAIR juhtmevaba titanium sirgendaja valge kuld \/ Titanium Cordless Straightener Gold &amp; White - Hair Deluxe\" \/>\n<meta property=\"og:description\" content=\"Kas oled leidnud end m\u00f5nikord olukorrast, kus elektri kasutamine ei tule k\u00f5ne allagi? V\u00f5i oled ise reisil ning soovid end v\u00e4rskendada kergete lokkidega v\u00f5i hoopis sirgete juustega? Balmain Hair Couture on t\u00f6\u00f6tanud v\u00e4lja ideaalse abivahendi neile, kelle t\u00f6\u00f6 viib neid kohtadesse, kus v\u00f5imalused on piiratud. T\u00e4nap\u00e4eval on k\u00f5ik v\u00f5imalik! Selle hooaja piiratud v\u00e4ljalaskega juhtmevaba sirgendaja on inspireeritud Balmain tunnusv\u00e4rvidest: kuldne ja valge. Nende v\u00e4rvide kombinatsioon esindab Balmain klassikalisi moesiluette viimastel aastak\u00fcmnetel.\u00a0Balmain Hair Couture\u2019i meeskond t\u00f6\u00f6tab kogu aeg selle nimel, et juuksurite ja tavakasutajate elu lihtsamaks muuta. Uus juhtmevaba sirgendaja on spetsiaalselt loodud reisimiseks ja backstage\u2019i t\u00f6\u00f6ks. Juhtmevaba sirgendaja ei asenda p\u00e4ris professionaalset sirgendajat, kuid on suureks abiks moeetendustel, reisimiseks ja lavataguseks t\u00f6\u00f6ks ning ideaalne t\u00f6\u00f6riist kiireks vaevatuks sirgendamiseks ning lihtsateks lokkideks ja laineteks. T\u00e4iustatud titaanist h\u00f5ljuvate plaatide tehnoloogia tagab siidise, l\u00e4ikiva ja tervisliku viimistlusega tulemuse. T\u00e4iustatud k\u00fctteelement s\u00e4ilitab juustele ohutu ja stabiilse kuumuse t\u00f6\u00f6deldes juukseid juurtest otsteni. Negatiivsetel ioonidel p\u00f5hinev tehnoloogia parandab juuksestruktuuri, sulgedes juuste v\u00e4limist (kutiikul) kihti, mille l\u00e4bi juuksed ei kahjustu. T\u00e4nu sirgendaja titaaniumist plaatidele, mis tagavad 24% parema soojusjuhtivuse ja elegantselt \u00fcmarale disainile, libisevad juuksed erilise kergusega l\u00e4bi plaatide, luues seel\u00e4bi ainulaadse l\u00e4ikiva, p\u00fcsiva ja sileda l\u00f5ppviimistluse. Tulemuseks kaunis viimistlus ja juuste terve v\u00e4ljan\u00e4gemine vaid \u00fcheainsa t\u00f5mbega. Juhtmevaba sirgendajaga on kaasas ka moodne sessiooni kott, mis on kaunistatud kuldse logoga ja mille sisepind on kaetud kuumakaitsega, kus t\u00f6\u00f6riista p\u00e4rast kasutamist turvaliselt hoida. - Soojendab kuni 200\u00b0 C\/ 392 F. - L\u00fclitub automaatselt v\u00e4lja 30 minuti p\u00e4rast - Kaasaskantav laadija koos ELi, \u00dchendkuningriigi ja USA pistikuga - T\u00e4iustatud titaaniumist ujuvplaatide tehnoloogia siidiseks, l\u00e4ikivaks ja tervislikuks viimistluseks\" \/>\n<meta property=\"og:url\" content=\"https:\/\/hairdeluxe.ee\/ru\/product\/balmain-juhtmevaba-titanium-sirgendaja-valge-kuld-titanium-cordless-straightener-gold-white\/\" \/>\n<meta property=\"og:site_name\" content=\"Hair Deluxe\" \/>\n<meta property=\"article:publisher\" content=\"https:\/\/www.facebook.com\/blowbartallinn\" \/>\n<meta property=\"article:modified_time\" content=\"2025-03-18T19:22:34+00:00\" \/>\n<meta property=\"og:image\" content=\"https:\/\/hairdeluxe.ee\/wp-content\/uploads\/2024\/02\/balmainhair_tools_cordlessstraightener_limitededition_white_fw21_02_800x800.jpg\" \/>\n\t<meta property=\"og:image:width\" content=\"800\" \/>\n\t<meta property=\"og:image:height\" content=\"800\" \/>\n\t<meta property=\"og:image:type\" content=\"image\/jpeg\" \/>\n<meta name=\"twitter:card\" content=\"summary_large_image\" \/>\n<script type=\"application\/ld+json\" class=\"yoast-schema-graph\">{\"@context\":\"https:\\\/\\\/schema.org\",\"@graph\":[{\"@type\":\"WebPage\",\"@id\":\"https:\\\/\\\/hairdeluxe.ee\\\/ru\\\/product\\\/balmain-juhtmevaba-titanium-sirgendaja-valge-kuld-titanium-cordless-straightener-gold-white\\\/\",\"url\":\"https:\\\/\\\/hairdeluxe.ee\\\/ru\\\/product\\\/balmain-juhtmevaba-titanium-sirgendaja-valge-kuld-titanium-cordless-straightener-gold-white\\\/\",\"name\":\"BALMAIN HAIR juhtmevaba titanium sirgendaja valge kuld \\\/ Titanium Cordless Straightener Gold & White - Hair Deluxe\",\"isPartOf\":{\"@id\":\"https:\\\/\\\/hairdeluxe.ee\\\/ru\\\/#website\"},\"primaryImageOfPage\":{\"@id\":\"https:\\\/\\\/hairdeluxe.ee\\\/ru\\\/product\\\/balmain-juhtmevaba-titanium-sirgendaja-valge-kuld-titanium-cordless-straightener-gold-white\\\/#primaryimage\"},\"image\":{\"@id\":\"https:\\\/\\\/hairdeluxe.ee\\\/ru\\\/product\\\/balmain-juhtmevaba-titanium-sirgendaja-valge-kuld-titanium-cordless-straightener-gold-white\\\/#primaryimage\"},\"thumbnailUrl\":\"https:\\\/\\\/hairdeluxe.ee\\\/wp-content\\\/uploads\\\/2024\\\/02\\\/balmainhair_tools_cordlessstraightener_limitededition_white_fw21_02_800x800.jpg\",\"datePublished\":\"2024-02-03T07:07:29+00:00\",\"dateModified\":\"2025-03-18T19:22:34+00:00\",\"breadcrumb\":{\"@id\":\"https:\\\/\\\/hairdeluxe.ee\\\/ru\\\/product\\\/balmain-juhtmevaba-titanium-sirgendaja-valge-kuld-titanium-cordless-straightener-gold-white\\\/#breadcrumb\"},\"inLanguage\":\"ru-RU\",\"potentialAction\":[{\"@type\":\"ReadAction\",\"target\":[\"https:\\\/\\\/hairdeluxe.ee\\\/ru\\\/product\\\/balmain-juhtmevaba-titanium-sirgendaja-valge-kuld-titanium-cordless-straightener-gold-white\\\/\"]}]},{\"@type\":\"ImageObject\",\"inLanguage\":\"ru-RU\",\"@id\":\"https:\\\/\\\/hairdeluxe.ee\\\/ru\\\/product\\\/balmain-juhtmevaba-titanium-sirgendaja-valge-kuld-titanium-cordless-straightener-gold-white\\\/#primaryimage\",\"url\":\"https:\\\/\\\/hairdeluxe.ee\\\/wp-content\\\/uploads\\\/2024\\\/02\\\/balmainhair_tools_cordlessstraightener_limitededition_white_fw21_02_800x800.jpg\",\"contentUrl\":\"https:\\\/\\\/hairdeluxe.ee\\\/wp-content\\\/uploads\\\/2024\\\/02\\\/balmainhair_tools_cordlessstraightener_limitededition_white_fw21_02_800x800.jpg\",\"width\":800,\"height\":800},{\"@type\":\"BreadcrumbList\",\"@id\":\"https:\\\/\\\/hairdeluxe.ee\\\/ru\\\/product\\\/balmain-juhtmevaba-titanium-sirgendaja-valge-kuld-titanium-cordless-straightener-gold-white\\\/#breadcrumb\",\"itemListElement\":[{\"@type\":\"ListItem\",\"position\":1,\"name\":\"Home\",\"item\":\"https:\\\/\\\/hairdeluxe.ee\\\/ru\\\/\"},{\"@type\":\"ListItem\",\"position\":2,\"name\":\"\u041c\u0430\u0433\u0430\u0437\u0438\u043d\",\"item\":\"https:\\\/\\\/hairdeluxe.ee\\\/ru\\\/shop\\\/\"},{\"@type\":\"ListItem\",\"position\":3,\"name\":\"BALMAIN HAIR juhtmevaba titanium sirgendaja valge kuld \\\/ Titanium Cordless Straightener Gold &#038; White\"}]},{\"@type\":\"WebSite\",\"@id\":\"https:\\\/\\\/hairdeluxe.ee\\\/ru\\\/#website\",\"url\":\"https:\\\/\\\/hairdeluxe.ee\\\/ru\\\/\",\"name\":\"Hair Deluxe\",\"description\":\"Highlight your natural beauty\",\"publisher\":{\"@id\":\"https:\\\/\\\/hairdeluxe.ee\\\/ru\\\/#organization\"},\"potentialAction\":[{\"@type\":\"SearchAction\",\"target\":{\"@type\":\"EntryPoint\",\"urlTemplate\":\"https:\\\/\\\/hairdeluxe.ee\\\/ru\\\/?s={search_term_string}\"},\"query-input\":{\"@type\":\"PropertyValueSpecification\",\"valueRequired\":true,\"valueName\":\"search_term_string\"}}],\"inLanguage\":\"ru-RU\"},{\"@type\":\"Organization\",\"@id\":\"https:\\\/\\\/hairdeluxe.ee\\\/ru\\\/#organization\",\"name\":\"Hair Deluxe\",\"url\":\"https:\\\/\\\/hairdeluxe.ee\\\/ru\\\/\",\"logo\":{\"@type\":\"ImageObject\",\"inLanguage\":\"ru-RU\",\"@id\":\"https:\\\/\\\/hairdeluxe.ee\\\/ru\\\/#\\\/schema\\\/logo\\\/image\\\/\",\"url\":\"https:\\\/\\\/hairdeluxe.ee\\\/wp-content\\\/uploads\\\/2024\\\/06\\\/Hair-Deluxe-Logo-Dark-font.png\",\"contentUrl\":\"https:\\\/\\\/hairdeluxe.ee\\\/wp-content\\\/uploads\\\/2024\\\/06\\\/Hair-Deluxe-Logo-Dark-font.png\",\"width\":467,\"height\":177,\"caption\":\"Hair Deluxe\"},\"image\":{\"@id\":\"https:\\\/\\\/hairdeluxe.ee\\\/ru\\\/#\\\/schema\\\/logo\\\/image\\\/\"},\"sameAs\":[\"https:\\\/\\\/www.facebook.com\\\/blowbartallinn\",\"https:\\\/\\\/www.instagram.com\\\/blowbar_tallinn\"]}]}<\/script>\n<!-- \/ Yoast SEO plugin. -->","yoast_head_json":{"title":"BALMAIN HAIR juhtmevaba titanium sirgendaja valge kuld \/ Titanium Cordless Straightener Gold & White - Hair Deluxe","robots":{"index":"index","follow":"follow","max-snippet":"max-snippet:-1","max-image-preview":"max-image-preview:large","max-video-preview":"max-video-preview:-1"},"canonical":"https:\/\/hairdeluxe.ee\/ru\/product\/balmain-juhtmevaba-titanium-sirgendaja-valge-kuld-titanium-cordless-straightener-gold-white\/","og_locale":"ru_RU","og_type":"article","og_title":"BALMAIN HAIR juhtmevaba titanium sirgendaja valge kuld \/ Titanium Cordless Straightener Gold & White - Hair Deluxe","og_description":"Kas oled leidnud end m\u00f5nikord olukorrast, kus elektri kasutamine ei tule k\u00f5ne allagi? V\u00f5i oled ise reisil ning soovid end v\u00e4rskendada kergete lokkidega v\u00f5i hoopis sirgete juustega? Balmain Hair Couture on t\u00f6\u00f6tanud v\u00e4lja ideaalse abivahendi neile, kelle t\u00f6\u00f6 viib neid kohtadesse, kus v\u00f5imalused on piiratud. T\u00e4nap\u00e4eval on k\u00f5ik v\u00f5imalik! Selle hooaja piiratud v\u00e4ljalaskega juhtmevaba sirgendaja on inspireeritud Balmain tunnusv\u00e4rvidest: kuldne ja valge. Nende v\u00e4rvide kombinatsioon esindab Balmain klassikalisi moesiluette viimastel aastak\u00fcmnetel.\u00a0Balmain Hair Couture\u2019i meeskond t\u00f6\u00f6tab kogu aeg selle nimel, et juuksurite ja tavakasutajate elu lihtsamaks muuta. Uus juhtmevaba sirgendaja on spetsiaalselt loodud reisimiseks ja backstage\u2019i t\u00f6\u00f6ks. Juhtmevaba sirgendaja ei asenda p\u00e4ris professionaalset sirgendajat, kuid on suureks abiks moeetendustel, reisimiseks ja lavataguseks t\u00f6\u00f6ks ning ideaalne t\u00f6\u00f6riist kiireks vaevatuks sirgendamiseks ning lihtsateks lokkideks ja laineteks. T\u00e4iustatud titaanist h\u00f5ljuvate plaatide tehnoloogia tagab siidise, l\u00e4ikiva ja tervisliku viimistlusega tulemuse. T\u00e4iustatud k\u00fctteelement s\u00e4ilitab juustele ohutu ja stabiilse kuumuse t\u00f6\u00f6deldes juukseid juurtest otsteni. Negatiivsetel ioonidel p\u00f5hinev tehnoloogia parandab juuksestruktuuri, sulgedes juuste v\u00e4limist (kutiikul) kihti, mille l\u00e4bi juuksed ei kahjustu. T\u00e4nu sirgendaja titaaniumist plaatidele, mis tagavad 24% parema soojusjuhtivuse ja elegantselt \u00fcmarale disainile, libisevad juuksed erilise kergusega l\u00e4bi plaatide, luues seel\u00e4bi ainulaadse l\u00e4ikiva, p\u00fcsiva ja sileda l\u00f5ppviimistluse. Tulemuseks kaunis viimistlus ja juuste terve v\u00e4ljan\u00e4gemine vaid \u00fcheainsa t\u00f5mbega. Juhtmevaba sirgendajaga on kaasas ka moodne sessiooni kott, mis on kaunistatud kuldse logoga ja mille sisepind on kaetud kuumakaitsega, kus t\u00f6\u00f6riista p\u00e4rast kasutamist turvaliselt hoida. - Soojendab kuni 200\u00b0 C\/ 392 F. - L\u00fclitub automaatselt v\u00e4lja 30 minuti p\u00e4rast - Kaasaskantav laadija koos ELi, \u00dchendkuningriigi ja USA pistikuga - T\u00e4iustatud titaaniumist ujuvplaatide tehnoloogia siidiseks, l\u00e4ikivaks ja tervislikuks viimistluseks","og_url":"https:\/\/hairdeluxe.ee\/ru\/product\/balmain-juhtmevaba-titanium-sirgendaja-valge-kuld-titanium-cordless-straightener-gold-white\/","og_site_name":"Hair Deluxe","article_publisher":"https:\/\/www.facebook.com\/blowbartallinn","article_modified_time":"2025-03-18T19:22:34+00:00","og_image":[{"width":800,"height":800,"url":"https:\/\/hairdeluxe.ee\/wp-content\/uploads\/2024\/02\/balmainhair_tools_cordlessstraightener_limitededition_white_fw21_02_800x800.jpg","type":"image\/jpeg"}],"twitter_card":"summary_large_image","schema":{"@context":"https:\/\/schema.org","@graph":[{"@type":"WebPage","@id":"https:\/\/hairdeluxe.ee\/ru\/product\/balmain-juhtmevaba-titanium-sirgendaja-valge-kuld-titanium-cordless-straightener-gold-white\/","url":"https:\/\/hairdeluxe.ee\/ru\/product\/balmain-juhtmevaba-titanium-sirgendaja-valge-kuld-titanium-cordless-straightener-gold-white\/","name":"BALMAIN HAIR juhtmevaba titanium sirgendaja valge kuld \/ Titanium Cordless Straightener Gold & White - Hair Deluxe","isPartOf":{"@id":"https:\/\/hairdeluxe.ee\/ru\/#website"},"primaryImageOfPage":{"@id":"https:\/\/hairdeluxe.ee\/ru\/product\/balmain-juhtmevaba-titanium-sirgendaja-valge-kuld-titanium-cordless-straightener-gold-white\/#primaryimage"},"image":{"@id":"https:\/\/hairdeluxe.ee\/ru\/product\/balmain-juhtmevaba-titanium-sirgendaja-valge-kuld-titanium-cordless-straightener-gold-white\/#primaryimage"},"thumbnailUrl":"https:\/\/hairdeluxe.ee\/wp-content\/uploads\/2024\/02\/balmainhair_tools_cordlessstraightener_limitededition_white_fw21_02_800x800.jpg","datePublished":"2024-02-03T07:07:29+00:00","dateModified":"2025-03-18T19:22:34+00:00","breadcrumb":{"@id":"https:\/\/hairdeluxe.ee\/ru\/product\/balmain-juhtmevaba-titanium-sirgendaja-valge-kuld-titanium-cordless-straightener-gold-white\/#breadcrumb"},"inLanguage":"ru-RU","potentialAction":[{"@type":"ReadAction","target":["https:\/\/hairdeluxe.ee\/ru\/product\/balmain-juhtmevaba-titanium-sirgendaja-valge-kuld-titanium-cordless-straightener-gold-white\/"]}]},{"@type":"ImageObject","inLanguage":"ru-RU","@id":"https:\/\/hairdeluxe.ee\/ru\/product\/balmain-juhtmevaba-titanium-sirgendaja-valge-kuld-titanium-cordless-straightener-gold-white\/#primaryimage","url":"https:\/\/hairdeluxe.ee\/wp-content\/uploads\/2024\/02\/balmainhair_tools_cordlessstraightener_limitededition_white_fw21_02_800x800.jpg","contentUrl":"https:\/\/hairdeluxe.ee\/wp-content\/uploads\/2024\/02\/balmainhair_tools_cordlessstraightener_limitededition_white_fw21_02_800x800.jpg","width":800,"height":800},{"@type":"BreadcrumbList","@id":"https:\/\/hairdeluxe.ee\/ru\/product\/balmain-juhtmevaba-titanium-sirgendaja-valge-kuld-titanium-cordless-straightener-gold-white\/#breadcrumb","itemListElement":[{"@type":"ListItem","position":1,"name":"Home","item":"https:\/\/hairdeluxe.ee\/ru\/"},{"@type":"ListItem","position":2,"name":"\u041c\u0430\u0433\u0430\u0437\u0438\u043d","item":"https:\/\/hairdeluxe.ee\/ru\/shop\/"},{"@type":"ListItem","position":3,"name":"BALMAIN HAIR juhtmevaba titanium sirgendaja valge kuld \/ Titanium Cordless Straightener Gold &#038; White"}]},{"@type":"WebSite","@id":"https:\/\/hairdeluxe.ee\/ru\/#website","url":"https:\/\/hairdeluxe.ee\/ru\/","name":"Hair Deluxe","description":"Highlight your natural beauty","publisher":{"@id":"https:\/\/hairdeluxe.ee\/ru\/#organization"},"potentialAction":[{"@type":"SearchAction","target":{"@type":"EntryPoint","urlTemplate":"https:\/\/hairdeluxe.ee\/ru\/?s={search_term_string}"},"query-input":{"@type":"PropertyValueSpecification","valueRequired":true,"valueName":"search_term_string"}}],"inLanguage":"ru-RU"},{"@type":"Organization","@id":"https:\/\/hairdeluxe.ee\/ru\/#organization","name":"Hair Deluxe","url":"https:\/\/hairdeluxe.ee\/ru\/","logo":{"@type":"ImageObject","inLanguage":"ru-RU","@id":"https:\/\/hairdeluxe.ee\/ru\/#\/schema\/logo\/image\/","url":"https:\/\/hairdeluxe.ee\/wp-content\/uploads\/2024\/06\/Hair-Deluxe-Logo-Dark-font.png","contentUrl":"https:\/\/hairdeluxe.ee\/wp-content\/uploads\/2024\/06\/Hair-Deluxe-Logo-Dark-font.png","width":467,"height":177,"caption":"Hair Deluxe"},"image":{"@id":"https:\/\/hairdeluxe.ee\/ru\/#\/schema\/logo\/image\/"},"sameAs":["https:\/\/www.facebook.com\/blowbartallinn","https:\/\/www.instagram.com\/blowbar_tallinn"]}]}},"_links":{"self":[{"href":"https:\/\/hairdeluxe.ee\/ru\/wp-json\/wp\/v2\/product\/34955","targetHints":{"allow":["GET"]}}],"collection":[{"href":"https:\/\/hairdeluxe.ee\/ru\/wp-json\/wp\/v2\/product"}],"about":[{"href":"https:\/\/hairdeluxe.ee\/ru\/wp-json\/wp\/v2\/types\/product"}],"wp:featuredmedia":[{"embeddable":true,"href":"https:\/\/hairdeluxe.ee\/ru\/wp-json\/wp\/v2\/media\/35238"}],"wp:attachment":[{"href":"https:\/\/hairdeluxe.ee\/ru\/wp-json\/wp\/v2\/media?parent=34955"}],"wp:term":[{"taxonomy":"product_brand","embeddable":true,"href":"https:\/\/hairdeluxe.ee\/ru\/wp-json\/wp\/v2\/product_brand?post=34955"},{"taxonomy":"product_cat","embeddable":true,"href":"https:\/\/hairdeluxe.ee\/ru\/wp-json\/wp\/v2\/product_cat?post=34955"},{"taxonomy":"product_tag","embeddable":true,"href":"https:\/\/hairdeluxe.ee\/ru\/wp-json\/wp\/v2\/product_tag?post=34955"}],"curies":[{"name":"wp","href":"https:\/\/api.w.org\/{rel}","templated":true}]}}