{"id":34964,"date":"2024-02-03T09:07:31","date_gmt":"2024-02-03T07:07:31","guid":{"rendered":"https:\/\/blowbar.ee\/?post_type=product&#038;p=34964"},"modified":"2025-03-18T19:22:33","modified_gmt":"2025-03-18T19:22:33","slug":"balmain-juustele-voluumi-ja-kohevust-lisav-palsam-volume-conditioner-300ml","status":"publish","type":"product","link":"https:\/\/hairdeluxe.ee\/ru\/product\/balmain-juustele-voluumi-ja-kohevust-lisav-palsam-volume-conditioner-300ml\/","title":{"rendered":"BALMAIN HAIR juustele vol\u00fc\u00fcmi ja kohevust lisav palsam \/ Volume Conditioner 300ml"},"content":{"rendered":"<p><em><strong>Koostis:\u00a0<\/strong>Aqua, Cetearyl Alcohol, Glyceryl Stearate, Stearamidopropyl Dimethylamine, Argania Spinosa Kernel Oil, Silk Amino Acids, Panthenol, Dimethylpabamidopropyl Lauryldimonium Tosylate, Propylene Glycol Stearate, Sodium Cocoyl Amino Acids, Potassium Dimethicone PEG-7 Panthenyl Phosphate, Behenoyl PG-Trimonium Chloride, Quaternium-80, Amodimethicone, C11-15 Pareth-7, Laureth-9, Glycerin, Trideceth-12, Ethylhexyl Methoxycinnamate, Ceteareth-20, Phenoxyethanol, Ethylhexylglycerin, Polyquaternium-37, Propylene Glycol Dicaprylate\/Dicaprate, PPG-1 Trideceth-6, Parfum, Citric Acid.<\/em><\/p>\n","protected":false},"excerpt":{"rendered":"<p>Palsami kerge koostis hoolitseb ja toidab juukseid, andes kohevust ning vol\u00fc\u00fcmi. Koostises olevad siidiproteiinid ja argaania\u00f5li stimuleerivad optimaalset niiskustaset, parandades ja kaitstes keskkonnam\u00f5jude eest kahjustatud, kuivi ning n\u00f5rku juukseid. Luksuslik ja kerge sari sobib igap\u00e4evaseks kasutamiseks, lisades \u00f5hukestele ja peenetele juustele silmapaistvat kohevust ja vol\u00fc\u00fcmi. Tulemuseks on s\u00e4ravad, tugevad, pehmed ja perfektselt viimistletud juuksed. Sarjal on suurep\u00e4rane Balmain Hair toodetele omane parf\u00fc\u00fcm. Parabeeni- ja sulfaadivaba.<br \/>\n&#8212; Kerge koostis<br \/>\n&#8212; Tugevdab ja kaitseb juukseid<br \/>\n&#8212; Parabeeni- ja sulfaadivaba<\/p>\n<p><strong>Kasutamine:<\/strong> Kanda r\u00e4tikukuivadele juustele. Masseerida l\u00e4bi juuste ning hoida 3 minutit. Loputada.<\/p>\n<p>Kogus: 300ml<\/p>\n<p><a href=\"https:\/\/www.balmainhair.ee\/toode\/balmain-volume-shampoo-hair-juuksed-voluum-kohevus-niisutab-soeng-juuksur\/\"><strong>Vaata lisaks:<\/strong> BALMAIN Hair juustele vol\u00fc\u00fcmi ja kohevust lisav shampoon \/ Volume Shamoo, 300ml<\/a><\/p>\n<p>https:\/\/www.youtube.com\/watch?v=JQgBflQ0jks<\/p>\n","protected":false},"featured_media":34993,"template":"","meta":[],"product_brand":[464],"product_cat":[266,265,208,213,121,218,280],"product_tag":[],"class_list":{"0":"post-34964","1":"product","2":"type-product","3":"status-publish","4":"has-post-thumbnail","6":"product_brand-balmain-hair","7":"product_cat-balmain-hair","8":"product_cat-brandid","9":"product_cat-juuksehooldus","10":"product_cat-kohevus","11":"product_cat-koik-tooted","12":"product_cat-palsamid","13":"product_cat-voluumi-andev-volume","15":"first","16":"instock","17":"taxable","18":"shipping-taxable","19":"purchasable","20":"product-type-simple","21":"add-to-wishlist-after_add_to_cart"},"yoast_head":"<!-- This site is optimized with the Yoast SEO plugin v27.3 - https:\/\/yoast.com\/product\/yoast-seo-wordpress\/ -->\n<title>BALMAIN HAIR juustele vol\u00fc\u00fcmi ja kohevust lisav palsam \/ Volume Conditioner 300ml - Hair Deluxe<\/title>\n<meta name=\"robots\" content=\"index, follow, max-snippet:-1, max-image-preview:large, max-video-preview:-1\" \/>\n<link rel=\"canonical\" href=\"https:\/\/hairdeluxe.ee\/ru\/product\/balmain-juustele-voluumi-ja-kohevust-lisav-palsam-volume-conditioner-300ml\/\" \/>\n<meta property=\"og:locale\" content=\"ru_RU\" \/>\n<meta property=\"og:type\" content=\"article\" \/>\n<meta property=\"og:title\" content=\"BALMAIN HAIR juustele vol\u00fc\u00fcmi ja kohevust lisav palsam \/ Volume Conditioner 300ml - Hair Deluxe\" \/>\n<meta property=\"og:description\" content=\"Palsami kerge koostis hoolitseb ja toidab juukseid, andes kohevust ning vol\u00fc\u00fcmi. Koostises olevad siidiproteiinid ja argaania\u00f5li stimuleerivad optimaalset niiskustaset, parandades ja kaitstes keskkonnam\u00f5jude eest kahjustatud, kuivi ning n\u00f5rku juukseid. Luksuslik ja kerge sari sobib igap\u00e4evaseks kasutamiseks, lisades \u00f5hukestele ja peenetele juustele silmapaistvat kohevust ja vol\u00fc\u00fcmi. Tulemuseks on s\u00e4ravad, tugevad, pehmed ja perfektselt viimistletud juuksed. Sarjal on suurep\u00e4rane Balmain Hair toodetele omane parf\u00fc\u00fcm. Parabeeni- ja sulfaadivaba. - Kerge koostis - Tugevdab ja kaitseb juukseid - Parabeeni- ja sulfaadivaba  Kasutamine: Kanda r\u00e4tikukuivadele juustele. Masseerida l\u00e4bi juuste ning hoida 3 minutit. Loputada.  Kogus: 300ml  Vaata lisaks: BALMAIN Hair juustele vol\u00fc\u00fcmi ja kohevust lisav shampoon \/ Volume Shamoo, 300ml  https:\/\/www.youtube.com\/watch?v=JQgBflQ0jks\" \/>\n<meta property=\"og:url\" content=\"https:\/\/hairdeluxe.ee\/ru\/product\/balmain-juustele-voluumi-ja-kohevust-lisav-palsam-volume-conditioner-300ml\/\" \/>\n<meta property=\"og:site_name\" content=\"Hair Deluxe\" \/>\n<meta property=\"article:publisher\" content=\"https:\/\/www.facebook.com\/blowbartallinn\" \/>\n<meta property=\"article:modified_time\" content=\"2025-03-18T19:22:33+00:00\" \/>\n<meta property=\"og:image\" content=\"https:\/\/hairdeluxe.ee\/wp-content\/uploads\/2024\/02\/balmain-hair-volume-conditioner-300ml.jpg\" \/>\n\t<meta property=\"og:image:width\" content=\"650\" \/>\n\t<meta property=\"og:image:height\" content=\"650\" \/>\n\t<meta property=\"og:image:type\" content=\"image\/jpeg\" \/>\n<meta name=\"twitter:card\" content=\"summary_large_image\" \/>\n<script type=\"application\/ld+json\" class=\"yoast-schema-graph\">{\"@context\":\"https:\\\/\\\/schema.org\",\"@graph\":[{\"@type\":\"WebPage\",\"@id\":\"https:\\\/\\\/hairdeluxe.ee\\\/ru\\\/product\\\/balmain-juustele-voluumi-ja-kohevust-lisav-palsam-volume-conditioner-300ml\\\/\",\"url\":\"https:\\\/\\\/hairdeluxe.ee\\\/ru\\\/product\\\/balmain-juustele-voluumi-ja-kohevust-lisav-palsam-volume-conditioner-300ml\\\/\",\"name\":\"BALMAIN HAIR juustele vol\u00fc\u00fcmi ja kohevust lisav palsam \\\/ Volume Conditioner 300ml - Hair Deluxe\",\"isPartOf\":{\"@id\":\"https:\\\/\\\/hairdeluxe.ee\\\/ru\\\/#website\"},\"primaryImageOfPage\":{\"@id\":\"https:\\\/\\\/hairdeluxe.ee\\\/ru\\\/product\\\/balmain-juustele-voluumi-ja-kohevust-lisav-palsam-volume-conditioner-300ml\\\/#primaryimage\"},\"image\":{\"@id\":\"https:\\\/\\\/hairdeluxe.ee\\\/ru\\\/product\\\/balmain-juustele-voluumi-ja-kohevust-lisav-palsam-volume-conditioner-300ml\\\/#primaryimage\"},\"thumbnailUrl\":\"https:\\\/\\\/hairdeluxe.ee\\\/wp-content\\\/uploads\\\/2024\\\/02\\\/balmain-hair-volume-conditioner-300ml.jpg\",\"datePublished\":\"2024-02-03T07:07:31+00:00\",\"dateModified\":\"2025-03-18T19:22:33+00:00\",\"breadcrumb\":{\"@id\":\"https:\\\/\\\/hairdeluxe.ee\\\/ru\\\/product\\\/balmain-juustele-voluumi-ja-kohevust-lisav-palsam-volume-conditioner-300ml\\\/#breadcrumb\"},\"inLanguage\":\"ru-RU\",\"potentialAction\":[{\"@type\":\"ReadAction\",\"target\":[\"https:\\\/\\\/hairdeluxe.ee\\\/ru\\\/product\\\/balmain-juustele-voluumi-ja-kohevust-lisav-palsam-volume-conditioner-300ml\\\/\"]}]},{\"@type\":\"ImageObject\",\"inLanguage\":\"ru-RU\",\"@id\":\"https:\\\/\\\/hairdeluxe.ee\\\/ru\\\/product\\\/balmain-juustele-voluumi-ja-kohevust-lisav-palsam-volume-conditioner-300ml\\\/#primaryimage\",\"url\":\"https:\\\/\\\/hairdeluxe.ee\\\/wp-content\\\/uploads\\\/2024\\\/02\\\/balmain-hair-volume-conditioner-300ml.jpg\",\"contentUrl\":\"https:\\\/\\\/hairdeluxe.ee\\\/wp-content\\\/uploads\\\/2024\\\/02\\\/balmain-hair-volume-conditioner-300ml.jpg\",\"width\":650,\"height\":650},{\"@type\":\"BreadcrumbList\",\"@id\":\"https:\\\/\\\/hairdeluxe.ee\\\/ru\\\/product\\\/balmain-juustele-voluumi-ja-kohevust-lisav-palsam-volume-conditioner-300ml\\\/#breadcrumb\",\"itemListElement\":[{\"@type\":\"ListItem\",\"position\":1,\"name\":\"Home\",\"item\":\"https:\\\/\\\/hairdeluxe.ee\\\/ru\\\/\"},{\"@type\":\"ListItem\",\"position\":2,\"name\":\"\u041c\u0430\u0433\u0430\u0437\u0438\u043d\",\"item\":\"https:\\\/\\\/hairdeluxe.ee\\\/ru\\\/shop\\\/\"},{\"@type\":\"ListItem\",\"position\":3,\"name\":\"BALMAIN HAIR juustele vol\u00fc\u00fcmi ja kohevust lisav palsam \\\/ Volume Conditioner 300ml\"}]},{\"@type\":\"WebSite\",\"@id\":\"https:\\\/\\\/hairdeluxe.ee\\\/ru\\\/#website\",\"url\":\"https:\\\/\\\/hairdeluxe.ee\\\/ru\\\/\",\"name\":\"Hair Deluxe\",\"description\":\"Highlight your natural beauty\",\"publisher\":{\"@id\":\"https:\\\/\\\/hairdeluxe.ee\\\/ru\\\/#organization\"},\"potentialAction\":[{\"@type\":\"SearchAction\",\"target\":{\"@type\":\"EntryPoint\",\"urlTemplate\":\"https:\\\/\\\/hairdeluxe.ee\\\/ru\\\/?s={search_term_string}\"},\"query-input\":{\"@type\":\"PropertyValueSpecification\",\"valueRequired\":true,\"valueName\":\"search_term_string\"}}],\"inLanguage\":\"ru-RU\"},{\"@type\":\"Organization\",\"@id\":\"https:\\\/\\\/hairdeluxe.ee\\\/ru\\\/#organization\",\"name\":\"Hair Deluxe\",\"url\":\"https:\\\/\\\/hairdeluxe.ee\\\/ru\\\/\",\"logo\":{\"@type\":\"ImageObject\",\"inLanguage\":\"ru-RU\",\"@id\":\"https:\\\/\\\/hairdeluxe.ee\\\/ru\\\/#\\\/schema\\\/logo\\\/image\\\/\",\"url\":\"https:\\\/\\\/hairdeluxe.ee\\\/wp-content\\\/uploads\\\/2024\\\/06\\\/Hair-Deluxe-Logo-Dark-font.png\",\"contentUrl\":\"https:\\\/\\\/hairdeluxe.ee\\\/wp-content\\\/uploads\\\/2024\\\/06\\\/Hair-Deluxe-Logo-Dark-font.png\",\"width\":467,\"height\":177,\"caption\":\"Hair Deluxe\"},\"image\":{\"@id\":\"https:\\\/\\\/hairdeluxe.ee\\\/ru\\\/#\\\/schema\\\/logo\\\/image\\\/\"},\"sameAs\":[\"https:\\\/\\\/www.facebook.com\\\/blowbartallinn\",\"https:\\\/\\\/www.instagram.com\\\/blowbar_tallinn\"]}]}<\/script>\n<!-- \/ Yoast SEO plugin. -->","yoast_head_json":{"title":"BALMAIN HAIR juustele vol\u00fc\u00fcmi ja kohevust lisav palsam \/ Volume Conditioner 300ml - Hair Deluxe","robots":{"index":"index","follow":"follow","max-snippet":"max-snippet:-1","max-image-preview":"max-image-preview:large","max-video-preview":"max-video-preview:-1"},"canonical":"https:\/\/hairdeluxe.ee\/ru\/product\/balmain-juustele-voluumi-ja-kohevust-lisav-palsam-volume-conditioner-300ml\/","og_locale":"ru_RU","og_type":"article","og_title":"BALMAIN HAIR juustele vol\u00fc\u00fcmi ja kohevust lisav palsam \/ Volume Conditioner 300ml - Hair Deluxe","og_description":"Palsami kerge koostis hoolitseb ja toidab juukseid, andes kohevust ning vol\u00fc\u00fcmi. Koostises olevad siidiproteiinid ja argaania\u00f5li stimuleerivad optimaalset niiskustaset, parandades ja kaitstes keskkonnam\u00f5jude eest kahjustatud, kuivi ning n\u00f5rku juukseid. Luksuslik ja kerge sari sobib igap\u00e4evaseks kasutamiseks, lisades \u00f5hukestele ja peenetele juustele silmapaistvat kohevust ja vol\u00fc\u00fcmi. Tulemuseks on s\u00e4ravad, tugevad, pehmed ja perfektselt viimistletud juuksed. Sarjal on suurep\u00e4rane Balmain Hair toodetele omane parf\u00fc\u00fcm. Parabeeni- ja sulfaadivaba. - Kerge koostis - Tugevdab ja kaitseb juukseid - Parabeeni- ja sulfaadivaba  Kasutamine: Kanda r\u00e4tikukuivadele juustele. Masseerida l\u00e4bi juuste ning hoida 3 minutit. Loputada.  Kogus: 300ml  Vaata lisaks: BALMAIN Hair juustele vol\u00fc\u00fcmi ja kohevust lisav shampoon \/ Volume Shamoo, 300ml  https:\/\/www.youtube.com\/watch?v=JQgBflQ0jks","og_url":"https:\/\/hairdeluxe.ee\/ru\/product\/balmain-juustele-voluumi-ja-kohevust-lisav-palsam-volume-conditioner-300ml\/","og_site_name":"Hair Deluxe","article_publisher":"https:\/\/www.facebook.com\/blowbartallinn","article_modified_time":"2025-03-18T19:22:33+00:00","og_image":[{"width":650,"height":650,"url":"https:\/\/hairdeluxe.ee\/wp-content\/uploads\/2024\/02\/balmain-hair-volume-conditioner-300ml.jpg","type":"image\/jpeg"}],"twitter_card":"summary_large_image","schema":{"@context":"https:\/\/schema.org","@graph":[{"@type":"WebPage","@id":"https:\/\/hairdeluxe.ee\/ru\/product\/balmain-juustele-voluumi-ja-kohevust-lisav-palsam-volume-conditioner-300ml\/","url":"https:\/\/hairdeluxe.ee\/ru\/product\/balmain-juustele-voluumi-ja-kohevust-lisav-palsam-volume-conditioner-300ml\/","name":"BALMAIN HAIR juustele vol\u00fc\u00fcmi ja kohevust lisav palsam \/ Volume Conditioner 300ml - Hair Deluxe","isPartOf":{"@id":"https:\/\/hairdeluxe.ee\/ru\/#website"},"primaryImageOfPage":{"@id":"https:\/\/hairdeluxe.ee\/ru\/product\/balmain-juustele-voluumi-ja-kohevust-lisav-palsam-volume-conditioner-300ml\/#primaryimage"},"image":{"@id":"https:\/\/hairdeluxe.ee\/ru\/product\/balmain-juustele-voluumi-ja-kohevust-lisav-palsam-volume-conditioner-300ml\/#primaryimage"},"thumbnailUrl":"https:\/\/hairdeluxe.ee\/wp-content\/uploads\/2024\/02\/balmain-hair-volume-conditioner-300ml.jpg","datePublished":"2024-02-03T07:07:31+00:00","dateModified":"2025-03-18T19:22:33+00:00","breadcrumb":{"@id":"https:\/\/hairdeluxe.ee\/ru\/product\/balmain-juustele-voluumi-ja-kohevust-lisav-palsam-volume-conditioner-300ml\/#breadcrumb"},"inLanguage":"ru-RU","potentialAction":[{"@type":"ReadAction","target":["https:\/\/hairdeluxe.ee\/ru\/product\/balmain-juustele-voluumi-ja-kohevust-lisav-palsam-volume-conditioner-300ml\/"]}]},{"@type":"ImageObject","inLanguage":"ru-RU","@id":"https:\/\/hairdeluxe.ee\/ru\/product\/balmain-juustele-voluumi-ja-kohevust-lisav-palsam-volume-conditioner-300ml\/#primaryimage","url":"https:\/\/hairdeluxe.ee\/wp-content\/uploads\/2024\/02\/balmain-hair-volume-conditioner-300ml.jpg","contentUrl":"https:\/\/hairdeluxe.ee\/wp-content\/uploads\/2024\/02\/balmain-hair-volume-conditioner-300ml.jpg","width":650,"height":650},{"@type":"BreadcrumbList","@id":"https:\/\/hairdeluxe.ee\/ru\/product\/balmain-juustele-voluumi-ja-kohevust-lisav-palsam-volume-conditioner-300ml\/#breadcrumb","itemListElement":[{"@type":"ListItem","position":1,"name":"Home","item":"https:\/\/hairdeluxe.ee\/ru\/"},{"@type":"ListItem","position":2,"name":"\u041c\u0430\u0433\u0430\u0437\u0438\u043d","item":"https:\/\/hairdeluxe.ee\/ru\/shop\/"},{"@type":"ListItem","position":3,"name":"BALMAIN HAIR juustele vol\u00fc\u00fcmi ja kohevust lisav palsam \/ Volume Conditioner 300ml"}]},{"@type":"WebSite","@id":"https:\/\/hairdeluxe.ee\/ru\/#website","url":"https:\/\/hairdeluxe.ee\/ru\/","name":"Hair Deluxe","description":"Highlight your natural beauty","publisher":{"@id":"https:\/\/hairdeluxe.ee\/ru\/#organization"},"potentialAction":[{"@type":"SearchAction","target":{"@type":"EntryPoint","urlTemplate":"https:\/\/hairdeluxe.ee\/ru\/?s={search_term_string}"},"query-input":{"@type":"PropertyValueSpecification","valueRequired":true,"valueName":"search_term_string"}}],"inLanguage":"ru-RU"},{"@type":"Organization","@id":"https:\/\/hairdeluxe.ee\/ru\/#organization","name":"Hair Deluxe","url":"https:\/\/hairdeluxe.ee\/ru\/","logo":{"@type":"ImageObject","inLanguage":"ru-RU","@id":"https:\/\/hairdeluxe.ee\/ru\/#\/schema\/logo\/image\/","url":"https:\/\/hairdeluxe.ee\/wp-content\/uploads\/2024\/06\/Hair-Deluxe-Logo-Dark-font.png","contentUrl":"https:\/\/hairdeluxe.ee\/wp-content\/uploads\/2024\/06\/Hair-Deluxe-Logo-Dark-font.png","width":467,"height":177,"caption":"Hair Deluxe"},"image":{"@id":"https:\/\/hairdeluxe.ee\/ru\/#\/schema\/logo\/image\/"},"sameAs":["https:\/\/www.facebook.com\/blowbartallinn","https:\/\/www.instagram.com\/blowbar_tallinn"]}]}},"_links":{"self":[{"href":"https:\/\/hairdeluxe.ee\/ru\/wp-json\/wp\/v2\/product\/34964","targetHints":{"allow":["GET"]}}],"collection":[{"href":"https:\/\/hairdeluxe.ee\/ru\/wp-json\/wp\/v2\/product"}],"about":[{"href":"https:\/\/hairdeluxe.ee\/ru\/wp-json\/wp\/v2\/types\/product"}],"wp:featuredmedia":[{"embeddable":true,"href":"https:\/\/hairdeluxe.ee\/ru\/wp-json\/wp\/v2\/media\/34993"}],"wp:attachment":[{"href":"https:\/\/hairdeluxe.ee\/ru\/wp-json\/wp\/v2\/media?parent=34964"}],"wp:term":[{"taxonomy":"product_brand","embeddable":true,"href":"https:\/\/hairdeluxe.ee\/ru\/wp-json\/wp\/v2\/product_brand?post=34964"},{"taxonomy":"product_cat","embeddable":true,"href":"https:\/\/hairdeluxe.ee\/ru\/wp-json\/wp\/v2\/product_cat?post=34964"},{"taxonomy":"product_tag","embeddable":true,"href":"https:\/\/hairdeluxe.ee\/ru\/wp-json\/wp\/v2\/product_tag?post=34964"}],"curies":[{"name":"wp","href":"https:\/\/api.w.org\/{rel}","templated":true}]}}