{"id":34966,"date":"2024-02-03T09:07:31","date_gmt":"2024-02-03T07:07:31","guid":{"rendered":"https:\/\/blowbar.ee\/?post_type=product&#038;p=34966"},"modified":"2025-03-18T19:22:33","modified_gmt":"2025-03-18T19:22:33","slug":"balmain-varvitud-juuste-hoolduskomplekt-couleurs-couture-care-set","status":"publish","type":"product","link":"https:\/\/hairdeluxe.ee\/ru\/product\/balmain-varvitud-juuste-hoolduskomplekt-couleurs-couture-care-set\/","title":{"rendered":"BALMAIN HAIR v\u00e4rvitud juuste hoolduskomplekt \/ Couleurs Couture Care Set"},"content":{"rendered":"<p class=\"product-title product_title entry-title\"><strong>Balmain Hair Couleurs Couture Shampoo 300ml<br \/>\n<\/strong><strong><em>Koostis:\u00a0<\/em><\/strong><em>Aqua, Sodium Laureth Sulfate, Cocamidopropyl, Hydroxysultaine, Cocamidopropyl Betaine, Polysorbate 20, Glycerin, Sodium Lauroyl Methyl Isethionate, Glycol Distearate, Betaine, PEG-40 Hydrogenated Castor Oil, Hydrolyzed Keratin, Silk Amino Acids, Argania Spinosa Kernel Oil, Helianthus Annuus Seed Oil, Macadamia Ternifolia Seed Oil, Cocos Nucifera Oil, Glycine Soja Oil, Gardenia Tahitensis Flower Extract, Rosmarinus Officinalis Leaf Extract, Chenopodium Quinoa Seed Extract, Tocopherol, Aloe Barbadensis Leaf Juice, Sodium Hyaluronate, Tocopheryl Acetate, Panthenol, Pantolactone, Allantoin, Guar Hydroxypropyltrimonium Chloride, Polyquaternium-53, Amodimethicone\/Morpholinomethyl Silsesquioxane, Trideceth-5, Dimethylpabamidopropyl Lauryldimonium Tosylate, Benzophenone-4, Parfum, Phenoxyethanol, Sodium Benzoate, Benzoic Acid, Acrylates Crosspolymer-4, PEG\/PPG-15\/15 Dimethicone, Iodopropynyl Butylcarbamate, Trisodium Ethylenediamine Disuccinate, PEG-150 Pentaerythrityl Tetrastearate, PEG-6 Caprylic\/Capric Glycerides, Sodium Chloride, Sodium Hydroxide, Lactic Acid, Laureth-4, Sorbic Acid, Dimethicone, PCA Dimethicone Crosspolymer, Butylene Glycol, Caprylyl Clycol, Hexylene Glycol, Citric Acid.<\/em><\/p>\n<p class=\"product-title product_title entry-title\"><strong>Balmain Hair Couleurs Couture Conditioner 300ml<br \/>\n<\/strong><em><strong>Koostis:\u00a0<\/strong><\/em><em>Aqua, Cetyl Alcohol, Glycerin, Behentrimonium Chloride, Betaine, Ethylhexyl Palmitate, Hydrolyzed Keratin, Silk Amino Acids, Argania Spinosa Kernel Oil, Helianthus Annuus Seed Oil, Macadamia Ternifolia Seed Oil, Cocos Nucifera Oil, Glycine Soja Oil, Gardenia Tahitensis Flower Extract, Rosmarinus Officinalis Leaf Extract, Chenopodium Quinoa Seed Extract, Tocopherol, Aloe Barbadensis Leaf Juice, Sodium Hyaluronate, Tocopheryl Acetate, Panthenol, Silicone Quaternium-16, Isopropyl Alcohol, Undeceth-11, Butyloctanol, Undeceth-5, Iodopropynyl Butylcarbamate, Polyquaternium-53, Dipropylene Glycol, Polysilicone-19, Ethylhexyl Methoxycinnamate, Hydroxyethylcellulose, Phenoxyethanol, Ethylhexylglycerin, Lactic Acid, Benzoic Acid, Sodium Benzoate, Parfum, Pantolactone, Allantoin, Citric Acid, Sorbic Acid.<\/em><\/p>\n<p class=\"product-title product_title entry-title\"><strong>Balmain Hair\u00a0Moisturizing Styling Cream 150ml<br \/>\n<\/strong><em><b>Koostis:\u00a0<\/b>Aqua, Cetyl Alcohol, Propylene Glycol, Ethylhexyl Palmitate, Glyceryl Stearate, Ceteareth-20, Argania Spinosa Kernel Oil, Silk Amino Acids, Panthenol, Tocopheryl Acetate, Hydrolyzed Vegetable Protein PG-propyl Silanetriol, Cetrimonium Chloride, Polyquaternium-7, Ethylhexy Methoxycinnamate, Dimethicone, Polyquaternium-37, Propylene Glycol Dicaprylate Dicaprate, PPG-1 Trideceth-6, C10-11 Isoparaffin, Sorbitan Oleate, Acrylates\/Stearyl Methacrylate Copolymer, Pantolactone, Citric Acid, Parfum, Phenoxyethanol, Ethylhexylglycerin, Potassium Sorbate, Disodium EDTA, Benzoic Acid.<\/em><\/p>\n<p>&nbsp;<\/p>\n","protected":false},"excerpt":{"rendered":"<p>Couleurs Couture kinkekomplekt sisaldab kolme olulist hooldustoodet, mis on spetsiaalselt loodud v\u00e4rvitud juustele. Hooldustoodete komplekt on pakitud kaunisse kingipakendisse, mis on inspireeritud moemaja signatuurv\u00e4rvidest.<br \/>\nCouleurs Couture \u0161ampoon ja palsam soodustavad v\u00e4rvide pikaealisust, parandavad, tugevdavad ja elustavad juukseid s\u00fcgavalt seestpoolt. Niisutav stiliseerimiskreem annab t\u00e4iusliku hoidvuse juuste kujundamisel, lokitamisel v\u00f5i f\u00f6\u00f6niga kuivatamise ajal.<br \/>\n&#8212; Unikaalne siidi aminohapete ja ka\u0161miirvalgu kombinatsioon<br \/>\n&#8212; Edendab v\u00e4rvide pikaealisust<br \/>\n&#8212; Taastab juukseid s\u00fcgavalt seestpoolt<\/p>\n<p><strong>Kinkekomplekt sisaldab:<\/strong><br \/>\n&#8212; Couleurs Couture Shampoo 300ml<br \/>\n&#8212; Couleurs Couture Conditioner 300ml<br \/>\n&#8212; Moisturizing Styling Cream 150m<\/p>\n","protected":false},"featured_media":24404,"template":"","meta":[],"product_brand":[464],"product_cat":[266,265,206,114,208,210,129,130,121,227,282,196],"product_tag":[],"class_list":{"0":"post-34966","1":"product","2":"type-product","3":"status-publish","4":"has-post-thumbnail","6":"product_brand-balmain-hair","7":"product_cat-balmain-hair","8":"product_cat-brandid","9":"product_cat-erikollektsioonid","10":"product_cat-eripakkumised","11":"product_cat-juuksehooldus","12":"product_cat-kaitse","13":"product_cat-kingitused","14":"product_cat-kinkekomplektid","15":"product_cat-koik-tooted","16":"product_cat-shampoonid","17":"product_cat-varvitud-juustele-couleurs-couture","18":"product_cat-viimistlus","20":"first","21":"instock","22":"taxable","23":"shipping-taxable","24":"purchasable","25":"product-type-simple","26":"add-to-wishlist-after_add_to_cart"},"yoast_head":"<!-- This site is optimized with the Yoast SEO plugin v27.5 - https:\/\/yoast.com\/product\/yoast-seo-wordpress\/ -->\n<title>BALMAIN HAIR v\u00e4rvitud juuste hoolduskomplekt \/ Couleurs Couture Care Set - Hair Deluxe<\/title>\n<meta name=\"robots\" content=\"index, follow, max-snippet:-1, max-image-preview:large, max-video-preview:-1\" \/>\n<link rel=\"canonical\" href=\"https:\/\/hairdeluxe.ee\/ru\/product\/balmain-varvitud-juuste-hoolduskomplekt-couleurs-couture-care-set\/\" \/>\n<meta property=\"og:locale\" content=\"ru_RU\" \/>\n<meta property=\"og:type\" content=\"article\" \/>\n<meta property=\"og:title\" content=\"BALMAIN HAIR v\u00e4rvitud juuste hoolduskomplekt \/ Couleurs Couture Care Set - Hair Deluxe\" \/>\n<meta property=\"og:description\" content=\"Couleurs Couture kinkekomplekt sisaldab kolme olulist hooldustoodet, mis on spetsiaalselt loodud v\u00e4rvitud juustele. Hooldustoodete komplekt on pakitud kaunisse kingipakendisse, mis on inspireeritud moemaja signatuurv\u00e4rvidest. Couleurs Couture \u0161ampoon ja palsam soodustavad v\u00e4rvide pikaealisust, parandavad, tugevdavad ja elustavad juukseid s\u00fcgavalt seestpoolt. Niisutav stiliseerimiskreem annab t\u00e4iusliku hoidvuse juuste kujundamisel, lokitamisel v\u00f5i f\u00f6\u00f6niga kuivatamise ajal. - Unikaalne siidi aminohapete ja ka\u0161miirvalgu kombinatsioon - Edendab v\u00e4rvide pikaealisust - Taastab juukseid s\u00fcgavalt seestpoolt  Kinkekomplekt sisaldab: - Couleurs Couture Shampoo 300ml - Couleurs Couture Conditioner 300ml - Moisturizing Styling Cream 150m\" \/>\n<meta property=\"og:url\" content=\"https:\/\/hairdeluxe.ee\/ru\/product\/balmain-varvitud-juuste-hoolduskomplekt-couleurs-couture-care-set\/\" \/>\n<meta property=\"og:site_name\" content=\"Hair Deluxe\" \/>\n<meta property=\"article:publisher\" content=\"https:\/\/www.facebook.com\/blowbartallinn\" \/>\n<meta property=\"article:modified_time\" content=\"2025-03-18T19:22:33+00:00\" \/>\n<meta property=\"og:image\" content=\"https:\/\/hairdeluxe.ee\/wp-content\/uploads\/2021\/10\/balmainhair_care_limitededition_couleurscouturecareset_le_cs_s_set_cc_fw21_800x800.jpg\" \/>\n\t<meta property=\"og:image:width\" content=\"800\" \/>\n\t<meta property=\"og:image:height\" content=\"800\" \/>\n\t<meta property=\"og:image:type\" content=\"image\/jpeg\" \/>\n<meta name=\"twitter:card\" content=\"summary_large_image\" \/>\n<meta name=\"twitter:label1\" content=\"\u041f\u0440\u0438\u043c\u0435\u0440\u043d\u043e\u0435 \u0432\u0440\u0435\u043c\u044f \u0434\u043b\u044f \u0447\u0442\u0435\u043d\u0438\u044f\" \/>\n\t<meta name=\"twitter:data1\" content=\"1 \u043c\u0438\u043d\u0443\u0442\u0430\" \/>\n<script type=\"application\/ld+json\" class=\"yoast-schema-graph\">{\"@context\":\"https:\\\/\\\/schema.org\",\"@graph\":[{\"@type\":\"WebPage\",\"@id\":\"https:\\\/\\\/hairdeluxe.ee\\\/ru\\\/product\\\/balmain-varvitud-juuste-hoolduskomplekt-couleurs-couture-care-set\\\/\",\"url\":\"https:\\\/\\\/hairdeluxe.ee\\\/ru\\\/product\\\/balmain-varvitud-juuste-hoolduskomplekt-couleurs-couture-care-set\\\/\",\"name\":\"BALMAIN HAIR v\u00e4rvitud juuste hoolduskomplekt \\\/ Couleurs Couture Care Set - Hair Deluxe\",\"isPartOf\":{\"@id\":\"https:\\\/\\\/hairdeluxe.ee\\\/ru\\\/#website\"},\"primaryImageOfPage\":{\"@id\":\"https:\\\/\\\/hairdeluxe.ee\\\/ru\\\/product\\\/balmain-varvitud-juuste-hoolduskomplekt-couleurs-couture-care-set\\\/#primaryimage\"},\"image\":{\"@id\":\"https:\\\/\\\/hairdeluxe.ee\\\/ru\\\/product\\\/balmain-varvitud-juuste-hoolduskomplekt-couleurs-couture-care-set\\\/#primaryimage\"},\"thumbnailUrl\":\"https:\\\/\\\/hairdeluxe.ee\\\/wp-content\\\/uploads\\\/2021\\\/10\\\/balmainhair_care_limitededition_couleurscouturecareset_le_cs_s_set_cc_fw21_800x800.jpg\",\"datePublished\":\"2024-02-03T07:07:31+00:00\",\"dateModified\":\"2025-03-18T19:22:33+00:00\",\"breadcrumb\":{\"@id\":\"https:\\\/\\\/hairdeluxe.ee\\\/ru\\\/product\\\/balmain-varvitud-juuste-hoolduskomplekt-couleurs-couture-care-set\\\/#breadcrumb\"},\"inLanguage\":\"ru-RU\",\"potentialAction\":[{\"@type\":\"ReadAction\",\"target\":[\"https:\\\/\\\/hairdeluxe.ee\\\/ru\\\/product\\\/balmain-varvitud-juuste-hoolduskomplekt-couleurs-couture-care-set\\\/\"]}]},{\"@type\":\"ImageObject\",\"inLanguage\":\"ru-RU\",\"@id\":\"https:\\\/\\\/hairdeluxe.ee\\\/ru\\\/product\\\/balmain-varvitud-juuste-hoolduskomplekt-couleurs-couture-care-set\\\/#primaryimage\",\"url\":\"https:\\\/\\\/hairdeluxe.ee\\\/wp-content\\\/uploads\\\/2021\\\/10\\\/balmainhair_care_limitededition_couleurscouturecareset_le_cs_s_set_cc_fw21_800x800.jpg\",\"contentUrl\":\"https:\\\/\\\/hairdeluxe.ee\\\/wp-content\\\/uploads\\\/2021\\\/10\\\/balmainhair_care_limitededition_couleurscouturecareset_le_cs_s_set_cc_fw21_800x800.jpg\",\"width\":800,\"height\":800},{\"@type\":\"BreadcrumbList\",\"@id\":\"https:\\\/\\\/hairdeluxe.ee\\\/ru\\\/product\\\/balmain-varvitud-juuste-hoolduskomplekt-couleurs-couture-care-set\\\/#breadcrumb\",\"itemListElement\":[{\"@type\":\"ListItem\",\"position\":1,\"name\":\"Home\",\"item\":\"https:\\\/\\\/hairdeluxe.ee\\\/ru\\\/\"},{\"@type\":\"ListItem\",\"position\":2,\"name\":\"\u041c\u0430\u0433\u0430\u0437\u0438\u043d\",\"item\":\"https:\\\/\\\/hairdeluxe.ee\\\/ru\\\/shop\\\/\"},{\"@type\":\"ListItem\",\"position\":3,\"name\":\"BALMAIN HAIR v\u00e4rvitud juuste hoolduskomplekt \\\/ Couleurs Couture Care Set\"}]},{\"@type\":\"WebSite\",\"@id\":\"https:\\\/\\\/hairdeluxe.ee\\\/ru\\\/#website\",\"url\":\"https:\\\/\\\/hairdeluxe.ee\\\/ru\\\/\",\"name\":\"Hair Deluxe\",\"description\":\"Highlight your natural beauty\",\"publisher\":{\"@id\":\"https:\\\/\\\/hairdeluxe.ee\\\/ru\\\/#organization\"},\"potentialAction\":[{\"@type\":\"SearchAction\",\"target\":{\"@type\":\"EntryPoint\",\"urlTemplate\":\"https:\\\/\\\/hairdeluxe.ee\\\/ru\\\/?s={search_term_string}\"},\"query-input\":{\"@type\":\"PropertyValueSpecification\",\"valueRequired\":true,\"valueName\":\"search_term_string\"}}],\"inLanguage\":\"ru-RU\"},{\"@type\":\"Organization\",\"@id\":\"https:\\\/\\\/hairdeluxe.ee\\\/ru\\\/#organization\",\"name\":\"Hair Deluxe\",\"url\":\"https:\\\/\\\/hairdeluxe.ee\\\/ru\\\/\",\"logo\":{\"@type\":\"ImageObject\",\"inLanguage\":\"ru-RU\",\"@id\":\"https:\\\/\\\/hairdeluxe.ee\\\/ru\\\/#\\\/schema\\\/logo\\\/image\\\/\",\"url\":\"https:\\\/\\\/hairdeluxe.ee\\\/wp-content\\\/uploads\\\/2024\\\/06\\\/Hair-Deluxe-Logo-Dark-font.png\",\"contentUrl\":\"https:\\\/\\\/hairdeluxe.ee\\\/wp-content\\\/uploads\\\/2024\\\/06\\\/Hair-Deluxe-Logo-Dark-font.png\",\"width\":467,\"height\":177,\"caption\":\"Hair Deluxe\"},\"image\":{\"@id\":\"https:\\\/\\\/hairdeluxe.ee\\\/ru\\\/#\\\/schema\\\/logo\\\/image\\\/\"},\"sameAs\":[\"https:\\\/\\\/www.facebook.com\\\/blowbartallinn\",\"https:\\\/\\\/www.instagram.com\\\/blowbar_tallinn\"]}]}<\/script>\n<!-- \/ Yoast SEO plugin. -->","yoast_head_json":{"title":"BALMAIN HAIR v\u00e4rvitud juuste hoolduskomplekt \/ Couleurs Couture Care Set - Hair Deluxe","robots":{"index":"index","follow":"follow","max-snippet":"max-snippet:-1","max-image-preview":"max-image-preview:large","max-video-preview":"max-video-preview:-1"},"canonical":"https:\/\/hairdeluxe.ee\/ru\/product\/balmain-varvitud-juuste-hoolduskomplekt-couleurs-couture-care-set\/","og_locale":"ru_RU","og_type":"article","og_title":"BALMAIN HAIR v\u00e4rvitud juuste hoolduskomplekt \/ Couleurs Couture Care Set - Hair Deluxe","og_description":"Couleurs Couture kinkekomplekt sisaldab kolme olulist hooldustoodet, mis on spetsiaalselt loodud v\u00e4rvitud juustele. Hooldustoodete komplekt on pakitud kaunisse kingipakendisse, mis on inspireeritud moemaja signatuurv\u00e4rvidest. Couleurs Couture \u0161ampoon ja palsam soodustavad v\u00e4rvide pikaealisust, parandavad, tugevdavad ja elustavad juukseid s\u00fcgavalt seestpoolt. Niisutav stiliseerimiskreem annab t\u00e4iusliku hoidvuse juuste kujundamisel, lokitamisel v\u00f5i f\u00f6\u00f6niga kuivatamise ajal. - Unikaalne siidi aminohapete ja ka\u0161miirvalgu kombinatsioon - Edendab v\u00e4rvide pikaealisust - Taastab juukseid s\u00fcgavalt seestpoolt  Kinkekomplekt sisaldab: - Couleurs Couture Shampoo 300ml - Couleurs Couture Conditioner 300ml - Moisturizing Styling Cream 150m","og_url":"https:\/\/hairdeluxe.ee\/ru\/product\/balmain-varvitud-juuste-hoolduskomplekt-couleurs-couture-care-set\/","og_site_name":"Hair Deluxe","article_publisher":"https:\/\/www.facebook.com\/blowbartallinn","article_modified_time":"2025-03-18T19:22:33+00:00","og_image":[{"width":800,"height":800,"url":"https:\/\/hairdeluxe.ee\/wp-content\/uploads\/2021\/10\/balmainhair_care_limitededition_couleurscouturecareset_le_cs_s_set_cc_fw21_800x800.jpg","type":"image\/jpeg"}],"twitter_card":"summary_large_image","twitter_misc":{"\u041f\u0440\u0438\u043c\u0435\u0440\u043d\u043e\u0435 \u0432\u0440\u0435\u043c\u044f \u0434\u043b\u044f \u0447\u0442\u0435\u043d\u0438\u044f":"1 \u043c\u0438\u043d\u0443\u0442\u0430"},"schema":{"@context":"https:\/\/schema.org","@graph":[{"@type":"WebPage","@id":"https:\/\/hairdeluxe.ee\/ru\/product\/balmain-varvitud-juuste-hoolduskomplekt-couleurs-couture-care-set\/","url":"https:\/\/hairdeluxe.ee\/ru\/product\/balmain-varvitud-juuste-hoolduskomplekt-couleurs-couture-care-set\/","name":"BALMAIN HAIR v\u00e4rvitud juuste hoolduskomplekt \/ Couleurs Couture Care Set - Hair Deluxe","isPartOf":{"@id":"https:\/\/hairdeluxe.ee\/ru\/#website"},"primaryImageOfPage":{"@id":"https:\/\/hairdeluxe.ee\/ru\/product\/balmain-varvitud-juuste-hoolduskomplekt-couleurs-couture-care-set\/#primaryimage"},"image":{"@id":"https:\/\/hairdeluxe.ee\/ru\/product\/balmain-varvitud-juuste-hoolduskomplekt-couleurs-couture-care-set\/#primaryimage"},"thumbnailUrl":"https:\/\/hairdeluxe.ee\/wp-content\/uploads\/2021\/10\/balmainhair_care_limitededition_couleurscouturecareset_le_cs_s_set_cc_fw21_800x800.jpg","datePublished":"2024-02-03T07:07:31+00:00","dateModified":"2025-03-18T19:22:33+00:00","breadcrumb":{"@id":"https:\/\/hairdeluxe.ee\/ru\/product\/balmain-varvitud-juuste-hoolduskomplekt-couleurs-couture-care-set\/#breadcrumb"},"inLanguage":"ru-RU","potentialAction":[{"@type":"ReadAction","target":["https:\/\/hairdeluxe.ee\/ru\/product\/balmain-varvitud-juuste-hoolduskomplekt-couleurs-couture-care-set\/"]}]},{"@type":"ImageObject","inLanguage":"ru-RU","@id":"https:\/\/hairdeluxe.ee\/ru\/product\/balmain-varvitud-juuste-hoolduskomplekt-couleurs-couture-care-set\/#primaryimage","url":"https:\/\/hairdeluxe.ee\/wp-content\/uploads\/2021\/10\/balmainhair_care_limitededition_couleurscouturecareset_le_cs_s_set_cc_fw21_800x800.jpg","contentUrl":"https:\/\/hairdeluxe.ee\/wp-content\/uploads\/2021\/10\/balmainhair_care_limitededition_couleurscouturecareset_le_cs_s_set_cc_fw21_800x800.jpg","width":800,"height":800},{"@type":"BreadcrumbList","@id":"https:\/\/hairdeluxe.ee\/ru\/product\/balmain-varvitud-juuste-hoolduskomplekt-couleurs-couture-care-set\/#breadcrumb","itemListElement":[{"@type":"ListItem","position":1,"name":"Home","item":"https:\/\/hairdeluxe.ee\/ru\/"},{"@type":"ListItem","position":2,"name":"\u041c\u0430\u0433\u0430\u0437\u0438\u043d","item":"https:\/\/hairdeluxe.ee\/ru\/shop\/"},{"@type":"ListItem","position":3,"name":"BALMAIN HAIR v\u00e4rvitud juuste hoolduskomplekt \/ Couleurs Couture Care Set"}]},{"@type":"WebSite","@id":"https:\/\/hairdeluxe.ee\/ru\/#website","url":"https:\/\/hairdeluxe.ee\/ru\/","name":"Hair Deluxe","description":"Highlight your natural beauty","publisher":{"@id":"https:\/\/hairdeluxe.ee\/ru\/#organization"},"potentialAction":[{"@type":"SearchAction","target":{"@type":"EntryPoint","urlTemplate":"https:\/\/hairdeluxe.ee\/ru\/?s={search_term_string}"},"query-input":{"@type":"PropertyValueSpecification","valueRequired":true,"valueName":"search_term_string"}}],"inLanguage":"ru-RU"},{"@type":"Organization","@id":"https:\/\/hairdeluxe.ee\/ru\/#organization","name":"Hair Deluxe","url":"https:\/\/hairdeluxe.ee\/ru\/","logo":{"@type":"ImageObject","inLanguage":"ru-RU","@id":"https:\/\/hairdeluxe.ee\/ru\/#\/schema\/logo\/image\/","url":"https:\/\/hairdeluxe.ee\/wp-content\/uploads\/2024\/06\/Hair-Deluxe-Logo-Dark-font.png","contentUrl":"https:\/\/hairdeluxe.ee\/wp-content\/uploads\/2024\/06\/Hair-Deluxe-Logo-Dark-font.png","width":467,"height":177,"caption":"Hair Deluxe"},"image":{"@id":"https:\/\/hairdeluxe.ee\/ru\/#\/schema\/logo\/image\/"},"sameAs":["https:\/\/www.facebook.com\/blowbartallinn","https:\/\/www.instagram.com\/blowbar_tallinn"]}]}},"_links":{"self":[{"href":"https:\/\/hairdeluxe.ee\/ru\/wp-json\/wp\/v2\/product\/34966","targetHints":{"allow":["GET"]}}],"collection":[{"href":"https:\/\/hairdeluxe.ee\/ru\/wp-json\/wp\/v2\/product"}],"about":[{"href":"https:\/\/hairdeluxe.ee\/ru\/wp-json\/wp\/v2\/types\/product"}],"wp:featuredmedia":[{"embeddable":true,"href":"https:\/\/hairdeluxe.ee\/ru\/wp-json\/wp\/v2\/media\/24404"}],"wp:attachment":[{"href":"https:\/\/hairdeluxe.ee\/ru\/wp-json\/wp\/v2\/media?parent=34966"}],"wp:term":[{"taxonomy":"product_brand","embeddable":true,"href":"https:\/\/hairdeluxe.ee\/ru\/wp-json\/wp\/v2\/product_brand?post=34966"},{"taxonomy":"product_cat","embeddable":true,"href":"https:\/\/hairdeluxe.ee\/ru\/wp-json\/wp\/v2\/product_cat?post=34966"},{"taxonomy":"product_tag","embeddable":true,"href":"https:\/\/hairdeluxe.ee\/ru\/wp-json\/wp\/v2\/product_tag?post=34966"}],"curies":[{"name":"wp","href":"https:\/\/api.w.org\/{rel}","templated":true}]}}