{"id":34967,"date":"2024-02-03T09:07:31","date_gmt":"2024-02-03T07:07:31","guid":{"rendered":"https:\/\/blowbar.ee\/?post_type=product&#038;p=34967"},"modified":"2025-03-18T19:22:33","modified_gmt":"2025-03-18T19:22:33","slug":"balmain-juukseid-sugavuti-niisutav-hoolduskomplekt-moisturizing-gift-set","status":"publish","type":"product","link":"https:\/\/hairdeluxe.ee\/ru\/product\/balmain-juukseid-sugavuti-niisutav-hoolduskomplekt-moisturizing-gift-set\/","title":{"rendered":"BALMAIN HAIR juukseid s\u00fcgavuti niisutav hoolduskomplekt \/ Moisturizing Gift Set"},"content":{"rendered":"<p class=\"product-title product_title entry-title\"><strong>Balmain Hair Moisturizing Shampoo 300ml<br \/>\n<\/strong><strong><em>Koostis:\u00a0<\/em><\/strong><em>Aqua, Sodium Laureth Sulfate, Cocamidopropyl Hydroxysultaine, Disodium Cocoamphodiacetate, Decyl Glucoside, Glycerin, Glycol Distearate, Argania Spinosa Kernel Oil, Silk Amino Acids, Panthenol, Polyquaternium-53, Cocamidopropyl Betaine, Laureth-4, Dimethylpabamidopropyl Lauryldimonium Tosylate, Ethylhexyl Methoxycinnamate, Amodimethicone\/Morpholinomethyl Silsesquioxane Copolymer, Peg\/Ppg-15\/15 Dimethicone, Trideceth-5, Polyquaternium-10, Parfum, Xanthan Gum, Peg-18 Glyceryl Oleate\/Cocoate, Phenoxyethanol, Iodopropynyl Butylcarbamate, Lactic Acid. <\/em><\/p>\n<p class=\"product-title product_title entry-title\"><strong>Balmain Hair Moisturizing Conditioner 300ml<br \/>\n<\/strong><strong><em>Koostis:\u00a0<\/em><\/strong><em>Aqua, Cetearyl Alcohol, Behentrimonium Chloride, Dipalmitoylethyl Hydroxyethylmonium Methosulfate , Bis-Diglyceryl Polyacyladipate-2, Cetrimonium Chloride, Argania Spinosa Kernel Oil, Silk Amino Acids, Panthenol, Dimethylpabamidopropyl Lauryldimonium Tosylate, Propylene Glycol Stearate, Ceteareth-20, Quaternium-80, Polyquaternium-16, Ethylhexyl Methoxycinnamate, Phenoxyethanol, Ethylhexylglycerin, Parfum, Citric Acid.<\/em><\/p>\n<p class=\"product-title product_title entry-title\"><strong>Balmain Hair Moisturizing Repair Mask 200ml<br \/>\n<\/strong><strong><em>Koostis:\u00a0<\/em><\/strong><em>Aqua, Butyrospermum Parkii Butter, Argania Spinosa Kernel Oil, Quaternium-91, Betaine, Olus, Silk Amino Acids, Tocopheryl Acetate, Panthenol, Cetrimonium Methosulfate, Hydrolyzed Vegetable Protein PG- propyl Silanetriol, Cetrimonium Chloride, Ceteareth-20, Phenoxyethanol, Ethylhexylglycerin, Ethylhexyl Methoxycinnamate, Parfum, Citric Acid.<\/em><\/p>\n","protected":false},"excerpt":{"rendered":"<div>\n<p>T\u00e4ielik Balmain Hair niisutav hoolduskomplekt on n\u00fc\u00fcd saadaval limiteeritud koguses kaunis kinkepakendis. See v\u00e4ga toitev ja juukseid s\u00fcgavuti niisutav kollektsioon loomulikele v\u00f5i v\u00e4rvitud juustele on rikastatud puhta orgaanilise argaania\u00f5liga, mis taaselustab, kaitseb ja annab loomuliku s\u00e4ra ning elastsuse. Ainulaadne tootevalik kergelt hallatavate, pehmete, l\u00e4ikivate ja terve v\u00e4limusega juustele.<br \/>\nNiisutava sarja hooldusvahendid on rikastatud parimate koostisosadega saavutamaks juustele optimaalne tulemus. UV-kaitse lisab juustele kaitset UV-kiirguse vastu, laskmata juuste v\u00e4rvusel tuhmuda. V\u00e4rvitud juustele annab see kauap\u00fcsiva v\u00e4rske tulemuse ning briljantse s\u00e4ra. Provitamiin B5 aitab parandada niiskuse s\u00e4ilivust, hoiab juuksed elastsete, tugevate ja paindlikutena. Toode rahustab \u00fchtlasi \u00e4rritunud ja \u00f5rna peanahka, muutes juukseid pehmemaks ning lisades rikkalikku s\u00e4ra. Toimeaine ergutab juukseid veel ekstra B-vitamiiniga, muutes juuksed tihedamaks ja stimuleerides juuste kasvu.<span class=\"apple-converted-space\">\u00a0<\/span><strong>Aitab v\u00e4ltida juuste v\u00e4ljalangemist!<\/strong><br \/>\nUus, t\u00e4iustatud koostisega niisutav \u0161ampoon toidab ja niisutab juukseid s\u00fcgavuti. Selle koostis on rikastatud puhta orgaanilise argaania\u00f5liga. Sobib keemiliselt t\u00f6\u00f6deldud ja\/v\u00f5i v\u00e4rvitud juustele. Muudab juuksed tugevaks, s\u00e4ravaks ja kergesti k\u00e4sitletavaks ning kammitavaks. Toidab, taastab ja annab juustele loomulikku s\u00e4ra ja elastsust. Siidiproteiin ja argaania\u00f5li s\u00e4ilitavad optimaalse niiskustaseme juustes, parandavad ja kaitsevad kahjustunud, kuivi ning n\u00f5rkasid juukseid kahjulike keskkonnam\u00f5jude eest. Balmain Hair signatuurl\u00f5hnaga. Parabeenivaba.<\/p>\n<\/div>\n<div>\n<p><strong>Kasutamine<\/strong>: Peske juukseid niisutava \u0161ampooniga, masseerige \u00f5rnalt ja loputage juukseid p\u00f5hjalikult. Kasutage juukseid s\u00fcgavuti niisutavat maski juuste t\u00e4iendavaks toitmiseks ja kaitsmiseks. J\u00e4tke mask m\u00f5neks minutiks p\u00e4he ja seej\u00e4rel loputage hoolikalt. Kandke palsam niisketele puhastele juustele ja loputage 3 minuti p\u00e4rast.<\/p>\n<\/div>\n<div>\n<p><strong>Soovitus:<\/strong><span class=\"apple-converted-space\">\u00a0<\/span>Loputage juukseid jaheda veega \u2013 l\u00e4htuvalt jaheda vee pH-tasemest, talletuvad \u0161ampooni kasulikud komponendid juustesse ning annavad neile kauni s\u00e4ra.<\/p>\n<\/div>\n<div>\n<p><strong>Kinkekomplekt sisaldab:<\/strong><br role=\"presentation\" \/><span role=\"presentation\">&#8212; Moisturizing Shampoo 300ml<\/span><br role=\"presentation\" \/><span role=\"presentation\">&#8212; Moisturizing Conditioner 300ml<\/span><br role=\"presentation\" \/><span role=\"presentation\">&#8212; Moisturizing Mask 200m<\/span><span lang=\"ET\">l<\/span><\/p>\n<\/div>\n<p><a href=\"https:\/\/www.balmainhair.ee\/toode\/balmain-moisturizing-conditioner-300ml\/\">Vaata lisaks: BALMAIN Hair niisutav juuste palsam \/ Moisturizing Conditioner, 300ml<\/a><\/p>\n","protected":false},"featured_media":39253,"template":"","meta":[],"product_brand":[464],"product_cat":[266],"product_tag":[],"class_list":{"0":"post-34967","1":"product","2":"type-product","3":"status-publish","4":"has-post-thumbnail","6":"product_brand-balmain-hair","7":"product_cat-balmain-hair","9":"first","10":"outofstock","11":"taxable","12":"shipping-taxable","13":"purchasable","14":"product-type-simple","15":"add-to-wishlist-after_add_to_cart"},"yoast_head":"<!-- This site is optimized with the Yoast SEO plugin v27.4 - https:\/\/yoast.com\/product\/yoast-seo-wordpress\/ -->\n<title>BALMAIN HAIR juukseid s\u00fcgavuti niisutav hoolduskomplekt \/ Moisturizing Gift Set - Hair Deluxe<\/title>\n<meta name=\"robots\" content=\"index, follow, max-snippet:-1, max-image-preview:large, max-video-preview:-1\" \/>\n<link rel=\"canonical\" href=\"https:\/\/hairdeluxe.ee\/ru\/product\/balmain-juukseid-sugavuti-niisutav-hoolduskomplekt-moisturizing-gift-set\/\" \/>\n<meta property=\"og:locale\" content=\"ru_RU\" \/>\n<meta property=\"og:type\" content=\"article\" \/>\n<meta property=\"og:title\" content=\"BALMAIN HAIR juukseid s\u00fcgavuti niisutav hoolduskomplekt \/ Moisturizing Gift Set - Hair Deluxe\" \/>\n<meta property=\"og:description\" content=\"T\u00e4ielik Balmain Hair niisutav hoolduskomplekt on n\u00fc\u00fcd saadaval limiteeritud koguses kaunis kinkepakendis. See v\u00e4ga toitev ja juukseid s\u00fcgavuti niisutav kollektsioon loomulikele v\u00f5i v\u00e4rvitud juustele on rikastatud puhta orgaanilise argaania\u00f5liga, mis taaselustab, kaitseb ja annab loomuliku s\u00e4ra ning elastsuse. Ainulaadne tootevalik kergelt hallatavate, pehmete, l\u00e4ikivate ja terve v\u00e4limusega juustele. Niisutava sarja hooldusvahendid on rikastatud parimate koostisosadega saavutamaks juustele optimaalne tulemus. UV-kaitse lisab juustele kaitset UV-kiirguse vastu, laskmata juuste v\u00e4rvusel tuhmuda. V\u00e4rvitud juustele annab see kauap\u00fcsiva v\u00e4rske tulemuse ning briljantse s\u00e4ra. Provitamiin B5 aitab parandada niiskuse s\u00e4ilivust, hoiab juuksed elastsete, tugevate ja paindlikutena. Toode rahustab \u00fchtlasi \u00e4rritunud ja \u00f5rna peanahka, muutes juukseid pehmemaks ning lisades rikkalikku s\u00e4ra. Toimeaine ergutab juukseid veel ekstra B-vitamiiniga, muutes juuksed tihedamaks ja stimuleerides juuste kasvu.\u00a0Aitab v\u00e4ltida juuste v\u00e4ljalangemist! Uus, t\u00e4iustatud koostisega niisutav \u0161ampoon toidab ja niisutab juukseid s\u00fcgavuti. Selle koostis on rikastatud puhta orgaanilise argaania\u00f5liga. Sobib keemiliselt t\u00f6\u00f6deldud ja\/v\u00f5i v\u00e4rvitud juustele. Muudab juuksed tugevaks, s\u00e4ravaks ja kergesti k\u00e4sitletavaks ning kammitavaks. Toidab, taastab ja annab juustele loomulikku s\u00e4ra ja elastsust. Siidiproteiin ja argaania\u00f5li s\u00e4ilitavad optimaalse niiskustaseme juustes, parandavad ja kaitsevad kahjustunud, kuivi ning n\u00f5rkasid juukseid kahjulike keskkonnam\u00f5jude eest. Balmain Hair signatuurl\u00f5hnaga. Parabeenivaba.     Kasutamine: Peske juukseid niisutava \u0161ampooniga, masseerige \u00f5rnalt ja loputage juukseid p\u00f5hjalikult. Kasutage juukseid s\u00fcgavuti niisutavat maski juuste t\u00e4iendavaks toitmiseks ja kaitsmiseks. J\u00e4tke mask m\u00f5neks minutiks p\u00e4he ja seej\u00e4rel loputage hoolikalt. Kandke palsam niisketele puhastele juustele ja loputage 3 minuti p\u00e4rast.     Soovitus:\u00a0Loputage juukseid jaheda veega \u2013 l\u00e4htuvalt jaheda vee pH-tasemest, talletuvad \u0161ampooni kasulikud komponendid juustesse ning annavad neile kauni s\u00e4ra.     Kinkekomplekt sisaldab:- Moisturizing Shampoo 300ml- Moisturizing Conditioner 300ml- Moisturizing Mask 200ml   Vaata lisaks: BALMAIN Hair niisutav juuste palsam \/ Moisturizing Conditioner, 300ml\" \/>\n<meta property=\"og:url\" content=\"https:\/\/hairdeluxe.ee\/ru\/product\/balmain-juukseid-sugavuti-niisutav-hoolduskomplekt-moisturizing-gift-set\/\" \/>\n<meta property=\"og:site_name\" content=\"Hair Deluxe\" \/>\n<meta property=\"article:publisher\" content=\"https:\/\/www.facebook.com\/blowbartallinn\" \/>\n<meta property=\"article:modified_time\" content=\"2025-03-18T19:22:33+00:00\" \/>\n<meta property=\"og:image\" content=\"https:\/\/hairdeluxe.ee\/wp-content\/uploads\/2024\/02\/balmain-hair-moisturizing-niisutav-shampoon-mask-palsam-conditioner-juuksed-soeng-juuksur.jpeg\" \/>\n\t<meta property=\"og:image:width\" content=\"400\" \/>\n\t<meta property=\"og:image:height\" content=\"400\" \/>\n\t<meta property=\"og:image:type\" content=\"image\/jpeg\" \/>\n<meta name=\"twitter:card\" content=\"summary_large_image\" \/>\n<meta name=\"twitter:label1\" content=\"\u041f\u0440\u0438\u043c\u0435\u0440\u043d\u043e\u0435 \u0432\u0440\u0435\u043c\u044f \u0434\u043b\u044f \u0447\u0442\u0435\u043d\u0438\u044f\" \/>\n\t<meta name=\"twitter:data1\" content=\"1 \u043c\u0438\u043d\u0443\u0442\u0430\" \/>\n<script type=\"application\/ld+json\" class=\"yoast-schema-graph\">{\"@context\":\"https:\\\/\\\/schema.org\",\"@graph\":[{\"@type\":\"WebPage\",\"@id\":\"https:\\\/\\\/hairdeluxe.ee\\\/ru\\\/product\\\/balmain-juukseid-sugavuti-niisutav-hoolduskomplekt-moisturizing-gift-set\\\/\",\"url\":\"https:\\\/\\\/hairdeluxe.ee\\\/ru\\\/product\\\/balmain-juukseid-sugavuti-niisutav-hoolduskomplekt-moisturizing-gift-set\\\/\",\"name\":\"BALMAIN HAIR juukseid s\u00fcgavuti niisutav hoolduskomplekt \\\/ Moisturizing Gift Set - Hair Deluxe\",\"isPartOf\":{\"@id\":\"https:\\\/\\\/hairdeluxe.ee\\\/ru\\\/#website\"},\"primaryImageOfPage\":{\"@id\":\"https:\\\/\\\/hairdeluxe.ee\\\/ru\\\/product\\\/balmain-juukseid-sugavuti-niisutav-hoolduskomplekt-moisturizing-gift-set\\\/#primaryimage\"},\"image\":{\"@id\":\"https:\\\/\\\/hairdeluxe.ee\\\/ru\\\/product\\\/balmain-juukseid-sugavuti-niisutav-hoolduskomplekt-moisturizing-gift-set\\\/#primaryimage\"},\"thumbnailUrl\":\"https:\\\/\\\/hairdeluxe.ee\\\/wp-content\\\/uploads\\\/2024\\\/02\\\/balmain-hair-moisturizing-niisutav-shampoon-mask-palsam-conditioner-juuksed-soeng-juuksur.jpeg\",\"datePublished\":\"2024-02-03T07:07:31+00:00\",\"dateModified\":\"2025-03-18T19:22:33+00:00\",\"breadcrumb\":{\"@id\":\"https:\\\/\\\/hairdeluxe.ee\\\/ru\\\/product\\\/balmain-juukseid-sugavuti-niisutav-hoolduskomplekt-moisturizing-gift-set\\\/#breadcrumb\"},\"inLanguage\":\"ru-RU\",\"potentialAction\":[{\"@type\":\"ReadAction\",\"target\":[\"https:\\\/\\\/hairdeluxe.ee\\\/ru\\\/product\\\/balmain-juukseid-sugavuti-niisutav-hoolduskomplekt-moisturizing-gift-set\\\/\"]}]},{\"@type\":\"ImageObject\",\"inLanguage\":\"ru-RU\",\"@id\":\"https:\\\/\\\/hairdeluxe.ee\\\/ru\\\/product\\\/balmain-juukseid-sugavuti-niisutav-hoolduskomplekt-moisturizing-gift-set\\\/#primaryimage\",\"url\":\"https:\\\/\\\/hairdeluxe.ee\\\/wp-content\\\/uploads\\\/2024\\\/02\\\/balmain-hair-moisturizing-niisutav-shampoon-mask-palsam-conditioner-juuksed-soeng-juuksur.jpeg\",\"contentUrl\":\"https:\\\/\\\/hairdeluxe.ee\\\/wp-content\\\/uploads\\\/2024\\\/02\\\/balmain-hair-moisturizing-niisutav-shampoon-mask-palsam-conditioner-juuksed-soeng-juuksur.jpeg\",\"width\":400,\"height\":400},{\"@type\":\"BreadcrumbList\",\"@id\":\"https:\\\/\\\/hairdeluxe.ee\\\/ru\\\/product\\\/balmain-juukseid-sugavuti-niisutav-hoolduskomplekt-moisturizing-gift-set\\\/#breadcrumb\",\"itemListElement\":[{\"@type\":\"ListItem\",\"position\":1,\"name\":\"Home\",\"item\":\"https:\\\/\\\/hairdeluxe.ee\\\/ru\\\/\"},{\"@type\":\"ListItem\",\"position\":2,\"name\":\"\u041c\u0430\u0433\u0430\u0437\u0438\u043d\",\"item\":\"https:\\\/\\\/hairdeluxe.ee\\\/ru\\\/shop\\\/\"},{\"@type\":\"ListItem\",\"position\":3,\"name\":\"BALMAIN HAIR juukseid s\u00fcgavuti niisutav hoolduskomplekt \\\/ Moisturizing Gift Set\"}]},{\"@type\":\"WebSite\",\"@id\":\"https:\\\/\\\/hairdeluxe.ee\\\/ru\\\/#website\",\"url\":\"https:\\\/\\\/hairdeluxe.ee\\\/ru\\\/\",\"name\":\"Hair Deluxe\",\"description\":\"Highlight your natural beauty\",\"publisher\":{\"@id\":\"https:\\\/\\\/hairdeluxe.ee\\\/ru\\\/#organization\"},\"potentialAction\":[{\"@type\":\"SearchAction\",\"target\":{\"@type\":\"EntryPoint\",\"urlTemplate\":\"https:\\\/\\\/hairdeluxe.ee\\\/ru\\\/?s={search_term_string}\"},\"query-input\":{\"@type\":\"PropertyValueSpecification\",\"valueRequired\":true,\"valueName\":\"search_term_string\"}}],\"inLanguage\":\"ru-RU\"},{\"@type\":\"Organization\",\"@id\":\"https:\\\/\\\/hairdeluxe.ee\\\/ru\\\/#organization\",\"name\":\"Hair Deluxe\",\"url\":\"https:\\\/\\\/hairdeluxe.ee\\\/ru\\\/\",\"logo\":{\"@type\":\"ImageObject\",\"inLanguage\":\"ru-RU\",\"@id\":\"https:\\\/\\\/hairdeluxe.ee\\\/ru\\\/#\\\/schema\\\/logo\\\/image\\\/\",\"url\":\"https:\\\/\\\/hairdeluxe.ee\\\/wp-content\\\/uploads\\\/2024\\\/06\\\/Hair-Deluxe-Logo-Dark-font.png\",\"contentUrl\":\"https:\\\/\\\/hairdeluxe.ee\\\/wp-content\\\/uploads\\\/2024\\\/06\\\/Hair-Deluxe-Logo-Dark-font.png\",\"width\":467,\"height\":177,\"caption\":\"Hair Deluxe\"},\"image\":{\"@id\":\"https:\\\/\\\/hairdeluxe.ee\\\/ru\\\/#\\\/schema\\\/logo\\\/image\\\/\"},\"sameAs\":[\"https:\\\/\\\/www.facebook.com\\\/blowbartallinn\",\"https:\\\/\\\/www.instagram.com\\\/blowbar_tallinn\"]}]}<\/script>\n<!-- \/ Yoast SEO plugin. -->","yoast_head_json":{"title":"BALMAIN HAIR juukseid s\u00fcgavuti niisutav hoolduskomplekt \/ Moisturizing Gift Set - Hair Deluxe","robots":{"index":"index","follow":"follow","max-snippet":"max-snippet:-1","max-image-preview":"max-image-preview:large","max-video-preview":"max-video-preview:-1"},"canonical":"https:\/\/hairdeluxe.ee\/ru\/product\/balmain-juukseid-sugavuti-niisutav-hoolduskomplekt-moisturizing-gift-set\/","og_locale":"ru_RU","og_type":"article","og_title":"BALMAIN HAIR juukseid s\u00fcgavuti niisutav hoolduskomplekt \/ Moisturizing Gift Set - Hair Deluxe","og_description":"T\u00e4ielik Balmain Hair niisutav hoolduskomplekt on n\u00fc\u00fcd saadaval limiteeritud koguses kaunis kinkepakendis. See v\u00e4ga toitev ja juukseid s\u00fcgavuti niisutav kollektsioon loomulikele v\u00f5i v\u00e4rvitud juustele on rikastatud puhta orgaanilise argaania\u00f5liga, mis taaselustab, kaitseb ja annab loomuliku s\u00e4ra ning elastsuse. Ainulaadne tootevalik kergelt hallatavate, pehmete, l\u00e4ikivate ja terve v\u00e4limusega juustele. Niisutava sarja hooldusvahendid on rikastatud parimate koostisosadega saavutamaks juustele optimaalne tulemus. UV-kaitse lisab juustele kaitset UV-kiirguse vastu, laskmata juuste v\u00e4rvusel tuhmuda. V\u00e4rvitud juustele annab see kauap\u00fcsiva v\u00e4rske tulemuse ning briljantse s\u00e4ra. Provitamiin B5 aitab parandada niiskuse s\u00e4ilivust, hoiab juuksed elastsete, tugevate ja paindlikutena. Toode rahustab \u00fchtlasi \u00e4rritunud ja \u00f5rna peanahka, muutes juukseid pehmemaks ning lisades rikkalikku s\u00e4ra. Toimeaine ergutab juukseid veel ekstra B-vitamiiniga, muutes juuksed tihedamaks ja stimuleerides juuste kasvu.\u00a0Aitab v\u00e4ltida juuste v\u00e4ljalangemist! Uus, t\u00e4iustatud koostisega niisutav \u0161ampoon toidab ja niisutab juukseid s\u00fcgavuti. Selle koostis on rikastatud puhta orgaanilise argaania\u00f5liga. Sobib keemiliselt t\u00f6\u00f6deldud ja\/v\u00f5i v\u00e4rvitud juustele. Muudab juuksed tugevaks, s\u00e4ravaks ja kergesti k\u00e4sitletavaks ning kammitavaks. Toidab, taastab ja annab juustele loomulikku s\u00e4ra ja elastsust. Siidiproteiin ja argaania\u00f5li s\u00e4ilitavad optimaalse niiskustaseme juustes, parandavad ja kaitsevad kahjustunud, kuivi ning n\u00f5rkasid juukseid kahjulike keskkonnam\u00f5jude eest. Balmain Hair signatuurl\u00f5hnaga. Parabeenivaba.     Kasutamine: Peske juukseid niisutava \u0161ampooniga, masseerige \u00f5rnalt ja loputage juukseid p\u00f5hjalikult. Kasutage juukseid s\u00fcgavuti niisutavat maski juuste t\u00e4iendavaks toitmiseks ja kaitsmiseks. J\u00e4tke mask m\u00f5neks minutiks p\u00e4he ja seej\u00e4rel loputage hoolikalt. Kandke palsam niisketele puhastele juustele ja loputage 3 minuti p\u00e4rast.     Soovitus:\u00a0Loputage juukseid jaheda veega \u2013 l\u00e4htuvalt jaheda vee pH-tasemest, talletuvad \u0161ampooni kasulikud komponendid juustesse ning annavad neile kauni s\u00e4ra.     Kinkekomplekt sisaldab:- Moisturizing Shampoo 300ml- Moisturizing Conditioner 300ml- Moisturizing Mask 200ml   Vaata lisaks: BALMAIN Hair niisutav juuste palsam \/ Moisturizing Conditioner, 300ml","og_url":"https:\/\/hairdeluxe.ee\/ru\/product\/balmain-juukseid-sugavuti-niisutav-hoolduskomplekt-moisturizing-gift-set\/","og_site_name":"Hair Deluxe","article_publisher":"https:\/\/www.facebook.com\/blowbartallinn","article_modified_time":"2025-03-18T19:22:33+00:00","og_image":[{"width":400,"height":400,"url":"https:\/\/hairdeluxe.ee\/wp-content\/uploads\/2024\/02\/balmain-hair-moisturizing-niisutav-shampoon-mask-palsam-conditioner-juuksed-soeng-juuksur.jpeg","type":"image\/jpeg"}],"twitter_card":"summary_large_image","twitter_misc":{"\u041f\u0440\u0438\u043c\u0435\u0440\u043d\u043e\u0435 \u0432\u0440\u0435\u043c\u044f \u0434\u043b\u044f \u0447\u0442\u0435\u043d\u0438\u044f":"1 \u043c\u0438\u043d\u0443\u0442\u0430"},"schema":{"@context":"https:\/\/schema.org","@graph":[{"@type":"WebPage","@id":"https:\/\/hairdeluxe.ee\/ru\/product\/balmain-juukseid-sugavuti-niisutav-hoolduskomplekt-moisturizing-gift-set\/","url":"https:\/\/hairdeluxe.ee\/ru\/product\/balmain-juukseid-sugavuti-niisutav-hoolduskomplekt-moisturizing-gift-set\/","name":"BALMAIN HAIR juukseid s\u00fcgavuti niisutav hoolduskomplekt \/ Moisturizing Gift Set - Hair Deluxe","isPartOf":{"@id":"https:\/\/hairdeluxe.ee\/ru\/#website"},"primaryImageOfPage":{"@id":"https:\/\/hairdeluxe.ee\/ru\/product\/balmain-juukseid-sugavuti-niisutav-hoolduskomplekt-moisturizing-gift-set\/#primaryimage"},"image":{"@id":"https:\/\/hairdeluxe.ee\/ru\/product\/balmain-juukseid-sugavuti-niisutav-hoolduskomplekt-moisturizing-gift-set\/#primaryimage"},"thumbnailUrl":"https:\/\/hairdeluxe.ee\/wp-content\/uploads\/2024\/02\/balmain-hair-moisturizing-niisutav-shampoon-mask-palsam-conditioner-juuksed-soeng-juuksur.jpeg","datePublished":"2024-02-03T07:07:31+00:00","dateModified":"2025-03-18T19:22:33+00:00","breadcrumb":{"@id":"https:\/\/hairdeluxe.ee\/ru\/product\/balmain-juukseid-sugavuti-niisutav-hoolduskomplekt-moisturizing-gift-set\/#breadcrumb"},"inLanguage":"ru-RU","potentialAction":[{"@type":"ReadAction","target":["https:\/\/hairdeluxe.ee\/ru\/product\/balmain-juukseid-sugavuti-niisutav-hoolduskomplekt-moisturizing-gift-set\/"]}]},{"@type":"ImageObject","inLanguage":"ru-RU","@id":"https:\/\/hairdeluxe.ee\/ru\/product\/balmain-juukseid-sugavuti-niisutav-hoolduskomplekt-moisturizing-gift-set\/#primaryimage","url":"https:\/\/hairdeluxe.ee\/wp-content\/uploads\/2024\/02\/balmain-hair-moisturizing-niisutav-shampoon-mask-palsam-conditioner-juuksed-soeng-juuksur.jpeg","contentUrl":"https:\/\/hairdeluxe.ee\/wp-content\/uploads\/2024\/02\/balmain-hair-moisturizing-niisutav-shampoon-mask-palsam-conditioner-juuksed-soeng-juuksur.jpeg","width":400,"height":400},{"@type":"BreadcrumbList","@id":"https:\/\/hairdeluxe.ee\/ru\/product\/balmain-juukseid-sugavuti-niisutav-hoolduskomplekt-moisturizing-gift-set\/#breadcrumb","itemListElement":[{"@type":"ListItem","position":1,"name":"Home","item":"https:\/\/hairdeluxe.ee\/ru\/"},{"@type":"ListItem","position":2,"name":"\u041c\u0430\u0433\u0430\u0437\u0438\u043d","item":"https:\/\/hairdeluxe.ee\/ru\/shop\/"},{"@type":"ListItem","position":3,"name":"BALMAIN HAIR juukseid s\u00fcgavuti niisutav hoolduskomplekt \/ Moisturizing Gift Set"}]},{"@type":"WebSite","@id":"https:\/\/hairdeluxe.ee\/ru\/#website","url":"https:\/\/hairdeluxe.ee\/ru\/","name":"Hair Deluxe","description":"Highlight your natural beauty","publisher":{"@id":"https:\/\/hairdeluxe.ee\/ru\/#organization"},"potentialAction":[{"@type":"SearchAction","target":{"@type":"EntryPoint","urlTemplate":"https:\/\/hairdeluxe.ee\/ru\/?s={search_term_string}"},"query-input":{"@type":"PropertyValueSpecification","valueRequired":true,"valueName":"search_term_string"}}],"inLanguage":"ru-RU"},{"@type":"Organization","@id":"https:\/\/hairdeluxe.ee\/ru\/#organization","name":"Hair Deluxe","url":"https:\/\/hairdeluxe.ee\/ru\/","logo":{"@type":"ImageObject","inLanguage":"ru-RU","@id":"https:\/\/hairdeluxe.ee\/ru\/#\/schema\/logo\/image\/","url":"https:\/\/hairdeluxe.ee\/wp-content\/uploads\/2024\/06\/Hair-Deluxe-Logo-Dark-font.png","contentUrl":"https:\/\/hairdeluxe.ee\/wp-content\/uploads\/2024\/06\/Hair-Deluxe-Logo-Dark-font.png","width":467,"height":177,"caption":"Hair Deluxe"},"image":{"@id":"https:\/\/hairdeluxe.ee\/ru\/#\/schema\/logo\/image\/"},"sameAs":["https:\/\/www.facebook.com\/blowbartallinn","https:\/\/www.instagram.com\/blowbar_tallinn"]}]}},"_links":{"self":[{"href":"https:\/\/hairdeluxe.ee\/ru\/wp-json\/wp\/v2\/product\/34967","targetHints":{"allow":["GET"]}}],"collection":[{"href":"https:\/\/hairdeluxe.ee\/ru\/wp-json\/wp\/v2\/product"}],"about":[{"href":"https:\/\/hairdeluxe.ee\/ru\/wp-json\/wp\/v2\/types\/product"}],"wp:featuredmedia":[{"embeddable":true,"href":"https:\/\/hairdeluxe.ee\/ru\/wp-json\/wp\/v2\/media\/39253"}],"wp:attachment":[{"href":"https:\/\/hairdeluxe.ee\/ru\/wp-json\/wp\/v2\/media?parent=34967"}],"wp:term":[{"taxonomy":"product_brand","embeddable":true,"href":"https:\/\/hairdeluxe.ee\/ru\/wp-json\/wp\/v2\/product_brand?post=34967"},{"taxonomy":"product_cat","embeddable":true,"href":"https:\/\/hairdeluxe.ee\/ru\/wp-json\/wp\/v2\/product_cat?post=34967"},{"taxonomy":"product_tag","embeddable":true,"href":"https:\/\/hairdeluxe.ee\/ru\/wp-json\/wp\/v2\/product_tag?post=34967"}],"curies":[{"name":"wp","href":"https:\/\/api.w.org\/{rel}","templated":true}]}}