{"id":35004,"date":"2024-02-03T09:07:57","date_gmt":"2024-02-03T07:07:57","guid":{"rendered":"https:\/\/blowbar.ee\/toode\/balmain-hair-inimjuustest-tukk-clip-in-fringe-human-hair-stockholm\/"},"modified":"2025-03-18T19:22:32","modified_gmt":"2025-03-18T19:22:32","slug":"balmain-inimjuustest-tukk-clip-in-fringe-human-hair-stockholm","status":"publish","type":"product","link":"https:\/\/hairdeluxe.ee\/ru\/product\/balmain-inimjuustest-tukk-clip-in-fringe-human-hair-stockholm\/","title":{"rendered":"BALMAIN HAIR inimjuustest tukk \/ Clip-In Fringe Human Hair Stockholm"},"content":{"rendered":"<p><strong>Clip-in Fringe Human Hair Stockholm<\/strong>\u00a0&#8212; See juukselisand on kinnitatud kergele pitsmaterjalile, mis tagab kandmismugavuse.<\/p>\n<p>Juukselisandi \u00e4\u00e4reosa sulandub sujuvalt enda loomuliku juuksepiiriga. Tuka m\u00f5lemal pool on pikemad juuksesalgud, mis annavad v\u00f5imaluse veelgi paremaks sulandumiseks enda juustega.<\/p>\n<p>Juukselisandit saab vastavalt soovile stiliseerida lokitangide, sirgendaja v\u00f5i f\u00f6\u00f6niga. Clip-In Fringe tukk on valmistatud Session Hair juustest- see on segu peene ja paksema struktuuriga 100% inimjuustest.<\/p>\n<p>Tukk on ideaalne lahendus koheselt loodavate moekate soengute jaoks. Saadaval on 13 erinevat v\u00e4rvitooni. Kasutage Balmain Professional Aftercare tootesarja juuksehooldustooteid, mis annavad juukselisanditele ainulaadse 6-kuuline kvaliteedigarantii.<\/p>\n<p>Sobib k\u00f5ige paremini: Clip-In Fringe sobib ideaalselt katsetamaks tuka sobivust, ilma et peaks tegema p\u00fcsivaid muudatusi oma soengus.<\/p>\n<p>Kasutage seda soengulisandit koos <a href=\"https:\/\/www.balmainhair.ee\/tootekategooria\/pikendused\/\"><span style=\"color: #3366ff;\">Catwalk Ponytail<\/span> <\/a>ponisabaga, et luua moekaid soenguid.<\/p>\n<p><strong>Lavatagune saladus:<\/strong><\/p>\n<p>Koolutage Clip-In Fringe tukka sirgendaja v\u00f5i keraamiliste lokitangidega paremaks sulandumiseks enda juustega.<\/p>\n<p><strong>NB! K\u00f5iki Balmain Hair Professional naturaalsetest juustest (Human Hair) juuksepikendusi saab kuumt\u00f6\u00f6delda, lokkida v\u00f5i sirgendada kuni 200\u00b0C \/ 320\u00b0F.<\/strong><\/p>\n<p><iframe loading=\"lazy\" title=\"Balmain hair colour video professional collection\" width=\"1020\" height=\"574\" src=\"https:\/\/www.youtube.com\/embed\/ycYAUh3EXcU?feature=oembed\" frameborder=\"0\" allow=\"accelerometer; autoplay; clipboard-write; encrypted-media; gyroscope; picture-in-picture; web-share\" referrerpolicy=\"strict-origin-when-cross-origin\" allowfullscreen><\/iframe><\/p>\n","protected":false},"excerpt":{"rendered":"<p><strong>Mis teeb Balmain Hair Clip-in tukka nii eriliseks? See on loomulikkus ja sulandumine kandja enda juustega.<br \/>\n<\/strong>&#8212; S\u00e4rab nagu naturaalne juus<br \/>\n&#8212; Kiire ja lihtne paigaldada<br \/>\n&#8212; Erinevad v\u00e4rvitoonid (13 v\u00e4rvitooni)<br \/>\n&#8212; Lihtne hooldada<br \/>\n&#8212; 100% inimjuuksed<\/p>\n<p><strong>Clip-In Fringe<\/strong> tukk on valmistatud 100% inimjuustest ning sobib suurep\u00e4raselt t\u00e4iendava vol\u00fc\u00fcmi lisamisens oma enda tukale v\u00f5i uue<em> looki<\/em> loomiseks ja seda ilma soengut p\u00fcsivalt muutmata. Selle klambriga juukselisandi paigaldamiseks kulub vaid paar sekundit.<strong><br \/>\n<\/strong><\/p>\n<p><strong>Kuidas hooldada naturaalsetest juustest tukka?<br \/>\n<\/strong>Hoolduse p\u00e4rast liigselt pead valutama ei pea, sest hooldamine on tuka puhul \u00e4\u00e4rmiselt lihtne ning ei v\u00f5ta kaua aega. Hoolduse tihedus s\u00f5ltub v\u00e4ga palju kandjast ja on t\u00e4pselt samasugune nagu enda naturaalsete juuste pesu.<br \/>\n&#8212; Hoida tukka kogu hoolduse v\u00e4ltel kinnituskohast<br \/>\n&#8212; Kasta tukka sooja vette<br \/>\n<span style=\"color: #3366ff;\">&#8212;<\/span> Pesta <span style=\"color: #3366ff;\"><span style=\"color: #0000ff;\"><a style=\"color: #0000ff;\" href=\"https:\/\/www.balmainhair.ee\/toode\/sampoon-juuksepikendustega-juustele-professional-aftercare-shampoo-250ml\/\">Balmain Hair Aftercare shampooniga<\/a>,<\/span><\/span>\u00a0seej\u00e4rel lasta tukal veidi seista, et mustus ja rasu lahustuksid<br \/>\n&#8212; Soovitav ka kasutada juuksepikenduste <a href=\"https:\/\/www.balmainhair.ee\/toode\/mask-juuksepikendustega-juustele-professional-aftercare-mask-150ml\/\"><span style=\"color: #0000ff;\">Balmain Hair Aftercare maski<\/span><\/a><span style=\"color: #3366ff;\"><strong>.<\/strong><\/span> Kandke mask r\u00e4tikukuivadele juustele, masseerige \u00f5rnalt, loputage hoolikalt 5-10 minuti p\u00e4rast.<br \/>\n&#8212; P\u00e4rast maski loputamist t\u00f6\u00f6delge tukka <a href=\"https:\/\/www.balmainhair.ee\/toode\/palsam-juuksepikendustega-juustele-professional-aftercare-conditioner-250ml\/\"><span style=\"color: #0000ff;\">Balmain Hair Aftercare palsamiga<\/span><\/a><strong>.<\/strong> Palsam suleb juuksekutiikuli, see aitab v\u00e4tida tuka pusadesse minekut.<br \/>\n&#8212; Hoolduse ajal mitte h\u00f5\u00f5ruda, sest see kahjustab juuksekutiikulit<br \/>\n&#8212; Loputada juuksed hoolikalt<br \/>\n&#8212; Pihustada <a style=\"color: #0000ff;\" href=\"https:\/\/www.balmainhair.ee\/toode\/pusadevastane-sprei-detangling-spray-150ml\/\">Balmain Hair pusadevastane Spray\u2019<\/a>ga v\u00f5i<strong><a href=\"https:\/\/www.balmainhair.ee\/toode\/balmain-hair-juustesse-jaetav-spreipalsam-leave-in-conditioning-spray-200ml\/\"><span style=\"color: #3366ff;\"> Leave-in Conditioning Spray<\/span>\u2019<\/a>d.<\/strong> Mis aitab lahti harutada tekkinud pusad.<em><br \/>\n<\/em>&#8212; Kuivatada f\u00f6\u00f6niga\u00a0\/ lasta kuivada<\/p>\n<p>Kasutage harjamisel kindlasti juuksepikendustele spetsiaalselt v\u00e4ljat\u00f6\u00f6tatud juukseharju &#8212;<strong> <a href=\"https:\/\/www.balmainhair.ee\/toode\/balmain-hair-juuksehari-juuksepikendustele-hair-extension-brush-black\/\"><span style=\"color: #3366ff;\">Extension Brush\u00a0<\/span><\/a><\/strong><\/p>\n<p><strong>Kuidas paigaldada:<\/strong><br \/>\n1. Tee oma pea keskele juustesse lahk.<br \/>\n2. Asetage tuka keskmine klamber lahupiirkonna l\u00e4hedale.<br \/>\n3. Kinnitage \u00e4\u00e4ris k\u00fclgklambritega juuksejoone l\u00e4hedale.<br \/>\n4. Vajadusel v\u00f5id tukka l\u00f5hemaks l\u00f5igata.<br \/>\n5. Kujunda soeng vastavalt oma soovile.<\/p>\n\n","protected":false},"featured_media":35002,"template":"","meta":[],"product_brand":[464],"product_cat":[266,265,203,121,167],"product_tag":[],"class_list":{"0":"post-35004","1":"product","2":"type-product","3":"status-publish","4":"has-post-thumbnail","6":"product_brand-balmain-hair","7":"product_cat-balmain-hair","8":"product_cat-brandid","9":"product_cat-clip-in-pikendused","10":"product_cat-koik-tooted","11":"product_cat-ready-to-wear","13":"first","14":"instock","15":"taxable","16":"shipping-taxable","17":"purchasable","18":"product-type-simple","19":"add-to-wishlist-after_add_to_cart"},"yoast_head":"<!-- This site is optimized with the Yoast SEO plugin v27.3 - https:\/\/yoast.com\/product\/yoast-seo-wordpress\/ -->\n<title>BALMAIN HAIR inimjuustest tukk \/ Clip-In Fringe Human Hair Stockholm - Hair Deluxe<\/title>\n<meta name=\"robots\" content=\"index, follow, max-snippet:-1, max-image-preview:large, max-video-preview:-1\" \/>\n<link rel=\"canonical\" href=\"https:\/\/hairdeluxe.ee\/ru\/product\/balmain-inimjuustest-tukk-clip-in-fringe-human-hair-stockholm\/\" \/>\n<meta property=\"og:locale\" content=\"ru_RU\" \/>\n<meta property=\"og:type\" content=\"article\" \/>\n<meta property=\"og:title\" content=\"BALMAIN HAIR inimjuustest tukk \/ Clip-In Fringe Human Hair Stockholm - Hair Deluxe\" \/>\n<meta property=\"og:description\" content=\"Mis teeb Balmain Hair Clip-in tukka nii eriliseks? See on loomulikkus ja sulandumine kandja enda juustega. - S\u00e4rab nagu naturaalne juus - Kiire ja lihtne paigaldada - Erinevad v\u00e4rvitoonid (13 v\u00e4rvitooni) - Lihtne hooldada - 100% inimjuuksed  Clip-In Fringe tukk on valmistatud 100% inimjuustest ning sobib suurep\u00e4raselt t\u00e4iendava vol\u00fc\u00fcmi lisamisens oma enda tukale v\u00f5i uue looki loomiseks ja seda ilma soengut p\u00fcsivalt muutmata. Selle klambriga juukselisandi paigaldamiseks kulub vaid paar sekundit.   Kuidas hooldada naturaalsetest juustest tukka? Hoolduse p\u00e4rast liigselt pead valutama ei pea, sest hooldamine on tuka puhul \u00e4\u00e4rmiselt lihtne ning ei v\u00f5ta kaua aega. Hoolduse tihedus s\u00f5ltub v\u00e4ga palju kandjast ja on t\u00e4pselt samasugune nagu enda naturaalsete juuste pesu. - Hoida tukka kogu hoolduse v\u00e4ltel kinnituskohast - Kasta tukka sooja vette - Pesta Balmain Hair Aftercare shampooniga,\u00a0seej\u00e4rel lasta tukal veidi seista, et mustus ja rasu lahustuksid - Soovitav ka kasutada juuksepikenduste Balmain Hair Aftercare maski. Kandke mask r\u00e4tikukuivadele juustele, masseerige \u00f5rnalt, loputage hoolikalt 5-10 minuti p\u00e4rast. - P\u00e4rast maski loputamist t\u00f6\u00f6delge tukka Balmain Hair Aftercare palsamiga. Palsam suleb juuksekutiikuli, see aitab v\u00e4tida tuka pusadesse minekut. - Hoolduse ajal mitte h\u00f5\u00f5ruda, sest see kahjustab juuksekutiikulit - Loputada juuksed hoolikalt - Pihustada Balmain Hair pusadevastane Spray\u2019ga v\u00f5i Leave-in Conditioning Spray\u2019d. Mis aitab lahti harutada tekkinud pusad. - Kuivatada f\u00f6\u00f6niga\u00a0\/ lasta kuivada  Kasutage harjamisel kindlasti juuksepikendustele spetsiaalselt v\u00e4ljat\u00f6\u00f6tatud juukseharju - Extension Brush\u00a0  Kuidas paigaldada: 1. Tee oma pea keskele juustesse lahk. 2. Asetage tuka keskmine klamber lahupiirkonna l\u00e4hedale. 3. Kinnitage \u00e4\u00e4ris k\u00fclgklambritega juuksejoone l\u00e4hedale. 4. Vajadusel v\u00f5id tukka l\u00f5hemaks l\u00f5igata. 5. Kujunda soeng vastavalt oma soovile.\" \/>\n<meta property=\"og:url\" content=\"https:\/\/hairdeluxe.ee\/ru\/product\/balmain-inimjuustest-tukk-clip-in-fringe-human-hair-stockholm\/\" \/>\n<meta property=\"og:site_name\" content=\"Hair Deluxe\" \/>\n<meta property=\"article:publisher\" content=\"https:\/\/www.facebook.com\/blowbartallinn\" \/>\n<meta property=\"article:modified_time\" content=\"2025-03-18T19:22:32+00:00\" \/>\n<meta property=\"og:image\" content=\"https:\/\/hairdeluxe.ee\/wp-content\/uploads\/2024\/02\/balmainhair_fringe-humain-hair-stockholm.jpg\" \/>\n\t<meta property=\"og:image:width\" content=\"600\" \/>\n\t<meta property=\"og:image:height\" content=\"600\" \/>\n\t<meta property=\"og:image:type\" content=\"image\/jpeg\" \/>\n<meta name=\"twitter:card\" content=\"summary_large_image\" \/>\n<meta name=\"twitter:label1\" content=\"\u041f\u0440\u0438\u043c\u0435\u0440\u043d\u043e\u0435 \u0432\u0440\u0435\u043c\u044f \u0434\u043b\u044f \u0447\u0442\u0435\u043d\u0438\u044f\" \/>\n\t<meta name=\"twitter:data1\" content=\"1 \u043c\u0438\u043d\u0443\u0442\u0430\" \/>\n<script type=\"application\/ld+json\" class=\"yoast-schema-graph\">{\"@context\":\"https:\\\/\\\/schema.org\",\"@graph\":[{\"@type\":\"WebPage\",\"@id\":\"https:\\\/\\\/hairdeluxe.ee\\\/ru\\\/product\\\/balmain-inimjuustest-tukk-clip-in-fringe-human-hair-stockholm\\\/\",\"url\":\"https:\\\/\\\/hairdeluxe.ee\\\/ru\\\/product\\\/balmain-inimjuustest-tukk-clip-in-fringe-human-hair-stockholm\\\/\",\"name\":\"BALMAIN HAIR inimjuustest tukk \\\/ Clip-In Fringe Human Hair Stockholm - Hair Deluxe\",\"isPartOf\":{\"@id\":\"https:\\\/\\\/hairdeluxe.ee\\\/ru\\\/#website\"},\"primaryImageOfPage\":{\"@id\":\"https:\\\/\\\/hairdeluxe.ee\\\/ru\\\/product\\\/balmain-inimjuustest-tukk-clip-in-fringe-human-hair-stockholm\\\/#primaryimage\"},\"image\":{\"@id\":\"https:\\\/\\\/hairdeluxe.ee\\\/ru\\\/product\\\/balmain-inimjuustest-tukk-clip-in-fringe-human-hair-stockholm\\\/#primaryimage\"},\"thumbnailUrl\":\"https:\\\/\\\/hairdeluxe.ee\\\/wp-content\\\/uploads\\\/2024\\\/02\\\/balmainhair_fringe-humain-hair-stockholm.jpg\",\"datePublished\":\"2024-02-03T07:07:57+00:00\",\"dateModified\":\"2025-03-18T19:22:32+00:00\",\"breadcrumb\":{\"@id\":\"https:\\\/\\\/hairdeluxe.ee\\\/ru\\\/product\\\/balmain-inimjuustest-tukk-clip-in-fringe-human-hair-stockholm\\\/#breadcrumb\"},\"inLanguage\":\"ru-RU\",\"potentialAction\":[{\"@type\":\"ReadAction\",\"target\":[\"https:\\\/\\\/hairdeluxe.ee\\\/ru\\\/product\\\/balmain-inimjuustest-tukk-clip-in-fringe-human-hair-stockholm\\\/\"]}]},{\"@type\":\"ImageObject\",\"inLanguage\":\"ru-RU\",\"@id\":\"https:\\\/\\\/hairdeluxe.ee\\\/ru\\\/product\\\/balmain-inimjuustest-tukk-clip-in-fringe-human-hair-stockholm\\\/#primaryimage\",\"url\":\"https:\\\/\\\/hairdeluxe.ee\\\/wp-content\\\/uploads\\\/2024\\\/02\\\/balmainhair_fringe-humain-hair-stockholm.jpg\",\"contentUrl\":\"https:\\\/\\\/hairdeluxe.ee\\\/wp-content\\\/uploads\\\/2024\\\/02\\\/balmainhair_fringe-humain-hair-stockholm.jpg\",\"width\":600,\"height\":600},{\"@type\":\"BreadcrumbList\",\"@id\":\"https:\\\/\\\/hairdeluxe.ee\\\/ru\\\/product\\\/balmain-inimjuustest-tukk-clip-in-fringe-human-hair-stockholm\\\/#breadcrumb\",\"itemListElement\":[{\"@type\":\"ListItem\",\"position\":1,\"name\":\"Home\",\"item\":\"https:\\\/\\\/hairdeluxe.ee\\\/ru\\\/\"},{\"@type\":\"ListItem\",\"position\":2,\"name\":\"\u041c\u0430\u0433\u0430\u0437\u0438\u043d\",\"item\":\"https:\\\/\\\/hairdeluxe.ee\\\/ru\\\/shop\\\/\"},{\"@type\":\"ListItem\",\"position\":3,\"name\":\"BALMAIN HAIR inimjuustest tukk \\\/ Clip-In Fringe Human Hair Stockholm\"}]},{\"@type\":\"WebSite\",\"@id\":\"https:\\\/\\\/hairdeluxe.ee\\\/ru\\\/#website\",\"url\":\"https:\\\/\\\/hairdeluxe.ee\\\/ru\\\/\",\"name\":\"Hair Deluxe\",\"description\":\"Highlight your natural beauty\",\"publisher\":{\"@id\":\"https:\\\/\\\/hairdeluxe.ee\\\/ru\\\/#organization\"},\"potentialAction\":[{\"@type\":\"SearchAction\",\"target\":{\"@type\":\"EntryPoint\",\"urlTemplate\":\"https:\\\/\\\/hairdeluxe.ee\\\/ru\\\/?s={search_term_string}\"},\"query-input\":{\"@type\":\"PropertyValueSpecification\",\"valueRequired\":true,\"valueName\":\"search_term_string\"}}],\"inLanguage\":\"ru-RU\"},{\"@type\":\"Organization\",\"@id\":\"https:\\\/\\\/hairdeluxe.ee\\\/ru\\\/#organization\",\"name\":\"Hair Deluxe\",\"url\":\"https:\\\/\\\/hairdeluxe.ee\\\/ru\\\/\",\"logo\":{\"@type\":\"ImageObject\",\"inLanguage\":\"ru-RU\",\"@id\":\"https:\\\/\\\/hairdeluxe.ee\\\/ru\\\/#\\\/schema\\\/logo\\\/image\\\/\",\"url\":\"https:\\\/\\\/hairdeluxe.ee\\\/wp-content\\\/uploads\\\/2024\\\/06\\\/Hair-Deluxe-Logo-Dark-font.png\",\"contentUrl\":\"https:\\\/\\\/hairdeluxe.ee\\\/wp-content\\\/uploads\\\/2024\\\/06\\\/Hair-Deluxe-Logo-Dark-font.png\",\"width\":467,\"height\":177,\"caption\":\"Hair Deluxe\"},\"image\":{\"@id\":\"https:\\\/\\\/hairdeluxe.ee\\\/ru\\\/#\\\/schema\\\/logo\\\/image\\\/\"},\"sameAs\":[\"https:\\\/\\\/www.facebook.com\\\/blowbartallinn\",\"https:\\\/\\\/www.instagram.com\\\/blowbar_tallinn\"]}]}<\/script>\n<!-- \/ Yoast SEO plugin. -->","yoast_head_json":{"title":"BALMAIN HAIR inimjuustest tukk \/ Clip-In Fringe Human Hair Stockholm - Hair Deluxe","robots":{"index":"index","follow":"follow","max-snippet":"max-snippet:-1","max-image-preview":"max-image-preview:large","max-video-preview":"max-video-preview:-1"},"canonical":"https:\/\/hairdeluxe.ee\/ru\/product\/balmain-inimjuustest-tukk-clip-in-fringe-human-hair-stockholm\/","og_locale":"ru_RU","og_type":"article","og_title":"BALMAIN HAIR inimjuustest tukk \/ Clip-In Fringe Human Hair Stockholm - Hair Deluxe","og_description":"Mis teeb Balmain Hair Clip-in tukka nii eriliseks? See on loomulikkus ja sulandumine kandja enda juustega. - S\u00e4rab nagu naturaalne juus - Kiire ja lihtne paigaldada - Erinevad v\u00e4rvitoonid (13 v\u00e4rvitooni) - Lihtne hooldada - 100% inimjuuksed  Clip-In Fringe tukk on valmistatud 100% inimjuustest ning sobib suurep\u00e4raselt t\u00e4iendava vol\u00fc\u00fcmi lisamisens oma enda tukale v\u00f5i uue looki loomiseks ja seda ilma soengut p\u00fcsivalt muutmata. Selle klambriga juukselisandi paigaldamiseks kulub vaid paar sekundit.   Kuidas hooldada naturaalsetest juustest tukka? Hoolduse p\u00e4rast liigselt pead valutama ei pea, sest hooldamine on tuka puhul \u00e4\u00e4rmiselt lihtne ning ei v\u00f5ta kaua aega. Hoolduse tihedus s\u00f5ltub v\u00e4ga palju kandjast ja on t\u00e4pselt samasugune nagu enda naturaalsete juuste pesu. - Hoida tukka kogu hoolduse v\u00e4ltel kinnituskohast - Kasta tukka sooja vette - Pesta Balmain Hair Aftercare shampooniga,\u00a0seej\u00e4rel lasta tukal veidi seista, et mustus ja rasu lahustuksid - Soovitav ka kasutada juuksepikenduste Balmain Hair Aftercare maski. Kandke mask r\u00e4tikukuivadele juustele, masseerige \u00f5rnalt, loputage hoolikalt 5-10 minuti p\u00e4rast. - P\u00e4rast maski loputamist t\u00f6\u00f6delge tukka Balmain Hair Aftercare palsamiga. Palsam suleb juuksekutiikuli, see aitab v\u00e4tida tuka pusadesse minekut. - Hoolduse ajal mitte h\u00f5\u00f5ruda, sest see kahjustab juuksekutiikulit - Loputada juuksed hoolikalt - Pihustada Balmain Hair pusadevastane Spray\u2019ga v\u00f5i Leave-in Conditioning Spray\u2019d. Mis aitab lahti harutada tekkinud pusad. - Kuivatada f\u00f6\u00f6niga\u00a0\/ lasta kuivada  Kasutage harjamisel kindlasti juuksepikendustele spetsiaalselt v\u00e4ljat\u00f6\u00f6tatud juukseharju - Extension Brush\u00a0  Kuidas paigaldada: 1. Tee oma pea keskele juustesse lahk. 2. Asetage tuka keskmine klamber lahupiirkonna l\u00e4hedale. 3. Kinnitage \u00e4\u00e4ris k\u00fclgklambritega juuksejoone l\u00e4hedale. 4. Vajadusel v\u00f5id tukka l\u00f5hemaks l\u00f5igata. 5. Kujunda soeng vastavalt oma soovile.","og_url":"https:\/\/hairdeluxe.ee\/ru\/product\/balmain-inimjuustest-tukk-clip-in-fringe-human-hair-stockholm\/","og_site_name":"Hair Deluxe","article_publisher":"https:\/\/www.facebook.com\/blowbartallinn","article_modified_time":"2025-03-18T19:22:32+00:00","og_image":[{"width":600,"height":600,"url":"https:\/\/hairdeluxe.ee\/wp-content\/uploads\/2024\/02\/balmainhair_fringe-humain-hair-stockholm.jpg","type":"image\/jpeg"}],"twitter_card":"summary_large_image","twitter_misc":{"\u041f\u0440\u0438\u043c\u0435\u0440\u043d\u043e\u0435 \u0432\u0440\u0435\u043c\u044f \u0434\u043b\u044f \u0447\u0442\u0435\u043d\u0438\u044f":"1 \u043c\u0438\u043d\u0443\u0442\u0430"},"schema":{"@context":"https:\/\/schema.org","@graph":[{"@type":"WebPage","@id":"https:\/\/hairdeluxe.ee\/ru\/product\/balmain-inimjuustest-tukk-clip-in-fringe-human-hair-stockholm\/","url":"https:\/\/hairdeluxe.ee\/ru\/product\/balmain-inimjuustest-tukk-clip-in-fringe-human-hair-stockholm\/","name":"BALMAIN HAIR inimjuustest tukk \/ Clip-In Fringe Human Hair Stockholm - Hair Deluxe","isPartOf":{"@id":"https:\/\/hairdeluxe.ee\/ru\/#website"},"primaryImageOfPage":{"@id":"https:\/\/hairdeluxe.ee\/ru\/product\/balmain-inimjuustest-tukk-clip-in-fringe-human-hair-stockholm\/#primaryimage"},"image":{"@id":"https:\/\/hairdeluxe.ee\/ru\/product\/balmain-inimjuustest-tukk-clip-in-fringe-human-hair-stockholm\/#primaryimage"},"thumbnailUrl":"https:\/\/hairdeluxe.ee\/wp-content\/uploads\/2024\/02\/balmainhair_fringe-humain-hair-stockholm.jpg","datePublished":"2024-02-03T07:07:57+00:00","dateModified":"2025-03-18T19:22:32+00:00","breadcrumb":{"@id":"https:\/\/hairdeluxe.ee\/ru\/product\/balmain-inimjuustest-tukk-clip-in-fringe-human-hair-stockholm\/#breadcrumb"},"inLanguage":"ru-RU","potentialAction":[{"@type":"ReadAction","target":["https:\/\/hairdeluxe.ee\/ru\/product\/balmain-inimjuustest-tukk-clip-in-fringe-human-hair-stockholm\/"]}]},{"@type":"ImageObject","inLanguage":"ru-RU","@id":"https:\/\/hairdeluxe.ee\/ru\/product\/balmain-inimjuustest-tukk-clip-in-fringe-human-hair-stockholm\/#primaryimage","url":"https:\/\/hairdeluxe.ee\/wp-content\/uploads\/2024\/02\/balmainhair_fringe-humain-hair-stockholm.jpg","contentUrl":"https:\/\/hairdeluxe.ee\/wp-content\/uploads\/2024\/02\/balmainhair_fringe-humain-hair-stockholm.jpg","width":600,"height":600},{"@type":"BreadcrumbList","@id":"https:\/\/hairdeluxe.ee\/ru\/product\/balmain-inimjuustest-tukk-clip-in-fringe-human-hair-stockholm\/#breadcrumb","itemListElement":[{"@type":"ListItem","position":1,"name":"Home","item":"https:\/\/hairdeluxe.ee\/ru\/"},{"@type":"ListItem","position":2,"name":"\u041c\u0430\u0433\u0430\u0437\u0438\u043d","item":"https:\/\/hairdeluxe.ee\/ru\/shop\/"},{"@type":"ListItem","position":3,"name":"BALMAIN HAIR inimjuustest tukk \/ Clip-In Fringe Human Hair Stockholm"}]},{"@type":"WebSite","@id":"https:\/\/hairdeluxe.ee\/ru\/#website","url":"https:\/\/hairdeluxe.ee\/ru\/","name":"Hair Deluxe","description":"Highlight your natural beauty","publisher":{"@id":"https:\/\/hairdeluxe.ee\/ru\/#organization"},"potentialAction":[{"@type":"SearchAction","target":{"@type":"EntryPoint","urlTemplate":"https:\/\/hairdeluxe.ee\/ru\/?s={search_term_string}"},"query-input":{"@type":"PropertyValueSpecification","valueRequired":true,"valueName":"search_term_string"}}],"inLanguage":"ru-RU"},{"@type":"Organization","@id":"https:\/\/hairdeluxe.ee\/ru\/#organization","name":"Hair Deluxe","url":"https:\/\/hairdeluxe.ee\/ru\/","logo":{"@type":"ImageObject","inLanguage":"ru-RU","@id":"https:\/\/hairdeluxe.ee\/ru\/#\/schema\/logo\/image\/","url":"https:\/\/hairdeluxe.ee\/wp-content\/uploads\/2024\/06\/Hair-Deluxe-Logo-Dark-font.png","contentUrl":"https:\/\/hairdeluxe.ee\/wp-content\/uploads\/2024\/06\/Hair-Deluxe-Logo-Dark-font.png","width":467,"height":177,"caption":"Hair Deluxe"},"image":{"@id":"https:\/\/hairdeluxe.ee\/ru\/#\/schema\/logo\/image\/"},"sameAs":["https:\/\/www.facebook.com\/blowbartallinn","https:\/\/www.instagram.com\/blowbar_tallinn"]}]}},"_links":{"self":[{"href":"https:\/\/hairdeluxe.ee\/ru\/wp-json\/wp\/v2\/product\/35004","targetHints":{"allow":["GET"]}}],"collection":[{"href":"https:\/\/hairdeluxe.ee\/ru\/wp-json\/wp\/v2\/product"}],"about":[{"href":"https:\/\/hairdeluxe.ee\/ru\/wp-json\/wp\/v2\/types\/product"}],"wp:featuredmedia":[{"embeddable":true,"href":"https:\/\/hairdeluxe.ee\/ru\/wp-json\/wp\/v2\/media\/35002"}],"wp:attachment":[{"href":"https:\/\/hairdeluxe.ee\/ru\/wp-json\/wp\/v2\/media?parent=35004"}],"wp:term":[{"taxonomy":"product_brand","embeddable":true,"href":"https:\/\/hairdeluxe.ee\/ru\/wp-json\/wp\/v2\/product_brand?post=35004"},{"taxonomy":"product_cat","embeddable":true,"href":"https:\/\/hairdeluxe.ee\/ru\/wp-json\/wp\/v2\/product_cat?post=35004"},{"taxonomy":"product_tag","embeddable":true,"href":"https:\/\/hairdeluxe.ee\/ru\/wp-json\/wp\/v2\/product_tag?post=35004"}],"curies":[{"name":"wp","href":"https:\/\/api.w.org\/{rel}","templated":true}]}}