{"id":35115,"date":"2024-02-03T09:08:43","date_gmt":"2024-02-03T07:08:43","guid":{"rendered":"https:\/\/blowbar.ee\/?post_type=product&#038;p=35115"},"modified":"2025-03-18T19:22:31","modified_gmt":"2025-03-18T19:22:31","slug":"balmain-juukseklamber-kuldse-b-logoga-barrette-pour-cheveux-gold-b-logo-vintage","status":"publish","type":"product","link":"https:\/\/hairdeluxe.ee\/ru\/product\/balmain-juukseklamber-kuldse-b-logoga-barrette-pour-cheveux-gold-b-logo-vintage\/","title":{"rendered":"BALMAIN HAIR juukseklamber kuldse B-logoga \/ Barrette pour Cheveux Gold B-Logo Vintage"},"content":{"rendered":"","protected":false},"excerpt":{"rendered":"<p>Kvaliteetne ja k\u00e4sit\u00f6\u00f6na valminud luksuslik Balmain Hair juukseaksessuaar annab rohkelt v\u00f5imalusi juuste kinnitamiseks.\u00a0Klambrit kaunistab 18K kullatud uus Balmaini Hair B logo.<br \/>\n&#8212; K\u00f5rge kvaliteediga k\u00e4sitsi valmistatud juukseklamber<br \/>\n&#8212; Vastupidav<br \/>\n&#8212; Sobib ideaalselt igale juukset\u00fc\u00fcbile<\/p>\n<p>Kasuta Balmain Hair aksessuaare erinevate luksuslike soengute loomiseks.<\/p>\n<p>https:\/\/www.youtube.com\/watch?v=P1RgX4jUT_s<\/p>\n","protected":false},"featured_media":35151,"template":"","meta":[],"product_brand":[464],"product_cat":[96,266,265,206,268,129,121],"product_tag":[],"class_list":{"0":"post-35115","1":"product","2":"type-product","3":"status-publish","4":"has-post-thumbnail","6":"product_brand-balmain-hair","7":"product_cat-aksessuaarid","8":"product_cat-balmain-hair","9":"product_cat-brandid","10":"product_cat-erikollektsioonid","11":"product_cat-juukseklambrid","12":"product_cat-kingitused","13":"product_cat-koik-tooted","15":"first","16":"instock","17":"taxable","18":"shipping-taxable","19":"purchasable","20":"product-type-simple","21":"add-to-wishlist-after_add_to_cart"},"yoast_head":"<!-- This site is optimized with the Yoast SEO plugin v27.5 - https:\/\/yoast.com\/product\/yoast-seo-wordpress\/ -->\n<title>BALMAIN HAIR juukseklamber kuldse B-logoga \/ Barrette pour Cheveux Gold B-Logo Vintage - Hair Deluxe<\/title>\n<meta name=\"robots\" content=\"index, follow, max-snippet:-1, max-image-preview:large, max-video-preview:-1\" \/>\n<link rel=\"canonical\" href=\"https:\/\/hairdeluxe.ee\/ru\/product\/balmain-juukseklamber-kuldse-b-logoga-barrette-pour-cheveux-gold-b-logo-vintage\/\" \/>\n<meta property=\"og:locale\" content=\"ru_RU\" \/>\n<meta property=\"og:type\" content=\"article\" \/>\n<meta property=\"og:title\" content=\"BALMAIN HAIR juukseklamber kuldse B-logoga \/ Barrette pour Cheveux Gold B-Logo Vintage - Hair Deluxe\" \/>\n<meta property=\"og:description\" content=\"Kvaliteetne ja k\u00e4sit\u00f6\u00f6na valminud luksuslik Balmain Hair juukseaksessuaar annab rohkelt v\u00f5imalusi juuste kinnitamiseks.\u00a0Klambrit kaunistab 18K kullatud uus Balmaini Hair B logo. - K\u00f5rge kvaliteediga k\u00e4sitsi valmistatud juukseklamber - Vastupidav - Sobib ideaalselt igale juukset\u00fc\u00fcbile  Kasuta Balmain Hair aksessuaare erinevate luksuslike soengute loomiseks.  https:\/\/www.youtube.com\/watch?v=P1RgX4jUT_s\" \/>\n<meta property=\"og:url\" content=\"https:\/\/hairdeluxe.ee\/ru\/product\/balmain-juukseklamber-kuldse-b-logoga-barrette-pour-cheveux-gold-b-logo-vintage\/\" \/>\n<meta property=\"og:site_name\" content=\"Hair Deluxe\" \/>\n<meta property=\"article:publisher\" content=\"https:\/\/www.facebook.com\/blowbartallinn\" \/>\n<meta property=\"article:modified_time\" content=\"2025-03-18T19:22:31+00:00\" \/>\n<meta property=\"og:image\" content=\"https:\/\/hairdeluxe.ee\/wp-content\/uploads\/2024\/02\/BalmainHair_Accessories_BarrettePourCheveux_B_Gold_LimitedEdition_SpringSummer21_800x800.jpg\" \/>\n\t<meta property=\"og:image:width\" content=\"800\" \/>\n\t<meta property=\"og:image:height\" content=\"800\" \/>\n\t<meta property=\"og:image:type\" content=\"image\/jpeg\" \/>\n<meta name=\"twitter:card\" content=\"summary_large_image\" \/>\n<script type=\"application\/ld+json\" class=\"yoast-schema-graph\">{\"@context\":\"https:\\\/\\\/schema.org\",\"@graph\":[{\"@type\":\"WebPage\",\"@id\":\"https:\\\/\\\/hairdeluxe.ee\\\/ru\\\/product\\\/balmain-juukseklamber-kuldse-b-logoga-barrette-pour-cheveux-gold-b-logo-vintage\\\/\",\"url\":\"https:\\\/\\\/hairdeluxe.ee\\\/ru\\\/product\\\/balmain-juukseklamber-kuldse-b-logoga-barrette-pour-cheveux-gold-b-logo-vintage\\\/\",\"name\":\"BALMAIN HAIR juukseklamber kuldse B-logoga \\\/ Barrette pour Cheveux Gold B-Logo Vintage - Hair Deluxe\",\"isPartOf\":{\"@id\":\"https:\\\/\\\/hairdeluxe.ee\\\/ru\\\/#website\"},\"primaryImageOfPage\":{\"@id\":\"https:\\\/\\\/hairdeluxe.ee\\\/ru\\\/product\\\/balmain-juukseklamber-kuldse-b-logoga-barrette-pour-cheveux-gold-b-logo-vintage\\\/#primaryimage\"},\"image\":{\"@id\":\"https:\\\/\\\/hairdeluxe.ee\\\/ru\\\/product\\\/balmain-juukseklamber-kuldse-b-logoga-barrette-pour-cheveux-gold-b-logo-vintage\\\/#primaryimage\"},\"thumbnailUrl\":\"https:\\\/\\\/hairdeluxe.ee\\\/wp-content\\\/uploads\\\/2024\\\/02\\\/BalmainHair_Accessories_BarrettePourCheveux_B_Gold_LimitedEdition_SpringSummer21_800x800.jpg\",\"datePublished\":\"2024-02-03T07:08:43+00:00\",\"dateModified\":\"2025-03-18T19:22:31+00:00\",\"breadcrumb\":{\"@id\":\"https:\\\/\\\/hairdeluxe.ee\\\/ru\\\/product\\\/balmain-juukseklamber-kuldse-b-logoga-barrette-pour-cheveux-gold-b-logo-vintage\\\/#breadcrumb\"},\"inLanguage\":\"ru-RU\",\"potentialAction\":[{\"@type\":\"ReadAction\",\"target\":[\"https:\\\/\\\/hairdeluxe.ee\\\/ru\\\/product\\\/balmain-juukseklamber-kuldse-b-logoga-barrette-pour-cheveux-gold-b-logo-vintage\\\/\"]}]},{\"@type\":\"ImageObject\",\"inLanguage\":\"ru-RU\",\"@id\":\"https:\\\/\\\/hairdeluxe.ee\\\/ru\\\/product\\\/balmain-juukseklamber-kuldse-b-logoga-barrette-pour-cheveux-gold-b-logo-vintage\\\/#primaryimage\",\"url\":\"https:\\\/\\\/hairdeluxe.ee\\\/wp-content\\\/uploads\\\/2024\\\/02\\\/BalmainHair_Accessories_BarrettePourCheveux_B_Gold_LimitedEdition_SpringSummer21_800x800.jpg\",\"contentUrl\":\"https:\\\/\\\/hairdeluxe.ee\\\/wp-content\\\/uploads\\\/2024\\\/02\\\/BalmainHair_Accessories_BarrettePourCheveux_B_Gold_LimitedEdition_SpringSummer21_800x800.jpg\",\"width\":800,\"height\":800},{\"@type\":\"BreadcrumbList\",\"@id\":\"https:\\\/\\\/hairdeluxe.ee\\\/ru\\\/product\\\/balmain-juukseklamber-kuldse-b-logoga-barrette-pour-cheveux-gold-b-logo-vintage\\\/#breadcrumb\",\"itemListElement\":[{\"@type\":\"ListItem\",\"position\":1,\"name\":\"Home\",\"item\":\"https:\\\/\\\/hairdeluxe.ee\\\/ru\\\/\"},{\"@type\":\"ListItem\",\"position\":2,\"name\":\"\u041c\u0430\u0433\u0430\u0437\u0438\u043d\",\"item\":\"https:\\\/\\\/hairdeluxe.ee\\\/ru\\\/shop\\\/\"},{\"@type\":\"ListItem\",\"position\":3,\"name\":\"BALMAIN HAIR juukseklamber kuldse B-logoga \\\/ Barrette pour Cheveux Gold B-Logo Vintage\"}]},{\"@type\":\"WebSite\",\"@id\":\"https:\\\/\\\/hairdeluxe.ee\\\/ru\\\/#website\",\"url\":\"https:\\\/\\\/hairdeluxe.ee\\\/ru\\\/\",\"name\":\"Hair Deluxe\",\"description\":\"Highlight your natural beauty\",\"publisher\":{\"@id\":\"https:\\\/\\\/hairdeluxe.ee\\\/ru\\\/#organization\"},\"potentialAction\":[{\"@type\":\"SearchAction\",\"target\":{\"@type\":\"EntryPoint\",\"urlTemplate\":\"https:\\\/\\\/hairdeluxe.ee\\\/ru\\\/?s={search_term_string}\"},\"query-input\":{\"@type\":\"PropertyValueSpecification\",\"valueRequired\":true,\"valueName\":\"search_term_string\"}}],\"inLanguage\":\"ru-RU\"},{\"@type\":\"Organization\",\"@id\":\"https:\\\/\\\/hairdeluxe.ee\\\/ru\\\/#organization\",\"name\":\"Hair Deluxe\",\"url\":\"https:\\\/\\\/hairdeluxe.ee\\\/ru\\\/\",\"logo\":{\"@type\":\"ImageObject\",\"inLanguage\":\"ru-RU\",\"@id\":\"https:\\\/\\\/hairdeluxe.ee\\\/ru\\\/#\\\/schema\\\/logo\\\/image\\\/\",\"url\":\"https:\\\/\\\/hairdeluxe.ee\\\/wp-content\\\/uploads\\\/2024\\\/06\\\/Hair-Deluxe-Logo-Dark-font.png\",\"contentUrl\":\"https:\\\/\\\/hairdeluxe.ee\\\/wp-content\\\/uploads\\\/2024\\\/06\\\/Hair-Deluxe-Logo-Dark-font.png\",\"width\":467,\"height\":177,\"caption\":\"Hair Deluxe\"},\"image\":{\"@id\":\"https:\\\/\\\/hairdeluxe.ee\\\/ru\\\/#\\\/schema\\\/logo\\\/image\\\/\"},\"sameAs\":[\"https:\\\/\\\/www.facebook.com\\\/blowbartallinn\",\"https:\\\/\\\/www.instagram.com\\\/blowbar_tallinn\"]}]}<\/script>\n<!-- \/ Yoast SEO plugin. -->","yoast_head_json":{"title":"BALMAIN HAIR juukseklamber kuldse B-logoga \/ Barrette pour Cheveux Gold B-Logo Vintage - Hair Deluxe","robots":{"index":"index","follow":"follow","max-snippet":"max-snippet:-1","max-image-preview":"max-image-preview:large","max-video-preview":"max-video-preview:-1"},"canonical":"https:\/\/hairdeluxe.ee\/ru\/product\/balmain-juukseklamber-kuldse-b-logoga-barrette-pour-cheveux-gold-b-logo-vintage\/","og_locale":"ru_RU","og_type":"article","og_title":"BALMAIN HAIR juukseklamber kuldse B-logoga \/ Barrette pour Cheveux Gold B-Logo Vintage - Hair Deluxe","og_description":"Kvaliteetne ja k\u00e4sit\u00f6\u00f6na valminud luksuslik Balmain Hair juukseaksessuaar annab rohkelt v\u00f5imalusi juuste kinnitamiseks.\u00a0Klambrit kaunistab 18K kullatud uus Balmaini Hair B logo. - K\u00f5rge kvaliteediga k\u00e4sitsi valmistatud juukseklamber - Vastupidav - Sobib ideaalselt igale juukset\u00fc\u00fcbile  Kasuta Balmain Hair aksessuaare erinevate luksuslike soengute loomiseks.  https:\/\/www.youtube.com\/watch?v=P1RgX4jUT_s","og_url":"https:\/\/hairdeluxe.ee\/ru\/product\/balmain-juukseklamber-kuldse-b-logoga-barrette-pour-cheveux-gold-b-logo-vintage\/","og_site_name":"Hair Deluxe","article_publisher":"https:\/\/www.facebook.com\/blowbartallinn","article_modified_time":"2025-03-18T19:22:31+00:00","og_image":[{"width":800,"height":800,"url":"https:\/\/hairdeluxe.ee\/wp-content\/uploads\/2024\/02\/BalmainHair_Accessories_BarrettePourCheveux_B_Gold_LimitedEdition_SpringSummer21_800x800.jpg","type":"image\/jpeg"}],"twitter_card":"summary_large_image","schema":{"@context":"https:\/\/schema.org","@graph":[{"@type":"WebPage","@id":"https:\/\/hairdeluxe.ee\/ru\/product\/balmain-juukseklamber-kuldse-b-logoga-barrette-pour-cheveux-gold-b-logo-vintage\/","url":"https:\/\/hairdeluxe.ee\/ru\/product\/balmain-juukseklamber-kuldse-b-logoga-barrette-pour-cheveux-gold-b-logo-vintage\/","name":"BALMAIN HAIR juukseklamber kuldse B-logoga \/ Barrette pour Cheveux Gold B-Logo Vintage - Hair Deluxe","isPartOf":{"@id":"https:\/\/hairdeluxe.ee\/ru\/#website"},"primaryImageOfPage":{"@id":"https:\/\/hairdeluxe.ee\/ru\/product\/balmain-juukseklamber-kuldse-b-logoga-barrette-pour-cheveux-gold-b-logo-vintage\/#primaryimage"},"image":{"@id":"https:\/\/hairdeluxe.ee\/ru\/product\/balmain-juukseklamber-kuldse-b-logoga-barrette-pour-cheveux-gold-b-logo-vintage\/#primaryimage"},"thumbnailUrl":"https:\/\/hairdeluxe.ee\/wp-content\/uploads\/2024\/02\/BalmainHair_Accessories_BarrettePourCheveux_B_Gold_LimitedEdition_SpringSummer21_800x800.jpg","datePublished":"2024-02-03T07:08:43+00:00","dateModified":"2025-03-18T19:22:31+00:00","breadcrumb":{"@id":"https:\/\/hairdeluxe.ee\/ru\/product\/balmain-juukseklamber-kuldse-b-logoga-barrette-pour-cheveux-gold-b-logo-vintage\/#breadcrumb"},"inLanguage":"ru-RU","potentialAction":[{"@type":"ReadAction","target":["https:\/\/hairdeluxe.ee\/ru\/product\/balmain-juukseklamber-kuldse-b-logoga-barrette-pour-cheveux-gold-b-logo-vintage\/"]}]},{"@type":"ImageObject","inLanguage":"ru-RU","@id":"https:\/\/hairdeluxe.ee\/ru\/product\/balmain-juukseklamber-kuldse-b-logoga-barrette-pour-cheveux-gold-b-logo-vintage\/#primaryimage","url":"https:\/\/hairdeluxe.ee\/wp-content\/uploads\/2024\/02\/BalmainHair_Accessories_BarrettePourCheveux_B_Gold_LimitedEdition_SpringSummer21_800x800.jpg","contentUrl":"https:\/\/hairdeluxe.ee\/wp-content\/uploads\/2024\/02\/BalmainHair_Accessories_BarrettePourCheveux_B_Gold_LimitedEdition_SpringSummer21_800x800.jpg","width":800,"height":800},{"@type":"BreadcrumbList","@id":"https:\/\/hairdeluxe.ee\/ru\/product\/balmain-juukseklamber-kuldse-b-logoga-barrette-pour-cheveux-gold-b-logo-vintage\/#breadcrumb","itemListElement":[{"@type":"ListItem","position":1,"name":"Home","item":"https:\/\/hairdeluxe.ee\/ru\/"},{"@type":"ListItem","position":2,"name":"\u041c\u0430\u0433\u0430\u0437\u0438\u043d","item":"https:\/\/hairdeluxe.ee\/ru\/shop\/"},{"@type":"ListItem","position":3,"name":"BALMAIN HAIR juukseklamber kuldse B-logoga \/ Barrette pour Cheveux Gold B-Logo Vintage"}]},{"@type":"WebSite","@id":"https:\/\/hairdeluxe.ee\/ru\/#website","url":"https:\/\/hairdeluxe.ee\/ru\/","name":"Hair Deluxe","description":"Highlight your natural beauty","publisher":{"@id":"https:\/\/hairdeluxe.ee\/ru\/#organization"},"potentialAction":[{"@type":"SearchAction","target":{"@type":"EntryPoint","urlTemplate":"https:\/\/hairdeluxe.ee\/ru\/?s={search_term_string}"},"query-input":{"@type":"PropertyValueSpecification","valueRequired":true,"valueName":"search_term_string"}}],"inLanguage":"ru-RU"},{"@type":"Organization","@id":"https:\/\/hairdeluxe.ee\/ru\/#organization","name":"Hair Deluxe","url":"https:\/\/hairdeluxe.ee\/ru\/","logo":{"@type":"ImageObject","inLanguage":"ru-RU","@id":"https:\/\/hairdeluxe.ee\/ru\/#\/schema\/logo\/image\/","url":"https:\/\/hairdeluxe.ee\/wp-content\/uploads\/2024\/06\/Hair-Deluxe-Logo-Dark-font.png","contentUrl":"https:\/\/hairdeluxe.ee\/wp-content\/uploads\/2024\/06\/Hair-Deluxe-Logo-Dark-font.png","width":467,"height":177,"caption":"Hair Deluxe"},"image":{"@id":"https:\/\/hairdeluxe.ee\/ru\/#\/schema\/logo\/image\/"},"sameAs":["https:\/\/www.facebook.com\/blowbartallinn","https:\/\/www.instagram.com\/blowbar_tallinn"]}]}},"_links":{"self":[{"href":"https:\/\/hairdeluxe.ee\/ru\/wp-json\/wp\/v2\/product\/35115","targetHints":{"allow":["GET"]}}],"collection":[{"href":"https:\/\/hairdeluxe.ee\/ru\/wp-json\/wp\/v2\/product"}],"about":[{"href":"https:\/\/hairdeluxe.ee\/ru\/wp-json\/wp\/v2\/types\/product"}],"wp:featuredmedia":[{"embeddable":true,"href":"https:\/\/hairdeluxe.ee\/ru\/wp-json\/wp\/v2\/media\/35151"}],"wp:attachment":[{"href":"https:\/\/hairdeluxe.ee\/ru\/wp-json\/wp\/v2\/media?parent=35115"}],"wp:term":[{"taxonomy":"product_brand","embeddable":true,"href":"https:\/\/hairdeluxe.ee\/ru\/wp-json\/wp\/v2\/product_brand?post=35115"},{"taxonomy":"product_cat","embeddable":true,"href":"https:\/\/hairdeluxe.ee\/ru\/wp-json\/wp\/v2\/product_cat?post=35115"},{"taxonomy":"product_tag","embeddable":true,"href":"https:\/\/hairdeluxe.ee\/ru\/wp-json\/wp\/v2\/product_tag?post=35115"}],"curies":[{"name":"wp","href":"https:\/\/api.w.org\/{rel}","templated":true}]}}