{"id":35195,"date":"2024-02-03T09:10:41","date_gmt":"2024-02-03T07:10:41","guid":{"rendered":"https:\/\/blowbar.ee\/toode\/balmain-hair-professionaalne-varvikamm-juuksurile-color-comb-black\/"},"modified":"2025-03-18T19:22:30","modified_gmt":"2025-03-18T19:22:30","slug":"balmain-professionaalne-varvikamm-juuksurile-color-comb-black","status":"publish","type":"product","link":"https:\/\/hairdeluxe.ee\/ru\/product\/balmain-professionaalne-varvikamm-juuksurile-color-comb-black\/","title":{"rendered":"BALMAIN HAIR professionaalne v\u00e4rvikamm juuksurile \/ Color Comb Black"},"content":{"rendered":"","protected":false},"excerpt":{"rendered":"<p>K\u00e4sitsi viimistletud ja poleeritud professionaalne kamm mugavaks v\u00e4rvimiseks ja pusade lahtiharutamiseks. M\u00f5eldud juuksev\u00e4rvi h\u00f5lpsaks jaotamiseks l\u00e4bi juuste.<br \/>\nValmistatud vastupidavast, antistaatiliste omadustega tselluloosatsetaadist. Erinevalt survevaluga valmistatud kammidest poleeritakse k\u00e4sitsi nikerdatud kammid hiljem, et tagada hammaste siledus ning teravate servade puudumine, et v\u00e4ltida kahjustusi ja l\u00f5henenud juukseotsi.\u00a0Sobib k\u00f5ikidele soengutele.<br \/>\n&#8212; Vastupidav tselluloosatsetaat<br \/>\n&#8212; Antistaatilised omadused<br \/>\n&#8212; K\u00e4sitsi valmistatud ja poleeritud<\/p>\n<p>Osa kammide kollektsioonist: Tekstuurikamm | Kontuurkamm | L\u00f5ikekamm<\/p>\n","protected":false},"featured_media":35194,"template":"","meta":[],"product_brand":[464],"product_cat":[266,265,128,121],"product_tag":[],"class_list":{"0":"post-35195","1":"product","2":"type-product","3":"status-publish","4":"has-post-thumbnail","6":"product_brand-balmain-hair","7":"product_cat-balmain-hair","8":"product_cat-brandid","9":"product_cat-kammid-harjad","10":"product_cat-koik-tooted","12":"first","13":"instock","14":"taxable","15":"shipping-taxable","16":"purchasable","17":"product-type-simple","18":"add-to-wishlist-after_add_to_cart"},"yoast_head":"<!-- This site is optimized with the Yoast SEO plugin v27.4 - https:\/\/yoast.com\/product\/yoast-seo-wordpress\/ -->\n<title>BALMAIN HAIR professionaalne v\u00e4rvikamm juuksurile \/ Color Comb Black - Hair Deluxe<\/title>\n<meta name=\"robots\" content=\"index, follow, max-snippet:-1, max-image-preview:large, max-video-preview:-1\" \/>\n<link rel=\"canonical\" href=\"https:\/\/hairdeluxe.ee\/ru\/product\/balmain-professionaalne-varvikamm-juuksurile-color-comb-black\/\" \/>\n<meta property=\"og:locale\" content=\"ru_RU\" \/>\n<meta property=\"og:type\" content=\"article\" \/>\n<meta property=\"og:title\" content=\"BALMAIN HAIR professionaalne v\u00e4rvikamm juuksurile \/ Color Comb Black - Hair Deluxe\" \/>\n<meta property=\"og:description\" content=\"K\u00e4sitsi viimistletud ja poleeritud professionaalne kamm mugavaks v\u00e4rvimiseks ja pusade lahtiharutamiseks. M\u00f5eldud juuksev\u00e4rvi h\u00f5lpsaks jaotamiseks l\u00e4bi juuste. Valmistatud vastupidavast, antistaatiliste omadustega tselluloosatsetaadist. Erinevalt survevaluga valmistatud kammidest poleeritakse k\u00e4sitsi nikerdatud kammid hiljem, et tagada hammaste siledus ning teravate servade puudumine, et v\u00e4ltida kahjustusi ja l\u00f5henenud juukseotsi.\u00a0Sobib k\u00f5ikidele soengutele. - Vastupidav tselluloosatsetaat - Antistaatilised omadused - K\u00e4sitsi valmistatud ja poleeritud  Osa kammide kollektsioonist: Tekstuurikamm | Kontuurkamm | L\u00f5ikekamm\" \/>\n<meta property=\"og:url\" content=\"https:\/\/hairdeluxe.ee\/ru\/product\/balmain-professionaalne-varvikamm-juuksurile-color-comb-black\/\" \/>\n<meta property=\"og:site_name\" content=\"Hair Deluxe\" \/>\n<meta property=\"article:publisher\" content=\"https:\/\/www.facebook.com\/blowbartallinn\" \/>\n<meta property=\"article:modified_time\" content=\"2025-03-18T19:22:30+00:00\" \/>\n<meta property=\"og:image\" content=\"https:\/\/hairdeluxe.ee\/wp-content\/uploads\/2024\/02\/balmainhair_tools_colorcomb_black_800x800_1.jpg\" \/>\n\t<meta property=\"og:image:width\" content=\"800\" \/>\n\t<meta property=\"og:image:height\" content=\"800\" \/>\n\t<meta property=\"og:image:type\" content=\"image\/jpeg\" \/>\n<meta name=\"twitter:card\" content=\"summary_large_image\" \/>\n<script type=\"application\/ld+json\" class=\"yoast-schema-graph\">{\"@context\":\"https:\\\/\\\/schema.org\",\"@graph\":[{\"@type\":\"WebPage\",\"@id\":\"https:\\\/\\\/hairdeluxe.ee\\\/ru\\\/product\\\/balmain-professionaalne-varvikamm-juuksurile-color-comb-black\\\/\",\"url\":\"https:\\\/\\\/hairdeluxe.ee\\\/ru\\\/product\\\/balmain-professionaalne-varvikamm-juuksurile-color-comb-black\\\/\",\"name\":\"BALMAIN HAIR professionaalne v\u00e4rvikamm juuksurile \\\/ Color Comb Black - Hair Deluxe\",\"isPartOf\":{\"@id\":\"https:\\\/\\\/hairdeluxe.ee\\\/ru\\\/#website\"},\"primaryImageOfPage\":{\"@id\":\"https:\\\/\\\/hairdeluxe.ee\\\/ru\\\/product\\\/balmain-professionaalne-varvikamm-juuksurile-color-comb-black\\\/#primaryimage\"},\"image\":{\"@id\":\"https:\\\/\\\/hairdeluxe.ee\\\/ru\\\/product\\\/balmain-professionaalne-varvikamm-juuksurile-color-comb-black\\\/#primaryimage\"},\"thumbnailUrl\":\"https:\\\/\\\/hairdeluxe.ee\\\/wp-content\\\/uploads\\\/2024\\\/02\\\/balmainhair_tools_colorcomb_black_800x800_1.jpg\",\"datePublished\":\"2024-02-03T07:10:41+00:00\",\"dateModified\":\"2025-03-18T19:22:30+00:00\",\"breadcrumb\":{\"@id\":\"https:\\\/\\\/hairdeluxe.ee\\\/ru\\\/product\\\/balmain-professionaalne-varvikamm-juuksurile-color-comb-black\\\/#breadcrumb\"},\"inLanguage\":\"ru-RU\",\"potentialAction\":[{\"@type\":\"ReadAction\",\"target\":[\"https:\\\/\\\/hairdeluxe.ee\\\/ru\\\/product\\\/balmain-professionaalne-varvikamm-juuksurile-color-comb-black\\\/\"]}]},{\"@type\":\"ImageObject\",\"inLanguage\":\"ru-RU\",\"@id\":\"https:\\\/\\\/hairdeluxe.ee\\\/ru\\\/product\\\/balmain-professionaalne-varvikamm-juuksurile-color-comb-black\\\/#primaryimage\",\"url\":\"https:\\\/\\\/hairdeluxe.ee\\\/wp-content\\\/uploads\\\/2024\\\/02\\\/balmainhair_tools_colorcomb_black_800x800_1.jpg\",\"contentUrl\":\"https:\\\/\\\/hairdeluxe.ee\\\/wp-content\\\/uploads\\\/2024\\\/02\\\/balmainhair_tools_colorcomb_black_800x800_1.jpg\",\"width\":800,\"height\":800},{\"@type\":\"BreadcrumbList\",\"@id\":\"https:\\\/\\\/hairdeluxe.ee\\\/ru\\\/product\\\/balmain-professionaalne-varvikamm-juuksurile-color-comb-black\\\/#breadcrumb\",\"itemListElement\":[{\"@type\":\"ListItem\",\"position\":1,\"name\":\"Home\",\"item\":\"https:\\\/\\\/hairdeluxe.ee\\\/ru\\\/\"},{\"@type\":\"ListItem\",\"position\":2,\"name\":\"\u041c\u0430\u0433\u0430\u0437\u0438\u043d\",\"item\":\"https:\\\/\\\/hairdeluxe.ee\\\/ru\\\/shop\\\/\"},{\"@type\":\"ListItem\",\"position\":3,\"name\":\"BALMAIN HAIR professionaalne v\u00e4rvikamm juuksurile \\\/ Color Comb Black\"}]},{\"@type\":\"WebSite\",\"@id\":\"https:\\\/\\\/hairdeluxe.ee\\\/ru\\\/#website\",\"url\":\"https:\\\/\\\/hairdeluxe.ee\\\/ru\\\/\",\"name\":\"Hair Deluxe\",\"description\":\"Highlight your natural beauty\",\"publisher\":{\"@id\":\"https:\\\/\\\/hairdeluxe.ee\\\/ru\\\/#organization\"},\"potentialAction\":[{\"@type\":\"SearchAction\",\"target\":{\"@type\":\"EntryPoint\",\"urlTemplate\":\"https:\\\/\\\/hairdeluxe.ee\\\/ru\\\/?s={search_term_string}\"},\"query-input\":{\"@type\":\"PropertyValueSpecification\",\"valueRequired\":true,\"valueName\":\"search_term_string\"}}],\"inLanguage\":\"ru-RU\"},{\"@type\":\"Organization\",\"@id\":\"https:\\\/\\\/hairdeluxe.ee\\\/ru\\\/#organization\",\"name\":\"Hair Deluxe\",\"url\":\"https:\\\/\\\/hairdeluxe.ee\\\/ru\\\/\",\"logo\":{\"@type\":\"ImageObject\",\"inLanguage\":\"ru-RU\",\"@id\":\"https:\\\/\\\/hairdeluxe.ee\\\/ru\\\/#\\\/schema\\\/logo\\\/image\\\/\",\"url\":\"https:\\\/\\\/hairdeluxe.ee\\\/wp-content\\\/uploads\\\/2024\\\/06\\\/Hair-Deluxe-Logo-Dark-font.png\",\"contentUrl\":\"https:\\\/\\\/hairdeluxe.ee\\\/wp-content\\\/uploads\\\/2024\\\/06\\\/Hair-Deluxe-Logo-Dark-font.png\",\"width\":467,\"height\":177,\"caption\":\"Hair Deluxe\"},\"image\":{\"@id\":\"https:\\\/\\\/hairdeluxe.ee\\\/ru\\\/#\\\/schema\\\/logo\\\/image\\\/\"},\"sameAs\":[\"https:\\\/\\\/www.facebook.com\\\/blowbartallinn\",\"https:\\\/\\\/www.instagram.com\\\/blowbar_tallinn\"]}]}<\/script>\n<!-- \/ Yoast SEO plugin. -->","yoast_head_json":{"title":"BALMAIN HAIR professionaalne v\u00e4rvikamm juuksurile \/ Color Comb Black - Hair Deluxe","robots":{"index":"index","follow":"follow","max-snippet":"max-snippet:-1","max-image-preview":"max-image-preview:large","max-video-preview":"max-video-preview:-1"},"canonical":"https:\/\/hairdeluxe.ee\/ru\/product\/balmain-professionaalne-varvikamm-juuksurile-color-comb-black\/","og_locale":"ru_RU","og_type":"article","og_title":"BALMAIN HAIR professionaalne v\u00e4rvikamm juuksurile \/ Color Comb Black - Hair Deluxe","og_description":"K\u00e4sitsi viimistletud ja poleeritud professionaalne kamm mugavaks v\u00e4rvimiseks ja pusade lahtiharutamiseks. M\u00f5eldud juuksev\u00e4rvi h\u00f5lpsaks jaotamiseks l\u00e4bi juuste. Valmistatud vastupidavast, antistaatiliste omadustega tselluloosatsetaadist. Erinevalt survevaluga valmistatud kammidest poleeritakse k\u00e4sitsi nikerdatud kammid hiljem, et tagada hammaste siledus ning teravate servade puudumine, et v\u00e4ltida kahjustusi ja l\u00f5henenud juukseotsi.\u00a0Sobib k\u00f5ikidele soengutele. - Vastupidav tselluloosatsetaat - Antistaatilised omadused - K\u00e4sitsi valmistatud ja poleeritud  Osa kammide kollektsioonist: Tekstuurikamm | Kontuurkamm | L\u00f5ikekamm","og_url":"https:\/\/hairdeluxe.ee\/ru\/product\/balmain-professionaalne-varvikamm-juuksurile-color-comb-black\/","og_site_name":"Hair Deluxe","article_publisher":"https:\/\/www.facebook.com\/blowbartallinn","article_modified_time":"2025-03-18T19:22:30+00:00","og_image":[{"width":800,"height":800,"url":"https:\/\/hairdeluxe.ee\/wp-content\/uploads\/2024\/02\/balmainhair_tools_colorcomb_black_800x800_1.jpg","type":"image\/jpeg"}],"twitter_card":"summary_large_image","schema":{"@context":"https:\/\/schema.org","@graph":[{"@type":"WebPage","@id":"https:\/\/hairdeluxe.ee\/ru\/product\/balmain-professionaalne-varvikamm-juuksurile-color-comb-black\/","url":"https:\/\/hairdeluxe.ee\/ru\/product\/balmain-professionaalne-varvikamm-juuksurile-color-comb-black\/","name":"BALMAIN HAIR professionaalne v\u00e4rvikamm juuksurile \/ Color Comb Black - Hair Deluxe","isPartOf":{"@id":"https:\/\/hairdeluxe.ee\/ru\/#website"},"primaryImageOfPage":{"@id":"https:\/\/hairdeluxe.ee\/ru\/product\/balmain-professionaalne-varvikamm-juuksurile-color-comb-black\/#primaryimage"},"image":{"@id":"https:\/\/hairdeluxe.ee\/ru\/product\/balmain-professionaalne-varvikamm-juuksurile-color-comb-black\/#primaryimage"},"thumbnailUrl":"https:\/\/hairdeluxe.ee\/wp-content\/uploads\/2024\/02\/balmainhair_tools_colorcomb_black_800x800_1.jpg","datePublished":"2024-02-03T07:10:41+00:00","dateModified":"2025-03-18T19:22:30+00:00","breadcrumb":{"@id":"https:\/\/hairdeluxe.ee\/ru\/product\/balmain-professionaalne-varvikamm-juuksurile-color-comb-black\/#breadcrumb"},"inLanguage":"ru-RU","potentialAction":[{"@type":"ReadAction","target":["https:\/\/hairdeluxe.ee\/ru\/product\/balmain-professionaalne-varvikamm-juuksurile-color-comb-black\/"]}]},{"@type":"ImageObject","inLanguage":"ru-RU","@id":"https:\/\/hairdeluxe.ee\/ru\/product\/balmain-professionaalne-varvikamm-juuksurile-color-comb-black\/#primaryimage","url":"https:\/\/hairdeluxe.ee\/wp-content\/uploads\/2024\/02\/balmainhair_tools_colorcomb_black_800x800_1.jpg","contentUrl":"https:\/\/hairdeluxe.ee\/wp-content\/uploads\/2024\/02\/balmainhair_tools_colorcomb_black_800x800_1.jpg","width":800,"height":800},{"@type":"BreadcrumbList","@id":"https:\/\/hairdeluxe.ee\/ru\/product\/balmain-professionaalne-varvikamm-juuksurile-color-comb-black\/#breadcrumb","itemListElement":[{"@type":"ListItem","position":1,"name":"Home","item":"https:\/\/hairdeluxe.ee\/ru\/"},{"@type":"ListItem","position":2,"name":"\u041c\u0430\u0433\u0430\u0437\u0438\u043d","item":"https:\/\/hairdeluxe.ee\/ru\/shop\/"},{"@type":"ListItem","position":3,"name":"BALMAIN HAIR professionaalne v\u00e4rvikamm juuksurile \/ Color Comb Black"}]},{"@type":"WebSite","@id":"https:\/\/hairdeluxe.ee\/ru\/#website","url":"https:\/\/hairdeluxe.ee\/ru\/","name":"Hair Deluxe","description":"Highlight your natural beauty","publisher":{"@id":"https:\/\/hairdeluxe.ee\/ru\/#organization"},"potentialAction":[{"@type":"SearchAction","target":{"@type":"EntryPoint","urlTemplate":"https:\/\/hairdeluxe.ee\/ru\/?s={search_term_string}"},"query-input":{"@type":"PropertyValueSpecification","valueRequired":true,"valueName":"search_term_string"}}],"inLanguage":"ru-RU"},{"@type":"Organization","@id":"https:\/\/hairdeluxe.ee\/ru\/#organization","name":"Hair Deluxe","url":"https:\/\/hairdeluxe.ee\/ru\/","logo":{"@type":"ImageObject","inLanguage":"ru-RU","@id":"https:\/\/hairdeluxe.ee\/ru\/#\/schema\/logo\/image\/","url":"https:\/\/hairdeluxe.ee\/wp-content\/uploads\/2024\/06\/Hair-Deluxe-Logo-Dark-font.png","contentUrl":"https:\/\/hairdeluxe.ee\/wp-content\/uploads\/2024\/06\/Hair-Deluxe-Logo-Dark-font.png","width":467,"height":177,"caption":"Hair Deluxe"},"image":{"@id":"https:\/\/hairdeluxe.ee\/ru\/#\/schema\/logo\/image\/"},"sameAs":["https:\/\/www.facebook.com\/blowbartallinn","https:\/\/www.instagram.com\/blowbar_tallinn"]}]}},"_links":{"self":[{"href":"https:\/\/hairdeluxe.ee\/ru\/wp-json\/wp\/v2\/product\/35195","targetHints":{"allow":["GET"]}}],"collection":[{"href":"https:\/\/hairdeluxe.ee\/ru\/wp-json\/wp\/v2\/product"}],"about":[{"href":"https:\/\/hairdeluxe.ee\/ru\/wp-json\/wp\/v2\/types\/product"}],"wp:featuredmedia":[{"embeddable":true,"href":"https:\/\/hairdeluxe.ee\/ru\/wp-json\/wp\/v2\/media\/35194"}],"wp:attachment":[{"href":"https:\/\/hairdeluxe.ee\/ru\/wp-json\/wp\/v2\/media?parent=35195"}],"wp:term":[{"taxonomy":"product_brand","embeddable":true,"href":"https:\/\/hairdeluxe.ee\/ru\/wp-json\/wp\/v2\/product_brand?post=35195"},{"taxonomy":"product_cat","embeddable":true,"href":"https:\/\/hairdeluxe.ee\/ru\/wp-json\/wp\/v2\/product_cat?post=35195"},{"taxonomy":"product_tag","embeddable":true,"href":"https:\/\/hairdeluxe.ee\/ru\/wp-json\/wp\/v2\/product_tag?post=35195"}],"curies":[{"name":"wp","href":"https:\/\/api.w.org\/{rel}","templated":true}]}}