{"id":35415,"date":"2024-02-03T09:38:20","date_gmt":"2024-02-03T07:38:20","guid":{"rendered":"https:\/\/blowbar.ee\/toode\/balmain-hair-professionaalne-infrapuna-foon-professional-blowdryer-infrared-black-gold\/"},"modified":"2025-03-18T19:22:29","modified_gmt":"2025-03-18T19:22:29","slug":"balmain-professionaalne-infrapuna-foon-professional-blowdryer-infrared-black-gold","status":"publish","type":"product","link":"https:\/\/hairdeluxe.ee\/ru\/product\/balmain-professionaalne-infrapuna-foon-professional-blowdryer-infrared-black-gold\/","title":{"rendered":"BALMAIN HAIR professionaalne infrapuna f\u00f6\u00f6n \/ Professional Blowdryer Infrared Black &#038; Gold"},"content":{"rendered":"","protected":false},"excerpt":{"rendered":"<p>T\u00e4ielikult uuenenud Balmain Hair f\u00f6\u00f6n, mille uuel ja t\u00f6\u00f6kindlal tehnoloogial p\u00f5hinev DC-mootor koos AC-otsikuga tagab v\u00e4ga tugeva \u00f5huvoo, kiirendades oluliselt <b>juuste kuivatamiseks kuluvat aega.<br \/>\n<\/b>Uuenenud v\u00e4lisdisainis on kasutatud ergonoomilist, k\u00e4es mugavalt hoidvat mittelibisevat materjali. See k\u00f5ik on kombineeritud omavahel Balmain Hair luksuslike p\u00f5hiv\u00e4rvidega, milleks on l\u00e4ikiv ja matt must kuldsete elementidega.<\/p>\n<p>Infrapuna valgus aitab \u00fchtlasi parandada nahaalust vereringet ja seel\u00e4bi v\u00e4hendab juuste v\u00e4ljalangemist.<br \/>\n<i>Built-in Ionic <\/i>tehnoloogial p\u00f5hinev generaator toodab f\u00f6\u00f6ni t\u00f6\u00f6tamise ajal miljoneid negatiivse laenguga ioone. Uus tehnoloogia tagab juuste kuivatamise k\u00e4igus kutiikuli kiirema sulgumise, s\u00e4ilitades juustes sees olevat niiskust, samal ajal v\u00e4ltides pusade tekkimist ja tagades soengu s\u00e4rava ning sileda l\u00f5pptulemuse.<br \/>\n2 kiiruse ja 3 t\u00e4pse kuumuse seadistusega (sealhulgas cool shoti funktsioon) varustatud f\u00f6\u00f6n aitab v\u00e4ltida kuumakahjustusi, et kaitsta juuste loomulikku s\u00e4ra.<\/p>\n<p>&#8212; Infrapuna valgus<br \/>\n&#8212; T\u00e4ielikult uuenenud disain<br \/>\n&#8212; 2100-2500W DC-mootor + AC otsik<br \/>\n&#8212; T\u00e4ielikult uuendatud <i>Built-in Ionic<\/i>-tehnoloogia<br \/>\n&#8212; 2 kiirust, 3 temperatuuri, kiire jahutusfunktsioon<br \/>\n&#8212; V\u00e4iksem m\u00fcratase<br \/>\n&#8212; Kaal 447g<br \/>\n&#8212; P\u00f6\u00f6rleva otsaga kaabli pikkus 3<\/p>\n<p><strong>Kasutamine:<\/strong> Pihustage juustele Thermal protection kuumakaitse spreid. Seej\u00e4rel paigaldage otsik f\u00f6\u00f6nile. Valige soovitud temperatuur ja kiirus. Hoidge f\u00f6\u00f6n peanahast sellisel kaugusel, et tunnete soojust penahal, mitte kuumust!<\/p>\n","protected":false},"featured_media":35410,"template":"","meta":[],"product_brand":[464],"product_cat":[266,265,112,121],"product_tag":[],"class_list":{"0":"post-35415","1":"product","2":"type-product","3":"status-publish","4":"has-post-thumbnail","6":"product_brand-balmain-hair","7":"product_cat-balmain-hair","8":"product_cat-brandid","9":"product_cat-elektroonika","10":"product_cat-koik-tooted","12":"first","13":"instock","14":"taxable","15":"shipping-taxable","16":"purchasable","17":"product-type-simple","18":"add-to-wishlist-after_add_to_cart"},"yoast_head":"<!-- This site is optimized with the Yoast SEO plugin v27.4 - https:\/\/yoast.com\/product\/yoast-seo-wordpress\/ -->\n<title>BALMAIN HAIR professionaalne infrapuna f\u00f6\u00f6n \/ Professional Blowdryer Infrared Black &amp; Gold - Hair Deluxe<\/title>\n<meta name=\"robots\" content=\"index, follow, max-snippet:-1, max-image-preview:large, max-video-preview:-1\" \/>\n<link rel=\"canonical\" href=\"https:\/\/hairdeluxe.ee\/ru\/product\/balmain-professionaalne-infrapuna-foon-professional-blowdryer-infrared-black-gold\/\" \/>\n<meta property=\"og:locale\" content=\"ru_RU\" \/>\n<meta property=\"og:type\" content=\"article\" \/>\n<meta property=\"og:title\" content=\"BALMAIN HAIR professionaalne infrapuna f\u00f6\u00f6n \/ Professional Blowdryer Infrared Black &amp; Gold - Hair Deluxe\" \/>\n<meta property=\"og:description\" content=\"T\u00e4ielikult uuenenud Balmain Hair f\u00f6\u00f6n, mille uuel ja t\u00f6\u00f6kindlal tehnoloogial p\u00f5hinev DC-mootor koos AC-otsikuga tagab v\u00e4ga tugeva \u00f5huvoo, kiirendades oluliselt juuste kuivatamiseks kuluvat aega. Uuenenud v\u00e4lisdisainis on kasutatud ergonoomilist, k\u00e4es mugavalt hoidvat mittelibisevat materjali. See k\u00f5ik on kombineeritud omavahel Balmain Hair luksuslike p\u00f5hiv\u00e4rvidega, milleks on l\u00e4ikiv ja matt must kuldsete elementidega.  Infrapuna valgus aitab \u00fchtlasi parandada nahaalust vereringet ja seel\u00e4bi v\u00e4hendab juuste v\u00e4ljalangemist. Built-in Ionic tehnoloogial p\u00f5hinev generaator toodab f\u00f6\u00f6ni t\u00f6\u00f6tamise ajal miljoneid negatiivse laenguga ioone. Uus tehnoloogia tagab juuste kuivatamise k\u00e4igus kutiikuli kiirema sulgumise, s\u00e4ilitades juustes sees olevat niiskust, samal ajal v\u00e4ltides pusade tekkimist ja tagades soengu s\u00e4rava ning sileda l\u00f5pptulemuse. 2 kiiruse ja 3 t\u00e4pse kuumuse seadistusega (sealhulgas cool shoti funktsioon) varustatud f\u00f6\u00f6n aitab v\u00e4ltida kuumakahjustusi, et kaitsta juuste loomulikku s\u00e4ra.  - Infrapuna valgus - T\u00e4ielikult uuenenud disain - 2100-2500W DC-mootor + AC otsik - T\u00e4ielikult uuendatud Built-in Ionic-tehnoloogia - 2 kiirust, 3 temperatuuri, kiire jahutusfunktsioon - V\u00e4iksem m\u00fcratase - Kaal 447g - P\u00f6\u00f6rleva otsaga kaabli pikkus 3  Kasutamine: Pihustage juustele Thermal protection kuumakaitse spreid. Seej\u00e4rel paigaldage otsik f\u00f6\u00f6nile. Valige soovitud temperatuur ja kiirus. Hoidge f\u00f6\u00f6n peanahast sellisel kaugusel, et tunnete soojust penahal, mitte kuumust!\" \/>\n<meta property=\"og:url\" content=\"https:\/\/hairdeluxe.ee\/ru\/product\/balmain-professionaalne-infrapuna-foon-professional-blowdryer-infrared-black-gold\/\" \/>\n<meta property=\"og:site_name\" content=\"Hair Deluxe\" \/>\n<meta property=\"article:publisher\" content=\"https:\/\/www.facebook.com\/blowbartallinn\" \/>\n<meta property=\"article:modified_time\" content=\"2025-03-18T19:22:29+00:00\" \/>\n<meta property=\"og:image\" content=\"https:\/\/hairdeluxe.ee\/wp-content\/uploads\/2024\/02\/balmainhair_tools_professionalblowdryer_tl_bd_b_eu_01_800x800_d894.jpg\" \/>\n\t<meta property=\"og:image:width\" content=\"800\" \/>\n\t<meta property=\"og:image:height\" content=\"800\" \/>\n\t<meta property=\"og:image:type\" content=\"image\/jpeg\" \/>\n<meta name=\"twitter:card\" content=\"summary_large_image\" \/>\n<script type=\"application\/ld+json\" class=\"yoast-schema-graph\">{\"@context\":\"https:\\\/\\\/schema.org\",\"@graph\":[{\"@type\":\"WebPage\",\"@id\":\"https:\\\/\\\/hairdeluxe.ee\\\/ru\\\/product\\\/balmain-professionaalne-infrapuna-foon-professional-blowdryer-infrared-black-gold\\\/\",\"url\":\"https:\\\/\\\/hairdeluxe.ee\\\/ru\\\/product\\\/balmain-professionaalne-infrapuna-foon-professional-blowdryer-infrared-black-gold\\\/\",\"name\":\"BALMAIN HAIR professionaalne infrapuna f\u00f6\u00f6n \\\/ Professional Blowdryer Infrared Black & Gold - Hair Deluxe\",\"isPartOf\":{\"@id\":\"https:\\\/\\\/hairdeluxe.ee\\\/ru\\\/#website\"},\"primaryImageOfPage\":{\"@id\":\"https:\\\/\\\/hairdeluxe.ee\\\/ru\\\/product\\\/balmain-professionaalne-infrapuna-foon-professional-blowdryer-infrared-black-gold\\\/#primaryimage\"},\"image\":{\"@id\":\"https:\\\/\\\/hairdeluxe.ee\\\/ru\\\/product\\\/balmain-professionaalne-infrapuna-foon-professional-blowdryer-infrared-black-gold\\\/#primaryimage\"},\"thumbnailUrl\":\"https:\\\/\\\/hairdeluxe.ee\\\/wp-content\\\/uploads\\\/2024\\\/02\\\/balmainhair_tools_professionalblowdryer_tl_bd_b_eu_01_800x800_d894.jpg\",\"datePublished\":\"2024-02-03T07:38:20+00:00\",\"dateModified\":\"2025-03-18T19:22:29+00:00\",\"breadcrumb\":{\"@id\":\"https:\\\/\\\/hairdeluxe.ee\\\/ru\\\/product\\\/balmain-professionaalne-infrapuna-foon-professional-blowdryer-infrared-black-gold\\\/#breadcrumb\"},\"inLanguage\":\"ru-RU\",\"potentialAction\":[{\"@type\":\"ReadAction\",\"target\":[\"https:\\\/\\\/hairdeluxe.ee\\\/ru\\\/product\\\/balmain-professionaalne-infrapuna-foon-professional-blowdryer-infrared-black-gold\\\/\"]}]},{\"@type\":\"ImageObject\",\"inLanguage\":\"ru-RU\",\"@id\":\"https:\\\/\\\/hairdeluxe.ee\\\/ru\\\/product\\\/balmain-professionaalne-infrapuna-foon-professional-blowdryer-infrared-black-gold\\\/#primaryimage\",\"url\":\"https:\\\/\\\/hairdeluxe.ee\\\/wp-content\\\/uploads\\\/2024\\\/02\\\/balmainhair_tools_professionalblowdryer_tl_bd_b_eu_01_800x800_d894.jpg\",\"contentUrl\":\"https:\\\/\\\/hairdeluxe.ee\\\/wp-content\\\/uploads\\\/2024\\\/02\\\/balmainhair_tools_professionalblowdryer_tl_bd_b_eu_01_800x800_d894.jpg\",\"width\":800,\"height\":800},{\"@type\":\"BreadcrumbList\",\"@id\":\"https:\\\/\\\/hairdeluxe.ee\\\/ru\\\/product\\\/balmain-professionaalne-infrapuna-foon-professional-blowdryer-infrared-black-gold\\\/#breadcrumb\",\"itemListElement\":[{\"@type\":\"ListItem\",\"position\":1,\"name\":\"Home\",\"item\":\"https:\\\/\\\/hairdeluxe.ee\\\/ru\\\/\"},{\"@type\":\"ListItem\",\"position\":2,\"name\":\"\u041c\u0430\u0433\u0430\u0437\u0438\u043d\",\"item\":\"https:\\\/\\\/hairdeluxe.ee\\\/ru\\\/shop\\\/\"},{\"@type\":\"ListItem\",\"position\":3,\"name\":\"BALMAIN HAIR professionaalne infrapuna f\u00f6\u00f6n \\\/ Professional Blowdryer Infrared Black &#038; Gold\"}]},{\"@type\":\"WebSite\",\"@id\":\"https:\\\/\\\/hairdeluxe.ee\\\/ru\\\/#website\",\"url\":\"https:\\\/\\\/hairdeluxe.ee\\\/ru\\\/\",\"name\":\"Hair Deluxe\",\"description\":\"Highlight your natural beauty\",\"publisher\":{\"@id\":\"https:\\\/\\\/hairdeluxe.ee\\\/ru\\\/#organization\"},\"potentialAction\":[{\"@type\":\"SearchAction\",\"target\":{\"@type\":\"EntryPoint\",\"urlTemplate\":\"https:\\\/\\\/hairdeluxe.ee\\\/ru\\\/?s={search_term_string}\"},\"query-input\":{\"@type\":\"PropertyValueSpecification\",\"valueRequired\":true,\"valueName\":\"search_term_string\"}}],\"inLanguage\":\"ru-RU\"},{\"@type\":\"Organization\",\"@id\":\"https:\\\/\\\/hairdeluxe.ee\\\/ru\\\/#organization\",\"name\":\"Hair Deluxe\",\"url\":\"https:\\\/\\\/hairdeluxe.ee\\\/ru\\\/\",\"logo\":{\"@type\":\"ImageObject\",\"inLanguage\":\"ru-RU\",\"@id\":\"https:\\\/\\\/hairdeluxe.ee\\\/ru\\\/#\\\/schema\\\/logo\\\/image\\\/\",\"url\":\"https:\\\/\\\/hairdeluxe.ee\\\/wp-content\\\/uploads\\\/2024\\\/06\\\/Hair-Deluxe-Logo-Dark-font.png\",\"contentUrl\":\"https:\\\/\\\/hairdeluxe.ee\\\/wp-content\\\/uploads\\\/2024\\\/06\\\/Hair-Deluxe-Logo-Dark-font.png\",\"width\":467,\"height\":177,\"caption\":\"Hair Deluxe\"},\"image\":{\"@id\":\"https:\\\/\\\/hairdeluxe.ee\\\/ru\\\/#\\\/schema\\\/logo\\\/image\\\/\"},\"sameAs\":[\"https:\\\/\\\/www.facebook.com\\\/blowbartallinn\",\"https:\\\/\\\/www.instagram.com\\\/blowbar_tallinn\"]}]}<\/script>\n<!-- \/ Yoast SEO plugin. -->","yoast_head_json":{"title":"BALMAIN HAIR professionaalne infrapuna f\u00f6\u00f6n \/ Professional Blowdryer Infrared Black & Gold - Hair Deluxe","robots":{"index":"index","follow":"follow","max-snippet":"max-snippet:-1","max-image-preview":"max-image-preview:large","max-video-preview":"max-video-preview:-1"},"canonical":"https:\/\/hairdeluxe.ee\/ru\/product\/balmain-professionaalne-infrapuna-foon-professional-blowdryer-infrared-black-gold\/","og_locale":"ru_RU","og_type":"article","og_title":"BALMAIN HAIR professionaalne infrapuna f\u00f6\u00f6n \/ Professional Blowdryer Infrared Black & Gold - Hair Deluxe","og_description":"T\u00e4ielikult uuenenud Balmain Hair f\u00f6\u00f6n, mille uuel ja t\u00f6\u00f6kindlal tehnoloogial p\u00f5hinev DC-mootor koos AC-otsikuga tagab v\u00e4ga tugeva \u00f5huvoo, kiirendades oluliselt juuste kuivatamiseks kuluvat aega. Uuenenud v\u00e4lisdisainis on kasutatud ergonoomilist, k\u00e4es mugavalt hoidvat mittelibisevat materjali. See k\u00f5ik on kombineeritud omavahel Balmain Hair luksuslike p\u00f5hiv\u00e4rvidega, milleks on l\u00e4ikiv ja matt must kuldsete elementidega.  Infrapuna valgus aitab \u00fchtlasi parandada nahaalust vereringet ja seel\u00e4bi v\u00e4hendab juuste v\u00e4ljalangemist. Built-in Ionic tehnoloogial p\u00f5hinev generaator toodab f\u00f6\u00f6ni t\u00f6\u00f6tamise ajal miljoneid negatiivse laenguga ioone. Uus tehnoloogia tagab juuste kuivatamise k\u00e4igus kutiikuli kiirema sulgumise, s\u00e4ilitades juustes sees olevat niiskust, samal ajal v\u00e4ltides pusade tekkimist ja tagades soengu s\u00e4rava ning sileda l\u00f5pptulemuse. 2 kiiruse ja 3 t\u00e4pse kuumuse seadistusega (sealhulgas cool shoti funktsioon) varustatud f\u00f6\u00f6n aitab v\u00e4ltida kuumakahjustusi, et kaitsta juuste loomulikku s\u00e4ra.  - Infrapuna valgus - T\u00e4ielikult uuenenud disain - 2100-2500W DC-mootor + AC otsik - T\u00e4ielikult uuendatud Built-in Ionic-tehnoloogia - 2 kiirust, 3 temperatuuri, kiire jahutusfunktsioon - V\u00e4iksem m\u00fcratase - Kaal 447g - P\u00f6\u00f6rleva otsaga kaabli pikkus 3  Kasutamine: Pihustage juustele Thermal protection kuumakaitse spreid. Seej\u00e4rel paigaldage otsik f\u00f6\u00f6nile. Valige soovitud temperatuur ja kiirus. Hoidge f\u00f6\u00f6n peanahast sellisel kaugusel, et tunnete soojust penahal, mitte kuumust!","og_url":"https:\/\/hairdeluxe.ee\/ru\/product\/balmain-professionaalne-infrapuna-foon-professional-blowdryer-infrared-black-gold\/","og_site_name":"Hair Deluxe","article_publisher":"https:\/\/www.facebook.com\/blowbartallinn","article_modified_time":"2025-03-18T19:22:29+00:00","og_image":[{"width":800,"height":800,"url":"https:\/\/hairdeluxe.ee\/wp-content\/uploads\/2024\/02\/balmainhair_tools_professionalblowdryer_tl_bd_b_eu_01_800x800_d894.jpg","type":"image\/jpeg"}],"twitter_card":"summary_large_image","schema":{"@context":"https:\/\/schema.org","@graph":[{"@type":"WebPage","@id":"https:\/\/hairdeluxe.ee\/ru\/product\/balmain-professionaalne-infrapuna-foon-professional-blowdryer-infrared-black-gold\/","url":"https:\/\/hairdeluxe.ee\/ru\/product\/balmain-professionaalne-infrapuna-foon-professional-blowdryer-infrared-black-gold\/","name":"BALMAIN HAIR professionaalne infrapuna f\u00f6\u00f6n \/ Professional Blowdryer Infrared Black & Gold - Hair Deluxe","isPartOf":{"@id":"https:\/\/hairdeluxe.ee\/ru\/#website"},"primaryImageOfPage":{"@id":"https:\/\/hairdeluxe.ee\/ru\/product\/balmain-professionaalne-infrapuna-foon-professional-blowdryer-infrared-black-gold\/#primaryimage"},"image":{"@id":"https:\/\/hairdeluxe.ee\/ru\/product\/balmain-professionaalne-infrapuna-foon-professional-blowdryer-infrared-black-gold\/#primaryimage"},"thumbnailUrl":"https:\/\/hairdeluxe.ee\/wp-content\/uploads\/2024\/02\/balmainhair_tools_professionalblowdryer_tl_bd_b_eu_01_800x800_d894.jpg","datePublished":"2024-02-03T07:38:20+00:00","dateModified":"2025-03-18T19:22:29+00:00","breadcrumb":{"@id":"https:\/\/hairdeluxe.ee\/ru\/product\/balmain-professionaalne-infrapuna-foon-professional-blowdryer-infrared-black-gold\/#breadcrumb"},"inLanguage":"ru-RU","potentialAction":[{"@type":"ReadAction","target":["https:\/\/hairdeluxe.ee\/ru\/product\/balmain-professionaalne-infrapuna-foon-professional-blowdryer-infrared-black-gold\/"]}]},{"@type":"ImageObject","inLanguage":"ru-RU","@id":"https:\/\/hairdeluxe.ee\/ru\/product\/balmain-professionaalne-infrapuna-foon-professional-blowdryer-infrared-black-gold\/#primaryimage","url":"https:\/\/hairdeluxe.ee\/wp-content\/uploads\/2024\/02\/balmainhair_tools_professionalblowdryer_tl_bd_b_eu_01_800x800_d894.jpg","contentUrl":"https:\/\/hairdeluxe.ee\/wp-content\/uploads\/2024\/02\/balmainhair_tools_professionalblowdryer_tl_bd_b_eu_01_800x800_d894.jpg","width":800,"height":800},{"@type":"BreadcrumbList","@id":"https:\/\/hairdeluxe.ee\/ru\/product\/balmain-professionaalne-infrapuna-foon-professional-blowdryer-infrared-black-gold\/#breadcrumb","itemListElement":[{"@type":"ListItem","position":1,"name":"Home","item":"https:\/\/hairdeluxe.ee\/ru\/"},{"@type":"ListItem","position":2,"name":"\u041c\u0430\u0433\u0430\u0437\u0438\u043d","item":"https:\/\/hairdeluxe.ee\/ru\/shop\/"},{"@type":"ListItem","position":3,"name":"BALMAIN HAIR professionaalne infrapuna f\u00f6\u00f6n \/ Professional Blowdryer Infrared Black &#038; Gold"}]},{"@type":"WebSite","@id":"https:\/\/hairdeluxe.ee\/ru\/#website","url":"https:\/\/hairdeluxe.ee\/ru\/","name":"Hair Deluxe","description":"Highlight your natural beauty","publisher":{"@id":"https:\/\/hairdeluxe.ee\/ru\/#organization"},"potentialAction":[{"@type":"SearchAction","target":{"@type":"EntryPoint","urlTemplate":"https:\/\/hairdeluxe.ee\/ru\/?s={search_term_string}"},"query-input":{"@type":"PropertyValueSpecification","valueRequired":true,"valueName":"search_term_string"}}],"inLanguage":"ru-RU"},{"@type":"Organization","@id":"https:\/\/hairdeluxe.ee\/ru\/#organization","name":"Hair Deluxe","url":"https:\/\/hairdeluxe.ee\/ru\/","logo":{"@type":"ImageObject","inLanguage":"ru-RU","@id":"https:\/\/hairdeluxe.ee\/ru\/#\/schema\/logo\/image\/","url":"https:\/\/hairdeluxe.ee\/wp-content\/uploads\/2024\/06\/Hair-Deluxe-Logo-Dark-font.png","contentUrl":"https:\/\/hairdeluxe.ee\/wp-content\/uploads\/2024\/06\/Hair-Deluxe-Logo-Dark-font.png","width":467,"height":177,"caption":"Hair Deluxe"},"image":{"@id":"https:\/\/hairdeluxe.ee\/ru\/#\/schema\/logo\/image\/"},"sameAs":["https:\/\/www.facebook.com\/blowbartallinn","https:\/\/www.instagram.com\/blowbar_tallinn"]}]}},"_links":{"self":[{"href":"https:\/\/hairdeluxe.ee\/ru\/wp-json\/wp\/v2\/product\/35415","targetHints":{"allow":["GET"]}}],"collection":[{"href":"https:\/\/hairdeluxe.ee\/ru\/wp-json\/wp\/v2\/product"}],"about":[{"href":"https:\/\/hairdeluxe.ee\/ru\/wp-json\/wp\/v2\/types\/product"}],"wp:featuredmedia":[{"embeddable":true,"href":"https:\/\/hairdeluxe.ee\/ru\/wp-json\/wp\/v2\/media\/35410"}],"wp:attachment":[{"href":"https:\/\/hairdeluxe.ee\/ru\/wp-json\/wp\/v2\/media?parent=35415"}],"wp:term":[{"taxonomy":"product_brand","embeddable":true,"href":"https:\/\/hairdeluxe.ee\/ru\/wp-json\/wp\/v2\/product_brand?post=35415"},{"taxonomy":"product_cat","embeddable":true,"href":"https:\/\/hairdeluxe.ee\/ru\/wp-json\/wp\/v2\/product_cat?post=35415"},{"taxonomy":"product_tag","embeddable":true,"href":"https:\/\/hairdeluxe.ee\/ru\/wp-json\/wp\/v2\/product_tag?post=35415"}],"curies":[{"name":"wp","href":"https:\/\/api.w.org\/{rel}","templated":true}]}}