{"id":35432,"date":"2024-02-03T09:38:40","date_gmt":"2024-02-03T07:38:40","guid":{"rendered":"https:\/\/blowbar.ee\/?post_type=product&#038;p=35432"},"modified":"2025-03-18T19:22:28","modified_gmt":"2025-03-18T19:22:28","slug":"balmain-laikesprei-juuksepikendustele-professional-aftercare-shine-spray-75ml-2","status":"publish","type":"product","link":"https:\/\/hairdeluxe.ee\/ru\/product\/balmain-laikesprei-juuksepikendustele-professional-aftercare-shine-spray-75ml-2\/","title":{"rendered":"BALMAIN HAIR l\u00e4ikesprei juuksepikendustele \/ Professional Aftercare Shine Spray 75ml"},"content":{"rendered":"<p><em><strong>Koostis:<\/strong> Cyclopenlasiloxane, Phenyl trimethicone, Tocopheryl acetate panthenol, Argania spinosa kernel oil.<\/em><\/p>\n","protected":false},"excerpt":{"rendered":"<p>Juuksepikenduste ja loomulike juuste ideaalses seisukorras hoidmiseks on v\u00e4ga oluline kasutada spetsiaalselt pikendustega juustele v\u00e4lja t\u00f6\u00f6tatud professionaalseid tooteid.<br \/>\nShine Spray on spetsiaalselt loodud loomulike juuste ja juuksepikendustega juuste eest hoolitsemiseks.\u00a0Valgustpeegeldav sprei annab erakordse l\u00e4ike ja s\u00e4ra ilma juukseid koormamata.<br \/>\nKauakestva siidise viimistluse saavutamiseks.\u00a0Shine Spray on kerge, UV-kaitsega sprei, mis on rikastatud E-vitamiini ja argaania\u00f5liga.\u00a0T\u00f5mbab ligi ja peegeldab valgust, et anda juustele s\u00e4rav l\u00e4ige.\u00a0Ei muuda juukseid raskeks ega rasuseks.<br \/>\n&#8212; Viimistlusl\u00e4ikesprei pikendustega juustele<br \/>\n&#8212; Annab kauakestva ja helendava s\u00e4ra<br \/>\n&#8212; UV-kaitsega<\/p>\n<p><strong>Kasutamine:<\/strong>\u00a0Piserdada toodet 30 cm kauguselt niisketele v\u00f5i kuivadele juustele. Mitte loputada.<\/p>\n<p>Kogus: 75ml<\/p>\n","protected":false},"featured_media":35600,"template":"","meta":[],"product_brand":[464],"product_cat":[266,231,208,126,121,215,155],"product_tag":[],"class_list":{"0":"post-35432","1":"product","2":"type-product","3":"status-publish","4":"has-post-thumbnail","6":"product_brand-balmain-hair","7":"product_cat-balmain-hair","8":"product_cat-blondeeritud-juustele","9":"product_cat-juuksehooldus","10":"product_cat-juuksepikendused","11":"product_cat-koik-tooted","12":"product_cat-laige","13":"product_cat-pikenduste-jarelehoolitsus","15":"first","16":"instock","17":"taxable","18":"shipping-taxable","19":"purchasable","20":"product-type-simple","21":"add-to-wishlist-after_add_to_cart"},"yoast_head":"<!-- This site is optimized with the Yoast SEO plugin v27.5 - https:\/\/yoast.com\/product\/yoast-seo-wordpress\/ -->\n<title>BALMAIN HAIR l\u00e4ikesprei juuksepikendustele \/ Professional Aftercare Shine Spray 75ml - Hair Deluxe<\/title>\n<meta name=\"robots\" content=\"index, follow, max-snippet:-1, max-image-preview:large, max-video-preview:-1\" \/>\n<link rel=\"canonical\" href=\"https:\/\/hairdeluxe.ee\/ru\/product\/balmain-laikesprei-juuksepikendustele-professional-aftercare-shine-spray-75ml-2\/\" \/>\n<meta property=\"og:locale\" content=\"ru_RU\" \/>\n<meta property=\"og:type\" content=\"article\" \/>\n<meta property=\"og:title\" content=\"BALMAIN HAIR l\u00e4ikesprei juuksepikendustele \/ Professional Aftercare Shine Spray 75ml - Hair Deluxe\" \/>\n<meta property=\"og:description\" content=\"Juuksepikenduste ja loomulike juuste ideaalses seisukorras hoidmiseks on v\u00e4ga oluline kasutada spetsiaalselt pikendustega juustele v\u00e4lja t\u00f6\u00f6tatud professionaalseid tooteid. Shine Spray on spetsiaalselt loodud loomulike juuste ja juuksepikendustega juuste eest hoolitsemiseks.\u00a0Valgustpeegeldav sprei annab erakordse l\u00e4ike ja s\u00e4ra ilma juukseid koormamata. Kauakestva siidise viimistluse saavutamiseks.\u00a0Shine Spray on kerge, UV-kaitsega sprei, mis on rikastatud E-vitamiini ja argaania\u00f5liga.\u00a0T\u00f5mbab ligi ja peegeldab valgust, et anda juustele s\u00e4rav l\u00e4ige.\u00a0Ei muuda juukseid raskeks ega rasuseks. - Viimistlusl\u00e4ikesprei pikendustega juustele - Annab kauakestva ja helendava s\u00e4ra - UV-kaitsega  Kasutamine:\u00a0Piserdada toodet 30 cm kauguselt niisketele v\u00f5i kuivadele juustele. Mitte loputada.  Kogus: 75ml\" \/>\n<meta property=\"og:url\" content=\"https:\/\/hairdeluxe.ee\/ru\/product\/balmain-laikesprei-juuksepikendustele-professional-aftercare-shine-spray-75ml-2\/\" \/>\n<meta property=\"og:site_name\" content=\"Hair Deluxe\" \/>\n<meta property=\"article:publisher\" content=\"https:\/\/www.facebook.com\/blowbartallinn\" \/>\n<meta property=\"article:modified_time\" content=\"2025-03-18T19:22:28+00:00\" \/>\n<meta property=\"og:image\" content=\"https:\/\/hairdeluxe.ee\/wp-content\/uploads\/2024\/02\/nsmail-21.jpg\" \/>\n\t<meta property=\"og:image:width\" content=\"1185\" \/>\n\t<meta property=\"og:image:height\" content=\"1500\" \/>\n\t<meta property=\"og:image:type\" content=\"image\/jpeg\" \/>\n<meta name=\"twitter:card\" content=\"summary_large_image\" \/>\n<meta name=\"twitter:label1\" content=\"\u041f\u0440\u0438\u043c\u0435\u0440\u043d\u043e\u0435 \u0432\u0440\u0435\u043c\u044f \u0434\u043b\u044f \u0447\u0442\u0435\u043d\u0438\u044f\" \/>\n\t<meta name=\"twitter:data1\" content=\"1 \u043c\u0438\u043d\u0443\u0442\u0430\" \/>\n<script type=\"application\/ld+json\" class=\"yoast-schema-graph\">{\"@context\":\"https:\\\/\\\/schema.org\",\"@graph\":[{\"@type\":\"WebPage\",\"@id\":\"https:\\\/\\\/hairdeluxe.ee\\\/ru\\\/product\\\/balmain-laikesprei-juuksepikendustele-professional-aftercare-shine-spray-75ml-2\\\/\",\"url\":\"https:\\\/\\\/hairdeluxe.ee\\\/ru\\\/product\\\/balmain-laikesprei-juuksepikendustele-professional-aftercare-shine-spray-75ml-2\\\/\",\"name\":\"BALMAIN HAIR l\u00e4ikesprei juuksepikendustele \\\/ Professional Aftercare Shine Spray 75ml - Hair Deluxe\",\"isPartOf\":{\"@id\":\"https:\\\/\\\/hairdeluxe.ee\\\/ru\\\/#website\"},\"primaryImageOfPage\":{\"@id\":\"https:\\\/\\\/hairdeluxe.ee\\\/ru\\\/product\\\/balmain-laikesprei-juuksepikendustele-professional-aftercare-shine-spray-75ml-2\\\/#primaryimage\"},\"image\":{\"@id\":\"https:\\\/\\\/hairdeluxe.ee\\\/ru\\\/product\\\/balmain-laikesprei-juuksepikendustele-professional-aftercare-shine-spray-75ml-2\\\/#primaryimage\"},\"thumbnailUrl\":\"https:\\\/\\\/hairdeluxe.ee\\\/wp-content\\\/uploads\\\/2024\\\/02\\\/nsmail-21.jpg\",\"datePublished\":\"2024-02-03T07:38:40+00:00\",\"dateModified\":\"2025-03-18T19:22:28+00:00\",\"breadcrumb\":{\"@id\":\"https:\\\/\\\/hairdeluxe.ee\\\/ru\\\/product\\\/balmain-laikesprei-juuksepikendustele-professional-aftercare-shine-spray-75ml-2\\\/#breadcrumb\"},\"inLanguage\":\"ru-RU\",\"potentialAction\":[{\"@type\":\"ReadAction\",\"target\":[\"https:\\\/\\\/hairdeluxe.ee\\\/ru\\\/product\\\/balmain-laikesprei-juuksepikendustele-professional-aftercare-shine-spray-75ml-2\\\/\"]}]},{\"@type\":\"ImageObject\",\"inLanguage\":\"ru-RU\",\"@id\":\"https:\\\/\\\/hairdeluxe.ee\\\/ru\\\/product\\\/balmain-laikesprei-juuksepikendustele-professional-aftercare-shine-spray-75ml-2\\\/#primaryimage\",\"url\":\"https:\\\/\\\/hairdeluxe.ee\\\/wp-content\\\/uploads\\\/2024\\\/02\\\/nsmail-21.jpg\",\"contentUrl\":\"https:\\\/\\\/hairdeluxe.ee\\\/wp-content\\\/uploads\\\/2024\\\/02\\\/nsmail-21.jpg\",\"width\":1185,\"height\":1500},{\"@type\":\"BreadcrumbList\",\"@id\":\"https:\\\/\\\/hairdeluxe.ee\\\/ru\\\/product\\\/balmain-laikesprei-juuksepikendustele-professional-aftercare-shine-spray-75ml-2\\\/#breadcrumb\",\"itemListElement\":[{\"@type\":\"ListItem\",\"position\":1,\"name\":\"Home\",\"item\":\"https:\\\/\\\/hairdeluxe.ee\\\/ru\\\/\"},{\"@type\":\"ListItem\",\"position\":2,\"name\":\"\u041c\u0430\u0433\u0430\u0437\u0438\u043d\",\"item\":\"https:\\\/\\\/hairdeluxe.ee\\\/ru\\\/shop\\\/\"},{\"@type\":\"ListItem\",\"position\":3,\"name\":\"BALMAIN HAIR l\u00e4ikesprei juuksepikendustele \\\/ Professional Aftercare Shine Spray 75ml\"}]},{\"@type\":\"WebSite\",\"@id\":\"https:\\\/\\\/hairdeluxe.ee\\\/ru\\\/#website\",\"url\":\"https:\\\/\\\/hairdeluxe.ee\\\/ru\\\/\",\"name\":\"Hair Deluxe\",\"description\":\"Highlight your natural beauty\",\"publisher\":{\"@id\":\"https:\\\/\\\/hairdeluxe.ee\\\/ru\\\/#organization\"},\"potentialAction\":[{\"@type\":\"SearchAction\",\"target\":{\"@type\":\"EntryPoint\",\"urlTemplate\":\"https:\\\/\\\/hairdeluxe.ee\\\/ru\\\/?s={search_term_string}\"},\"query-input\":{\"@type\":\"PropertyValueSpecification\",\"valueRequired\":true,\"valueName\":\"search_term_string\"}}],\"inLanguage\":\"ru-RU\"},{\"@type\":\"Organization\",\"@id\":\"https:\\\/\\\/hairdeluxe.ee\\\/ru\\\/#organization\",\"name\":\"Hair Deluxe\",\"url\":\"https:\\\/\\\/hairdeluxe.ee\\\/ru\\\/\",\"logo\":{\"@type\":\"ImageObject\",\"inLanguage\":\"ru-RU\",\"@id\":\"https:\\\/\\\/hairdeluxe.ee\\\/ru\\\/#\\\/schema\\\/logo\\\/image\\\/\",\"url\":\"https:\\\/\\\/hairdeluxe.ee\\\/wp-content\\\/uploads\\\/2024\\\/06\\\/Hair-Deluxe-Logo-Dark-font.png\",\"contentUrl\":\"https:\\\/\\\/hairdeluxe.ee\\\/wp-content\\\/uploads\\\/2024\\\/06\\\/Hair-Deluxe-Logo-Dark-font.png\",\"width\":467,\"height\":177,\"caption\":\"Hair Deluxe\"},\"image\":{\"@id\":\"https:\\\/\\\/hairdeluxe.ee\\\/ru\\\/#\\\/schema\\\/logo\\\/image\\\/\"},\"sameAs\":[\"https:\\\/\\\/www.facebook.com\\\/blowbartallinn\",\"https:\\\/\\\/www.instagram.com\\\/blowbar_tallinn\"]}]}<\/script>\n<!-- \/ Yoast SEO plugin. -->","yoast_head_json":{"title":"BALMAIN HAIR l\u00e4ikesprei juuksepikendustele \/ Professional Aftercare Shine Spray 75ml - Hair Deluxe","robots":{"index":"index","follow":"follow","max-snippet":"max-snippet:-1","max-image-preview":"max-image-preview:large","max-video-preview":"max-video-preview:-1"},"canonical":"https:\/\/hairdeluxe.ee\/ru\/product\/balmain-laikesprei-juuksepikendustele-professional-aftercare-shine-spray-75ml-2\/","og_locale":"ru_RU","og_type":"article","og_title":"BALMAIN HAIR l\u00e4ikesprei juuksepikendustele \/ Professional Aftercare Shine Spray 75ml - Hair Deluxe","og_description":"Juuksepikenduste ja loomulike juuste ideaalses seisukorras hoidmiseks on v\u00e4ga oluline kasutada spetsiaalselt pikendustega juustele v\u00e4lja t\u00f6\u00f6tatud professionaalseid tooteid. Shine Spray on spetsiaalselt loodud loomulike juuste ja juuksepikendustega juuste eest hoolitsemiseks.\u00a0Valgustpeegeldav sprei annab erakordse l\u00e4ike ja s\u00e4ra ilma juukseid koormamata. Kauakestva siidise viimistluse saavutamiseks.\u00a0Shine Spray on kerge, UV-kaitsega sprei, mis on rikastatud E-vitamiini ja argaania\u00f5liga.\u00a0T\u00f5mbab ligi ja peegeldab valgust, et anda juustele s\u00e4rav l\u00e4ige.\u00a0Ei muuda juukseid raskeks ega rasuseks. - Viimistlusl\u00e4ikesprei pikendustega juustele - Annab kauakestva ja helendava s\u00e4ra - UV-kaitsega  Kasutamine:\u00a0Piserdada toodet 30 cm kauguselt niisketele v\u00f5i kuivadele juustele. Mitte loputada.  Kogus: 75ml","og_url":"https:\/\/hairdeluxe.ee\/ru\/product\/balmain-laikesprei-juuksepikendustele-professional-aftercare-shine-spray-75ml-2\/","og_site_name":"Hair Deluxe","article_publisher":"https:\/\/www.facebook.com\/blowbartallinn","article_modified_time":"2025-03-18T19:22:28+00:00","og_image":[{"width":1185,"height":1500,"url":"https:\/\/hairdeluxe.ee\/wp-content\/uploads\/2024\/02\/nsmail-21.jpg","type":"image\/jpeg"}],"twitter_card":"summary_large_image","twitter_misc":{"\u041f\u0440\u0438\u043c\u0435\u0440\u043d\u043e\u0435 \u0432\u0440\u0435\u043c\u044f \u0434\u043b\u044f \u0447\u0442\u0435\u043d\u0438\u044f":"1 \u043c\u0438\u043d\u0443\u0442\u0430"},"schema":{"@context":"https:\/\/schema.org","@graph":[{"@type":"WebPage","@id":"https:\/\/hairdeluxe.ee\/ru\/product\/balmain-laikesprei-juuksepikendustele-professional-aftercare-shine-spray-75ml-2\/","url":"https:\/\/hairdeluxe.ee\/ru\/product\/balmain-laikesprei-juuksepikendustele-professional-aftercare-shine-spray-75ml-2\/","name":"BALMAIN HAIR l\u00e4ikesprei juuksepikendustele \/ Professional Aftercare Shine Spray 75ml - Hair Deluxe","isPartOf":{"@id":"https:\/\/hairdeluxe.ee\/ru\/#website"},"primaryImageOfPage":{"@id":"https:\/\/hairdeluxe.ee\/ru\/product\/balmain-laikesprei-juuksepikendustele-professional-aftercare-shine-spray-75ml-2\/#primaryimage"},"image":{"@id":"https:\/\/hairdeluxe.ee\/ru\/product\/balmain-laikesprei-juuksepikendustele-professional-aftercare-shine-spray-75ml-2\/#primaryimage"},"thumbnailUrl":"https:\/\/hairdeluxe.ee\/wp-content\/uploads\/2024\/02\/nsmail-21.jpg","datePublished":"2024-02-03T07:38:40+00:00","dateModified":"2025-03-18T19:22:28+00:00","breadcrumb":{"@id":"https:\/\/hairdeluxe.ee\/ru\/product\/balmain-laikesprei-juuksepikendustele-professional-aftercare-shine-spray-75ml-2\/#breadcrumb"},"inLanguage":"ru-RU","potentialAction":[{"@type":"ReadAction","target":["https:\/\/hairdeluxe.ee\/ru\/product\/balmain-laikesprei-juuksepikendustele-professional-aftercare-shine-spray-75ml-2\/"]}]},{"@type":"ImageObject","inLanguage":"ru-RU","@id":"https:\/\/hairdeluxe.ee\/ru\/product\/balmain-laikesprei-juuksepikendustele-professional-aftercare-shine-spray-75ml-2\/#primaryimage","url":"https:\/\/hairdeluxe.ee\/wp-content\/uploads\/2024\/02\/nsmail-21.jpg","contentUrl":"https:\/\/hairdeluxe.ee\/wp-content\/uploads\/2024\/02\/nsmail-21.jpg","width":1185,"height":1500},{"@type":"BreadcrumbList","@id":"https:\/\/hairdeluxe.ee\/ru\/product\/balmain-laikesprei-juuksepikendustele-professional-aftercare-shine-spray-75ml-2\/#breadcrumb","itemListElement":[{"@type":"ListItem","position":1,"name":"Home","item":"https:\/\/hairdeluxe.ee\/ru\/"},{"@type":"ListItem","position":2,"name":"\u041c\u0430\u0433\u0430\u0437\u0438\u043d","item":"https:\/\/hairdeluxe.ee\/ru\/shop\/"},{"@type":"ListItem","position":3,"name":"BALMAIN HAIR l\u00e4ikesprei juuksepikendustele \/ Professional Aftercare Shine Spray 75ml"}]},{"@type":"WebSite","@id":"https:\/\/hairdeluxe.ee\/ru\/#website","url":"https:\/\/hairdeluxe.ee\/ru\/","name":"Hair Deluxe","description":"Highlight your natural beauty","publisher":{"@id":"https:\/\/hairdeluxe.ee\/ru\/#organization"},"potentialAction":[{"@type":"SearchAction","target":{"@type":"EntryPoint","urlTemplate":"https:\/\/hairdeluxe.ee\/ru\/?s={search_term_string}"},"query-input":{"@type":"PropertyValueSpecification","valueRequired":true,"valueName":"search_term_string"}}],"inLanguage":"ru-RU"},{"@type":"Organization","@id":"https:\/\/hairdeluxe.ee\/ru\/#organization","name":"Hair Deluxe","url":"https:\/\/hairdeluxe.ee\/ru\/","logo":{"@type":"ImageObject","inLanguage":"ru-RU","@id":"https:\/\/hairdeluxe.ee\/ru\/#\/schema\/logo\/image\/","url":"https:\/\/hairdeluxe.ee\/wp-content\/uploads\/2024\/06\/Hair-Deluxe-Logo-Dark-font.png","contentUrl":"https:\/\/hairdeluxe.ee\/wp-content\/uploads\/2024\/06\/Hair-Deluxe-Logo-Dark-font.png","width":467,"height":177,"caption":"Hair Deluxe"},"image":{"@id":"https:\/\/hairdeluxe.ee\/ru\/#\/schema\/logo\/image\/"},"sameAs":["https:\/\/www.facebook.com\/blowbartallinn","https:\/\/www.instagram.com\/blowbar_tallinn"]}]}},"_links":{"self":[{"href":"https:\/\/hairdeluxe.ee\/ru\/wp-json\/wp\/v2\/product\/35432","targetHints":{"allow":["GET"]}}],"collection":[{"href":"https:\/\/hairdeluxe.ee\/ru\/wp-json\/wp\/v2\/product"}],"about":[{"href":"https:\/\/hairdeluxe.ee\/ru\/wp-json\/wp\/v2\/types\/product"}],"wp:featuredmedia":[{"embeddable":true,"href":"https:\/\/hairdeluxe.ee\/ru\/wp-json\/wp\/v2\/media\/35600"}],"wp:attachment":[{"href":"https:\/\/hairdeluxe.ee\/ru\/wp-json\/wp\/v2\/media?parent=35432"}],"wp:term":[{"taxonomy":"product_brand","embeddable":true,"href":"https:\/\/hairdeluxe.ee\/ru\/wp-json\/wp\/v2\/product_brand?post=35432"},{"taxonomy":"product_cat","embeddable":true,"href":"https:\/\/hairdeluxe.ee\/ru\/wp-json\/wp\/v2\/product_cat?post=35432"},{"taxonomy":"product_tag","embeddable":true,"href":"https:\/\/hairdeluxe.ee\/ru\/wp-json\/wp\/v2\/product_tag?post=35432"}],"curies":[{"name":"wp","href":"https:\/\/api.w.org\/{rel}","templated":true}]}}