{"id":35448,"date":"2024-02-03T09:38:51","date_gmt":"2024-02-03T07:38:51","guid":{"rendered":"https:\/\/blowbar.ee\/toode\/balmain-hair-juuste-hoolduse-komplekt-hair-gift-set\/"},"modified":"2025-03-18T19:22:28","modified_gmt":"2025-03-18T19:22:28","slug":"balmain-juuste-hoolduse-komplekt-hair-gift-set","status":"publish","type":"product","link":"https:\/\/hairdeluxe.ee\/ru\/product\/balmain-juuste-hoolduse-komplekt-hair-gift-set\/","title":{"rendered":"BALMAIN HAIR juuste hoolduse komplekt \/ Hair Gift Set"},"content":{"rendered":"<p><strong>Balmain Hair\u00a0Moisturizing Styling Cream 150ml<br \/>\n<\/strong><strong><em>Koostis:\u00a0<\/em><\/strong><em>Aqua, Cetyl Alcohol, Propylene Glycol, Ethylhexyl Palmitate, Glyceryl Stearate, Ceteareth-20, Argania Spinosa Kernel Oil, Silk Amino Acids, Panthenol, Tocopheryl Acetate, Hydrolyzed Vegetable Protein PG-propyl Silanetriol, Cetrimonium Chloride, Polyquaternium-7, Ethylhexy Methoxycinnamate, Dimethicone, Polyquaternium-37, Propylene Glycol Dicaprylate Dicaprate, PPG-1 Trideceth-6, C10-11 Isoparaffin, Sorbitan Oleate, Acrylates\/Stearyl Methacrylate Copolymer, Pantolactone, Citric Acid, Parfum, Phenoxyethanol, Ethylhexylglycerin, Potassium Sorbate, Disodium EDTA, Benzoic Acid.<\/em><\/p>\n<p><strong>Balmain Hair\u00a0Texturizing Salt Spray 200ml<br \/>\n<\/strong><em><strong>Koostis: <\/strong>Aqua, Alcohol Denat., Sorbitol, Polyacrylate-22, Sodium Chloride (Sea Salt), Silk Amino Acids, Panthenol, Glycerin, Ethylhexyl Methoxycinnamate, Parfum, CI 13015, CI 16255.<\/em><\/p>\n","protected":false},"excerpt":{"rendered":"<p>Piiratud v\u00e4ljaandes 2022 a. suvine kinkekomplekt pakub juustele niisutust, hooldust ja stiili.<br \/>\nNiisutav kreem annab teie juustele nii niiskust ja l\u00e4iget, kui ka soengule laineid ning koos tekstuureeriva soolaspreiga loob rannaliku vol\u00fc\u00fcmika, sasise ja s\u00e4rava ilme.<br \/>\nL\u00f5puks viimistlege soeng Limited Edition Hair Barrette&#8217;iga. See on muljetavaldav juukseklamber, mida saab kasutada mugavalt juuste pooleldi \u00fcles-pooleldi lahtise soengu loomiseks.<br \/>\n&#8212; T\u00e4iuslik stiliseerimise komplekt koos aksessuaariga<br \/>\n&#8212; Lisab soengule vol\u00fc\u00fcmi ja s\u00e4ra<br \/>\n&#8212; Tugevast ja vastupidavast tselluloosatsetaadist juukseklamber Balmain Hair ikoonilise 18K kullaga kaetud B-embleemiga<\/p>\n<p><strong>Komplekt sisaldab tooteid v\u00e4\u00e4rtuses:<\/strong><br \/>\n&#8212; Moisturizing Styling Cream, 150ml \u2013 34,95\u20ac<br \/>\n&#8212; Texturizing Salt Spray, 200ml \u2013 36,95\u20ac<br \/>\n&#8212; 18K kullaga kaetud logoga Barrette M SS22\u00a0\u2013 69,95\u20ac<\/p>\n<p><strong>Kasutamine:<\/strong>\u00a0Kandke s\u00f5rmeotsa suurune kogus niisutavat Styling kreemi r\u00e4tikukuivadele v\u00f5i veel kergelt niisketele juustele, masseerige hoolikalt l\u00e4bi. Seej\u00e4rel lisage paar pihustit\u00e4it tekstuureerivat soolaspreid. Korratu rannast inspireeritud v\u00e4limuse saamiseks sasige juukseid ja pihustage kinnitamiseks Balmain Hair Session juukselakki. Soengu l\u00f5ppviimistluseks kinnitage osa juukseid Barrette juukseklambriga.<\/p>\n","protected":false},"featured_media":35444,"template":"","meta":[],"product_brand":[464],"product_cat":[96,266,265,206,129,130,121],"product_tag":[],"class_list":{"0":"post-35448","1":"product","2":"type-product","3":"status-publish","4":"has-post-thumbnail","6":"product_brand-balmain-hair","7":"product_cat-aksessuaarid","8":"product_cat-balmain-hair","9":"product_cat-brandid","10":"product_cat-erikollektsioonid","11":"product_cat-kingitused","12":"product_cat-kinkekomplektid","13":"product_cat-koik-tooted","15":"first","16":"instock","17":"taxable","18":"shipping-taxable","19":"purchasable","20":"product-type-simple","21":"add-to-wishlist-after_add_to_cart"},"yoast_head":"<!-- This site is optimized with the Yoast SEO plugin v27.5 - https:\/\/yoast.com\/product\/yoast-seo-wordpress\/ -->\n<title>BALMAIN HAIR juuste hoolduse komplekt \/ Hair Gift Set - Hair Deluxe<\/title>\n<meta name=\"robots\" content=\"index, follow, max-snippet:-1, max-image-preview:large, max-video-preview:-1\" \/>\n<link rel=\"canonical\" href=\"https:\/\/hairdeluxe.ee\/ru\/product\/balmain-juuste-hoolduse-komplekt-hair-gift-set\/\" \/>\n<meta property=\"og:locale\" content=\"ru_RU\" \/>\n<meta property=\"og:type\" content=\"article\" \/>\n<meta property=\"og:title\" content=\"BALMAIN HAIR juuste hoolduse komplekt \/ Hair Gift Set - Hair Deluxe\" \/>\n<meta property=\"og:description\" content=\"Piiratud v\u00e4ljaandes 2022 a. suvine kinkekomplekt pakub juustele niisutust, hooldust ja stiili. Niisutav kreem annab teie juustele nii niiskust ja l\u00e4iget, kui ka soengule laineid ning koos tekstuureeriva soolaspreiga loob rannaliku vol\u00fc\u00fcmika, sasise ja s\u00e4rava ilme. L\u00f5puks viimistlege soeng Limited Edition Hair Barrette&#039;iga. See on muljetavaldav juukseklamber, mida saab kasutada mugavalt juuste pooleldi \u00fcles-pooleldi lahtise soengu loomiseks. - T\u00e4iuslik stiliseerimise komplekt koos aksessuaariga - Lisab soengule vol\u00fc\u00fcmi ja s\u00e4ra - Tugevast ja vastupidavast tselluloosatsetaadist juukseklamber Balmain Hair ikoonilise 18K kullaga kaetud B-embleemiga  Komplekt sisaldab tooteid v\u00e4\u00e4rtuses: - Moisturizing Styling Cream, 150ml \u2013 34,95\u20ac - Texturizing Salt Spray, 200ml \u2013 36,95\u20ac - 18K kullaga kaetud logoga Barrette M SS22\u00a0\u2013 69,95\u20ac  Kasutamine:\u00a0Kandke s\u00f5rmeotsa suurune kogus niisutavat Styling kreemi r\u00e4tikukuivadele v\u00f5i veel kergelt niisketele juustele, masseerige hoolikalt l\u00e4bi. Seej\u00e4rel lisage paar pihustit\u00e4it tekstuureerivat soolaspreid. Korratu rannast inspireeritud v\u00e4limuse saamiseks sasige juukseid ja pihustage kinnitamiseks Balmain Hair Session juukselakki. Soengu l\u00f5ppviimistluseks kinnitage osa juukseid Barrette juukseklambriga.\" \/>\n<meta property=\"og:url\" content=\"https:\/\/hairdeluxe.ee\/ru\/product\/balmain-juuste-hoolduse-komplekt-hair-gift-set\/\" \/>\n<meta property=\"og:site_name\" content=\"Hair Deluxe\" \/>\n<meta property=\"article:publisher\" content=\"https:\/\/www.facebook.com\/blowbartallinn\" \/>\n<meta property=\"article:modified_time\" content=\"2025-03-18T19:22:28+00:00\" \/>\n<meta property=\"og:image\" content=\"https:\/\/hairdeluxe.ee\/wp-content\/uploads\/2024\/02\/balmainhair_styling_le_summerset_ss22_withbox_01_le_sum_set_ss22_800x800.jpg\" \/>\n\t<meta property=\"og:image:width\" content=\"800\" \/>\n\t<meta property=\"og:image:height\" content=\"800\" \/>\n\t<meta property=\"og:image:type\" content=\"image\/jpeg\" \/>\n<meta name=\"twitter:card\" content=\"summary_large_image\" \/>\n<script type=\"application\/ld+json\" class=\"yoast-schema-graph\">{\"@context\":\"https:\\\/\\\/schema.org\",\"@graph\":[{\"@type\":\"WebPage\",\"@id\":\"https:\\\/\\\/hairdeluxe.ee\\\/ru\\\/product\\\/balmain-juuste-hoolduse-komplekt-hair-gift-set\\\/\",\"url\":\"https:\\\/\\\/hairdeluxe.ee\\\/ru\\\/product\\\/balmain-juuste-hoolduse-komplekt-hair-gift-set\\\/\",\"name\":\"BALMAIN HAIR juuste hoolduse komplekt \\\/ Hair Gift Set - Hair Deluxe\",\"isPartOf\":{\"@id\":\"https:\\\/\\\/hairdeluxe.ee\\\/ru\\\/#website\"},\"primaryImageOfPage\":{\"@id\":\"https:\\\/\\\/hairdeluxe.ee\\\/ru\\\/product\\\/balmain-juuste-hoolduse-komplekt-hair-gift-set\\\/#primaryimage\"},\"image\":{\"@id\":\"https:\\\/\\\/hairdeluxe.ee\\\/ru\\\/product\\\/balmain-juuste-hoolduse-komplekt-hair-gift-set\\\/#primaryimage\"},\"thumbnailUrl\":\"https:\\\/\\\/hairdeluxe.ee\\\/wp-content\\\/uploads\\\/2024\\\/02\\\/balmainhair_styling_le_summerset_ss22_withbox_01_le_sum_set_ss22_800x800.jpg\",\"datePublished\":\"2024-02-03T07:38:51+00:00\",\"dateModified\":\"2025-03-18T19:22:28+00:00\",\"breadcrumb\":{\"@id\":\"https:\\\/\\\/hairdeluxe.ee\\\/ru\\\/product\\\/balmain-juuste-hoolduse-komplekt-hair-gift-set\\\/#breadcrumb\"},\"inLanguage\":\"ru-RU\",\"potentialAction\":[{\"@type\":\"ReadAction\",\"target\":[\"https:\\\/\\\/hairdeluxe.ee\\\/ru\\\/product\\\/balmain-juuste-hoolduse-komplekt-hair-gift-set\\\/\"]}]},{\"@type\":\"ImageObject\",\"inLanguage\":\"ru-RU\",\"@id\":\"https:\\\/\\\/hairdeluxe.ee\\\/ru\\\/product\\\/balmain-juuste-hoolduse-komplekt-hair-gift-set\\\/#primaryimage\",\"url\":\"https:\\\/\\\/hairdeluxe.ee\\\/wp-content\\\/uploads\\\/2024\\\/02\\\/balmainhair_styling_le_summerset_ss22_withbox_01_le_sum_set_ss22_800x800.jpg\",\"contentUrl\":\"https:\\\/\\\/hairdeluxe.ee\\\/wp-content\\\/uploads\\\/2024\\\/02\\\/balmainhair_styling_le_summerset_ss22_withbox_01_le_sum_set_ss22_800x800.jpg\",\"width\":800,\"height\":800},{\"@type\":\"BreadcrumbList\",\"@id\":\"https:\\\/\\\/hairdeluxe.ee\\\/ru\\\/product\\\/balmain-juuste-hoolduse-komplekt-hair-gift-set\\\/#breadcrumb\",\"itemListElement\":[{\"@type\":\"ListItem\",\"position\":1,\"name\":\"Home\",\"item\":\"https:\\\/\\\/hairdeluxe.ee\\\/ru\\\/\"},{\"@type\":\"ListItem\",\"position\":2,\"name\":\"\u041c\u0430\u0433\u0430\u0437\u0438\u043d\",\"item\":\"https:\\\/\\\/hairdeluxe.ee\\\/ru\\\/shop\\\/\"},{\"@type\":\"ListItem\",\"position\":3,\"name\":\"BALMAIN HAIR juuste hoolduse komplekt \\\/ Hair Gift Set\"}]},{\"@type\":\"WebSite\",\"@id\":\"https:\\\/\\\/hairdeluxe.ee\\\/ru\\\/#website\",\"url\":\"https:\\\/\\\/hairdeluxe.ee\\\/ru\\\/\",\"name\":\"Hair Deluxe\",\"description\":\"Highlight your natural beauty\",\"publisher\":{\"@id\":\"https:\\\/\\\/hairdeluxe.ee\\\/ru\\\/#organization\"},\"potentialAction\":[{\"@type\":\"SearchAction\",\"target\":{\"@type\":\"EntryPoint\",\"urlTemplate\":\"https:\\\/\\\/hairdeluxe.ee\\\/ru\\\/?s={search_term_string}\"},\"query-input\":{\"@type\":\"PropertyValueSpecification\",\"valueRequired\":true,\"valueName\":\"search_term_string\"}}],\"inLanguage\":\"ru-RU\"},{\"@type\":\"Organization\",\"@id\":\"https:\\\/\\\/hairdeluxe.ee\\\/ru\\\/#organization\",\"name\":\"Hair Deluxe\",\"url\":\"https:\\\/\\\/hairdeluxe.ee\\\/ru\\\/\",\"logo\":{\"@type\":\"ImageObject\",\"inLanguage\":\"ru-RU\",\"@id\":\"https:\\\/\\\/hairdeluxe.ee\\\/ru\\\/#\\\/schema\\\/logo\\\/image\\\/\",\"url\":\"https:\\\/\\\/hairdeluxe.ee\\\/wp-content\\\/uploads\\\/2024\\\/06\\\/Hair-Deluxe-Logo-Dark-font.png\",\"contentUrl\":\"https:\\\/\\\/hairdeluxe.ee\\\/wp-content\\\/uploads\\\/2024\\\/06\\\/Hair-Deluxe-Logo-Dark-font.png\",\"width\":467,\"height\":177,\"caption\":\"Hair Deluxe\"},\"image\":{\"@id\":\"https:\\\/\\\/hairdeluxe.ee\\\/ru\\\/#\\\/schema\\\/logo\\\/image\\\/\"},\"sameAs\":[\"https:\\\/\\\/www.facebook.com\\\/blowbartallinn\",\"https:\\\/\\\/www.instagram.com\\\/blowbar_tallinn\"]}]}<\/script>\n<!-- \/ Yoast SEO plugin. -->","yoast_head_json":{"title":"BALMAIN HAIR juuste hoolduse komplekt \/ Hair Gift Set - Hair Deluxe","robots":{"index":"index","follow":"follow","max-snippet":"max-snippet:-1","max-image-preview":"max-image-preview:large","max-video-preview":"max-video-preview:-1"},"canonical":"https:\/\/hairdeluxe.ee\/ru\/product\/balmain-juuste-hoolduse-komplekt-hair-gift-set\/","og_locale":"ru_RU","og_type":"article","og_title":"BALMAIN HAIR juuste hoolduse komplekt \/ Hair Gift Set - Hair Deluxe","og_description":"Piiratud v\u00e4ljaandes 2022 a. suvine kinkekomplekt pakub juustele niisutust, hooldust ja stiili. Niisutav kreem annab teie juustele nii niiskust ja l\u00e4iget, kui ka soengule laineid ning koos tekstuureeriva soolaspreiga loob rannaliku vol\u00fc\u00fcmika, sasise ja s\u00e4rava ilme. L\u00f5puks viimistlege soeng Limited Edition Hair Barrette'iga. See on muljetavaldav juukseklamber, mida saab kasutada mugavalt juuste pooleldi \u00fcles-pooleldi lahtise soengu loomiseks. - T\u00e4iuslik stiliseerimise komplekt koos aksessuaariga - Lisab soengule vol\u00fc\u00fcmi ja s\u00e4ra - Tugevast ja vastupidavast tselluloosatsetaadist juukseklamber Balmain Hair ikoonilise 18K kullaga kaetud B-embleemiga  Komplekt sisaldab tooteid v\u00e4\u00e4rtuses: - Moisturizing Styling Cream, 150ml \u2013 34,95\u20ac - Texturizing Salt Spray, 200ml \u2013 36,95\u20ac - 18K kullaga kaetud logoga Barrette M SS22\u00a0\u2013 69,95\u20ac  Kasutamine:\u00a0Kandke s\u00f5rmeotsa suurune kogus niisutavat Styling kreemi r\u00e4tikukuivadele v\u00f5i veel kergelt niisketele juustele, masseerige hoolikalt l\u00e4bi. Seej\u00e4rel lisage paar pihustit\u00e4it tekstuureerivat soolaspreid. Korratu rannast inspireeritud v\u00e4limuse saamiseks sasige juukseid ja pihustage kinnitamiseks Balmain Hair Session juukselakki. Soengu l\u00f5ppviimistluseks kinnitage osa juukseid Barrette juukseklambriga.","og_url":"https:\/\/hairdeluxe.ee\/ru\/product\/balmain-juuste-hoolduse-komplekt-hair-gift-set\/","og_site_name":"Hair Deluxe","article_publisher":"https:\/\/www.facebook.com\/blowbartallinn","article_modified_time":"2025-03-18T19:22:28+00:00","og_image":[{"width":800,"height":800,"url":"https:\/\/hairdeluxe.ee\/wp-content\/uploads\/2024\/02\/balmainhair_styling_le_summerset_ss22_withbox_01_le_sum_set_ss22_800x800.jpg","type":"image\/jpeg"}],"twitter_card":"summary_large_image","schema":{"@context":"https:\/\/schema.org","@graph":[{"@type":"WebPage","@id":"https:\/\/hairdeluxe.ee\/ru\/product\/balmain-juuste-hoolduse-komplekt-hair-gift-set\/","url":"https:\/\/hairdeluxe.ee\/ru\/product\/balmain-juuste-hoolduse-komplekt-hair-gift-set\/","name":"BALMAIN HAIR juuste hoolduse komplekt \/ Hair Gift Set - Hair Deluxe","isPartOf":{"@id":"https:\/\/hairdeluxe.ee\/ru\/#website"},"primaryImageOfPage":{"@id":"https:\/\/hairdeluxe.ee\/ru\/product\/balmain-juuste-hoolduse-komplekt-hair-gift-set\/#primaryimage"},"image":{"@id":"https:\/\/hairdeluxe.ee\/ru\/product\/balmain-juuste-hoolduse-komplekt-hair-gift-set\/#primaryimage"},"thumbnailUrl":"https:\/\/hairdeluxe.ee\/wp-content\/uploads\/2024\/02\/balmainhair_styling_le_summerset_ss22_withbox_01_le_sum_set_ss22_800x800.jpg","datePublished":"2024-02-03T07:38:51+00:00","dateModified":"2025-03-18T19:22:28+00:00","breadcrumb":{"@id":"https:\/\/hairdeluxe.ee\/ru\/product\/balmain-juuste-hoolduse-komplekt-hair-gift-set\/#breadcrumb"},"inLanguage":"ru-RU","potentialAction":[{"@type":"ReadAction","target":["https:\/\/hairdeluxe.ee\/ru\/product\/balmain-juuste-hoolduse-komplekt-hair-gift-set\/"]}]},{"@type":"ImageObject","inLanguage":"ru-RU","@id":"https:\/\/hairdeluxe.ee\/ru\/product\/balmain-juuste-hoolduse-komplekt-hair-gift-set\/#primaryimage","url":"https:\/\/hairdeluxe.ee\/wp-content\/uploads\/2024\/02\/balmainhair_styling_le_summerset_ss22_withbox_01_le_sum_set_ss22_800x800.jpg","contentUrl":"https:\/\/hairdeluxe.ee\/wp-content\/uploads\/2024\/02\/balmainhair_styling_le_summerset_ss22_withbox_01_le_sum_set_ss22_800x800.jpg","width":800,"height":800},{"@type":"BreadcrumbList","@id":"https:\/\/hairdeluxe.ee\/ru\/product\/balmain-juuste-hoolduse-komplekt-hair-gift-set\/#breadcrumb","itemListElement":[{"@type":"ListItem","position":1,"name":"Home","item":"https:\/\/hairdeluxe.ee\/ru\/"},{"@type":"ListItem","position":2,"name":"\u041c\u0430\u0433\u0430\u0437\u0438\u043d","item":"https:\/\/hairdeluxe.ee\/ru\/shop\/"},{"@type":"ListItem","position":3,"name":"BALMAIN HAIR juuste hoolduse komplekt \/ Hair Gift Set"}]},{"@type":"WebSite","@id":"https:\/\/hairdeluxe.ee\/ru\/#website","url":"https:\/\/hairdeluxe.ee\/ru\/","name":"Hair Deluxe","description":"Highlight your natural beauty","publisher":{"@id":"https:\/\/hairdeluxe.ee\/ru\/#organization"},"potentialAction":[{"@type":"SearchAction","target":{"@type":"EntryPoint","urlTemplate":"https:\/\/hairdeluxe.ee\/ru\/?s={search_term_string}"},"query-input":{"@type":"PropertyValueSpecification","valueRequired":true,"valueName":"search_term_string"}}],"inLanguage":"ru-RU"},{"@type":"Organization","@id":"https:\/\/hairdeluxe.ee\/ru\/#organization","name":"Hair Deluxe","url":"https:\/\/hairdeluxe.ee\/ru\/","logo":{"@type":"ImageObject","inLanguage":"ru-RU","@id":"https:\/\/hairdeluxe.ee\/ru\/#\/schema\/logo\/image\/","url":"https:\/\/hairdeluxe.ee\/wp-content\/uploads\/2024\/06\/Hair-Deluxe-Logo-Dark-font.png","contentUrl":"https:\/\/hairdeluxe.ee\/wp-content\/uploads\/2024\/06\/Hair-Deluxe-Logo-Dark-font.png","width":467,"height":177,"caption":"Hair Deluxe"},"image":{"@id":"https:\/\/hairdeluxe.ee\/ru\/#\/schema\/logo\/image\/"},"sameAs":["https:\/\/www.facebook.com\/blowbartallinn","https:\/\/www.instagram.com\/blowbar_tallinn"]}]}},"_links":{"self":[{"href":"https:\/\/hairdeluxe.ee\/ru\/wp-json\/wp\/v2\/product\/35448","targetHints":{"allow":["GET"]}}],"collection":[{"href":"https:\/\/hairdeluxe.ee\/ru\/wp-json\/wp\/v2\/product"}],"about":[{"href":"https:\/\/hairdeluxe.ee\/ru\/wp-json\/wp\/v2\/types\/product"}],"wp:featuredmedia":[{"embeddable":true,"href":"https:\/\/hairdeluxe.ee\/ru\/wp-json\/wp\/v2\/media\/35444"}],"wp:attachment":[{"href":"https:\/\/hairdeluxe.ee\/ru\/wp-json\/wp\/v2\/media?parent=35448"}],"wp:term":[{"taxonomy":"product_brand","embeddable":true,"href":"https:\/\/hairdeluxe.ee\/ru\/wp-json\/wp\/v2\/product_brand?post=35448"},{"taxonomy":"product_cat","embeddable":true,"href":"https:\/\/hairdeluxe.ee\/ru\/wp-json\/wp\/v2\/product_cat?post=35448"},{"taxonomy":"product_tag","embeddable":true,"href":"https:\/\/hairdeluxe.ee\/ru\/wp-json\/wp\/v2\/product_tag?post=35448"}],"curies":[{"name":"wp","href":"https:\/\/api.w.org\/{rel}","templated":true}]}}