{"id":35689,"date":"2024-02-03T09:54:17","date_gmt":"2024-02-03T07:54:17","guid":{"rendered":"https:\/\/blowbar.ee\/toode\/balmain-hair-roheline-hahast-juukseklamber-18k-kuldse-logoga-limited-edition-barrette-pour-cheveux-medium\/"},"modified":"2025-03-18T19:22:26","modified_gmt":"2025-03-18T19:22:26","slug":"balmain-roheline-hahast-juukseklamber-18k-kuldse-logoga-limited-edition-barrette-pour-cheveux-medium","status":"publish","type":"product","link":"https:\/\/hairdeluxe.ee\/ru\/product\/balmain-roheline-hahast-juukseklamber-18k-kuldse-logoga-limited-edition-barrette-pour-cheveux-medium\/","title":{"rendered":"BALMAIN HAIR roheline hahast juukseklamber 18K kuldse logoga \/ Limited Edition Barrette Pour Cheveux Medium"},"content":{"rendered":"<p>&nbsp;<\/p>\n<p>&nbsp;<\/p>\n","protected":false},"excerpt":{"rendered":"<p>Inspireerituna moemaja rikkalikust moep\u00e4randist ja tuginedes ainult parimatele materjalidele, k\u00e4sit\u00f6\u00f6listele ja disainile, l\u00f5i Balmain Hair Couture luksusliku juukseaksessuaarisarja. K\u00f5ik kollektsiooni kuuluvad juukseaksessuaarid on t\u00e4ielikult k\u00e4sitsi valmistatud traditsioonilisi tehnikaid kasutades ja neil on iseloomulikud kuldsed detailid.<br \/>\nK\u00e4sitsi valmistatud piiratud koguses smaragdroheline juukseaksessuaar 18K kullatud logoga.\u00a0Roheline osa on valmistatud ehtsast napa nahast, mille peal on signatuurlogokiri. Juukseaksessuaar kinnitub klassikalise prantsuse klambrina.<br \/>\n&#8212; Piiratud v\u00e4ljaanne<br \/>\n&#8212; Ehtne napa nahk<br \/>\n&#8212; Ideaalne t\u00e4helepanuv\u00e4\u00e4rne juukseaksessuaar<\/p>\n","protected":false},"featured_media":35684,"template":"","meta":[],"product_brand":[464],"product_cat":[96,266,265,206,114,268,129,121],"product_tag":[],"class_list":{"0":"post-35689","1":"product","2":"type-product","3":"status-publish","4":"has-post-thumbnail","6":"product_brand-balmain-hair","7":"product_cat-aksessuaarid","8":"product_cat-balmain-hair","9":"product_cat-brandid","10":"product_cat-erikollektsioonid","11":"product_cat-eripakkumised","12":"product_cat-juukseklambrid","13":"product_cat-kingitused","14":"product_cat-koik-tooted","16":"first","17":"instock","18":"taxable","19":"shipping-taxable","20":"purchasable","21":"product-type-simple","22":"add-to-wishlist-after_add_to_cart"},"yoast_head":"<!-- This site is optimized with the Yoast SEO plugin v27.5 - https:\/\/yoast.com\/product\/yoast-seo-wordpress\/ -->\n<title>BALMAIN HAIR roheline hahast juukseklamber 18K kuldse logoga \/ Limited Edition Barrette Pour Cheveux Medium - Hair Deluxe<\/title>\n<meta name=\"robots\" content=\"index, follow, max-snippet:-1, max-image-preview:large, max-video-preview:-1\" \/>\n<link rel=\"canonical\" href=\"https:\/\/hairdeluxe.ee\/ru\/product\/balmain-roheline-hahast-juukseklamber-18k-kuldse-logoga-limited-edition-barrette-pour-cheveux-medium\/\" \/>\n<meta property=\"og:locale\" content=\"ru_RU\" \/>\n<meta property=\"og:type\" content=\"article\" \/>\n<meta property=\"og:title\" content=\"BALMAIN HAIR roheline hahast juukseklamber 18K kuldse logoga \/ Limited Edition Barrette Pour Cheveux Medium - Hair Deluxe\" \/>\n<meta property=\"og:description\" content=\"Inspireerituna moemaja rikkalikust moep\u00e4randist ja tuginedes ainult parimatele materjalidele, k\u00e4sit\u00f6\u00f6listele ja disainile, l\u00f5i Balmain Hair Couture luksusliku juukseaksessuaarisarja. K\u00f5ik kollektsiooni kuuluvad juukseaksessuaarid on t\u00e4ielikult k\u00e4sitsi valmistatud traditsioonilisi tehnikaid kasutades ja neil on iseloomulikud kuldsed detailid. K\u00e4sitsi valmistatud piiratud koguses smaragdroheline juukseaksessuaar 18K kullatud logoga.\u00a0Roheline osa on valmistatud ehtsast napa nahast, mille peal on signatuurlogokiri. Juukseaksessuaar kinnitub klassikalise prantsuse klambrina. - Piiratud v\u00e4ljaanne - Ehtne napa nahk - Ideaalne t\u00e4helepanuv\u00e4\u00e4rne juukseaksessuaar\" \/>\n<meta property=\"og:url\" content=\"https:\/\/hairdeluxe.ee\/ru\/product\/balmain-roheline-hahast-juukseklamber-18k-kuldse-logoga-limited-edition-barrette-pour-cheveux-medium\/\" \/>\n<meta property=\"og:site_name\" content=\"Hair Deluxe\" \/>\n<meta property=\"article:publisher\" content=\"https:\/\/www.facebook.com\/blowbartallinn\" \/>\n<meta property=\"article:modified_time\" content=\"2025-03-18T19:22:26+00:00\" \/>\n<meta property=\"og:image\" content=\"https:\/\/hairdeluxe.ee\/wp-content\/uploads\/2024\/02\/balmainhair_accessoires_limitededition_barrette_medium_fw22_le_hj_bar_m_fw22_01_800x800.jpg\" \/>\n\t<meta property=\"og:image:width\" content=\"800\" \/>\n\t<meta property=\"og:image:height\" content=\"800\" \/>\n\t<meta property=\"og:image:type\" content=\"image\/jpeg\" \/>\n<meta name=\"twitter:card\" content=\"summary_large_image\" \/>\n<script type=\"application\/ld+json\" class=\"yoast-schema-graph\">{\"@context\":\"https:\\\/\\\/schema.org\",\"@graph\":[{\"@type\":\"WebPage\",\"@id\":\"https:\\\/\\\/hairdeluxe.ee\\\/ru\\\/product\\\/balmain-roheline-hahast-juukseklamber-18k-kuldse-logoga-limited-edition-barrette-pour-cheveux-medium\\\/\",\"url\":\"https:\\\/\\\/hairdeluxe.ee\\\/ru\\\/product\\\/balmain-roheline-hahast-juukseklamber-18k-kuldse-logoga-limited-edition-barrette-pour-cheveux-medium\\\/\",\"name\":\"BALMAIN HAIR roheline hahast juukseklamber 18K kuldse logoga \\\/ Limited Edition Barrette Pour Cheveux Medium - Hair Deluxe\",\"isPartOf\":{\"@id\":\"https:\\\/\\\/hairdeluxe.ee\\\/ru\\\/#website\"},\"primaryImageOfPage\":{\"@id\":\"https:\\\/\\\/hairdeluxe.ee\\\/ru\\\/product\\\/balmain-roheline-hahast-juukseklamber-18k-kuldse-logoga-limited-edition-barrette-pour-cheveux-medium\\\/#primaryimage\"},\"image\":{\"@id\":\"https:\\\/\\\/hairdeluxe.ee\\\/ru\\\/product\\\/balmain-roheline-hahast-juukseklamber-18k-kuldse-logoga-limited-edition-barrette-pour-cheveux-medium\\\/#primaryimage\"},\"thumbnailUrl\":\"https:\\\/\\\/hairdeluxe.ee\\\/wp-content\\\/uploads\\\/2024\\\/02\\\/balmainhair_accessoires_limitededition_barrette_medium_fw22_le_hj_bar_m_fw22_01_800x800.jpg\",\"datePublished\":\"2024-02-03T07:54:17+00:00\",\"dateModified\":\"2025-03-18T19:22:26+00:00\",\"breadcrumb\":{\"@id\":\"https:\\\/\\\/hairdeluxe.ee\\\/ru\\\/product\\\/balmain-roheline-hahast-juukseklamber-18k-kuldse-logoga-limited-edition-barrette-pour-cheveux-medium\\\/#breadcrumb\"},\"inLanguage\":\"ru-RU\",\"potentialAction\":[{\"@type\":\"ReadAction\",\"target\":[\"https:\\\/\\\/hairdeluxe.ee\\\/ru\\\/product\\\/balmain-roheline-hahast-juukseklamber-18k-kuldse-logoga-limited-edition-barrette-pour-cheveux-medium\\\/\"]}]},{\"@type\":\"ImageObject\",\"inLanguage\":\"ru-RU\",\"@id\":\"https:\\\/\\\/hairdeluxe.ee\\\/ru\\\/product\\\/balmain-roheline-hahast-juukseklamber-18k-kuldse-logoga-limited-edition-barrette-pour-cheveux-medium\\\/#primaryimage\",\"url\":\"https:\\\/\\\/hairdeluxe.ee\\\/wp-content\\\/uploads\\\/2024\\\/02\\\/balmainhair_accessoires_limitededition_barrette_medium_fw22_le_hj_bar_m_fw22_01_800x800.jpg\",\"contentUrl\":\"https:\\\/\\\/hairdeluxe.ee\\\/wp-content\\\/uploads\\\/2024\\\/02\\\/balmainhair_accessoires_limitededition_barrette_medium_fw22_le_hj_bar_m_fw22_01_800x800.jpg\",\"width\":800,\"height\":800},{\"@type\":\"BreadcrumbList\",\"@id\":\"https:\\\/\\\/hairdeluxe.ee\\\/ru\\\/product\\\/balmain-roheline-hahast-juukseklamber-18k-kuldse-logoga-limited-edition-barrette-pour-cheveux-medium\\\/#breadcrumb\",\"itemListElement\":[{\"@type\":\"ListItem\",\"position\":1,\"name\":\"Home\",\"item\":\"https:\\\/\\\/hairdeluxe.ee\\\/ru\\\/\"},{\"@type\":\"ListItem\",\"position\":2,\"name\":\"\u041c\u0430\u0433\u0430\u0437\u0438\u043d\",\"item\":\"https:\\\/\\\/hairdeluxe.ee\\\/ru\\\/shop\\\/\"},{\"@type\":\"ListItem\",\"position\":3,\"name\":\"BALMAIN HAIR roheline hahast juukseklamber 18K kuldse logoga \\\/ Limited Edition Barrette Pour Cheveux Medium\"}]},{\"@type\":\"WebSite\",\"@id\":\"https:\\\/\\\/hairdeluxe.ee\\\/ru\\\/#website\",\"url\":\"https:\\\/\\\/hairdeluxe.ee\\\/ru\\\/\",\"name\":\"Hair Deluxe\",\"description\":\"Highlight your natural beauty\",\"publisher\":{\"@id\":\"https:\\\/\\\/hairdeluxe.ee\\\/ru\\\/#organization\"},\"potentialAction\":[{\"@type\":\"SearchAction\",\"target\":{\"@type\":\"EntryPoint\",\"urlTemplate\":\"https:\\\/\\\/hairdeluxe.ee\\\/ru\\\/?s={search_term_string}\"},\"query-input\":{\"@type\":\"PropertyValueSpecification\",\"valueRequired\":true,\"valueName\":\"search_term_string\"}}],\"inLanguage\":\"ru-RU\"},{\"@type\":\"Organization\",\"@id\":\"https:\\\/\\\/hairdeluxe.ee\\\/ru\\\/#organization\",\"name\":\"Hair Deluxe\",\"url\":\"https:\\\/\\\/hairdeluxe.ee\\\/ru\\\/\",\"logo\":{\"@type\":\"ImageObject\",\"inLanguage\":\"ru-RU\",\"@id\":\"https:\\\/\\\/hairdeluxe.ee\\\/ru\\\/#\\\/schema\\\/logo\\\/image\\\/\",\"url\":\"https:\\\/\\\/hairdeluxe.ee\\\/wp-content\\\/uploads\\\/2024\\\/06\\\/Hair-Deluxe-Logo-Dark-font.png\",\"contentUrl\":\"https:\\\/\\\/hairdeluxe.ee\\\/wp-content\\\/uploads\\\/2024\\\/06\\\/Hair-Deluxe-Logo-Dark-font.png\",\"width\":467,\"height\":177,\"caption\":\"Hair Deluxe\"},\"image\":{\"@id\":\"https:\\\/\\\/hairdeluxe.ee\\\/ru\\\/#\\\/schema\\\/logo\\\/image\\\/\"},\"sameAs\":[\"https:\\\/\\\/www.facebook.com\\\/blowbartallinn\",\"https:\\\/\\\/www.instagram.com\\\/blowbar_tallinn\"]}]}<\/script>\n<!-- \/ Yoast SEO plugin. -->","yoast_head_json":{"title":"BALMAIN HAIR roheline hahast juukseklamber 18K kuldse logoga \/ Limited Edition Barrette Pour Cheveux Medium - Hair Deluxe","robots":{"index":"index","follow":"follow","max-snippet":"max-snippet:-1","max-image-preview":"max-image-preview:large","max-video-preview":"max-video-preview:-1"},"canonical":"https:\/\/hairdeluxe.ee\/ru\/product\/balmain-roheline-hahast-juukseklamber-18k-kuldse-logoga-limited-edition-barrette-pour-cheveux-medium\/","og_locale":"ru_RU","og_type":"article","og_title":"BALMAIN HAIR roheline hahast juukseklamber 18K kuldse logoga \/ Limited Edition Barrette Pour Cheveux Medium - Hair Deluxe","og_description":"Inspireerituna moemaja rikkalikust moep\u00e4randist ja tuginedes ainult parimatele materjalidele, k\u00e4sit\u00f6\u00f6listele ja disainile, l\u00f5i Balmain Hair Couture luksusliku juukseaksessuaarisarja. K\u00f5ik kollektsiooni kuuluvad juukseaksessuaarid on t\u00e4ielikult k\u00e4sitsi valmistatud traditsioonilisi tehnikaid kasutades ja neil on iseloomulikud kuldsed detailid. K\u00e4sitsi valmistatud piiratud koguses smaragdroheline juukseaksessuaar 18K kullatud logoga.\u00a0Roheline osa on valmistatud ehtsast napa nahast, mille peal on signatuurlogokiri. Juukseaksessuaar kinnitub klassikalise prantsuse klambrina. - Piiratud v\u00e4ljaanne - Ehtne napa nahk - Ideaalne t\u00e4helepanuv\u00e4\u00e4rne juukseaksessuaar","og_url":"https:\/\/hairdeluxe.ee\/ru\/product\/balmain-roheline-hahast-juukseklamber-18k-kuldse-logoga-limited-edition-barrette-pour-cheveux-medium\/","og_site_name":"Hair Deluxe","article_publisher":"https:\/\/www.facebook.com\/blowbartallinn","article_modified_time":"2025-03-18T19:22:26+00:00","og_image":[{"width":800,"height":800,"url":"https:\/\/hairdeluxe.ee\/wp-content\/uploads\/2024\/02\/balmainhair_accessoires_limitededition_barrette_medium_fw22_le_hj_bar_m_fw22_01_800x800.jpg","type":"image\/jpeg"}],"twitter_card":"summary_large_image","schema":{"@context":"https:\/\/schema.org","@graph":[{"@type":"WebPage","@id":"https:\/\/hairdeluxe.ee\/ru\/product\/balmain-roheline-hahast-juukseklamber-18k-kuldse-logoga-limited-edition-barrette-pour-cheveux-medium\/","url":"https:\/\/hairdeluxe.ee\/ru\/product\/balmain-roheline-hahast-juukseklamber-18k-kuldse-logoga-limited-edition-barrette-pour-cheveux-medium\/","name":"BALMAIN HAIR roheline hahast juukseklamber 18K kuldse logoga \/ Limited Edition Barrette Pour Cheveux Medium - Hair Deluxe","isPartOf":{"@id":"https:\/\/hairdeluxe.ee\/ru\/#website"},"primaryImageOfPage":{"@id":"https:\/\/hairdeluxe.ee\/ru\/product\/balmain-roheline-hahast-juukseklamber-18k-kuldse-logoga-limited-edition-barrette-pour-cheveux-medium\/#primaryimage"},"image":{"@id":"https:\/\/hairdeluxe.ee\/ru\/product\/balmain-roheline-hahast-juukseklamber-18k-kuldse-logoga-limited-edition-barrette-pour-cheveux-medium\/#primaryimage"},"thumbnailUrl":"https:\/\/hairdeluxe.ee\/wp-content\/uploads\/2024\/02\/balmainhair_accessoires_limitededition_barrette_medium_fw22_le_hj_bar_m_fw22_01_800x800.jpg","datePublished":"2024-02-03T07:54:17+00:00","dateModified":"2025-03-18T19:22:26+00:00","breadcrumb":{"@id":"https:\/\/hairdeluxe.ee\/ru\/product\/balmain-roheline-hahast-juukseklamber-18k-kuldse-logoga-limited-edition-barrette-pour-cheveux-medium\/#breadcrumb"},"inLanguage":"ru-RU","potentialAction":[{"@type":"ReadAction","target":["https:\/\/hairdeluxe.ee\/ru\/product\/balmain-roheline-hahast-juukseklamber-18k-kuldse-logoga-limited-edition-barrette-pour-cheveux-medium\/"]}]},{"@type":"ImageObject","inLanguage":"ru-RU","@id":"https:\/\/hairdeluxe.ee\/ru\/product\/balmain-roheline-hahast-juukseklamber-18k-kuldse-logoga-limited-edition-barrette-pour-cheveux-medium\/#primaryimage","url":"https:\/\/hairdeluxe.ee\/wp-content\/uploads\/2024\/02\/balmainhair_accessoires_limitededition_barrette_medium_fw22_le_hj_bar_m_fw22_01_800x800.jpg","contentUrl":"https:\/\/hairdeluxe.ee\/wp-content\/uploads\/2024\/02\/balmainhair_accessoires_limitededition_barrette_medium_fw22_le_hj_bar_m_fw22_01_800x800.jpg","width":800,"height":800},{"@type":"BreadcrumbList","@id":"https:\/\/hairdeluxe.ee\/ru\/product\/balmain-roheline-hahast-juukseklamber-18k-kuldse-logoga-limited-edition-barrette-pour-cheveux-medium\/#breadcrumb","itemListElement":[{"@type":"ListItem","position":1,"name":"Home","item":"https:\/\/hairdeluxe.ee\/ru\/"},{"@type":"ListItem","position":2,"name":"\u041c\u0430\u0433\u0430\u0437\u0438\u043d","item":"https:\/\/hairdeluxe.ee\/ru\/shop\/"},{"@type":"ListItem","position":3,"name":"BALMAIN HAIR roheline hahast juukseklamber 18K kuldse logoga \/ Limited Edition Barrette Pour Cheveux Medium"}]},{"@type":"WebSite","@id":"https:\/\/hairdeluxe.ee\/ru\/#website","url":"https:\/\/hairdeluxe.ee\/ru\/","name":"Hair Deluxe","description":"Highlight your natural beauty","publisher":{"@id":"https:\/\/hairdeluxe.ee\/ru\/#organization"},"potentialAction":[{"@type":"SearchAction","target":{"@type":"EntryPoint","urlTemplate":"https:\/\/hairdeluxe.ee\/ru\/?s={search_term_string}"},"query-input":{"@type":"PropertyValueSpecification","valueRequired":true,"valueName":"search_term_string"}}],"inLanguage":"ru-RU"},{"@type":"Organization","@id":"https:\/\/hairdeluxe.ee\/ru\/#organization","name":"Hair Deluxe","url":"https:\/\/hairdeluxe.ee\/ru\/","logo":{"@type":"ImageObject","inLanguage":"ru-RU","@id":"https:\/\/hairdeluxe.ee\/ru\/#\/schema\/logo\/image\/","url":"https:\/\/hairdeluxe.ee\/wp-content\/uploads\/2024\/06\/Hair-Deluxe-Logo-Dark-font.png","contentUrl":"https:\/\/hairdeluxe.ee\/wp-content\/uploads\/2024\/06\/Hair-Deluxe-Logo-Dark-font.png","width":467,"height":177,"caption":"Hair Deluxe"},"image":{"@id":"https:\/\/hairdeluxe.ee\/ru\/#\/schema\/logo\/image\/"},"sameAs":["https:\/\/www.facebook.com\/blowbartallinn","https:\/\/www.instagram.com\/blowbar_tallinn"]}]}},"_links":{"self":[{"href":"https:\/\/hairdeluxe.ee\/ru\/wp-json\/wp\/v2\/product\/35689","targetHints":{"allow":["GET"]}}],"collection":[{"href":"https:\/\/hairdeluxe.ee\/ru\/wp-json\/wp\/v2\/product"}],"about":[{"href":"https:\/\/hairdeluxe.ee\/ru\/wp-json\/wp\/v2\/types\/product"}],"wp:featuredmedia":[{"embeddable":true,"href":"https:\/\/hairdeluxe.ee\/ru\/wp-json\/wp\/v2\/media\/35684"}],"wp:attachment":[{"href":"https:\/\/hairdeluxe.ee\/ru\/wp-json\/wp\/v2\/media?parent=35689"}],"wp:term":[{"taxonomy":"product_brand","embeddable":true,"href":"https:\/\/hairdeluxe.ee\/ru\/wp-json\/wp\/v2\/product_brand?post=35689"},{"taxonomy":"product_cat","embeddable":true,"href":"https:\/\/hairdeluxe.ee\/ru\/wp-json\/wp\/v2\/product_cat?post=35689"},{"taxonomy":"product_tag","embeddable":true,"href":"https:\/\/hairdeluxe.ee\/ru\/wp-json\/wp\/v2\/product_tag?post=35689"}],"curies":[{"name":"wp","href":"https:\/\/api.w.org\/{rel}","templated":true}]}}