{"id":35731,"date":"2024-02-03T09:55:14","date_gmt":"2024-02-03T07:55:14","guid":{"rendered":"https:\/\/blowbar.ee\/toode\/balmain-hair-juukseid-tihendav-ja-tugevdav-palsam-meestele-homme-bodyfying-conditioner-50ml-travel\/"},"modified":"2025-03-18T19:22:25","modified_gmt":"2025-03-18T19:22:25","slug":"balmain-juukseid-tihendav-ja-tugevdav-palsam-meestele-homme-bodyfying-conditioner-50ml-travel","status":"publish","type":"product","link":"https:\/\/hairdeluxe.ee\/ru\/product\/balmain-juukseid-tihendav-ja-tugevdav-palsam-meestele-homme-bodyfying-conditioner-50ml-travel\/","title":{"rendered":"BALMAIN HAIR juukseid tihendav ja tugevdav palsam meestele \/ Homme Bodyfying Conditioner 50ml travel"},"content":{"rendered":"<p><em><strong>Koostis:\u00a0<\/strong>Aqua, Cetyl Alcohol, PPG-3 Myristyl Ether, Propylheptyl Caprylate, Glycerin, Behentrimonium Chloride, Polyquaternium-110, Par fum, Stearamidopropyl Dimethylamine, Caffeine, Biotinyl Tripeptide-1, Apigenin, Oleanolic Acid, Silk Amino Acids, Hydrolyzed Keratin, Argania Spinosa Kernel Oil, Salicylic Acid, Piroctone Olamine, Butylene Glycol, PPG-26-Buteth-26, PEG-40 Hydrogenated Castor Oil, Ethylhexyl Metho xycinnamate, Isopropyl Alcohol, Benzyl Salicylate, Hydroxyethylcellulose, Phenoxyethanol, Ethylhexylglycerin, Menthol, Benzoic Acid, Sorbic Acid, Citric Acid<\/em><\/p>\n","protected":false},"excerpt":{"rendered":"<p>Kui mehed saavad vanemaks, kannatavad nad sageli juuste h\u00f5renemise p\u00e4rast.<br \/>\nKuigi geneetikaga pole midagi peale hakata, aitab Balmain Hair Homme Bodyfying hooldussari stimuleerida juuste kasvu ning muuta juuksed tihedamaks ja kohevamaks.<br \/>\nIgap\u00e4evane tihendav palsam, mis on spetsiaalselt loodud meestele, kellel on probleeme h\u00f5renevate juustega.<br \/>\nTihendab juuksekiudu ja stimuleerib juuste kasvu.\u00a0L\u00f5hnastatud Balmain Hair Homme intensiivse puidu ja merevaiguse l\u00f5hnaga.<br \/>\n&#8212; Tihendab juuksekiudu<br \/>\n&#8212; Stimuleerib juuste kasvu<br \/>\n&#8212; H\u00f5renevate juuste jaoks<\/p>\n<p><strong>Kasutamine:\u00a0<\/strong>Kandke r\u00e4tikukuivadele juustele, masseerige \u00f5rnalt. Optimaalse hooldava efekti saavutamiseks j\u00e4tke palsam p\u00e4he v\u00e4hemalt 3 minutiks enne juuste p\u00f5hjalikku loputamist.<\/p>\n<p>Kogus: 50ml<\/p>\n","protected":false},"featured_media":35730,"template":"","meta":[],"product_brand":[464],"product_cat":[266,265,271,273,208,226,121,144,218,170,192],"product_tag":[],"class_list":{"0":"post-35731","1":"product","2":"type-product","3":"status-publish","4":"has-post-thumbnail","6":"product_brand-balmain-hair","7":"product_cat-balmain-hair","8":"product_cat-brandid","9":"product_cat-juuksehooldus-reisile","10":"product_cat-juuksehooldus-meestele","11":"product_cat-juuksehooldus","12":"product_cat-reisile-juuksehooldus","13":"product_cat-koik-tooted","14":"product_cat-meestele","15":"product_cat-palsamid","16":"product_cat-reisile","17":"product_cat-uued-tooted","19":"first","20":"instock","21":"taxable","22":"shipping-taxable","23":"purchasable","24":"product-type-simple","25":"add-to-wishlist-after_add_to_cart"},"yoast_head":"<!-- This site is optimized with the Yoast SEO plugin v27.3 - https:\/\/yoast.com\/product\/yoast-seo-wordpress\/ -->\n<title>BALMAIN HAIR juukseid tihendav ja tugevdav palsam meestele \/ Homme Bodyfying Conditioner 50ml travel - Hair Deluxe<\/title>\n<meta name=\"robots\" content=\"index, follow, max-snippet:-1, max-image-preview:large, max-video-preview:-1\" \/>\n<link rel=\"canonical\" href=\"https:\/\/hairdeluxe.ee\/ru\/product\/balmain-juukseid-tihendav-ja-tugevdav-palsam-meestele-homme-bodyfying-conditioner-50ml-travel\/\" \/>\n<meta property=\"og:locale\" content=\"ru_RU\" \/>\n<meta property=\"og:type\" content=\"article\" \/>\n<meta property=\"og:title\" content=\"BALMAIN HAIR juukseid tihendav ja tugevdav palsam meestele \/ Homme Bodyfying Conditioner 50ml travel - Hair Deluxe\" \/>\n<meta property=\"og:description\" content=\"Kui mehed saavad vanemaks, kannatavad nad sageli juuste h\u00f5renemise p\u00e4rast. Kuigi geneetikaga pole midagi peale hakata, aitab Balmain Hair Homme Bodyfying hooldussari stimuleerida juuste kasvu ning muuta juuksed tihedamaks ja kohevamaks. Igap\u00e4evane tihendav palsam, mis on spetsiaalselt loodud meestele, kellel on probleeme h\u00f5renevate juustega. Tihendab juuksekiudu ja stimuleerib juuste kasvu.\u00a0L\u00f5hnastatud Balmain Hair Homme intensiivse puidu ja merevaiguse l\u00f5hnaga. - Tihendab juuksekiudu - Stimuleerib juuste kasvu - H\u00f5renevate juuste jaoks Kasutamine:\u00a0Kandke r\u00e4tikukuivadele juustele, masseerige \u00f5rnalt. Optimaalse hooldava efekti saavutamiseks j\u00e4tke palsam p\u00e4he v\u00e4hemalt 3 minutiks enne juuste p\u00f5hjalikku loputamist. Kogus: 50ml\" \/>\n<meta property=\"og:url\" content=\"https:\/\/hairdeluxe.ee\/ru\/product\/balmain-juukseid-tihendav-ja-tugevdav-palsam-meestele-homme-bodyfying-conditioner-50ml-travel\/\" \/>\n<meta property=\"og:site_name\" content=\"Hair Deluxe\" \/>\n<meta property=\"article:publisher\" content=\"https:\/\/www.facebook.com\/blowbartallinn\" \/>\n<meta property=\"article:modified_time\" content=\"2025-03-18T19:22:25+00:00\" \/>\n<meta property=\"og:image\" content=\"https:\/\/hairdeluxe.ee\/wp-content\/uploads\/2024\/02\/balmainhair_balmainhomme_bodyfyingconditioner_travelsize_50ml_cs_m_c_co_b_50_80_090d.jpg\" \/>\n\t<meta property=\"og:image:width\" content=\"800\" \/>\n\t<meta property=\"og:image:height\" content=\"800\" \/>\n\t<meta property=\"og:image:type\" content=\"image\/jpeg\" \/>\n<meta name=\"twitter:card\" content=\"summary_large_image\" \/>\n<script type=\"application\/ld+json\" class=\"yoast-schema-graph\">{\"@context\":\"https:\\\/\\\/schema.org\",\"@graph\":[{\"@type\":\"WebPage\",\"@id\":\"https:\\\/\\\/hairdeluxe.ee\\\/ru\\\/product\\\/balmain-juukseid-tihendav-ja-tugevdav-palsam-meestele-homme-bodyfying-conditioner-50ml-travel\\\/\",\"url\":\"https:\\\/\\\/hairdeluxe.ee\\\/ru\\\/product\\\/balmain-juukseid-tihendav-ja-tugevdav-palsam-meestele-homme-bodyfying-conditioner-50ml-travel\\\/\",\"name\":\"BALMAIN HAIR juukseid tihendav ja tugevdav palsam meestele \\\/ Homme Bodyfying Conditioner 50ml travel - Hair Deluxe\",\"isPartOf\":{\"@id\":\"https:\\\/\\\/hairdeluxe.ee\\\/ru\\\/#website\"},\"primaryImageOfPage\":{\"@id\":\"https:\\\/\\\/hairdeluxe.ee\\\/ru\\\/product\\\/balmain-juukseid-tihendav-ja-tugevdav-palsam-meestele-homme-bodyfying-conditioner-50ml-travel\\\/#primaryimage\"},\"image\":{\"@id\":\"https:\\\/\\\/hairdeluxe.ee\\\/ru\\\/product\\\/balmain-juukseid-tihendav-ja-tugevdav-palsam-meestele-homme-bodyfying-conditioner-50ml-travel\\\/#primaryimage\"},\"thumbnailUrl\":\"https:\\\/\\\/hairdeluxe.ee\\\/wp-content\\\/uploads\\\/2024\\\/02\\\/balmainhair_balmainhomme_bodyfyingconditioner_travelsize_50ml_cs_m_c_co_b_50_80_090d.jpg\",\"datePublished\":\"2024-02-03T07:55:14+00:00\",\"dateModified\":\"2025-03-18T19:22:25+00:00\",\"breadcrumb\":{\"@id\":\"https:\\\/\\\/hairdeluxe.ee\\\/ru\\\/product\\\/balmain-juukseid-tihendav-ja-tugevdav-palsam-meestele-homme-bodyfying-conditioner-50ml-travel\\\/#breadcrumb\"},\"inLanguage\":\"ru-RU\",\"potentialAction\":[{\"@type\":\"ReadAction\",\"target\":[\"https:\\\/\\\/hairdeluxe.ee\\\/ru\\\/product\\\/balmain-juukseid-tihendav-ja-tugevdav-palsam-meestele-homme-bodyfying-conditioner-50ml-travel\\\/\"]}]},{\"@type\":\"ImageObject\",\"inLanguage\":\"ru-RU\",\"@id\":\"https:\\\/\\\/hairdeluxe.ee\\\/ru\\\/product\\\/balmain-juukseid-tihendav-ja-tugevdav-palsam-meestele-homme-bodyfying-conditioner-50ml-travel\\\/#primaryimage\",\"url\":\"https:\\\/\\\/hairdeluxe.ee\\\/wp-content\\\/uploads\\\/2024\\\/02\\\/balmainhair_balmainhomme_bodyfyingconditioner_travelsize_50ml_cs_m_c_co_b_50_80_090d.jpg\",\"contentUrl\":\"https:\\\/\\\/hairdeluxe.ee\\\/wp-content\\\/uploads\\\/2024\\\/02\\\/balmainhair_balmainhomme_bodyfyingconditioner_travelsize_50ml_cs_m_c_co_b_50_80_090d.jpg\",\"width\":800,\"height\":800},{\"@type\":\"BreadcrumbList\",\"@id\":\"https:\\\/\\\/hairdeluxe.ee\\\/ru\\\/product\\\/balmain-juukseid-tihendav-ja-tugevdav-palsam-meestele-homme-bodyfying-conditioner-50ml-travel\\\/#breadcrumb\",\"itemListElement\":[{\"@type\":\"ListItem\",\"position\":1,\"name\":\"Home\",\"item\":\"https:\\\/\\\/hairdeluxe.ee\\\/ru\\\/\"},{\"@type\":\"ListItem\",\"position\":2,\"name\":\"\u041c\u0430\u0433\u0430\u0437\u0438\u043d\",\"item\":\"https:\\\/\\\/hairdeluxe.ee\\\/ru\\\/shop\\\/\"},{\"@type\":\"ListItem\",\"position\":3,\"name\":\"BALMAIN HAIR juukseid tihendav ja tugevdav palsam meestele \\\/ Homme Bodyfying Conditioner 50ml travel\"}]},{\"@type\":\"WebSite\",\"@id\":\"https:\\\/\\\/hairdeluxe.ee\\\/ru\\\/#website\",\"url\":\"https:\\\/\\\/hairdeluxe.ee\\\/ru\\\/\",\"name\":\"Hair Deluxe\",\"description\":\"Highlight your natural beauty\",\"publisher\":{\"@id\":\"https:\\\/\\\/hairdeluxe.ee\\\/ru\\\/#organization\"},\"potentialAction\":[{\"@type\":\"SearchAction\",\"target\":{\"@type\":\"EntryPoint\",\"urlTemplate\":\"https:\\\/\\\/hairdeluxe.ee\\\/ru\\\/?s={search_term_string}\"},\"query-input\":{\"@type\":\"PropertyValueSpecification\",\"valueRequired\":true,\"valueName\":\"search_term_string\"}}],\"inLanguage\":\"ru-RU\"},{\"@type\":\"Organization\",\"@id\":\"https:\\\/\\\/hairdeluxe.ee\\\/ru\\\/#organization\",\"name\":\"Hair Deluxe\",\"url\":\"https:\\\/\\\/hairdeluxe.ee\\\/ru\\\/\",\"logo\":{\"@type\":\"ImageObject\",\"inLanguage\":\"ru-RU\",\"@id\":\"https:\\\/\\\/hairdeluxe.ee\\\/ru\\\/#\\\/schema\\\/logo\\\/image\\\/\",\"url\":\"https:\\\/\\\/hairdeluxe.ee\\\/wp-content\\\/uploads\\\/2024\\\/06\\\/Hair-Deluxe-Logo-Dark-font.png\",\"contentUrl\":\"https:\\\/\\\/hairdeluxe.ee\\\/wp-content\\\/uploads\\\/2024\\\/06\\\/Hair-Deluxe-Logo-Dark-font.png\",\"width\":467,\"height\":177,\"caption\":\"Hair Deluxe\"},\"image\":{\"@id\":\"https:\\\/\\\/hairdeluxe.ee\\\/ru\\\/#\\\/schema\\\/logo\\\/image\\\/\"},\"sameAs\":[\"https:\\\/\\\/www.facebook.com\\\/blowbartallinn\",\"https:\\\/\\\/www.instagram.com\\\/blowbar_tallinn\"]}]}<\/script>\n<!-- \/ Yoast SEO plugin. -->","yoast_head_json":{"title":"BALMAIN HAIR juukseid tihendav ja tugevdav palsam meestele \/ Homme Bodyfying Conditioner 50ml travel - Hair Deluxe","robots":{"index":"index","follow":"follow","max-snippet":"max-snippet:-1","max-image-preview":"max-image-preview:large","max-video-preview":"max-video-preview:-1"},"canonical":"https:\/\/hairdeluxe.ee\/ru\/product\/balmain-juukseid-tihendav-ja-tugevdav-palsam-meestele-homme-bodyfying-conditioner-50ml-travel\/","og_locale":"ru_RU","og_type":"article","og_title":"BALMAIN HAIR juukseid tihendav ja tugevdav palsam meestele \/ Homme Bodyfying Conditioner 50ml travel - Hair Deluxe","og_description":"Kui mehed saavad vanemaks, kannatavad nad sageli juuste h\u00f5renemise p\u00e4rast. Kuigi geneetikaga pole midagi peale hakata, aitab Balmain Hair Homme Bodyfying hooldussari stimuleerida juuste kasvu ning muuta juuksed tihedamaks ja kohevamaks. Igap\u00e4evane tihendav palsam, mis on spetsiaalselt loodud meestele, kellel on probleeme h\u00f5renevate juustega. Tihendab juuksekiudu ja stimuleerib juuste kasvu.\u00a0L\u00f5hnastatud Balmain Hair Homme intensiivse puidu ja merevaiguse l\u00f5hnaga. - Tihendab juuksekiudu - Stimuleerib juuste kasvu - H\u00f5renevate juuste jaoks Kasutamine:\u00a0Kandke r\u00e4tikukuivadele juustele, masseerige \u00f5rnalt. Optimaalse hooldava efekti saavutamiseks j\u00e4tke palsam p\u00e4he v\u00e4hemalt 3 minutiks enne juuste p\u00f5hjalikku loputamist. Kogus: 50ml","og_url":"https:\/\/hairdeluxe.ee\/ru\/product\/balmain-juukseid-tihendav-ja-tugevdav-palsam-meestele-homme-bodyfying-conditioner-50ml-travel\/","og_site_name":"Hair Deluxe","article_publisher":"https:\/\/www.facebook.com\/blowbartallinn","article_modified_time":"2025-03-18T19:22:25+00:00","og_image":[{"width":800,"height":800,"url":"https:\/\/hairdeluxe.ee\/wp-content\/uploads\/2024\/02\/balmainhair_balmainhomme_bodyfyingconditioner_travelsize_50ml_cs_m_c_co_b_50_80_090d.jpg","type":"image\/jpeg"}],"twitter_card":"summary_large_image","schema":{"@context":"https:\/\/schema.org","@graph":[{"@type":"WebPage","@id":"https:\/\/hairdeluxe.ee\/ru\/product\/balmain-juukseid-tihendav-ja-tugevdav-palsam-meestele-homme-bodyfying-conditioner-50ml-travel\/","url":"https:\/\/hairdeluxe.ee\/ru\/product\/balmain-juukseid-tihendav-ja-tugevdav-palsam-meestele-homme-bodyfying-conditioner-50ml-travel\/","name":"BALMAIN HAIR juukseid tihendav ja tugevdav palsam meestele \/ Homme Bodyfying Conditioner 50ml travel - Hair Deluxe","isPartOf":{"@id":"https:\/\/hairdeluxe.ee\/ru\/#website"},"primaryImageOfPage":{"@id":"https:\/\/hairdeluxe.ee\/ru\/product\/balmain-juukseid-tihendav-ja-tugevdav-palsam-meestele-homme-bodyfying-conditioner-50ml-travel\/#primaryimage"},"image":{"@id":"https:\/\/hairdeluxe.ee\/ru\/product\/balmain-juukseid-tihendav-ja-tugevdav-palsam-meestele-homme-bodyfying-conditioner-50ml-travel\/#primaryimage"},"thumbnailUrl":"https:\/\/hairdeluxe.ee\/wp-content\/uploads\/2024\/02\/balmainhair_balmainhomme_bodyfyingconditioner_travelsize_50ml_cs_m_c_co_b_50_80_090d.jpg","datePublished":"2024-02-03T07:55:14+00:00","dateModified":"2025-03-18T19:22:25+00:00","breadcrumb":{"@id":"https:\/\/hairdeluxe.ee\/ru\/product\/balmain-juukseid-tihendav-ja-tugevdav-palsam-meestele-homme-bodyfying-conditioner-50ml-travel\/#breadcrumb"},"inLanguage":"ru-RU","potentialAction":[{"@type":"ReadAction","target":["https:\/\/hairdeluxe.ee\/ru\/product\/balmain-juukseid-tihendav-ja-tugevdav-palsam-meestele-homme-bodyfying-conditioner-50ml-travel\/"]}]},{"@type":"ImageObject","inLanguage":"ru-RU","@id":"https:\/\/hairdeluxe.ee\/ru\/product\/balmain-juukseid-tihendav-ja-tugevdav-palsam-meestele-homme-bodyfying-conditioner-50ml-travel\/#primaryimage","url":"https:\/\/hairdeluxe.ee\/wp-content\/uploads\/2024\/02\/balmainhair_balmainhomme_bodyfyingconditioner_travelsize_50ml_cs_m_c_co_b_50_80_090d.jpg","contentUrl":"https:\/\/hairdeluxe.ee\/wp-content\/uploads\/2024\/02\/balmainhair_balmainhomme_bodyfyingconditioner_travelsize_50ml_cs_m_c_co_b_50_80_090d.jpg","width":800,"height":800},{"@type":"BreadcrumbList","@id":"https:\/\/hairdeluxe.ee\/ru\/product\/balmain-juukseid-tihendav-ja-tugevdav-palsam-meestele-homme-bodyfying-conditioner-50ml-travel\/#breadcrumb","itemListElement":[{"@type":"ListItem","position":1,"name":"Home","item":"https:\/\/hairdeluxe.ee\/ru\/"},{"@type":"ListItem","position":2,"name":"\u041c\u0430\u0433\u0430\u0437\u0438\u043d","item":"https:\/\/hairdeluxe.ee\/ru\/shop\/"},{"@type":"ListItem","position":3,"name":"BALMAIN HAIR juukseid tihendav ja tugevdav palsam meestele \/ Homme Bodyfying Conditioner 50ml travel"}]},{"@type":"WebSite","@id":"https:\/\/hairdeluxe.ee\/ru\/#website","url":"https:\/\/hairdeluxe.ee\/ru\/","name":"Hair Deluxe","description":"Highlight your natural beauty","publisher":{"@id":"https:\/\/hairdeluxe.ee\/ru\/#organization"},"potentialAction":[{"@type":"SearchAction","target":{"@type":"EntryPoint","urlTemplate":"https:\/\/hairdeluxe.ee\/ru\/?s={search_term_string}"},"query-input":{"@type":"PropertyValueSpecification","valueRequired":true,"valueName":"search_term_string"}}],"inLanguage":"ru-RU"},{"@type":"Organization","@id":"https:\/\/hairdeluxe.ee\/ru\/#organization","name":"Hair Deluxe","url":"https:\/\/hairdeluxe.ee\/ru\/","logo":{"@type":"ImageObject","inLanguage":"ru-RU","@id":"https:\/\/hairdeluxe.ee\/ru\/#\/schema\/logo\/image\/","url":"https:\/\/hairdeluxe.ee\/wp-content\/uploads\/2024\/06\/Hair-Deluxe-Logo-Dark-font.png","contentUrl":"https:\/\/hairdeluxe.ee\/wp-content\/uploads\/2024\/06\/Hair-Deluxe-Logo-Dark-font.png","width":467,"height":177,"caption":"Hair Deluxe"},"image":{"@id":"https:\/\/hairdeluxe.ee\/ru\/#\/schema\/logo\/image\/"},"sameAs":["https:\/\/www.facebook.com\/blowbartallinn","https:\/\/www.instagram.com\/blowbar_tallinn"]}]}},"_links":{"self":[{"href":"https:\/\/hairdeluxe.ee\/ru\/wp-json\/wp\/v2\/product\/35731","targetHints":{"allow":["GET"]}}],"collection":[{"href":"https:\/\/hairdeluxe.ee\/ru\/wp-json\/wp\/v2\/product"}],"about":[{"href":"https:\/\/hairdeluxe.ee\/ru\/wp-json\/wp\/v2\/types\/product"}],"wp:featuredmedia":[{"embeddable":true,"href":"https:\/\/hairdeluxe.ee\/ru\/wp-json\/wp\/v2\/media\/35730"}],"wp:attachment":[{"href":"https:\/\/hairdeluxe.ee\/ru\/wp-json\/wp\/v2\/media?parent=35731"}],"wp:term":[{"taxonomy":"product_brand","embeddable":true,"href":"https:\/\/hairdeluxe.ee\/ru\/wp-json\/wp\/v2\/product_brand?post=35731"},{"taxonomy":"product_cat","embeddable":true,"href":"https:\/\/hairdeluxe.ee\/ru\/wp-json\/wp\/v2\/product_cat?post=35731"},{"taxonomy":"product_tag","embeddable":true,"href":"https:\/\/hairdeluxe.ee\/ru\/wp-json\/wp\/v2\/product_tag?post=35731"}],"curies":[{"name":"wp","href":"https:\/\/api.w.org\/{rel}","templated":true}]}}