{"id":36849,"date":"2024-02-03T10:13:20","date_gmt":"2024-02-03T08:13:20","guid":{"rendered":"https:\/\/blowbar.ee\/toode\/balmain-hair-kinkekomplekt-versailles-winter-brilliance-set-fw23-2\/"},"modified":"2025-03-18T19:22:23","modified_gmt":"2025-03-18T19:22:23","slug":"balmain-kinkekomplekt-versailles-winter-brilliance-set-fw23-2","status":"publish","type":"product","link":"https:\/\/hairdeluxe.ee\/ru\/product\/balmain-kinkekomplekt-versailles-winter-brilliance-set-fw23-2\/","title":{"rendered":"BALMAIN HAIR kinkekomplekt \/ Versailles Winter Brilliance Set FW23"},"content":{"rendered":"<p><strong>Balmain Hair Leave-In Conditionig Spray 200ml<br \/>\n<\/strong><em><strong>Koostis:<\/strong>\u00a0Aqua, Cetearyl Alcohol, Glyceryl Stearate, Stearamidopropyl Dimethylamine, Argania Spinosa Kernel Oil, Silk Amino Acids, Panthenol, Dimethylpabamidopropyl Lauryldimonium Tosylate, Propylene Glycol Stearate, Sodium Cocoyl Amino Acids, Potassium Dimethicone PEG-7 Panthenyl Phosphate, Behenoyl PG-Trimonium Chloride, Quaternium-80, Amodimethicone, C11-15 Paret h-7, Laureth-9, Glycerin, Trideceth-12, Ethylhexyl Methoxycinnamate, Ceteareth-20, Phenoxyethanol, Ethylhexylglycerin, Polyquaternium-37, Propylene Glycol Dicaprylate\/ Dicaprate, PPG-1 Trideceth-6, Parfum, Citric Acid.<\/em><\/p>\n<p><strong>Balmain Hair\u00a0Moisturizing Styling Cream 150ml<br \/>\n<\/strong><em><strong>Koostis:<\/strong>\u00a0Aqua, Cetyl Alcohol, Propylene Glycol, Ethylhexyl Palmitate, Glyceryl Stearate, Ceteareth-20, Argania Spinosa Kernel Oil, Silk Amino Acids, Panthenol, Tocopheryl Acetate, Hydrolyzed Vegetable Protein PG-propyl Silanetriol, Cetrimonium Chloride, Polyquaternium-7, Ethylhexy Methoxycinnamate, Dimethicone, Polyquaternium-37, Propylene Glycol Dicaprylate Dicaprate, PPG-1 Trideceth-6, C10-11 Isoparaffin, Sorbitan Oleate, Acrylates\/Stearyl Methacrylate Copolymer, Pantolactone, Citric Acid, Parfum, Phenoxyethanol, Ethylhexylglycerin, Potassium Sorbate, Disodium EDTA, Benzoic Acid.<\/em><\/p>\n","protected":false},"excerpt":{"rendered":"<p>Winter Brilliance FW23 komplekt on ideaalne, et anda juustele sile ja terve v\u00e4limus. Komplekti kuuluvad Leave-In Conditioning Spray, must Barrette pour Cheveux Medium ja eriline kingitus: Moisturizing Styling Cream<br \/>\nKerge, juustesse j\u00e4etav spreipalsam hooldab ja toidab juukseid, siludes samal ajal juuksekutiikuleid, et tagada \u00fclim hooldus terveks p\u00e4evaks. Koostis on rikastatud kaitsvate UV-filtritega, mis kaitsevad juukseid UV-kiirte eest, v\u00e4ltides v\u00e4rvi tuhmumist.<br \/>\nMoisturizing Styling Cream on ideaalne baas igale soengule. Selle sile, kreemjas koostis on m\u00f5eldud juuste ettevalmistamiseks enne lokitangide, sirgendaja v\u00f5i f\u00f6\u00f6niga soengusse seadmist. See toitev kreem taltsutab kahu, lisab vol\u00fc\u00fcmi ja kaitseb juukseid edasiste kahjustuste eest.<\/p>\n<p>Komplekti kuulub:<br \/>\n&#8212; Leave-In Conditionig Spray 200ml<br \/>\n&#8212; Moisturizing Styling Cream 150ml<br \/>\n&#8212; Barrette pour Cheveux Medium<\/p>\n","protected":false},"featured_media":36845,"template":"","meta":[],"product_brand":[464],"product_cat":[266,265,129,130,121,278,279,192],"product_tag":[],"class_list":{"0":"post-36849","1":"product","2":"type-product","3":"status-publish","4":"has-post-thumbnail","6":"product_brand-balmain-hair","7":"product_cat-balmain-hair","8":"product_cat-brandid","9":"product_cat-kingitused","10":"product_cat-kinkekomplektid","11":"product_cat-koik-tooted","12":"product_cat-kollektsioonid","13":"product_cat-sugavuti-niisutav-moisturizing","14":"product_cat-uued-tooted","16":"first","17":"instock","18":"taxable","19":"shipping-taxable","20":"purchasable","21":"product-type-simple","22":"add-to-wishlist-after_add_to_cart"},"yoast_head":"<!-- This site is optimized with the Yoast SEO plugin v27.5 - https:\/\/yoast.com\/product\/yoast-seo-wordpress\/ -->\n<title>BALMAIN HAIR kinkekomplekt \/ Versailles Winter Brilliance Set FW23 - Hair Deluxe<\/title>\n<meta name=\"robots\" content=\"index, follow, max-snippet:-1, max-image-preview:large, max-video-preview:-1\" \/>\n<link rel=\"canonical\" href=\"https:\/\/hairdeluxe.ee\/ru\/product\/balmain-kinkekomplekt-versailles-winter-brilliance-set-fw23-2\/\" \/>\n<meta property=\"og:locale\" content=\"ru_RU\" \/>\n<meta property=\"og:type\" content=\"article\" \/>\n<meta property=\"og:title\" content=\"BALMAIN HAIR kinkekomplekt \/ Versailles Winter Brilliance Set FW23 - Hair Deluxe\" \/>\n<meta property=\"og:description\" content=\"Winter Brilliance FW23 komplekt on ideaalne, et anda juustele sile ja terve v\u00e4limus. Komplekti kuuluvad Leave-In Conditioning Spray, must Barrette pour Cheveux Medium ja eriline kingitus: Moisturizing Styling Cream Kerge, juustesse j\u00e4etav spreipalsam hooldab ja toidab juukseid, siludes samal ajal juuksekutiikuleid, et tagada \u00fclim hooldus terveks p\u00e4evaks. Koostis on rikastatud kaitsvate UV-filtritega, mis kaitsevad juukseid UV-kiirte eest, v\u00e4ltides v\u00e4rvi tuhmumist. Moisturizing Styling Cream on ideaalne baas igale soengule. Selle sile, kreemjas koostis on m\u00f5eldud juuste ettevalmistamiseks enne lokitangide, sirgendaja v\u00f5i f\u00f6\u00f6niga soengusse seadmist. See toitev kreem taltsutab kahu, lisab vol\u00fc\u00fcmi ja kaitseb juukseid edasiste kahjustuste eest. Komplekti kuulub: - Leave-In Conditionig Spray 200ml - Moisturizing Styling Cream 150ml - Barrette pour Cheveux Medium\" \/>\n<meta property=\"og:url\" content=\"https:\/\/hairdeluxe.ee\/ru\/product\/balmain-kinkekomplekt-versailles-winter-brilliance-set-fw23-2\/\" \/>\n<meta property=\"og:site_name\" content=\"Hair Deluxe\" \/>\n<meta property=\"article:publisher\" content=\"https:\/\/www.facebook.com\/blowbartallinn\" \/>\n<meta property=\"article:modified_time\" content=\"2025-03-18T19:22:23+00:00\" \/>\n<meta property=\"og:image\" content=\"https:\/\/hairdeluxe.ee\/wp-content\/uploads\/2024\/02\/balmainhair_styling_le_winter_brilliance_set_fw23_le_cs_s_vc_bri_fw23_02_800x800.jpg\" \/>\n\t<meta property=\"og:image:width\" content=\"800\" \/>\n\t<meta property=\"og:image:height\" content=\"800\" \/>\n\t<meta property=\"og:image:type\" content=\"image\/jpeg\" \/>\n<meta name=\"twitter:card\" content=\"summary_large_image\" \/>\n<meta name=\"twitter:label1\" content=\"\u041f\u0440\u0438\u043c\u0435\u0440\u043d\u043e\u0435 \u0432\u0440\u0435\u043c\u044f \u0434\u043b\u044f \u0447\u0442\u0435\u043d\u0438\u044f\" \/>\n\t<meta name=\"twitter:data1\" content=\"1 \u043c\u0438\u043d\u0443\u0442\u0430\" \/>\n<script type=\"application\/ld+json\" class=\"yoast-schema-graph\">{\"@context\":\"https:\\\/\\\/schema.org\",\"@graph\":[{\"@type\":\"WebPage\",\"@id\":\"https:\\\/\\\/hairdeluxe.ee\\\/ru\\\/product\\\/balmain-kinkekomplekt-versailles-winter-brilliance-set-fw23-2\\\/\",\"url\":\"https:\\\/\\\/hairdeluxe.ee\\\/ru\\\/product\\\/balmain-kinkekomplekt-versailles-winter-brilliance-set-fw23-2\\\/\",\"name\":\"BALMAIN HAIR kinkekomplekt \\\/ Versailles Winter Brilliance Set FW23 - Hair Deluxe\",\"isPartOf\":{\"@id\":\"https:\\\/\\\/hairdeluxe.ee\\\/ru\\\/#website\"},\"primaryImageOfPage\":{\"@id\":\"https:\\\/\\\/hairdeluxe.ee\\\/ru\\\/product\\\/balmain-kinkekomplekt-versailles-winter-brilliance-set-fw23-2\\\/#primaryimage\"},\"image\":{\"@id\":\"https:\\\/\\\/hairdeluxe.ee\\\/ru\\\/product\\\/balmain-kinkekomplekt-versailles-winter-brilliance-set-fw23-2\\\/#primaryimage\"},\"thumbnailUrl\":\"https:\\\/\\\/hairdeluxe.ee\\\/wp-content\\\/uploads\\\/2024\\\/02\\\/balmainhair_styling_le_winter_brilliance_set_fw23_le_cs_s_vc_bri_fw23_02_800x800.jpg\",\"datePublished\":\"2024-02-03T08:13:20+00:00\",\"dateModified\":\"2025-03-18T19:22:23+00:00\",\"breadcrumb\":{\"@id\":\"https:\\\/\\\/hairdeluxe.ee\\\/ru\\\/product\\\/balmain-kinkekomplekt-versailles-winter-brilliance-set-fw23-2\\\/#breadcrumb\"},\"inLanguage\":\"ru-RU\",\"potentialAction\":[{\"@type\":\"ReadAction\",\"target\":[\"https:\\\/\\\/hairdeluxe.ee\\\/ru\\\/product\\\/balmain-kinkekomplekt-versailles-winter-brilliance-set-fw23-2\\\/\"]}]},{\"@type\":\"ImageObject\",\"inLanguage\":\"ru-RU\",\"@id\":\"https:\\\/\\\/hairdeluxe.ee\\\/ru\\\/product\\\/balmain-kinkekomplekt-versailles-winter-brilliance-set-fw23-2\\\/#primaryimage\",\"url\":\"https:\\\/\\\/hairdeluxe.ee\\\/wp-content\\\/uploads\\\/2024\\\/02\\\/balmainhair_styling_le_winter_brilliance_set_fw23_le_cs_s_vc_bri_fw23_02_800x800.jpg\",\"contentUrl\":\"https:\\\/\\\/hairdeluxe.ee\\\/wp-content\\\/uploads\\\/2024\\\/02\\\/balmainhair_styling_le_winter_brilliance_set_fw23_le_cs_s_vc_bri_fw23_02_800x800.jpg\",\"width\":800,\"height\":800},{\"@type\":\"BreadcrumbList\",\"@id\":\"https:\\\/\\\/hairdeluxe.ee\\\/ru\\\/product\\\/balmain-kinkekomplekt-versailles-winter-brilliance-set-fw23-2\\\/#breadcrumb\",\"itemListElement\":[{\"@type\":\"ListItem\",\"position\":1,\"name\":\"Home\",\"item\":\"https:\\\/\\\/hairdeluxe.ee\\\/ru\\\/\"},{\"@type\":\"ListItem\",\"position\":2,\"name\":\"\u041c\u0430\u0433\u0430\u0437\u0438\u043d\",\"item\":\"https:\\\/\\\/hairdeluxe.ee\\\/ru\\\/shop\\\/\"},{\"@type\":\"ListItem\",\"position\":3,\"name\":\"BALMAIN HAIR kinkekomplekt \\\/ Versailles Winter Brilliance Set FW23\"}]},{\"@type\":\"WebSite\",\"@id\":\"https:\\\/\\\/hairdeluxe.ee\\\/ru\\\/#website\",\"url\":\"https:\\\/\\\/hairdeluxe.ee\\\/ru\\\/\",\"name\":\"Hair Deluxe\",\"description\":\"Highlight your natural beauty\",\"publisher\":{\"@id\":\"https:\\\/\\\/hairdeluxe.ee\\\/ru\\\/#organization\"},\"potentialAction\":[{\"@type\":\"SearchAction\",\"target\":{\"@type\":\"EntryPoint\",\"urlTemplate\":\"https:\\\/\\\/hairdeluxe.ee\\\/ru\\\/?s={search_term_string}\"},\"query-input\":{\"@type\":\"PropertyValueSpecification\",\"valueRequired\":true,\"valueName\":\"search_term_string\"}}],\"inLanguage\":\"ru-RU\"},{\"@type\":\"Organization\",\"@id\":\"https:\\\/\\\/hairdeluxe.ee\\\/ru\\\/#organization\",\"name\":\"Hair Deluxe\",\"url\":\"https:\\\/\\\/hairdeluxe.ee\\\/ru\\\/\",\"logo\":{\"@type\":\"ImageObject\",\"inLanguage\":\"ru-RU\",\"@id\":\"https:\\\/\\\/hairdeluxe.ee\\\/ru\\\/#\\\/schema\\\/logo\\\/image\\\/\",\"url\":\"https:\\\/\\\/hairdeluxe.ee\\\/wp-content\\\/uploads\\\/2024\\\/06\\\/Hair-Deluxe-Logo-Dark-font.png\",\"contentUrl\":\"https:\\\/\\\/hairdeluxe.ee\\\/wp-content\\\/uploads\\\/2024\\\/06\\\/Hair-Deluxe-Logo-Dark-font.png\",\"width\":467,\"height\":177,\"caption\":\"Hair Deluxe\"},\"image\":{\"@id\":\"https:\\\/\\\/hairdeluxe.ee\\\/ru\\\/#\\\/schema\\\/logo\\\/image\\\/\"},\"sameAs\":[\"https:\\\/\\\/www.facebook.com\\\/blowbartallinn\",\"https:\\\/\\\/www.instagram.com\\\/blowbar_tallinn\"]}]}<\/script>\n<!-- \/ Yoast SEO plugin. -->","yoast_head_json":{"title":"BALMAIN HAIR kinkekomplekt \/ Versailles Winter Brilliance Set FW23 - Hair Deluxe","robots":{"index":"index","follow":"follow","max-snippet":"max-snippet:-1","max-image-preview":"max-image-preview:large","max-video-preview":"max-video-preview:-1"},"canonical":"https:\/\/hairdeluxe.ee\/ru\/product\/balmain-kinkekomplekt-versailles-winter-brilliance-set-fw23-2\/","og_locale":"ru_RU","og_type":"article","og_title":"BALMAIN HAIR kinkekomplekt \/ Versailles Winter Brilliance Set FW23 - Hair Deluxe","og_description":"Winter Brilliance FW23 komplekt on ideaalne, et anda juustele sile ja terve v\u00e4limus. Komplekti kuuluvad Leave-In Conditioning Spray, must Barrette pour Cheveux Medium ja eriline kingitus: Moisturizing Styling Cream Kerge, juustesse j\u00e4etav spreipalsam hooldab ja toidab juukseid, siludes samal ajal juuksekutiikuleid, et tagada \u00fclim hooldus terveks p\u00e4evaks. Koostis on rikastatud kaitsvate UV-filtritega, mis kaitsevad juukseid UV-kiirte eest, v\u00e4ltides v\u00e4rvi tuhmumist. Moisturizing Styling Cream on ideaalne baas igale soengule. Selle sile, kreemjas koostis on m\u00f5eldud juuste ettevalmistamiseks enne lokitangide, sirgendaja v\u00f5i f\u00f6\u00f6niga soengusse seadmist. See toitev kreem taltsutab kahu, lisab vol\u00fc\u00fcmi ja kaitseb juukseid edasiste kahjustuste eest. Komplekti kuulub: - Leave-In Conditionig Spray 200ml - Moisturizing Styling Cream 150ml - Barrette pour Cheveux Medium","og_url":"https:\/\/hairdeluxe.ee\/ru\/product\/balmain-kinkekomplekt-versailles-winter-brilliance-set-fw23-2\/","og_site_name":"Hair Deluxe","article_publisher":"https:\/\/www.facebook.com\/blowbartallinn","article_modified_time":"2025-03-18T19:22:23+00:00","og_image":[{"width":800,"height":800,"url":"https:\/\/hairdeluxe.ee\/wp-content\/uploads\/2024\/02\/balmainhair_styling_le_winter_brilliance_set_fw23_le_cs_s_vc_bri_fw23_02_800x800.jpg","type":"image\/jpeg"}],"twitter_card":"summary_large_image","twitter_misc":{"\u041f\u0440\u0438\u043c\u0435\u0440\u043d\u043e\u0435 \u0432\u0440\u0435\u043c\u044f \u0434\u043b\u044f \u0447\u0442\u0435\u043d\u0438\u044f":"1 \u043c\u0438\u043d\u0443\u0442\u0430"},"schema":{"@context":"https:\/\/schema.org","@graph":[{"@type":"WebPage","@id":"https:\/\/hairdeluxe.ee\/ru\/product\/balmain-kinkekomplekt-versailles-winter-brilliance-set-fw23-2\/","url":"https:\/\/hairdeluxe.ee\/ru\/product\/balmain-kinkekomplekt-versailles-winter-brilliance-set-fw23-2\/","name":"BALMAIN HAIR kinkekomplekt \/ Versailles Winter Brilliance Set FW23 - Hair Deluxe","isPartOf":{"@id":"https:\/\/hairdeluxe.ee\/ru\/#website"},"primaryImageOfPage":{"@id":"https:\/\/hairdeluxe.ee\/ru\/product\/balmain-kinkekomplekt-versailles-winter-brilliance-set-fw23-2\/#primaryimage"},"image":{"@id":"https:\/\/hairdeluxe.ee\/ru\/product\/balmain-kinkekomplekt-versailles-winter-brilliance-set-fw23-2\/#primaryimage"},"thumbnailUrl":"https:\/\/hairdeluxe.ee\/wp-content\/uploads\/2024\/02\/balmainhair_styling_le_winter_brilliance_set_fw23_le_cs_s_vc_bri_fw23_02_800x800.jpg","datePublished":"2024-02-03T08:13:20+00:00","dateModified":"2025-03-18T19:22:23+00:00","breadcrumb":{"@id":"https:\/\/hairdeluxe.ee\/ru\/product\/balmain-kinkekomplekt-versailles-winter-brilliance-set-fw23-2\/#breadcrumb"},"inLanguage":"ru-RU","potentialAction":[{"@type":"ReadAction","target":["https:\/\/hairdeluxe.ee\/ru\/product\/balmain-kinkekomplekt-versailles-winter-brilliance-set-fw23-2\/"]}]},{"@type":"ImageObject","inLanguage":"ru-RU","@id":"https:\/\/hairdeluxe.ee\/ru\/product\/balmain-kinkekomplekt-versailles-winter-brilliance-set-fw23-2\/#primaryimage","url":"https:\/\/hairdeluxe.ee\/wp-content\/uploads\/2024\/02\/balmainhair_styling_le_winter_brilliance_set_fw23_le_cs_s_vc_bri_fw23_02_800x800.jpg","contentUrl":"https:\/\/hairdeluxe.ee\/wp-content\/uploads\/2024\/02\/balmainhair_styling_le_winter_brilliance_set_fw23_le_cs_s_vc_bri_fw23_02_800x800.jpg","width":800,"height":800},{"@type":"BreadcrumbList","@id":"https:\/\/hairdeluxe.ee\/ru\/product\/balmain-kinkekomplekt-versailles-winter-brilliance-set-fw23-2\/#breadcrumb","itemListElement":[{"@type":"ListItem","position":1,"name":"Home","item":"https:\/\/hairdeluxe.ee\/ru\/"},{"@type":"ListItem","position":2,"name":"\u041c\u0430\u0433\u0430\u0437\u0438\u043d","item":"https:\/\/hairdeluxe.ee\/ru\/shop\/"},{"@type":"ListItem","position":3,"name":"BALMAIN HAIR kinkekomplekt \/ Versailles Winter Brilliance Set FW23"}]},{"@type":"WebSite","@id":"https:\/\/hairdeluxe.ee\/ru\/#website","url":"https:\/\/hairdeluxe.ee\/ru\/","name":"Hair Deluxe","description":"Highlight your natural beauty","publisher":{"@id":"https:\/\/hairdeluxe.ee\/ru\/#organization"},"potentialAction":[{"@type":"SearchAction","target":{"@type":"EntryPoint","urlTemplate":"https:\/\/hairdeluxe.ee\/ru\/?s={search_term_string}"},"query-input":{"@type":"PropertyValueSpecification","valueRequired":true,"valueName":"search_term_string"}}],"inLanguage":"ru-RU"},{"@type":"Organization","@id":"https:\/\/hairdeluxe.ee\/ru\/#organization","name":"Hair Deluxe","url":"https:\/\/hairdeluxe.ee\/ru\/","logo":{"@type":"ImageObject","inLanguage":"ru-RU","@id":"https:\/\/hairdeluxe.ee\/ru\/#\/schema\/logo\/image\/","url":"https:\/\/hairdeluxe.ee\/wp-content\/uploads\/2024\/06\/Hair-Deluxe-Logo-Dark-font.png","contentUrl":"https:\/\/hairdeluxe.ee\/wp-content\/uploads\/2024\/06\/Hair-Deluxe-Logo-Dark-font.png","width":467,"height":177,"caption":"Hair Deluxe"},"image":{"@id":"https:\/\/hairdeluxe.ee\/ru\/#\/schema\/logo\/image\/"},"sameAs":["https:\/\/www.facebook.com\/blowbartallinn","https:\/\/www.instagram.com\/blowbar_tallinn"]}]}},"_links":{"self":[{"href":"https:\/\/hairdeluxe.ee\/ru\/wp-json\/wp\/v2\/product\/36849","targetHints":{"allow":["GET"]}}],"collection":[{"href":"https:\/\/hairdeluxe.ee\/ru\/wp-json\/wp\/v2\/product"}],"about":[{"href":"https:\/\/hairdeluxe.ee\/ru\/wp-json\/wp\/v2\/types\/product"}],"wp:featuredmedia":[{"embeddable":true,"href":"https:\/\/hairdeluxe.ee\/ru\/wp-json\/wp\/v2\/media\/36845"}],"wp:attachment":[{"href":"https:\/\/hairdeluxe.ee\/ru\/wp-json\/wp\/v2\/media?parent=36849"}],"wp:term":[{"taxonomy":"product_brand","embeddable":true,"href":"https:\/\/hairdeluxe.ee\/ru\/wp-json\/wp\/v2\/product_brand?post=36849"},{"taxonomy":"product_cat","embeddable":true,"href":"https:\/\/hairdeluxe.ee\/ru\/wp-json\/wp\/v2\/product_cat?post=36849"},{"taxonomy":"product_tag","embeddable":true,"href":"https:\/\/hairdeluxe.ee\/ru\/wp-json\/wp\/v2\/product_tag?post=36849"}],"curies":[{"name":"wp","href":"https:\/\/api.w.org\/{rel}","templated":true}]}}