{"id":36853,"date":"2024-02-03T10:13:24","date_gmt":"2024-02-03T08:13:24","guid":{"rendered":"https:\/\/blowbar.ee\/toode\/balmain-hair-kinkekomplekt-versailles-magnificent-volume-set-fw23-2\/"},"modified":"2025-03-18T19:22:23","modified_gmt":"2025-03-18T19:22:23","slug":"balmain-kinkekomplekt-versailles-magnificent-volume-set-fw23","status":"publish","type":"product","link":"https:\/\/hairdeluxe.ee\/ru\/product\/balmain-kinkekomplekt-versailles-magnificent-volume-set-fw23\/","title":{"rendered":"BALMAIN HAIR vol\u00fc\u00fcmiandev kinkekomplekt \/ Versailles Magnificent Volume Set FW23"},"content":{"rendered":"<p><strong>Balmain Hair Texturizing Volume Spray 200ml<\/strong><br \/>\n<em><strong>Koostis:<\/strong>\u00a0Butane, Alcohol Denat., Isobutane, Propane, VP\/VA Copolymer, Aluminum Starch Octenylsuccinate, Silica, Solanum Tuberosum (Potato)Starch, Cocotrimonium Methosulfate, Aqua, Tocopherol, Benzophenone-4, Parfum.<\/em><\/p>\n<p><strong>Balmain Hair Volume Mousse Strong 300ml<\/strong><br \/>\n<em><strong>Koostis:<\/strong>\u00a0<\/em><em>Aqua, Polyquaternium- 11, Butane, Propane, Isobutane, Polyquaternium-16, Bisamino PEG\/PPG-41\/3 Aminoethyl PG-Propyl Dimethicone, Silk Amino Acids, Hydrolyzed Vegetable Protein PG-Propyl Silanetriol, Panthenol, Zingiber Officinale (Ginger) Root Extract, Butylene Glycol, Betaine, PEG-12 Dimethicone, Aloe Barbadensis, Anthemis Nobilis, Propylene Glycol, Rosemary Extract, Cetrimonium Chloride, Polysorbate 20, Laureth-4, Benzophenone-4, Parfum.<\/em><\/p>\n<p>&nbsp;<\/p>\n","protected":false},"excerpt":{"rendered":"<p>Magnificent Volume komplekt FW23 pakub t\u00e4iuslikku kombinatsiooni kohese vol\u00fc\u00fcmi andmiseks soengule. Komplekti kuuluvad Texturizing Volume Spray, Volume Mousse Strong ja Backcomb Brush.<br \/>\nTexturizing Volume Spray on mitmek\u00fclgne vol\u00fc\u00fcmisprei, mis t\u00f5stab juuksjuuri ja muudab soengu koheseltvol\u00fc\u00fcmikamaks. See toode annab juustele kiiresti mahtu- pakkudes kauakestvat vol\u00fc\u00fcmi ja tekstuuri.<br \/>\nVolume Mousse Strong maksimeerib vol\u00fc\u00fcmi ja tihendab juukseid, pakkudes kauakestvat p\u00fcsivust, j\u00e4tmata soovimatuid j\u00e4\u00e4ke juustele.<br \/>\nL\u00f5puks kasutage professionaalset Backcomb Brushi, et anda juustele vol\u00fc\u00fcmi ilma pusasid tekitamata. 100% metssea karvast valmistatud juuksehari aitab juukseid hooldada, jaotades rasu peanahast kuni juukseotsteni.Loomulik rasu toimib loodusliku kahuvastase seerumina, parandades kuivi juukseid ja lisades neile l\u00e4iget.Juuksehari on disainitud k\u00e4epidemega, mis lihtsustab soengu sektsioneerimist.<\/p>\n<p>Komplekti kuulub:<br \/>\n&#8212;\u00a0Texturizing Volume Spray 200ml<br \/>\n&#8212;\u00a0Volume Mousse Strong 300ml<br \/>\n&#8212; Backcomb Brush<\/p>\n","protected":false},"featured_media":36850,"template":"","meta":[],"product_brand":[464],"product_cat":[266,265,129,130,121,278,280],"product_tag":[],"class_list":{"0":"post-36853","1":"product","2":"type-product","3":"status-publish","4":"has-post-thumbnail","6":"product_brand-balmain-hair","7":"product_cat-balmain-hair","8":"product_cat-brandid","9":"product_cat-kingitused","10":"product_cat-kinkekomplektid","11":"product_cat-koik-tooted","12":"product_cat-kollektsioonid","13":"product_cat-voluumi-andev-volume","15":"first","16":"instock","17":"taxable","18":"shipping-taxable","19":"purchasable","20":"product-type-simple","21":"add-to-wishlist-after_add_to_cart"},"yoast_head":"<!-- This site is optimized with the Yoast SEO plugin v27.5 - https:\/\/yoast.com\/product\/yoast-seo-wordpress\/ -->\n<title>BALMAIN HAIR vol\u00fc\u00fcmiandev kinkekomplekt \/ Versailles Magnificent Volume Set FW23 - Hair Deluxe<\/title>\n<meta name=\"robots\" content=\"index, follow, max-snippet:-1, max-image-preview:large, max-video-preview:-1\" \/>\n<link rel=\"canonical\" href=\"https:\/\/hairdeluxe.ee\/ru\/product\/balmain-kinkekomplekt-versailles-magnificent-volume-set-fw23\/\" \/>\n<meta property=\"og:locale\" content=\"ru_RU\" \/>\n<meta property=\"og:type\" content=\"article\" \/>\n<meta property=\"og:title\" content=\"BALMAIN HAIR vol\u00fc\u00fcmiandev kinkekomplekt \/ Versailles Magnificent Volume Set FW23 - Hair Deluxe\" \/>\n<meta property=\"og:description\" content=\"Magnificent Volume komplekt FW23 pakub t\u00e4iuslikku kombinatsiooni kohese vol\u00fc\u00fcmi andmiseks soengule. Komplekti kuuluvad Texturizing Volume Spray, Volume Mousse Strong ja Backcomb Brush. Texturizing Volume Spray on mitmek\u00fclgne vol\u00fc\u00fcmisprei, mis t\u00f5stab juuksjuuri ja muudab soengu koheseltvol\u00fc\u00fcmikamaks. See toode annab juustele kiiresti mahtu- pakkudes kauakestvat vol\u00fc\u00fcmi ja tekstuuri. Volume Mousse Strong maksimeerib vol\u00fc\u00fcmi ja tihendab juukseid, pakkudes kauakestvat p\u00fcsivust, j\u00e4tmata soovimatuid j\u00e4\u00e4ke juustele. L\u00f5puks kasutage professionaalset Backcomb Brushi, et anda juustele vol\u00fc\u00fcmi ilma pusasid tekitamata. 100% metssea karvast valmistatud juuksehari aitab juukseid hooldada, jaotades rasu peanahast kuni juukseotsteni.Loomulik rasu toimib loodusliku kahuvastase seerumina, parandades kuivi juukseid ja lisades neile l\u00e4iget.Juuksehari on disainitud k\u00e4epidemega, mis lihtsustab soengu sektsioneerimist. Komplekti kuulub: -\u00a0Texturizing Volume Spray 200ml -\u00a0Volume Mousse Strong 300ml - Backcomb Brush\" \/>\n<meta property=\"og:url\" content=\"https:\/\/hairdeluxe.ee\/ru\/product\/balmain-kinkekomplekt-versailles-magnificent-volume-set-fw23\/\" \/>\n<meta property=\"og:site_name\" content=\"Hair Deluxe\" \/>\n<meta property=\"article:publisher\" content=\"https:\/\/www.facebook.com\/blowbartallinn\" \/>\n<meta property=\"article:modified_time\" content=\"2025-03-18T19:22:23+00:00\" \/>\n<meta property=\"og:image\" content=\"https:\/\/hairdeluxe.ee\/wp-content\/uploads\/2024\/02\/balmainhair_styling_le_magnificent_volume_set_fw23_le_cs_s_vc_vol_fw23_02_800x800.jpg\" \/>\n\t<meta property=\"og:image:width\" content=\"800\" \/>\n\t<meta property=\"og:image:height\" content=\"800\" \/>\n\t<meta property=\"og:image:type\" content=\"image\/jpeg\" \/>\n<meta name=\"twitter:card\" content=\"summary_large_image\" \/>\n<script type=\"application\/ld+json\" class=\"yoast-schema-graph\">{\"@context\":\"https:\\\/\\\/schema.org\",\"@graph\":[{\"@type\":\"WebPage\",\"@id\":\"https:\\\/\\\/hairdeluxe.ee\\\/ru\\\/product\\\/balmain-kinkekomplekt-versailles-magnificent-volume-set-fw23\\\/\",\"url\":\"https:\\\/\\\/hairdeluxe.ee\\\/ru\\\/product\\\/balmain-kinkekomplekt-versailles-magnificent-volume-set-fw23\\\/\",\"name\":\"BALMAIN HAIR vol\u00fc\u00fcmiandev kinkekomplekt \\\/ Versailles Magnificent Volume Set FW23 - Hair Deluxe\",\"isPartOf\":{\"@id\":\"https:\\\/\\\/hairdeluxe.ee\\\/ru\\\/#website\"},\"primaryImageOfPage\":{\"@id\":\"https:\\\/\\\/hairdeluxe.ee\\\/ru\\\/product\\\/balmain-kinkekomplekt-versailles-magnificent-volume-set-fw23\\\/#primaryimage\"},\"image\":{\"@id\":\"https:\\\/\\\/hairdeluxe.ee\\\/ru\\\/product\\\/balmain-kinkekomplekt-versailles-magnificent-volume-set-fw23\\\/#primaryimage\"},\"thumbnailUrl\":\"https:\\\/\\\/hairdeluxe.ee\\\/wp-content\\\/uploads\\\/2024\\\/02\\\/balmainhair_styling_le_magnificent_volume_set_fw23_le_cs_s_vc_vol_fw23_02_800x800.jpg\",\"datePublished\":\"2024-02-03T08:13:24+00:00\",\"dateModified\":\"2025-03-18T19:22:23+00:00\",\"breadcrumb\":{\"@id\":\"https:\\\/\\\/hairdeluxe.ee\\\/ru\\\/product\\\/balmain-kinkekomplekt-versailles-magnificent-volume-set-fw23\\\/#breadcrumb\"},\"inLanguage\":\"ru-RU\",\"potentialAction\":[{\"@type\":\"ReadAction\",\"target\":[\"https:\\\/\\\/hairdeluxe.ee\\\/ru\\\/product\\\/balmain-kinkekomplekt-versailles-magnificent-volume-set-fw23\\\/\"]}]},{\"@type\":\"ImageObject\",\"inLanguage\":\"ru-RU\",\"@id\":\"https:\\\/\\\/hairdeluxe.ee\\\/ru\\\/product\\\/balmain-kinkekomplekt-versailles-magnificent-volume-set-fw23\\\/#primaryimage\",\"url\":\"https:\\\/\\\/hairdeluxe.ee\\\/wp-content\\\/uploads\\\/2024\\\/02\\\/balmainhair_styling_le_magnificent_volume_set_fw23_le_cs_s_vc_vol_fw23_02_800x800.jpg\",\"contentUrl\":\"https:\\\/\\\/hairdeluxe.ee\\\/wp-content\\\/uploads\\\/2024\\\/02\\\/balmainhair_styling_le_magnificent_volume_set_fw23_le_cs_s_vc_vol_fw23_02_800x800.jpg\",\"width\":800,\"height\":800},{\"@type\":\"BreadcrumbList\",\"@id\":\"https:\\\/\\\/hairdeluxe.ee\\\/ru\\\/product\\\/balmain-kinkekomplekt-versailles-magnificent-volume-set-fw23\\\/#breadcrumb\",\"itemListElement\":[{\"@type\":\"ListItem\",\"position\":1,\"name\":\"Home\",\"item\":\"https:\\\/\\\/hairdeluxe.ee\\\/ru\\\/\"},{\"@type\":\"ListItem\",\"position\":2,\"name\":\"\u041c\u0430\u0433\u0430\u0437\u0438\u043d\",\"item\":\"https:\\\/\\\/hairdeluxe.ee\\\/ru\\\/shop\\\/\"},{\"@type\":\"ListItem\",\"position\":3,\"name\":\"BALMAIN HAIR vol\u00fc\u00fcmiandev kinkekomplekt \\\/ Versailles Magnificent Volume Set FW23\"}]},{\"@type\":\"WebSite\",\"@id\":\"https:\\\/\\\/hairdeluxe.ee\\\/ru\\\/#website\",\"url\":\"https:\\\/\\\/hairdeluxe.ee\\\/ru\\\/\",\"name\":\"Hair Deluxe\",\"description\":\"Highlight your natural beauty\",\"publisher\":{\"@id\":\"https:\\\/\\\/hairdeluxe.ee\\\/ru\\\/#organization\"},\"potentialAction\":[{\"@type\":\"SearchAction\",\"target\":{\"@type\":\"EntryPoint\",\"urlTemplate\":\"https:\\\/\\\/hairdeluxe.ee\\\/ru\\\/?s={search_term_string}\"},\"query-input\":{\"@type\":\"PropertyValueSpecification\",\"valueRequired\":true,\"valueName\":\"search_term_string\"}}],\"inLanguage\":\"ru-RU\"},{\"@type\":\"Organization\",\"@id\":\"https:\\\/\\\/hairdeluxe.ee\\\/ru\\\/#organization\",\"name\":\"Hair Deluxe\",\"url\":\"https:\\\/\\\/hairdeluxe.ee\\\/ru\\\/\",\"logo\":{\"@type\":\"ImageObject\",\"inLanguage\":\"ru-RU\",\"@id\":\"https:\\\/\\\/hairdeluxe.ee\\\/ru\\\/#\\\/schema\\\/logo\\\/image\\\/\",\"url\":\"https:\\\/\\\/hairdeluxe.ee\\\/wp-content\\\/uploads\\\/2024\\\/06\\\/Hair-Deluxe-Logo-Dark-font.png\",\"contentUrl\":\"https:\\\/\\\/hairdeluxe.ee\\\/wp-content\\\/uploads\\\/2024\\\/06\\\/Hair-Deluxe-Logo-Dark-font.png\",\"width\":467,\"height\":177,\"caption\":\"Hair Deluxe\"},\"image\":{\"@id\":\"https:\\\/\\\/hairdeluxe.ee\\\/ru\\\/#\\\/schema\\\/logo\\\/image\\\/\"},\"sameAs\":[\"https:\\\/\\\/www.facebook.com\\\/blowbartallinn\",\"https:\\\/\\\/www.instagram.com\\\/blowbar_tallinn\"]}]}<\/script>\n<!-- \/ Yoast SEO plugin. -->","yoast_head_json":{"title":"BALMAIN HAIR vol\u00fc\u00fcmiandev kinkekomplekt \/ Versailles Magnificent Volume Set FW23 - Hair Deluxe","robots":{"index":"index","follow":"follow","max-snippet":"max-snippet:-1","max-image-preview":"max-image-preview:large","max-video-preview":"max-video-preview:-1"},"canonical":"https:\/\/hairdeluxe.ee\/ru\/product\/balmain-kinkekomplekt-versailles-magnificent-volume-set-fw23\/","og_locale":"ru_RU","og_type":"article","og_title":"BALMAIN HAIR vol\u00fc\u00fcmiandev kinkekomplekt \/ Versailles Magnificent Volume Set FW23 - Hair Deluxe","og_description":"Magnificent Volume komplekt FW23 pakub t\u00e4iuslikku kombinatsiooni kohese vol\u00fc\u00fcmi andmiseks soengule. Komplekti kuuluvad Texturizing Volume Spray, Volume Mousse Strong ja Backcomb Brush. Texturizing Volume Spray on mitmek\u00fclgne vol\u00fc\u00fcmisprei, mis t\u00f5stab juuksjuuri ja muudab soengu koheseltvol\u00fc\u00fcmikamaks. See toode annab juustele kiiresti mahtu- pakkudes kauakestvat vol\u00fc\u00fcmi ja tekstuuri. Volume Mousse Strong maksimeerib vol\u00fc\u00fcmi ja tihendab juukseid, pakkudes kauakestvat p\u00fcsivust, j\u00e4tmata soovimatuid j\u00e4\u00e4ke juustele. L\u00f5puks kasutage professionaalset Backcomb Brushi, et anda juustele vol\u00fc\u00fcmi ilma pusasid tekitamata. 100% metssea karvast valmistatud juuksehari aitab juukseid hooldada, jaotades rasu peanahast kuni juukseotsteni.Loomulik rasu toimib loodusliku kahuvastase seerumina, parandades kuivi juukseid ja lisades neile l\u00e4iget.Juuksehari on disainitud k\u00e4epidemega, mis lihtsustab soengu sektsioneerimist. Komplekti kuulub: -\u00a0Texturizing Volume Spray 200ml -\u00a0Volume Mousse Strong 300ml - Backcomb Brush","og_url":"https:\/\/hairdeluxe.ee\/ru\/product\/balmain-kinkekomplekt-versailles-magnificent-volume-set-fw23\/","og_site_name":"Hair Deluxe","article_publisher":"https:\/\/www.facebook.com\/blowbartallinn","article_modified_time":"2025-03-18T19:22:23+00:00","og_image":[{"width":800,"height":800,"url":"https:\/\/hairdeluxe.ee\/wp-content\/uploads\/2024\/02\/balmainhair_styling_le_magnificent_volume_set_fw23_le_cs_s_vc_vol_fw23_02_800x800.jpg","type":"image\/jpeg"}],"twitter_card":"summary_large_image","schema":{"@context":"https:\/\/schema.org","@graph":[{"@type":"WebPage","@id":"https:\/\/hairdeluxe.ee\/ru\/product\/balmain-kinkekomplekt-versailles-magnificent-volume-set-fw23\/","url":"https:\/\/hairdeluxe.ee\/ru\/product\/balmain-kinkekomplekt-versailles-magnificent-volume-set-fw23\/","name":"BALMAIN HAIR vol\u00fc\u00fcmiandev kinkekomplekt \/ Versailles Magnificent Volume Set FW23 - Hair Deluxe","isPartOf":{"@id":"https:\/\/hairdeluxe.ee\/ru\/#website"},"primaryImageOfPage":{"@id":"https:\/\/hairdeluxe.ee\/ru\/product\/balmain-kinkekomplekt-versailles-magnificent-volume-set-fw23\/#primaryimage"},"image":{"@id":"https:\/\/hairdeluxe.ee\/ru\/product\/balmain-kinkekomplekt-versailles-magnificent-volume-set-fw23\/#primaryimage"},"thumbnailUrl":"https:\/\/hairdeluxe.ee\/wp-content\/uploads\/2024\/02\/balmainhair_styling_le_magnificent_volume_set_fw23_le_cs_s_vc_vol_fw23_02_800x800.jpg","datePublished":"2024-02-03T08:13:24+00:00","dateModified":"2025-03-18T19:22:23+00:00","breadcrumb":{"@id":"https:\/\/hairdeluxe.ee\/ru\/product\/balmain-kinkekomplekt-versailles-magnificent-volume-set-fw23\/#breadcrumb"},"inLanguage":"ru-RU","potentialAction":[{"@type":"ReadAction","target":["https:\/\/hairdeluxe.ee\/ru\/product\/balmain-kinkekomplekt-versailles-magnificent-volume-set-fw23\/"]}]},{"@type":"ImageObject","inLanguage":"ru-RU","@id":"https:\/\/hairdeluxe.ee\/ru\/product\/balmain-kinkekomplekt-versailles-magnificent-volume-set-fw23\/#primaryimage","url":"https:\/\/hairdeluxe.ee\/wp-content\/uploads\/2024\/02\/balmainhair_styling_le_magnificent_volume_set_fw23_le_cs_s_vc_vol_fw23_02_800x800.jpg","contentUrl":"https:\/\/hairdeluxe.ee\/wp-content\/uploads\/2024\/02\/balmainhair_styling_le_magnificent_volume_set_fw23_le_cs_s_vc_vol_fw23_02_800x800.jpg","width":800,"height":800},{"@type":"BreadcrumbList","@id":"https:\/\/hairdeluxe.ee\/ru\/product\/balmain-kinkekomplekt-versailles-magnificent-volume-set-fw23\/#breadcrumb","itemListElement":[{"@type":"ListItem","position":1,"name":"Home","item":"https:\/\/hairdeluxe.ee\/ru\/"},{"@type":"ListItem","position":2,"name":"\u041c\u0430\u0433\u0430\u0437\u0438\u043d","item":"https:\/\/hairdeluxe.ee\/ru\/shop\/"},{"@type":"ListItem","position":3,"name":"BALMAIN HAIR vol\u00fc\u00fcmiandev kinkekomplekt \/ Versailles Magnificent Volume Set FW23"}]},{"@type":"WebSite","@id":"https:\/\/hairdeluxe.ee\/ru\/#website","url":"https:\/\/hairdeluxe.ee\/ru\/","name":"Hair Deluxe","description":"Highlight your natural beauty","publisher":{"@id":"https:\/\/hairdeluxe.ee\/ru\/#organization"},"potentialAction":[{"@type":"SearchAction","target":{"@type":"EntryPoint","urlTemplate":"https:\/\/hairdeluxe.ee\/ru\/?s={search_term_string}"},"query-input":{"@type":"PropertyValueSpecification","valueRequired":true,"valueName":"search_term_string"}}],"inLanguage":"ru-RU"},{"@type":"Organization","@id":"https:\/\/hairdeluxe.ee\/ru\/#organization","name":"Hair Deluxe","url":"https:\/\/hairdeluxe.ee\/ru\/","logo":{"@type":"ImageObject","inLanguage":"ru-RU","@id":"https:\/\/hairdeluxe.ee\/ru\/#\/schema\/logo\/image\/","url":"https:\/\/hairdeluxe.ee\/wp-content\/uploads\/2024\/06\/Hair-Deluxe-Logo-Dark-font.png","contentUrl":"https:\/\/hairdeluxe.ee\/wp-content\/uploads\/2024\/06\/Hair-Deluxe-Logo-Dark-font.png","width":467,"height":177,"caption":"Hair Deluxe"},"image":{"@id":"https:\/\/hairdeluxe.ee\/ru\/#\/schema\/logo\/image\/"},"sameAs":["https:\/\/www.facebook.com\/blowbartallinn","https:\/\/www.instagram.com\/blowbar_tallinn"]}]}},"_links":{"self":[{"href":"https:\/\/hairdeluxe.ee\/ru\/wp-json\/wp\/v2\/product\/36853","targetHints":{"allow":["GET"]}}],"collection":[{"href":"https:\/\/hairdeluxe.ee\/ru\/wp-json\/wp\/v2\/product"}],"about":[{"href":"https:\/\/hairdeluxe.ee\/ru\/wp-json\/wp\/v2\/types\/product"}],"wp:featuredmedia":[{"embeddable":true,"href":"https:\/\/hairdeluxe.ee\/ru\/wp-json\/wp\/v2\/media\/36850"}],"wp:attachment":[{"href":"https:\/\/hairdeluxe.ee\/ru\/wp-json\/wp\/v2\/media?parent=36853"}],"wp:term":[{"taxonomy":"product_brand","embeddable":true,"href":"https:\/\/hairdeluxe.ee\/ru\/wp-json\/wp\/v2\/product_brand?post=36853"},{"taxonomy":"product_cat","embeddable":true,"href":"https:\/\/hairdeluxe.ee\/ru\/wp-json\/wp\/v2\/product_cat?post=36853"},{"taxonomy":"product_tag","embeddable":true,"href":"https:\/\/hairdeluxe.ee\/ru\/wp-json\/wp\/v2\/product_tag?post=36853"}],"curies":[{"name":"wp","href":"https:\/\/api.w.org\/{rel}","templated":true}]}}