{"id":39924,"date":"2021-03-17T15:20:30","date_gmt":"2021-03-17T13:20:30","guid":{"rendered":"https:\/\/blowbar.ee\/toode\/import-placeholder-for-913\/"},"modified":"2025-03-18T19:22:38","modified_gmt":"2025-03-18T19:22:38","slug":"balmain-tugev-juukselakk-vaike-75ml-session-spray-strong-travel-size","status":"publish","type":"product","link":"https:\/\/hairdeluxe.ee\/ru\/product\/balmain-tugev-juukselakk-vaike-75ml-session-spray-strong-travel-size\/","title":{"rendered":"BALMAIN HAIR tugeva hoidvusega juukselakk resile \/ Session Spray Strong 75ml travel"},"content":{"rendered":"<p><em><strong>Koostis:\u00a0<\/strong>Dimethyl Ether, Alcohol Denat., Octylacrylamide\/Acrylates\/ Butylaminoethyl Methacrylate Copolymer, Acrylates Copolymer, Silk Amino Acids, Aminomethyl Propanol, PEG-12 Dimethicone, Panthenol, Benzophenone-4, Parfum.<\/em><\/p>\n","protected":false},"excerpt":{"rendered":"<p>Tugev juukselakk, mis fikseerib ja kinnitab soengu terveks p\u00e4evaks. Ei j\u00e4ta juukseid m\u00e4rjaks ega muuda raskeks. H\u00f5lpsasti v\u00e4ljakammitav. T\u00f5rjub niiskust ning lisab juustele kohest s\u00e4ra ja vol\u00fc\u00fcmi. UV-kaitsega. Siidiproteiin ja argaania\u00f5li s\u00e4ilitavad optimaalse niiskustaseme juustes, taastavad ja kaitsevad kahjustunud, kuivi ja n\u00f5rkasid juukseid kahjuliku keskkonnam\u00f5ju eest. Annab soengule kauakestva hoidvuse. Balmain Hair signatuurl\u00f5hnaga.<br \/>\n\u2013 Tagab elastse, kuid p\u00fcsiva viimistluse<br \/>\n\u2013 Kauap\u00fcsiv hoidvus<br \/>\n\u2013 Sisaldab UV kaitset<\/p>\n<p><strong>Kasutamine:\u00a0<\/strong>Pihustada juustele 15\u201320 cm kauguselt.<\/p>\n<p><strong>Soovitus:<\/strong>\u00a0V\u00f5imalik lisada soengule rohkem hoidvust ja liikuvust, kui pihustada toodet juustele ja kasutada seej\u00e4rel kuumasid juukserulle, lokitange v\u00f5i juukseotstel sirgendajat. Seej\u00e4rel pihustada juustele veel pisut lakki \u2013 nii fikseerite soengu. Seda nippi kasutatakse suurejoonelistel moe\u0161\u00f5udel.<\/p>\n<p>Kogus: 75ml<\/p>\n<p>https:\/\/www.youtube.com\/watch?v=pXMqWcZbcq0<\/p>\n","protected":false},"featured_media":21710,"template":"","meta":[],"product_brand":[464],"product_cat":[266,265,212,121,144,170,274,196],"product_tag":[],"class_list":{"0":"post-39924","1":"product","2":"type-product","3":"status-publish","4":"has-post-thumbnail","6":"product_brand-balmain-hair","7":"product_cat-balmain-hair","8":"product_cat-brandid","9":"product_cat-kinnitus","10":"product_cat-koik-tooted","11":"product_cat-meestele","12":"product_cat-reisile","13":"product_cat-viimistlus-meestele","14":"product_cat-viimistlus","16":"first","17":"instock","18":"taxable","19":"shipping-taxable","20":"purchasable","21":"product-type-simple","22":"add-to-wishlist-after_add_to_cart"},"yoast_head":"<!-- This site is optimized with the Yoast SEO plugin v27.5 - https:\/\/yoast.com\/product\/yoast-seo-wordpress\/ -->\n<title>BALMAIN HAIR tugeva hoidvusega juukselakk resile \/ Session Spray Strong 75ml travel - Hair Deluxe<\/title>\n<meta name=\"robots\" content=\"index, follow, max-snippet:-1, max-image-preview:large, max-video-preview:-1\" \/>\n<link rel=\"canonical\" href=\"https:\/\/hairdeluxe.ee\/ru\/product\/balmain-tugev-juukselakk-vaike-75ml-session-spray-strong-travel-size\/\" \/>\n<meta property=\"og:locale\" content=\"ru_RU\" \/>\n<meta property=\"og:type\" content=\"article\" \/>\n<meta property=\"og:title\" content=\"BALMAIN HAIR tugeva hoidvusega juukselakk resile \/ Session Spray Strong 75ml travel - Hair Deluxe\" \/>\n<meta property=\"og:description\" content=\"Tugev juukselakk, mis fikseerib ja kinnitab soengu terveks p\u00e4evaks. Ei j\u00e4ta juukseid m\u00e4rjaks ega muuda raskeks. H\u00f5lpsasti v\u00e4ljakammitav. T\u00f5rjub niiskust ning lisab juustele kohest s\u00e4ra ja vol\u00fc\u00fcmi. UV-kaitsega. Siidiproteiin ja argaania\u00f5li s\u00e4ilitavad optimaalse niiskustaseme juustes, taastavad ja kaitsevad kahjustunud, kuivi ja n\u00f5rkasid juukseid kahjuliku keskkonnam\u00f5ju eest. Annab soengule kauakestva hoidvuse. Balmain Hair signatuurl\u00f5hnaga. \u2013 Tagab elastse, kuid p\u00fcsiva viimistluse \u2013 Kauap\u00fcsiv hoidvus \u2013 Sisaldab UV kaitset  Kasutamine:\u00a0Pihustada juustele 15\u201320 cm kauguselt.  Soovitus:\u00a0V\u00f5imalik lisada soengule rohkem hoidvust ja liikuvust, kui pihustada toodet juustele ja kasutada seej\u00e4rel kuumasid juukserulle, lokitange v\u00f5i juukseotstel sirgendajat. Seej\u00e4rel pihustada juustele veel pisut lakki \u2013 nii fikseerite soengu. Seda nippi kasutatakse suurejoonelistel moe\u0161\u00f5udel.  Kogus: 75ml  https:\/\/www.youtube.com\/watch?v=pXMqWcZbcq0\" \/>\n<meta property=\"og:url\" content=\"https:\/\/hairdeluxe.ee\/ru\/product\/balmain-tugev-juukselakk-vaike-75ml-session-spray-strong-travel-size\/\" \/>\n<meta property=\"og:site_name\" content=\"Hair Deluxe\" \/>\n<meta property=\"article:publisher\" content=\"https:\/\/www.facebook.com\/blowbartallinn\" \/>\n<meta property=\"article:modified_time\" content=\"2025-03-18T19:22:38+00:00\" \/>\n<meta property=\"og:image\" content=\"https:\/\/hairdeluxe.ee\/wp-content\/uploads\/2021\/03\/sp-travel.jpg\" \/>\n\t<meta property=\"og:image:width\" content=\"800\" \/>\n\t<meta property=\"og:image:height\" content=\"800\" \/>\n\t<meta property=\"og:image:type\" content=\"image\/jpeg\" \/>\n<meta name=\"twitter:card\" content=\"summary_large_image\" \/>\n<meta name=\"twitter:label1\" content=\"\u041f\u0440\u0438\u043c\u0435\u0440\u043d\u043e\u0435 \u0432\u0440\u0435\u043c\u044f \u0434\u043b\u044f \u0447\u0442\u0435\u043d\u0438\u044f\" \/>\n\t<meta name=\"twitter:data1\" content=\"1 \u043c\u0438\u043d\u0443\u0442\u0430\" \/>\n<script type=\"application\/ld+json\" class=\"yoast-schema-graph\">{\"@context\":\"https:\\\/\\\/schema.org\",\"@graph\":[{\"@type\":\"WebPage\",\"@id\":\"https:\\\/\\\/hairdeluxe.ee\\\/ru\\\/product\\\/balmain-tugev-juukselakk-vaike-75ml-session-spray-strong-travel-size\\\/\",\"url\":\"https:\\\/\\\/hairdeluxe.ee\\\/ru\\\/product\\\/balmain-tugev-juukselakk-vaike-75ml-session-spray-strong-travel-size\\\/\",\"name\":\"BALMAIN HAIR tugeva hoidvusega juukselakk resile \\\/ Session Spray Strong 75ml travel - Hair Deluxe\",\"isPartOf\":{\"@id\":\"https:\\\/\\\/hairdeluxe.ee\\\/ru\\\/#website\"},\"primaryImageOfPage\":{\"@id\":\"https:\\\/\\\/hairdeluxe.ee\\\/ru\\\/product\\\/balmain-tugev-juukselakk-vaike-75ml-session-spray-strong-travel-size\\\/#primaryimage\"},\"image\":{\"@id\":\"https:\\\/\\\/hairdeluxe.ee\\\/ru\\\/product\\\/balmain-tugev-juukselakk-vaike-75ml-session-spray-strong-travel-size\\\/#primaryimage\"},\"thumbnailUrl\":\"https:\\\/\\\/hairdeluxe.ee\\\/wp-content\\\/uploads\\\/2021\\\/03\\\/sp-travel.jpg\",\"datePublished\":\"2021-03-17T13:20:30+00:00\",\"dateModified\":\"2025-03-18T19:22:38+00:00\",\"breadcrumb\":{\"@id\":\"https:\\\/\\\/hairdeluxe.ee\\\/ru\\\/product\\\/balmain-tugev-juukselakk-vaike-75ml-session-spray-strong-travel-size\\\/#breadcrumb\"},\"inLanguage\":\"ru-RU\",\"potentialAction\":[{\"@type\":\"ReadAction\",\"target\":[\"https:\\\/\\\/hairdeluxe.ee\\\/ru\\\/product\\\/balmain-tugev-juukselakk-vaike-75ml-session-spray-strong-travel-size\\\/\"]}]},{\"@type\":\"ImageObject\",\"inLanguage\":\"ru-RU\",\"@id\":\"https:\\\/\\\/hairdeluxe.ee\\\/ru\\\/product\\\/balmain-tugev-juukselakk-vaike-75ml-session-spray-strong-travel-size\\\/#primaryimage\",\"url\":\"https:\\\/\\\/hairdeluxe.ee\\\/wp-content\\\/uploads\\\/2021\\\/03\\\/sp-travel.jpg\",\"contentUrl\":\"https:\\\/\\\/hairdeluxe.ee\\\/wp-content\\\/uploads\\\/2021\\\/03\\\/sp-travel.jpg\",\"width\":800,\"height\":800},{\"@type\":\"BreadcrumbList\",\"@id\":\"https:\\\/\\\/hairdeluxe.ee\\\/ru\\\/product\\\/balmain-tugev-juukselakk-vaike-75ml-session-spray-strong-travel-size\\\/#breadcrumb\",\"itemListElement\":[{\"@type\":\"ListItem\",\"position\":1,\"name\":\"Home\",\"item\":\"https:\\\/\\\/hairdeluxe.ee\\\/ru\\\/\"},{\"@type\":\"ListItem\",\"position\":2,\"name\":\"\u041c\u0430\u0433\u0430\u0437\u0438\u043d\",\"item\":\"https:\\\/\\\/hairdeluxe.ee\\\/ru\\\/shop\\\/\"},{\"@type\":\"ListItem\",\"position\":3,\"name\":\"BALMAIN HAIR tugeva hoidvusega juukselakk resile \\\/ Session Spray Strong 75ml travel\"}]},{\"@type\":\"WebSite\",\"@id\":\"https:\\\/\\\/hairdeluxe.ee\\\/ru\\\/#website\",\"url\":\"https:\\\/\\\/hairdeluxe.ee\\\/ru\\\/\",\"name\":\"Hair Deluxe\",\"description\":\"Highlight your natural beauty\",\"publisher\":{\"@id\":\"https:\\\/\\\/hairdeluxe.ee\\\/ru\\\/#organization\"},\"potentialAction\":[{\"@type\":\"SearchAction\",\"target\":{\"@type\":\"EntryPoint\",\"urlTemplate\":\"https:\\\/\\\/hairdeluxe.ee\\\/ru\\\/?s={search_term_string}\"},\"query-input\":{\"@type\":\"PropertyValueSpecification\",\"valueRequired\":true,\"valueName\":\"search_term_string\"}}],\"inLanguage\":\"ru-RU\"},{\"@type\":\"Organization\",\"@id\":\"https:\\\/\\\/hairdeluxe.ee\\\/ru\\\/#organization\",\"name\":\"Hair Deluxe\",\"url\":\"https:\\\/\\\/hairdeluxe.ee\\\/ru\\\/\",\"logo\":{\"@type\":\"ImageObject\",\"inLanguage\":\"ru-RU\",\"@id\":\"https:\\\/\\\/hairdeluxe.ee\\\/ru\\\/#\\\/schema\\\/logo\\\/image\\\/\",\"url\":\"https:\\\/\\\/hairdeluxe.ee\\\/wp-content\\\/uploads\\\/2024\\\/06\\\/Hair-Deluxe-Logo-Dark-font.png\",\"contentUrl\":\"https:\\\/\\\/hairdeluxe.ee\\\/wp-content\\\/uploads\\\/2024\\\/06\\\/Hair-Deluxe-Logo-Dark-font.png\",\"width\":467,\"height\":177,\"caption\":\"Hair Deluxe\"},\"image\":{\"@id\":\"https:\\\/\\\/hairdeluxe.ee\\\/ru\\\/#\\\/schema\\\/logo\\\/image\\\/\"},\"sameAs\":[\"https:\\\/\\\/www.facebook.com\\\/blowbartallinn\",\"https:\\\/\\\/www.instagram.com\\\/blowbar_tallinn\"]}]}<\/script>\n<!-- \/ Yoast SEO plugin. -->","yoast_head_json":{"title":"BALMAIN HAIR tugeva hoidvusega juukselakk resile \/ Session Spray Strong 75ml travel - Hair Deluxe","robots":{"index":"index","follow":"follow","max-snippet":"max-snippet:-1","max-image-preview":"max-image-preview:large","max-video-preview":"max-video-preview:-1"},"canonical":"https:\/\/hairdeluxe.ee\/ru\/product\/balmain-tugev-juukselakk-vaike-75ml-session-spray-strong-travel-size\/","og_locale":"ru_RU","og_type":"article","og_title":"BALMAIN HAIR tugeva hoidvusega juukselakk resile \/ Session Spray Strong 75ml travel - Hair Deluxe","og_description":"Tugev juukselakk, mis fikseerib ja kinnitab soengu terveks p\u00e4evaks. Ei j\u00e4ta juukseid m\u00e4rjaks ega muuda raskeks. H\u00f5lpsasti v\u00e4ljakammitav. T\u00f5rjub niiskust ning lisab juustele kohest s\u00e4ra ja vol\u00fc\u00fcmi. UV-kaitsega. Siidiproteiin ja argaania\u00f5li s\u00e4ilitavad optimaalse niiskustaseme juustes, taastavad ja kaitsevad kahjustunud, kuivi ja n\u00f5rkasid juukseid kahjuliku keskkonnam\u00f5ju eest. Annab soengule kauakestva hoidvuse. Balmain Hair signatuurl\u00f5hnaga. \u2013 Tagab elastse, kuid p\u00fcsiva viimistluse \u2013 Kauap\u00fcsiv hoidvus \u2013 Sisaldab UV kaitset  Kasutamine:\u00a0Pihustada juustele 15\u201320 cm kauguselt.  Soovitus:\u00a0V\u00f5imalik lisada soengule rohkem hoidvust ja liikuvust, kui pihustada toodet juustele ja kasutada seej\u00e4rel kuumasid juukserulle, lokitange v\u00f5i juukseotstel sirgendajat. Seej\u00e4rel pihustada juustele veel pisut lakki \u2013 nii fikseerite soengu. Seda nippi kasutatakse suurejoonelistel moe\u0161\u00f5udel.  Kogus: 75ml  https:\/\/www.youtube.com\/watch?v=pXMqWcZbcq0","og_url":"https:\/\/hairdeluxe.ee\/ru\/product\/balmain-tugev-juukselakk-vaike-75ml-session-spray-strong-travel-size\/","og_site_name":"Hair Deluxe","article_publisher":"https:\/\/www.facebook.com\/blowbartallinn","article_modified_time":"2025-03-18T19:22:38+00:00","og_image":[{"width":800,"height":800,"url":"https:\/\/hairdeluxe.ee\/wp-content\/uploads\/2021\/03\/sp-travel.jpg","type":"image\/jpeg"}],"twitter_card":"summary_large_image","twitter_misc":{"\u041f\u0440\u0438\u043c\u0435\u0440\u043d\u043e\u0435 \u0432\u0440\u0435\u043c\u044f \u0434\u043b\u044f \u0447\u0442\u0435\u043d\u0438\u044f":"1 \u043c\u0438\u043d\u0443\u0442\u0430"},"schema":{"@context":"https:\/\/schema.org","@graph":[{"@type":"WebPage","@id":"https:\/\/hairdeluxe.ee\/ru\/product\/balmain-tugev-juukselakk-vaike-75ml-session-spray-strong-travel-size\/","url":"https:\/\/hairdeluxe.ee\/ru\/product\/balmain-tugev-juukselakk-vaike-75ml-session-spray-strong-travel-size\/","name":"BALMAIN HAIR tugeva hoidvusega juukselakk resile \/ Session Spray Strong 75ml travel - Hair Deluxe","isPartOf":{"@id":"https:\/\/hairdeluxe.ee\/ru\/#website"},"primaryImageOfPage":{"@id":"https:\/\/hairdeluxe.ee\/ru\/product\/balmain-tugev-juukselakk-vaike-75ml-session-spray-strong-travel-size\/#primaryimage"},"image":{"@id":"https:\/\/hairdeluxe.ee\/ru\/product\/balmain-tugev-juukselakk-vaike-75ml-session-spray-strong-travel-size\/#primaryimage"},"thumbnailUrl":"https:\/\/hairdeluxe.ee\/wp-content\/uploads\/2021\/03\/sp-travel.jpg","datePublished":"2021-03-17T13:20:30+00:00","dateModified":"2025-03-18T19:22:38+00:00","breadcrumb":{"@id":"https:\/\/hairdeluxe.ee\/ru\/product\/balmain-tugev-juukselakk-vaike-75ml-session-spray-strong-travel-size\/#breadcrumb"},"inLanguage":"ru-RU","potentialAction":[{"@type":"ReadAction","target":["https:\/\/hairdeluxe.ee\/ru\/product\/balmain-tugev-juukselakk-vaike-75ml-session-spray-strong-travel-size\/"]}]},{"@type":"ImageObject","inLanguage":"ru-RU","@id":"https:\/\/hairdeluxe.ee\/ru\/product\/balmain-tugev-juukselakk-vaike-75ml-session-spray-strong-travel-size\/#primaryimage","url":"https:\/\/hairdeluxe.ee\/wp-content\/uploads\/2021\/03\/sp-travel.jpg","contentUrl":"https:\/\/hairdeluxe.ee\/wp-content\/uploads\/2021\/03\/sp-travel.jpg","width":800,"height":800},{"@type":"BreadcrumbList","@id":"https:\/\/hairdeluxe.ee\/ru\/product\/balmain-tugev-juukselakk-vaike-75ml-session-spray-strong-travel-size\/#breadcrumb","itemListElement":[{"@type":"ListItem","position":1,"name":"Home","item":"https:\/\/hairdeluxe.ee\/ru\/"},{"@type":"ListItem","position":2,"name":"\u041c\u0430\u0433\u0430\u0437\u0438\u043d","item":"https:\/\/hairdeluxe.ee\/ru\/shop\/"},{"@type":"ListItem","position":3,"name":"BALMAIN HAIR tugeva hoidvusega juukselakk resile \/ Session Spray Strong 75ml travel"}]},{"@type":"WebSite","@id":"https:\/\/hairdeluxe.ee\/ru\/#website","url":"https:\/\/hairdeluxe.ee\/ru\/","name":"Hair Deluxe","description":"Highlight your natural beauty","publisher":{"@id":"https:\/\/hairdeluxe.ee\/ru\/#organization"},"potentialAction":[{"@type":"SearchAction","target":{"@type":"EntryPoint","urlTemplate":"https:\/\/hairdeluxe.ee\/ru\/?s={search_term_string}"},"query-input":{"@type":"PropertyValueSpecification","valueRequired":true,"valueName":"search_term_string"}}],"inLanguage":"ru-RU"},{"@type":"Organization","@id":"https:\/\/hairdeluxe.ee\/ru\/#organization","name":"Hair Deluxe","url":"https:\/\/hairdeluxe.ee\/ru\/","logo":{"@type":"ImageObject","inLanguage":"ru-RU","@id":"https:\/\/hairdeluxe.ee\/ru\/#\/schema\/logo\/image\/","url":"https:\/\/hairdeluxe.ee\/wp-content\/uploads\/2024\/06\/Hair-Deluxe-Logo-Dark-font.png","contentUrl":"https:\/\/hairdeluxe.ee\/wp-content\/uploads\/2024\/06\/Hair-Deluxe-Logo-Dark-font.png","width":467,"height":177,"caption":"Hair Deluxe"},"image":{"@id":"https:\/\/hairdeluxe.ee\/ru\/#\/schema\/logo\/image\/"},"sameAs":["https:\/\/www.facebook.com\/blowbartallinn","https:\/\/www.instagram.com\/blowbar_tallinn"]}]}},"_links":{"self":[{"href":"https:\/\/hairdeluxe.ee\/ru\/wp-json\/wp\/v2\/product\/39924","targetHints":{"allow":["GET"]}}],"collection":[{"href":"https:\/\/hairdeluxe.ee\/ru\/wp-json\/wp\/v2\/product"}],"about":[{"href":"https:\/\/hairdeluxe.ee\/ru\/wp-json\/wp\/v2\/types\/product"}],"wp:featuredmedia":[{"embeddable":true,"href":"https:\/\/hairdeluxe.ee\/ru\/wp-json\/wp\/v2\/media\/21710"}],"wp:attachment":[{"href":"https:\/\/hairdeluxe.ee\/ru\/wp-json\/wp\/v2\/media?parent=39924"}],"wp:term":[{"taxonomy":"product_brand","embeddable":true,"href":"https:\/\/hairdeluxe.ee\/ru\/wp-json\/wp\/v2\/product_brand?post=39924"},{"taxonomy":"product_cat","embeddable":true,"href":"https:\/\/hairdeluxe.ee\/ru\/wp-json\/wp\/v2\/product_cat?post=39924"},{"taxonomy":"product_tag","embeddable":true,"href":"https:\/\/hairdeluxe.ee\/ru\/wp-json\/wp\/v2\/product_tag?post=39924"}],"curies":[{"name":"wp","href":"https:\/\/api.w.org\/{rel}","templated":true}]}}