{"id":39937,"date":"2024-02-03T09:08:36","date_gmt":"2024-02-03T07:08:36","guid":{"rendered":"https:\/\/blowbar.ee\/toode\/balmain-hair-juukseklamber-kuldse-logoga-barrette-pour-cheveux-m-vintage\/"},"modified":"2025-03-18T19:22:31","modified_gmt":"2025-03-18T19:22:31","slug":"balmain-juukseklamber-kuldse-logoga-barrette-pour-cheveux-m-vintage-2","status":"publish","type":"product","link":"https:\/\/hairdeluxe.ee\/ru\/product\/balmain-juukseklamber-kuldse-logoga-barrette-pour-cheveux-m-vintage-2\/","title":{"rendered":"BALMAIN HAIR juukseklamber kuldse logoga \/ Barrette pour Cheveux M Vintage"},"content":{"rendered":"","protected":false},"excerpt":{"rendered":"<p>Kvaliteetne ja k\u00e4sit\u00f6\u00f6na valminud luksuslik Balmain Hair juukseaksessuaar annab rohkelt v\u00f5imalusi juuste kinnitamiseks. Klamber on valmistatud ehtsast pastellroosast napa nahast, mida kaunistab 18K kullatud uus Balmain logo. Napa nahk on seest v\u00e4hem sile ja p\u00fcsib seega kindlamalt soengus.<\/p>\n","protected":false},"featured_media":21962,"template":"","meta":[],"product_brand":[464],"product_cat":[96,266,265,206,268,129,121],"product_tag":[],"class_list":{"0":"post-39937","1":"product","2":"type-product","3":"status-publish","4":"has-post-thumbnail","6":"product_brand-balmain-hair","7":"product_cat-aksessuaarid","8":"product_cat-balmain-hair","9":"product_cat-brandid","10":"product_cat-erikollektsioonid","11":"product_cat-juukseklambrid","12":"product_cat-kingitused","13":"product_cat-koik-tooted","15":"first","16":"instock","17":"taxable","18":"shipping-taxable","19":"purchasable","20":"product-type-simple","21":"add-to-wishlist-after_add_to_cart"},"yoast_head":"<!-- This site is optimized with the Yoast SEO plugin v27.5 - https:\/\/yoast.com\/product\/yoast-seo-wordpress\/ -->\n<title>BALMAIN HAIR juukseklamber kuldse logoga \/ Barrette pour Cheveux M Vintage - Hair Deluxe<\/title>\n<meta name=\"robots\" content=\"index, follow, max-snippet:-1, max-image-preview:large, max-video-preview:-1\" \/>\n<link rel=\"canonical\" href=\"https:\/\/hairdeluxe.ee\/ru\/product\/balmain-juukseklamber-kuldse-logoga-barrette-pour-cheveux-m-vintage-2\/\" \/>\n<meta property=\"og:locale\" content=\"ru_RU\" \/>\n<meta property=\"og:type\" content=\"article\" \/>\n<meta property=\"og:title\" content=\"BALMAIN HAIR juukseklamber kuldse logoga \/ Barrette pour Cheveux M Vintage - Hair Deluxe\" \/>\n<meta property=\"og:description\" content=\"Kvaliteetne ja k\u00e4sit\u00f6\u00f6na valminud luksuslik Balmain Hair juukseaksessuaar annab rohkelt v\u00f5imalusi juuste kinnitamiseks. Klamber on valmistatud ehtsast pastellroosast napa nahast, mida kaunistab 18K kullatud uus Balmain logo. Napa nahk on seest v\u00e4hem sile ja p\u00fcsib seega kindlamalt soengus.\" \/>\n<meta property=\"og:url\" content=\"https:\/\/hairdeluxe.ee\/ru\/product\/balmain-juukseklamber-kuldse-logoga-barrette-pour-cheveux-m-vintage-2\/\" \/>\n<meta property=\"og:site_name\" content=\"Hair Deluxe\" \/>\n<meta property=\"article:publisher\" content=\"https:\/\/www.facebook.com\/blowbartallinn\" \/>\n<meta property=\"article:modified_time\" content=\"2025-03-18T19:22:31+00:00\" \/>\n<meta property=\"og:image\" content=\"https:\/\/hairdeluxe.ee\/wp-content\/uploads\/2021\/03\/BalmainHair_Accessories_BarrettePourCheveux_Medium_LimitedEdition_SpringSummer20_Side_LR.jpg\" \/>\n\t<meta property=\"og:image:width\" content=\"1500\" \/>\n\t<meta property=\"og:image:height\" content=\"1500\" \/>\n\t<meta property=\"og:image:type\" content=\"image\/jpeg\" \/>\n<meta name=\"twitter:card\" content=\"summary_large_image\" \/>\n<script type=\"application\/ld+json\" class=\"yoast-schema-graph\">{\"@context\":\"https:\\\/\\\/schema.org\",\"@graph\":[{\"@type\":\"WebPage\",\"@id\":\"https:\\\/\\\/hairdeluxe.ee\\\/ru\\\/product\\\/balmain-juukseklamber-kuldse-logoga-barrette-pour-cheveux-m-vintage-2\\\/\",\"url\":\"https:\\\/\\\/hairdeluxe.ee\\\/ru\\\/product\\\/balmain-juukseklamber-kuldse-logoga-barrette-pour-cheveux-m-vintage-2\\\/\",\"name\":\"BALMAIN HAIR juukseklamber kuldse logoga \\\/ Barrette pour Cheveux M Vintage - Hair Deluxe\",\"isPartOf\":{\"@id\":\"https:\\\/\\\/hairdeluxe.ee\\\/ru\\\/#website\"},\"primaryImageOfPage\":{\"@id\":\"https:\\\/\\\/hairdeluxe.ee\\\/ru\\\/product\\\/balmain-juukseklamber-kuldse-logoga-barrette-pour-cheveux-m-vintage-2\\\/#primaryimage\"},\"image\":{\"@id\":\"https:\\\/\\\/hairdeluxe.ee\\\/ru\\\/product\\\/balmain-juukseklamber-kuldse-logoga-barrette-pour-cheveux-m-vintage-2\\\/#primaryimage\"},\"thumbnailUrl\":\"https:\\\/\\\/hairdeluxe.ee\\\/wp-content\\\/uploads\\\/2021\\\/03\\\/BalmainHair_Accessories_BarrettePourCheveux_Medium_LimitedEdition_SpringSummer20_Side_LR.jpg\",\"datePublished\":\"2024-02-03T07:08:36+00:00\",\"dateModified\":\"2025-03-18T19:22:31+00:00\",\"breadcrumb\":{\"@id\":\"https:\\\/\\\/hairdeluxe.ee\\\/ru\\\/product\\\/balmain-juukseklamber-kuldse-logoga-barrette-pour-cheveux-m-vintage-2\\\/#breadcrumb\"},\"inLanguage\":\"ru-RU\",\"potentialAction\":[{\"@type\":\"ReadAction\",\"target\":[\"https:\\\/\\\/hairdeluxe.ee\\\/ru\\\/product\\\/balmain-juukseklamber-kuldse-logoga-barrette-pour-cheveux-m-vintage-2\\\/\"]}]},{\"@type\":\"ImageObject\",\"inLanguage\":\"ru-RU\",\"@id\":\"https:\\\/\\\/hairdeluxe.ee\\\/ru\\\/product\\\/balmain-juukseklamber-kuldse-logoga-barrette-pour-cheveux-m-vintage-2\\\/#primaryimage\",\"url\":\"https:\\\/\\\/hairdeluxe.ee\\\/wp-content\\\/uploads\\\/2021\\\/03\\\/BalmainHair_Accessories_BarrettePourCheveux_Medium_LimitedEdition_SpringSummer20_Side_LR.jpg\",\"contentUrl\":\"https:\\\/\\\/hairdeluxe.ee\\\/wp-content\\\/uploads\\\/2021\\\/03\\\/BalmainHair_Accessories_BarrettePourCheveux_Medium_LimitedEdition_SpringSummer20_Side_LR.jpg\",\"width\":1500,\"height\":1500},{\"@type\":\"BreadcrumbList\",\"@id\":\"https:\\\/\\\/hairdeluxe.ee\\\/ru\\\/product\\\/balmain-juukseklamber-kuldse-logoga-barrette-pour-cheveux-m-vintage-2\\\/#breadcrumb\",\"itemListElement\":[{\"@type\":\"ListItem\",\"position\":1,\"name\":\"Home\",\"item\":\"https:\\\/\\\/hairdeluxe.ee\\\/ru\\\/\"},{\"@type\":\"ListItem\",\"position\":2,\"name\":\"\u041c\u0430\u0433\u0430\u0437\u0438\u043d\",\"item\":\"https:\\\/\\\/hairdeluxe.ee\\\/ru\\\/shop\\\/\"},{\"@type\":\"ListItem\",\"position\":3,\"name\":\"BALMAIN HAIR juukseklamber kuldse logoga \\\/ Barrette pour Cheveux M Vintage\"}]},{\"@type\":\"WebSite\",\"@id\":\"https:\\\/\\\/hairdeluxe.ee\\\/ru\\\/#website\",\"url\":\"https:\\\/\\\/hairdeluxe.ee\\\/ru\\\/\",\"name\":\"Hair Deluxe\",\"description\":\"Highlight your natural beauty\",\"publisher\":{\"@id\":\"https:\\\/\\\/hairdeluxe.ee\\\/ru\\\/#organization\"},\"potentialAction\":[{\"@type\":\"SearchAction\",\"target\":{\"@type\":\"EntryPoint\",\"urlTemplate\":\"https:\\\/\\\/hairdeluxe.ee\\\/ru\\\/?s={search_term_string}\"},\"query-input\":{\"@type\":\"PropertyValueSpecification\",\"valueRequired\":true,\"valueName\":\"search_term_string\"}}],\"inLanguage\":\"ru-RU\"},{\"@type\":\"Organization\",\"@id\":\"https:\\\/\\\/hairdeluxe.ee\\\/ru\\\/#organization\",\"name\":\"Hair Deluxe\",\"url\":\"https:\\\/\\\/hairdeluxe.ee\\\/ru\\\/\",\"logo\":{\"@type\":\"ImageObject\",\"inLanguage\":\"ru-RU\",\"@id\":\"https:\\\/\\\/hairdeluxe.ee\\\/ru\\\/#\\\/schema\\\/logo\\\/image\\\/\",\"url\":\"https:\\\/\\\/hairdeluxe.ee\\\/wp-content\\\/uploads\\\/2024\\\/06\\\/Hair-Deluxe-Logo-Dark-font.png\",\"contentUrl\":\"https:\\\/\\\/hairdeluxe.ee\\\/wp-content\\\/uploads\\\/2024\\\/06\\\/Hair-Deluxe-Logo-Dark-font.png\",\"width\":467,\"height\":177,\"caption\":\"Hair Deluxe\"},\"image\":{\"@id\":\"https:\\\/\\\/hairdeluxe.ee\\\/ru\\\/#\\\/schema\\\/logo\\\/image\\\/\"},\"sameAs\":[\"https:\\\/\\\/www.facebook.com\\\/blowbartallinn\",\"https:\\\/\\\/www.instagram.com\\\/blowbar_tallinn\"]}]}<\/script>\n<!-- \/ Yoast SEO plugin. -->","yoast_head_json":{"title":"BALMAIN HAIR juukseklamber kuldse logoga \/ Barrette pour Cheveux M Vintage - Hair Deluxe","robots":{"index":"index","follow":"follow","max-snippet":"max-snippet:-1","max-image-preview":"max-image-preview:large","max-video-preview":"max-video-preview:-1"},"canonical":"https:\/\/hairdeluxe.ee\/ru\/product\/balmain-juukseklamber-kuldse-logoga-barrette-pour-cheveux-m-vintage-2\/","og_locale":"ru_RU","og_type":"article","og_title":"BALMAIN HAIR juukseklamber kuldse logoga \/ Barrette pour Cheveux M Vintage - Hair Deluxe","og_description":"Kvaliteetne ja k\u00e4sit\u00f6\u00f6na valminud luksuslik Balmain Hair juukseaksessuaar annab rohkelt v\u00f5imalusi juuste kinnitamiseks. Klamber on valmistatud ehtsast pastellroosast napa nahast, mida kaunistab 18K kullatud uus Balmain logo. Napa nahk on seest v\u00e4hem sile ja p\u00fcsib seega kindlamalt soengus.","og_url":"https:\/\/hairdeluxe.ee\/ru\/product\/balmain-juukseklamber-kuldse-logoga-barrette-pour-cheveux-m-vintage-2\/","og_site_name":"Hair Deluxe","article_publisher":"https:\/\/www.facebook.com\/blowbartallinn","article_modified_time":"2025-03-18T19:22:31+00:00","og_image":[{"width":1500,"height":1500,"url":"https:\/\/hairdeluxe.ee\/wp-content\/uploads\/2021\/03\/BalmainHair_Accessories_BarrettePourCheveux_Medium_LimitedEdition_SpringSummer20_Side_LR.jpg","type":"image\/jpeg"}],"twitter_card":"summary_large_image","schema":{"@context":"https:\/\/schema.org","@graph":[{"@type":"WebPage","@id":"https:\/\/hairdeluxe.ee\/ru\/product\/balmain-juukseklamber-kuldse-logoga-barrette-pour-cheveux-m-vintage-2\/","url":"https:\/\/hairdeluxe.ee\/ru\/product\/balmain-juukseklamber-kuldse-logoga-barrette-pour-cheveux-m-vintage-2\/","name":"BALMAIN HAIR juukseklamber kuldse logoga \/ Barrette pour Cheveux M Vintage - Hair Deluxe","isPartOf":{"@id":"https:\/\/hairdeluxe.ee\/ru\/#website"},"primaryImageOfPage":{"@id":"https:\/\/hairdeluxe.ee\/ru\/product\/balmain-juukseklamber-kuldse-logoga-barrette-pour-cheveux-m-vintage-2\/#primaryimage"},"image":{"@id":"https:\/\/hairdeluxe.ee\/ru\/product\/balmain-juukseklamber-kuldse-logoga-barrette-pour-cheveux-m-vintage-2\/#primaryimage"},"thumbnailUrl":"https:\/\/hairdeluxe.ee\/wp-content\/uploads\/2021\/03\/BalmainHair_Accessories_BarrettePourCheveux_Medium_LimitedEdition_SpringSummer20_Side_LR.jpg","datePublished":"2024-02-03T07:08:36+00:00","dateModified":"2025-03-18T19:22:31+00:00","breadcrumb":{"@id":"https:\/\/hairdeluxe.ee\/ru\/product\/balmain-juukseklamber-kuldse-logoga-barrette-pour-cheveux-m-vintage-2\/#breadcrumb"},"inLanguage":"ru-RU","potentialAction":[{"@type":"ReadAction","target":["https:\/\/hairdeluxe.ee\/ru\/product\/balmain-juukseklamber-kuldse-logoga-barrette-pour-cheveux-m-vintage-2\/"]}]},{"@type":"ImageObject","inLanguage":"ru-RU","@id":"https:\/\/hairdeluxe.ee\/ru\/product\/balmain-juukseklamber-kuldse-logoga-barrette-pour-cheveux-m-vintage-2\/#primaryimage","url":"https:\/\/hairdeluxe.ee\/wp-content\/uploads\/2021\/03\/BalmainHair_Accessories_BarrettePourCheveux_Medium_LimitedEdition_SpringSummer20_Side_LR.jpg","contentUrl":"https:\/\/hairdeluxe.ee\/wp-content\/uploads\/2021\/03\/BalmainHair_Accessories_BarrettePourCheveux_Medium_LimitedEdition_SpringSummer20_Side_LR.jpg","width":1500,"height":1500},{"@type":"BreadcrumbList","@id":"https:\/\/hairdeluxe.ee\/ru\/product\/balmain-juukseklamber-kuldse-logoga-barrette-pour-cheveux-m-vintage-2\/#breadcrumb","itemListElement":[{"@type":"ListItem","position":1,"name":"Home","item":"https:\/\/hairdeluxe.ee\/ru\/"},{"@type":"ListItem","position":2,"name":"\u041c\u0430\u0433\u0430\u0437\u0438\u043d","item":"https:\/\/hairdeluxe.ee\/ru\/shop\/"},{"@type":"ListItem","position":3,"name":"BALMAIN HAIR juukseklamber kuldse logoga \/ Barrette pour Cheveux M Vintage"}]},{"@type":"WebSite","@id":"https:\/\/hairdeluxe.ee\/ru\/#website","url":"https:\/\/hairdeluxe.ee\/ru\/","name":"Hair Deluxe","description":"Highlight your natural beauty","publisher":{"@id":"https:\/\/hairdeluxe.ee\/ru\/#organization"},"potentialAction":[{"@type":"SearchAction","target":{"@type":"EntryPoint","urlTemplate":"https:\/\/hairdeluxe.ee\/ru\/?s={search_term_string}"},"query-input":{"@type":"PropertyValueSpecification","valueRequired":true,"valueName":"search_term_string"}}],"inLanguage":"ru-RU"},{"@type":"Organization","@id":"https:\/\/hairdeluxe.ee\/ru\/#organization","name":"Hair Deluxe","url":"https:\/\/hairdeluxe.ee\/ru\/","logo":{"@type":"ImageObject","inLanguage":"ru-RU","@id":"https:\/\/hairdeluxe.ee\/ru\/#\/schema\/logo\/image\/","url":"https:\/\/hairdeluxe.ee\/wp-content\/uploads\/2024\/06\/Hair-Deluxe-Logo-Dark-font.png","contentUrl":"https:\/\/hairdeluxe.ee\/wp-content\/uploads\/2024\/06\/Hair-Deluxe-Logo-Dark-font.png","width":467,"height":177,"caption":"Hair Deluxe"},"image":{"@id":"https:\/\/hairdeluxe.ee\/ru\/#\/schema\/logo\/image\/"},"sameAs":["https:\/\/www.facebook.com\/blowbartallinn","https:\/\/www.instagram.com\/blowbar_tallinn"]}]}},"_links":{"self":[{"href":"https:\/\/hairdeluxe.ee\/ru\/wp-json\/wp\/v2\/product\/39937","targetHints":{"allow":["GET"]}}],"collection":[{"href":"https:\/\/hairdeluxe.ee\/ru\/wp-json\/wp\/v2\/product"}],"about":[{"href":"https:\/\/hairdeluxe.ee\/ru\/wp-json\/wp\/v2\/types\/product"}],"wp:featuredmedia":[{"embeddable":true,"href":"https:\/\/hairdeluxe.ee\/ru\/wp-json\/wp\/v2\/media\/21962"}],"wp:attachment":[{"href":"https:\/\/hairdeluxe.ee\/ru\/wp-json\/wp\/v2\/media?parent=39937"}],"wp:term":[{"taxonomy":"product_brand","embeddable":true,"href":"https:\/\/hairdeluxe.ee\/ru\/wp-json\/wp\/v2\/product_brand?post=39937"},{"taxonomy":"product_cat","embeddable":true,"href":"https:\/\/hairdeluxe.ee\/ru\/wp-json\/wp\/v2\/product_cat?post=39937"},{"taxonomy":"product_tag","embeddable":true,"href":"https:\/\/hairdeluxe.ee\/ru\/wp-json\/wp\/v2\/product_tag?post=39937"}],"curies":[{"name":"wp","href":"https:\/\/api.w.org\/{rel}","templated":true}]}}