{"id":39940,"date":"2024-02-03T09:10:23","date_gmt":"2024-02-03T07:10:23","guid":{"rendered":"https:\/\/blowbar.ee\/toode\/balmain-hair-juukseid-sugavuti-niisutav-ja-sara-andev-komplekt-signature-foundation-set-le\/"},"modified":"2025-03-18T19:22:30","modified_gmt":"2025-03-18T19:22:30","slug":"balmain-juukseid-sugavuti-niisutav-ja-sara-andev-komplekt-signature-foundation-set-le-2","status":"publish","type":"product","link":"https:\/\/hairdeluxe.ee\/ru\/product\/balmain-juukseid-sugavuti-niisutav-ja-sara-andev-komplekt-signature-foundation-set-le-2\/","title":{"rendered":"BALMAIN HAIR juukseid s\u00fcgavuti niisutav ja s\u00e4ra andev komplekt \/ Signature Foundation Set LE"},"content":{"rendered":"<p>2021. aasta kevadsuve<span style=\"font-size: 14.4px;\"> troopilise h\u00f5nguga toodete eriv\u00e4ljaanne terve v\u00e4limuse ja heleda s\u00e4raga juustele.<\/span><\/p>\n<p>Kombineerituna juustesse j\u00e4etavat palsamit (<i>Leave-in Conditioning <\/i><i>Spray<\/i>) ja Argan niisutavat eliksiiri (<i>Argan<\/i><i> Moisturizing <\/i><i>Elixir<\/i>) pakuvad need \u00fclimat aluspinda iga soengu stiliseerimiseks. Tooted sisaldavad UV-filtreid, ning kaitsevad juukseid stiliseerimisvahendite kuumuse eest.<\/p>\n","protected":false},"excerpt":{"rendered":"<p>2021. aasta kevad-suve \u00fclim unistus on terve v\u00e4limusega ja helendava s\u00e4raga juuksed. Eriti suvisel ajal on oluline juuksekarvas niiskuse lukustamine, et v\u00e4ltida juuste kuivamist. Kombineeritud juustesse j\u00e4etav palsam ja niisutav argaania eliksiir annavad parima aluspinna mis tahes suvisele soengule. Kaitsvate UV-filtritega, et kaitsta juukseid stiilivahendite kuumuse eest. Suvekomplekt Summer Set Signature sobib igale juukset\u00fc\u00fcbile.<\/p>\n<ul>\n<li>V\u00e4hendab kahuseid ja lenduvaid juukseid<\/li>\n<li>Taastab juuste loomuliku s\u00e4ra<\/li>\n<\/ul>\n<p>Komplekt sisaldab:<\/p>\n<ul>\n<li>Juustesse j\u00e4etav sprei-palsam 200ml (Leave-in Conditioning Spray)<\/li>\n<li>Niisutav seerum argaania\u00f5liga 100ml (Argan Moisturizing Elixir)https:\/\/www.youtube.com\/watch?v=W45dM8LPLt0<\/li>\n<\/ul>\n","protected":false},"featured_media":21738,"template":"","meta":[],"product_brand":[464],"product_cat":[266,265,206,208,129,130,121,215,220,279,196],"product_tag":[],"class_list":{"0":"post-39940","1":"product","2":"type-product","3":"status-publish","4":"has-post-thumbnail","6":"product_brand-balmain-hair","7":"product_cat-balmain-hair","8":"product_cat-brandid","9":"product_cat-erikollektsioonid","10":"product_cat-juuksehooldus","11":"product_cat-kingitused","12":"product_cat-kinkekomplektid","13":"product_cat-koik-tooted","14":"product_cat-laige","15":"product_cat-pehmed-kahuvabad","16":"product_cat-sugavuti-niisutav-moisturizing","17":"product_cat-viimistlus","19":"first","20":"instock","21":"taxable","22":"shipping-taxable","23":"purchasable","24":"product-type-simple","25":"add-to-wishlist-after_add_to_cart"},"yoast_head":"<!-- This site is optimized with the Yoast SEO plugin v27.5 - https:\/\/yoast.com\/product\/yoast-seo-wordpress\/ -->\n<title>BALMAIN HAIR juukseid s\u00fcgavuti niisutav ja s\u00e4ra andev komplekt \/ Signature Foundation Set LE - Hair Deluxe<\/title>\n<meta name=\"robots\" content=\"index, follow, max-snippet:-1, max-image-preview:large, max-video-preview:-1\" \/>\n<link rel=\"canonical\" href=\"https:\/\/hairdeluxe.ee\/ru\/product\/balmain-juukseid-sugavuti-niisutav-ja-sara-andev-komplekt-signature-foundation-set-le-2\/\" \/>\n<meta property=\"og:locale\" content=\"ru_RU\" \/>\n<meta property=\"og:type\" content=\"article\" \/>\n<meta property=\"og:title\" content=\"BALMAIN HAIR juukseid s\u00fcgavuti niisutav ja s\u00e4ra andev komplekt \/ Signature Foundation Set LE - Hair Deluxe\" \/>\n<meta property=\"og:description\" content=\"2021. aasta kevad-suve \u00fclim unistus on terve v\u00e4limusega ja helendava s\u00e4raga juuksed. Eriti suvisel ajal on oluline juuksekarvas niiskuse lukustamine, et v\u00e4ltida juuste kuivamist. Kombineeritud juustesse j\u00e4etav palsam ja niisutav argaania eliksiir annavad parima aluspinna mis tahes suvisele soengule. Kaitsvate UV-filtritega, et kaitsta juukseid stiilivahendite kuumuse eest. Suvekomplekt Summer Set Signature sobib igale juukset\u00fc\u00fcbile.   V\u00e4hendab kahuseid ja lenduvaid juukseid  Taastab juuste loomuliku s\u00e4ra  Komplekt sisaldab:   Juustesse j\u00e4etav sprei-palsam 200ml (Leave-in Conditioning Spray)  Niisutav seerum argaania\u00f5liga 100ml (Argan Moisturizing Elixir)https:\/\/www.youtube.com\/watch?v=W45dM8LPLt0\" \/>\n<meta property=\"og:url\" content=\"https:\/\/hairdeluxe.ee\/ru\/product\/balmain-juukseid-sugavuti-niisutav-ja-sara-andev-komplekt-signature-foundation-set-le-2\/\" \/>\n<meta property=\"og:site_name\" content=\"Hair Deluxe\" \/>\n<meta property=\"article:publisher\" content=\"https:\/\/www.facebook.com\/blowbartallinn\" \/>\n<meta property=\"article:modified_time\" content=\"2025-03-18T19:22:30+00:00\" \/>\n<meta property=\"og:image\" content=\"https:\/\/hairdeluxe.ee\/wp-content\/uploads\/2021\/03\/balmainhair_styling_signaturefoundation_bottlespackage_800x800.jpg\" \/>\n\t<meta property=\"og:image:width\" content=\"800\" \/>\n\t<meta property=\"og:image:height\" content=\"800\" \/>\n\t<meta property=\"og:image:type\" content=\"image\/jpeg\" \/>\n<meta name=\"twitter:card\" content=\"summary_large_image\" \/>\n<script type=\"application\/ld+json\" class=\"yoast-schema-graph\">{\"@context\":\"https:\\\/\\\/schema.org\",\"@graph\":[{\"@type\":\"WebPage\",\"@id\":\"https:\\\/\\\/hairdeluxe.ee\\\/ru\\\/product\\\/balmain-juukseid-sugavuti-niisutav-ja-sara-andev-komplekt-signature-foundation-set-le-2\\\/\",\"url\":\"https:\\\/\\\/hairdeluxe.ee\\\/ru\\\/product\\\/balmain-juukseid-sugavuti-niisutav-ja-sara-andev-komplekt-signature-foundation-set-le-2\\\/\",\"name\":\"BALMAIN HAIR juukseid s\u00fcgavuti niisutav ja s\u00e4ra andev komplekt \\\/ Signature Foundation Set LE - Hair Deluxe\",\"isPartOf\":{\"@id\":\"https:\\\/\\\/hairdeluxe.ee\\\/ru\\\/#website\"},\"primaryImageOfPage\":{\"@id\":\"https:\\\/\\\/hairdeluxe.ee\\\/ru\\\/product\\\/balmain-juukseid-sugavuti-niisutav-ja-sara-andev-komplekt-signature-foundation-set-le-2\\\/#primaryimage\"},\"image\":{\"@id\":\"https:\\\/\\\/hairdeluxe.ee\\\/ru\\\/product\\\/balmain-juukseid-sugavuti-niisutav-ja-sara-andev-komplekt-signature-foundation-set-le-2\\\/#primaryimage\"},\"thumbnailUrl\":\"https:\\\/\\\/hairdeluxe.ee\\\/wp-content\\\/uploads\\\/2021\\\/03\\\/balmainhair_styling_signaturefoundation_bottlespackage_800x800.jpg\",\"datePublished\":\"2024-02-03T07:10:23+00:00\",\"dateModified\":\"2025-03-18T19:22:30+00:00\",\"breadcrumb\":{\"@id\":\"https:\\\/\\\/hairdeluxe.ee\\\/ru\\\/product\\\/balmain-juukseid-sugavuti-niisutav-ja-sara-andev-komplekt-signature-foundation-set-le-2\\\/#breadcrumb\"},\"inLanguage\":\"ru-RU\",\"potentialAction\":[{\"@type\":\"ReadAction\",\"target\":[\"https:\\\/\\\/hairdeluxe.ee\\\/ru\\\/product\\\/balmain-juukseid-sugavuti-niisutav-ja-sara-andev-komplekt-signature-foundation-set-le-2\\\/\"]}]},{\"@type\":\"ImageObject\",\"inLanguage\":\"ru-RU\",\"@id\":\"https:\\\/\\\/hairdeluxe.ee\\\/ru\\\/product\\\/balmain-juukseid-sugavuti-niisutav-ja-sara-andev-komplekt-signature-foundation-set-le-2\\\/#primaryimage\",\"url\":\"https:\\\/\\\/hairdeluxe.ee\\\/wp-content\\\/uploads\\\/2021\\\/03\\\/balmainhair_styling_signaturefoundation_bottlespackage_800x800.jpg\",\"contentUrl\":\"https:\\\/\\\/hairdeluxe.ee\\\/wp-content\\\/uploads\\\/2021\\\/03\\\/balmainhair_styling_signaturefoundation_bottlespackage_800x800.jpg\",\"width\":800,\"height\":800},{\"@type\":\"BreadcrumbList\",\"@id\":\"https:\\\/\\\/hairdeluxe.ee\\\/ru\\\/product\\\/balmain-juukseid-sugavuti-niisutav-ja-sara-andev-komplekt-signature-foundation-set-le-2\\\/#breadcrumb\",\"itemListElement\":[{\"@type\":\"ListItem\",\"position\":1,\"name\":\"Home\",\"item\":\"https:\\\/\\\/hairdeluxe.ee\\\/ru\\\/\"},{\"@type\":\"ListItem\",\"position\":2,\"name\":\"\u041c\u0430\u0433\u0430\u0437\u0438\u043d\",\"item\":\"https:\\\/\\\/hairdeluxe.ee\\\/ru\\\/shop\\\/\"},{\"@type\":\"ListItem\",\"position\":3,\"name\":\"BALMAIN HAIR juukseid s\u00fcgavuti niisutav ja s\u00e4ra andev komplekt \\\/ Signature Foundation Set LE\"}]},{\"@type\":\"WebSite\",\"@id\":\"https:\\\/\\\/hairdeluxe.ee\\\/ru\\\/#website\",\"url\":\"https:\\\/\\\/hairdeluxe.ee\\\/ru\\\/\",\"name\":\"Hair Deluxe\",\"description\":\"Highlight your natural beauty\",\"publisher\":{\"@id\":\"https:\\\/\\\/hairdeluxe.ee\\\/ru\\\/#organization\"},\"potentialAction\":[{\"@type\":\"SearchAction\",\"target\":{\"@type\":\"EntryPoint\",\"urlTemplate\":\"https:\\\/\\\/hairdeluxe.ee\\\/ru\\\/?s={search_term_string}\"},\"query-input\":{\"@type\":\"PropertyValueSpecification\",\"valueRequired\":true,\"valueName\":\"search_term_string\"}}],\"inLanguage\":\"ru-RU\"},{\"@type\":\"Organization\",\"@id\":\"https:\\\/\\\/hairdeluxe.ee\\\/ru\\\/#organization\",\"name\":\"Hair Deluxe\",\"url\":\"https:\\\/\\\/hairdeluxe.ee\\\/ru\\\/\",\"logo\":{\"@type\":\"ImageObject\",\"inLanguage\":\"ru-RU\",\"@id\":\"https:\\\/\\\/hairdeluxe.ee\\\/ru\\\/#\\\/schema\\\/logo\\\/image\\\/\",\"url\":\"https:\\\/\\\/hairdeluxe.ee\\\/wp-content\\\/uploads\\\/2024\\\/06\\\/Hair-Deluxe-Logo-Dark-font.png\",\"contentUrl\":\"https:\\\/\\\/hairdeluxe.ee\\\/wp-content\\\/uploads\\\/2024\\\/06\\\/Hair-Deluxe-Logo-Dark-font.png\",\"width\":467,\"height\":177,\"caption\":\"Hair Deluxe\"},\"image\":{\"@id\":\"https:\\\/\\\/hairdeluxe.ee\\\/ru\\\/#\\\/schema\\\/logo\\\/image\\\/\"},\"sameAs\":[\"https:\\\/\\\/www.facebook.com\\\/blowbartallinn\",\"https:\\\/\\\/www.instagram.com\\\/blowbar_tallinn\"]}]}<\/script>\n<!-- \/ Yoast SEO plugin. -->","yoast_head_json":{"title":"BALMAIN HAIR juukseid s\u00fcgavuti niisutav ja s\u00e4ra andev komplekt \/ Signature Foundation Set LE - Hair Deluxe","robots":{"index":"index","follow":"follow","max-snippet":"max-snippet:-1","max-image-preview":"max-image-preview:large","max-video-preview":"max-video-preview:-1"},"canonical":"https:\/\/hairdeluxe.ee\/ru\/product\/balmain-juukseid-sugavuti-niisutav-ja-sara-andev-komplekt-signature-foundation-set-le-2\/","og_locale":"ru_RU","og_type":"article","og_title":"BALMAIN HAIR juukseid s\u00fcgavuti niisutav ja s\u00e4ra andev komplekt \/ Signature Foundation Set LE - Hair Deluxe","og_description":"2021. aasta kevad-suve \u00fclim unistus on terve v\u00e4limusega ja helendava s\u00e4raga juuksed. Eriti suvisel ajal on oluline juuksekarvas niiskuse lukustamine, et v\u00e4ltida juuste kuivamist. Kombineeritud juustesse j\u00e4etav palsam ja niisutav argaania eliksiir annavad parima aluspinna mis tahes suvisele soengule. Kaitsvate UV-filtritega, et kaitsta juukseid stiilivahendite kuumuse eest. Suvekomplekt Summer Set Signature sobib igale juukset\u00fc\u00fcbile.   V\u00e4hendab kahuseid ja lenduvaid juukseid  Taastab juuste loomuliku s\u00e4ra  Komplekt sisaldab:   Juustesse j\u00e4etav sprei-palsam 200ml (Leave-in Conditioning Spray)  Niisutav seerum argaania\u00f5liga 100ml (Argan Moisturizing Elixir)https:\/\/www.youtube.com\/watch?v=W45dM8LPLt0","og_url":"https:\/\/hairdeluxe.ee\/ru\/product\/balmain-juukseid-sugavuti-niisutav-ja-sara-andev-komplekt-signature-foundation-set-le-2\/","og_site_name":"Hair Deluxe","article_publisher":"https:\/\/www.facebook.com\/blowbartallinn","article_modified_time":"2025-03-18T19:22:30+00:00","og_image":[{"width":800,"height":800,"url":"https:\/\/hairdeluxe.ee\/wp-content\/uploads\/2021\/03\/balmainhair_styling_signaturefoundation_bottlespackage_800x800.jpg","type":"image\/jpeg"}],"twitter_card":"summary_large_image","schema":{"@context":"https:\/\/schema.org","@graph":[{"@type":"WebPage","@id":"https:\/\/hairdeluxe.ee\/ru\/product\/balmain-juukseid-sugavuti-niisutav-ja-sara-andev-komplekt-signature-foundation-set-le-2\/","url":"https:\/\/hairdeluxe.ee\/ru\/product\/balmain-juukseid-sugavuti-niisutav-ja-sara-andev-komplekt-signature-foundation-set-le-2\/","name":"BALMAIN HAIR juukseid s\u00fcgavuti niisutav ja s\u00e4ra andev komplekt \/ Signature Foundation Set LE - Hair Deluxe","isPartOf":{"@id":"https:\/\/hairdeluxe.ee\/ru\/#website"},"primaryImageOfPage":{"@id":"https:\/\/hairdeluxe.ee\/ru\/product\/balmain-juukseid-sugavuti-niisutav-ja-sara-andev-komplekt-signature-foundation-set-le-2\/#primaryimage"},"image":{"@id":"https:\/\/hairdeluxe.ee\/ru\/product\/balmain-juukseid-sugavuti-niisutav-ja-sara-andev-komplekt-signature-foundation-set-le-2\/#primaryimage"},"thumbnailUrl":"https:\/\/hairdeluxe.ee\/wp-content\/uploads\/2021\/03\/balmainhair_styling_signaturefoundation_bottlespackage_800x800.jpg","datePublished":"2024-02-03T07:10:23+00:00","dateModified":"2025-03-18T19:22:30+00:00","breadcrumb":{"@id":"https:\/\/hairdeluxe.ee\/ru\/product\/balmain-juukseid-sugavuti-niisutav-ja-sara-andev-komplekt-signature-foundation-set-le-2\/#breadcrumb"},"inLanguage":"ru-RU","potentialAction":[{"@type":"ReadAction","target":["https:\/\/hairdeluxe.ee\/ru\/product\/balmain-juukseid-sugavuti-niisutav-ja-sara-andev-komplekt-signature-foundation-set-le-2\/"]}]},{"@type":"ImageObject","inLanguage":"ru-RU","@id":"https:\/\/hairdeluxe.ee\/ru\/product\/balmain-juukseid-sugavuti-niisutav-ja-sara-andev-komplekt-signature-foundation-set-le-2\/#primaryimage","url":"https:\/\/hairdeluxe.ee\/wp-content\/uploads\/2021\/03\/balmainhair_styling_signaturefoundation_bottlespackage_800x800.jpg","contentUrl":"https:\/\/hairdeluxe.ee\/wp-content\/uploads\/2021\/03\/balmainhair_styling_signaturefoundation_bottlespackage_800x800.jpg","width":800,"height":800},{"@type":"BreadcrumbList","@id":"https:\/\/hairdeluxe.ee\/ru\/product\/balmain-juukseid-sugavuti-niisutav-ja-sara-andev-komplekt-signature-foundation-set-le-2\/#breadcrumb","itemListElement":[{"@type":"ListItem","position":1,"name":"Home","item":"https:\/\/hairdeluxe.ee\/ru\/"},{"@type":"ListItem","position":2,"name":"\u041c\u0430\u0433\u0430\u0437\u0438\u043d","item":"https:\/\/hairdeluxe.ee\/ru\/shop\/"},{"@type":"ListItem","position":3,"name":"BALMAIN HAIR juukseid s\u00fcgavuti niisutav ja s\u00e4ra andev komplekt \/ Signature Foundation Set LE"}]},{"@type":"WebSite","@id":"https:\/\/hairdeluxe.ee\/ru\/#website","url":"https:\/\/hairdeluxe.ee\/ru\/","name":"Hair Deluxe","description":"Highlight your natural beauty","publisher":{"@id":"https:\/\/hairdeluxe.ee\/ru\/#organization"},"potentialAction":[{"@type":"SearchAction","target":{"@type":"EntryPoint","urlTemplate":"https:\/\/hairdeluxe.ee\/ru\/?s={search_term_string}"},"query-input":{"@type":"PropertyValueSpecification","valueRequired":true,"valueName":"search_term_string"}}],"inLanguage":"ru-RU"},{"@type":"Organization","@id":"https:\/\/hairdeluxe.ee\/ru\/#organization","name":"Hair Deluxe","url":"https:\/\/hairdeluxe.ee\/ru\/","logo":{"@type":"ImageObject","inLanguage":"ru-RU","@id":"https:\/\/hairdeluxe.ee\/ru\/#\/schema\/logo\/image\/","url":"https:\/\/hairdeluxe.ee\/wp-content\/uploads\/2024\/06\/Hair-Deluxe-Logo-Dark-font.png","contentUrl":"https:\/\/hairdeluxe.ee\/wp-content\/uploads\/2024\/06\/Hair-Deluxe-Logo-Dark-font.png","width":467,"height":177,"caption":"Hair Deluxe"},"image":{"@id":"https:\/\/hairdeluxe.ee\/ru\/#\/schema\/logo\/image\/"},"sameAs":["https:\/\/www.facebook.com\/blowbartallinn","https:\/\/www.instagram.com\/blowbar_tallinn"]}]}},"_links":{"self":[{"href":"https:\/\/hairdeluxe.ee\/ru\/wp-json\/wp\/v2\/product\/39940","targetHints":{"allow":["GET"]}}],"collection":[{"href":"https:\/\/hairdeluxe.ee\/ru\/wp-json\/wp\/v2\/product"}],"about":[{"href":"https:\/\/hairdeluxe.ee\/ru\/wp-json\/wp\/v2\/types\/product"}],"wp:featuredmedia":[{"embeddable":true,"href":"https:\/\/hairdeluxe.ee\/ru\/wp-json\/wp\/v2\/media\/21738"}],"wp:attachment":[{"href":"https:\/\/hairdeluxe.ee\/ru\/wp-json\/wp\/v2\/media?parent=39940"}],"wp:term":[{"taxonomy":"product_brand","embeddable":true,"href":"https:\/\/hairdeluxe.ee\/ru\/wp-json\/wp\/v2\/product_brand?post=39940"},{"taxonomy":"product_cat","embeddable":true,"href":"https:\/\/hairdeluxe.ee\/ru\/wp-json\/wp\/v2\/product_cat?post=39940"},{"taxonomy":"product_tag","embeddable":true,"href":"https:\/\/hairdeluxe.ee\/ru\/wp-json\/wp\/v2\/product_tag?post=39940"}],"curies":[{"name":"wp","href":"https:\/\/api.w.org\/{rel}","templated":true}]}}