{"id":39989,"date":"2024-02-03T10:31:08","date_gmt":"2024-02-03T08:31:08","guid":{"rendered":"https:\/\/blowbar.ee\/toode\/balmain-hair-juukseparfuum-cardamom-1974-heritage-hair-perfume-cardamom-1974-100ml\/"},"modified":"2025-03-18T19:22:21","modified_gmt":"2025-03-18T19:22:21","slug":"balmain-juukseparfuum-cardamom-1974-heritage-hair-perfume-cardamom-1974-100ml-2","status":"publish","type":"product","link":"https:\/\/hairdeluxe.ee\/ru\/product\/balmain-juukseparfuum-cardamom-1974-heritage-hair-perfume-cardamom-1974-100ml-2\/","title":{"rendered":"BALMAIN HAIR juukseparf\u00fc\u00fcm Cardamom 1974 \/ Heritage Hair Perfume Cardamom 1974 100ml"},"content":{"rendered":"<p><em><strong>Koostis:<\/strong>\u00a0<\/em><\/p>\n","protected":false},"excerpt":{"rendered":"<p>Cardamom 1974 on \u00f5rn juukseparf\u00fc\u00fcm, milles on t\u00e4iuslik segu rikkalikust kardemonist, v\u00e4rskest sidrunist, vaniljest ja mahlakast musts\u00f5strast. See kooslus loob kergelt naiseliku unisex aroomi, mis sobib ideaalselt neile, kes hindavad komplekset, keerukat kuid samas tasakaalustatud parf\u00fc\u00fcmi. Oma harmoonilise v\u00e4rskuse, soojuse ja sensuaalsuse seguga on see juukseparf\u00fc\u00fcm ideaalne valik neile, kes otsivad oivalist ja k\u00fctkestavat l\u00f5hnaelamust.<br \/>\nCardamom 1974 juukseparf\u00fc\u00fcm sisaldab segu kardemonist, sidrunist, vaniljest ja musts\u00f5strast, luues ainulaadse kombinatsiooni, mis pakub sooja, magusat ja meeli\u00fclendavat l\u00f5hna. See j\u00e4tab juustele t\u00e4iusliku l\u00f5hna kogu p\u00e4evaks, toites, parandades ja kaitstes neid.<br \/>\n&#8212; Unisex<br \/>\n&#8212; Toidab ja kaitseb<br \/>\n&#8212; Vanilje ja roosi alatoonidega<\/p>\n<p><strong>Kasutamine: <\/strong>Parf\u00fc\u00fcmi\u00a0kasutamiseks eemaldage pudelilt magnetkork ja pihustage juukseparf\u00fc\u00fcmi \u00f5rnalt juukseharjale v\u00f5i juustele.<\/p>\n<p>Kogus: 100ml<\/p>\n","protected":false},"featured_media":37379,"template":"","meta":[],"product_brand":[464],"product_cat":[266,265,276,125,129,121,144,284,192,274,196],"product_tag":[],"class_list":{"0":"post-39989","1":"product","2":"type-product","3":"status-publish","4":"has-post-thumbnail","6":"product_brand-balmain-hair","7":"product_cat-balmain-hair","8":"product_cat-brandid","9":"product_cat-juukseparfuum-meestele","10":"product_cat-juukseparfuum","11":"product_cat-kingitused","12":"product_cat-koik-tooted","13":"product_cat-meestele","14":"product_cat-parfuumid","15":"product_cat-uued-tooted","16":"product_cat-viimistlus-meestele","17":"product_cat-viimistlus","19":"first","20":"instock","21":"taxable","22":"shipping-taxable","23":"purchasable","24":"product-type-simple","25":"add-to-wishlist-after_add_to_cart"},"yoast_head":"<!-- This site is optimized with the Yoast SEO plugin v27.5 - https:\/\/yoast.com\/product\/yoast-seo-wordpress\/ -->\n<title>BALMAIN HAIR juukseparf\u00fc\u00fcm Cardamom 1974 \/ Heritage Hair Perfume Cardamom 1974 100ml - Hair Deluxe<\/title>\n<meta name=\"robots\" content=\"index, follow, max-snippet:-1, max-image-preview:large, max-video-preview:-1\" \/>\n<link rel=\"canonical\" href=\"https:\/\/hairdeluxe.ee\/ru\/product\/balmain-juukseparfuum-cardamom-1974-heritage-hair-perfume-cardamom-1974-100ml-2\/\" \/>\n<meta property=\"og:locale\" content=\"ru_RU\" \/>\n<meta property=\"og:type\" content=\"article\" \/>\n<meta property=\"og:title\" content=\"BALMAIN HAIR juukseparf\u00fc\u00fcm Cardamom 1974 \/ Heritage Hair Perfume Cardamom 1974 100ml - Hair Deluxe\" \/>\n<meta property=\"og:description\" content=\"Cardamom 1974 on \u00f5rn juukseparf\u00fc\u00fcm, milles on t\u00e4iuslik segu rikkalikust kardemonist, v\u00e4rskest sidrunist, vaniljest ja mahlakast musts\u00f5strast. See kooslus loob kergelt naiseliku unisex aroomi, mis sobib ideaalselt neile, kes hindavad komplekset, keerukat kuid samas tasakaalustatud parf\u00fc\u00fcmi. Oma harmoonilise v\u00e4rskuse, soojuse ja sensuaalsuse seguga on see juukseparf\u00fc\u00fcm ideaalne valik neile, kes otsivad oivalist ja k\u00fctkestavat l\u00f5hnaelamust. Cardamom 1974 juukseparf\u00fc\u00fcm sisaldab segu kardemonist, sidrunist, vaniljest ja musts\u00f5strast, luues ainulaadse kombinatsiooni, mis pakub sooja, magusat ja meeli\u00fclendavat l\u00f5hna. See j\u00e4tab juustele t\u00e4iusliku l\u00f5hna kogu p\u00e4evaks, toites, parandades ja kaitstes neid. - Unisex - Toidab ja kaitseb - Vanilje ja roosi alatoonidega Kasutamine: Parf\u00fc\u00fcmi\u00a0kasutamiseks eemaldage pudelilt magnetkork ja pihustage juukseparf\u00fc\u00fcmi \u00f5rnalt juukseharjale v\u00f5i juustele. Kogus: 100ml\" \/>\n<meta property=\"og:url\" content=\"https:\/\/hairdeluxe.ee\/ru\/product\/balmain-juukseparfuum-cardamom-1974-heritage-hair-perfume-cardamom-1974-100ml-2\/\" \/>\n<meta property=\"og:site_name\" content=\"Hair Deluxe\" \/>\n<meta property=\"article:publisher\" content=\"https:\/\/www.facebook.com\/blowbartallinn\" \/>\n<meta property=\"article:modified_time\" content=\"2025-03-18T19:22:21+00:00\" \/>\n<meta property=\"og:image\" content=\"https:\/\/hairdeluxe.ee\/wp-content\/uploads\/2024\/02\/balmainhair_styling_hairperfume_cardamom1974_withbox_cs_s_s_hp_1974_car_800x800_8495.jpg\" \/>\n\t<meta property=\"og:image:width\" content=\"800\" \/>\n\t<meta property=\"og:image:height\" content=\"800\" \/>\n\t<meta property=\"og:image:type\" content=\"image\/jpeg\" \/>\n<meta name=\"twitter:card\" content=\"summary_large_image\" \/>\n<script type=\"application\/ld+json\" class=\"yoast-schema-graph\">{\"@context\":\"https:\\\/\\\/schema.org\",\"@graph\":[{\"@type\":\"WebPage\",\"@id\":\"https:\\\/\\\/hairdeluxe.ee\\\/ru\\\/product\\\/balmain-juukseparfuum-cardamom-1974-heritage-hair-perfume-cardamom-1974-100ml-2\\\/\",\"url\":\"https:\\\/\\\/hairdeluxe.ee\\\/ru\\\/product\\\/balmain-juukseparfuum-cardamom-1974-heritage-hair-perfume-cardamom-1974-100ml-2\\\/\",\"name\":\"BALMAIN HAIR juukseparf\u00fc\u00fcm Cardamom 1974 \\\/ Heritage Hair Perfume Cardamom 1974 100ml - Hair Deluxe\",\"isPartOf\":{\"@id\":\"https:\\\/\\\/hairdeluxe.ee\\\/ru\\\/#website\"},\"primaryImageOfPage\":{\"@id\":\"https:\\\/\\\/hairdeluxe.ee\\\/ru\\\/product\\\/balmain-juukseparfuum-cardamom-1974-heritage-hair-perfume-cardamom-1974-100ml-2\\\/#primaryimage\"},\"image\":{\"@id\":\"https:\\\/\\\/hairdeluxe.ee\\\/ru\\\/product\\\/balmain-juukseparfuum-cardamom-1974-heritage-hair-perfume-cardamom-1974-100ml-2\\\/#primaryimage\"},\"thumbnailUrl\":\"https:\\\/\\\/hairdeluxe.ee\\\/wp-content\\\/uploads\\\/2024\\\/02\\\/balmainhair_styling_hairperfume_cardamom1974_withbox_cs_s_s_hp_1974_car_800x800_8495.jpg\",\"datePublished\":\"2024-02-03T08:31:08+00:00\",\"dateModified\":\"2025-03-18T19:22:21+00:00\",\"breadcrumb\":{\"@id\":\"https:\\\/\\\/hairdeluxe.ee\\\/ru\\\/product\\\/balmain-juukseparfuum-cardamom-1974-heritage-hair-perfume-cardamom-1974-100ml-2\\\/#breadcrumb\"},\"inLanguage\":\"ru-RU\",\"potentialAction\":[{\"@type\":\"ReadAction\",\"target\":[\"https:\\\/\\\/hairdeluxe.ee\\\/ru\\\/product\\\/balmain-juukseparfuum-cardamom-1974-heritage-hair-perfume-cardamom-1974-100ml-2\\\/\"]}]},{\"@type\":\"ImageObject\",\"inLanguage\":\"ru-RU\",\"@id\":\"https:\\\/\\\/hairdeluxe.ee\\\/ru\\\/product\\\/balmain-juukseparfuum-cardamom-1974-heritage-hair-perfume-cardamom-1974-100ml-2\\\/#primaryimage\",\"url\":\"https:\\\/\\\/hairdeluxe.ee\\\/wp-content\\\/uploads\\\/2024\\\/02\\\/balmainhair_styling_hairperfume_cardamom1974_withbox_cs_s_s_hp_1974_car_800x800_8495.jpg\",\"contentUrl\":\"https:\\\/\\\/hairdeluxe.ee\\\/wp-content\\\/uploads\\\/2024\\\/02\\\/balmainhair_styling_hairperfume_cardamom1974_withbox_cs_s_s_hp_1974_car_800x800_8495.jpg\",\"width\":800,\"height\":800},{\"@type\":\"BreadcrumbList\",\"@id\":\"https:\\\/\\\/hairdeluxe.ee\\\/ru\\\/product\\\/balmain-juukseparfuum-cardamom-1974-heritage-hair-perfume-cardamom-1974-100ml-2\\\/#breadcrumb\",\"itemListElement\":[{\"@type\":\"ListItem\",\"position\":1,\"name\":\"Home\",\"item\":\"https:\\\/\\\/hairdeluxe.ee\\\/ru\\\/\"},{\"@type\":\"ListItem\",\"position\":2,\"name\":\"\u041c\u0430\u0433\u0430\u0437\u0438\u043d\",\"item\":\"https:\\\/\\\/hairdeluxe.ee\\\/ru\\\/shop\\\/\"},{\"@type\":\"ListItem\",\"position\":3,\"name\":\"BALMAIN HAIR juukseparf\u00fc\u00fcm Cardamom 1974 \\\/ Heritage Hair Perfume Cardamom 1974 100ml\"}]},{\"@type\":\"WebSite\",\"@id\":\"https:\\\/\\\/hairdeluxe.ee\\\/ru\\\/#website\",\"url\":\"https:\\\/\\\/hairdeluxe.ee\\\/ru\\\/\",\"name\":\"Hair Deluxe\",\"description\":\"Highlight your natural beauty\",\"publisher\":{\"@id\":\"https:\\\/\\\/hairdeluxe.ee\\\/ru\\\/#organization\"},\"potentialAction\":[{\"@type\":\"SearchAction\",\"target\":{\"@type\":\"EntryPoint\",\"urlTemplate\":\"https:\\\/\\\/hairdeluxe.ee\\\/ru\\\/?s={search_term_string}\"},\"query-input\":{\"@type\":\"PropertyValueSpecification\",\"valueRequired\":true,\"valueName\":\"search_term_string\"}}],\"inLanguage\":\"ru-RU\"},{\"@type\":\"Organization\",\"@id\":\"https:\\\/\\\/hairdeluxe.ee\\\/ru\\\/#organization\",\"name\":\"Hair Deluxe\",\"url\":\"https:\\\/\\\/hairdeluxe.ee\\\/ru\\\/\",\"logo\":{\"@type\":\"ImageObject\",\"inLanguage\":\"ru-RU\",\"@id\":\"https:\\\/\\\/hairdeluxe.ee\\\/ru\\\/#\\\/schema\\\/logo\\\/image\\\/\",\"url\":\"https:\\\/\\\/hairdeluxe.ee\\\/wp-content\\\/uploads\\\/2024\\\/06\\\/Hair-Deluxe-Logo-Dark-font.png\",\"contentUrl\":\"https:\\\/\\\/hairdeluxe.ee\\\/wp-content\\\/uploads\\\/2024\\\/06\\\/Hair-Deluxe-Logo-Dark-font.png\",\"width\":467,\"height\":177,\"caption\":\"Hair Deluxe\"},\"image\":{\"@id\":\"https:\\\/\\\/hairdeluxe.ee\\\/ru\\\/#\\\/schema\\\/logo\\\/image\\\/\"},\"sameAs\":[\"https:\\\/\\\/www.facebook.com\\\/blowbartallinn\",\"https:\\\/\\\/www.instagram.com\\\/blowbar_tallinn\"]}]}<\/script>\n<!-- \/ Yoast SEO plugin. -->","yoast_head_json":{"title":"BALMAIN HAIR juukseparf\u00fc\u00fcm Cardamom 1974 \/ Heritage Hair Perfume Cardamom 1974 100ml - Hair Deluxe","robots":{"index":"index","follow":"follow","max-snippet":"max-snippet:-1","max-image-preview":"max-image-preview:large","max-video-preview":"max-video-preview:-1"},"canonical":"https:\/\/hairdeluxe.ee\/ru\/product\/balmain-juukseparfuum-cardamom-1974-heritage-hair-perfume-cardamom-1974-100ml-2\/","og_locale":"ru_RU","og_type":"article","og_title":"BALMAIN HAIR juukseparf\u00fc\u00fcm Cardamom 1974 \/ Heritage Hair Perfume Cardamom 1974 100ml - Hair Deluxe","og_description":"Cardamom 1974 on \u00f5rn juukseparf\u00fc\u00fcm, milles on t\u00e4iuslik segu rikkalikust kardemonist, v\u00e4rskest sidrunist, vaniljest ja mahlakast musts\u00f5strast. See kooslus loob kergelt naiseliku unisex aroomi, mis sobib ideaalselt neile, kes hindavad komplekset, keerukat kuid samas tasakaalustatud parf\u00fc\u00fcmi. Oma harmoonilise v\u00e4rskuse, soojuse ja sensuaalsuse seguga on see juukseparf\u00fc\u00fcm ideaalne valik neile, kes otsivad oivalist ja k\u00fctkestavat l\u00f5hnaelamust. Cardamom 1974 juukseparf\u00fc\u00fcm sisaldab segu kardemonist, sidrunist, vaniljest ja musts\u00f5strast, luues ainulaadse kombinatsiooni, mis pakub sooja, magusat ja meeli\u00fclendavat l\u00f5hna. See j\u00e4tab juustele t\u00e4iusliku l\u00f5hna kogu p\u00e4evaks, toites, parandades ja kaitstes neid. - Unisex - Toidab ja kaitseb - Vanilje ja roosi alatoonidega Kasutamine: Parf\u00fc\u00fcmi\u00a0kasutamiseks eemaldage pudelilt magnetkork ja pihustage juukseparf\u00fc\u00fcmi \u00f5rnalt juukseharjale v\u00f5i juustele. Kogus: 100ml","og_url":"https:\/\/hairdeluxe.ee\/ru\/product\/balmain-juukseparfuum-cardamom-1974-heritage-hair-perfume-cardamom-1974-100ml-2\/","og_site_name":"Hair Deluxe","article_publisher":"https:\/\/www.facebook.com\/blowbartallinn","article_modified_time":"2025-03-18T19:22:21+00:00","og_image":[{"width":800,"height":800,"url":"https:\/\/hairdeluxe.ee\/wp-content\/uploads\/2024\/02\/balmainhair_styling_hairperfume_cardamom1974_withbox_cs_s_s_hp_1974_car_800x800_8495.jpg","type":"image\/jpeg"}],"twitter_card":"summary_large_image","schema":{"@context":"https:\/\/schema.org","@graph":[{"@type":"WebPage","@id":"https:\/\/hairdeluxe.ee\/ru\/product\/balmain-juukseparfuum-cardamom-1974-heritage-hair-perfume-cardamom-1974-100ml-2\/","url":"https:\/\/hairdeluxe.ee\/ru\/product\/balmain-juukseparfuum-cardamom-1974-heritage-hair-perfume-cardamom-1974-100ml-2\/","name":"BALMAIN HAIR juukseparf\u00fc\u00fcm Cardamom 1974 \/ Heritage Hair Perfume Cardamom 1974 100ml - Hair Deluxe","isPartOf":{"@id":"https:\/\/hairdeluxe.ee\/ru\/#website"},"primaryImageOfPage":{"@id":"https:\/\/hairdeluxe.ee\/ru\/product\/balmain-juukseparfuum-cardamom-1974-heritage-hair-perfume-cardamom-1974-100ml-2\/#primaryimage"},"image":{"@id":"https:\/\/hairdeluxe.ee\/ru\/product\/balmain-juukseparfuum-cardamom-1974-heritage-hair-perfume-cardamom-1974-100ml-2\/#primaryimage"},"thumbnailUrl":"https:\/\/hairdeluxe.ee\/wp-content\/uploads\/2024\/02\/balmainhair_styling_hairperfume_cardamom1974_withbox_cs_s_s_hp_1974_car_800x800_8495.jpg","datePublished":"2024-02-03T08:31:08+00:00","dateModified":"2025-03-18T19:22:21+00:00","breadcrumb":{"@id":"https:\/\/hairdeluxe.ee\/ru\/product\/balmain-juukseparfuum-cardamom-1974-heritage-hair-perfume-cardamom-1974-100ml-2\/#breadcrumb"},"inLanguage":"ru-RU","potentialAction":[{"@type":"ReadAction","target":["https:\/\/hairdeluxe.ee\/ru\/product\/balmain-juukseparfuum-cardamom-1974-heritage-hair-perfume-cardamom-1974-100ml-2\/"]}]},{"@type":"ImageObject","inLanguage":"ru-RU","@id":"https:\/\/hairdeluxe.ee\/ru\/product\/balmain-juukseparfuum-cardamom-1974-heritage-hair-perfume-cardamom-1974-100ml-2\/#primaryimage","url":"https:\/\/hairdeluxe.ee\/wp-content\/uploads\/2024\/02\/balmainhair_styling_hairperfume_cardamom1974_withbox_cs_s_s_hp_1974_car_800x800_8495.jpg","contentUrl":"https:\/\/hairdeluxe.ee\/wp-content\/uploads\/2024\/02\/balmainhair_styling_hairperfume_cardamom1974_withbox_cs_s_s_hp_1974_car_800x800_8495.jpg","width":800,"height":800},{"@type":"BreadcrumbList","@id":"https:\/\/hairdeluxe.ee\/ru\/product\/balmain-juukseparfuum-cardamom-1974-heritage-hair-perfume-cardamom-1974-100ml-2\/#breadcrumb","itemListElement":[{"@type":"ListItem","position":1,"name":"Home","item":"https:\/\/hairdeluxe.ee\/ru\/"},{"@type":"ListItem","position":2,"name":"\u041c\u0430\u0433\u0430\u0437\u0438\u043d","item":"https:\/\/hairdeluxe.ee\/ru\/shop\/"},{"@type":"ListItem","position":3,"name":"BALMAIN HAIR juukseparf\u00fc\u00fcm Cardamom 1974 \/ Heritage Hair Perfume Cardamom 1974 100ml"}]},{"@type":"WebSite","@id":"https:\/\/hairdeluxe.ee\/ru\/#website","url":"https:\/\/hairdeluxe.ee\/ru\/","name":"Hair Deluxe","description":"Highlight your natural beauty","publisher":{"@id":"https:\/\/hairdeluxe.ee\/ru\/#organization"},"potentialAction":[{"@type":"SearchAction","target":{"@type":"EntryPoint","urlTemplate":"https:\/\/hairdeluxe.ee\/ru\/?s={search_term_string}"},"query-input":{"@type":"PropertyValueSpecification","valueRequired":true,"valueName":"search_term_string"}}],"inLanguage":"ru-RU"},{"@type":"Organization","@id":"https:\/\/hairdeluxe.ee\/ru\/#organization","name":"Hair Deluxe","url":"https:\/\/hairdeluxe.ee\/ru\/","logo":{"@type":"ImageObject","inLanguage":"ru-RU","@id":"https:\/\/hairdeluxe.ee\/ru\/#\/schema\/logo\/image\/","url":"https:\/\/hairdeluxe.ee\/wp-content\/uploads\/2024\/06\/Hair-Deluxe-Logo-Dark-font.png","contentUrl":"https:\/\/hairdeluxe.ee\/wp-content\/uploads\/2024\/06\/Hair-Deluxe-Logo-Dark-font.png","width":467,"height":177,"caption":"Hair Deluxe"},"image":{"@id":"https:\/\/hairdeluxe.ee\/ru\/#\/schema\/logo\/image\/"},"sameAs":["https:\/\/www.facebook.com\/blowbartallinn","https:\/\/www.instagram.com\/blowbar_tallinn"]}]}},"_links":{"self":[{"href":"https:\/\/hairdeluxe.ee\/ru\/wp-json\/wp\/v2\/product\/39989","targetHints":{"allow":["GET"]}}],"collection":[{"href":"https:\/\/hairdeluxe.ee\/ru\/wp-json\/wp\/v2\/product"}],"about":[{"href":"https:\/\/hairdeluxe.ee\/ru\/wp-json\/wp\/v2\/types\/product"}],"wp:featuredmedia":[{"embeddable":true,"href":"https:\/\/hairdeluxe.ee\/ru\/wp-json\/wp\/v2\/media\/37379"}],"wp:attachment":[{"href":"https:\/\/hairdeluxe.ee\/ru\/wp-json\/wp\/v2\/media?parent=39989"}],"wp:term":[{"taxonomy":"product_brand","embeddable":true,"href":"https:\/\/hairdeluxe.ee\/ru\/wp-json\/wp\/v2\/product_brand?post=39989"},{"taxonomy":"product_cat","embeddable":true,"href":"https:\/\/hairdeluxe.ee\/ru\/wp-json\/wp\/v2\/product_cat?post=39989"},{"taxonomy":"product_tag","embeddable":true,"href":"https:\/\/hairdeluxe.ee\/ru\/wp-json\/wp\/v2\/product_tag?post=39989"}],"curies":[{"name":"wp","href":"https:\/\/api.w.org\/{rel}","templated":true}]}}