{"id":39997,"date":"2024-04-22T16:44:38","date_gmt":"2024-04-22T13:44:38","guid":{"rendered":"https:\/\/blowbar.ee\/?post_type=product&#038;p=39736"},"modified":"2025-03-18T19:22:19","modified_gmt":"2025-03-18T19:22:19","slug":"balmain-peavoru-kilpkonn-acetate-headband-tortoise-shell-small","status":"publish","type":"product","link":"https:\/\/hairdeluxe.ee\/ru\/product\/balmain-peavoru-kilpkonn-acetate-headband-tortoise-shell-small\/","title":{"rendered":"BALMAIN HAIR peav\u00f5ru kilpkonn \/ Acetate Headband Tortoise Shell Small"},"content":{"rendered":"","protected":false},"excerpt":{"rendered":"<p>V\u00e4ike k\u00e4sit\u00f6\u00f6na valminud peav\u00f5ru, mis on valmistatud vastupidavast tselluloosatsetaadist ning kaunistatud Balmain Hair 18K kullatud \u201cB\u201d logoga. \u00c4\u00e4rmiselt tugev, kuid painduv materjal on h\u00fcpoallergeenne ning \u00f5rn juustele ja peanahale.<br \/>\nLisaks on peav\u00f5rul libisemisvastane s\u00fcsteem, mis tagab kandmise ajal kindla haarduvuse. Need peav\u00f5rud t\u00e4iendavad vaevata erinevaid stiile, luues koheselt \u00f5rna ja naiseliku v\u00e4limuse.<br \/>\n\u2013 18K kullatud logo<br \/>\n\u2013 \u00d5rn juustele ja peanahale<br \/>\n\u2013 Ideaalne k\u00f5ikidele juukset\u00fc\u00fcpidele<\/p>\n<p>M\u00f5\u00f5dud: pikkus: 14 cm \/ laius: 1 cm \/ k\u00f5rgus: 15 cm<\/p>\n","protected":false},"featured_media":39739,"template":"","meta":[],"product_brand":[464],"product_cat":[96,266,265,206,129,121,269,192],"product_tag":[],"class_list":{"0":"post-39997","1":"product","2":"type-product","3":"status-publish","4":"has-post-thumbnail","6":"product_brand-balmain-hair","7":"product_cat-aksessuaarid","8":"product_cat-balmain-hair","9":"product_cat-brandid","10":"product_cat-erikollektsioonid","11":"product_cat-kingitused","12":"product_cat-koik-tooted","13":"product_cat-peavorud","14":"product_cat-uued-tooted","16":"first","17":"instock","18":"taxable","19":"shipping-taxable","20":"purchasable","21":"product-type-simple","22":"add-to-wishlist-after_add_to_cart"},"yoast_head":"<!-- This site is optimized with the Yoast SEO plugin v27.4 - https:\/\/yoast.com\/product\/yoast-seo-wordpress\/ -->\n<title>BALMAIN HAIR peav\u00f5ru kilpkonn \/ Acetate Headband Tortoise Shell Small - Hair Deluxe<\/title>\n<meta name=\"robots\" content=\"index, follow, max-snippet:-1, max-image-preview:large, max-video-preview:-1\" \/>\n<link rel=\"canonical\" href=\"https:\/\/hairdeluxe.ee\/ru\/product\/balmain-peavoru-kilpkonn-acetate-headband-tortoise-shell-small\/\" \/>\n<meta property=\"og:locale\" content=\"ru_RU\" \/>\n<meta property=\"og:type\" content=\"article\" \/>\n<meta property=\"og:title\" content=\"BALMAIN HAIR peav\u00f5ru kilpkonn \/ Acetate Headband Tortoise Shell Small - Hair Deluxe\" \/>\n<meta property=\"og:description\" content=\"V\u00e4ike k\u00e4sit\u00f6\u00f6na valminud peav\u00f5ru, mis on valmistatud vastupidavast tselluloosatsetaadist ning kaunistatud Balmain Hair 18K kullatud \u201cB\u201d logoga. \u00c4\u00e4rmiselt tugev, kuid painduv materjal on h\u00fcpoallergeenne ning \u00f5rn juustele ja peanahale. Lisaks on peav\u00f5rul libisemisvastane s\u00fcsteem, mis tagab kandmise ajal kindla haarduvuse. Need peav\u00f5rud t\u00e4iendavad vaevata erinevaid stiile, luues koheselt \u00f5rna ja naiseliku v\u00e4limuse. \u2013 18K kullatud logo \u2013 \u00d5rn juustele ja peanahale \u2013 Ideaalne k\u00f5ikidele juukset\u00fc\u00fcpidele  M\u00f5\u00f5dud: pikkus: 14 cm \/ laius: 1 cm \/ k\u00f5rgus: 15 cm\" \/>\n<meta property=\"og:url\" content=\"https:\/\/hairdeluxe.ee\/ru\/product\/balmain-peavoru-kilpkonn-acetate-headband-tortoise-shell-small\/\" \/>\n<meta property=\"og:site_name\" content=\"Hair Deluxe\" \/>\n<meta property=\"article:publisher\" content=\"https:\/\/www.facebook.com\/blowbartallinn\" \/>\n<meta property=\"article:modified_time\" content=\"2025-03-18T19:22:19+00:00\" \/>\n<meta property=\"og:image\" content=\"https:\/\/hairdeluxe.ee\/wp-content\/uploads\/2024\/04\/balmainhair_accessoires_celluloseacetate_headband_tortoiseshell_small_hj_ca_hb__e95a-510x510-1.jpg\" \/>\n\t<meta property=\"og:image:width\" content=\"510\" \/>\n\t<meta property=\"og:image:height\" content=\"510\" \/>\n\t<meta property=\"og:image:type\" content=\"image\/jpeg\" \/>\n<meta name=\"twitter:card\" content=\"summary_large_image\" \/>\n<meta name=\"twitter:label1\" content=\"\u041f\u0440\u0438\u043c\u0435\u0440\u043d\u043e\u0435 \u0432\u0440\u0435\u043c\u044f \u0434\u043b\u044f \u0447\u0442\u0435\u043d\u0438\u044f\" \/>\n\t<meta name=\"twitter:data1\" content=\"1 \u043c\u0438\u043d\u0443\u0442\u0430\" \/>\n<script type=\"application\/ld+json\" class=\"yoast-schema-graph\">{\"@context\":\"https:\\\/\\\/schema.org\",\"@graph\":[{\"@type\":\"WebPage\",\"@id\":\"https:\\\/\\\/hairdeluxe.ee\\\/ru\\\/product\\\/balmain-peavoru-kilpkonn-acetate-headband-tortoise-shell-small\\\/\",\"url\":\"https:\\\/\\\/hairdeluxe.ee\\\/ru\\\/product\\\/balmain-peavoru-kilpkonn-acetate-headband-tortoise-shell-small\\\/\",\"name\":\"BALMAIN HAIR peav\u00f5ru kilpkonn \\\/ Acetate Headband Tortoise Shell Small - Hair Deluxe\",\"isPartOf\":{\"@id\":\"https:\\\/\\\/hairdeluxe.ee\\\/ru\\\/#website\"},\"primaryImageOfPage\":{\"@id\":\"https:\\\/\\\/hairdeluxe.ee\\\/ru\\\/product\\\/balmain-peavoru-kilpkonn-acetate-headband-tortoise-shell-small\\\/#primaryimage\"},\"image\":{\"@id\":\"https:\\\/\\\/hairdeluxe.ee\\\/ru\\\/product\\\/balmain-peavoru-kilpkonn-acetate-headband-tortoise-shell-small\\\/#primaryimage\"},\"thumbnailUrl\":\"https:\\\/\\\/hairdeluxe.ee\\\/wp-content\\\/uploads\\\/2024\\\/04\\\/balmainhair_accessoires_celluloseacetate_headband_tortoiseshell_small_hj_ca_hb__e95a-510x510-1.jpg\",\"datePublished\":\"2024-04-22T13:44:38+00:00\",\"dateModified\":\"2025-03-18T19:22:19+00:00\",\"breadcrumb\":{\"@id\":\"https:\\\/\\\/hairdeluxe.ee\\\/ru\\\/product\\\/balmain-peavoru-kilpkonn-acetate-headband-tortoise-shell-small\\\/#breadcrumb\"},\"inLanguage\":\"ru-RU\",\"potentialAction\":[{\"@type\":\"ReadAction\",\"target\":[\"https:\\\/\\\/hairdeluxe.ee\\\/ru\\\/product\\\/balmain-peavoru-kilpkonn-acetate-headband-tortoise-shell-small\\\/\"]}]},{\"@type\":\"ImageObject\",\"inLanguage\":\"ru-RU\",\"@id\":\"https:\\\/\\\/hairdeluxe.ee\\\/ru\\\/product\\\/balmain-peavoru-kilpkonn-acetate-headband-tortoise-shell-small\\\/#primaryimage\",\"url\":\"https:\\\/\\\/hairdeluxe.ee\\\/wp-content\\\/uploads\\\/2024\\\/04\\\/balmainhair_accessoires_celluloseacetate_headband_tortoiseshell_small_hj_ca_hb__e95a-510x510-1.jpg\",\"contentUrl\":\"https:\\\/\\\/hairdeluxe.ee\\\/wp-content\\\/uploads\\\/2024\\\/04\\\/balmainhair_accessoires_celluloseacetate_headband_tortoiseshell_small_hj_ca_hb__e95a-510x510-1.jpg\",\"width\":510,\"height\":510},{\"@type\":\"BreadcrumbList\",\"@id\":\"https:\\\/\\\/hairdeluxe.ee\\\/ru\\\/product\\\/balmain-peavoru-kilpkonn-acetate-headband-tortoise-shell-small\\\/#breadcrumb\",\"itemListElement\":[{\"@type\":\"ListItem\",\"position\":1,\"name\":\"Home\",\"item\":\"https:\\\/\\\/hairdeluxe.ee\\\/ru\\\/\"},{\"@type\":\"ListItem\",\"position\":2,\"name\":\"\u041c\u0430\u0433\u0430\u0437\u0438\u043d\",\"item\":\"https:\\\/\\\/hairdeluxe.ee\\\/ru\\\/shop\\\/\"},{\"@type\":\"ListItem\",\"position\":3,\"name\":\"BALMAIN HAIR peav\u00f5ru kilpkonn \\\/ Acetate Headband Tortoise Shell Small\"}]},{\"@type\":\"WebSite\",\"@id\":\"https:\\\/\\\/hairdeluxe.ee\\\/ru\\\/#website\",\"url\":\"https:\\\/\\\/hairdeluxe.ee\\\/ru\\\/\",\"name\":\"Hair Deluxe\",\"description\":\"Highlight your natural beauty\",\"publisher\":{\"@id\":\"https:\\\/\\\/hairdeluxe.ee\\\/ru\\\/#organization\"},\"potentialAction\":[{\"@type\":\"SearchAction\",\"target\":{\"@type\":\"EntryPoint\",\"urlTemplate\":\"https:\\\/\\\/hairdeluxe.ee\\\/ru\\\/?s={search_term_string}\"},\"query-input\":{\"@type\":\"PropertyValueSpecification\",\"valueRequired\":true,\"valueName\":\"search_term_string\"}}],\"inLanguage\":\"ru-RU\"},{\"@type\":\"Organization\",\"@id\":\"https:\\\/\\\/hairdeluxe.ee\\\/ru\\\/#organization\",\"name\":\"Hair Deluxe\",\"url\":\"https:\\\/\\\/hairdeluxe.ee\\\/ru\\\/\",\"logo\":{\"@type\":\"ImageObject\",\"inLanguage\":\"ru-RU\",\"@id\":\"https:\\\/\\\/hairdeluxe.ee\\\/ru\\\/#\\\/schema\\\/logo\\\/image\\\/\",\"url\":\"https:\\\/\\\/hairdeluxe.ee\\\/wp-content\\\/uploads\\\/2024\\\/06\\\/Hair-Deluxe-Logo-Dark-font.png\",\"contentUrl\":\"https:\\\/\\\/hairdeluxe.ee\\\/wp-content\\\/uploads\\\/2024\\\/06\\\/Hair-Deluxe-Logo-Dark-font.png\",\"width\":467,\"height\":177,\"caption\":\"Hair Deluxe\"},\"image\":{\"@id\":\"https:\\\/\\\/hairdeluxe.ee\\\/ru\\\/#\\\/schema\\\/logo\\\/image\\\/\"},\"sameAs\":[\"https:\\\/\\\/www.facebook.com\\\/blowbartallinn\",\"https:\\\/\\\/www.instagram.com\\\/blowbar_tallinn\"]}]}<\/script>\n<!-- \/ Yoast SEO plugin. -->","yoast_head_json":{"title":"BALMAIN HAIR peav\u00f5ru kilpkonn \/ Acetate Headband Tortoise Shell Small - Hair Deluxe","robots":{"index":"index","follow":"follow","max-snippet":"max-snippet:-1","max-image-preview":"max-image-preview:large","max-video-preview":"max-video-preview:-1"},"canonical":"https:\/\/hairdeluxe.ee\/ru\/product\/balmain-peavoru-kilpkonn-acetate-headband-tortoise-shell-small\/","og_locale":"ru_RU","og_type":"article","og_title":"BALMAIN HAIR peav\u00f5ru kilpkonn \/ Acetate Headband Tortoise Shell Small - Hair Deluxe","og_description":"V\u00e4ike k\u00e4sit\u00f6\u00f6na valminud peav\u00f5ru, mis on valmistatud vastupidavast tselluloosatsetaadist ning kaunistatud Balmain Hair 18K kullatud \u201cB\u201d logoga. \u00c4\u00e4rmiselt tugev, kuid painduv materjal on h\u00fcpoallergeenne ning \u00f5rn juustele ja peanahale. Lisaks on peav\u00f5rul libisemisvastane s\u00fcsteem, mis tagab kandmise ajal kindla haarduvuse. Need peav\u00f5rud t\u00e4iendavad vaevata erinevaid stiile, luues koheselt \u00f5rna ja naiseliku v\u00e4limuse. \u2013 18K kullatud logo \u2013 \u00d5rn juustele ja peanahale \u2013 Ideaalne k\u00f5ikidele juukset\u00fc\u00fcpidele  M\u00f5\u00f5dud: pikkus: 14 cm \/ laius: 1 cm \/ k\u00f5rgus: 15 cm","og_url":"https:\/\/hairdeluxe.ee\/ru\/product\/balmain-peavoru-kilpkonn-acetate-headband-tortoise-shell-small\/","og_site_name":"Hair Deluxe","article_publisher":"https:\/\/www.facebook.com\/blowbartallinn","article_modified_time":"2025-03-18T19:22:19+00:00","og_image":[{"width":510,"height":510,"url":"https:\/\/hairdeluxe.ee\/wp-content\/uploads\/2024\/04\/balmainhair_accessoires_celluloseacetate_headband_tortoiseshell_small_hj_ca_hb__e95a-510x510-1.jpg","type":"image\/jpeg"}],"twitter_card":"summary_large_image","twitter_misc":{"\u041f\u0440\u0438\u043c\u0435\u0440\u043d\u043e\u0435 \u0432\u0440\u0435\u043c\u044f \u0434\u043b\u044f \u0447\u0442\u0435\u043d\u0438\u044f":"1 \u043c\u0438\u043d\u0443\u0442\u0430"},"schema":{"@context":"https:\/\/schema.org","@graph":[{"@type":"WebPage","@id":"https:\/\/hairdeluxe.ee\/ru\/product\/balmain-peavoru-kilpkonn-acetate-headband-tortoise-shell-small\/","url":"https:\/\/hairdeluxe.ee\/ru\/product\/balmain-peavoru-kilpkonn-acetate-headband-tortoise-shell-small\/","name":"BALMAIN HAIR peav\u00f5ru kilpkonn \/ Acetate Headband Tortoise Shell Small - Hair Deluxe","isPartOf":{"@id":"https:\/\/hairdeluxe.ee\/ru\/#website"},"primaryImageOfPage":{"@id":"https:\/\/hairdeluxe.ee\/ru\/product\/balmain-peavoru-kilpkonn-acetate-headband-tortoise-shell-small\/#primaryimage"},"image":{"@id":"https:\/\/hairdeluxe.ee\/ru\/product\/balmain-peavoru-kilpkonn-acetate-headband-tortoise-shell-small\/#primaryimage"},"thumbnailUrl":"https:\/\/hairdeluxe.ee\/wp-content\/uploads\/2024\/04\/balmainhair_accessoires_celluloseacetate_headband_tortoiseshell_small_hj_ca_hb__e95a-510x510-1.jpg","datePublished":"2024-04-22T13:44:38+00:00","dateModified":"2025-03-18T19:22:19+00:00","breadcrumb":{"@id":"https:\/\/hairdeluxe.ee\/ru\/product\/balmain-peavoru-kilpkonn-acetate-headband-tortoise-shell-small\/#breadcrumb"},"inLanguage":"ru-RU","potentialAction":[{"@type":"ReadAction","target":["https:\/\/hairdeluxe.ee\/ru\/product\/balmain-peavoru-kilpkonn-acetate-headband-tortoise-shell-small\/"]}]},{"@type":"ImageObject","inLanguage":"ru-RU","@id":"https:\/\/hairdeluxe.ee\/ru\/product\/balmain-peavoru-kilpkonn-acetate-headband-tortoise-shell-small\/#primaryimage","url":"https:\/\/hairdeluxe.ee\/wp-content\/uploads\/2024\/04\/balmainhair_accessoires_celluloseacetate_headband_tortoiseshell_small_hj_ca_hb__e95a-510x510-1.jpg","contentUrl":"https:\/\/hairdeluxe.ee\/wp-content\/uploads\/2024\/04\/balmainhair_accessoires_celluloseacetate_headband_tortoiseshell_small_hj_ca_hb__e95a-510x510-1.jpg","width":510,"height":510},{"@type":"BreadcrumbList","@id":"https:\/\/hairdeluxe.ee\/ru\/product\/balmain-peavoru-kilpkonn-acetate-headband-tortoise-shell-small\/#breadcrumb","itemListElement":[{"@type":"ListItem","position":1,"name":"Home","item":"https:\/\/hairdeluxe.ee\/ru\/"},{"@type":"ListItem","position":2,"name":"\u041c\u0430\u0433\u0430\u0437\u0438\u043d","item":"https:\/\/hairdeluxe.ee\/ru\/shop\/"},{"@type":"ListItem","position":3,"name":"BALMAIN HAIR peav\u00f5ru kilpkonn \/ Acetate Headband Tortoise Shell Small"}]},{"@type":"WebSite","@id":"https:\/\/hairdeluxe.ee\/ru\/#website","url":"https:\/\/hairdeluxe.ee\/ru\/","name":"Hair Deluxe","description":"Highlight your natural beauty","publisher":{"@id":"https:\/\/hairdeluxe.ee\/ru\/#organization"},"potentialAction":[{"@type":"SearchAction","target":{"@type":"EntryPoint","urlTemplate":"https:\/\/hairdeluxe.ee\/ru\/?s={search_term_string}"},"query-input":{"@type":"PropertyValueSpecification","valueRequired":true,"valueName":"search_term_string"}}],"inLanguage":"ru-RU"},{"@type":"Organization","@id":"https:\/\/hairdeluxe.ee\/ru\/#organization","name":"Hair Deluxe","url":"https:\/\/hairdeluxe.ee\/ru\/","logo":{"@type":"ImageObject","inLanguage":"ru-RU","@id":"https:\/\/hairdeluxe.ee\/ru\/#\/schema\/logo\/image\/","url":"https:\/\/hairdeluxe.ee\/wp-content\/uploads\/2024\/06\/Hair-Deluxe-Logo-Dark-font.png","contentUrl":"https:\/\/hairdeluxe.ee\/wp-content\/uploads\/2024\/06\/Hair-Deluxe-Logo-Dark-font.png","width":467,"height":177,"caption":"Hair Deluxe"},"image":{"@id":"https:\/\/hairdeluxe.ee\/ru\/#\/schema\/logo\/image\/"},"sameAs":["https:\/\/www.facebook.com\/blowbartallinn","https:\/\/www.instagram.com\/blowbar_tallinn"]}]}},"_links":{"self":[{"href":"https:\/\/hairdeluxe.ee\/ru\/wp-json\/wp\/v2\/product\/39997","targetHints":{"allow":["GET"]}}],"collection":[{"href":"https:\/\/hairdeluxe.ee\/ru\/wp-json\/wp\/v2\/product"}],"about":[{"href":"https:\/\/hairdeluxe.ee\/ru\/wp-json\/wp\/v2\/types\/product"}],"wp:featuredmedia":[{"embeddable":true,"href":"https:\/\/hairdeluxe.ee\/ru\/wp-json\/wp\/v2\/media\/39739"}],"wp:attachment":[{"href":"https:\/\/hairdeluxe.ee\/ru\/wp-json\/wp\/v2\/media?parent=39997"}],"wp:term":[{"taxonomy":"product_brand","embeddable":true,"href":"https:\/\/hairdeluxe.ee\/ru\/wp-json\/wp\/v2\/product_brand?post=39997"},{"taxonomy":"product_cat","embeddable":true,"href":"https:\/\/hairdeluxe.ee\/ru\/wp-json\/wp\/v2\/product_cat?post=39997"},{"taxonomy":"product_tag","embeddable":true,"href":"https:\/\/hairdeluxe.ee\/ru\/wp-json\/wp\/v2\/product_tag?post=39997"}],"curies":[{"name":"wp","href":"https:\/\/api.w.org\/{rel}","templated":true}]}}