{"id":40004,"date":"2024-04-22T16:54:48","date_gmt":"2024-04-22T13:54:48","guid":{"rendered":"https:\/\/blowbar.ee\/?post_type=product&#038;p=39748"},"modified":"2025-03-18T19:22:19","modified_gmt":"2025-03-18T19:22:19","slug":"balmain-juukseklamber-imperiale-valge-must-pince-a-cheveux-imperiale-white-black","status":"publish","type":"product","link":"https:\/\/hairdeluxe.ee\/ru\/product\/balmain-juukseklamber-imperiale-valge-must-pince-a-cheveux-imperiale-white-black\/","title":{"rendered":"BALMAIN HAIR juukseklamber Imperiale valge-must \/ Pince \u00e0 Cheveux Imperiale White\/Black"},"content":{"rendered":"","protected":false},"excerpt":{"rendered":"<p>Pince \u00e0 Cheveux Imperiale sobib suurep\u00e4raselt sassis krunni v\u00f5i k\u00f5rge hobusesaba kinnitamiseks ning on spetsiaalselt loodud pikkadele ja paksudele juustele, kuna mahutab kolm korda rohkem juukseid kui Balmain Hair Pince \u00e0 Cheveux Large. Sellel juukseklambril on revolutsiooniline mehhanism: klambri sees olev ainulaadne elastne s\u00fcsteem tagab kindla p\u00fcsivuse ilma libisemiseta. Seet\u00f5ttu sobib klamber k\u00f5ikidele juukset\u00fc\u00fcpidele- nii \u00f5hukestele kui paksudele. Lisaks on sulgur elegantselt varjatud atsetaatmaterjaliga.<br \/>\nVastupidavast tselluloosatsetaadist k\u00e4sit\u00f6\u00f6na valminud \u00fclisuur juukseklamber, millel on Balmain Hair 18K kullatud B-logo. Spetsiaalselt pikkade ja paksude juuste jaoks loodud- sobib suurep\u00e4raselt juuste kinnitamiseks sasisesse krunni v\u00f5i k\u00f5rgeks hobusesabaks.<br \/>\n\u2013 Revolutsiooniline klambrimehhanism<br \/>\n\u2013 Hoiab 3x rohkem juukseid<br \/>\n\u2013 Pikkadele ja paksudele juustele<\/p>\n<p>M\u00f5\u00f5dud: Pikkus: 6,50 cm \/ Laius: 5 cm \/ K\u00f5rgus: 4,80 cm<\/p>\n","protected":false},"featured_media":39752,"template":"","meta":[],"product_brand":[464],"product_cat":[96,266,265,206,268,121],"product_tag":[],"class_list":{"0":"post-40004","1":"product","2":"type-product","3":"status-publish","4":"has-post-thumbnail","6":"product_brand-balmain-hair","7":"product_cat-aksessuaarid","8":"product_cat-balmain-hair","9":"product_cat-brandid","10":"product_cat-erikollektsioonid","11":"product_cat-juukseklambrid","12":"product_cat-koik-tooted","14":"first","15":"instock","16":"taxable","17":"shipping-taxable","18":"purchasable","19":"product-type-simple","20":"add-to-wishlist-after_add_to_cart"},"yoast_head":"<!-- This site is optimized with the Yoast SEO plugin v27.5 - https:\/\/yoast.com\/product\/yoast-seo-wordpress\/ -->\n<title>BALMAIN HAIR juukseklamber Imperiale valge-must \/ Pince \u00e0 Cheveux Imperiale White\/Black - Hair Deluxe<\/title>\n<meta name=\"robots\" content=\"index, follow, max-snippet:-1, max-image-preview:large, max-video-preview:-1\" \/>\n<link rel=\"canonical\" href=\"https:\/\/hairdeluxe.ee\/ru\/product\/balmain-juukseklamber-imperiale-valge-must-pince-a-cheveux-imperiale-white-black\/\" \/>\n<meta property=\"og:locale\" content=\"ru_RU\" \/>\n<meta property=\"og:type\" content=\"article\" \/>\n<meta property=\"og:title\" content=\"BALMAIN HAIR juukseklamber Imperiale valge-must \/ Pince \u00e0 Cheveux Imperiale White\/Black - Hair Deluxe\" \/>\n<meta property=\"og:description\" content=\"Pince \u00e0 Cheveux Imperiale sobib suurep\u00e4raselt sassis krunni v\u00f5i k\u00f5rge hobusesaba kinnitamiseks ning on spetsiaalselt loodud pikkadele ja paksudele juustele, kuna mahutab kolm korda rohkem juukseid kui Balmain Hair Pince \u00e0 Cheveux Large. Sellel juukseklambril on revolutsiooniline mehhanism: klambri sees olev ainulaadne elastne s\u00fcsteem tagab kindla p\u00fcsivuse ilma libisemiseta. Seet\u00f5ttu sobib klamber k\u00f5ikidele juukset\u00fc\u00fcpidele- nii \u00f5hukestele kui paksudele. Lisaks on sulgur elegantselt varjatud atsetaatmaterjaliga. Vastupidavast tselluloosatsetaadist k\u00e4sit\u00f6\u00f6na valminud \u00fclisuur juukseklamber, millel on Balmain Hair 18K kullatud B-logo. Spetsiaalselt pikkade ja paksude juuste jaoks loodud- sobib suurep\u00e4raselt juuste kinnitamiseks sasisesse krunni v\u00f5i k\u00f5rgeks hobusesabaks. \u2013 Revolutsiooniline klambrimehhanism \u2013 Hoiab 3x rohkem juukseid \u2013 Pikkadele ja paksudele juustele  M\u00f5\u00f5dud: Pikkus: 6,50 cm \/ Laius: 5 cm \/ K\u00f5rgus: 4,80 cm\" \/>\n<meta property=\"og:url\" content=\"https:\/\/hairdeluxe.ee\/ru\/product\/balmain-juukseklamber-imperiale-valge-must-pince-a-cheveux-imperiale-white-black\/\" \/>\n<meta property=\"og:site_name\" content=\"Hair Deluxe\" \/>\n<meta property=\"article:publisher\" content=\"https:\/\/www.facebook.com\/blowbartallinn\" \/>\n<meta property=\"article:modified_time\" content=\"2025-03-18T19:22:19+00:00\" \/>\n<meta property=\"og:image\" content=\"https:\/\/hairdeluxe.ee\/wp-content\/uploads\/2024\/04\/balmainhair_accessories_pince____cheveux_imperiale_whiteblack_hj_ca_pin_im_m_wb_9981.jpg\" \/>\n\t<meta property=\"og:image:width\" content=\"800\" \/>\n\t<meta property=\"og:image:height\" content=\"800\" \/>\n\t<meta property=\"og:image:type\" content=\"image\/jpeg\" \/>\n<meta name=\"twitter:card\" content=\"summary_large_image\" \/>\n<meta name=\"twitter:label1\" content=\"\u041f\u0440\u0438\u043c\u0435\u0440\u043d\u043e\u0435 \u0432\u0440\u0435\u043c\u044f \u0434\u043b\u044f \u0447\u0442\u0435\u043d\u0438\u044f\" \/>\n\t<meta name=\"twitter:data1\" content=\"1 \u043c\u0438\u043d\u0443\u0442\u0430\" \/>\n<script type=\"application\/ld+json\" class=\"yoast-schema-graph\">{\"@context\":\"https:\\\/\\\/schema.org\",\"@graph\":[{\"@type\":\"WebPage\",\"@id\":\"https:\\\/\\\/hairdeluxe.ee\\\/ru\\\/product\\\/balmain-juukseklamber-imperiale-valge-must-pince-a-cheveux-imperiale-white-black\\\/\",\"url\":\"https:\\\/\\\/hairdeluxe.ee\\\/ru\\\/product\\\/balmain-juukseklamber-imperiale-valge-must-pince-a-cheveux-imperiale-white-black\\\/\",\"name\":\"BALMAIN HAIR juukseklamber Imperiale valge-must \\\/ Pince \u00e0 Cheveux Imperiale White\\\/Black - Hair Deluxe\",\"isPartOf\":{\"@id\":\"https:\\\/\\\/hairdeluxe.ee\\\/ru\\\/#website\"},\"primaryImageOfPage\":{\"@id\":\"https:\\\/\\\/hairdeluxe.ee\\\/ru\\\/product\\\/balmain-juukseklamber-imperiale-valge-must-pince-a-cheveux-imperiale-white-black\\\/#primaryimage\"},\"image\":{\"@id\":\"https:\\\/\\\/hairdeluxe.ee\\\/ru\\\/product\\\/balmain-juukseklamber-imperiale-valge-must-pince-a-cheveux-imperiale-white-black\\\/#primaryimage\"},\"thumbnailUrl\":\"https:\\\/\\\/hairdeluxe.ee\\\/wp-content\\\/uploads\\\/2024\\\/04\\\/balmainhair_accessories_pince____cheveux_imperiale_whiteblack_hj_ca_pin_im_m_wb_9981.jpg\",\"datePublished\":\"2024-04-22T13:54:48+00:00\",\"dateModified\":\"2025-03-18T19:22:19+00:00\",\"breadcrumb\":{\"@id\":\"https:\\\/\\\/hairdeluxe.ee\\\/ru\\\/product\\\/balmain-juukseklamber-imperiale-valge-must-pince-a-cheveux-imperiale-white-black\\\/#breadcrumb\"},\"inLanguage\":\"ru-RU\",\"potentialAction\":[{\"@type\":\"ReadAction\",\"target\":[\"https:\\\/\\\/hairdeluxe.ee\\\/ru\\\/product\\\/balmain-juukseklamber-imperiale-valge-must-pince-a-cheveux-imperiale-white-black\\\/\"]}]},{\"@type\":\"ImageObject\",\"inLanguage\":\"ru-RU\",\"@id\":\"https:\\\/\\\/hairdeluxe.ee\\\/ru\\\/product\\\/balmain-juukseklamber-imperiale-valge-must-pince-a-cheveux-imperiale-white-black\\\/#primaryimage\",\"url\":\"https:\\\/\\\/hairdeluxe.ee\\\/wp-content\\\/uploads\\\/2024\\\/04\\\/balmainhair_accessories_pince____cheveux_imperiale_whiteblack_hj_ca_pin_im_m_wb_9981.jpg\",\"contentUrl\":\"https:\\\/\\\/hairdeluxe.ee\\\/wp-content\\\/uploads\\\/2024\\\/04\\\/balmainhair_accessories_pince____cheveux_imperiale_whiteblack_hj_ca_pin_im_m_wb_9981.jpg\",\"width\":800,\"height\":800},{\"@type\":\"BreadcrumbList\",\"@id\":\"https:\\\/\\\/hairdeluxe.ee\\\/ru\\\/product\\\/balmain-juukseklamber-imperiale-valge-must-pince-a-cheveux-imperiale-white-black\\\/#breadcrumb\",\"itemListElement\":[{\"@type\":\"ListItem\",\"position\":1,\"name\":\"Home\",\"item\":\"https:\\\/\\\/hairdeluxe.ee\\\/ru\\\/\"},{\"@type\":\"ListItem\",\"position\":2,\"name\":\"\u041c\u0430\u0433\u0430\u0437\u0438\u043d\",\"item\":\"https:\\\/\\\/hairdeluxe.ee\\\/ru\\\/shop\\\/\"},{\"@type\":\"ListItem\",\"position\":3,\"name\":\"BALMAIN HAIR juukseklamber Imperiale valge-must \\\/ Pince \u00e0 Cheveux Imperiale White\\\/Black\"}]},{\"@type\":\"WebSite\",\"@id\":\"https:\\\/\\\/hairdeluxe.ee\\\/ru\\\/#website\",\"url\":\"https:\\\/\\\/hairdeluxe.ee\\\/ru\\\/\",\"name\":\"Hair Deluxe\",\"description\":\"Highlight your natural beauty\",\"publisher\":{\"@id\":\"https:\\\/\\\/hairdeluxe.ee\\\/ru\\\/#organization\"},\"potentialAction\":[{\"@type\":\"SearchAction\",\"target\":{\"@type\":\"EntryPoint\",\"urlTemplate\":\"https:\\\/\\\/hairdeluxe.ee\\\/ru\\\/?s={search_term_string}\"},\"query-input\":{\"@type\":\"PropertyValueSpecification\",\"valueRequired\":true,\"valueName\":\"search_term_string\"}}],\"inLanguage\":\"ru-RU\"},{\"@type\":\"Organization\",\"@id\":\"https:\\\/\\\/hairdeluxe.ee\\\/ru\\\/#organization\",\"name\":\"Hair Deluxe\",\"url\":\"https:\\\/\\\/hairdeluxe.ee\\\/ru\\\/\",\"logo\":{\"@type\":\"ImageObject\",\"inLanguage\":\"ru-RU\",\"@id\":\"https:\\\/\\\/hairdeluxe.ee\\\/ru\\\/#\\\/schema\\\/logo\\\/image\\\/\",\"url\":\"https:\\\/\\\/hairdeluxe.ee\\\/wp-content\\\/uploads\\\/2024\\\/06\\\/Hair-Deluxe-Logo-Dark-font.png\",\"contentUrl\":\"https:\\\/\\\/hairdeluxe.ee\\\/wp-content\\\/uploads\\\/2024\\\/06\\\/Hair-Deluxe-Logo-Dark-font.png\",\"width\":467,\"height\":177,\"caption\":\"Hair Deluxe\"},\"image\":{\"@id\":\"https:\\\/\\\/hairdeluxe.ee\\\/ru\\\/#\\\/schema\\\/logo\\\/image\\\/\"},\"sameAs\":[\"https:\\\/\\\/www.facebook.com\\\/blowbartallinn\",\"https:\\\/\\\/www.instagram.com\\\/blowbar_tallinn\"]}]}<\/script>\n<!-- \/ Yoast SEO plugin. -->","yoast_head_json":{"title":"BALMAIN HAIR juukseklamber Imperiale valge-must \/ Pince \u00e0 Cheveux Imperiale White\/Black - Hair Deluxe","robots":{"index":"index","follow":"follow","max-snippet":"max-snippet:-1","max-image-preview":"max-image-preview:large","max-video-preview":"max-video-preview:-1"},"canonical":"https:\/\/hairdeluxe.ee\/ru\/product\/balmain-juukseklamber-imperiale-valge-must-pince-a-cheveux-imperiale-white-black\/","og_locale":"ru_RU","og_type":"article","og_title":"BALMAIN HAIR juukseklamber Imperiale valge-must \/ Pince \u00e0 Cheveux Imperiale White\/Black - Hair Deluxe","og_description":"Pince \u00e0 Cheveux Imperiale sobib suurep\u00e4raselt sassis krunni v\u00f5i k\u00f5rge hobusesaba kinnitamiseks ning on spetsiaalselt loodud pikkadele ja paksudele juustele, kuna mahutab kolm korda rohkem juukseid kui Balmain Hair Pince \u00e0 Cheveux Large. Sellel juukseklambril on revolutsiooniline mehhanism: klambri sees olev ainulaadne elastne s\u00fcsteem tagab kindla p\u00fcsivuse ilma libisemiseta. Seet\u00f5ttu sobib klamber k\u00f5ikidele juukset\u00fc\u00fcpidele- nii \u00f5hukestele kui paksudele. Lisaks on sulgur elegantselt varjatud atsetaatmaterjaliga. Vastupidavast tselluloosatsetaadist k\u00e4sit\u00f6\u00f6na valminud \u00fclisuur juukseklamber, millel on Balmain Hair 18K kullatud B-logo. Spetsiaalselt pikkade ja paksude juuste jaoks loodud- sobib suurep\u00e4raselt juuste kinnitamiseks sasisesse krunni v\u00f5i k\u00f5rgeks hobusesabaks. \u2013 Revolutsiooniline klambrimehhanism \u2013 Hoiab 3x rohkem juukseid \u2013 Pikkadele ja paksudele juustele  M\u00f5\u00f5dud: Pikkus: 6,50 cm \/ Laius: 5 cm \/ K\u00f5rgus: 4,80 cm","og_url":"https:\/\/hairdeluxe.ee\/ru\/product\/balmain-juukseklamber-imperiale-valge-must-pince-a-cheveux-imperiale-white-black\/","og_site_name":"Hair Deluxe","article_publisher":"https:\/\/www.facebook.com\/blowbartallinn","article_modified_time":"2025-03-18T19:22:19+00:00","og_image":[{"width":800,"height":800,"url":"https:\/\/hairdeluxe.ee\/wp-content\/uploads\/2024\/04\/balmainhair_accessories_pince____cheveux_imperiale_whiteblack_hj_ca_pin_im_m_wb_9981.jpg","type":"image\/jpeg"}],"twitter_card":"summary_large_image","twitter_misc":{"\u041f\u0440\u0438\u043c\u0435\u0440\u043d\u043e\u0435 \u0432\u0440\u0435\u043c\u044f \u0434\u043b\u044f \u0447\u0442\u0435\u043d\u0438\u044f":"1 \u043c\u0438\u043d\u0443\u0442\u0430"},"schema":{"@context":"https:\/\/schema.org","@graph":[{"@type":"WebPage","@id":"https:\/\/hairdeluxe.ee\/ru\/product\/balmain-juukseklamber-imperiale-valge-must-pince-a-cheveux-imperiale-white-black\/","url":"https:\/\/hairdeluxe.ee\/ru\/product\/balmain-juukseklamber-imperiale-valge-must-pince-a-cheveux-imperiale-white-black\/","name":"BALMAIN HAIR juukseklamber Imperiale valge-must \/ Pince \u00e0 Cheveux Imperiale White\/Black - Hair Deluxe","isPartOf":{"@id":"https:\/\/hairdeluxe.ee\/ru\/#website"},"primaryImageOfPage":{"@id":"https:\/\/hairdeluxe.ee\/ru\/product\/balmain-juukseklamber-imperiale-valge-must-pince-a-cheveux-imperiale-white-black\/#primaryimage"},"image":{"@id":"https:\/\/hairdeluxe.ee\/ru\/product\/balmain-juukseklamber-imperiale-valge-must-pince-a-cheveux-imperiale-white-black\/#primaryimage"},"thumbnailUrl":"https:\/\/hairdeluxe.ee\/wp-content\/uploads\/2024\/04\/balmainhair_accessories_pince____cheveux_imperiale_whiteblack_hj_ca_pin_im_m_wb_9981.jpg","datePublished":"2024-04-22T13:54:48+00:00","dateModified":"2025-03-18T19:22:19+00:00","breadcrumb":{"@id":"https:\/\/hairdeluxe.ee\/ru\/product\/balmain-juukseklamber-imperiale-valge-must-pince-a-cheveux-imperiale-white-black\/#breadcrumb"},"inLanguage":"ru-RU","potentialAction":[{"@type":"ReadAction","target":["https:\/\/hairdeluxe.ee\/ru\/product\/balmain-juukseklamber-imperiale-valge-must-pince-a-cheveux-imperiale-white-black\/"]}]},{"@type":"ImageObject","inLanguage":"ru-RU","@id":"https:\/\/hairdeluxe.ee\/ru\/product\/balmain-juukseklamber-imperiale-valge-must-pince-a-cheveux-imperiale-white-black\/#primaryimage","url":"https:\/\/hairdeluxe.ee\/wp-content\/uploads\/2024\/04\/balmainhair_accessories_pince____cheveux_imperiale_whiteblack_hj_ca_pin_im_m_wb_9981.jpg","contentUrl":"https:\/\/hairdeluxe.ee\/wp-content\/uploads\/2024\/04\/balmainhair_accessories_pince____cheveux_imperiale_whiteblack_hj_ca_pin_im_m_wb_9981.jpg","width":800,"height":800},{"@type":"BreadcrumbList","@id":"https:\/\/hairdeluxe.ee\/ru\/product\/balmain-juukseklamber-imperiale-valge-must-pince-a-cheveux-imperiale-white-black\/#breadcrumb","itemListElement":[{"@type":"ListItem","position":1,"name":"Home","item":"https:\/\/hairdeluxe.ee\/ru\/"},{"@type":"ListItem","position":2,"name":"\u041c\u0430\u0433\u0430\u0437\u0438\u043d","item":"https:\/\/hairdeluxe.ee\/ru\/shop\/"},{"@type":"ListItem","position":3,"name":"BALMAIN HAIR juukseklamber Imperiale valge-must \/ Pince \u00e0 Cheveux Imperiale White\/Black"}]},{"@type":"WebSite","@id":"https:\/\/hairdeluxe.ee\/ru\/#website","url":"https:\/\/hairdeluxe.ee\/ru\/","name":"Hair Deluxe","description":"Highlight your natural beauty","publisher":{"@id":"https:\/\/hairdeluxe.ee\/ru\/#organization"},"potentialAction":[{"@type":"SearchAction","target":{"@type":"EntryPoint","urlTemplate":"https:\/\/hairdeluxe.ee\/ru\/?s={search_term_string}"},"query-input":{"@type":"PropertyValueSpecification","valueRequired":true,"valueName":"search_term_string"}}],"inLanguage":"ru-RU"},{"@type":"Organization","@id":"https:\/\/hairdeluxe.ee\/ru\/#organization","name":"Hair Deluxe","url":"https:\/\/hairdeluxe.ee\/ru\/","logo":{"@type":"ImageObject","inLanguage":"ru-RU","@id":"https:\/\/hairdeluxe.ee\/ru\/#\/schema\/logo\/image\/","url":"https:\/\/hairdeluxe.ee\/wp-content\/uploads\/2024\/06\/Hair-Deluxe-Logo-Dark-font.png","contentUrl":"https:\/\/hairdeluxe.ee\/wp-content\/uploads\/2024\/06\/Hair-Deluxe-Logo-Dark-font.png","width":467,"height":177,"caption":"Hair Deluxe"},"image":{"@id":"https:\/\/hairdeluxe.ee\/ru\/#\/schema\/logo\/image\/"},"sameAs":["https:\/\/www.facebook.com\/blowbartallinn","https:\/\/www.instagram.com\/blowbar_tallinn"]}]}},"_links":{"self":[{"href":"https:\/\/hairdeluxe.ee\/ru\/wp-json\/wp\/v2\/product\/40004","targetHints":{"allow":["GET"]}}],"collection":[{"href":"https:\/\/hairdeluxe.ee\/ru\/wp-json\/wp\/v2\/product"}],"about":[{"href":"https:\/\/hairdeluxe.ee\/ru\/wp-json\/wp\/v2\/types\/product"}],"wp:featuredmedia":[{"embeddable":true,"href":"https:\/\/hairdeluxe.ee\/ru\/wp-json\/wp\/v2\/media\/39752"}],"wp:attachment":[{"href":"https:\/\/hairdeluxe.ee\/ru\/wp-json\/wp\/v2\/media?parent=40004"}],"wp:term":[{"taxonomy":"product_brand","embeddable":true,"href":"https:\/\/hairdeluxe.ee\/ru\/wp-json\/wp\/v2\/product_brand?post=40004"},{"taxonomy":"product_cat","embeddable":true,"href":"https:\/\/hairdeluxe.ee\/ru\/wp-json\/wp\/v2\/product_cat?post=40004"},{"taxonomy":"product_tag","embeddable":true,"href":"https:\/\/hairdeluxe.ee\/ru\/wp-json\/wp\/v2\/product_tag?post=40004"}],"curies":[{"name":"wp","href":"https:\/\/api.w.org\/{rel}","templated":true}]}}