{"id":51913,"date":"2025-06-05T05:56:11","date_gmt":"2025-06-05T05:56:11","guid":{"rendered":"https:\/\/hairdeluxe.ee\/?post_type=product&#038;p=51913"},"modified":"2025-11-13T19:10:23","modified_gmt":"2025-11-13T19:10:23","slug":"niisutav-sampoon-hualuroonhappega-hyaluronic-plump-hydrating-shampoo-250ml","status":"publish","type":"product","link":"https:\/\/hairdeluxe.ee\/ru\/product\/niisutav-sampoon-hualuroonhappega-hyaluronic-plump-hydrating-shampoo-250ml\/","title":{"rendered":"EAU de Capri Niisutav \u0160ampoon H\u00fcaluroonhappega \/ Hyaluronic Plump Hydrating Shampoo 250ml"},"content":{"rendered":"<p>Hellita oma juukseid \u00fclimalt niisutava Hyaluronic Plump Hydrating \u0161ampooniga, mis on rikastatud h\u00fcaluroonhappe, pantenooli ja taimse keratiiniga. Ideaalne k\u00f5ikidele juukset\u00fc\u00fcpidele \u2013 see \u0161ampoon ei piirdu vaid puhastamisega, vaid ka toidab, taastab ja lisab ihaldatud l\u00e4ike.<\/p>\n<p>H\u00fcaluroonhape on niisutuse t\u00f5eline kangelane. See lukustab niiskuse, hoides juuksed pehmed, siledad ja eluj\u00f5ulised. Lisaks hoolitseb see ka peanaha eest, taastades selle niisutustasakaalu ja v\u00e4hendades kuivust.<\/p>\n<p>Pantenool, tuntud ka kui provitamiin B5, lisab juustele t\u00e4iendava l\u00e4ike. See annab loomuliku s\u00e4ra, muutes juuksed terved, elastsed ja kergesti kammitavaks. Unusta kahu ja tervita siledat, l\u00e4ikivat soengut.<\/p>\n<p>Taimne keratiin astub m\u00e4ngu juuste taastamiseks ja tugevdamiseks. See tungib s\u00fcgavale juuksesalku, aidates taastada juuste sisemist struktuuri, siluda kahjustusi ja parandada elastsust.<\/p>\n<p>Lisaks on selles \u0161ampoonis EAU de Capri luksuslik aroom \u2013 v\u00e4rskendav tsitrusel\u00f5hn, mis muudab iga pesukorra t\u00f5eliseks spaakogemuseks. See on nagu v\u00e4ike puhkus sinu meeltele.<\/p>\n<p>T\u00e4iuslik valik neile, kes soovivad lisada juustele niisutust, s\u00e4ra ja eluj\u00f5udu. See on \u00f5rn, kuid t\u00f5hus, andes juustele ja peanahale hoolitsuse, mida need v\u00e4\u00e4rivad.<\/p>\n","protected":false},"excerpt":{"rendered":"<p>Anna oma juustele vajalik niisutus meie Hyaluronic Plump Hydrating \u0161ampooniga. H\u00fcaluroonhappe ja taimse keratiiniga rikastatud koostis sobib k\u00f5ikidele juukset\u00fc\u00fcpidele, eriti neile, mis vajavad lisaniisutust ja s\u00e4ra.<\/p>\n","protected":false},"featured_media":51748,"template":"","meta":[],"product_brand":[465],"product_cat":[467,475,192],"product_tag":[468],"class_list":{"0":"post-51913","1":"product","2":"type-product","3":"status-publish","4":"has-post-thumbnail","6":"product_brand-eaude1974","7":"product_cat-eau-de-capri","8":"product_cat-eaude1974","9":"product_cat-uued-tooted","10":"product_tag-hair-care","12":"first","13":"instock","14":"taxable","15":"shipping-taxable","16":"purchasable","17":"product-type-simple","18":"add-to-wishlist-after_add_to_cart"},"yoast_head":"<!-- This site is optimized with the Yoast SEO plugin v27.4 - https:\/\/yoast.com\/product\/yoast-seo-wordpress\/ -->\n<title>EAU de Capri Niisutav \u0160ampoon H\u00fcaluroonhappega \/ Hyaluronic Plump Hydrating Shampoo 250ml - Hair Deluxe<\/title>\n<meta name=\"description\" content=\"Hellita oma juukseid \u00fclimalt niisutava Hyaluronic Plump Hydrating \u0161ampooniga, mis on rikastatud h\u00fcaluroonhappe, pantenooli ja taimse keratiiniga. Ideaalne k\u00f5ikidele juukset\u00fc\u00fcpidele \u2013 see \u0161ampoon ei piirdu vaid puhastamisega, vaid ka toidab, taastab ja lisab ihaldatud l\u00e4ike.\" \/>\n<meta name=\"robots\" content=\"index, follow, max-snippet:-1, max-image-preview:large, max-video-preview:-1\" \/>\n<link rel=\"canonical\" href=\"https:\/\/hairdeluxe.ee\/ru\/product\/niisutav-sampoon-hualuroonhappega-hyaluronic-plump-hydrating-shampoo-250ml\/\" \/>\n<meta property=\"og:locale\" content=\"ru_RU\" \/>\n<meta property=\"og:type\" content=\"article\" \/>\n<meta property=\"og:title\" content=\"EAU de Capri Niisutav \u0160ampoon H\u00fcaluroonhappega \/ Hyaluronic Plump Hydrating Shampoo 250ml - Hair Deluxe\" \/>\n<meta property=\"og:description\" content=\"Hellita oma juukseid \u00fclimalt niisutava Hyaluronic Plump Hydrating \u0161ampooniga, mis on rikastatud h\u00fcaluroonhappe, pantenooli ja taimse keratiiniga. Ideaalne k\u00f5ikidele juukset\u00fc\u00fcpidele \u2013 see \u0161ampoon ei piirdu vaid puhastamisega, vaid ka toidab, taastab ja lisab ihaldatud l\u00e4ike.\" \/>\n<meta property=\"og:url\" content=\"https:\/\/hairdeluxe.ee\/ru\/product\/niisutav-sampoon-hualuroonhappega-hyaluronic-plump-hydrating-shampoo-250ml\/\" \/>\n<meta property=\"og:site_name\" content=\"Hair Deluxe\" \/>\n<meta property=\"article:publisher\" content=\"https:\/\/www.facebook.com\/blowbartallinn\" \/>\n<meta property=\"article:modified_time\" content=\"2025-11-13T19:10:23+00:00\" \/>\n<meta property=\"og:image\" content=\"https:\/\/hairdeluxe.ee\/wp-content\/uploads\/2025\/05\/EAUde1974_PKG_HyaluronicPlump_HydratingShampoo_250ML_Capri_bottle_T1_2000013080.png\" \/>\n\t<meta property=\"og:image:width\" content=\"800\" \/>\n\t<meta property=\"og:image:height\" content=\"800\" \/>\n\t<meta property=\"og:image:type\" content=\"image\/png\" \/>\n<meta name=\"twitter:card\" content=\"summary_large_image\" \/>\n<meta name=\"twitter:label1\" content=\"\u041f\u0440\u0438\u043c\u0435\u0440\u043d\u043e\u0435 \u0432\u0440\u0435\u043c\u044f \u0434\u043b\u044f \u0447\u0442\u0435\u043d\u0438\u044f\" \/>\n\t<meta name=\"twitter:data1\" content=\"2 \u043c\u0438\u043d\u0443\u0442\u044b\" \/>\n<script type=\"application\/ld+json\" class=\"yoast-schema-graph\">{\"@context\":\"https:\\\/\\\/schema.org\",\"@graph\":[{\"@type\":\"WebPage\",\"@id\":\"https:\\\/\\\/hairdeluxe.ee\\\/ru\\\/product\\\/niisutav-sampoon-hualuroonhappega-hyaluronic-plump-hydrating-shampoo-250ml\\\/\",\"url\":\"https:\\\/\\\/hairdeluxe.ee\\\/ru\\\/product\\\/niisutav-sampoon-hualuroonhappega-hyaluronic-plump-hydrating-shampoo-250ml\\\/\",\"name\":\"EAU de Capri Niisutav \u0160ampoon H\u00fcaluroonhappega \\\/ Hyaluronic Plump Hydrating Shampoo 250ml - Hair Deluxe\",\"isPartOf\":{\"@id\":\"https:\\\/\\\/hairdeluxe.ee\\\/ru\\\/#website\"},\"primaryImageOfPage\":{\"@id\":\"https:\\\/\\\/hairdeluxe.ee\\\/ru\\\/product\\\/niisutav-sampoon-hualuroonhappega-hyaluronic-plump-hydrating-shampoo-250ml\\\/#primaryimage\"},\"image\":{\"@id\":\"https:\\\/\\\/hairdeluxe.ee\\\/ru\\\/product\\\/niisutav-sampoon-hualuroonhappega-hyaluronic-plump-hydrating-shampoo-250ml\\\/#primaryimage\"},\"thumbnailUrl\":\"https:\\\/\\\/hairdeluxe.ee\\\/wp-content\\\/uploads\\\/2025\\\/05\\\/EAUde1974_PKG_HyaluronicPlump_HydratingShampoo_250ML_Capri_bottle_T1_2000013080.png\",\"datePublished\":\"2025-06-05T05:56:11+00:00\",\"dateModified\":\"2025-11-13T19:10:23+00:00\",\"description\":\"Hellita oma juukseid \u00fclimalt niisutava Hyaluronic Plump Hydrating \u0161ampooniga, mis on rikastatud h\u00fcaluroonhappe, pantenooli ja taimse keratiiniga. Ideaalne k\u00f5ikidele juukset\u00fc\u00fcpidele \u2013 see \u0161ampoon ei piirdu vaid puhastamisega, vaid ka toidab, taastab ja lisab ihaldatud l\u00e4ike.\",\"breadcrumb\":{\"@id\":\"https:\\\/\\\/hairdeluxe.ee\\\/ru\\\/product\\\/niisutav-sampoon-hualuroonhappega-hyaluronic-plump-hydrating-shampoo-250ml\\\/#breadcrumb\"},\"inLanguage\":\"ru-RU\",\"potentialAction\":[{\"@type\":\"ReadAction\",\"target\":[\"https:\\\/\\\/hairdeluxe.ee\\\/ru\\\/product\\\/niisutav-sampoon-hualuroonhappega-hyaluronic-plump-hydrating-shampoo-250ml\\\/\"]}]},{\"@type\":\"ImageObject\",\"inLanguage\":\"ru-RU\",\"@id\":\"https:\\\/\\\/hairdeluxe.ee\\\/ru\\\/product\\\/niisutav-sampoon-hualuroonhappega-hyaluronic-plump-hydrating-shampoo-250ml\\\/#primaryimage\",\"url\":\"https:\\\/\\\/hairdeluxe.ee\\\/wp-content\\\/uploads\\\/2025\\\/05\\\/EAUde1974_PKG_HyaluronicPlump_HydratingShampoo_250ML_Capri_bottle_T1_2000013080.png\",\"contentUrl\":\"https:\\\/\\\/hairdeluxe.ee\\\/wp-content\\\/uploads\\\/2025\\\/05\\\/EAUde1974_PKG_HyaluronicPlump_HydratingShampoo_250ML_Capri_bottle_T1_2000013080.png\",\"width\":800,\"height\":800},{\"@type\":\"BreadcrumbList\",\"@id\":\"https:\\\/\\\/hairdeluxe.ee\\\/ru\\\/product\\\/niisutav-sampoon-hualuroonhappega-hyaluronic-plump-hydrating-shampoo-250ml\\\/#breadcrumb\",\"itemListElement\":[{\"@type\":\"ListItem\",\"position\":1,\"name\":\"Home\",\"item\":\"https:\\\/\\\/hairdeluxe.ee\\\/ru\\\/\"},{\"@type\":\"ListItem\",\"position\":2,\"name\":\"\u041c\u0430\u0433\u0430\u0437\u0438\u043d\",\"item\":\"https:\\\/\\\/hairdeluxe.ee\\\/ru\\\/shop\\\/\"},{\"@type\":\"ListItem\",\"position\":3,\"name\":\"EAU de Capri Niisutav \u0160ampoon H\u00fcaluroonhappega \\\/ Hyaluronic Plump Hydrating Shampoo 250ml\"}]},{\"@type\":\"WebSite\",\"@id\":\"https:\\\/\\\/hairdeluxe.ee\\\/ru\\\/#website\",\"url\":\"https:\\\/\\\/hairdeluxe.ee\\\/ru\\\/\",\"name\":\"Hair Deluxe\",\"description\":\"Highlight your natural beauty\",\"publisher\":{\"@id\":\"https:\\\/\\\/hairdeluxe.ee\\\/ru\\\/#organization\"},\"potentialAction\":[{\"@type\":\"SearchAction\",\"target\":{\"@type\":\"EntryPoint\",\"urlTemplate\":\"https:\\\/\\\/hairdeluxe.ee\\\/ru\\\/?s={search_term_string}\"},\"query-input\":{\"@type\":\"PropertyValueSpecification\",\"valueRequired\":true,\"valueName\":\"search_term_string\"}}],\"inLanguage\":\"ru-RU\"},{\"@type\":\"Organization\",\"@id\":\"https:\\\/\\\/hairdeluxe.ee\\\/ru\\\/#organization\",\"name\":\"Hair Deluxe\",\"url\":\"https:\\\/\\\/hairdeluxe.ee\\\/ru\\\/\",\"logo\":{\"@type\":\"ImageObject\",\"inLanguage\":\"ru-RU\",\"@id\":\"https:\\\/\\\/hairdeluxe.ee\\\/ru\\\/#\\\/schema\\\/logo\\\/image\\\/\",\"url\":\"https:\\\/\\\/hairdeluxe.ee\\\/wp-content\\\/uploads\\\/2024\\\/06\\\/Hair-Deluxe-Logo-Dark-font.png\",\"contentUrl\":\"https:\\\/\\\/hairdeluxe.ee\\\/wp-content\\\/uploads\\\/2024\\\/06\\\/Hair-Deluxe-Logo-Dark-font.png\",\"width\":467,\"height\":177,\"caption\":\"Hair Deluxe\"},\"image\":{\"@id\":\"https:\\\/\\\/hairdeluxe.ee\\\/ru\\\/#\\\/schema\\\/logo\\\/image\\\/\"},\"sameAs\":[\"https:\\\/\\\/www.facebook.com\\\/blowbartallinn\",\"https:\\\/\\\/www.instagram.com\\\/blowbar_tallinn\"]}]}<\/script>\n<!-- \/ Yoast SEO plugin. -->","yoast_head_json":{"title":"EAU de Capri Niisutav \u0160ampoon H\u00fcaluroonhappega \/ Hyaluronic Plump Hydrating Shampoo 250ml - Hair Deluxe","description":"Hellita oma juukseid \u00fclimalt niisutava Hyaluronic Plump Hydrating \u0161ampooniga, mis on rikastatud h\u00fcaluroonhappe, pantenooli ja taimse keratiiniga. Ideaalne k\u00f5ikidele juukset\u00fc\u00fcpidele \u2013 see \u0161ampoon ei piirdu vaid puhastamisega, vaid ka toidab, taastab ja lisab ihaldatud l\u00e4ike.","robots":{"index":"index","follow":"follow","max-snippet":"max-snippet:-1","max-image-preview":"max-image-preview:large","max-video-preview":"max-video-preview:-1"},"canonical":"https:\/\/hairdeluxe.ee\/ru\/product\/niisutav-sampoon-hualuroonhappega-hyaluronic-plump-hydrating-shampoo-250ml\/","og_locale":"ru_RU","og_type":"article","og_title":"EAU de Capri Niisutav \u0160ampoon H\u00fcaluroonhappega \/ Hyaluronic Plump Hydrating Shampoo 250ml - Hair Deluxe","og_description":"Hellita oma juukseid \u00fclimalt niisutava Hyaluronic Plump Hydrating \u0161ampooniga, mis on rikastatud h\u00fcaluroonhappe, pantenooli ja taimse keratiiniga. Ideaalne k\u00f5ikidele juukset\u00fc\u00fcpidele \u2013 see \u0161ampoon ei piirdu vaid puhastamisega, vaid ka toidab, taastab ja lisab ihaldatud l\u00e4ike.","og_url":"https:\/\/hairdeluxe.ee\/ru\/product\/niisutav-sampoon-hualuroonhappega-hyaluronic-plump-hydrating-shampoo-250ml\/","og_site_name":"Hair Deluxe","article_publisher":"https:\/\/www.facebook.com\/blowbartallinn","article_modified_time":"2025-11-13T19:10:23+00:00","og_image":[{"width":800,"height":800,"url":"https:\/\/hairdeluxe.ee\/wp-content\/uploads\/2025\/05\/EAUde1974_PKG_HyaluronicPlump_HydratingShampoo_250ML_Capri_bottle_T1_2000013080.png","type":"image\/png"}],"twitter_card":"summary_large_image","twitter_misc":{"\u041f\u0440\u0438\u043c\u0435\u0440\u043d\u043e\u0435 \u0432\u0440\u0435\u043c\u044f \u0434\u043b\u044f \u0447\u0442\u0435\u043d\u0438\u044f":"2 \u043c\u0438\u043d\u0443\u0442\u044b"},"schema":{"@context":"https:\/\/schema.org","@graph":[{"@type":"WebPage","@id":"https:\/\/hairdeluxe.ee\/ru\/product\/niisutav-sampoon-hualuroonhappega-hyaluronic-plump-hydrating-shampoo-250ml\/","url":"https:\/\/hairdeluxe.ee\/ru\/product\/niisutav-sampoon-hualuroonhappega-hyaluronic-plump-hydrating-shampoo-250ml\/","name":"EAU de Capri Niisutav \u0160ampoon H\u00fcaluroonhappega \/ Hyaluronic Plump Hydrating Shampoo 250ml - Hair Deluxe","isPartOf":{"@id":"https:\/\/hairdeluxe.ee\/ru\/#website"},"primaryImageOfPage":{"@id":"https:\/\/hairdeluxe.ee\/ru\/product\/niisutav-sampoon-hualuroonhappega-hyaluronic-plump-hydrating-shampoo-250ml\/#primaryimage"},"image":{"@id":"https:\/\/hairdeluxe.ee\/ru\/product\/niisutav-sampoon-hualuroonhappega-hyaluronic-plump-hydrating-shampoo-250ml\/#primaryimage"},"thumbnailUrl":"https:\/\/hairdeluxe.ee\/wp-content\/uploads\/2025\/05\/EAUde1974_PKG_HyaluronicPlump_HydratingShampoo_250ML_Capri_bottle_T1_2000013080.png","datePublished":"2025-06-05T05:56:11+00:00","dateModified":"2025-11-13T19:10:23+00:00","description":"Hellita oma juukseid \u00fclimalt niisutava Hyaluronic Plump Hydrating \u0161ampooniga, mis on rikastatud h\u00fcaluroonhappe, pantenooli ja taimse keratiiniga. Ideaalne k\u00f5ikidele juukset\u00fc\u00fcpidele \u2013 see \u0161ampoon ei piirdu vaid puhastamisega, vaid ka toidab, taastab ja lisab ihaldatud l\u00e4ike.","breadcrumb":{"@id":"https:\/\/hairdeluxe.ee\/ru\/product\/niisutav-sampoon-hualuroonhappega-hyaluronic-plump-hydrating-shampoo-250ml\/#breadcrumb"},"inLanguage":"ru-RU","potentialAction":[{"@type":"ReadAction","target":["https:\/\/hairdeluxe.ee\/ru\/product\/niisutav-sampoon-hualuroonhappega-hyaluronic-plump-hydrating-shampoo-250ml\/"]}]},{"@type":"ImageObject","inLanguage":"ru-RU","@id":"https:\/\/hairdeluxe.ee\/ru\/product\/niisutav-sampoon-hualuroonhappega-hyaluronic-plump-hydrating-shampoo-250ml\/#primaryimage","url":"https:\/\/hairdeluxe.ee\/wp-content\/uploads\/2025\/05\/EAUde1974_PKG_HyaluronicPlump_HydratingShampoo_250ML_Capri_bottle_T1_2000013080.png","contentUrl":"https:\/\/hairdeluxe.ee\/wp-content\/uploads\/2025\/05\/EAUde1974_PKG_HyaluronicPlump_HydratingShampoo_250ML_Capri_bottle_T1_2000013080.png","width":800,"height":800},{"@type":"BreadcrumbList","@id":"https:\/\/hairdeluxe.ee\/ru\/product\/niisutav-sampoon-hualuroonhappega-hyaluronic-plump-hydrating-shampoo-250ml\/#breadcrumb","itemListElement":[{"@type":"ListItem","position":1,"name":"Home","item":"https:\/\/hairdeluxe.ee\/ru\/"},{"@type":"ListItem","position":2,"name":"\u041c\u0430\u0433\u0430\u0437\u0438\u043d","item":"https:\/\/hairdeluxe.ee\/ru\/shop\/"},{"@type":"ListItem","position":3,"name":"EAU de Capri Niisutav \u0160ampoon H\u00fcaluroonhappega \/ Hyaluronic Plump Hydrating Shampoo 250ml"}]},{"@type":"WebSite","@id":"https:\/\/hairdeluxe.ee\/ru\/#website","url":"https:\/\/hairdeluxe.ee\/ru\/","name":"Hair Deluxe","description":"Highlight your natural beauty","publisher":{"@id":"https:\/\/hairdeluxe.ee\/ru\/#organization"},"potentialAction":[{"@type":"SearchAction","target":{"@type":"EntryPoint","urlTemplate":"https:\/\/hairdeluxe.ee\/ru\/?s={search_term_string}"},"query-input":{"@type":"PropertyValueSpecification","valueRequired":true,"valueName":"search_term_string"}}],"inLanguage":"ru-RU"},{"@type":"Organization","@id":"https:\/\/hairdeluxe.ee\/ru\/#organization","name":"Hair Deluxe","url":"https:\/\/hairdeluxe.ee\/ru\/","logo":{"@type":"ImageObject","inLanguage":"ru-RU","@id":"https:\/\/hairdeluxe.ee\/ru\/#\/schema\/logo\/image\/","url":"https:\/\/hairdeluxe.ee\/wp-content\/uploads\/2024\/06\/Hair-Deluxe-Logo-Dark-font.png","contentUrl":"https:\/\/hairdeluxe.ee\/wp-content\/uploads\/2024\/06\/Hair-Deluxe-Logo-Dark-font.png","width":467,"height":177,"caption":"Hair Deluxe"},"image":{"@id":"https:\/\/hairdeluxe.ee\/ru\/#\/schema\/logo\/image\/"},"sameAs":["https:\/\/www.facebook.com\/blowbartallinn","https:\/\/www.instagram.com\/blowbar_tallinn"]}]}},"_links":{"self":[{"href":"https:\/\/hairdeluxe.ee\/ru\/wp-json\/wp\/v2\/product\/51913","targetHints":{"allow":["GET"]}}],"collection":[{"href":"https:\/\/hairdeluxe.ee\/ru\/wp-json\/wp\/v2\/product"}],"about":[{"href":"https:\/\/hairdeluxe.ee\/ru\/wp-json\/wp\/v2\/types\/product"}],"wp:featuredmedia":[{"embeddable":true,"href":"https:\/\/hairdeluxe.ee\/ru\/wp-json\/wp\/v2\/media\/51748"}],"wp:attachment":[{"href":"https:\/\/hairdeluxe.ee\/ru\/wp-json\/wp\/v2\/media?parent=51913"}],"wp:term":[{"taxonomy":"product_brand","embeddable":true,"href":"https:\/\/hairdeluxe.ee\/ru\/wp-json\/wp\/v2\/product_brand?post=51913"},{"taxonomy":"product_cat","embeddable":true,"href":"https:\/\/hairdeluxe.ee\/ru\/wp-json\/wp\/v2\/product_cat?post=51913"},{"taxonomy":"product_tag","embeddable":true,"href":"https:\/\/hairdeluxe.ee\/ru\/wp-json\/wp\/v2\/product_tag?post=51913"}],"curies":[{"name":"wp","href":"https:\/\/api.w.org\/{rel}","templated":true}]}}