{"id":51914,"date":"2025-05-21T05:56:11","date_gmt":"2025-05-21T05:56:11","guid":{"rendered":"https:\/\/hairdeluxe.ee\/?post_type=product&#038;p=51914"},"modified":"2025-11-13T19:26:53","modified_gmt":"2025-11-13T19:26:53","slug":"juukseparfuum-15ml-3","status":"publish","type":"product","link":"https:\/\/hairdeluxe.ee\/ru\/product\/juukseparfuum-15ml-3\/","title":{"rendered":"EAU de Santorini Juukseparf\u00fc\u00fcm 15ml"},"content":{"rendered":"<p>L\u00f5hn avaneb sidruni, kadakamarjade ja musta pipra seguga. See aromaatne liit \u00e4ratab meeli oma v\u00fcrtsika soojuse ja meenutab p\u00e4ikesepaisterikast p\u00e4rastl\u00f5unat Santorini randadel. Kui s\u00fcda avaneb, p\u00f5imuvad orhidee v\u00f5i orrisv\u00f5i ja lillel\u00f5hnad, luues ahvatleva sensuaalsuse ja v\u00f5lu kimbu. L\u00f5puks, baasnoteidena viitavad vetiver, kasmeer, vanill ja valge musk, m\u00e4hkivad sind luksuslikku embusse, j\u00e4ttes p\u00fcsiva mulje rafineerituse ja elegantsi kohta.<\/p>\n","protected":false},"excerpt":{"rendered":"<p>See 15ml juukseparf\u00fc\u00fcm on kui hetk paradiisis. Nautige elavaid lillel\u00f5hnade ja ookeanilise \u00f5hu v\u00e4rskuse segu, k\u00f5ik sobib ideaalselt teie k\u00e4ekotti, tuues igale hetkele Mediterraani elegantsi ja muretust.<\/p>\n","protected":false},"featured_media":51736,"template":"","meta":[],"product_brand":[465],"product_cat":[469,475,192],"product_tag":[470],"class_list":{"0":"post-51914","1":"product","2":"type-product","3":"status-publish","4":"has-post-thumbnail","6":"product_brand-eaude1974","7":"product_cat-eau-de-santorini","8":"product_cat-eaude1974","9":"product_cat-uued-tooted","10":"product_tag-hair-perfume","12":"first","13":"instock","14":"taxable","15":"shipping-taxable","16":"purchasable","17":"product-type-simple","18":"add-to-wishlist-after_add_to_cart"},"yoast_head":"<!-- This site is optimized with the Yoast SEO plugin v27.3 - https:\/\/yoast.com\/product\/yoast-seo-wordpress\/ -->\n<title>EAU de Santorini Juukseparf\u00fc\u00fcm 15ml - Hair Deluxe<\/title>\n<meta name=\"description\" content=\"See 15ml juukseparf\u00fc\u00fcm on kui hetk paradiisis. Nautige elavaid lillel\u00f5hnade ja ookeanilise \u00f5hu v\u00e4rskuse segu, k\u00f5ik sobib ideaalselt teie k\u00e4ekotti, tuues igale hetkele Mediterraani elegantsi ja muretust.\" \/>\n<meta name=\"robots\" content=\"index, follow, max-snippet:-1, max-image-preview:large, max-video-preview:-1\" \/>\n<link rel=\"canonical\" href=\"https:\/\/hairdeluxe.ee\/ru\/product\/juukseparfuum-15ml-3\/\" \/>\n<meta property=\"og:locale\" content=\"ru_RU\" \/>\n<meta property=\"og:type\" content=\"article\" \/>\n<meta property=\"og:title\" content=\"EAU de Santorini Juukseparf\u00fc\u00fcm 15ml - Hair Deluxe\" \/>\n<meta property=\"og:description\" content=\"See 15ml juukseparf\u00fc\u00fcm on kui hetk paradiisis. Nautige elavaid lillel\u00f5hnade ja ookeanilise \u00f5hu v\u00e4rskuse segu, k\u00f5ik sobib ideaalselt teie k\u00e4ekotti, tuues igale hetkele Mediterraani elegantsi ja muretust.\" \/>\n<meta property=\"og:url\" content=\"https:\/\/hairdeluxe.ee\/ru\/product\/juukseparfuum-15ml-3\/\" \/>\n<meta property=\"og:site_name\" content=\"Hair Deluxe\" \/>\n<meta property=\"article:publisher\" content=\"https:\/\/www.facebook.com\/blowbartallinn\" \/>\n<meta property=\"article:modified_time\" content=\"2025-11-13T19:26:53+00:00\" \/>\n<meta property=\"og:image\" content=\"https:\/\/hairdeluxe.ee\/wp-content\/uploads\/2025\/05\/EAUde1974_Packshot_Travelsize_bottle_box_Santorini_800x800.jpg\" \/>\n\t<meta property=\"og:image:width\" content=\"800\" \/>\n\t<meta property=\"og:image:height\" content=\"800\" \/>\n\t<meta property=\"og:image:type\" content=\"image\/jpeg\" \/>\n<meta name=\"twitter:card\" content=\"summary_large_image\" \/>\n<meta name=\"twitter:label1\" content=\"\u041f\u0440\u0438\u043c\u0435\u0440\u043d\u043e\u0435 \u0432\u0440\u0435\u043c\u044f \u0434\u043b\u044f \u0447\u0442\u0435\u043d\u0438\u044f\" \/>\n\t<meta name=\"twitter:data1\" content=\"1 \u043c\u0438\u043d\u0443\u0442\u0430\" \/>\n<script type=\"application\/ld+json\" class=\"yoast-schema-graph\">{\"@context\":\"https:\\\/\\\/schema.org\",\"@graph\":[{\"@type\":\"WebPage\",\"@id\":\"https:\\\/\\\/hairdeluxe.ee\\\/ru\\\/product\\\/juukseparfuum-15ml-3\\\/\",\"url\":\"https:\\\/\\\/hairdeluxe.ee\\\/ru\\\/product\\\/juukseparfuum-15ml-3\\\/\",\"name\":\"EAU de Santorini Juukseparf\u00fc\u00fcm 15ml - Hair Deluxe\",\"isPartOf\":{\"@id\":\"https:\\\/\\\/hairdeluxe.ee\\\/ru\\\/#website\"},\"primaryImageOfPage\":{\"@id\":\"https:\\\/\\\/hairdeluxe.ee\\\/ru\\\/product\\\/juukseparfuum-15ml-3\\\/#primaryimage\"},\"image\":{\"@id\":\"https:\\\/\\\/hairdeluxe.ee\\\/ru\\\/product\\\/juukseparfuum-15ml-3\\\/#primaryimage\"},\"thumbnailUrl\":\"https:\\\/\\\/hairdeluxe.ee\\\/wp-content\\\/uploads\\\/2025\\\/05\\\/EAUde1974_Packshot_Travelsize_bottle_box_Santorini_800x800.jpg\",\"datePublished\":\"2025-05-21T05:56:11+00:00\",\"dateModified\":\"2025-11-13T19:26:53+00:00\",\"description\":\"See 15ml juukseparf\u00fc\u00fcm on kui hetk paradiisis. Nautige elavaid lillel\u00f5hnade ja ookeanilise \u00f5hu v\u00e4rskuse segu, k\u00f5ik sobib ideaalselt teie k\u00e4ekotti, tuues igale hetkele Mediterraani elegantsi ja muretust.\",\"breadcrumb\":{\"@id\":\"https:\\\/\\\/hairdeluxe.ee\\\/ru\\\/product\\\/juukseparfuum-15ml-3\\\/#breadcrumb\"},\"inLanguage\":\"ru-RU\",\"potentialAction\":[{\"@type\":\"ReadAction\",\"target\":[\"https:\\\/\\\/hairdeluxe.ee\\\/ru\\\/product\\\/juukseparfuum-15ml-3\\\/\"]}]},{\"@type\":\"ImageObject\",\"inLanguage\":\"ru-RU\",\"@id\":\"https:\\\/\\\/hairdeluxe.ee\\\/ru\\\/product\\\/juukseparfuum-15ml-3\\\/#primaryimage\",\"url\":\"https:\\\/\\\/hairdeluxe.ee\\\/wp-content\\\/uploads\\\/2025\\\/05\\\/EAUde1974_Packshot_Travelsize_bottle_box_Santorini_800x800.jpg\",\"contentUrl\":\"https:\\\/\\\/hairdeluxe.ee\\\/wp-content\\\/uploads\\\/2025\\\/05\\\/EAUde1974_Packshot_Travelsize_bottle_box_Santorini_800x800.jpg\",\"width\":800,\"height\":800},{\"@type\":\"BreadcrumbList\",\"@id\":\"https:\\\/\\\/hairdeluxe.ee\\\/ru\\\/product\\\/juukseparfuum-15ml-3\\\/#breadcrumb\",\"itemListElement\":[{\"@type\":\"ListItem\",\"position\":1,\"name\":\"Home\",\"item\":\"https:\\\/\\\/hairdeluxe.ee\\\/ru\\\/\"},{\"@type\":\"ListItem\",\"position\":2,\"name\":\"\u041c\u0430\u0433\u0430\u0437\u0438\u043d\",\"item\":\"https:\\\/\\\/hairdeluxe.ee\\\/ru\\\/shop\\\/\"},{\"@type\":\"ListItem\",\"position\":3,\"name\":\"EAU de Santorini Juukseparf\u00fc\u00fcm 15ml\"}]},{\"@type\":\"WebSite\",\"@id\":\"https:\\\/\\\/hairdeluxe.ee\\\/ru\\\/#website\",\"url\":\"https:\\\/\\\/hairdeluxe.ee\\\/ru\\\/\",\"name\":\"Hair Deluxe\",\"description\":\"Highlight your natural beauty\",\"publisher\":{\"@id\":\"https:\\\/\\\/hairdeluxe.ee\\\/ru\\\/#organization\"},\"potentialAction\":[{\"@type\":\"SearchAction\",\"target\":{\"@type\":\"EntryPoint\",\"urlTemplate\":\"https:\\\/\\\/hairdeluxe.ee\\\/ru\\\/?s={search_term_string}\"},\"query-input\":{\"@type\":\"PropertyValueSpecification\",\"valueRequired\":true,\"valueName\":\"search_term_string\"}}],\"inLanguage\":\"ru-RU\"},{\"@type\":\"Organization\",\"@id\":\"https:\\\/\\\/hairdeluxe.ee\\\/ru\\\/#organization\",\"name\":\"Hair Deluxe\",\"url\":\"https:\\\/\\\/hairdeluxe.ee\\\/ru\\\/\",\"logo\":{\"@type\":\"ImageObject\",\"inLanguage\":\"ru-RU\",\"@id\":\"https:\\\/\\\/hairdeluxe.ee\\\/ru\\\/#\\\/schema\\\/logo\\\/image\\\/\",\"url\":\"https:\\\/\\\/hairdeluxe.ee\\\/wp-content\\\/uploads\\\/2024\\\/06\\\/Hair-Deluxe-Logo-Dark-font.png\",\"contentUrl\":\"https:\\\/\\\/hairdeluxe.ee\\\/wp-content\\\/uploads\\\/2024\\\/06\\\/Hair-Deluxe-Logo-Dark-font.png\",\"width\":467,\"height\":177,\"caption\":\"Hair Deluxe\"},\"image\":{\"@id\":\"https:\\\/\\\/hairdeluxe.ee\\\/ru\\\/#\\\/schema\\\/logo\\\/image\\\/\"},\"sameAs\":[\"https:\\\/\\\/www.facebook.com\\\/blowbartallinn\",\"https:\\\/\\\/www.instagram.com\\\/blowbar_tallinn\"]}]}<\/script>\n<!-- \/ Yoast SEO plugin. -->","yoast_head_json":{"title":"EAU de Santorini Juukseparf\u00fc\u00fcm 15ml - Hair Deluxe","description":"See 15ml juukseparf\u00fc\u00fcm on kui hetk paradiisis. Nautige elavaid lillel\u00f5hnade ja ookeanilise \u00f5hu v\u00e4rskuse segu, k\u00f5ik sobib ideaalselt teie k\u00e4ekotti, tuues igale hetkele Mediterraani elegantsi ja muretust.","robots":{"index":"index","follow":"follow","max-snippet":"max-snippet:-1","max-image-preview":"max-image-preview:large","max-video-preview":"max-video-preview:-1"},"canonical":"https:\/\/hairdeluxe.ee\/ru\/product\/juukseparfuum-15ml-3\/","og_locale":"ru_RU","og_type":"article","og_title":"EAU de Santorini Juukseparf\u00fc\u00fcm 15ml - Hair Deluxe","og_description":"See 15ml juukseparf\u00fc\u00fcm on kui hetk paradiisis. Nautige elavaid lillel\u00f5hnade ja ookeanilise \u00f5hu v\u00e4rskuse segu, k\u00f5ik sobib ideaalselt teie k\u00e4ekotti, tuues igale hetkele Mediterraani elegantsi ja muretust.","og_url":"https:\/\/hairdeluxe.ee\/ru\/product\/juukseparfuum-15ml-3\/","og_site_name":"Hair Deluxe","article_publisher":"https:\/\/www.facebook.com\/blowbartallinn","article_modified_time":"2025-11-13T19:26:53+00:00","og_image":[{"width":800,"height":800,"url":"https:\/\/hairdeluxe.ee\/wp-content\/uploads\/2025\/05\/EAUde1974_Packshot_Travelsize_bottle_box_Santorini_800x800.jpg","type":"image\/jpeg"}],"twitter_card":"summary_large_image","twitter_misc":{"\u041f\u0440\u0438\u043c\u0435\u0440\u043d\u043e\u0435 \u0432\u0440\u0435\u043c\u044f \u0434\u043b\u044f \u0447\u0442\u0435\u043d\u0438\u044f":"1 \u043c\u0438\u043d\u0443\u0442\u0430"},"schema":{"@context":"https:\/\/schema.org","@graph":[{"@type":"WebPage","@id":"https:\/\/hairdeluxe.ee\/ru\/product\/juukseparfuum-15ml-3\/","url":"https:\/\/hairdeluxe.ee\/ru\/product\/juukseparfuum-15ml-3\/","name":"EAU de Santorini Juukseparf\u00fc\u00fcm 15ml - Hair Deluxe","isPartOf":{"@id":"https:\/\/hairdeluxe.ee\/ru\/#website"},"primaryImageOfPage":{"@id":"https:\/\/hairdeluxe.ee\/ru\/product\/juukseparfuum-15ml-3\/#primaryimage"},"image":{"@id":"https:\/\/hairdeluxe.ee\/ru\/product\/juukseparfuum-15ml-3\/#primaryimage"},"thumbnailUrl":"https:\/\/hairdeluxe.ee\/wp-content\/uploads\/2025\/05\/EAUde1974_Packshot_Travelsize_bottle_box_Santorini_800x800.jpg","datePublished":"2025-05-21T05:56:11+00:00","dateModified":"2025-11-13T19:26:53+00:00","description":"See 15ml juukseparf\u00fc\u00fcm on kui hetk paradiisis. Nautige elavaid lillel\u00f5hnade ja ookeanilise \u00f5hu v\u00e4rskuse segu, k\u00f5ik sobib ideaalselt teie k\u00e4ekotti, tuues igale hetkele Mediterraani elegantsi ja muretust.","breadcrumb":{"@id":"https:\/\/hairdeluxe.ee\/ru\/product\/juukseparfuum-15ml-3\/#breadcrumb"},"inLanguage":"ru-RU","potentialAction":[{"@type":"ReadAction","target":["https:\/\/hairdeluxe.ee\/ru\/product\/juukseparfuum-15ml-3\/"]}]},{"@type":"ImageObject","inLanguage":"ru-RU","@id":"https:\/\/hairdeluxe.ee\/ru\/product\/juukseparfuum-15ml-3\/#primaryimage","url":"https:\/\/hairdeluxe.ee\/wp-content\/uploads\/2025\/05\/EAUde1974_Packshot_Travelsize_bottle_box_Santorini_800x800.jpg","contentUrl":"https:\/\/hairdeluxe.ee\/wp-content\/uploads\/2025\/05\/EAUde1974_Packshot_Travelsize_bottle_box_Santorini_800x800.jpg","width":800,"height":800},{"@type":"BreadcrumbList","@id":"https:\/\/hairdeluxe.ee\/ru\/product\/juukseparfuum-15ml-3\/#breadcrumb","itemListElement":[{"@type":"ListItem","position":1,"name":"Home","item":"https:\/\/hairdeluxe.ee\/ru\/"},{"@type":"ListItem","position":2,"name":"\u041c\u0430\u0433\u0430\u0437\u0438\u043d","item":"https:\/\/hairdeluxe.ee\/ru\/shop\/"},{"@type":"ListItem","position":3,"name":"EAU de Santorini Juukseparf\u00fc\u00fcm 15ml"}]},{"@type":"WebSite","@id":"https:\/\/hairdeluxe.ee\/ru\/#website","url":"https:\/\/hairdeluxe.ee\/ru\/","name":"Hair Deluxe","description":"Highlight your natural beauty","publisher":{"@id":"https:\/\/hairdeluxe.ee\/ru\/#organization"},"potentialAction":[{"@type":"SearchAction","target":{"@type":"EntryPoint","urlTemplate":"https:\/\/hairdeluxe.ee\/ru\/?s={search_term_string}"},"query-input":{"@type":"PropertyValueSpecification","valueRequired":true,"valueName":"search_term_string"}}],"inLanguage":"ru-RU"},{"@type":"Organization","@id":"https:\/\/hairdeluxe.ee\/ru\/#organization","name":"Hair Deluxe","url":"https:\/\/hairdeluxe.ee\/ru\/","logo":{"@type":"ImageObject","inLanguage":"ru-RU","@id":"https:\/\/hairdeluxe.ee\/ru\/#\/schema\/logo\/image\/","url":"https:\/\/hairdeluxe.ee\/wp-content\/uploads\/2024\/06\/Hair-Deluxe-Logo-Dark-font.png","contentUrl":"https:\/\/hairdeluxe.ee\/wp-content\/uploads\/2024\/06\/Hair-Deluxe-Logo-Dark-font.png","width":467,"height":177,"caption":"Hair Deluxe"},"image":{"@id":"https:\/\/hairdeluxe.ee\/ru\/#\/schema\/logo\/image\/"},"sameAs":["https:\/\/www.facebook.com\/blowbartallinn","https:\/\/www.instagram.com\/blowbar_tallinn"]}]}},"_links":{"self":[{"href":"https:\/\/hairdeluxe.ee\/ru\/wp-json\/wp\/v2\/product\/51914","targetHints":{"allow":["GET"]}}],"collection":[{"href":"https:\/\/hairdeluxe.ee\/ru\/wp-json\/wp\/v2\/product"}],"about":[{"href":"https:\/\/hairdeluxe.ee\/ru\/wp-json\/wp\/v2\/types\/product"}],"wp:featuredmedia":[{"embeddable":true,"href":"https:\/\/hairdeluxe.ee\/ru\/wp-json\/wp\/v2\/media\/51736"}],"wp:attachment":[{"href":"https:\/\/hairdeluxe.ee\/ru\/wp-json\/wp\/v2\/media?parent=51914"}],"wp:term":[{"taxonomy":"product_brand","embeddable":true,"href":"https:\/\/hairdeluxe.ee\/ru\/wp-json\/wp\/v2\/product_brand?post=51914"},{"taxonomy":"product_cat","embeddable":true,"href":"https:\/\/hairdeluxe.ee\/ru\/wp-json\/wp\/v2\/product_cat?post=51914"},{"taxonomy":"product_tag","embeddable":true,"href":"https:\/\/hairdeluxe.ee\/ru\/wp-json\/wp\/v2\/product_tag?post=51914"}],"curies":[{"name":"wp","href":"https:\/\/api.w.org\/{rel}","templated":true}]}}