{"id":51917,"date":"2025-06-04T05:56:11","date_gmt":"2025-06-04T05:56:11","guid":{"rendered":"https:\/\/hairdeluxe.ee\/?post_type=product&#038;p=51917"},"modified":"2025-11-13T19:08:49","modified_gmt":"2025-11-13T19:08:49","slug":"niisutav-juuksemask-hualuroonhappega-250ml","status":"publish","type":"product","link":"https:\/\/hairdeluxe.ee\/ru\/product\/niisutav-juuksemask-hualuroonhappega-250ml\/","title":{"rendered":"EAU de Capri Niisutav juuksemask h\u00fcaluroonhappega 250ml"},"content":{"rendered":"<p>On aeg oma juukseid hellitada Hyaluronic Renew niisutava maskiga! See sisaldab unistuste trio \u2013 h\u00fcaluroonhapet, pantenooli ja aaloed \u2013 pakkudes sinu juustele intensiivset niisutust, millest nad ei taha loobuda.<\/p>\n<p>H\u00fcaluroonhape lukustab niiskuse, hoides juuksed niisutatud ja v\u00e4rsked. Pantenool lisab s\u00e4ra ja pehmust, muutes juuksed siidiseks ja terveks. Aaloe rahustab ja toidab peanahka, andes sulle justkui v\u00e4rskelt salongist tulnud tunde.<\/p>\n<p>Kui su juuksed on kuivad, kahjustatud v\u00f5i veidi kahused, teeb see mask imesid! Kasuta seda koos meie Hyaluronic \u0161ampooniga ja kingi oma juustele t\u00e4ielik hooldus. Valmistu pehmeteks, s\u00e4ravateks ja eluj\u00f5ulisteks juusteks \u2013 ning naudi selle v\u00e4rsket puuviljase lillel\u00f5hna!<\/p>\n","protected":false},"excerpt":{"rendered":"<p>Anna oma juustele maksimaalne niisutus meie Hyaluronic Renew niisutava maskiga. H\u00fcaluroonhappe, pantenooli ja aaloe j\u00f5ul rikastatud koostis muudab su juuksed pehmeks, l\u00e4ikivaks ja eluj\u00f5uliseks. Ideaalne kuivadele, kahjustatud v\u00f5i kahustele juustele. Sobib t\u00e4iuslikult kuivadele, kahjustatud v\u00f5i kahustele juustele.<\/p>\n","protected":false},"featured_media":51720,"template":"","meta":[],"product_brand":[465],"product_cat":[467,475,192],"product_tag":[468],"class_list":{"0":"post-51917","1":"product","2":"type-product","3":"status-publish","4":"has-post-thumbnail","6":"product_brand-eaude1974","7":"product_cat-eau-de-capri","8":"product_cat-eaude1974","9":"product_cat-uued-tooted","10":"product_tag-hair-care","12":"first","13":"instock","14":"taxable","15":"shipping-taxable","16":"purchasable","17":"product-type-simple","18":"add-to-wishlist-after_add_to_cart"},"yoast_head":"<!-- This site is optimized with the Yoast SEO plugin v27.4 - https:\/\/yoast.com\/product\/yoast-seo-wordpress\/ -->\n<title>EAU de Capri Niisutav juuksemask h\u00fcaluroonhappega 250ml - Hair Deluxe<\/title>\n<meta name=\"description\" content=\"Anna oma juustele maksimaalne niisutus meie Hyaluronic Renew niisutava maskiga. H\u00fcaluroonhappe, pantenooli ja aaloe j\u00f5ul rikastatud koostis muudab su juuksed pehmeks, l\u00e4ikivaks ja eluj\u00f5uliseks. Ideaalne kuivadele, kahjustatud v\u00f5i kahustele juustele.\" \/>\n<meta name=\"robots\" content=\"index, follow, max-snippet:-1, max-image-preview:large, max-video-preview:-1\" \/>\n<link rel=\"canonical\" href=\"https:\/\/hairdeluxe.ee\/ru\/product\/niisutav-juuksemask-hualuroonhappega-250ml\/\" \/>\n<meta property=\"og:locale\" content=\"ru_RU\" \/>\n<meta property=\"og:type\" content=\"article\" \/>\n<meta property=\"og:title\" content=\"EAU de Capri Niisutav juuksemask h\u00fcaluroonhappega 250ml - Hair Deluxe\" \/>\n<meta property=\"og:description\" content=\"Anna oma juustele maksimaalne niisutus meie Hyaluronic Renew niisutava maskiga. H\u00fcaluroonhappe, pantenooli ja aaloe j\u00f5ul rikastatud koostis muudab su juuksed pehmeks, l\u00e4ikivaks ja eluj\u00f5uliseks. Ideaalne kuivadele, kahjustatud v\u00f5i kahustele juustele.\" \/>\n<meta property=\"og:url\" content=\"https:\/\/hairdeluxe.ee\/ru\/product\/niisutav-juuksemask-hualuroonhappega-250ml\/\" \/>\n<meta property=\"og:site_name\" content=\"Hair Deluxe\" \/>\n<meta property=\"article:publisher\" content=\"https:\/\/www.facebook.com\/blowbartallinn\" \/>\n<meta property=\"article:modified_time\" content=\"2025-11-13T19:08:49+00:00\" \/>\n<meta property=\"og:image\" content=\"https:\/\/hairdeluxe.ee\/wp-content\/uploads\/2025\/05\/EAUde1974_CS_HyaluronicRenew_HydratingMask_200ML_Capri_Tube_T1_2000015080.png\" \/>\n\t<meta property=\"og:image:width\" content=\"800\" \/>\n\t<meta property=\"og:image:height\" content=\"800\" \/>\n\t<meta property=\"og:image:type\" content=\"image\/png\" \/>\n<meta name=\"twitter:card\" content=\"summary_large_image\" \/>\n<meta name=\"twitter:label1\" content=\"\u041f\u0440\u0438\u043c\u0435\u0440\u043d\u043e\u0435 \u0432\u0440\u0435\u043c\u044f \u0434\u043b\u044f \u0447\u0442\u0435\u043d\u0438\u044f\" \/>\n\t<meta name=\"twitter:data1\" content=\"1 \u043c\u0438\u043d\u0443\u0442\u0430\" \/>\n<script type=\"application\/ld+json\" class=\"yoast-schema-graph\">{\"@context\":\"https:\\\/\\\/schema.org\",\"@graph\":[{\"@type\":\"WebPage\",\"@id\":\"https:\\\/\\\/hairdeluxe.ee\\\/ru\\\/product\\\/niisutav-juuksemask-hualuroonhappega-250ml\\\/\",\"url\":\"https:\\\/\\\/hairdeluxe.ee\\\/ru\\\/product\\\/niisutav-juuksemask-hualuroonhappega-250ml\\\/\",\"name\":\"EAU de Capri Niisutav juuksemask h\u00fcaluroonhappega 250ml - Hair Deluxe\",\"isPartOf\":{\"@id\":\"https:\\\/\\\/hairdeluxe.ee\\\/ru\\\/#website\"},\"primaryImageOfPage\":{\"@id\":\"https:\\\/\\\/hairdeluxe.ee\\\/ru\\\/product\\\/niisutav-juuksemask-hualuroonhappega-250ml\\\/#primaryimage\"},\"image\":{\"@id\":\"https:\\\/\\\/hairdeluxe.ee\\\/ru\\\/product\\\/niisutav-juuksemask-hualuroonhappega-250ml\\\/#primaryimage\"},\"thumbnailUrl\":\"https:\\\/\\\/hairdeluxe.ee\\\/wp-content\\\/uploads\\\/2025\\\/05\\\/EAUde1974_CS_HyaluronicRenew_HydratingMask_200ML_Capri_Tube_T1_2000015080.png\",\"datePublished\":\"2025-06-04T05:56:11+00:00\",\"dateModified\":\"2025-11-13T19:08:49+00:00\",\"description\":\"Anna oma juustele maksimaalne niisutus meie Hyaluronic Renew niisutava maskiga. H\u00fcaluroonhappe, pantenooli ja aaloe j\u00f5ul rikastatud koostis muudab su juuksed pehmeks, l\u00e4ikivaks ja eluj\u00f5uliseks. Ideaalne kuivadele, kahjustatud v\u00f5i kahustele juustele.\",\"breadcrumb\":{\"@id\":\"https:\\\/\\\/hairdeluxe.ee\\\/ru\\\/product\\\/niisutav-juuksemask-hualuroonhappega-250ml\\\/#breadcrumb\"},\"inLanguage\":\"ru-RU\",\"potentialAction\":[{\"@type\":\"ReadAction\",\"target\":[\"https:\\\/\\\/hairdeluxe.ee\\\/ru\\\/product\\\/niisutav-juuksemask-hualuroonhappega-250ml\\\/\"]}]},{\"@type\":\"ImageObject\",\"inLanguage\":\"ru-RU\",\"@id\":\"https:\\\/\\\/hairdeluxe.ee\\\/ru\\\/product\\\/niisutav-juuksemask-hualuroonhappega-250ml\\\/#primaryimage\",\"url\":\"https:\\\/\\\/hairdeluxe.ee\\\/wp-content\\\/uploads\\\/2025\\\/05\\\/EAUde1974_CS_HyaluronicRenew_HydratingMask_200ML_Capri_Tube_T1_2000015080.png\",\"contentUrl\":\"https:\\\/\\\/hairdeluxe.ee\\\/wp-content\\\/uploads\\\/2025\\\/05\\\/EAUde1974_CS_HyaluronicRenew_HydratingMask_200ML_Capri_Tube_T1_2000015080.png\",\"width\":800,\"height\":800},{\"@type\":\"BreadcrumbList\",\"@id\":\"https:\\\/\\\/hairdeluxe.ee\\\/ru\\\/product\\\/niisutav-juuksemask-hualuroonhappega-250ml\\\/#breadcrumb\",\"itemListElement\":[{\"@type\":\"ListItem\",\"position\":1,\"name\":\"Home\",\"item\":\"https:\\\/\\\/hairdeluxe.ee\\\/ru\\\/\"},{\"@type\":\"ListItem\",\"position\":2,\"name\":\"\u041c\u0430\u0433\u0430\u0437\u0438\u043d\",\"item\":\"https:\\\/\\\/hairdeluxe.ee\\\/ru\\\/shop\\\/\"},{\"@type\":\"ListItem\",\"position\":3,\"name\":\"EAU de Capri Niisutav juuksemask h\u00fcaluroonhappega 250ml\"}]},{\"@type\":\"WebSite\",\"@id\":\"https:\\\/\\\/hairdeluxe.ee\\\/ru\\\/#website\",\"url\":\"https:\\\/\\\/hairdeluxe.ee\\\/ru\\\/\",\"name\":\"Hair Deluxe\",\"description\":\"Highlight your natural beauty\",\"publisher\":{\"@id\":\"https:\\\/\\\/hairdeluxe.ee\\\/ru\\\/#organization\"},\"potentialAction\":[{\"@type\":\"SearchAction\",\"target\":{\"@type\":\"EntryPoint\",\"urlTemplate\":\"https:\\\/\\\/hairdeluxe.ee\\\/ru\\\/?s={search_term_string}\"},\"query-input\":{\"@type\":\"PropertyValueSpecification\",\"valueRequired\":true,\"valueName\":\"search_term_string\"}}],\"inLanguage\":\"ru-RU\"},{\"@type\":\"Organization\",\"@id\":\"https:\\\/\\\/hairdeluxe.ee\\\/ru\\\/#organization\",\"name\":\"Hair Deluxe\",\"url\":\"https:\\\/\\\/hairdeluxe.ee\\\/ru\\\/\",\"logo\":{\"@type\":\"ImageObject\",\"inLanguage\":\"ru-RU\",\"@id\":\"https:\\\/\\\/hairdeluxe.ee\\\/ru\\\/#\\\/schema\\\/logo\\\/image\\\/\",\"url\":\"https:\\\/\\\/hairdeluxe.ee\\\/wp-content\\\/uploads\\\/2024\\\/06\\\/Hair-Deluxe-Logo-Dark-font.png\",\"contentUrl\":\"https:\\\/\\\/hairdeluxe.ee\\\/wp-content\\\/uploads\\\/2024\\\/06\\\/Hair-Deluxe-Logo-Dark-font.png\",\"width\":467,\"height\":177,\"caption\":\"Hair Deluxe\"},\"image\":{\"@id\":\"https:\\\/\\\/hairdeluxe.ee\\\/ru\\\/#\\\/schema\\\/logo\\\/image\\\/\"},\"sameAs\":[\"https:\\\/\\\/www.facebook.com\\\/blowbartallinn\",\"https:\\\/\\\/www.instagram.com\\\/blowbar_tallinn\"]}]}<\/script>\n<!-- \/ Yoast SEO plugin. -->","yoast_head_json":{"title":"EAU de Capri Niisutav juuksemask h\u00fcaluroonhappega 250ml - Hair Deluxe","description":"Anna oma juustele maksimaalne niisutus meie Hyaluronic Renew niisutava maskiga. H\u00fcaluroonhappe, pantenooli ja aaloe j\u00f5ul rikastatud koostis muudab su juuksed pehmeks, l\u00e4ikivaks ja eluj\u00f5uliseks. Ideaalne kuivadele, kahjustatud v\u00f5i kahustele juustele.","robots":{"index":"index","follow":"follow","max-snippet":"max-snippet:-1","max-image-preview":"max-image-preview:large","max-video-preview":"max-video-preview:-1"},"canonical":"https:\/\/hairdeluxe.ee\/ru\/product\/niisutav-juuksemask-hualuroonhappega-250ml\/","og_locale":"ru_RU","og_type":"article","og_title":"EAU de Capri Niisutav juuksemask h\u00fcaluroonhappega 250ml - Hair Deluxe","og_description":"Anna oma juustele maksimaalne niisutus meie Hyaluronic Renew niisutava maskiga. H\u00fcaluroonhappe, pantenooli ja aaloe j\u00f5ul rikastatud koostis muudab su juuksed pehmeks, l\u00e4ikivaks ja eluj\u00f5uliseks. Ideaalne kuivadele, kahjustatud v\u00f5i kahustele juustele.","og_url":"https:\/\/hairdeluxe.ee\/ru\/product\/niisutav-juuksemask-hualuroonhappega-250ml\/","og_site_name":"Hair Deluxe","article_publisher":"https:\/\/www.facebook.com\/blowbartallinn","article_modified_time":"2025-11-13T19:08:49+00:00","og_image":[{"width":800,"height":800,"url":"https:\/\/hairdeluxe.ee\/wp-content\/uploads\/2025\/05\/EAUde1974_CS_HyaluronicRenew_HydratingMask_200ML_Capri_Tube_T1_2000015080.png","type":"image\/png"}],"twitter_card":"summary_large_image","twitter_misc":{"\u041f\u0440\u0438\u043c\u0435\u0440\u043d\u043e\u0435 \u0432\u0440\u0435\u043c\u044f \u0434\u043b\u044f \u0447\u0442\u0435\u043d\u0438\u044f":"1 \u043c\u0438\u043d\u0443\u0442\u0430"},"schema":{"@context":"https:\/\/schema.org","@graph":[{"@type":"WebPage","@id":"https:\/\/hairdeluxe.ee\/ru\/product\/niisutav-juuksemask-hualuroonhappega-250ml\/","url":"https:\/\/hairdeluxe.ee\/ru\/product\/niisutav-juuksemask-hualuroonhappega-250ml\/","name":"EAU de Capri Niisutav juuksemask h\u00fcaluroonhappega 250ml - Hair Deluxe","isPartOf":{"@id":"https:\/\/hairdeluxe.ee\/ru\/#website"},"primaryImageOfPage":{"@id":"https:\/\/hairdeluxe.ee\/ru\/product\/niisutav-juuksemask-hualuroonhappega-250ml\/#primaryimage"},"image":{"@id":"https:\/\/hairdeluxe.ee\/ru\/product\/niisutav-juuksemask-hualuroonhappega-250ml\/#primaryimage"},"thumbnailUrl":"https:\/\/hairdeluxe.ee\/wp-content\/uploads\/2025\/05\/EAUde1974_CS_HyaluronicRenew_HydratingMask_200ML_Capri_Tube_T1_2000015080.png","datePublished":"2025-06-04T05:56:11+00:00","dateModified":"2025-11-13T19:08:49+00:00","description":"Anna oma juustele maksimaalne niisutus meie Hyaluronic Renew niisutava maskiga. H\u00fcaluroonhappe, pantenooli ja aaloe j\u00f5ul rikastatud koostis muudab su juuksed pehmeks, l\u00e4ikivaks ja eluj\u00f5uliseks. Ideaalne kuivadele, kahjustatud v\u00f5i kahustele juustele.","breadcrumb":{"@id":"https:\/\/hairdeluxe.ee\/ru\/product\/niisutav-juuksemask-hualuroonhappega-250ml\/#breadcrumb"},"inLanguage":"ru-RU","potentialAction":[{"@type":"ReadAction","target":["https:\/\/hairdeluxe.ee\/ru\/product\/niisutav-juuksemask-hualuroonhappega-250ml\/"]}]},{"@type":"ImageObject","inLanguage":"ru-RU","@id":"https:\/\/hairdeluxe.ee\/ru\/product\/niisutav-juuksemask-hualuroonhappega-250ml\/#primaryimage","url":"https:\/\/hairdeluxe.ee\/wp-content\/uploads\/2025\/05\/EAUde1974_CS_HyaluronicRenew_HydratingMask_200ML_Capri_Tube_T1_2000015080.png","contentUrl":"https:\/\/hairdeluxe.ee\/wp-content\/uploads\/2025\/05\/EAUde1974_CS_HyaluronicRenew_HydratingMask_200ML_Capri_Tube_T1_2000015080.png","width":800,"height":800},{"@type":"BreadcrumbList","@id":"https:\/\/hairdeluxe.ee\/ru\/product\/niisutav-juuksemask-hualuroonhappega-250ml\/#breadcrumb","itemListElement":[{"@type":"ListItem","position":1,"name":"Home","item":"https:\/\/hairdeluxe.ee\/ru\/"},{"@type":"ListItem","position":2,"name":"\u041c\u0430\u0433\u0430\u0437\u0438\u043d","item":"https:\/\/hairdeluxe.ee\/ru\/shop\/"},{"@type":"ListItem","position":3,"name":"EAU de Capri Niisutav juuksemask h\u00fcaluroonhappega 250ml"}]},{"@type":"WebSite","@id":"https:\/\/hairdeluxe.ee\/ru\/#website","url":"https:\/\/hairdeluxe.ee\/ru\/","name":"Hair Deluxe","description":"Highlight your natural beauty","publisher":{"@id":"https:\/\/hairdeluxe.ee\/ru\/#organization"},"potentialAction":[{"@type":"SearchAction","target":{"@type":"EntryPoint","urlTemplate":"https:\/\/hairdeluxe.ee\/ru\/?s={search_term_string}"},"query-input":{"@type":"PropertyValueSpecification","valueRequired":true,"valueName":"search_term_string"}}],"inLanguage":"ru-RU"},{"@type":"Organization","@id":"https:\/\/hairdeluxe.ee\/ru\/#organization","name":"Hair Deluxe","url":"https:\/\/hairdeluxe.ee\/ru\/","logo":{"@type":"ImageObject","inLanguage":"ru-RU","@id":"https:\/\/hairdeluxe.ee\/ru\/#\/schema\/logo\/image\/","url":"https:\/\/hairdeluxe.ee\/wp-content\/uploads\/2024\/06\/Hair-Deluxe-Logo-Dark-font.png","contentUrl":"https:\/\/hairdeluxe.ee\/wp-content\/uploads\/2024\/06\/Hair-Deluxe-Logo-Dark-font.png","width":467,"height":177,"caption":"Hair Deluxe"},"image":{"@id":"https:\/\/hairdeluxe.ee\/ru\/#\/schema\/logo\/image\/"},"sameAs":["https:\/\/www.facebook.com\/blowbartallinn","https:\/\/www.instagram.com\/blowbar_tallinn"]}]}},"_links":{"self":[{"href":"https:\/\/hairdeluxe.ee\/ru\/wp-json\/wp\/v2\/product\/51917","targetHints":{"allow":["GET"]}}],"collection":[{"href":"https:\/\/hairdeluxe.ee\/ru\/wp-json\/wp\/v2\/product"}],"about":[{"href":"https:\/\/hairdeluxe.ee\/ru\/wp-json\/wp\/v2\/types\/product"}],"wp:featuredmedia":[{"embeddable":true,"href":"https:\/\/hairdeluxe.ee\/ru\/wp-json\/wp\/v2\/media\/51720"}],"wp:attachment":[{"href":"https:\/\/hairdeluxe.ee\/ru\/wp-json\/wp\/v2\/media?parent=51917"}],"wp:term":[{"taxonomy":"product_brand","embeddable":true,"href":"https:\/\/hairdeluxe.ee\/ru\/wp-json\/wp\/v2\/product_brand?post=51917"},{"taxonomy":"product_cat","embeddable":true,"href":"https:\/\/hairdeluxe.ee\/ru\/wp-json\/wp\/v2\/product_cat?post=51917"},{"taxonomy":"product_tag","embeddable":true,"href":"https:\/\/hairdeluxe.ee\/ru\/wp-json\/wp\/v2\/product_tag?post=51917"}],"curies":[{"name":"wp","href":"https:\/\/api.w.org\/{rel}","templated":true}]}}