{"id":51918,"date":"2025-06-03T05:56:11","date_gmt":"2025-06-03T05:56:11","guid":{"rendered":"https:\/\/hairdeluxe.ee\/?post_type=product&#038;p=51918"},"modified":"2025-11-13T19:03:12","modified_gmt":"2025-11-13T19:03:12","slug":"juustesse-jaetav-niisutav-ja-kaitsev-juuksepalsam-125ml","status":"publish","type":"product","link":"https:\/\/hairdeluxe.ee\/ru\/product\/juustesse-jaetav-niisutav-ja-kaitsev-juuksepalsam-125ml\/","title":{"rendered":"EAU de Capri Juustesse J\u00e4etav Niisutav Ja Kaitsev Juuksepalsam 125ml"},"content":{"rendered":"<p>Paku oma juustele t\u00e4iuslikku hooldust Hydrate &#038; Shield Leave-in Conditioner\u2019iga \u2013 saladus kuiva ja kahjustatud juuste vastu. T\u00e4idetud riisi- ja nisuvalkudega, see imeline koostis t\u00f6\u00f6tab seestpoolt v\u00e4lja, et parandada, tugevdada ja suurendada elastsust. Need valgud muudavad juuksed tugevamaks, vastupidavamaks ja v\u00e4hem t\u00f5en\u00e4oliseks murdumiseks ajapikku.<\/p>\n<p>P\u00e4evalille\u00f5li niisutab ja lukustab niiskuse, j\u00e4ttes juuksed pehmeks, siledaks ja t\u00e4ielikult frizzivabaks.<br \/>\nJa \u00e4rgem unustagem, et see on ka E-vitamiini allikas \u2013 see antioks\u00fcdantide v\u00f5imendaja kaitseb juukseid k\u00f5ikide halvad asjade eest, nagu UV-kiirgus ja saaste, hoides juuksed v\u00e4rskena ja s\u00e4ravana terve p\u00e4eva.<\/p>\n<p>Ideaalne k\u00f5ikidele juukset\u00fc\u00fcpidele, Hydrate &#038; Shield Leave-in Conditioner on t\u00e4iuslik igap\u00e4evaseks kasutamiseks. Olgu tegemist frizziga v\u00f5itlemise, kahjustuste parandamise v\u00f5i lihtsalt sooviga hoida juuksed parimas seisukorras, see mitmeotstarbeline kangelane pakub k\u00f5ike, mida sinu juuksed vajavad, et \u00f5itseda.<\/p>\n","protected":false},"excerpt":{"rendered":"<p>Vabaneda kuivast, kahjustatud juustest on lihtne Hydrate &#038; Shield Leave-in Conditioner\u2019iga. Rikkalik riisi- ja nisuvalkudega, see tugevdab juuksekiudu, samal ajal kui p\u00e4evalille seemne\u00f5li teeb oma antioks\u00fcdantide imet. See kerge koostis hoiab juuksed siidpehmed, l\u00e4ikivad ja kaitstud kuumuse ja l\u00f5henenud otste eest.<\/p>\n","protected":false},"featured_media":51756,"template":"","meta":[],"product_brand":[465],"product_cat":[467,475,192],"product_tag":[468],"class_list":{"0":"post-51918","1":"product","2":"type-product","3":"status-publish","4":"has-post-thumbnail","6":"product_brand-eaude1974","7":"product_cat-eau-de-capri","8":"product_cat-eaude1974","9":"product_cat-uued-tooted","10":"product_tag-hair-care","12":"first","13":"instock","14":"taxable","15":"shipping-taxable","16":"purchasable","17":"product-type-simple","18":"add-to-wishlist-after_add_to_cart"},"yoast_head":"<!-- This site is optimized with the Yoast SEO plugin v27.4 - https:\/\/yoast.com\/product\/yoast-seo-wordpress\/ -->\n<title>EAU de Capri Juustesse J\u00e4etav Niisutav Ja Kaitsev Juuksepalsam 125ml - Hair Deluxe<\/title>\n<meta name=\"description\" content=\"Vabaneda kuivast, kahjustatud juustest on lihtne Hydrate &amp; Shield Leave-in Conditioner\u2019iga. Rikkalik riisi- ja nisuvalkudega, see tugevdab juuksekiudu, samal ajal kui p\u00e4evalille seemne\u00f5li teeb oma antioks\u00fcdantide imet. See kerge koostis hoiab juuksed siidpehmed, l\u00e4ikivad ja kaitstud kuumuse ja l\u00f5henenud otste eest.\" \/>\n<meta name=\"robots\" content=\"index, follow, max-snippet:-1, max-image-preview:large, max-video-preview:-1\" \/>\n<link rel=\"canonical\" href=\"https:\/\/hairdeluxe.ee\/ru\/product\/juustesse-jaetav-niisutav-ja-kaitsev-juuksepalsam-125ml\/\" \/>\n<meta property=\"og:locale\" content=\"ru_RU\" \/>\n<meta property=\"og:type\" content=\"article\" \/>\n<meta property=\"og:title\" content=\"EAU de Capri Juustesse J\u00e4etav Niisutav Ja Kaitsev Juuksepalsam 125ml - Hair Deluxe\" \/>\n<meta property=\"og:description\" content=\"Vabaneda kuivast, kahjustatud juustest on lihtne Hydrate &amp; Shield Leave-in Conditioner\u2019iga. Rikkalik riisi- ja nisuvalkudega, see tugevdab juuksekiudu, samal ajal kui p\u00e4evalille seemne\u00f5li teeb oma antioks\u00fcdantide imet. See kerge koostis hoiab juuksed siidpehmed, l\u00e4ikivad ja kaitstud kuumuse ja l\u00f5henenud otste eest.\" \/>\n<meta property=\"og:url\" content=\"https:\/\/hairdeluxe.ee\/ru\/product\/juustesse-jaetav-niisutav-ja-kaitsev-juuksepalsam-125ml\/\" \/>\n<meta property=\"og:site_name\" content=\"Hair Deluxe\" \/>\n<meta property=\"article:publisher\" content=\"https:\/\/www.facebook.com\/blowbartallinn\" \/>\n<meta property=\"article:modified_time\" content=\"2025-11-13T19:03:12+00:00\" \/>\n<meta property=\"og:image\" content=\"https:\/\/hairdeluxe.ee\/wp-content\/uploads\/2025\/05\/EAUde1974_PKG_HydrateShield_Leave-inConditioner_125ML_Capri_tube_T1_2000017050.png\" \/>\n\t<meta property=\"og:image:width\" content=\"800\" \/>\n\t<meta property=\"og:image:height\" content=\"800\" \/>\n\t<meta property=\"og:image:type\" content=\"image\/png\" \/>\n<meta name=\"twitter:card\" content=\"summary_large_image\" \/>\n<meta name=\"twitter:label1\" content=\"\u041f\u0440\u0438\u043c\u0435\u0440\u043d\u043e\u0435 \u0432\u0440\u0435\u043c\u044f \u0434\u043b\u044f \u0447\u0442\u0435\u043d\u0438\u044f\" \/>\n\t<meta name=\"twitter:data1\" content=\"1 \u043c\u0438\u043d\u0443\u0442\u0430\" \/>\n<script type=\"application\/ld+json\" class=\"yoast-schema-graph\">{\"@context\":\"https:\\\/\\\/schema.org\",\"@graph\":[{\"@type\":\"WebPage\",\"@id\":\"https:\\\/\\\/hairdeluxe.ee\\\/ru\\\/product\\\/juustesse-jaetav-niisutav-ja-kaitsev-juuksepalsam-125ml\\\/\",\"url\":\"https:\\\/\\\/hairdeluxe.ee\\\/ru\\\/product\\\/juustesse-jaetav-niisutav-ja-kaitsev-juuksepalsam-125ml\\\/\",\"name\":\"EAU de Capri Juustesse J\u00e4etav Niisutav Ja Kaitsev Juuksepalsam 125ml - Hair Deluxe\",\"isPartOf\":{\"@id\":\"https:\\\/\\\/hairdeluxe.ee\\\/ru\\\/#website\"},\"primaryImageOfPage\":{\"@id\":\"https:\\\/\\\/hairdeluxe.ee\\\/ru\\\/product\\\/juustesse-jaetav-niisutav-ja-kaitsev-juuksepalsam-125ml\\\/#primaryimage\"},\"image\":{\"@id\":\"https:\\\/\\\/hairdeluxe.ee\\\/ru\\\/product\\\/juustesse-jaetav-niisutav-ja-kaitsev-juuksepalsam-125ml\\\/#primaryimage\"},\"thumbnailUrl\":\"https:\\\/\\\/hairdeluxe.ee\\\/wp-content\\\/uploads\\\/2025\\\/05\\\/EAUde1974_PKG_HydrateShield_Leave-inConditioner_125ML_Capri_tube_T1_2000017050.png\",\"datePublished\":\"2025-06-03T05:56:11+00:00\",\"dateModified\":\"2025-11-13T19:03:12+00:00\",\"description\":\"Vabaneda kuivast, kahjustatud juustest on lihtne Hydrate &amp; Shield Leave-in Conditioner\u2019iga. Rikkalik riisi- ja nisuvalkudega, see tugevdab juuksekiudu, samal ajal kui p\u00e4evalille seemne\u00f5li teeb oma antioks\u00fcdantide imet. See kerge koostis hoiab juuksed siidpehmed, l\u00e4ikivad ja kaitstud kuumuse ja l\u00f5henenud otste eest.\",\"breadcrumb\":{\"@id\":\"https:\\\/\\\/hairdeluxe.ee\\\/ru\\\/product\\\/juustesse-jaetav-niisutav-ja-kaitsev-juuksepalsam-125ml\\\/#breadcrumb\"},\"inLanguage\":\"ru-RU\",\"potentialAction\":[{\"@type\":\"ReadAction\",\"target\":[\"https:\\\/\\\/hairdeluxe.ee\\\/ru\\\/product\\\/juustesse-jaetav-niisutav-ja-kaitsev-juuksepalsam-125ml\\\/\"]}]},{\"@type\":\"ImageObject\",\"inLanguage\":\"ru-RU\",\"@id\":\"https:\\\/\\\/hairdeluxe.ee\\\/ru\\\/product\\\/juustesse-jaetav-niisutav-ja-kaitsev-juuksepalsam-125ml\\\/#primaryimage\",\"url\":\"https:\\\/\\\/hairdeluxe.ee\\\/wp-content\\\/uploads\\\/2025\\\/05\\\/EAUde1974_PKG_HydrateShield_Leave-inConditioner_125ML_Capri_tube_T1_2000017050.png\",\"contentUrl\":\"https:\\\/\\\/hairdeluxe.ee\\\/wp-content\\\/uploads\\\/2025\\\/05\\\/EAUde1974_PKG_HydrateShield_Leave-inConditioner_125ML_Capri_tube_T1_2000017050.png\",\"width\":800,\"height\":800},{\"@type\":\"BreadcrumbList\",\"@id\":\"https:\\\/\\\/hairdeluxe.ee\\\/ru\\\/product\\\/juustesse-jaetav-niisutav-ja-kaitsev-juuksepalsam-125ml\\\/#breadcrumb\",\"itemListElement\":[{\"@type\":\"ListItem\",\"position\":1,\"name\":\"Home\",\"item\":\"https:\\\/\\\/hairdeluxe.ee\\\/ru\\\/\"},{\"@type\":\"ListItem\",\"position\":2,\"name\":\"\u041c\u0430\u0433\u0430\u0437\u0438\u043d\",\"item\":\"https:\\\/\\\/hairdeluxe.ee\\\/ru\\\/shop\\\/\"},{\"@type\":\"ListItem\",\"position\":3,\"name\":\"EAU de Capri Juustesse J\u00e4etav Niisutav Ja Kaitsev Juuksepalsam 125ml\"}]},{\"@type\":\"WebSite\",\"@id\":\"https:\\\/\\\/hairdeluxe.ee\\\/ru\\\/#website\",\"url\":\"https:\\\/\\\/hairdeluxe.ee\\\/ru\\\/\",\"name\":\"Hair Deluxe\",\"description\":\"Highlight your natural beauty\",\"publisher\":{\"@id\":\"https:\\\/\\\/hairdeluxe.ee\\\/ru\\\/#organization\"},\"potentialAction\":[{\"@type\":\"SearchAction\",\"target\":{\"@type\":\"EntryPoint\",\"urlTemplate\":\"https:\\\/\\\/hairdeluxe.ee\\\/ru\\\/?s={search_term_string}\"},\"query-input\":{\"@type\":\"PropertyValueSpecification\",\"valueRequired\":true,\"valueName\":\"search_term_string\"}}],\"inLanguage\":\"ru-RU\"},{\"@type\":\"Organization\",\"@id\":\"https:\\\/\\\/hairdeluxe.ee\\\/ru\\\/#organization\",\"name\":\"Hair Deluxe\",\"url\":\"https:\\\/\\\/hairdeluxe.ee\\\/ru\\\/\",\"logo\":{\"@type\":\"ImageObject\",\"inLanguage\":\"ru-RU\",\"@id\":\"https:\\\/\\\/hairdeluxe.ee\\\/ru\\\/#\\\/schema\\\/logo\\\/image\\\/\",\"url\":\"https:\\\/\\\/hairdeluxe.ee\\\/wp-content\\\/uploads\\\/2024\\\/06\\\/Hair-Deluxe-Logo-Dark-font.png\",\"contentUrl\":\"https:\\\/\\\/hairdeluxe.ee\\\/wp-content\\\/uploads\\\/2024\\\/06\\\/Hair-Deluxe-Logo-Dark-font.png\",\"width\":467,\"height\":177,\"caption\":\"Hair Deluxe\"},\"image\":{\"@id\":\"https:\\\/\\\/hairdeluxe.ee\\\/ru\\\/#\\\/schema\\\/logo\\\/image\\\/\"},\"sameAs\":[\"https:\\\/\\\/www.facebook.com\\\/blowbartallinn\",\"https:\\\/\\\/www.instagram.com\\\/blowbar_tallinn\"]}]}<\/script>\n<!-- \/ Yoast SEO plugin. -->","yoast_head_json":{"title":"EAU de Capri Juustesse J\u00e4etav Niisutav Ja Kaitsev Juuksepalsam 125ml - Hair Deluxe","description":"Vabaneda kuivast, kahjustatud juustest on lihtne Hydrate &amp; Shield Leave-in Conditioner\u2019iga. Rikkalik riisi- ja nisuvalkudega, see tugevdab juuksekiudu, samal ajal kui p\u00e4evalille seemne\u00f5li teeb oma antioks\u00fcdantide imet. See kerge koostis hoiab juuksed siidpehmed, l\u00e4ikivad ja kaitstud kuumuse ja l\u00f5henenud otste eest.","robots":{"index":"index","follow":"follow","max-snippet":"max-snippet:-1","max-image-preview":"max-image-preview:large","max-video-preview":"max-video-preview:-1"},"canonical":"https:\/\/hairdeluxe.ee\/ru\/product\/juustesse-jaetav-niisutav-ja-kaitsev-juuksepalsam-125ml\/","og_locale":"ru_RU","og_type":"article","og_title":"EAU de Capri Juustesse J\u00e4etav Niisutav Ja Kaitsev Juuksepalsam 125ml - Hair Deluxe","og_description":"Vabaneda kuivast, kahjustatud juustest on lihtne Hydrate &amp; Shield Leave-in Conditioner\u2019iga. Rikkalik riisi- ja nisuvalkudega, see tugevdab juuksekiudu, samal ajal kui p\u00e4evalille seemne\u00f5li teeb oma antioks\u00fcdantide imet. See kerge koostis hoiab juuksed siidpehmed, l\u00e4ikivad ja kaitstud kuumuse ja l\u00f5henenud otste eest.","og_url":"https:\/\/hairdeluxe.ee\/ru\/product\/juustesse-jaetav-niisutav-ja-kaitsev-juuksepalsam-125ml\/","og_site_name":"Hair Deluxe","article_publisher":"https:\/\/www.facebook.com\/blowbartallinn","article_modified_time":"2025-11-13T19:03:12+00:00","og_image":[{"width":800,"height":800,"url":"https:\/\/hairdeluxe.ee\/wp-content\/uploads\/2025\/05\/EAUde1974_PKG_HydrateShield_Leave-inConditioner_125ML_Capri_tube_T1_2000017050.png","type":"image\/png"}],"twitter_card":"summary_large_image","twitter_misc":{"\u041f\u0440\u0438\u043c\u0435\u0440\u043d\u043e\u0435 \u0432\u0440\u0435\u043c\u044f \u0434\u043b\u044f \u0447\u0442\u0435\u043d\u0438\u044f":"1 \u043c\u0438\u043d\u0443\u0442\u0430"},"schema":{"@context":"https:\/\/schema.org","@graph":[{"@type":"WebPage","@id":"https:\/\/hairdeluxe.ee\/ru\/product\/juustesse-jaetav-niisutav-ja-kaitsev-juuksepalsam-125ml\/","url":"https:\/\/hairdeluxe.ee\/ru\/product\/juustesse-jaetav-niisutav-ja-kaitsev-juuksepalsam-125ml\/","name":"EAU de Capri Juustesse J\u00e4etav Niisutav Ja Kaitsev Juuksepalsam 125ml - Hair Deluxe","isPartOf":{"@id":"https:\/\/hairdeluxe.ee\/ru\/#website"},"primaryImageOfPage":{"@id":"https:\/\/hairdeluxe.ee\/ru\/product\/juustesse-jaetav-niisutav-ja-kaitsev-juuksepalsam-125ml\/#primaryimage"},"image":{"@id":"https:\/\/hairdeluxe.ee\/ru\/product\/juustesse-jaetav-niisutav-ja-kaitsev-juuksepalsam-125ml\/#primaryimage"},"thumbnailUrl":"https:\/\/hairdeluxe.ee\/wp-content\/uploads\/2025\/05\/EAUde1974_PKG_HydrateShield_Leave-inConditioner_125ML_Capri_tube_T1_2000017050.png","datePublished":"2025-06-03T05:56:11+00:00","dateModified":"2025-11-13T19:03:12+00:00","description":"Vabaneda kuivast, kahjustatud juustest on lihtne Hydrate &amp; Shield Leave-in Conditioner\u2019iga. Rikkalik riisi- ja nisuvalkudega, see tugevdab juuksekiudu, samal ajal kui p\u00e4evalille seemne\u00f5li teeb oma antioks\u00fcdantide imet. See kerge koostis hoiab juuksed siidpehmed, l\u00e4ikivad ja kaitstud kuumuse ja l\u00f5henenud otste eest.","breadcrumb":{"@id":"https:\/\/hairdeluxe.ee\/ru\/product\/juustesse-jaetav-niisutav-ja-kaitsev-juuksepalsam-125ml\/#breadcrumb"},"inLanguage":"ru-RU","potentialAction":[{"@type":"ReadAction","target":["https:\/\/hairdeluxe.ee\/ru\/product\/juustesse-jaetav-niisutav-ja-kaitsev-juuksepalsam-125ml\/"]}]},{"@type":"ImageObject","inLanguage":"ru-RU","@id":"https:\/\/hairdeluxe.ee\/ru\/product\/juustesse-jaetav-niisutav-ja-kaitsev-juuksepalsam-125ml\/#primaryimage","url":"https:\/\/hairdeluxe.ee\/wp-content\/uploads\/2025\/05\/EAUde1974_PKG_HydrateShield_Leave-inConditioner_125ML_Capri_tube_T1_2000017050.png","contentUrl":"https:\/\/hairdeluxe.ee\/wp-content\/uploads\/2025\/05\/EAUde1974_PKG_HydrateShield_Leave-inConditioner_125ML_Capri_tube_T1_2000017050.png","width":800,"height":800},{"@type":"BreadcrumbList","@id":"https:\/\/hairdeluxe.ee\/ru\/product\/juustesse-jaetav-niisutav-ja-kaitsev-juuksepalsam-125ml\/#breadcrumb","itemListElement":[{"@type":"ListItem","position":1,"name":"Home","item":"https:\/\/hairdeluxe.ee\/ru\/"},{"@type":"ListItem","position":2,"name":"\u041c\u0430\u0433\u0430\u0437\u0438\u043d","item":"https:\/\/hairdeluxe.ee\/ru\/shop\/"},{"@type":"ListItem","position":3,"name":"EAU de Capri Juustesse J\u00e4etav Niisutav Ja Kaitsev Juuksepalsam 125ml"}]},{"@type":"WebSite","@id":"https:\/\/hairdeluxe.ee\/ru\/#website","url":"https:\/\/hairdeluxe.ee\/ru\/","name":"Hair Deluxe","description":"Highlight your natural beauty","publisher":{"@id":"https:\/\/hairdeluxe.ee\/ru\/#organization"},"potentialAction":[{"@type":"SearchAction","target":{"@type":"EntryPoint","urlTemplate":"https:\/\/hairdeluxe.ee\/ru\/?s={search_term_string}"},"query-input":{"@type":"PropertyValueSpecification","valueRequired":true,"valueName":"search_term_string"}}],"inLanguage":"ru-RU"},{"@type":"Organization","@id":"https:\/\/hairdeluxe.ee\/ru\/#organization","name":"Hair Deluxe","url":"https:\/\/hairdeluxe.ee\/ru\/","logo":{"@type":"ImageObject","inLanguage":"ru-RU","@id":"https:\/\/hairdeluxe.ee\/ru\/#\/schema\/logo\/image\/","url":"https:\/\/hairdeluxe.ee\/wp-content\/uploads\/2024\/06\/Hair-Deluxe-Logo-Dark-font.png","contentUrl":"https:\/\/hairdeluxe.ee\/wp-content\/uploads\/2024\/06\/Hair-Deluxe-Logo-Dark-font.png","width":467,"height":177,"caption":"Hair Deluxe"},"image":{"@id":"https:\/\/hairdeluxe.ee\/ru\/#\/schema\/logo\/image\/"},"sameAs":["https:\/\/www.facebook.com\/blowbartallinn","https:\/\/www.instagram.com\/blowbar_tallinn"]}]}},"_links":{"self":[{"href":"https:\/\/hairdeluxe.ee\/ru\/wp-json\/wp\/v2\/product\/51918","targetHints":{"allow":["GET"]}}],"collection":[{"href":"https:\/\/hairdeluxe.ee\/ru\/wp-json\/wp\/v2\/product"}],"about":[{"href":"https:\/\/hairdeluxe.ee\/ru\/wp-json\/wp\/v2\/types\/product"}],"wp:featuredmedia":[{"embeddable":true,"href":"https:\/\/hairdeluxe.ee\/ru\/wp-json\/wp\/v2\/media\/51756"}],"wp:attachment":[{"href":"https:\/\/hairdeluxe.ee\/ru\/wp-json\/wp\/v2\/media?parent=51918"}],"wp:term":[{"taxonomy":"product_brand","embeddable":true,"href":"https:\/\/hairdeluxe.ee\/ru\/wp-json\/wp\/v2\/product_brand?post=51918"},{"taxonomy":"product_cat","embeddable":true,"href":"https:\/\/hairdeluxe.ee\/ru\/wp-json\/wp\/v2\/product_cat?post=51918"},{"taxonomy":"product_tag","embeddable":true,"href":"https:\/\/hairdeluxe.ee\/ru\/wp-json\/wp\/v2\/product_tag?post=51918"}],"curies":[{"name":"wp","href":"https:\/\/api.w.org\/{rel}","templated":true}]}}