{"id":51923,"date":"2025-05-21T05:56:11","date_gmt":"2025-05-21T05:56:11","guid":{"rendered":"https:\/\/hairdeluxe.ee\/?post_type=product&#038;p=51923"},"modified":"2025-11-13T19:24:27","modified_gmt":"2025-11-13T19:24:27","slug":"juukseparfuum-50ml","status":"publish","type":"product","link":"https:\/\/hairdeluxe.ee\/ru\/product\/juukseparfuum-50ml\/","title":{"rendered":"EAU de Santorini Juukseparf\u00fc\u00fcm 50ml"},"content":{"rendered":"<p>The fragrance opens with a blend of lemon, juniper berries and a dash of black pepper. This aromatic fusion awakens the senses with its spicy warmth, recalling a sun-drenched afternoon in on the beaches of Santorini. As the heart unfolds, notes of orris butter and floral notes intertwine to create a tantalizing bouquet of sensuality and allure. Finally, the base notes of vetiver, cashmere, vanilla and white musk envelop you in a luxurious embrace, leaving a lasting impression of sophistication and refinement.<\/p>\n","protected":false},"excerpt":{"rendered":"<p>Enveloped in the allure of Santorini, this hair perfume evokes visions of the characteristic buildings on the cliffsides, overlooking the endless expanse of the Aegean Sea. Close your eyes and inhale the essence of bougainvillea blossoms and freshly harvested olives, carried on the gentle sea breeze. Picture yourself wandering through narrow cobblestone streets adorned with vibrant, blue-domed churches, basking in the warmth of the Mediterranean sun. EAU de Santorini captures the essence of island romance, blending a sense of serenity with the vibrancy and the breathtaking beauty of the island.<\/p>\n","protected":false},"featured_media":51716,"template":"","meta":[],"product_brand":[465],"product_cat":[469,475,192],"product_tag":[472],"class_list":{"0":"post-51923","1":"product","2":"type-product","3":"status-publish","4":"has-post-thumbnail","6":"product_brand-eaude1974","7":"product_cat-eau-de-santorini","8":"product_cat-eaude1974","9":"product_cat-uued-tooted","10":"product_tag-juukseparfuum","12":"first","13":"instock","14":"taxable","15":"shipping-taxable","16":"purchasable","17":"product-type-simple","18":"add-to-wishlist-after_add_to_cart"},"yoast_head":"<!-- This site is optimized with the Yoast SEO plugin v27.5 - https:\/\/yoast.com\/product\/yoast-seo-wordpress\/ -->\n<title>EAU de Santorini Juukseparf\u00fc\u00fcm 50ml - Hair Deluxe<\/title>\n<meta name=\"description\" content=\"Santorini lummusesse m\u00e4hkunud, see juuksel\u00f5hn valmistab ette kujutluspilte iseloomulikest hoonetest kaljuservadel, kust avaneb l\u00f5putu vaade Egeuse merele. Sulge silmad ja inhaleeri bougainvillea \u00f5ite ja v\u00e4rskelt korjatud oliivide essentsi, mis kannavad endas \u00f5rna meretuule h\u00f5ngu.\" \/>\n<meta name=\"robots\" content=\"index, follow, max-snippet:-1, max-image-preview:large, max-video-preview:-1\" \/>\n<link rel=\"canonical\" href=\"https:\/\/hairdeluxe.ee\/ru\/product\/juukseparfuum-50ml\/\" \/>\n<meta property=\"og:locale\" content=\"ru_RU\" \/>\n<meta property=\"og:type\" content=\"article\" \/>\n<meta property=\"og:title\" content=\"EAU de Santorini Juukseparf\u00fc\u00fcm 50ml - Hair Deluxe\" \/>\n<meta property=\"og:description\" content=\"Santorini lummusesse m\u00e4hkunud, see juuksel\u00f5hn valmistab ette kujutluspilte iseloomulikest hoonetest kaljuservadel, kust avaneb l\u00f5putu vaade Egeuse merele. Sulge silmad ja inhaleeri bougainvillea \u00f5ite ja v\u00e4rskelt korjatud oliivide essentsi, mis kannavad endas \u00f5rna meretuule h\u00f5ngu.\" \/>\n<meta property=\"og:url\" content=\"https:\/\/hairdeluxe.ee\/ru\/product\/juukseparfuum-50ml\/\" \/>\n<meta property=\"og:site_name\" content=\"Hair Deluxe\" \/>\n<meta property=\"article:publisher\" content=\"https:\/\/www.facebook.com\/blowbartallinn\" \/>\n<meta property=\"article:modified_time\" content=\"2025-11-13T19:24:27+00:00\" \/>\n<meta property=\"og:image\" content=\"https:\/\/hairdeluxe.ee\/wp-content\/uploads\/2025\/05\/EAUde1974_CS_HairPerfume_50ml_Santorini_Bottle_01_2000001030_01_800x800.jpg\" \/>\n\t<meta property=\"og:image:width\" content=\"800\" \/>\n\t<meta property=\"og:image:height\" content=\"800\" \/>\n\t<meta property=\"og:image:type\" content=\"image\/jpeg\" \/>\n<meta name=\"twitter:card\" content=\"summary_large_image\" \/>\n<meta name=\"twitter:label1\" content=\"\u041f\u0440\u0438\u043c\u0435\u0440\u043d\u043e\u0435 \u0432\u0440\u0435\u043c\u044f \u0434\u043b\u044f \u0447\u0442\u0435\u043d\u0438\u044f\" \/>\n\t<meta name=\"twitter:data1\" content=\"1 \u043c\u0438\u043d\u0443\u0442\u0430\" \/>\n<script type=\"application\/ld+json\" class=\"yoast-schema-graph\">{\"@context\":\"https:\\\/\\\/schema.org\",\"@graph\":[{\"@type\":\"WebPage\",\"@id\":\"https:\\\/\\\/hairdeluxe.ee\\\/ru\\\/product\\\/juukseparfuum-50ml\\\/\",\"url\":\"https:\\\/\\\/hairdeluxe.ee\\\/ru\\\/product\\\/juukseparfuum-50ml\\\/\",\"name\":\"EAU de Santorini Juukseparf\u00fc\u00fcm 50ml - Hair Deluxe\",\"isPartOf\":{\"@id\":\"https:\\\/\\\/hairdeluxe.ee\\\/ru\\\/#website\"},\"primaryImageOfPage\":{\"@id\":\"https:\\\/\\\/hairdeluxe.ee\\\/ru\\\/product\\\/juukseparfuum-50ml\\\/#primaryimage\"},\"image\":{\"@id\":\"https:\\\/\\\/hairdeluxe.ee\\\/ru\\\/product\\\/juukseparfuum-50ml\\\/#primaryimage\"},\"thumbnailUrl\":\"https:\\\/\\\/hairdeluxe.ee\\\/wp-content\\\/uploads\\\/2025\\\/05\\\/EAUde1974_CS_HairPerfume_50ml_Santorini_Bottle_01_2000001030_01_800x800.jpg\",\"datePublished\":\"2025-05-21T05:56:11+00:00\",\"dateModified\":\"2025-11-13T19:24:27+00:00\",\"description\":\"Santorini lummusesse m\u00e4hkunud, see juuksel\u00f5hn valmistab ette kujutluspilte iseloomulikest hoonetest kaljuservadel, kust avaneb l\u00f5putu vaade Egeuse merele. Sulge silmad ja inhaleeri bougainvillea \u00f5ite ja v\u00e4rskelt korjatud oliivide essentsi, mis kannavad endas \u00f5rna meretuule h\u00f5ngu.\",\"breadcrumb\":{\"@id\":\"https:\\\/\\\/hairdeluxe.ee\\\/ru\\\/product\\\/juukseparfuum-50ml\\\/#breadcrumb\"},\"inLanguage\":\"ru-RU\",\"potentialAction\":[{\"@type\":\"ReadAction\",\"target\":[\"https:\\\/\\\/hairdeluxe.ee\\\/ru\\\/product\\\/juukseparfuum-50ml\\\/\"]}]},{\"@type\":\"ImageObject\",\"inLanguage\":\"ru-RU\",\"@id\":\"https:\\\/\\\/hairdeluxe.ee\\\/ru\\\/product\\\/juukseparfuum-50ml\\\/#primaryimage\",\"url\":\"https:\\\/\\\/hairdeluxe.ee\\\/wp-content\\\/uploads\\\/2025\\\/05\\\/EAUde1974_CS_HairPerfume_50ml_Santorini_Bottle_01_2000001030_01_800x800.jpg\",\"contentUrl\":\"https:\\\/\\\/hairdeluxe.ee\\\/wp-content\\\/uploads\\\/2025\\\/05\\\/EAUde1974_CS_HairPerfume_50ml_Santorini_Bottle_01_2000001030_01_800x800.jpg\",\"width\":800,\"height\":800},{\"@type\":\"BreadcrumbList\",\"@id\":\"https:\\\/\\\/hairdeluxe.ee\\\/ru\\\/product\\\/juukseparfuum-50ml\\\/#breadcrumb\",\"itemListElement\":[{\"@type\":\"ListItem\",\"position\":1,\"name\":\"Home\",\"item\":\"https:\\\/\\\/hairdeluxe.ee\\\/ru\\\/\"},{\"@type\":\"ListItem\",\"position\":2,\"name\":\"\u041c\u0430\u0433\u0430\u0437\u0438\u043d\",\"item\":\"https:\\\/\\\/hairdeluxe.ee\\\/ru\\\/shop\\\/\"},{\"@type\":\"ListItem\",\"position\":3,\"name\":\"EAU de Santorini Juukseparf\u00fc\u00fcm 50ml\"}]},{\"@type\":\"WebSite\",\"@id\":\"https:\\\/\\\/hairdeluxe.ee\\\/ru\\\/#website\",\"url\":\"https:\\\/\\\/hairdeluxe.ee\\\/ru\\\/\",\"name\":\"Hair Deluxe\",\"description\":\"Highlight your natural beauty\",\"publisher\":{\"@id\":\"https:\\\/\\\/hairdeluxe.ee\\\/ru\\\/#organization\"},\"potentialAction\":[{\"@type\":\"SearchAction\",\"target\":{\"@type\":\"EntryPoint\",\"urlTemplate\":\"https:\\\/\\\/hairdeluxe.ee\\\/ru\\\/?s={search_term_string}\"},\"query-input\":{\"@type\":\"PropertyValueSpecification\",\"valueRequired\":true,\"valueName\":\"search_term_string\"}}],\"inLanguage\":\"ru-RU\"},{\"@type\":\"Organization\",\"@id\":\"https:\\\/\\\/hairdeluxe.ee\\\/ru\\\/#organization\",\"name\":\"Hair Deluxe\",\"url\":\"https:\\\/\\\/hairdeluxe.ee\\\/ru\\\/\",\"logo\":{\"@type\":\"ImageObject\",\"inLanguage\":\"ru-RU\",\"@id\":\"https:\\\/\\\/hairdeluxe.ee\\\/ru\\\/#\\\/schema\\\/logo\\\/image\\\/\",\"url\":\"https:\\\/\\\/hairdeluxe.ee\\\/wp-content\\\/uploads\\\/2024\\\/06\\\/Hair-Deluxe-Logo-Dark-font.png\",\"contentUrl\":\"https:\\\/\\\/hairdeluxe.ee\\\/wp-content\\\/uploads\\\/2024\\\/06\\\/Hair-Deluxe-Logo-Dark-font.png\",\"width\":467,\"height\":177,\"caption\":\"Hair Deluxe\"},\"image\":{\"@id\":\"https:\\\/\\\/hairdeluxe.ee\\\/ru\\\/#\\\/schema\\\/logo\\\/image\\\/\"},\"sameAs\":[\"https:\\\/\\\/www.facebook.com\\\/blowbartallinn\",\"https:\\\/\\\/www.instagram.com\\\/blowbar_tallinn\"]}]}<\/script>\n<!-- \/ Yoast SEO plugin. -->","yoast_head_json":{"title":"EAU de Santorini Juukseparf\u00fc\u00fcm 50ml - Hair Deluxe","description":"Santorini lummusesse m\u00e4hkunud, see juuksel\u00f5hn valmistab ette kujutluspilte iseloomulikest hoonetest kaljuservadel, kust avaneb l\u00f5putu vaade Egeuse merele. Sulge silmad ja inhaleeri bougainvillea \u00f5ite ja v\u00e4rskelt korjatud oliivide essentsi, mis kannavad endas \u00f5rna meretuule h\u00f5ngu.","robots":{"index":"index","follow":"follow","max-snippet":"max-snippet:-1","max-image-preview":"max-image-preview:large","max-video-preview":"max-video-preview:-1"},"canonical":"https:\/\/hairdeluxe.ee\/ru\/product\/juukseparfuum-50ml\/","og_locale":"ru_RU","og_type":"article","og_title":"EAU de Santorini Juukseparf\u00fc\u00fcm 50ml - Hair Deluxe","og_description":"Santorini lummusesse m\u00e4hkunud, see juuksel\u00f5hn valmistab ette kujutluspilte iseloomulikest hoonetest kaljuservadel, kust avaneb l\u00f5putu vaade Egeuse merele. Sulge silmad ja inhaleeri bougainvillea \u00f5ite ja v\u00e4rskelt korjatud oliivide essentsi, mis kannavad endas \u00f5rna meretuule h\u00f5ngu.","og_url":"https:\/\/hairdeluxe.ee\/ru\/product\/juukseparfuum-50ml\/","og_site_name":"Hair Deluxe","article_publisher":"https:\/\/www.facebook.com\/blowbartallinn","article_modified_time":"2025-11-13T19:24:27+00:00","og_image":[{"width":800,"height":800,"url":"https:\/\/hairdeluxe.ee\/wp-content\/uploads\/2025\/05\/EAUde1974_CS_HairPerfume_50ml_Santorini_Bottle_01_2000001030_01_800x800.jpg","type":"image\/jpeg"}],"twitter_card":"summary_large_image","twitter_misc":{"\u041f\u0440\u0438\u043c\u0435\u0440\u043d\u043e\u0435 \u0432\u0440\u0435\u043c\u044f \u0434\u043b\u044f \u0447\u0442\u0435\u043d\u0438\u044f":"1 \u043c\u0438\u043d\u0443\u0442\u0430"},"schema":{"@context":"https:\/\/schema.org","@graph":[{"@type":"WebPage","@id":"https:\/\/hairdeluxe.ee\/ru\/product\/juukseparfuum-50ml\/","url":"https:\/\/hairdeluxe.ee\/ru\/product\/juukseparfuum-50ml\/","name":"EAU de Santorini Juukseparf\u00fc\u00fcm 50ml - Hair Deluxe","isPartOf":{"@id":"https:\/\/hairdeluxe.ee\/ru\/#website"},"primaryImageOfPage":{"@id":"https:\/\/hairdeluxe.ee\/ru\/product\/juukseparfuum-50ml\/#primaryimage"},"image":{"@id":"https:\/\/hairdeluxe.ee\/ru\/product\/juukseparfuum-50ml\/#primaryimage"},"thumbnailUrl":"https:\/\/hairdeluxe.ee\/wp-content\/uploads\/2025\/05\/EAUde1974_CS_HairPerfume_50ml_Santorini_Bottle_01_2000001030_01_800x800.jpg","datePublished":"2025-05-21T05:56:11+00:00","dateModified":"2025-11-13T19:24:27+00:00","description":"Santorini lummusesse m\u00e4hkunud, see juuksel\u00f5hn valmistab ette kujutluspilte iseloomulikest hoonetest kaljuservadel, kust avaneb l\u00f5putu vaade Egeuse merele. Sulge silmad ja inhaleeri bougainvillea \u00f5ite ja v\u00e4rskelt korjatud oliivide essentsi, mis kannavad endas \u00f5rna meretuule h\u00f5ngu.","breadcrumb":{"@id":"https:\/\/hairdeluxe.ee\/ru\/product\/juukseparfuum-50ml\/#breadcrumb"},"inLanguage":"ru-RU","potentialAction":[{"@type":"ReadAction","target":["https:\/\/hairdeluxe.ee\/ru\/product\/juukseparfuum-50ml\/"]}]},{"@type":"ImageObject","inLanguage":"ru-RU","@id":"https:\/\/hairdeluxe.ee\/ru\/product\/juukseparfuum-50ml\/#primaryimage","url":"https:\/\/hairdeluxe.ee\/wp-content\/uploads\/2025\/05\/EAUde1974_CS_HairPerfume_50ml_Santorini_Bottle_01_2000001030_01_800x800.jpg","contentUrl":"https:\/\/hairdeluxe.ee\/wp-content\/uploads\/2025\/05\/EAUde1974_CS_HairPerfume_50ml_Santorini_Bottle_01_2000001030_01_800x800.jpg","width":800,"height":800},{"@type":"BreadcrumbList","@id":"https:\/\/hairdeluxe.ee\/ru\/product\/juukseparfuum-50ml\/#breadcrumb","itemListElement":[{"@type":"ListItem","position":1,"name":"Home","item":"https:\/\/hairdeluxe.ee\/ru\/"},{"@type":"ListItem","position":2,"name":"\u041c\u0430\u0433\u0430\u0437\u0438\u043d","item":"https:\/\/hairdeluxe.ee\/ru\/shop\/"},{"@type":"ListItem","position":3,"name":"EAU de Santorini Juukseparf\u00fc\u00fcm 50ml"}]},{"@type":"WebSite","@id":"https:\/\/hairdeluxe.ee\/ru\/#website","url":"https:\/\/hairdeluxe.ee\/ru\/","name":"Hair Deluxe","description":"Highlight your natural beauty","publisher":{"@id":"https:\/\/hairdeluxe.ee\/ru\/#organization"},"potentialAction":[{"@type":"SearchAction","target":{"@type":"EntryPoint","urlTemplate":"https:\/\/hairdeluxe.ee\/ru\/?s={search_term_string}"},"query-input":{"@type":"PropertyValueSpecification","valueRequired":true,"valueName":"search_term_string"}}],"inLanguage":"ru-RU"},{"@type":"Organization","@id":"https:\/\/hairdeluxe.ee\/ru\/#organization","name":"Hair Deluxe","url":"https:\/\/hairdeluxe.ee\/ru\/","logo":{"@type":"ImageObject","inLanguage":"ru-RU","@id":"https:\/\/hairdeluxe.ee\/ru\/#\/schema\/logo\/image\/","url":"https:\/\/hairdeluxe.ee\/wp-content\/uploads\/2024\/06\/Hair-Deluxe-Logo-Dark-font.png","contentUrl":"https:\/\/hairdeluxe.ee\/wp-content\/uploads\/2024\/06\/Hair-Deluxe-Logo-Dark-font.png","width":467,"height":177,"caption":"Hair Deluxe"},"image":{"@id":"https:\/\/hairdeluxe.ee\/ru\/#\/schema\/logo\/image\/"},"sameAs":["https:\/\/www.facebook.com\/blowbartallinn","https:\/\/www.instagram.com\/blowbar_tallinn"]}]}},"_links":{"self":[{"href":"https:\/\/hairdeluxe.ee\/ru\/wp-json\/wp\/v2\/product\/51923","targetHints":{"allow":["GET"]}}],"collection":[{"href":"https:\/\/hairdeluxe.ee\/ru\/wp-json\/wp\/v2\/product"}],"about":[{"href":"https:\/\/hairdeluxe.ee\/ru\/wp-json\/wp\/v2\/types\/product"}],"wp:featuredmedia":[{"embeddable":true,"href":"https:\/\/hairdeluxe.ee\/ru\/wp-json\/wp\/v2\/media\/51716"}],"wp:attachment":[{"href":"https:\/\/hairdeluxe.ee\/ru\/wp-json\/wp\/v2\/media?parent=51923"}],"wp:term":[{"taxonomy":"product_brand","embeddable":true,"href":"https:\/\/hairdeluxe.ee\/ru\/wp-json\/wp\/v2\/product_brand?post=51923"},{"taxonomy":"product_cat","embeddable":true,"href":"https:\/\/hairdeluxe.ee\/ru\/wp-json\/wp\/v2\/product_cat?post=51923"},{"taxonomy":"product_tag","embeddable":true,"href":"https:\/\/hairdeluxe.ee\/ru\/wp-json\/wp\/v2\/product_tag?post=51923"}],"curies":[{"name":"wp","href":"https:\/\/api.w.org\/{rel}","templated":true}]}}