{"id":51927,"date":"2025-06-02T05:56:10","date_gmt":"2025-06-02T05:56:10","guid":{"rendered":"https:\/\/hairdeluxe.ee\/?post_type=product&#038;p=51927"},"modified":"2025-11-13T19:11:44","modified_gmt":"2025-11-13T19:11:44","slug":"hyaluronic-glow-kehakreem-200ml","status":"publish","type":"product","link":"https:\/\/hairdeluxe.ee\/ru\/product\/hyaluronic-glow-kehakreem-200ml\/","title":{"rendered":"EAU de Capri Hyaluronic Glow \u200bkehakreem 200ml"},"content":{"rendered":"<p>Hoolitse oma naha eest Hyaluronic Glow kehakreemiga, mis on sinu usaldusv\u00e4\u00e4rne abimees nahale niisutuse ja kaitse tagamisel. H\u00fcaluroonhape lukustab niiskuse nahka ja hoiab naha elastse ja v\u00e4rskena, samal ajal kui sheav\u00f5i, mis saadakse Aafrika puu p\u00e4hklitest, pakub kaitset ja nahka pehmendavaid omadusi. Sheav\u00f5i toimib loodusliku rakkude taastajana, kaitstes \u00f5rna nahka keskkonnakahjustuste eest ning ennetades vananemist, nahapragusid ja -kuivust.<\/p>\n<p>Kerge, mittekleepuv kreemi tekstuur imendub kiiresti, muutes naha s\u00e4ravaks, siledaks ja kergelt l\u00f5hnastatud. Sobib igale nahat\u00fc\u00fcbile, see kreem on ideaalne viis, kuidas iga p\u00e4ev oma nahale niisututatust ja taastamist anda.<\/p>\n","protected":false},"excerpt":{"rendered":"<p>Kas teie nahk on kuiv? See kerge koostisega kehakreem, sisaldab nahka s\u00fcgavuti niisutavat h\u00fcaluroonhapet ja sheav\u00f5id, on t\u00e4iuslik lahendus teie nahale! Sobib igale nahat\u00fc\u00fcbile, niisutab, suurendab naha elastsust ja j\u00e4tab naha pehmeks ja elastseks.<\/p>\n","protected":false},"featured_media":51740,"template":"","meta":[],"product_brand":[465],"product_cat":[467,475,192],"product_tag":[473],"class_list":{"0":"post-51927","1":"product","2":"type-product","3":"status-publish","4":"has-post-thumbnail","6":"product_brand-eaude1974","7":"product_cat-eau-de-capri","8":"product_cat-eaude1974","9":"product_cat-uued-tooted","10":"product_tag-body-care","12":"first","13":"instock","14":"taxable","15":"shipping-taxable","16":"purchasable","17":"product-type-simple","18":"add-to-wishlist-after_add_to_cart"},"yoast_head":"<!-- This site is optimized with the Yoast SEO plugin v27.4 - https:\/\/yoast.com\/product\/yoast-seo-wordpress\/ -->\n<title>EAU de Capri Hyaluronic Glow \u200bkehakreem 200ml - Hair Deluxe<\/title>\n<meta name=\"description\" content=\"Kas teie nahk on kuiv? See kerge koostisega kehakreem, sisaldab nahka s\u00fcgavuti niisutavat h\u00fcaluroonhapet ja sheav\u00f5id, on t\u00e4iuslik lahendus teie nahale!\" \/>\n<meta name=\"robots\" content=\"index, follow, max-snippet:-1, max-image-preview:large, max-video-preview:-1\" \/>\n<link rel=\"canonical\" href=\"https:\/\/hairdeluxe.ee\/ru\/product\/hyaluronic-glow-kehakreem-200ml\/\" \/>\n<meta property=\"og:locale\" content=\"ru_RU\" \/>\n<meta property=\"og:type\" content=\"article\" \/>\n<meta property=\"og:title\" content=\"EAU de Capri Hyaluronic Glow \u200bkehakreem 200ml - Hair Deluxe\" \/>\n<meta property=\"og:description\" content=\"Kas teie nahk on kuiv? See kerge koostisega kehakreem, sisaldab nahka s\u00fcgavuti niisutavat h\u00fcaluroonhapet ja sheav\u00f5id, on t\u00e4iuslik lahendus teie nahale!\" \/>\n<meta property=\"og:url\" content=\"https:\/\/hairdeluxe.ee\/ru\/product\/hyaluronic-glow-kehakreem-200ml\/\" \/>\n<meta property=\"og:site_name\" content=\"Hair Deluxe\" \/>\n<meta property=\"article:publisher\" content=\"https:\/\/www.facebook.com\/blowbartallinn\" \/>\n<meta property=\"article:modified_time\" content=\"2025-11-13T19:11:44+00:00\" \/>\n<meta property=\"og:image\" content=\"https:\/\/hairdeluxe.ee\/wp-content\/uploads\/2025\/05\/EAUde1974_PKG_BEAUTY_Hyaluronic_Glow_Bodylotion_200ML_Capri_tube_T1_2030000030.png\" \/>\n\t<meta property=\"og:image:width\" content=\"800\" \/>\n\t<meta property=\"og:image:height\" content=\"800\" \/>\n\t<meta property=\"og:image:type\" content=\"image\/png\" \/>\n<meta name=\"twitter:card\" content=\"summary_large_image\" \/>\n<meta name=\"twitter:label1\" content=\"\u041f\u0440\u0438\u043c\u0435\u0440\u043d\u043e\u0435 \u0432\u0440\u0435\u043c\u044f \u0434\u043b\u044f \u0447\u0442\u0435\u043d\u0438\u044f\" \/>\n\t<meta name=\"twitter:data1\" content=\"1 \u043c\u0438\u043d\u0443\u0442\u0430\" \/>\n<script type=\"application\/ld+json\" class=\"yoast-schema-graph\">{\"@context\":\"https:\\\/\\\/schema.org\",\"@graph\":[{\"@type\":\"WebPage\",\"@id\":\"https:\\\/\\\/hairdeluxe.ee\\\/ru\\\/product\\\/hyaluronic-glow-kehakreem-200ml\\\/\",\"url\":\"https:\\\/\\\/hairdeluxe.ee\\\/ru\\\/product\\\/hyaluronic-glow-kehakreem-200ml\\\/\",\"name\":\"EAU de Capri Hyaluronic Glow \u200bkehakreem 200ml - Hair Deluxe\",\"isPartOf\":{\"@id\":\"https:\\\/\\\/hairdeluxe.ee\\\/ru\\\/#website\"},\"primaryImageOfPage\":{\"@id\":\"https:\\\/\\\/hairdeluxe.ee\\\/ru\\\/product\\\/hyaluronic-glow-kehakreem-200ml\\\/#primaryimage\"},\"image\":{\"@id\":\"https:\\\/\\\/hairdeluxe.ee\\\/ru\\\/product\\\/hyaluronic-glow-kehakreem-200ml\\\/#primaryimage\"},\"thumbnailUrl\":\"https:\\\/\\\/hairdeluxe.ee\\\/wp-content\\\/uploads\\\/2025\\\/05\\\/EAUde1974_PKG_BEAUTY_Hyaluronic_Glow_Bodylotion_200ML_Capri_tube_T1_2030000030.png\",\"datePublished\":\"2025-06-02T05:56:10+00:00\",\"dateModified\":\"2025-11-13T19:11:44+00:00\",\"description\":\"Kas teie nahk on kuiv? See kerge koostisega kehakreem, sisaldab nahka s\u00fcgavuti niisutavat h\u00fcaluroonhapet ja sheav\u00f5id, on t\u00e4iuslik lahendus teie nahale!\",\"breadcrumb\":{\"@id\":\"https:\\\/\\\/hairdeluxe.ee\\\/ru\\\/product\\\/hyaluronic-glow-kehakreem-200ml\\\/#breadcrumb\"},\"inLanguage\":\"ru-RU\",\"potentialAction\":[{\"@type\":\"ReadAction\",\"target\":[\"https:\\\/\\\/hairdeluxe.ee\\\/ru\\\/product\\\/hyaluronic-glow-kehakreem-200ml\\\/\"]}]},{\"@type\":\"ImageObject\",\"inLanguage\":\"ru-RU\",\"@id\":\"https:\\\/\\\/hairdeluxe.ee\\\/ru\\\/product\\\/hyaluronic-glow-kehakreem-200ml\\\/#primaryimage\",\"url\":\"https:\\\/\\\/hairdeluxe.ee\\\/wp-content\\\/uploads\\\/2025\\\/05\\\/EAUde1974_PKG_BEAUTY_Hyaluronic_Glow_Bodylotion_200ML_Capri_tube_T1_2030000030.png\",\"contentUrl\":\"https:\\\/\\\/hairdeluxe.ee\\\/wp-content\\\/uploads\\\/2025\\\/05\\\/EAUde1974_PKG_BEAUTY_Hyaluronic_Glow_Bodylotion_200ML_Capri_tube_T1_2030000030.png\",\"width\":800,\"height\":800},{\"@type\":\"BreadcrumbList\",\"@id\":\"https:\\\/\\\/hairdeluxe.ee\\\/ru\\\/product\\\/hyaluronic-glow-kehakreem-200ml\\\/#breadcrumb\",\"itemListElement\":[{\"@type\":\"ListItem\",\"position\":1,\"name\":\"Home\",\"item\":\"https:\\\/\\\/hairdeluxe.ee\\\/ru\\\/\"},{\"@type\":\"ListItem\",\"position\":2,\"name\":\"\u041c\u0430\u0433\u0430\u0437\u0438\u043d\",\"item\":\"https:\\\/\\\/hairdeluxe.ee\\\/ru\\\/shop\\\/\"},{\"@type\":\"ListItem\",\"position\":3,\"name\":\"EAU de Capri Hyaluronic Glow \u200bkehakreem 200ml\"}]},{\"@type\":\"WebSite\",\"@id\":\"https:\\\/\\\/hairdeluxe.ee\\\/ru\\\/#website\",\"url\":\"https:\\\/\\\/hairdeluxe.ee\\\/ru\\\/\",\"name\":\"Hair Deluxe\",\"description\":\"Highlight your natural beauty\",\"publisher\":{\"@id\":\"https:\\\/\\\/hairdeluxe.ee\\\/ru\\\/#organization\"},\"potentialAction\":[{\"@type\":\"SearchAction\",\"target\":{\"@type\":\"EntryPoint\",\"urlTemplate\":\"https:\\\/\\\/hairdeluxe.ee\\\/ru\\\/?s={search_term_string}\"},\"query-input\":{\"@type\":\"PropertyValueSpecification\",\"valueRequired\":true,\"valueName\":\"search_term_string\"}}],\"inLanguage\":\"ru-RU\"},{\"@type\":\"Organization\",\"@id\":\"https:\\\/\\\/hairdeluxe.ee\\\/ru\\\/#organization\",\"name\":\"Hair Deluxe\",\"url\":\"https:\\\/\\\/hairdeluxe.ee\\\/ru\\\/\",\"logo\":{\"@type\":\"ImageObject\",\"inLanguage\":\"ru-RU\",\"@id\":\"https:\\\/\\\/hairdeluxe.ee\\\/ru\\\/#\\\/schema\\\/logo\\\/image\\\/\",\"url\":\"https:\\\/\\\/hairdeluxe.ee\\\/wp-content\\\/uploads\\\/2024\\\/06\\\/Hair-Deluxe-Logo-Dark-font.png\",\"contentUrl\":\"https:\\\/\\\/hairdeluxe.ee\\\/wp-content\\\/uploads\\\/2024\\\/06\\\/Hair-Deluxe-Logo-Dark-font.png\",\"width\":467,\"height\":177,\"caption\":\"Hair Deluxe\"},\"image\":{\"@id\":\"https:\\\/\\\/hairdeluxe.ee\\\/ru\\\/#\\\/schema\\\/logo\\\/image\\\/\"},\"sameAs\":[\"https:\\\/\\\/www.facebook.com\\\/blowbartallinn\",\"https:\\\/\\\/www.instagram.com\\\/blowbar_tallinn\"]}]}<\/script>\n<!-- \/ Yoast SEO plugin. -->","yoast_head_json":{"title":"EAU de Capri Hyaluronic Glow \u200bkehakreem 200ml - Hair Deluxe","description":"Kas teie nahk on kuiv? See kerge koostisega kehakreem, sisaldab nahka s\u00fcgavuti niisutavat h\u00fcaluroonhapet ja sheav\u00f5id, on t\u00e4iuslik lahendus teie nahale!","robots":{"index":"index","follow":"follow","max-snippet":"max-snippet:-1","max-image-preview":"max-image-preview:large","max-video-preview":"max-video-preview:-1"},"canonical":"https:\/\/hairdeluxe.ee\/ru\/product\/hyaluronic-glow-kehakreem-200ml\/","og_locale":"ru_RU","og_type":"article","og_title":"EAU de Capri Hyaluronic Glow \u200bkehakreem 200ml - Hair Deluxe","og_description":"Kas teie nahk on kuiv? See kerge koostisega kehakreem, sisaldab nahka s\u00fcgavuti niisutavat h\u00fcaluroonhapet ja sheav\u00f5id, on t\u00e4iuslik lahendus teie nahale!","og_url":"https:\/\/hairdeluxe.ee\/ru\/product\/hyaluronic-glow-kehakreem-200ml\/","og_site_name":"Hair Deluxe","article_publisher":"https:\/\/www.facebook.com\/blowbartallinn","article_modified_time":"2025-11-13T19:11:44+00:00","og_image":[{"width":800,"height":800,"url":"https:\/\/hairdeluxe.ee\/wp-content\/uploads\/2025\/05\/EAUde1974_PKG_BEAUTY_Hyaluronic_Glow_Bodylotion_200ML_Capri_tube_T1_2030000030.png","type":"image\/png"}],"twitter_card":"summary_large_image","twitter_misc":{"\u041f\u0440\u0438\u043c\u0435\u0440\u043d\u043e\u0435 \u0432\u0440\u0435\u043c\u044f \u0434\u043b\u044f \u0447\u0442\u0435\u043d\u0438\u044f":"1 \u043c\u0438\u043d\u0443\u0442\u0430"},"schema":{"@context":"https:\/\/schema.org","@graph":[{"@type":"WebPage","@id":"https:\/\/hairdeluxe.ee\/ru\/product\/hyaluronic-glow-kehakreem-200ml\/","url":"https:\/\/hairdeluxe.ee\/ru\/product\/hyaluronic-glow-kehakreem-200ml\/","name":"EAU de Capri Hyaluronic Glow \u200bkehakreem 200ml - Hair Deluxe","isPartOf":{"@id":"https:\/\/hairdeluxe.ee\/ru\/#website"},"primaryImageOfPage":{"@id":"https:\/\/hairdeluxe.ee\/ru\/product\/hyaluronic-glow-kehakreem-200ml\/#primaryimage"},"image":{"@id":"https:\/\/hairdeluxe.ee\/ru\/product\/hyaluronic-glow-kehakreem-200ml\/#primaryimage"},"thumbnailUrl":"https:\/\/hairdeluxe.ee\/wp-content\/uploads\/2025\/05\/EAUde1974_PKG_BEAUTY_Hyaluronic_Glow_Bodylotion_200ML_Capri_tube_T1_2030000030.png","datePublished":"2025-06-02T05:56:10+00:00","dateModified":"2025-11-13T19:11:44+00:00","description":"Kas teie nahk on kuiv? See kerge koostisega kehakreem, sisaldab nahka s\u00fcgavuti niisutavat h\u00fcaluroonhapet ja sheav\u00f5id, on t\u00e4iuslik lahendus teie nahale!","breadcrumb":{"@id":"https:\/\/hairdeluxe.ee\/ru\/product\/hyaluronic-glow-kehakreem-200ml\/#breadcrumb"},"inLanguage":"ru-RU","potentialAction":[{"@type":"ReadAction","target":["https:\/\/hairdeluxe.ee\/ru\/product\/hyaluronic-glow-kehakreem-200ml\/"]}]},{"@type":"ImageObject","inLanguage":"ru-RU","@id":"https:\/\/hairdeluxe.ee\/ru\/product\/hyaluronic-glow-kehakreem-200ml\/#primaryimage","url":"https:\/\/hairdeluxe.ee\/wp-content\/uploads\/2025\/05\/EAUde1974_PKG_BEAUTY_Hyaluronic_Glow_Bodylotion_200ML_Capri_tube_T1_2030000030.png","contentUrl":"https:\/\/hairdeluxe.ee\/wp-content\/uploads\/2025\/05\/EAUde1974_PKG_BEAUTY_Hyaluronic_Glow_Bodylotion_200ML_Capri_tube_T1_2030000030.png","width":800,"height":800},{"@type":"BreadcrumbList","@id":"https:\/\/hairdeluxe.ee\/ru\/product\/hyaluronic-glow-kehakreem-200ml\/#breadcrumb","itemListElement":[{"@type":"ListItem","position":1,"name":"Home","item":"https:\/\/hairdeluxe.ee\/ru\/"},{"@type":"ListItem","position":2,"name":"\u041c\u0430\u0433\u0430\u0437\u0438\u043d","item":"https:\/\/hairdeluxe.ee\/ru\/shop\/"},{"@type":"ListItem","position":3,"name":"EAU de Capri Hyaluronic Glow \u200bkehakreem 200ml"}]},{"@type":"WebSite","@id":"https:\/\/hairdeluxe.ee\/ru\/#website","url":"https:\/\/hairdeluxe.ee\/ru\/","name":"Hair Deluxe","description":"Highlight your natural beauty","publisher":{"@id":"https:\/\/hairdeluxe.ee\/ru\/#organization"},"potentialAction":[{"@type":"SearchAction","target":{"@type":"EntryPoint","urlTemplate":"https:\/\/hairdeluxe.ee\/ru\/?s={search_term_string}"},"query-input":{"@type":"PropertyValueSpecification","valueRequired":true,"valueName":"search_term_string"}}],"inLanguage":"ru-RU"},{"@type":"Organization","@id":"https:\/\/hairdeluxe.ee\/ru\/#organization","name":"Hair Deluxe","url":"https:\/\/hairdeluxe.ee\/ru\/","logo":{"@type":"ImageObject","inLanguage":"ru-RU","@id":"https:\/\/hairdeluxe.ee\/ru\/#\/schema\/logo\/image\/","url":"https:\/\/hairdeluxe.ee\/wp-content\/uploads\/2024\/06\/Hair-Deluxe-Logo-Dark-font.png","contentUrl":"https:\/\/hairdeluxe.ee\/wp-content\/uploads\/2024\/06\/Hair-Deluxe-Logo-Dark-font.png","width":467,"height":177,"caption":"Hair Deluxe"},"image":{"@id":"https:\/\/hairdeluxe.ee\/ru\/#\/schema\/logo\/image\/"},"sameAs":["https:\/\/www.facebook.com\/blowbartallinn","https:\/\/www.instagram.com\/blowbar_tallinn"]}]}},"_links":{"self":[{"href":"https:\/\/hairdeluxe.ee\/ru\/wp-json\/wp\/v2\/product\/51927","targetHints":{"allow":["GET"]}}],"collection":[{"href":"https:\/\/hairdeluxe.ee\/ru\/wp-json\/wp\/v2\/product"}],"about":[{"href":"https:\/\/hairdeluxe.ee\/ru\/wp-json\/wp\/v2\/types\/product"}],"wp:featuredmedia":[{"embeddable":true,"href":"https:\/\/hairdeluxe.ee\/ru\/wp-json\/wp\/v2\/media\/51740"}],"wp:attachment":[{"href":"https:\/\/hairdeluxe.ee\/ru\/wp-json\/wp\/v2\/media?parent=51927"}],"wp:term":[{"taxonomy":"product_brand","embeddable":true,"href":"https:\/\/hairdeluxe.ee\/ru\/wp-json\/wp\/v2\/product_brand?post=51927"},{"taxonomy":"product_cat","embeddable":true,"href":"https:\/\/hairdeluxe.ee\/ru\/wp-json\/wp\/v2\/product_cat?post=51927"},{"taxonomy":"product_tag","embeddable":true,"href":"https:\/\/hairdeluxe.ee\/ru\/wp-json\/wp\/v2\/product_tag?post=51927"}],"curies":[{"name":"wp","href":"https:\/\/api.w.org\/{rel}","templated":true}]}}