{"id":51928,"date":"2025-06-01T05:56:11","date_gmt":"2025-06-01T05:56:11","guid":{"rendered":"https:\/\/hairdeluxe.ee\/?post_type=product&#038;p=51928"},"modified":"2025-11-13T19:12:02","modified_gmt":"2025-11-13T19:12:02","slug":"hydrate-protect-katekreem-50ml","status":"publish","type":"product","link":"https:\/\/hairdeluxe.ee\/ru\/product\/hydrate-protect-katekreem-50ml\/","title":{"rendered":"EAU de Capri Hydrate &#038; Protect K\u00e4tekreem 50ml"},"content":{"rendered":"<p>Olgem ausad \u2013 kuivad k\u00e4ed ja k\u00fc\u00fcnenahad on t\u00f5eline t\u00fc\u00fctus. Kuid \u00e4rge muretsege, EAUde1974 k\u00e4tekreem kaitseb teid k\u00e4enahka Argaania\u00f5li, Sheav\u00f5i, F\u00fctokeratiini ja Allantoiini koostisega, mis teeb oma t\u00f6\u00f6 nahahooldusena suurep\u00e4raselt.<\/p>\n<p>Argaania\u00f5li on teie unelmate niisutuse kangelane, t\u00e4is E-vitamiini ja antioks\u00fcdante, mis toidavad ja kaitsevad nahka s\u00fcgavalt. Sheav\u00f5i, mis on saadud Aafrika puu rikkalikest p\u00e4hklitest, on nahka pehmendav v\u00f5imas koostisosa, mis lukustab niiskuse nahka ja kaitseb seda karmide v\u00e4listingimuste eest. F\u00fctokeratiin on valmistatud taimsetest valkudest nagu nisu ja soja, need toimeained aitavad parandada naha loomulikku kaitsev\u00f5imet ja lisada niisutust, j\u00e4ttes k\u00e4ed pehmeks ja k\u00e4enaha noorendatuks. Allantoiin on nahka rahustav koostisosa, eritu tundlikule nahale. See toimeaine aitab v\u00e4hendada naha \u00e4rritust, parandada k\u00e4enaha siledust ja hoida nahk rahuliku ning hoolitsetuna.<\/p>\n<p>Kiiresti imenduv ja mitte kleepuv koostis levitub nahal kergesti, j\u00e4ttes k\u00e4ed niisutatuks ja v\u00e4rskendatuksja seda ilma kleepuvate j\u00e4\u00e4kideta. V\u00e4rskendav Eau de Capri l\u00f5hn lisab teie igap\u00e4evasele rutiinile v\u00e4heke Vahemere v\u00f5lu.<\/p>\n<p>Sobib k\u00f5ikidele nahat\u00fc\u00fcpidele, sest see k\u00e4tekreem on teie k\u00e4tehoolduse uus saladus saavutamaks pehmed ja niisutatud k\u00e4ed, mis l\u00f5hnavad jumalikult. Olenemata sellest, kas tegelete talvise kuivusega v\u00f5i vajate lihtsalt igap\u00e4evast hellitust, see kreem hoolitseb teie k\u00e4enaha eest igal ajal.<\/p>\n","protected":false},"excerpt":{"rendered":"<p>Selle k\u00e4tekreemi rikkalik koostis, mis sisaldab argaania\u00f5li, sheav\u00f5i, f\u00fctokeratiin ja allantoiini segu tagab k\u00e4enaha s\u00fcgava niisutuse ja hoiab teie k\u00e4ed pehmed ning siledad. Dermatoloogiliselt kinnitatud koostis imendub kiiresti, j\u00e4ttes k\u00e4ed mitte kleepuvaks. Sobib k\u00f5ikidele nahat\u00fc\u00fcpidele. See on teie k\u00e4te jaoks t\u00e4iuslik toode, mis annab neile toitvat hooldust ja \u00f5rna EAU de Capri l\u00f5hna.<\/p>\n","protected":false},"featured_media":51744,"template":"","meta":[],"product_brand":[465],"product_cat":[467,475,192],"product_tag":[473],"class_list":{"0":"post-51928","1":"product","2":"type-product","3":"status-publish","4":"has-post-thumbnail","6":"product_brand-eaude1974","7":"product_cat-eau-de-capri","8":"product_cat-eaude1974","9":"product_cat-uued-tooted","10":"product_tag-body-care","12":"first","13":"instock","14":"taxable","15":"shipping-taxable","16":"purchasable","17":"product-type-simple","18":"add-to-wishlist-after_add_to_cart"},"yoast_head":"<!-- This site is optimized with the Yoast SEO plugin v27.4 - https:\/\/yoast.com\/product\/yoast-seo-wordpress\/ -->\n<title>EAU de Capri Hydrate &amp; Protect K\u00e4tekreem 50ml - Hair Deluxe<\/title>\n<meta name=\"description\" content=\"Selle k\u00e4tekreemi rikkalik koostis, mis sisaldab argaania\u00f5li, sheav\u00f5i, f\u00fctokeratiin ja allantoiini segu tagab k\u00e4enaha s\u00fcgava niisutuse ja hoiab teie k\u00e4ed pehmed ning siledad. Dermatoloogiliselt kinnitatud koostis imendub kiiresti, j\u00e4ttes k\u00e4ed mitte kleepuvaks. Sobib k\u00f5ikidele nahat\u00fc\u00fcpidele.\" \/>\n<meta name=\"robots\" content=\"index, follow, max-snippet:-1, max-image-preview:large, max-video-preview:-1\" \/>\n<link rel=\"canonical\" href=\"https:\/\/hairdeluxe.ee\/ru\/product\/hydrate-protect-katekreem-50ml\/\" \/>\n<meta property=\"og:locale\" content=\"ru_RU\" \/>\n<meta property=\"og:type\" content=\"article\" \/>\n<meta property=\"og:title\" content=\"EAU de Capri Hydrate &amp; Protect K\u00e4tekreem 50ml - Hair Deluxe\" \/>\n<meta property=\"og:description\" content=\"Selle k\u00e4tekreemi rikkalik koostis, mis sisaldab argaania\u00f5li, sheav\u00f5i, f\u00fctokeratiin ja allantoiini segu tagab k\u00e4enaha s\u00fcgava niisutuse ja hoiab teie k\u00e4ed pehmed ning siledad. Dermatoloogiliselt kinnitatud koostis imendub kiiresti, j\u00e4ttes k\u00e4ed mitte kleepuvaks. Sobib k\u00f5ikidele nahat\u00fc\u00fcpidele.\" \/>\n<meta property=\"og:url\" content=\"https:\/\/hairdeluxe.ee\/ru\/product\/hydrate-protect-katekreem-50ml\/\" \/>\n<meta property=\"og:site_name\" content=\"Hair Deluxe\" \/>\n<meta property=\"article:publisher\" content=\"https:\/\/www.facebook.com\/blowbartallinn\" \/>\n<meta property=\"article:modified_time\" content=\"2025-11-13T19:12:02+00:00\" \/>\n<meta property=\"og:image\" content=\"https:\/\/hairdeluxe.ee\/wp-content\/uploads\/2025\/05\/EAUde1974_PKG_BEAUTY_HydrateProtect_HandCream_50ML_Capri_T1_2030001010_01.png\" \/>\n\t<meta property=\"og:image:width\" content=\"800\" \/>\n\t<meta property=\"og:image:height\" content=\"800\" \/>\n\t<meta property=\"og:image:type\" content=\"image\/png\" \/>\n<meta name=\"twitter:card\" content=\"summary_large_image\" \/>\n<meta name=\"twitter:label1\" content=\"\u041f\u0440\u0438\u043c\u0435\u0440\u043d\u043e\u0435 \u0432\u0440\u0435\u043c\u044f \u0434\u043b\u044f \u0447\u0442\u0435\u043d\u0438\u044f\" \/>\n\t<meta name=\"twitter:data1\" content=\"2 \u043c\u0438\u043d\u0443\u0442\u044b\" \/>\n<script type=\"application\/ld+json\" class=\"yoast-schema-graph\">{\"@context\":\"https:\\\/\\\/schema.org\",\"@graph\":[{\"@type\":\"WebPage\",\"@id\":\"https:\\\/\\\/hairdeluxe.ee\\\/ru\\\/product\\\/hydrate-protect-katekreem-50ml\\\/\",\"url\":\"https:\\\/\\\/hairdeluxe.ee\\\/ru\\\/product\\\/hydrate-protect-katekreem-50ml\\\/\",\"name\":\"EAU de Capri Hydrate & Protect K\u00e4tekreem 50ml - Hair Deluxe\",\"isPartOf\":{\"@id\":\"https:\\\/\\\/hairdeluxe.ee\\\/ru\\\/#website\"},\"primaryImageOfPage\":{\"@id\":\"https:\\\/\\\/hairdeluxe.ee\\\/ru\\\/product\\\/hydrate-protect-katekreem-50ml\\\/#primaryimage\"},\"image\":{\"@id\":\"https:\\\/\\\/hairdeluxe.ee\\\/ru\\\/product\\\/hydrate-protect-katekreem-50ml\\\/#primaryimage\"},\"thumbnailUrl\":\"https:\\\/\\\/hairdeluxe.ee\\\/wp-content\\\/uploads\\\/2025\\\/05\\\/EAUde1974_PKG_BEAUTY_HydrateProtect_HandCream_50ML_Capri_T1_2030001010_01.png\",\"datePublished\":\"2025-06-01T05:56:11+00:00\",\"dateModified\":\"2025-11-13T19:12:02+00:00\",\"description\":\"Selle k\u00e4tekreemi rikkalik koostis, mis sisaldab argaania\u00f5li, sheav\u00f5i, f\u00fctokeratiin ja allantoiini segu tagab k\u00e4enaha s\u00fcgava niisutuse ja hoiab teie k\u00e4ed pehmed ning siledad. Dermatoloogiliselt kinnitatud koostis imendub kiiresti, j\u00e4ttes k\u00e4ed mitte kleepuvaks. Sobib k\u00f5ikidele nahat\u00fc\u00fcpidele.\",\"breadcrumb\":{\"@id\":\"https:\\\/\\\/hairdeluxe.ee\\\/ru\\\/product\\\/hydrate-protect-katekreem-50ml\\\/#breadcrumb\"},\"inLanguage\":\"ru-RU\",\"potentialAction\":[{\"@type\":\"ReadAction\",\"target\":[\"https:\\\/\\\/hairdeluxe.ee\\\/ru\\\/product\\\/hydrate-protect-katekreem-50ml\\\/\"]}]},{\"@type\":\"ImageObject\",\"inLanguage\":\"ru-RU\",\"@id\":\"https:\\\/\\\/hairdeluxe.ee\\\/ru\\\/product\\\/hydrate-protect-katekreem-50ml\\\/#primaryimage\",\"url\":\"https:\\\/\\\/hairdeluxe.ee\\\/wp-content\\\/uploads\\\/2025\\\/05\\\/EAUde1974_PKG_BEAUTY_HydrateProtect_HandCream_50ML_Capri_T1_2030001010_01.png\",\"contentUrl\":\"https:\\\/\\\/hairdeluxe.ee\\\/wp-content\\\/uploads\\\/2025\\\/05\\\/EAUde1974_PKG_BEAUTY_HydrateProtect_HandCream_50ML_Capri_T1_2030001010_01.png\",\"width\":800,\"height\":800},{\"@type\":\"BreadcrumbList\",\"@id\":\"https:\\\/\\\/hairdeluxe.ee\\\/ru\\\/product\\\/hydrate-protect-katekreem-50ml\\\/#breadcrumb\",\"itemListElement\":[{\"@type\":\"ListItem\",\"position\":1,\"name\":\"Home\",\"item\":\"https:\\\/\\\/hairdeluxe.ee\\\/ru\\\/\"},{\"@type\":\"ListItem\",\"position\":2,\"name\":\"\u041c\u0430\u0433\u0430\u0437\u0438\u043d\",\"item\":\"https:\\\/\\\/hairdeluxe.ee\\\/ru\\\/shop\\\/\"},{\"@type\":\"ListItem\",\"position\":3,\"name\":\"EAU de Capri Hydrate &#038; Protect K\u00e4tekreem 50ml\"}]},{\"@type\":\"WebSite\",\"@id\":\"https:\\\/\\\/hairdeluxe.ee\\\/ru\\\/#website\",\"url\":\"https:\\\/\\\/hairdeluxe.ee\\\/ru\\\/\",\"name\":\"Hair Deluxe\",\"description\":\"Highlight your natural beauty\",\"publisher\":{\"@id\":\"https:\\\/\\\/hairdeluxe.ee\\\/ru\\\/#organization\"},\"potentialAction\":[{\"@type\":\"SearchAction\",\"target\":{\"@type\":\"EntryPoint\",\"urlTemplate\":\"https:\\\/\\\/hairdeluxe.ee\\\/ru\\\/?s={search_term_string}\"},\"query-input\":{\"@type\":\"PropertyValueSpecification\",\"valueRequired\":true,\"valueName\":\"search_term_string\"}}],\"inLanguage\":\"ru-RU\"},{\"@type\":\"Organization\",\"@id\":\"https:\\\/\\\/hairdeluxe.ee\\\/ru\\\/#organization\",\"name\":\"Hair Deluxe\",\"url\":\"https:\\\/\\\/hairdeluxe.ee\\\/ru\\\/\",\"logo\":{\"@type\":\"ImageObject\",\"inLanguage\":\"ru-RU\",\"@id\":\"https:\\\/\\\/hairdeluxe.ee\\\/ru\\\/#\\\/schema\\\/logo\\\/image\\\/\",\"url\":\"https:\\\/\\\/hairdeluxe.ee\\\/wp-content\\\/uploads\\\/2024\\\/06\\\/Hair-Deluxe-Logo-Dark-font.png\",\"contentUrl\":\"https:\\\/\\\/hairdeluxe.ee\\\/wp-content\\\/uploads\\\/2024\\\/06\\\/Hair-Deluxe-Logo-Dark-font.png\",\"width\":467,\"height\":177,\"caption\":\"Hair Deluxe\"},\"image\":{\"@id\":\"https:\\\/\\\/hairdeluxe.ee\\\/ru\\\/#\\\/schema\\\/logo\\\/image\\\/\"},\"sameAs\":[\"https:\\\/\\\/www.facebook.com\\\/blowbartallinn\",\"https:\\\/\\\/www.instagram.com\\\/blowbar_tallinn\"]}]}<\/script>\n<!-- \/ Yoast SEO plugin. -->","yoast_head_json":{"title":"EAU de Capri Hydrate & Protect K\u00e4tekreem 50ml - Hair Deluxe","description":"Selle k\u00e4tekreemi rikkalik koostis, mis sisaldab argaania\u00f5li, sheav\u00f5i, f\u00fctokeratiin ja allantoiini segu tagab k\u00e4enaha s\u00fcgava niisutuse ja hoiab teie k\u00e4ed pehmed ning siledad. Dermatoloogiliselt kinnitatud koostis imendub kiiresti, j\u00e4ttes k\u00e4ed mitte kleepuvaks. Sobib k\u00f5ikidele nahat\u00fc\u00fcpidele.","robots":{"index":"index","follow":"follow","max-snippet":"max-snippet:-1","max-image-preview":"max-image-preview:large","max-video-preview":"max-video-preview:-1"},"canonical":"https:\/\/hairdeluxe.ee\/ru\/product\/hydrate-protect-katekreem-50ml\/","og_locale":"ru_RU","og_type":"article","og_title":"EAU de Capri Hydrate & Protect K\u00e4tekreem 50ml - Hair Deluxe","og_description":"Selle k\u00e4tekreemi rikkalik koostis, mis sisaldab argaania\u00f5li, sheav\u00f5i, f\u00fctokeratiin ja allantoiini segu tagab k\u00e4enaha s\u00fcgava niisutuse ja hoiab teie k\u00e4ed pehmed ning siledad. Dermatoloogiliselt kinnitatud koostis imendub kiiresti, j\u00e4ttes k\u00e4ed mitte kleepuvaks. Sobib k\u00f5ikidele nahat\u00fc\u00fcpidele.","og_url":"https:\/\/hairdeluxe.ee\/ru\/product\/hydrate-protect-katekreem-50ml\/","og_site_name":"Hair Deluxe","article_publisher":"https:\/\/www.facebook.com\/blowbartallinn","article_modified_time":"2025-11-13T19:12:02+00:00","og_image":[{"width":800,"height":800,"url":"https:\/\/hairdeluxe.ee\/wp-content\/uploads\/2025\/05\/EAUde1974_PKG_BEAUTY_HydrateProtect_HandCream_50ML_Capri_T1_2030001010_01.png","type":"image\/png"}],"twitter_card":"summary_large_image","twitter_misc":{"\u041f\u0440\u0438\u043c\u0435\u0440\u043d\u043e\u0435 \u0432\u0440\u0435\u043c\u044f \u0434\u043b\u044f \u0447\u0442\u0435\u043d\u0438\u044f":"2 \u043c\u0438\u043d\u0443\u0442\u044b"},"schema":{"@context":"https:\/\/schema.org","@graph":[{"@type":"WebPage","@id":"https:\/\/hairdeluxe.ee\/ru\/product\/hydrate-protect-katekreem-50ml\/","url":"https:\/\/hairdeluxe.ee\/ru\/product\/hydrate-protect-katekreem-50ml\/","name":"EAU de Capri Hydrate & Protect K\u00e4tekreem 50ml - Hair Deluxe","isPartOf":{"@id":"https:\/\/hairdeluxe.ee\/ru\/#website"},"primaryImageOfPage":{"@id":"https:\/\/hairdeluxe.ee\/ru\/product\/hydrate-protect-katekreem-50ml\/#primaryimage"},"image":{"@id":"https:\/\/hairdeluxe.ee\/ru\/product\/hydrate-protect-katekreem-50ml\/#primaryimage"},"thumbnailUrl":"https:\/\/hairdeluxe.ee\/wp-content\/uploads\/2025\/05\/EAUde1974_PKG_BEAUTY_HydrateProtect_HandCream_50ML_Capri_T1_2030001010_01.png","datePublished":"2025-06-01T05:56:11+00:00","dateModified":"2025-11-13T19:12:02+00:00","description":"Selle k\u00e4tekreemi rikkalik koostis, mis sisaldab argaania\u00f5li, sheav\u00f5i, f\u00fctokeratiin ja allantoiini segu tagab k\u00e4enaha s\u00fcgava niisutuse ja hoiab teie k\u00e4ed pehmed ning siledad. Dermatoloogiliselt kinnitatud koostis imendub kiiresti, j\u00e4ttes k\u00e4ed mitte kleepuvaks. Sobib k\u00f5ikidele nahat\u00fc\u00fcpidele.","breadcrumb":{"@id":"https:\/\/hairdeluxe.ee\/ru\/product\/hydrate-protect-katekreem-50ml\/#breadcrumb"},"inLanguage":"ru-RU","potentialAction":[{"@type":"ReadAction","target":["https:\/\/hairdeluxe.ee\/ru\/product\/hydrate-protect-katekreem-50ml\/"]}]},{"@type":"ImageObject","inLanguage":"ru-RU","@id":"https:\/\/hairdeluxe.ee\/ru\/product\/hydrate-protect-katekreem-50ml\/#primaryimage","url":"https:\/\/hairdeluxe.ee\/wp-content\/uploads\/2025\/05\/EAUde1974_PKG_BEAUTY_HydrateProtect_HandCream_50ML_Capri_T1_2030001010_01.png","contentUrl":"https:\/\/hairdeluxe.ee\/wp-content\/uploads\/2025\/05\/EAUde1974_PKG_BEAUTY_HydrateProtect_HandCream_50ML_Capri_T1_2030001010_01.png","width":800,"height":800},{"@type":"BreadcrumbList","@id":"https:\/\/hairdeluxe.ee\/ru\/product\/hydrate-protect-katekreem-50ml\/#breadcrumb","itemListElement":[{"@type":"ListItem","position":1,"name":"Home","item":"https:\/\/hairdeluxe.ee\/ru\/"},{"@type":"ListItem","position":2,"name":"\u041c\u0430\u0433\u0430\u0437\u0438\u043d","item":"https:\/\/hairdeluxe.ee\/ru\/shop\/"},{"@type":"ListItem","position":3,"name":"EAU de Capri Hydrate &#038; Protect K\u00e4tekreem 50ml"}]},{"@type":"WebSite","@id":"https:\/\/hairdeluxe.ee\/ru\/#website","url":"https:\/\/hairdeluxe.ee\/ru\/","name":"Hair Deluxe","description":"Highlight your natural beauty","publisher":{"@id":"https:\/\/hairdeluxe.ee\/ru\/#organization"},"potentialAction":[{"@type":"SearchAction","target":{"@type":"EntryPoint","urlTemplate":"https:\/\/hairdeluxe.ee\/ru\/?s={search_term_string}"},"query-input":{"@type":"PropertyValueSpecification","valueRequired":true,"valueName":"search_term_string"}}],"inLanguage":"ru-RU"},{"@type":"Organization","@id":"https:\/\/hairdeluxe.ee\/ru\/#organization","name":"Hair Deluxe","url":"https:\/\/hairdeluxe.ee\/ru\/","logo":{"@type":"ImageObject","inLanguage":"ru-RU","@id":"https:\/\/hairdeluxe.ee\/ru\/#\/schema\/logo\/image\/","url":"https:\/\/hairdeluxe.ee\/wp-content\/uploads\/2024\/06\/Hair-Deluxe-Logo-Dark-font.png","contentUrl":"https:\/\/hairdeluxe.ee\/wp-content\/uploads\/2024\/06\/Hair-Deluxe-Logo-Dark-font.png","width":467,"height":177,"caption":"Hair Deluxe"},"image":{"@id":"https:\/\/hairdeluxe.ee\/ru\/#\/schema\/logo\/image\/"},"sameAs":["https:\/\/www.facebook.com\/blowbartallinn","https:\/\/www.instagram.com\/blowbar_tallinn"]}]}},"_links":{"self":[{"href":"https:\/\/hairdeluxe.ee\/ru\/wp-json\/wp\/v2\/product\/51928","targetHints":{"allow":["GET"]}}],"collection":[{"href":"https:\/\/hairdeluxe.ee\/ru\/wp-json\/wp\/v2\/product"}],"about":[{"href":"https:\/\/hairdeluxe.ee\/ru\/wp-json\/wp\/v2\/types\/product"}],"wp:featuredmedia":[{"embeddable":true,"href":"https:\/\/hairdeluxe.ee\/ru\/wp-json\/wp\/v2\/media\/51744"}],"wp:attachment":[{"href":"https:\/\/hairdeluxe.ee\/ru\/wp-json\/wp\/v2\/media?parent=51928"}],"wp:term":[{"taxonomy":"product_brand","embeddable":true,"href":"https:\/\/hairdeluxe.ee\/ru\/wp-json\/wp\/v2\/product_brand?post=51928"},{"taxonomy":"product_cat","embeddable":true,"href":"https:\/\/hairdeluxe.ee\/ru\/wp-json\/wp\/v2\/product_cat?post=51928"},{"taxonomy":"product_tag","embeddable":true,"href":"https:\/\/hairdeluxe.ee\/ru\/wp-json\/wp\/v2\/product_tag?post=51928"}],"curies":[{"name":"wp","href":"https:\/\/api.w.org\/{rel}","templated":true}]}}