{"id":52204,"date":"2025-09-20T20:21:16","date_gmt":"2025-09-20T20:21:16","guid":{"rendered":"https:\/\/hairdeluxe.ee\/?post_type=product&#038;p=52204"},"modified":"2025-10-07T03:55:25","modified_gmt":"2025-10-07T03:55:25","slug":"balmain-hair-labipaistev-kosmeetikakott-xl-transparent-pouch-set-xl-size","status":"publish","type":"product","link":"https:\/\/hairdeluxe.ee\/ru\/product\/balmain-hair-labipaistev-kosmeetikakott-xl-transparent-pouch-set-xl-size\/","title":{"rendered":"BALMAIN HAIR l\u00e4bipaistev kosmeetikakott XL \/ Transparent Pouch Set XL size"},"content":{"rendered":"<p><strong>Balmain Hair Leave-in Conditioning Spray 200ml<\/p>\n<p><\/strong><em><strong>Koostis:\u00a0<\/strong>Aqua, Cetearyl Alcohol, Glyceryl Stearate, Stearamidopropyl Dimethylamine, Argania Spinosa Kernel Oil, Silk Amino Acids, Panthenol, Dimethylpabamidopropyl Lauryldimonium Tosylate, Propylene Glycol Stearate, Sodium Cocoyl Amino Acids, Potassium Dimethicone PEG-7 Panthenyl Phosphate, Behenoyl PG-Trimonium Chloride, Quaternium-80, Amodimethicone, C11-15 Paret h-7, Laureth-9, Glycerin, Trideceth-12, Ethylhexyl Methoxycinnamate, Ceteareth-20, Phenoxyethanol, Ethylhexylglycerin, Polyquaternium-37, Propylene Glycol Dicaprylate\/ Dicaprate, PPG-1 Trideceth-6, Parfum, Citric Acid.<\/em><\/p>\n<p><strong>Balmain Hair Argan Moisturizing Elixir 100ml<\/p>\n<p><\/strong><em><strong>Koostis:\u00a0<\/strong>Cyclopentasiloxane, Dimethiconol, Argania Spinoza Kernel Oil, Trimethylsiloxyphenyl Dimethicone, Silk Amino Acids, Ethylhexyl Methoxycinnamate, Parfum<\/em><\/p>\n","protected":false},"excerpt":{"rendered":"<p>Mitmeotstarbeliseks kasutamiseks m\u00f5eldud l\u00e4bipaistev kosmeetikakott aitab hoida mugavalt koos k\u00f5iki h\u00fcgieenivahendeid.<\/p>\n<p>Kosmeetikakoti lai t\u00f5mblukk h\u00f5lbustab koti avamist.<\/p>\n<p><strong>Limiteeritud kollektsiooni suur kosmeetikakott sisaldab endas Balmain Hair signatuurtooteid:<\/p>\n<p><\/strong>&#8212; Argaania\u00f5li Eliksiir 100ml,<\/p>\n<p>&#8212; Juustesse j\u00e4etav Leave in sprei-palsam 200ml,<\/p>\n<p>&#8212; Balmain Hair limiteeritud t\u00fcrkiissinine pusadevastane hari<\/p>\n","protected":false},"featured_media":52236,"template":"","meta":[],"product_brand":[],"product_cat":[206,114,129,130,192],"product_tag":[],"class_list":{"0":"post-52204","1":"product","2":"type-product","3":"status-publish","4":"has-post-thumbnail","6":"product_cat-erikollektsioonid","7":"product_cat-eripakkumised","8":"product_cat-kingitused","9":"product_cat-kinkekomplektid","10":"product_cat-uued-tooted","12":"first","13":"instock","14":"taxable","15":"shipping-taxable","16":"purchasable","17":"product-type-simple","18":"add-to-wishlist-after_add_to_cart"},"yoast_head":"<!-- This site is optimized with the Yoast SEO plugin v27.4 - https:\/\/yoast.com\/product\/yoast-seo-wordpress\/ -->\n<title>BALMAIN HAIR l\u00e4bipaistev kosmeetikakott XL \/ Transparent Pouch Set XL size - Hair Deluxe<\/title>\n<meta name=\"robots\" content=\"index, follow, max-snippet:-1, max-image-preview:large, max-video-preview:-1\" \/>\n<link rel=\"canonical\" href=\"https:\/\/hairdeluxe.ee\/ru\/product\/balmain-hair-labipaistev-kosmeetikakott-xl-transparent-pouch-set-xl-size\/\" \/>\n<meta property=\"og:locale\" content=\"ru_RU\" \/>\n<meta property=\"og:type\" content=\"article\" \/>\n<meta property=\"og:title\" content=\"BALMAIN HAIR l\u00e4bipaistev kosmeetikakott XL \/ Transparent Pouch Set XL size - Hair Deluxe\" \/>\n<meta property=\"og:description\" content=\"Mitmeotstarbeliseks kasutamiseks m\u00f5eldud l\u00e4bipaistev kosmeetikakott aitab hoida mugavalt koos k\u00f5iki h\u00fcgieenivahendeid. Kosmeetikakoti lai t\u00f5mblukk h\u00f5lbustab koti avamist.  Limiteeritud kollektsiooni suur kosmeetikakott sisaldab endas Balmain Hair signatuurtooteid: - Argaania\u00f5li Eliksiir 100ml, - Juustesse j\u00e4etav Leave in sprei-palsam 200ml, - Balmain Hair limiteeritud t\u00fcrkiissinine pusadevastane hari\" \/>\n<meta property=\"og:url\" content=\"https:\/\/hairdeluxe.ee\/ru\/product\/balmain-hair-labipaistev-kosmeetikakott-xl-transparent-pouch-set-xl-size\/\" \/>\n<meta property=\"og:site_name\" content=\"Hair Deluxe\" \/>\n<meta property=\"article:publisher\" content=\"https:\/\/www.facebook.com\/blowbartallinn\" \/>\n<meta property=\"article:modified_time\" content=\"2025-10-07T03:55:25+00:00\" \/>\n<meta property=\"og:image\" content=\"https:\/\/hairdeluxe.ee\/wp-content\/uploads\/2025\/09\/balmainhair_transparentpouch_limitededition_springsummer20_lr_t.jpg\" \/>\n\t<meta property=\"og:image:width\" content=\"1500\" \/>\n\t<meta property=\"og:image:height\" content=\"1500\" \/>\n\t<meta property=\"og:image:type\" content=\"image\/jpeg\" \/>\n<meta name=\"twitter:card\" content=\"summary_large_image\" \/>\n<script type=\"application\/ld+json\" class=\"yoast-schema-graph\">{\"@context\":\"https:\\\/\\\/schema.org\",\"@graph\":[{\"@type\":\"WebPage\",\"@id\":\"https:\\\/\\\/hairdeluxe.ee\\\/ru\\\/product\\\/balmain-hair-labipaistev-kosmeetikakott-xl-transparent-pouch-set-xl-size\\\/\",\"url\":\"https:\\\/\\\/hairdeluxe.ee\\\/ru\\\/product\\\/balmain-hair-labipaistev-kosmeetikakott-xl-transparent-pouch-set-xl-size\\\/\",\"name\":\"BALMAIN HAIR l\u00e4bipaistev kosmeetikakott XL \\\/ Transparent Pouch Set XL size - Hair Deluxe\",\"isPartOf\":{\"@id\":\"https:\\\/\\\/hairdeluxe.ee\\\/ru\\\/#website\"},\"primaryImageOfPage\":{\"@id\":\"https:\\\/\\\/hairdeluxe.ee\\\/ru\\\/product\\\/balmain-hair-labipaistev-kosmeetikakott-xl-transparent-pouch-set-xl-size\\\/#primaryimage\"},\"image\":{\"@id\":\"https:\\\/\\\/hairdeluxe.ee\\\/ru\\\/product\\\/balmain-hair-labipaistev-kosmeetikakott-xl-transparent-pouch-set-xl-size\\\/#primaryimage\"},\"thumbnailUrl\":\"https:\\\/\\\/hairdeluxe.ee\\\/wp-content\\\/uploads\\\/2025\\\/09\\\/balmainhair_transparentpouch_limitededition_springsummer20_lr_t.jpg\",\"datePublished\":\"2025-09-20T20:21:16+00:00\",\"dateModified\":\"2025-10-07T03:55:25+00:00\",\"breadcrumb\":{\"@id\":\"https:\\\/\\\/hairdeluxe.ee\\\/ru\\\/product\\\/balmain-hair-labipaistev-kosmeetikakott-xl-transparent-pouch-set-xl-size\\\/#breadcrumb\"},\"inLanguage\":\"ru-RU\",\"potentialAction\":[{\"@type\":\"ReadAction\",\"target\":[\"https:\\\/\\\/hairdeluxe.ee\\\/ru\\\/product\\\/balmain-hair-labipaistev-kosmeetikakott-xl-transparent-pouch-set-xl-size\\\/\"]}]},{\"@type\":\"ImageObject\",\"inLanguage\":\"ru-RU\",\"@id\":\"https:\\\/\\\/hairdeluxe.ee\\\/ru\\\/product\\\/balmain-hair-labipaistev-kosmeetikakott-xl-transparent-pouch-set-xl-size\\\/#primaryimage\",\"url\":\"https:\\\/\\\/hairdeluxe.ee\\\/wp-content\\\/uploads\\\/2025\\\/09\\\/balmainhair_transparentpouch_limitededition_springsummer20_lr_t.jpg\",\"contentUrl\":\"https:\\\/\\\/hairdeluxe.ee\\\/wp-content\\\/uploads\\\/2025\\\/09\\\/balmainhair_transparentpouch_limitededition_springsummer20_lr_t.jpg\",\"width\":1500,\"height\":1500},{\"@type\":\"BreadcrumbList\",\"@id\":\"https:\\\/\\\/hairdeluxe.ee\\\/ru\\\/product\\\/balmain-hair-labipaistev-kosmeetikakott-xl-transparent-pouch-set-xl-size\\\/#breadcrumb\",\"itemListElement\":[{\"@type\":\"ListItem\",\"position\":1,\"name\":\"Home\",\"item\":\"https:\\\/\\\/hairdeluxe.ee\\\/ru\\\/\"},{\"@type\":\"ListItem\",\"position\":2,\"name\":\"\u041c\u0430\u0433\u0430\u0437\u0438\u043d\",\"item\":\"https:\\\/\\\/hairdeluxe.ee\\\/ru\\\/shop\\\/\"},{\"@type\":\"ListItem\",\"position\":3,\"name\":\"BALMAIN HAIR l\u00e4bipaistev kosmeetikakott XL \\\/ Transparent Pouch Set XL size\"}]},{\"@type\":\"WebSite\",\"@id\":\"https:\\\/\\\/hairdeluxe.ee\\\/ru\\\/#website\",\"url\":\"https:\\\/\\\/hairdeluxe.ee\\\/ru\\\/\",\"name\":\"Hair Deluxe\",\"description\":\"Highlight your natural beauty\",\"publisher\":{\"@id\":\"https:\\\/\\\/hairdeluxe.ee\\\/ru\\\/#organization\"},\"potentialAction\":[{\"@type\":\"SearchAction\",\"target\":{\"@type\":\"EntryPoint\",\"urlTemplate\":\"https:\\\/\\\/hairdeluxe.ee\\\/ru\\\/?s={search_term_string}\"},\"query-input\":{\"@type\":\"PropertyValueSpecification\",\"valueRequired\":true,\"valueName\":\"search_term_string\"}}],\"inLanguage\":\"ru-RU\"},{\"@type\":\"Organization\",\"@id\":\"https:\\\/\\\/hairdeluxe.ee\\\/ru\\\/#organization\",\"name\":\"Hair Deluxe\",\"url\":\"https:\\\/\\\/hairdeluxe.ee\\\/ru\\\/\",\"logo\":{\"@type\":\"ImageObject\",\"inLanguage\":\"ru-RU\",\"@id\":\"https:\\\/\\\/hairdeluxe.ee\\\/ru\\\/#\\\/schema\\\/logo\\\/image\\\/\",\"url\":\"https:\\\/\\\/hairdeluxe.ee\\\/wp-content\\\/uploads\\\/2024\\\/06\\\/Hair-Deluxe-Logo-Dark-font.png\",\"contentUrl\":\"https:\\\/\\\/hairdeluxe.ee\\\/wp-content\\\/uploads\\\/2024\\\/06\\\/Hair-Deluxe-Logo-Dark-font.png\",\"width\":467,\"height\":177,\"caption\":\"Hair Deluxe\"},\"image\":{\"@id\":\"https:\\\/\\\/hairdeluxe.ee\\\/ru\\\/#\\\/schema\\\/logo\\\/image\\\/\"},\"sameAs\":[\"https:\\\/\\\/www.facebook.com\\\/blowbartallinn\",\"https:\\\/\\\/www.instagram.com\\\/blowbar_tallinn\"]}]}<\/script>\n<!-- \/ Yoast SEO plugin. -->","yoast_head_json":{"title":"BALMAIN HAIR l\u00e4bipaistev kosmeetikakott XL \/ Transparent Pouch Set XL size - Hair Deluxe","robots":{"index":"index","follow":"follow","max-snippet":"max-snippet:-1","max-image-preview":"max-image-preview:large","max-video-preview":"max-video-preview:-1"},"canonical":"https:\/\/hairdeluxe.ee\/ru\/product\/balmain-hair-labipaistev-kosmeetikakott-xl-transparent-pouch-set-xl-size\/","og_locale":"ru_RU","og_type":"article","og_title":"BALMAIN HAIR l\u00e4bipaistev kosmeetikakott XL \/ Transparent Pouch Set XL size - Hair Deluxe","og_description":"Mitmeotstarbeliseks kasutamiseks m\u00f5eldud l\u00e4bipaistev kosmeetikakott aitab hoida mugavalt koos k\u00f5iki h\u00fcgieenivahendeid. Kosmeetikakoti lai t\u00f5mblukk h\u00f5lbustab koti avamist.  Limiteeritud kollektsiooni suur kosmeetikakott sisaldab endas Balmain Hair signatuurtooteid: - Argaania\u00f5li Eliksiir 100ml, - Juustesse j\u00e4etav Leave in sprei-palsam 200ml, - Balmain Hair limiteeritud t\u00fcrkiissinine pusadevastane hari","og_url":"https:\/\/hairdeluxe.ee\/ru\/product\/balmain-hair-labipaistev-kosmeetikakott-xl-transparent-pouch-set-xl-size\/","og_site_name":"Hair Deluxe","article_publisher":"https:\/\/www.facebook.com\/blowbartallinn","article_modified_time":"2025-10-07T03:55:25+00:00","og_image":[{"width":1500,"height":1500,"url":"https:\/\/hairdeluxe.ee\/wp-content\/uploads\/2025\/09\/balmainhair_transparentpouch_limitededition_springsummer20_lr_t.jpg","type":"image\/jpeg"}],"twitter_card":"summary_large_image","schema":{"@context":"https:\/\/schema.org","@graph":[{"@type":"WebPage","@id":"https:\/\/hairdeluxe.ee\/ru\/product\/balmain-hair-labipaistev-kosmeetikakott-xl-transparent-pouch-set-xl-size\/","url":"https:\/\/hairdeluxe.ee\/ru\/product\/balmain-hair-labipaistev-kosmeetikakott-xl-transparent-pouch-set-xl-size\/","name":"BALMAIN HAIR l\u00e4bipaistev kosmeetikakott XL \/ Transparent Pouch Set XL size - Hair Deluxe","isPartOf":{"@id":"https:\/\/hairdeluxe.ee\/ru\/#website"},"primaryImageOfPage":{"@id":"https:\/\/hairdeluxe.ee\/ru\/product\/balmain-hair-labipaistev-kosmeetikakott-xl-transparent-pouch-set-xl-size\/#primaryimage"},"image":{"@id":"https:\/\/hairdeluxe.ee\/ru\/product\/balmain-hair-labipaistev-kosmeetikakott-xl-transparent-pouch-set-xl-size\/#primaryimage"},"thumbnailUrl":"https:\/\/hairdeluxe.ee\/wp-content\/uploads\/2025\/09\/balmainhair_transparentpouch_limitededition_springsummer20_lr_t.jpg","datePublished":"2025-09-20T20:21:16+00:00","dateModified":"2025-10-07T03:55:25+00:00","breadcrumb":{"@id":"https:\/\/hairdeluxe.ee\/ru\/product\/balmain-hair-labipaistev-kosmeetikakott-xl-transparent-pouch-set-xl-size\/#breadcrumb"},"inLanguage":"ru-RU","potentialAction":[{"@type":"ReadAction","target":["https:\/\/hairdeluxe.ee\/ru\/product\/balmain-hair-labipaistev-kosmeetikakott-xl-transparent-pouch-set-xl-size\/"]}]},{"@type":"ImageObject","inLanguage":"ru-RU","@id":"https:\/\/hairdeluxe.ee\/ru\/product\/balmain-hair-labipaistev-kosmeetikakott-xl-transparent-pouch-set-xl-size\/#primaryimage","url":"https:\/\/hairdeluxe.ee\/wp-content\/uploads\/2025\/09\/balmainhair_transparentpouch_limitededition_springsummer20_lr_t.jpg","contentUrl":"https:\/\/hairdeluxe.ee\/wp-content\/uploads\/2025\/09\/balmainhair_transparentpouch_limitededition_springsummer20_lr_t.jpg","width":1500,"height":1500},{"@type":"BreadcrumbList","@id":"https:\/\/hairdeluxe.ee\/ru\/product\/balmain-hair-labipaistev-kosmeetikakott-xl-transparent-pouch-set-xl-size\/#breadcrumb","itemListElement":[{"@type":"ListItem","position":1,"name":"Home","item":"https:\/\/hairdeluxe.ee\/ru\/"},{"@type":"ListItem","position":2,"name":"\u041c\u0430\u0433\u0430\u0437\u0438\u043d","item":"https:\/\/hairdeluxe.ee\/ru\/shop\/"},{"@type":"ListItem","position":3,"name":"BALMAIN HAIR l\u00e4bipaistev kosmeetikakott XL \/ Transparent Pouch Set XL size"}]},{"@type":"WebSite","@id":"https:\/\/hairdeluxe.ee\/ru\/#website","url":"https:\/\/hairdeluxe.ee\/ru\/","name":"Hair Deluxe","description":"Highlight your natural beauty","publisher":{"@id":"https:\/\/hairdeluxe.ee\/ru\/#organization"},"potentialAction":[{"@type":"SearchAction","target":{"@type":"EntryPoint","urlTemplate":"https:\/\/hairdeluxe.ee\/ru\/?s={search_term_string}"},"query-input":{"@type":"PropertyValueSpecification","valueRequired":true,"valueName":"search_term_string"}}],"inLanguage":"ru-RU"},{"@type":"Organization","@id":"https:\/\/hairdeluxe.ee\/ru\/#organization","name":"Hair Deluxe","url":"https:\/\/hairdeluxe.ee\/ru\/","logo":{"@type":"ImageObject","inLanguage":"ru-RU","@id":"https:\/\/hairdeluxe.ee\/ru\/#\/schema\/logo\/image\/","url":"https:\/\/hairdeluxe.ee\/wp-content\/uploads\/2024\/06\/Hair-Deluxe-Logo-Dark-font.png","contentUrl":"https:\/\/hairdeluxe.ee\/wp-content\/uploads\/2024\/06\/Hair-Deluxe-Logo-Dark-font.png","width":467,"height":177,"caption":"Hair Deluxe"},"image":{"@id":"https:\/\/hairdeluxe.ee\/ru\/#\/schema\/logo\/image\/"},"sameAs":["https:\/\/www.facebook.com\/blowbartallinn","https:\/\/www.instagram.com\/blowbar_tallinn"]}]}},"_links":{"self":[{"href":"https:\/\/hairdeluxe.ee\/ru\/wp-json\/wp\/v2\/product\/52204","targetHints":{"allow":["GET"]}}],"collection":[{"href":"https:\/\/hairdeluxe.ee\/ru\/wp-json\/wp\/v2\/product"}],"about":[{"href":"https:\/\/hairdeluxe.ee\/ru\/wp-json\/wp\/v2\/types\/product"}],"wp:featuredmedia":[{"embeddable":true,"href":"https:\/\/hairdeluxe.ee\/ru\/wp-json\/wp\/v2\/media\/52236"}],"wp:attachment":[{"href":"https:\/\/hairdeluxe.ee\/ru\/wp-json\/wp\/v2\/media?parent=52204"}],"wp:term":[{"taxonomy":"product_brand","embeddable":true,"href":"https:\/\/hairdeluxe.ee\/ru\/wp-json\/wp\/v2\/product_brand?post=52204"},{"taxonomy":"product_cat","embeddable":true,"href":"https:\/\/hairdeluxe.ee\/ru\/wp-json\/wp\/v2\/product_cat?post=52204"},{"taxonomy":"product_tag","embeddable":true,"href":"https:\/\/hairdeluxe.ee\/ru\/wp-json\/wp\/v2\/product_tag?post=52204"}],"curies":[{"name":"wp","href":"https:\/\/api.w.org\/{rel}","templated":true}]}}