{"id":52209,"date":"2025-09-20T20:21:19","date_gmt":"2025-09-20T20:21:19","guid":{"rendered":"https:\/\/hairdeluxe.ee\/?post_type=product&#038;p=52209"},"modified":"2025-09-20T20:21:34","modified_gmt":"2025-09-20T20:21:34","slug":"balmain-hair-juukseid-sugavniisutav-kinkekomplekt-muse-du-printemps-moisturizing-set-white","status":"publish","type":"product","link":"https:\/\/hairdeluxe.ee\/ru\/product\/balmain-hair-juukseid-sugavniisutav-kinkekomplekt-muse-du-printemps-moisturizing-set-white\/","title":{"rendered":"BALMAIN HAIR juukseid s\u00fcgavniisutav kinkekomplekt \/ Muse du Printemps Moisturizing Set White"},"content":{"rendered":"","protected":false},"excerpt":{"rendered":"<div>MUSE du PRINTEMPS &#8212; spetsiaalselt Balmain Hairi klientidele toodetud keskkonnas\u00f5bralikest materjalidest ja roostevabast terasest Spring Muse D&#8217;Amour kollektsiooni sarja White veepudel on kasutajale mugav ja ergonoomiline.<\/div>\n<div>Veepudeli kaheseinaline lahendus hoiab teie joogi kaua soojas v\u00f5i jahedas, t\u00e4pselt nii, nagu soovite.<\/div>\n<div>Veepudel on kaetud siidise kattega, mis loob k\u00e4es mugava ja kindla haarde ka treeningu ajal.<\/div>\n<div><\/div>\n<div>Balmain Hair niisutavate toodetega komplekti tooted aitavad hoida optimaalset niiskuse tasakaalu kogu p\u00e4eva jooksul teie juustes ja kehas.<\/div>\n<div>Soovitame veepudelit MUSE du PRINTEMPS kogu aeg endaga kaasas kanda, et sul oleks v\u00f5imalus oma kehas niiskuse tasakaalu s\u00e4ilitada.<\/div>\n<div>Balmain Hair hoolib sinust iga minut!<\/div>\n<div><\/div>\n<div><strong>Komplekt sisaldab:<\/strong><\/div>\n<div>&#8212; Niisutav \u0161ampoon, 300ml<\/div>\n<div>&#8212; Niisutav palsam, 300ml<\/div>\n<div>&#8212; GWP: Siidise ja mittelibiseva kattega valge roostevabast terasest kaheseinaline veepudel<\/div>\n","protected":false},"featured_media":52268,"template":"","meta":[],"product_brand":[],"product_cat":[130],"product_tag":[],"class_list":{"0":"post-52209","1":"product","2":"type-product","3":"status-publish","4":"has-post-thumbnail","6":"product_cat-kinkekomplektid","8":"first","9":"instock","10":"taxable","11":"shipping-taxable","12":"purchasable","13":"product-type-simple","14":"add-to-wishlist-after_add_to_cart"},"yoast_head":"<!-- This site is optimized with the Yoast SEO plugin v27.5 - https:\/\/yoast.com\/product\/yoast-seo-wordpress\/ -->\n<title>BALMAIN HAIR juukseid s\u00fcgavniisutav kinkekomplekt \/ Muse du Printemps Moisturizing Set White - Hair Deluxe<\/title>\n<meta name=\"robots\" content=\"index, follow, max-snippet:-1, max-image-preview:large, max-video-preview:-1\" \/>\n<link rel=\"canonical\" href=\"https:\/\/hairdeluxe.ee\/ru\/product\/balmain-hair-juukseid-sugavniisutav-kinkekomplekt-muse-du-printemps-moisturizing-set-white\/\" \/>\n<meta property=\"og:locale\" content=\"ru_RU\" \/>\n<meta property=\"og:type\" content=\"article\" \/>\n<meta property=\"og:title\" content=\"BALMAIN HAIR juukseid s\u00fcgavniisutav kinkekomplekt \/ Muse du Printemps Moisturizing Set White - Hair Deluxe\" \/>\n<meta property=\"og:description\" content=\"MUSE du PRINTEMPS - spetsiaalselt Balmain Hairi klientidele toodetud keskkonnas\u00f5bralikest materjalidest ja roostevabast terasest Spring Muse D&#039;Amour kollektsiooni sarja White veepudel on kasutajale mugav ja ergonoomiline. Veepudeli kaheseinaline lahendus hoiab teie joogi kaua soojas v\u00f5i jahedas, t\u00e4pselt nii, nagu soovite. Veepudel on kaetud siidise kattega, mis loob k\u00e4es mugava ja kindla haarde ka treeningu ajal.  Balmain Hair niisutavate toodetega komplekti tooted aitavad hoida optimaalset niiskuse tasakaalu kogu p\u00e4eva jooksul teie juustes ja kehas. Soovitame veepudelit MUSE du PRINTEMPS kogu aeg endaga kaasas kanda, et sul oleks v\u00f5imalus oma kehas niiskuse tasakaalu s\u00e4ilitada. Balmain Hair hoolib sinust iga minut!  Komplekt sisaldab: - Niisutav \u0161ampoon, 300ml - Niisutav palsam, 300ml - GWP: Siidise ja mittelibiseva kattega valge roostevabast terasest kaheseinaline veepudel\" \/>\n<meta property=\"og:url\" content=\"https:\/\/hairdeluxe.ee\/ru\/product\/balmain-hair-juukseid-sugavniisutav-kinkekomplekt-muse-du-printemps-moisturizing-set-white\/\" \/>\n<meta property=\"og:site_name\" content=\"Hair Deluxe\" \/>\n<meta property=\"article:publisher\" content=\"https:\/\/www.facebook.com\/blowbartallinn\" \/>\n<meta property=\"article:modified_time\" content=\"2025-09-20T20:21:34+00:00\" \/>\n<meta name=\"twitter:card\" content=\"summary_large_image\" \/>\n<script type=\"application\/ld+json\" class=\"yoast-schema-graph\">{\"@context\":\"https:\\\/\\\/schema.org\",\"@graph\":[{\"@type\":\"WebPage\",\"@id\":\"https:\\\/\\\/hairdeluxe.ee\\\/ru\\\/product\\\/balmain-hair-juukseid-sugavniisutav-kinkekomplekt-muse-du-printemps-moisturizing-set-white\\\/\",\"url\":\"https:\\\/\\\/hairdeluxe.ee\\\/ru\\\/product\\\/balmain-hair-juukseid-sugavniisutav-kinkekomplekt-muse-du-printemps-moisturizing-set-white\\\/\",\"name\":\"BALMAIN HAIR juukseid s\u00fcgavniisutav kinkekomplekt \\\/ Muse du Printemps Moisturizing Set White - Hair Deluxe\",\"isPartOf\":{\"@id\":\"https:\\\/\\\/hairdeluxe.ee\\\/ru\\\/#website\"},\"primaryImageOfPage\":{\"@id\":\"https:\\\/\\\/hairdeluxe.ee\\\/ru\\\/product\\\/balmain-hair-juukseid-sugavniisutav-kinkekomplekt-muse-du-printemps-moisturizing-set-white\\\/#primaryimage\"},\"image\":{\"@id\":\"https:\\\/\\\/hairdeluxe.ee\\\/ru\\\/product\\\/balmain-hair-juukseid-sugavniisutav-kinkekomplekt-muse-du-printemps-moisturizing-set-white\\\/#primaryimage\"},\"thumbnailUrl\":\"https:\\\/\\\/hairdeluxe.ee\\\/wp-content\\\/uploads\\\/2025\\\/09\\\/muse-1.jpg\",\"datePublished\":\"2025-09-20T20:21:19+00:00\",\"dateModified\":\"2025-09-20T20:21:34+00:00\",\"breadcrumb\":{\"@id\":\"https:\\\/\\\/hairdeluxe.ee\\\/ru\\\/product\\\/balmain-hair-juukseid-sugavniisutav-kinkekomplekt-muse-du-printemps-moisturizing-set-white\\\/#breadcrumb\"},\"inLanguage\":\"ru-RU\",\"potentialAction\":[{\"@type\":\"ReadAction\",\"target\":[\"https:\\\/\\\/hairdeluxe.ee\\\/ru\\\/product\\\/balmain-hair-juukseid-sugavniisutav-kinkekomplekt-muse-du-printemps-moisturizing-set-white\\\/\"]}]},{\"@type\":\"ImageObject\",\"inLanguage\":\"ru-RU\",\"@id\":\"https:\\\/\\\/hairdeluxe.ee\\\/ru\\\/product\\\/balmain-hair-juukseid-sugavniisutav-kinkekomplekt-muse-du-printemps-moisturizing-set-white\\\/#primaryimage\",\"url\":\"https:\\\/\\\/hairdeluxe.ee\\\/wp-content\\\/uploads\\\/2025\\\/09\\\/muse-1.jpg\",\"contentUrl\":\"https:\\\/\\\/hairdeluxe.ee\\\/wp-content\\\/uploads\\\/2025\\\/09\\\/muse-1.jpg\",\"width\":800,\"height\":800},{\"@type\":\"BreadcrumbList\",\"@id\":\"https:\\\/\\\/hairdeluxe.ee\\\/ru\\\/product\\\/balmain-hair-juukseid-sugavniisutav-kinkekomplekt-muse-du-printemps-moisturizing-set-white\\\/#breadcrumb\",\"itemListElement\":[{\"@type\":\"ListItem\",\"position\":1,\"name\":\"Home\",\"item\":\"https:\\\/\\\/hairdeluxe.ee\\\/ru\\\/\"},{\"@type\":\"ListItem\",\"position\":2,\"name\":\"\u041c\u0430\u0433\u0430\u0437\u0438\u043d\",\"item\":\"https:\\\/\\\/hairdeluxe.ee\\\/ru\\\/shop\\\/\"},{\"@type\":\"ListItem\",\"position\":3,\"name\":\"BALMAIN HAIR juukseid s\u00fcgavniisutav kinkekomplekt \\\/ Muse du Printemps Moisturizing Set White\"}]},{\"@type\":\"WebSite\",\"@id\":\"https:\\\/\\\/hairdeluxe.ee\\\/ru\\\/#website\",\"url\":\"https:\\\/\\\/hairdeluxe.ee\\\/ru\\\/\",\"name\":\"Hair Deluxe\",\"description\":\"Highlight your natural beauty\",\"publisher\":{\"@id\":\"https:\\\/\\\/hairdeluxe.ee\\\/ru\\\/#organization\"},\"potentialAction\":[{\"@type\":\"SearchAction\",\"target\":{\"@type\":\"EntryPoint\",\"urlTemplate\":\"https:\\\/\\\/hairdeluxe.ee\\\/ru\\\/?s={search_term_string}\"},\"query-input\":{\"@type\":\"PropertyValueSpecification\",\"valueRequired\":true,\"valueName\":\"search_term_string\"}}],\"inLanguage\":\"ru-RU\"},{\"@type\":\"Organization\",\"@id\":\"https:\\\/\\\/hairdeluxe.ee\\\/ru\\\/#organization\",\"name\":\"Hair Deluxe\",\"url\":\"https:\\\/\\\/hairdeluxe.ee\\\/ru\\\/\",\"logo\":{\"@type\":\"ImageObject\",\"inLanguage\":\"ru-RU\",\"@id\":\"https:\\\/\\\/hairdeluxe.ee\\\/ru\\\/#\\\/schema\\\/logo\\\/image\\\/\",\"url\":\"https:\\\/\\\/hairdeluxe.ee\\\/wp-content\\\/uploads\\\/2024\\\/06\\\/Hair-Deluxe-Logo-Dark-font.png\",\"contentUrl\":\"https:\\\/\\\/hairdeluxe.ee\\\/wp-content\\\/uploads\\\/2024\\\/06\\\/Hair-Deluxe-Logo-Dark-font.png\",\"width\":467,\"height\":177,\"caption\":\"Hair Deluxe\"},\"image\":{\"@id\":\"https:\\\/\\\/hairdeluxe.ee\\\/ru\\\/#\\\/schema\\\/logo\\\/image\\\/\"},\"sameAs\":[\"https:\\\/\\\/www.facebook.com\\\/blowbartallinn\",\"https:\\\/\\\/www.instagram.com\\\/blowbar_tallinn\"]}]}<\/script>\n<!-- \/ Yoast SEO plugin. -->","yoast_head_json":{"title":"BALMAIN HAIR juukseid s\u00fcgavniisutav kinkekomplekt \/ Muse du Printemps Moisturizing Set White - Hair Deluxe","robots":{"index":"index","follow":"follow","max-snippet":"max-snippet:-1","max-image-preview":"max-image-preview:large","max-video-preview":"max-video-preview:-1"},"canonical":"https:\/\/hairdeluxe.ee\/ru\/product\/balmain-hair-juukseid-sugavniisutav-kinkekomplekt-muse-du-printemps-moisturizing-set-white\/","og_locale":"ru_RU","og_type":"article","og_title":"BALMAIN HAIR juukseid s\u00fcgavniisutav kinkekomplekt \/ Muse du Printemps Moisturizing Set White - Hair Deluxe","og_description":"MUSE du PRINTEMPS - spetsiaalselt Balmain Hairi klientidele toodetud keskkonnas\u00f5bralikest materjalidest ja roostevabast terasest Spring Muse D'Amour kollektsiooni sarja White veepudel on kasutajale mugav ja ergonoomiline. Veepudeli kaheseinaline lahendus hoiab teie joogi kaua soojas v\u00f5i jahedas, t\u00e4pselt nii, nagu soovite. Veepudel on kaetud siidise kattega, mis loob k\u00e4es mugava ja kindla haarde ka treeningu ajal.  Balmain Hair niisutavate toodetega komplekti tooted aitavad hoida optimaalset niiskuse tasakaalu kogu p\u00e4eva jooksul teie juustes ja kehas. Soovitame veepudelit MUSE du PRINTEMPS kogu aeg endaga kaasas kanda, et sul oleks v\u00f5imalus oma kehas niiskuse tasakaalu s\u00e4ilitada. Balmain Hair hoolib sinust iga minut!  Komplekt sisaldab: - Niisutav \u0161ampoon, 300ml - Niisutav palsam, 300ml - GWP: Siidise ja mittelibiseva kattega valge roostevabast terasest kaheseinaline veepudel","og_url":"https:\/\/hairdeluxe.ee\/ru\/product\/balmain-hair-juukseid-sugavniisutav-kinkekomplekt-muse-du-printemps-moisturizing-set-white\/","og_site_name":"Hair Deluxe","article_publisher":"https:\/\/www.facebook.com\/blowbartallinn","article_modified_time":"2025-09-20T20:21:34+00:00","twitter_card":"summary_large_image","schema":{"@context":"https:\/\/schema.org","@graph":[{"@type":"WebPage","@id":"https:\/\/hairdeluxe.ee\/ru\/product\/balmain-hair-juukseid-sugavniisutav-kinkekomplekt-muse-du-printemps-moisturizing-set-white\/","url":"https:\/\/hairdeluxe.ee\/ru\/product\/balmain-hair-juukseid-sugavniisutav-kinkekomplekt-muse-du-printemps-moisturizing-set-white\/","name":"BALMAIN HAIR juukseid s\u00fcgavniisutav kinkekomplekt \/ Muse du Printemps Moisturizing Set White - Hair Deluxe","isPartOf":{"@id":"https:\/\/hairdeluxe.ee\/ru\/#website"},"primaryImageOfPage":{"@id":"https:\/\/hairdeluxe.ee\/ru\/product\/balmain-hair-juukseid-sugavniisutav-kinkekomplekt-muse-du-printemps-moisturizing-set-white\/#primaryimage"},"image":{"@id":"https:\/\/hairdeluxe.ee\/ru\/product\/balmain-hair-juukseid-sugavniisutav-kinkekomplekt-muse-du-printemps-moisturizing-set-white\/#primaryimage"},"thumbnailUrl":"https:\/\/hairdeluxe.ee\/wp-content\/uploads\/2025\/09\/muse-1.jpg","datePublished":"2025-09-20T20:21:19+00:00","dateModified":"2025-09-20T20:21:34+00:00","breadcrumb":{"@id":"https:\/\/hairdeluxe.ee\/ru\/product\/balmain-hair-juukseid-sugavniisutav-kinkekomplekt-muse-du-printemps-moisturizing-set-white\/#breadcrumb"},"inLanguage":"ru-RU","potentialAction":[{"@type":"ReadAction","target":["https:\/\/hairdeluxe.ee\/ru\/product\/balmain-hair-juukseid-sugavniisutav-kinkekomplekt-muse-du-printemps-moisturizing-set-white\/"]}]},{"@type":"ImageObject","inLanguage":"ru-RU","@id":"https:\/\/hairdeluxe.ee\/ru\/product\/balmain-hair-juukseid-sugavniisutav-kinkekomplekt-muse-du-printemps-moisturizing-set-white\/#primaryimage","url":"https:\/\/hairdeluxe.ee\/wp-content\/uploads\/2025\/09\/muse-1.jpg","contentUrl":"https:\/\/hairdeluxe.ee\/wp-content\/uploads\/2025\/09\/muse-1.jpg","width":800,"height":800},{"@type":"BreadcrumbList","@id":"https:\/\/hairdeluxe.ee\/ru\/product\/balmain-hair-juukseid-sugavniisutav-kinkekomplekt-muse-du-printemps-moisturizing-set-white\/#breadcrumb","itemListElement":[{"@type":"ListItem","position":1,"name":"Home","item":"https:\/\/hairdeluxe.ee\/ru\/"},{"@type":"ListItem","position":2,"name":"\u041c\u0430\u0433\u0430\u0437\u0438\u043d","item":"https:\/\/hairdeluxe.ee\/ru\/shop\/"},{"@type":"ListItem","position":3,"name":"BALMAIN HAIR juukseid s\u00fcgavniisutav kinkekomplekt \/ Muse du Printemps Moisturizing Set White"}]},{"@type":"WebSite","@id":"https:\/\/hairdeluxe.ee\/ru\/#website","url":"https:\/\/hairdeluxe.ee\/ru\/","name":"Hair Deluxe","description":"Highlight your natural beauty","publisher":{"@id":"https:\/\/hairdeluxe.ee\/ru\/#organization"},"potentialAction":[{"@type":"SearchAction","target":{"@type":"EntryPoint","urlTemplate":"https:\/\/hairdeluxe.ee\/ru\/?s={search_term_string}"},"query-input":{"@type":"PropertyValueSpecification","valueRequired":true,"valueName":"search_term_string"}}],"inLanguage":"ru-RU"},{"@type":"Organization","@id":"https:\/\/hairdeluxe.ee\/ru\/#organization","name":"Hair Deluxe","url":"https:\/\/hairdeluxe.ee\/ru\/","logo":{"@type":"ImageObject","inLanguage":"ru-RU","@id":"https:\/\/hairdeluxe.ee\/ru\/#\/schema\/logo\/image\/","url":"https:\/\/hairdeluxe.ee\/wp-content\/uploads\/2024\/06\/Hair-Deluxe-Logo-Dark-font.png","contentUrl":"https:\/\/hairdeluxe.ee\/wp-content\/uploads\/2024\/06\/Hair-Deluxe-Logo-Dark-font.png","width":467,"height":177,"caption":"Hair Deluxe"},"image":{"@id":"https:\/\/hairdeluxe.ee\/ru\/#\/schema\/logo\/image\/"},"sameAs":["https:\/\/www.facebook.com\/blowbartallinn","https:\/\/www.instagram.com\/blowbar_tallinn"]}]}},"_links":{"self":[{"href":"https:\/\/hairdeluxe.ee\/ru\/wp-json\/wp\/v2\/product\/52209","targetHints":{"allow":["GET"]}}],"collection":[{"href":"https:\/\/hairdeluxe.ee\/ru\/wp-json\/wp\/v2\/product"}],"about":[{"href":"https:\/\/hairdeluxe.ee\/ru\/wp-json\/wp\/v2\/types\/product"}],"wp:featuredmedia":[{"embeddable":true,"href":"https:\/\/hairdeluxe.ee\/ru\/wp-json\/wp\/v2\/media\/52268"}],"wp:attachment":[{"href":"https:\/\/hairdeluxe.ee\/ru\/wp-json\/wp\/v2\/media?parent=52209"}],"wp:term":[{"taxonomy":"product_brand","embeddable":true,"href":"https:\/\/hairdeluxe.ee\/ru\/wp-json\/wp\/v2\/product_brand?post=52209"},{"taxonomy":"product_cat","embeddable":true,"href":"https:\/\/hairdeluxe.ee\/ru\/wp-json\/wp\/v2\/product_cat?post=52209"},{"taxonomy":"product_tag","embeddable":true,"href":"https:\/\/hairdeluxe.ee\/ru\/wp-json\/wp\/v2\/product_tag?post=52209"}],"curies":[{"name":"wp","href":"https:\/\/api.w.org\/{rel}","templated":true}]}}