{"id":52211,"date":"2025-09-20T20:21:20","date_gmt":"2025-09-20T20:21:20","guid":{"rendered":"https:\/\/hairdeluxe.ee\/?post_type=product&#038;p=52211"},"modified":"2025-10-07T03:55:25","modified_gmt":"2025-10-07T03:55:25","slug":"balmain-hair-3d-lillemotiividega-juuksekpamber-ponisabale-3d-floral-ponytail-clip","status":"publish","type":"product","link":"https:\/\/hairdeluxe.ee\/ru\/product\/balmain-hair-3d-lillemotiividega-juuksekpamber-ponisabale-3d-floral-ponytail-clip\/","title":{"rendered":"BALMAIN HAIR 3D lillemotiividega juuksekpamber ponisabale \/ 3D FLORAL PONYTAIL CLIP"},"content":{"rendered":"","protected":false},"excerpt":{"rendered":"<div>Limited Edition Printemps Floral Ponytail Clip on valmistatud esmaklassilistest keskkonnas\u00f5bralikest materjalidest, kasutades t\u00e4iustatud 3D-printimise tehnoloogiat, mis \u00fchendab elegantsi sujuvalt luksusliku modernsusega.<\/div>\n<div>Kevadiste \u00f5itsengute ilust inspireerituna on see ideaalne aksessuaar igap\u00e4evaseks kandmiseks v\u00f5i erilistel puhkudel, lisades soengule omap\u00e4ra ja pilkup\u00fc\u00fcdvust.<\/p>\n<p>Kaunistatud 18K kullaga kaetud BALMAIN B-logoga<\/p><\/div>\n<div><\/div>\n<div>Kerge, kuid vastupidav juukseklambri konstruktsioon tagab p\u00fcsiva mugavuse soengus, v\u00f5imaldades pingutuseta kogu p\u00e4eva seda kaunist juukseehet kanda.<\/p>\n<p>Juukseklambri elegantne ja lilleline disain kajastab kevade \u00f5rna ilu, muutes selle ajatu v\u00e4limuse nii igap\u00e4evaseks kandmiseks kui ka erilistel puhkudel.<\/p><\/div>\n<div><\/div>\n<div>M\u00f5\u00f5dud:<\/p>\n<p>Pikkus: 6 cm \/ Laius: 4,20 cm \/ K\u00f5rgus: 3,50 cm<\/p><\/div>\n","protected":false},"featured_media":52288,"template":"","meta":[],"product_brand":[],"product_cat":[96,192],"product_tag":[],"class_list":{"0":"post-52211","1":"product","2":"type-product","3":"status-publish","4":"has-post-thumbnail","6":"product_cat-aksessuaarid","7":"product_cat-uued-tooted","9":"first","10":"instock","11":"taxable","12":"shipping-taxable","13":"purchasable","14":"product-type-simple","15":"add-to-wishlist-after_add_to_cart"},"yoast_head":"<!-- This site is optimized with the Yoast SEO plugin v27.5 - https:\/\/yoast.com\/product\/yoast-seo-wordpress\/ -->\n<title>BALMAIN HAIR 3D lillemotiividega juuksekpamber ponisabale \/ 3D FLORAL PONYTAIL CLIP - Hair Deluxe<\/title>\n<meta name=\"robots\" content=\"index, follow, max-snippet:-1, max-image-preview:large, max-video-preview:-1\" \/>\n<link rel=\"canonical\" href=\"https:\/\/hairdeluxe.ee\/ru\/product\/balmain-hair-3d-lillemotiividega-juuksekpamber-ponisabale-3d-floral-ponytail-clip\/\" \/>\n<meta property=\"og:locale\" content=\"ru_RU\" \/>\n<meta property=\"og:type\" content=\"article\" \/>\n<meta property=\"og:title\" content=\"BALMAIN HAIR 3D lillemotiividega juuksekpamber ponisabale \/ 3D FLORAL PONYTAIL CLIP - Hair Deluxe\" \/>\n<meta property=\"og:description\" content=\"Limited Edition Printemps Floral Ponytail Clip on valmistatud esmaklassilistest keskkonnas\u00f5bralikest materjalidest, kasutades t\u00e4iustatud 3D-printimise tehnoloogiat, mis \u00fchendab elegantsi sujuvalt luksusliku modernsusega. Kevadiste \u00f5itsengute ilust inspireerituna on see ideaalne aksessuaar igap\u00e4evaseks kandmiseks v\u00f5i erilistel puhkudel, lisades soengule omap\u00e4ra ja pilkup\u00fc\u00fcdvust. Kaunistatud 18K kullaga kaetud BALMAIN B-logoga  Kerge, kuid vastupidav juukseklambri konstruktsioon tagab p\u00fcsiva mugavuse soengus, v\u00f5imaldades pingutuseta kogu p\u00e4eva seda kaunist juukseehet kanda. Juukseklambri elegantne ja lilleline disain kajastab kevade \u00f5rna ilu, muutes selle ajatu v\u00e4limuse nii igap\u00e4evaseks kandmiseks kui ka erilistel puhkudel.  M\u00f5\u00f5dud: Pikkus: 6 cm \/ Laius: 4,20 cm \/ K\u00f5rgus: 3,50 cm\" \/>\n<meta property=\"og:url\" content=\"https:\/\/hairdeluxe.ee\/ru\/product\/balmain-hair-3d-lillemotiividega-juuksekpamber-ponisabale-3d-floral-ponytail-clip\/\" \/>\n<meta property=\"og:site_name\" content=\"Hair Deluxe\" \/>\n<meta property=\"article:publisher\" content=\"https:\/\/www.facebook.com\/blowbartallinn\" \/>\n<meta property=\"article:modified_time\" content=\"2025-10-07T03:55:25+00:00\" \/>\n<meta property=\"og:image\" content=\"https:\/\/hairdeluxe.ee\/wp-content\/uploads\/2025\/09\/balmainhair_accessoires_limitededition_printemps_floral_ponytail_clip_le_hj_pt_clip_l_ss25_01-scaled-1.jpg\" \/>\n\t<meta property=\"og:image:width\" content=\"2560\" \/>\n\t<meta property=\"og:image:height\" content=\"2560\" \/>\n\t<meta property=\"og:image:type\" content=\"image\/jpeg\" \/>\n<meta name=\"twitter:card\" content=\"summary_large_image\" \/>\n<script type=\"application\/ld+json\" class=\"yoast-schema-graph\">{\"@context\":\"https:\\\/\\\/schema.org\",\"@graph\":[{\"@type\":\"WebPage\",\"@id\":\"https:\\\/\\\/hairdeluxe.ee\\\/ru\\\/product\\\/balmain-hair-3d-lillemotiividega-juuksekpamber-ponisabale-3d-floral-ponytail-clip\\\/\",\"url\":\"https:\\\/\\\/hairdeluxe.ee\\\/ru\\\/product\\\/balmain-hair-3d-lillemotiividega-juuksekpamber-ponisabale-3d-floral-ponytail-clip\\\/\",\"name\":\"BALMAIN HAIR 3D lillemotiividega juuksekpamber ponisabale \\\/ 3D FLORAL PONYTAIL CLIP - Hair Deluxe\",\"isPartOf\":{\"@id\":\"https:\\\/\\\/hairdeluxe.ee\\\/ru\\\/#website\"},\"primaryImageOfPage\":{\"@id\":\"https:\\\/\\\/hairdeluxe.ee\\\/ru\\\/product\\\/balmain-hair-3d-lillemotiividega-juuksekpamber-ponisabale-3d-floral-ponytail-clip\\\/#primaryimage\"},\"image\":{\"@id\":\"https:\\\/\\\/hairdeluxe.ee\\\/ru\\\/product\\\/balmain-hair-3d-lillemotiividega-juuksekpamber-ponisabale-3d-floral-ponytail-clip\\\/#primaryimage\"},\"thumbnailUrl\":\"https:\\\/\\\/hairdeluxe.ee\\\/wp-content\\\/uploads\\\/2025\\\/09\\\/balmainhair_accessoires_limitededition_printemps_floral_ponytail_clip_le_hj_pt_clip_l_ss25_01-scaled-1.jpg\",\"datePublished\":\"2025-09-20T20:21:20+00:00\",\"dateModified\":\"2025-10-07T03:55:25+00:00\",\"breadcrumb\":{\"@id\":\"https:\\\/\\\/hairdeluxe.ee\\\/ru\\\/product\\\/balmain-hair-3d-lillemotiividega-juuksekpamber-ponisabale-3d-floral-ponytail-clip\\\/#breadcrumb\"},\"inLanguage\":\"ru-RU\",\"potentialAction\":[{\"@type\":\"ReadAction\",\"target\":[\"https:\\\/\\\/hairdeluxe.ee\\\/ru\\\/product\\\/balmain-hair-3d-lillemotiividega-juuksekpamber-ponisabale-3d-floral-ponytail-clip\\\/\"]}]},{\"@type\":\"ImageObject\",\"inLanguage\":\"ru-RU\",\"@id\":\"https:\\\/\\\/hairdeluxe.ee\\\/ru\\\/product\\\/balmain-hair-3d-lillemotiividega-juuksekpamber-ponisabale-3d-floral-ponytail-clip\\\/#primaryimage\",\"url\":\"https:\\\/\\\/hairdeluxe.ee\\\/wp-content\\\/uploads\\\/2025\\\/09\\\/balmainhair_accessoires_limitededition_printemps_floral_ponytail_clip_le_hj_pt_clip_l_ss25_01-scaled-1.jpg\",\"contentUrl\":\"https:\\\/\\\/hairdeluxe.ee\\\/wp-content\\\/uploads\\\/2025\\\/09\\\/balmainhair_accessoires_limitededition_printemps_floral_ponytail_clip_le_hj_pt_clip_l_ss25_01-scaled-1.jpg\",\"width\":2560,\"height\":2560},{\"@type\":\"BreadcrumbList\",\"@id\":\"https:\\\/\\\/hairdeluxe.ee\\\/ru\\\/product\\\/balmain-hair-3d-lillemotiividega-juuksekpamber-ponisabale-3d-floral-ponytail-clip\\\/#breadcrumb\",\"itemListElement\":[{\"@type\":\"ListItem\",\"position\":1,\"name\":\"Home\",\"item\":\"https:\\\/\\\/hairdeluxe.ee\\\/ru\\\/\"},{\"@type\":\"ListItem\",\"position\":2,\"name\":\"\u041c\u0430\u0433\u0430\u0437\u0438\u043d\",\"item\":\"https:\\\/\\\/hairdeluxe.ee\\\/ru\\\/shop\\\/\"},{\"@type\":\"ListItem\",\"position\":3,\"name\":\"BALMAIN HAIR 3D lillemotiividega juuksekpamber ponisabale \\\/ 3D FLORAL PONYTAIL CLIP\"}]},{\"@type\":\"WebSite\",\"@id\":\"https:\\\/\\\/hairdeluxe.ee\\\/ru\\\/#website\",\"url\":\"https:\\\/\\\/hairdeluxe.ee\\\/ru\\\/\",\"name\":\"Hair Deluxe\",\"description\":\"Highlight your natural beauty\",\"publisher\":{\"@id\":\"https:\\\/\\\/hairdeluxe.ee\\\/ru\\\/#organization\"},\"potentialAction\":[{\"@type\":\"SearchAction\",\"target\":{\"@type\":\"EntryPoint\",\"urlTemplate\":\"https:\\\/\\\/hairdeluxe.ee\\\/ru\\\/?s={search_term_string}\"},\"query-input\":{\"@type\":\"PropertyValueSpecification\",\"valueRequired\":true,\"valueName\":\"search_term_string\"}}],\"inLanguage\":\"ru-RU\"},{\"@type\":\"Organization\",\"@id\":\"https:\\\/\\\/hairdeluxe.ee\\\/ru\\\/#organization\",\"name\":\"Hair Deluxe\",\"url\":\"https:\\\/\\\/hairdeluxe.ee\\\/ru\\\/\",\"logo\":{\"@type\":\"ImageObject\",\"inLanguage\":\"ru-RU\",\"@id\":\"https:\\\/\\\/hairdeluxe.ee\\\/ru\\\/#\\\/schema\\\/logo\\\/image\\\/\",\"url\":\"https:\\\/\\\/hairdeluxe.ee\\\/wp-content\\\/uploads\\\/2024\\\/06\\\/Hair-Deluxe-Logo-Dark-font.png\",\"contentUrl\":\"https:\\\/\\\/hairdeluxe.ee\\\/wp-content\\\/uploads\\\/2024\\\/06\\\/Hair-Deluxe-Logo-Dark-font.png\",\"width\":467,\"height\":177,\"caption\":\"Hair Deluxe\"},\"image\":{\"@id\":\"https:\\\/\\\/hairdeluxe.ee\\\/ru\\\/#\\\/schema\\\/logo\\\/image\\\/\"},\"sameAs\":[\"https:\\\/\\\/www.facebook.com\\\/blowbartallinn\",\"https:\\\/\\\/www.instagram.com\\\/blowbar_tallinn\"]}]}<\/script>\n<!-- \/ Yoast SEO plugin. -->","yoast_head_json":{"title":"BALMAIN HAIR 3D lillemotiividega juuksekpamber ponisabale \/ 3D FLORAL PONYTAIL CLIP - Hair Deluxe","robots":{"index":"index","follow":"follow","max-snippet":"max-snippet:-1","max-image-preview":"max-image-preview:large","max-video-preview":"max-video-preview:-1"},"canonical":"https:\/\/hairdeluxe.ee\/ru\/product\/balmain-hair-3d-lillemotiividega-juuksekpamber-ponisabale-3d-floral-ponytail-clip\/","og_locale":"ru_RU","og_type":"article","og_title":"BALMAIN HAIR 3D lillemotiividega juuksekpamber ponisabale \/ 3D FLORAL PONYTAIL CLIP - Hair Deluxe","og_description":"Limited Edition Printemps Floral Ponytail Clip on valmistatud esmaklassilistest keskkonnas\u00f5bralikest materjalidest, kasutades t\u00e4iustatud 3D-printimise tehnoloogiat, mis \u00fchendab elegantsi sujuvalt luksusliku modernsusega. Kevadiste \u00f5itsengute ilust inspireerituna on see ideaalne aksessuaar igap\u00e4evaseks kandmiseks v\u00f5i erilistel puhkudel, lisades soengule omap\u00e4ra ja pilkup\u00fc\u00fcdvust. Kaunistatud 18K kullaga kaetud BALMAIN B-logoga  Kerge, kuid vastupidav juukseklambri konstruktsioon tagab p\u00fcsiva mugavuse soengus, v\u00f5imaldades pingutuseta kogu p\u00e4eva seda kaunist juukseehet kanda. Juukseklambri elegantne ja lilleline disain kajastab kevade \u00f5rna ilu, muutes selle ajatu v\u00e4limuse nii igap\u00e4evaseks kandmiseks kui ka erilistel puhkudel.  M\u00f5\u00f5dud: Pikkus: 6 cm \/ Laius: 4,20 cm \/ K\u00f5rgus: 3,50 cm","og_url":"https:\/\/hairdeluxe.ee\/ru\/product\/balmain-hair-3d-lillemotiividega-juuksekpamber-ponisabale-3d-floral-ponytail-clip\/","og_site_name":"Hair Deluxe","article_publisher":"https:\/\/www.facebook.com\/blowbartallinn","article_modified_time":"2025-10-07T03:55:25+00:00","og_image":[{"width":2560,"height":2560,"url":"https:\/\/hairdeluxe.ee\/wp-content\/uploads\/2025\/09\/balmainhair_accessoires_limitededition_printemps_floral_ponytail_clip_le_hj_pt_clip_l_ss25_01-scaled-1.jpg","type":"image\/jpeg"}],"twitter_card":"summary_large_image","schema":{"@context":"https:\/\/schema.org","@graph":[{"@type":"WebPage","@id":"https:\/\/hairdeluxe.ee\/ru\/product\/balmain-hair-3d-lillemotiividega-juuksekpamber-ponisabale-3d-floral-ponytail-clip\/","url":"https:\/\/hairdeluxe.ee\/ru\/product\/balmain-hair-3d-lillemotiividega-juuksekpamber-ponisabale-3d-floral-ponytail-clip\/","name":"BALMAIN HAIR 3D lillemotiividega juuksekpamber ponisabale \/ 3D FLORAL PONYTAIL CLIP - Hair Deluxe","isPartOf":{"@id":"https:\/\/hairdeluxe.ee\/ru\/#website"},"primaryImageOfPage":{"@id":"https:\/\/hairdeluxe.ee\/ru\/product\/balmain-hair-3d-lillemotiividega-juuksekpamber-ponisabale-3d-floral-ponytail-clip\/#primaryimage"},"image":{"@id":"https:\/\/hairdeluxe.ee\/ru\/product\/balmain-hair-3d-lillemotiividega-juuksekpamber-ponisabale-3d-floral-ponytail-clip\/#primaryimage"},"thumbnailUrl":"https:\/\/hairdeluxe.ee\/wp-content\/uploads\/2025\/09\/balmainhair_accessoires_limitededition_printemps_floral_ponytail_clip_le_hj_pt_clip_l_ss25_01-scaled-1.jpg","datePublished":"2025-09-20T20:21:20+00:00","dateModified":"2025-10-07T03:55:25+00:00","breadcrumb":{"@id":"https:\/\/hairdeluxe.ee\/ru\/product\/balmain-hair-3d-lillemotiividega-juuksekpamber-ponisabale-3d-floral-ponytail-clip\/#breadcrumb"},"inLanguage":"ru-RU","potentialAction":[{"@type":"ReadAction","target":["https:\/\/hairdeluxe.ee\/ru\/product\/balmain-hair-3d-lillemotiividega-juuksekpamber-ponisabale-3d-floral-ponytail-clip\/"]}]},{"@type":"ImageObject","inLanguage":"ru-RU","@id":"https:\/\/hairdeluxe.ee\/ru\/product\/balmain-hair-3d-lillemotiividega-juuksekpamber-ponisabale-3d-floral-ponytail-clip\/#primaryimage","url":"https:\/\/hairdeluxe.ee\/wp-content\/uploads\/2025\/09\/balmainhair_accessoires_limitededition_printemps_floral_ponytail_clip_le_hj_pt_clip_l_ss25_01-scaled-1.jpg","contentUrl":"https:\/\/hairdeluxe.ee\/wp-content\/uploads\/2025\/09\/balmainhair_accessoires_limitededition_printemps_floral_ponytail_clip_le_hj_pt_clip_l_ss25_01-scaled-1.jpg","width":2560,"height":2560},{"@type":"BreadcrumbList","@id":"https:\/\/hairdeluxe.ee\/ru\/product\/balmain-hair-3d-lillemotiividega-juuksekpamber-ponisabale-3d-floral-ponytail-clip\/#breadcrumb","itemListElement":[{"@type":"ListItem","position":1,"name":"Home","item":"https:\/\/hairdeluxe.ee\/ru\/"},{"@type":"ListItem","position":2,"name":"\u041c\u0430\u0433\u0430\u0437\u0438\u043d","item":"https:\/\/hairdeluxe.ee\/ru\/shop\/"},{"@type":"ListItem","position":3,"name":"BALMAIN HAIR 3D lillemotiividega juuksekpamber ponisabale \/ 3D FLORAL PONYTAIL CLIP"}]},{"@type":"WebSite","@id":"https:\/\/hairdeluxe.ee\/ru\/#website","url":"https:\/\/hairdeluxe.ee\/ru\/","name":"Hair Deluxe","description":"Highlight your natural beauty","publisher":{"@id":"https:\/\/hairdeluxe.ee\/ru\/#organization"},"potentialAction":[{"@type":"SearchAction","target":{"@type":"EntryPoint","urlTemplate":"https:\/\/hairdeluxe.ee\/ru\/?s={search_term_string}"},"query-input":{"@type":"PropertyValueSpecification","valueRequired":true,"valueName":"search_term_string"}}],"inLanguage":"ru-RU"},{"@type":"Organization","@id":"https:\/\/hairdeluxe.ee\/ru\/#organization","name":"Hair Deluxe","url":"https:\/\/hairdeluxe.ee\/ru\/","logo":{"@type":"ImageObject","inLanguage":"ru-RU","@id":"https:\/\/hairdeluxe.ee\/ru\/#\/schema\/logo\/image\/","url":"https:\/\/hairdeluxe.ee\/wp-content\/uploads\/2024\/06\/Hair-Deluxe-Logo-Dark-font.png","contentUrl":"https:\/\/hairdeluxe.ee\/wp-content\/uploads\/2024\/06\/Hair-Deluxe-Logo-Dark-font.png","width":467,"height":177,"caption":"Hair Deluxe"},"image":{"@id":"https:\/\/hairdeluxe.ee\/ru\/#\/schema\/logo\/image\/"},"sameAs":["https:\/\/www.facebook.com\/blowbartallinn","https:\/\/www.instagram.com\/blowbar_tallinn"]}]}},"_links":{"self":[{"href":"https:\/\/hairdeluxe.ee\/ru\/wp-json\/wp\/v2\/product\/52211","targetHints":{"allow":["GET"]}}],"collection":[{"href":"https:\/\/hairdeluxe.ee\/ru\/wp-json\/wp\/v2\/product"}],"about":[{"href":"https:\/\/hairdeluxe.ee\/ru\/wp-json\/wp\/v2\/types\/product"}],"wp:featuredmedia":[{"embeddable":true,"href":"https:\/\/hairdeluxe.ee\/ru\/wp-json\/wp\/v2\/media\/52288"}],"wp:attachment":[{"href":"https:\/\/hairdeluxe.ee\/ru\/wp-json\/wp\/v2\/media?parent=52211"}],"wp:term":[{"taxonomy":"product_brand","embeddable":true,"href":"https:\/\/hairdeluxe.ee\/ru\/wp-json\/wp\/v2\/product_brand?post=52211"},{"taxonomy":"product_cat","embeddable":true,"href":"https:\/\/hairdeluxe.ee\/ru\/wp-json\/wp\/v2\/product_cat?post=52211"},{"taxonomy":"product_tag","embeddable":true,"href":"https:\/\/hairdeluxe.ee\/ru\/wp-json\/wp\/v2\/product_tag?post=52211"}],"curies":[{"name":"wp","href":"https:\/\/api.w.org\/{rel}","templated":true}]}}