{"id":52221,"date":"2025-09-20T20:21:23","date_gmt":"2025-09-20T20:21:23","guid":{"rendered":"https:\/\/hairdeluxe.ee\/?post_type=product&#038;p=52221"},"modified":"2025-10-07T03:55:24","modified_gmt":"2025-10-07T03:55:24","slug":"balmain-hair-juukseklamber-krabi-s-beez-limited-edition-pince-small-beige","status":"publish","type":"product","link":"https:\/\/hairdeluxe.ee\/ru\/product\/balmain-hair-juukseklamber-krabi-s-beez-limited-edition-pince-small-beige\/","title":{"rendered":"BALMAIN HAIR juukseklamber krabi S beez \/ Limited Edition Pince Small Beige"},"content":{"rendered":"<div><strong>Limited Edition Pince \u00e0 Cheveux Small Beige juukseklamber.<\/strong><\/div>\n<div><\/div>\n<div>J\u00e4\u00e4dvusta liivarandade olemus Pince \u00e0 Cheveux Small juukseklambriga \u2013 see on k\u00e4sitsi valmistatud juukseaksessuaar, mis on inspireeritud liiva pehmetest toonidest.<\/p>\n<p>See elegantne klamber on valmistatud vastupidavast tselluloosatsetaadist ja sellel on Balmaini signatuurne 14K kullatud \u201eB\u201d logo. See on valmistatud detailidele p\u00f6\u00f6ratud hoolika t\u00e4helepanuga.<\/p>\n<p>Erakordselt tugev, kuid painduv materjal on h\u00fcpoallergeenne ning \u00f5rn nii juustele kui ka peanahale. Selle pehmed bee\u017eid toonid meenutavad suvep\u00e4evade soojust mere \u00e4\u00e4res, samas kui v\u00e4ike suurus muudab selle ideaalseks peenikestele v\u00f5i \u00f5hukestele juustele.<\/p>\n<p>See sobib ideaalselt lahtiste salkude kinnitamiseks ja teie v\u00e4limuse t\u00e4iendamiseks.<\/p><\/div>\n<div><\/div>\n<div><strong>M\u00f5\u00f5tmed: <\/strong><\/p>\n<p><strong>Pikkus: 5,50 cm \/ Laius: 3,00 cm \/ K\u00f5rgus: 3,50 cm<\/strong><\/div>\n","protected":false},"excerpt":{"rendered":"<div>V\u00e4ike k\u00e4sit\u00f6\u00f6na valminud klamber vastupidavast tselluloosatsetaadist, millel on Balmainile omane 14-karaadine kullatud \u201eB\u201d logo.<\/p>\n<p>Erakordselt tugev, kuid painduv materjal on h\u00fcpoallergeenne ning \u00f5rn nii juustele kui ka peanahale. See v\u00e4ike klamber sobib ideaalselt peenikestele v\u00f5i \u00f5hukestele juustele ja hoiab lahtised salgud vaevata n\u00e4ost eemal.<\/p><\/div>\n<div><\/div>\n<ul>\n<li>K\u00e4sit\u00f6\u00f6 Prantsusmaal<\/li>\n<li>Kaunistatud 14K kuldse Balmain Hair \u201cB\u201d logoga<\/li>\n<li>Ideaalne peenikestele ja \u00f5hukestele juustele<\/li>\n<li>Sobib ideaalselt igale juukset\u00fc\u00fcbile ja soengule<\/li>\n<li>Vastupidav materjal<\/li>\n<\/ul>\n<p>&nbsp;<\/p>\n<p>&nbsp;<\/p>\n","protected":false},"featured_media":52524,"template":"","meta":[],"product_brand":[],"product_cat":[96,192],"product_tag":[],"class_list":{"0":"post-52221","1":"product","2":"type-product","3":"status-publish","4":"has-post-thumbnail","6":"product_cat-aksessuaarid","7":"product_cat-uued-tooted","9":"first","10":"instock","11":"taxable","12":"shipping-taxable","13":"purchasable","14":"product-type-simple","15":"add-to-wishlist-after_add_to_cart"},"yoast_head":"<!-- This site is optimized with the Yoast SEO plugin v27.4 - https:\/\/yoast.com\/product\/yoast-seo-wordpress\/ -->\n<title>BALMAIN HAIR juukseklamber krabi S beez \/ Limited Edition Pince Small Beige - Hair Deluxe<\/title>\n<meta name=\"robots\" content=\"index, follow, max-snippet:-1, max-image-preview:large, max-video-preview:-1\" \/>\n<link rel=\"canonical\" href=\"https:\/\/hairdeluxe.ee\/ru\/product\/balmain-hair-juukseklamber-krabi-s-beez-limited-edition-pince-small-beige\/\" \/>\n<meta property=\"og:locale\" content=\"ru_RU\" \/>\n<meta property=\"og:type\" content=\"article\" \/>\n<meta property=\"og:title\" content=\"BALMAIN HAIR juukseklamber krabi S beez \/ Limited Edition Pince Small Beige - Hair Deluxe\" \/>\n<meta property=\"og:description\" content=\"V\u00e4ike k\u00e4sit\u00f6\u00f6na valminud klamber vastupidavast tselluloosatsetaadist, millel on Balmainile omane 14-karaadine kullatud \u201eB\u201d logo. Erakordselt tugev, kuid painduv materjal on h\u00fcpoallergeenne ning \u00f5rn nii juustele kui ka peanahale. See v\u00e4ike klamber sobib ideaalselt peenikestele v\u00f5i \u00f5hukestele juustele ja hoiab lahtised salgud vaevata n\u00e4ost eemal.    K\u00e4sit\u00f6\u00f6 Prantsusmaal  Kaunistatud 14K kuldse Balmain Hair \u201cB\u201d logoga  Ideaalne peenikestele ja \u00f5hukestele juustele  Sobib ideaalselt igale juukset\u00fc\u00fcbile ja soengule  Vastupidav materjal  &nbsp;  &nbsp;\" \/>\n<meta property=\"og:url\" content=\"https:\/\/hairdeluxe.ee\/ru\/product\/balmain-hair-juukseklamber-krabi-s-beez-limited-edition-pince-small-beige\/\" \/>\n<meta property=\"og:site_name\" content=\"Hair Deluxe\" \/>\n<meta property=\"article:publisher\" content=\"https:\/\/www.facebook.com\/blowbartallinn\" \/>\n<meta property=\"article:modified_time\" content=\"2025-10-07T03:55:24+00:00\" \/>\n<meta property=\"og:image\" content=\"https:\/\/hairdeluxe.ee\/wp-content\/uploads\/2025\/09\/beez-pince.jpg\" \/>\n\t<meta property=\"og:image:width\" content=\"528\" \/>\n\t<meta property=\"og:image:height\" content=\"578\" \/>\n\t<meta property=\"og:image:type\" content=\"image\/jpeg\" \/>\n<meta name=\"twitter:card\" content=\"summary_large_image\" \/>\n<meta name=\"twitter:label1\" content=\"\u041f\u0440\u0438\u043c\u0435\u0440\u043d\u043e\u0435 \u0432\u0440\u0435\u043c\u044f \u0434\u043b\u044f \u0447\u0442\u0435\u043d\u0438\u044f\" \/>\n\t<meta name=\"twitter:data1\" content=\"1 \u043c\u0438\u043d\u0443\u0442\u0430\" \/>\n<script type=\"application\/ld+json\" class=\"yoast-schema-graph\">{\"@context\":\"https:\\\/\\\/schema.org\",\"@graph\":[{\"@type\":\"WebPage\",\"@id\":\"https:\\\/\\\/hairdeluxe.ee\\\/ru\\\/product\\\/balmain-hair-juukseklamber-krabi-s-beez-limited-edition-pince-small-beige\\\/\",\"url\":\"https:\\\/\\\/hairdeluxe.ee\\\/ru\\\/product\\\/balmain-hair-juukseklamber-krabi-s-beez-limited-edition-pince-small-beige\\\/\",\"name\":\"BALMAIN HAIR juukseklamber krabi S beez \\\/ Limited Edition Pince Small Beige - Hair Deluxe\",\"isPartOf\":{\"@id\":\"https:\\\/\\\/hairdeluxe.ee\\\/ru\\\/#website\"},\"primaryImageOfPage\":{\"@id\":\"https:\\\/\\\/hairdeluxe.ee\\\/ru\\\/product\\\/balmain-hair-juukseklamber-krabi-s-beez-limited-edition-pince-small-beige\\\/#primaryimage\"},\"image\":{\"@id\":\"https:\\\/\\\/hairdeluxe.ee\\\/ru\\\/product\\\/balmain-hair-juukseklamber-krabi-s-beez-limited-edition-pince-small-beige\\\/#primaryimage\"},\"thumbnailUrl\":\"https:\\\/\\\/hairdeluxe.ee\\\/wp-content\\\/uploads\\\/2025\\\/09\\\/beez-pince.jpg\",\"datePublished\":\"2025-09-20T20:21:23+00:00\",\"dateModified\":\"2025-10-07T03:55:24+00:00\",\"breadcrumb\":{\"@id\":\"https:\\\/\\\/hairdeluxe.ee\\\/ru\\\/product\\\/balmain-hair-juukseklamber-krabi-s-beez-limited-edition-pince-small-beige\\\/#breadcrumb\"},\"inLanguage\":\"ru-RU\",\"potentialAction\":[{\"@type\":\"ReadAction\",\"target\":[\"https:\\\/\\\/hairdeluxe.ee\\\/ru\\\/product\\\/balmain-hair-juukseklamber-krabi-s-beez-limited-edition-pince-small-beige\\\/\"]}]},{\"@type\":\"ImageObject\",\"inLanguage\":\"ru-RU\",\"@id\":\"https:\\\/\\\/hairdeluxe.ee\\\/ru\\\/product\\\/balmain-hair-juukseklamber-krabi-s-beez-limited-edition-pince-small-beige\\\/#primaryimage\",\"url\":\"https:\\\/\\\/hairdeluxe.ee\\\/wp-content\\\/uploads\\\/2025\\\/09\\\/beez-pince.jpg\",\"contentUrl\":\"https:\\\/\\\/hairdeluxe.ee\\\/wp-content\\\/uploads\\\/2025\\\/09\\\/beez-pince.jpg\",\"width\":528,\"height\":578},{\"@type\":\"BreadcrumbList\",\"@id\":\"https:\\\/\\\/hairdeluxe.ee\\\/ru\\\/product\\\/balmain-hair-juukseklamber-krabi-s-beez-limited-edition-pince-small-beige\\\/#breadcrumb\",\"itemListElement\":[{\"@type\":\"ListItem\",\"position\":1,\"name\":\"Home\",\"item\":\"https:\\\/\\\/hairdeluxe.ee\\\/ru\\\/\"},{\"@type\":\"ListItem\",\"position\":2,\"name\":\"\u041c\u0430\u0433\u0430\u0437\u0438\u043d\",\"item\":\"https:\\\/\\\/hairdeluxe.ee\\\/ru\\\/shop\\\/\"},{\"@type\":\"ListItem\",\"position\":3,\"name\":\"BALMAIN HAIR juukseklamber krabi S beez \\\/ Limited Edition Pince Small Beige\"}]},{\"@type\":\"WebSite\",\"@id\":\"https:\\\/\\\/hairdeluxe.ee\\\/ru\\\/#website\",\"url\":\"https:\\\/\\\/hairdeluxe.ee\\\/ru\\\/\",\"name\":\"Hair Deluxe\",\"description\":\"Highlight your natural beauty\",\"publisher\":{\"@id\":\"https:\\\/\\\/hairdeluxe.ee\\\/ru\\\/#organization\"},\"potentialAction\":[{\"@type\":\"SearchAction\",\"target\":{\"@type\":\"EntryPoint\",\"urlTemplate\":\"https:\\\/\\\/hairdeluxe.ee\\\/ru\\\/?s={search_term_string}\"},\"query-input\":{\"@type\":\"PropertyValueSpecification\",\"valueRequired\":true,\"valueName\":\"search_term_string\"}}],\"inLanguage\":\"ru-RU\"},{\"@type\":\"Organization\",\"@id\":\"https:\\\/\\\/hairdeluxe.ee\\\/ru\\\/#organization\",\"name\":\"Hair Deluxe\",\"url\":\"https:\\\/\\\/hairdeluxe.ee\\\/ru\\\/\",\"logo\":{\"@type\":\"ImageObject\",\"inLanguage\":\"ru-RU\",\"@id\":\"https:\\\/\\\/hairdeluxe.ee\\\/ru\\\/#\\\/schema\\\/logo\\\/image\\\/\",\"url\":\"https:\\\/\\\/hairdeluxe.ee\\\/wp-content\\\/uploads\\\/2024\\\/06\\\/Hair-Deluxe-Logo-Dark-font.png\",\"contentUrl\":\"https:\\\/\\\/hairdeluxe.ee\\\/wp-content\\\/uploads\\\/2024\\\/06\\\/Hair-Deluxe-Logo-Dark-font.png\",\"width\":467,\"height\":177,\"caption\":\"Hair Deluxe\"},\"image\":{\"@id\":\"https:\\\/\\\/hairdeluxe.ee\\\/ru\\\/#\\\/schema\\\/logo\\\/image\\\/\"},\"sameAs\":[\"https:\\\/\\\/www.facebook.com\\\/blowbartallinn\",\"https:\\\/\\\/www.instagram.com\\\/blowbar_tallinn\"]}]}<\/script>\n<!-- \/ Yoast SEO plugin. -->","yoast_head_json":{"title":"BALMAIN HAIR juukseklamber krabi S beez \/ Limited Edition Pince Small Beige - Hair Deluxe","robots":{"index":"index","follow":"follow","max-snippet":"max-snippet:-1","max-image-preview":"max-image-preview:large","max-video-preview":"max-video-preview:-1"},"canonical":"https:\/\/hairdeluxe.ee\/ru\/product\/balmain-hair-juukseklamber-krabi-s-beez-limited-edition-pince-small-beige\/","og_locale":"ru_RU","og_type":"article","og_title":"BALMAIN HAIR juukseklamber krabi S beez \/ Limited Edition Pince Small Beige - Hair Deluxe","og_description":"V\u00e4ike k\u00e4sit\u00f6\u00f6na valminud klamber vastupidavast tselluloosatsetaadist, millel on Balmainile omane 14-karaadine kullatud \u201eB\u201d logo. Erakordselt tugev, kuid painduv materjal on h\u00fcpoallergeenne ning \u00f5rn nii juustele kui ka peanahale. See v\u00e4ike klamber sobib ideaalselt peenikestele v\u00f5i \u00f5hukestele juustele ja hoiab lahtised salgud vaevata n\u00e4ost eemal.    K\u00e4sit\u00f6\u00f6 Prantsusmaal  Kaunistatud 14K kuldse Balmain Hair \u201cB\u201d logoga  Ideaalne peenikestele ja \u00f5hukestele juustele  Sobib ideaalselt igale juukset\u00fc\u00fcbile ja soengule  Vastupidav materjal  &nbsp;  &nbsp;","og_url":"https:\/\/hairdeluxe.ee\/ru\/product\/balmain-hair-juukseklamber-krabi-s-beez-limited-edition-pince-small-beige\/","og_site_name":"Hair Deluxe","article_publisher":"https:\/\/www.facebook.com\/blowbartallinn","article_modified_time":"2025-10-07T03:55:24+00:00","og_image":[{"width":528,"height":578,"url":"https:\/\/hairdeluxe.ee\/wp-content\/uploads\/2025\/09\/beez-pince.jpg","type":"image\/jpeg"}],"twitter_card":"summary_large_image","twitter_misc":{"\u041f\u0440\u0438\u043c\u0435\u0440\u043d\u043e\u0435 \u0432\u0440\u0435\u043c\u044f \u0434\u043b\u044f \u0447\u0442\u0435\u043d\u0438\u044f":"1 \u043c\u0438\u043d\u0443\u0442\u0430"},"schema":{"@context":"https:\/\/schema.org","@graph":[{"@type":"WebPage","@id":"https:\/\/hairdeluxe.ee\/ru\/product\/balmain-hair-juukseklamber-krabi-s-beez-limited-edition-pince-small-beige\/","url":"https:\/\/hairdeluxe.ee\/ru\/product\/balmain-hair-juukseklamber-krabi-s-beez-limited-edition-pince-small-beige\/","name":"BALMAIN HAIR juukseklamber krabi S beez \/ Limited Edition Pince Small Beige - Hair Deluxe","isPartOf":{"@id":"https:\/\/hairdeluxe.ee\/ru\/#website"},"primaryImageOfPage":{"@id":"https:\/\/hairdeluxe.ee\/ru\/product\/balmain-hair-juukseklamber-krabi-s-beez-limited-edition-pince-small-beige\/#primaryimage"},"image":{"@id":"https:\/\/hairdeluxe.ee\/ru\/product\/balmain-hair-juukseklamber-krabi-s-beez-limited-edition-pince-small-beige\/#primaryimage"},"thumbnailUrl":"https:\/\/hairdeluxe.ee\/wp-content\/uploads\/2025\/09\/beez-pince.jpg","datePublished":"2025-09-20T20:21:23+00:00","dateModified":"2025-10-07T03:55:24+00:00","breadcrumb":{"@id":"https:\/\/hairdeluxe.ee\/ru\/product\/balmain-hair-juukseklamber-krabi-s-beez-limited-edition-pince-small-beige\/#breadcrumb"},"inLanguage":"ru-RU","potentialAction":[{"@type":"ReadAction","target":["https:\/\/hairdeluxe.ee\/ru\/product\/balmain-hair-juukseklamber-krabi-s-beez-limited-edition-pince-small-beige\/"]}]},{"@type":"ImageObject","inLanguage":"ru-RU","@id":"https:\/\/hairdeluxe.ee\/ru\/product\/balmain-hair-juukseklamber-krabi-s-beez-limited-edition-pince-small-beige\/#primaryimage","url":"https:\/\/hairdeluxe.ee\/wp-content\/uploads\/2025\/09\/beez-pince.jpg","contentUrl":"https:\/\/hairdeluxe.ee\/wp-content\/uploads\/2025\/09\/beez-pince.jpg","width":528,"height":578},{"@type":"BreadcrumbList","@id":"https:\/\/hairdeluxe.ee\/ru\/product\/balmain-hair-juukseklamber-krabi-s-beez-limited-edition-pince-small-beige\/#breadcrumb","itemListElement":[{"@type":"ListItem","position":1,"name":"Home","item":"https:\/\/hairdeluxe.ee\/ru\/"},{"@type":"ListItem","position":2,"name":"\u041c\u0430\u0433\u0430\u0437\u0438\u043d","item":"https:\/\/hairdeluxe.ee\/ru\/shop\/"},{"@type":"ListItem","position":3,"name":"BALMAIN HAIR juukseklamber krabi S beez \/ Limited Edition Pince Small Beige"}]},{"@type":"WebSite","@id":"https:\/\/hairdeluxe.ee\/ru\/#website","url":"https:\/\/hairdeluxe.ee\/ru\/","name":"Hair Deluxe","description":"Highlight your natural beauty","publisher":{"@id":"https:\/\/hairdeluxe.ee\/ru\/#organization"},"potentialAction":[{"@type":"SearchAction","target":{"@type":"EntryPoint","urlTemplate":"https:\/\/hairdeluxe.ee\/ru\/?s={search_term_string}"},"query-input":{"@type":"PropertyValueSpecification","valueRequired":true,"valueName":"search_term_string"}}],"inLanguage":"ru-RU"},{"@type":"Organization","@id":"https:\/\/hairdeluxe.ee\/ru\/#organization","name":"Hair Deluxe","url":"https:\/\/hairdeluxe.ee\/ru\/","logo":{"@type":"ImageObject","inLanguage":"ru-RU","@id":"https:\/\/hairdeluxe.ee\/ru\/#\/schema\/logo\/image\/","url":"https:\/\/hairdeluxe.ee\/wp-content\/uploads\/2024\/06\/Hair-Deluxe-Logo-Dark-font.png","contentUrl":"https:\/\/hairdeluxe.ee\/wp-content\/uploads\/2024\/06\/Hair-Deluxe-Logo-Dark-font.png","width":467,"height":177,"caption":"Hair Deluxe"},"image":{"@id":"https:\/\/hairdeluxe.ee\/ru\/#\/schema\/logo\/image\/"},"sameAs":["https:\/\/www.facebook.com\/blowbartallinn","https:\/\/www.instagram.com\/blowbar_tallinn"]}]}},"_links":{"self":[{"href":"https:\/\/hairdeluxe.ee\/ru\/wp-json\/wp\/v2\/product\/52221","targetHints":{"allow":["GET"]}}],"collection":[{"href":"https:\/\/hairdeluxe.ee\/ru\/wp-json\/wp\/v2\/product"}],"about":[{"href":"https:\/\/hairdeluxe.ee\/ru\/wp-json\/wp\/v2\/types\/product"}],"wp:featuredmedia":[{"embeddable":true,"href":"https:\/\/hairdeluxe.ee\/ru\/wp-json\/wp\/v2\/media\/52524"}],"wp:attachment":[{"href":"https:\/\/hairdeluxe.ee\/ru\/wp-json\/wp\/v2\/media?parent=52221"}],"wp:term":[{"taxonomy":"product_brand","embeddable":true,"href":"https:\/\/hairdeluxe.ee\/ru\/wp-json\/wp\/v2\/product_brand?post=52221"},{"taxonomy":"product_cat","embeddable":true,"href":"https:\/\/hairdeluxe.ee\/ru\/wp-json\/wp\/v2\/product_cat?post=52221"},{"taxonomy":"product_tag","embeddable":true,"href":"https:\/\/hairdeluxe.ee\/ru\/wp-json\/wp\/v2\/product_tag?post=52221"}],"curies":[{"name":"wp","href":"https:\/\/api.w.org\/{rel}","templated":true}]}}