{"id":52227,"date":"2025-09-20T20:21:25","date_gmt":"2025-09-20T20:21:25","guid":{"rendered":"https:\/\/hairdeluxe.ee\/?post_type=product&#038;p=52227"},"modified":"2025-10-07T03:55:24","modified_gmt":"2025-10-07T03:55:24","slug":"superbrush-2","status":"publish","type":"product","link":"https:\/\/hairdeluxe.ee\/ru\/product\/superbrush-2\/","title":{"rendered":"SUPERBRUSH"},"content":{"rendered":"","protected":false},"excerpt":{"rendered":"<p>Superbrush harutab \u00f5rnalt ja t\u00f5husalt lahti pusad t\u00e4nu pehmetele harjastele ning patenteeritud k\u00e4rgstruktuuriga \u00f5hutusava tagab \u00fclikiire kuivamise. Ideaalne du\u0161i all v\u00f5i niisketele juustele kasutamiseks, see aitab kreemi peale kanda ja pusad lahti harutada vaid m\u00f5ne t\u00f5mbega. See on eriti kasulik laste \u00f5rnade juuste ja juuksepikenduste jaoks: selle pehmed harjased harutavad pusad lahti \u00e4\u00e4rmise ettevaatlikkusega! Harja pneumaatilisel alusel on patenteeritud k\u00e4rgstruktuuriga \u00f5hutusava. See v\u00f5imaldab f\u00f6\u00f6nist tuleval kuumal \u00f5hul \u00fchtlaselt jaotuda, kuivatades juuksed vaid m\u00f5ne t\u00f5mbega ilma stressi tekitamata.<\/p>\n","protected":false},"featured_media":52628,"template":"","meta":[],"product_brand":[],"product_cat":[121,192],"product_tag":[],"class_list":{"0":"post-52227","1":"product","2":"type-product","3":"status-publish","4":"has-post-thumbnail","6":"product_cat-koik-tooted","7":"product_cat-uued-tooted","9":"first","10":"instock","11":"taxable","12":"shipping-taxable","13":"purchasable","14":"product-type-variable","15":"add-to-wishlist-after_add_to_cart"},"yoast_head":"<!-- This site is optimized with the Yoast SEO plugin v27.4 - https:\/\/yoast.com\/product\/yoast-seo-wordpress\/ -->\n<title>SUPERBRUSH - Hair Deluxe<\/title>\n<meta name=\"robots\" content=\"index, follow, max-snippet:-1, max-image-preview:large, max-video-preview:-1\" \/>\n<link rel=\"canonical\" href=\"https:\/\/hairdeluxe.ee\/ru\/product\/superbrush-2\/\" \/>\n<meta property=\"og:locale\" content=\"ru_RU\" \/>\n<meta property=\"og:type\" content=\"article\" \/>\n<meta property=\"og:title\" content=\"SUPERBRUSH - Hair Deluxe\" \/>\n<meta property=\"og:description\" content=\"Superbrush harutab \u00f5rnalt ja t\u00f5husalt lahti pusad t\u00e4nu pehmetele harjastele ning patenteeritud k\u00e4rgstruktuuriga \u00f5hutusava tagab \u00fclikiire kuivamise. Ideaalne du\u0161i all v\u00f5i niisketele juustele kasutamiseks, see aitab kreemi peale kanda ja pusad lahti harutada vaid m\u00f5ne t\u00f5mbega. See on eriti kasulik laste \u00f5rnade juuste ja juuksepikenduste jaoks: selle pehmed harjased harutavad pusad lahti \u00e4\u00e4rmise ettevaatlikkusega! Harja pneumaatilisel alusel on patenteeritud k\u00e4rgstruktuuriga \u00f5hutusava. See v\u00f5imaldab f\u00f6\u00f6nist tuleval kuumal \u00f5hul \u00fchtlaselt jaotuda, kuivatades juuksed vaid m\u00f5ne t\u00f5mbega ilma stressi tekitamata.\" \/>\n<meta property=\"og:url\" content=\"https:\/\/hairdeluxe.ee\/ru\/product\/superbrush-2\/\" \/>\n<meta property=\"og:site_name\" content=\"Hair Deluxe\" \/>\n<meta property=\"article:publisher\" content=\"https:\/\/www.facebook.com\/blowbartallinn\" \/>\n<meta property=\"article:modified_time\" content=\"2025-10-07T03:55:24+00:00\" \/>\n<meta property=\"og:image\" content=\"https:\/\/hairdeluxe.ee\/wp-content\/uploads\/2025\/09\/superbrush-6-1-.jpg\" \/>\n\t<meta property=\"og:image:width\" content=\"564\" \/>\n\t<meta property=\"og:image:height\" content=\"1417\" \/>\n\t<meta property=\"og:image:type\" content=\"image\/jpeg\" \/>\n<meta name=\"twitter:card\" content=\"summary_large_image\" \/>\n<script type=\"application\/ld+json\" class=\"yoast-schema-graph\">{\"@context\":\"https:\\\/\\\/schema.org\",\"@graph\":[{\"@type\":\"WebPage\",\"@id\":\"https:\\\/\\\/hairdeluxe.ee\\\/ru\\\/product\\\/superbrush-2\\\/\",\"url\":\"https:\\\/\\\/hairdeluxe.ee\\\/ru\\\/product\\\/superbrush-2\\\/\",\"name\":\"SUPERBRUSH - Hair Deluxe\",\"isPartOf\":{\"@id\":\"https:\\\/\\\/hairdeluxe.ee\\\/ru\\\/#website\"},\"primaryImageOfPage\":{\"@id\":\"https:\\\/\\\/hairdeluxe.ee\\\/ru\\\/product\\\/superbrush-2\\\/#primaryimage\"},\"image\":{\"@id\":\"https:\\\/\\\/hairdeluxe.ee\\\/ru\\\/product\\\/superbrush-2\\\/#primaryimage\"},\"thumbnailUrl\":\"https:\\\/\\\/hairdeluxe.ee\\\/wp-content\\\/uploads\\\/2025\\\/09\\\/superbrush-6-1-.jpg\",\"datePublished\":\"2025-09-20T20:21:25+00:00\",\"dateModified\":\"2025-10-07T03:55:24+00:00\",\"breadcrumb\":{\"@id\":\"https:\\\/\\\/hairdeluxe.ee\\\/ru\\\/product\\\/superbrush-2\\\/#breadcrumb\"},\"inLanguage\":\"ru-RU\",\"potentialAction\":[{\"@type\":\"ReadAction\",\"target\":[\"https:\\\/\\\/hairdeluxe.ee\\\/ru\\\/product\\\/superbrush-2\\\/\"]}]},{\"@type\":\"ImageObject\",\"inLanguage\":\"ru-RU\",\"@id\":\"https:\\\/\\\/hairdeluxe.ee\\\/ru\\\/product\\\/superbrush-2\\\/#primaryimage\",\"url\":\"https:\\\/\\\/hairdeluxe.ee\\\/wp-content\\\/uploads\\\/2025\\\/09\\\/superbrush-6-1-.jpg\",\"contentUrl\":\"https:\\\/\\\/hairdeluxe.ee\\\/wp-content\\\/uploads\\\/2025\\\/09\\\/superbrush-6-1-.jpg\",\"width\":564,\"height\":1417},{\"@type\":\"BreadcrumbList\",\"@id\":\"https:\\\/\\\/hairdeluxe.ee\\\/ru\\\/product\\\/superbrush-2\\\/#breadcrumb\",\"itemListElement\":[{\"@type\":\"ListItem\",\"position\":1,\"name\":\"Home\",\"item\":\"https:\\\/\\\/hairdeluxe.ee\\\/ru\\\/\"},{\"@type\":\"ListItem\",\"position\":2,\"name\":\"\u041c\u0430\u0433\u0430\u0437\u0438\u043d\",\"item\":\"https:\\\/\\\/hairdeluxe.ee\\\/ru\\\/shop\\\/\"},{\"@type\":\"ListItem\",\"position\":3,\"name\":\"SUPERBRUSH\"}]},{\"@type\":\"WebSite\",\"@id\":\"https:\\\/\\\/hairdeluxe.ee\\\/ru\\\/#website\",\"url\":\"https:\\\/\\\/hairdeluxe.ee\\\/ru\\\/\",\"name\":\"Hair Deluxe\",\"description\":\"Highlight your natural beauty\",\"publisher\":{\"@id\":\"https:\\\/\\\/hairdeluxe.ee\\\/ru\\\/#organization\"},\"potentialAction\":[{\"@type\":\"SearchAction\",\"target\":{\"@type\":\"EntryPoint\",\"urlTemplate\":\"https:\\\/\\\/hairdeluxe.ee\\\/ru\\\/?s={search_term_string}\"},\"query-input\":{\"@type\":\"PropertyValueSpecification\",\"valueRequired\":true,\"valueName\":\"search_term_string\"}}],\"inLanguage\":\"ru-RU\"},{\"@type\":\"Organization\",\"@id\":\"https:\\\/\\\/hairdeluxe.ee\\\/ru\\\/#organization\",\"name\":\"Hair Deluxe\",\"url\":\"https:\\\/\\\/hairdeluxe.ee\\\/ru\\\/\",\"logo\":{\"@type\":\"ImageObject\",\"inLanguage\":\"ru-RU\",\"@id\":\"https:\\\/\\\/hairdeluxe.ee\\\/ru\\\/#\\\/schema\\\/logo\\\/image\\\/\",\"url\":\"https:\\\/\\\/hairdeluxe.ee\\\/wp-content\\\/uploads\\\/2024\\\/06\\\/Hair-Deluxe-Logo-Dark-font.png\",\"contentUrl\":\"https:\\\/\\\/hairdeluxe.ee\\\/wp-content\\\/uploads\\\/2024\\\/06\\\/Hair-Deluxe-Logo-Dark-font.png\",\"width\":467,\"height\":177,\"caption\":\"Hair Deluxe\"},\"image\":{\"@id\":\"https:\\\/\\\/hairdeluxe.ee\\\/ru\\\/#\\\/schema\\\/logo\\\/image\\\/\"},\"sameAs\":[\"https:\\\/\\\/www.facebook.com\\\/blowbartallinn\",\"https:\\\/\\\/www.instagram.com\\\/blowbar_tallinn\"]}]}<\/script>\n<!-- \/ Yoast SEO plugin. -->","yoast_head_json":{"title":"SUPERBRUSH - Hair Deluxe","robots":{"index":"index","follow":"follow","max-snippet":"max-snippet:-1","max-image-preview":"max-image-preview:large","max-video-preview":"max-video-preview:-1"},"canonical":"https:\/\/hairdeluxe.ee\/ru\/product\/superbrush-2\/","og_locale":"ru_RU","og_type":"article","og_title":"SUPERBRUSH - Hair Deluxe","og_description":"Superbrush harutab \u00f5rnalt ja t\u00f5husalt lahti pusad t\u00e4nu pehmetele harjastele ning patenteeritud k\u00e4rgstruktuuriga \u00f5hutusava tagab \u00fclikiire kuivamise. Ideaalne du\u0161i all v\u00f5i niisketele juustele kasutamiseks, see aitab kreemi peale kanda ja pusad lahti harutada vaid m\u00f5ne t\u00f5mbega. See on eriti kasulik laste \u00f5rnade juuste ja juuksepikenduste jaoks: selle pehmed harjased harutavad pusad lahti \u00e4\u00e4rmise ettevaatlikkusega! Harja pneumaatilisel alusel on patenteeritud k\u00e4rgstruktuuriga \u00f5hutusava. See v\u00f5imaldab f\u00f6\u00f6nist tuleval kuumal \u00f5hul \u00fchtlaselt jaotuda, kuivatades juuksed vaid m\u00f5ne t\u00f5mbega ilma stressi tekitamata.","og_url":"https:\/\/hairdeluxe.ee\/ru\/product\/superbrush-2\/","og_site_name":"Hair Deluxe","article_publisher":"https:\/\/www.facebook.com\/blowbartallinn","article_modified_time":"2025-10-07T03:55:24+00:00","og_image":[{"width":564,"height":1417,"url":"https:\/\/hairdeluxe.ee\/wp-content\/uploads\/2025\/09\/superbrush-6-1-.jpg","type":"image\/jpeg"}],"twitter_card":"summary_large_image","schema":{"@context":"https:\/\/schema.org","@graph":[{"@type":"WebPage","@id":"https:\/\/hairdeluxe.ee\/ru\/product\/superbrush-2\/","url":"https:\/\/hairdeluxe.ee\/ru\/product\/superbrush-2\/","name":"SUPERBRUSH - Hair Deluxe","isPartOf":{"@id":"https:\/\/hairdeluxe.ee\/ru\/#website"},"primaryImageOfPage":{"@id":"https:\/\/hairdeluxe.ee\/ru\/product\/superbrush-2\/#primaryimage"},"image":{"@id":"https:\/\/hairdeluxe.ee\/ru\/product\/superbrush-2\/#primaryimage"},"thumbnailUrl":"https:\/\/hairdeluxe.ee\/wp-content\/uploads\/2025\/09\/superbrush-6-1-.jpg","datePublished":"2025-09-20T20:21:25+00:00","dateModified":"2025-10-07T03:55:24+00:00","breadcrumb":{"@id":"https:\/\/hairdeluxe.ee\/ru\/product\/superbrush-2\/#breadcrumb"},"inLanguage":"ru-RU","potentialAction":[{"@type":"ReadAction","target":["https:\/\/hairdeluxe.ee\/ru\/product\/superbrush-2\/"]}]},{"@type":"ImageObject","inLanguage":"ru-RU","@id":"https:\/\/hairdeluxe.ee\/ru\/product\/superbrush-2\/#primaryimage","url":"https:\/\/hairdeluxe.ee\/wp-content\/uploads\/2025\/09\/superbrush-6-1-.jpg","contentUrl":"https:\/\/hairdeluxe.ee\/wp-content\/uploads\/2025\/09\/superbrush-6-1-.jpg","width":564,"height":1417},{"@type":"BreadcrumbList","@id":"https:\/\/hairdeluxe.ee\/ru\/product\/superbrush-2\/#breadcrumb","itemListElement":[{"@type":"ListItem","position":1,"name":"Home","item":"https:\/\/hairdeluxe.ee\/ru\/"},{"@type":"ListItem","position":2,"name":"\u041c\u0430\u0433\u0430\u0437\u0438\u043d","item":"https:\/\/hairdeluxe.ee\/ru\/shop\/"},{"@type":"ListItem","position":3,"name":"SUPERBRUSH"}]},{"@type":"WebSite","@id":"https:\/\/hairdeluxe.ee\/ru\/#website","url":"https:\/\/hairdeluxe.ee\/ru\/","name":"Hair Deluxe","description":"Highlight your natural beauty","publisher":{"@id":"https:\/\/hairdeluxe.ee\/ru\/#organization"},"potentialAction":[{"@type":"SearchAction","target":{"@type":"EntryPoint","urlTemplate":"https:\/\/hairdeluxe.ee\/ru\/?s={search_term_string}"},"query-input":{"@type":"PropertyValueSpecification","valueRequired":true,"valueName":"search_term_string"}}],"inLanguage":"ru-RU"},{"@type":"Organization","@id":"https:\/\/hairdeluxe.ee\/ru\/#organization","name":"Hair Deluxe","url":"https:\/\/hairdeluxe.ee\/ru\/","logo":{"@type":"ImageObject","inLanguage":"ru-RU","@id":"https:\/\/hairdeluxe.ee\/ru\/#\/schema\/logo\/image\/","url":"https:\/\/hairdeluxe.ee\/wp-content\/uploads\/2024\/06\/Hair-Deluxe-Logo-Dark-font.png","contentUrl":"https:\/\/hairdeluxe.ee\/wp-content\/uploads\/2024\/06\/Hair-Deluxe-Logo-Dark-font.png","width":467,"height":177,"caption":"Hair Deluxe"},"image":{"@id":"https:\/\/hairdeluxe.ee\/ru\/#\/schema\/logo\/image\/"},"sameAs":["https:\/\/www.facebook.com\/blowbartallinn","https:\/\/www.instagram.com\/blowbar_tallinn"]}]}},"_links":{"self":[{"href":"https:\/\/hairdeluxe.ee\/ru\/wp-json\/wp\/v2\/product\/52227","targetHints":{"allow":["GET"]}}],"collection":[{"href":"https:\/\/hairdeluxe.ee\/ru\/wp-json\/wp\/v2\/product"}],"about":[{"href":"https:\/\/hairdeluxe.ee\/ru\/wp-json\/wp\/v2\/types\/product"}],"wp:featuredmedia":[{"embeddable":true,"href":"https:\/\/hairdeluxe.ee\/ru\/wp-json\/wp\/v2\/media\/52628"}],"wp:attachment":[{"href":"https:\/\/hairdeluxe.ee\/ru\/wp-json\/wp\/v2\/media?parent=52227"}],"wp:term":[{"taxonomy":"product_brand","embeddable":true,"href":"https:\/\/hairdeluxe.ee\/ru\/wp-json\/wp\/v2\/product_brand?post=52227"},{"taxonomy":"product_cat","embeddable":true,"href":"https:\/\/hairdeluxe.ee\/ru\/wp-json\/wp\/v2\/product_cat?post=52227"},{"taxonomy":"product_tag","embeddable":true,"href":"https:\/\/hairdeluxe.ee\/ru\/wp-json\/wp\/v2\/product_tag?post=52227"}],"curies":[{"name":"wp","href":"https:\/\/api.w.org\/{rel}","templated":true}]}}