{"id":52233,"date":"2025-09-20T20:21:26","date_gmt":"2025-09-20T20:21:26","guid":{"rendered":"https:\/\/hairdeluxe.ee\/?post_type=product&#038;p=52233"},"modified":"2025-10-07T03:55:24","modified_gmt":"2025-10-07T03:55:24","slug":"balmain-hair-meestele-kosmeetika-kott-kingituseks-shappire-homme-styling-cosmetic-gift-bag","status":"publish","type":"product","link":"https:\/\/hairdeluxe.ee\/ru\/product\/balmain-hair-meestele-kosmeetika-kott-kingituseks-shappire-homme-styling-cosmetic-gift-bag\/","title":{"rendered":"BALMAIN HAIR meestele kosmeetika kott (kingituseks) \/ Shappire Homme Styling Cosmetic Gift Bag"},"content":{"rendered":"<div class=\"product-info-main is_stuck\">\n<div class=\"details\">\n<div class=\"product attribute product-attribute attribute-collapse description\">\n<div id=\"description\" class=\"attribute_value collapse show\">\n<p><strong>Ingredients<\/strong><\/p>\n<p>Hair Perfume Vetiver 1974 100 ml:<\/p>\n<p>Alcohol Denat, Parfum, Aqua, Benzoic Acid, Limonene, Benzyl Benzoate, Coumarin, Citronellol, Linalool, Hydrolyzed Silk, Geraniol, Citral, Eugenol, CI 42090, CI 14700, Argania Spinosa Kernel Oil, Ethylhexyl Methoxycinnamate<\/p>\n<p>Balmain Homme Sculpting Wax 100ml:<\/p>\n<p>Aqua, Ceteareth-30. Cera Flava, Petrolatum, VP\/VA Copolymer, Microcrystalline Wax, Propylene Glycol, Parfum, Paraffinum Liquidum, Isopropyl Myristate, Glycerin, Lanolin, Cetearyl Alcohol, PVP, Hydrolyzed Keratin, Silk Amino Acids, Piroctone Olamine, Phenoxyethanol, Ethylhexylglycerin, Sodium Polyacrylate, Hydrogenated Polydecene, Benzyl Salicylate, Citronellol, Coumarin, Limonene, Linalool, Trideceth-6, Sorbic Acid, Benzoic Acid<\/p>\n<\/div>\n<\/div>\n<\/div>\n<\/div>\n","protected":false},"excerpt":{"rendered":"<p data-start=\"662\" data-end=\"1116\">Luksuslik kosmeetikakott, mis on valmistatud sinisest vegan-safiirnahast, mis sobib ideaalselt reisimiseks v\u00f5i igap\u00e4evaseks kasutamiseks.<\/p>\n<p>Rafineeritud, elegantne ja funktsionaalne. L\u00e4bim\u00f5eldud kingitus l\u00e4hedasele.<\/p>\n<p data-start=\"662\" data-end=\"1116\">Homme Styling Gift Bag on loodud t\u00e4iustama igap\u00e4evast hooldusrutiini.<\/p>\n<p>Balmain Hairi eksklusiivne juukseparf\u00fc\u00fcm Vetiver 1974 koos Homme Sculpting Wax vahaga on loodud andma igale soengule viimistletud ja elegantse tulemuse.<\/p>\n<p>Komplekt on esitatud elegantses kosmeetikakotis, mis sobib ideaalselt nii reisile kui ka igap\u00e4evaseks kasutamiseks.<\/p>\n<p data-start=\"1118\" data-end=\"1138\"><strong>Komplekt sisaldab:<\/strong><\/p>\n<ul>\n<li data-start=\"1141\" data-end=\"1177\">Juukseparf\u00fc\u00fcm Vetiver 1974, 100 ml<\/li>\n<li data-start=\"1180\" data-end=\"1217\">Balmain Homme Sculpting Wax, 100 ml<\/li>\n<li>Kosmeetikakott (luksuslik, valmistatud sinisest vegan-safiirnahast)<\/li>\n<\/ul>\n","protected":false},"featured_media":52729,"template":"","meta":[],"product_brand":[],"product_cat":[129,130,144,192],"product_tag":[],"class_list":{"0":"post-52233","1":"product","2":"type-product","3":"status-publish","4":"has-post-thumbnail","6":"product_cat-kingitused","7":"product_cat-kinkekomplektid","8":"product_cat-meestele","9":"product_cat-uued-tooted","11":"first","12":"instock","13":"taxable","14":"shipping-taxable","15":"purchasable","16":"product-type-simple","17":"add-to-wishlist-after_add_to_cart"},"yoast_head":"<!-- This site is optimized with the Yoast SEO plugin v27.4 - https:\/\/yoast.com\/product\/yoast-seo-wordpress\/ -->\n<title>BALMAIN HAIR meestele kosmeetika kott (kingituseks) \/ Shappire Homme Styling Cosmetic Gift Bag - Hair Deluxe<\/title>\n<meta name=\"robots\" content=\"index, follow, max-snippet:-1, max-image-preview:large, max-video-preview:-1\" \/>\n<link rel=\"canonical\" href=\"https:\/\/hairdeluxe.ee\/ru\/product\/balmain-hair-meestele-kosmeetika-kott-kingituseks-shappire-homme-styling-cosmetic-gift-bag\/\" \/>\n<meta property=\"og:locale\" content=\"ru_RU\" \/>\n<meta property=\"og:type\" content=\"article\" \/>\n<meta property=\"og:title\" content=\"BALMAIN HAIR meestele kosmeetika kott (kingituseks) \/ Shappire Homme Styling Cosmetic Gift Bag - Hair Deluxe\" \/>\n<meta property=\"og:description\" content=\"Luksuslik kosmeetikakott, mis on valmistatud sinisest vegan-safiirnahast, mis sobib ideaalselt reisimiseks v\u00f5i igap\u00e4evaseks kasutamiseks. Rafineeritud, elegantne ja funktsionaalne. L\u00e4bim\u00f5eldud kingitus l\u00e4hedasele. Homme Styling Gift Bag on loodud t\u00e4iustama igap\u00e4evast hooldusrutiini. Balmain Hairi eksklusiivne juukseparf\u00fc\u00fcm Vetiver 1974 koos Homme Sculpting Wax vahaga on loodud andma igale soengule viimistletud ja elegantse tulemuse. Komplekt on esitatud elegantses kosmeetikakotis, mis sobib ideaalselt nii reisile kui ka igap\u00e4evaseks kasutamiseks. Komplekt sisaldab:    Juukseparf\u00fc\u00fcm Vetiver 1974, 100 ml  Balmain Homme Sculpting Wax, 100 ml  Kosmeetikakott (luksuslik, valmistatud sinisest vegan-safiirnahast)\" \/>\n<meta property=\"og:url\" content=\"https:\/\/hairdeluxe.ee\/ru\/product\/balmain-hair-meestele-kosmeetika-kott-kingituseks-shappire-homme-styling-cosmetic-gift-bag\/\" \/>\n<meta property=\"og:site_name\" content=\"Hair Deluxe\" \/>\n<meta property=\"article:publisher\" content=\"https:\/\/www.facebook.com\/blowbartallinn\" \/>\n<meta property=\"article:modified_time\" content=\"2025-10-07T03:55:24+00:00\" \/>\n<meta property=\"og:image\" content=\"https:\/\/hairdeluxe.ee\/wp-content\/uploads\/2025\/09\/balmainhair_styling_set_cosmeticbagblue_c4_25_le_cosm_bag_b_c4_25_mood_01_800x800.jpg\" \/>\n\t<meta property=\"og:image:width\" content=\"800\" \/>\n\t<meta property=\"og:image:height\" content=\"800\" \/>\n\t<meta property=\"og:image:type\" content=\"image\/jpeg\" \/>\n<meta name=\"twitter:card\" content=\"summary_large_image\" \/>\n<script type=\"application\/ld+json\" class=\"yoast-schema-graph\">{\"@context\":\"https:\\\/\\\/schema.org\",\"@graph\":[{\"@type\":\"WebPage\",\"@id\":\"https:\\\/\\\/hairdeluxe.ee\\\/ru\\\/product\\\/balmain-hair-meestele-kosmeetika-kott-kingituseks-shappire-homme-styling-cosmetic-gift-bag\\\/\",\"url\":\"https:\\\/\\\/hairdeluxe.ee\\\/ru\\\/product\\\/balmain-hair-meestele-kosmeetika-kott-kingituseks-shappire-homme-styling-cosmetic-gift-bag\\\/\",\"name\":\"BALMAIN HAIR meestele kosmeetika kott (kingituseks) \\\/ Shappire Homme Styling Cosmetic Gift Bag - Hair Deluxe\",\"isPartOf\":{\"@id\":\"https:\\\/\\\/hairdeluxe.ee\\\/ru\\\/#website\"},\"primaryImageOfPage\":{\"@id\":\"https:\\\/\\\/hairdeluxe.ee\\\/ru\\\/product\\\/balmain-hair-meestele-kosmeetika-kott-kingituseks-shappire-homme-styling-cosmetic-gift-bag\\\/#primaryimage\"},\"image\":{\"@id\":\"https:\\\/\\\/hairdeluxe.ee\\\/ru\\\/product\\\/balmain-hair-meestele-kosmeetika-kott-kingituseks-shappire-homme-styling-cosmetic-gift-bag\\\/#primaryimage\"},\"thumbnailUrl\":\"https:\\\/\\\/hairdeluxe.ee\\\/wp-content\\\/uploads\\\/2025\\\/09\\\/balmainhair_styling_set_cosmeticbagblue_c4_25_le_cosm_bag_b_c4_25_mood_01_800x800.jpg\",\"datePublished\":\"2025-09-20T20:21:26+00:00\",\"dateModified\":\"2025-10-07T03:55:24+00:00\",\"breadcrumb\":{\"@id\":\"https:\\\/\\\/hairdeluxe.ee\\\/ru\\\/product\\\/balmain-hair-meestele-kosmeetika-kott-kingituseks-shappire-homme-styling-cosmetic-gift-bag\\\/#breadcrumb\"},\"inLanguage\":\"ru-RU\",\"potentialAction\":[{\"@type\":\"ReadAction\",\"target\":[\"https:\\\/\\\/hairdeluxe.ee\\\/ru\\\/product\\\/balmain-hair-meestele-kosmeetika-kott-kingituseks-shappire-homme-styling-cosmetic-gift-bag\\\/\"]}]},{\"@type\":\"ImageObject\",\"inLanguage\":\"ru-RU\",\"@id\":\"https:\\\/\\\/hairdeluxe.ee\\\/ru\\\/product\\\/balmain-hair-meestele-kosmeetika-kott-kingituseks-shappire-homme-styling-cosmetic-gift-bag\\\/#primaryimage\",\"url\":\"https:\\\/\\\/hairdeluxe.ee\\\/wp-content\\\/uploads\\\/2025\\\/09\\\/balmainhair_styling_set_cosmeticbagblue_c4_25_le_cosm_bag_b_c4_25_mood_01_800x800.jpg\",\"contentUrl\":\"https:\\\/\\\/hairdeluxe.ee\\\/wp-content\\\/uploads\\\/2025\\\/09\\\/balmainhair_styling_set_cosmeticbagblue_c4_25_le_cosm_bag_b_c4_25_mood_01_800x800.jpg\",\"width\":800,\"height\":800},{\"@type\":\"BreadcrumbList\",\"@id\":\"https:\\\/\\\/hairdeluxe.ee\\\/ru\\\/product\\\/balmain-hair-meestele-kosmeetika-kott-kingituseks-shappire-homme-styling-cosmetic-gift-bag\\\/#breadcrumb\",\"itemListElement\":[{\"@type\":\"ListItem\",\"position\":1,\"name\":\"Home\",\"item\":\"https:\\\/\\\/hairdeluxe.ee\\\/ru\\\/\"},{\"@type\":\"ListItem\",\"position\":2,\"name\":\"\u041c\u0430\u0433\u0430\u0437\u0438\u043d\",\"item\":\"https:\\\/\\\/hairdeluxe.ee\\\/ru\\\/shop\\\/\"},{\"@type\":\"ListItem\",\"position\":3,\"name\":\"BALMAIN HAIR meestele kosmeetika kott (kingituseks) \\\/ Shappire Homme Styling Cosmetic Gift Bag\"}]},{\"@type\":\"WebSite\",\"@id\":\"https:\\\/\\\/hairdeluxe.ee\\\/ru\\\/#website\",\"url\":\"https:\\\/\\\/hairdeluxe.ee\\\/ru\\\/\",\"name\":\"Hair Deluxe\",\"description\":\"Highlight your natural beauty\",\"publisher\":{\"@id\":\"https:\\\/\\\/hairdeluxe.ee\\\/ru\\\/#organization\"},\"potentialAction\":[{\"@type\":\"SearchAction\",\"target\":{\"@type\":\"EntryPoint\",\"urlTemplate\":\"https:\\\/\\\/hairdeluxe.ee\\\/ru\\\/?s={search_term_string}\"},\"query-input\":{\"@type\":\"PropertyValueSpecification\",\"valueRequired\":true,\"valueName\":\"search_term_string\"}}],\"inLanguage\":\"ru-RU\"},{\"@type\":\"Organization\",\"@id\":\"https:\\\/\\\/hairdeluxe.ee\\\/ru\\\/#organization\",\"name\":\"Hair Deluxe\",\"url\":\"https:\\\/\\\/hairdeluxe.ee\\\/ru\\\/\",\"logo\":{\"@type\":\"ImageObject\",\"inLanguage\":\"ru-RU\",\"@id\":\"https:\\\/\\\/hairdeluxe.ee\\\/ru\\\/#\\\/schema\\\/logo\\\/image\\\/\",\"url\":\"https:\\\/\\\/hairdeluxe.ee\\\/wp-content\\\/uploads\\\/2024\\\/06\\\/Hair-Deluxe-Logo-Dark-font.png\",\"contentUrl\":\"https:\\\/\\\/hairdeluxe.ee\\\/wp-content\\\/uploads\\\/2024\\\/06\\\/Hair-Deluxe-Logo-Dark-font.png\",\"width\":467,\"height\":177,\"caption\":\"Hair Deluxe\"},\"image\":{\"@id\":\"https:\\\/\\\/hairdeluxe.ee\\\/ru\\\/#\\\/schema\\\/logo\\\/image\\\/\"},\"sameAs\":[\"https:\\\/\\\/www.facebook.com\\\/blowbartallinn\",\"https:\\\/\\\/www.instagram.com\\\/blowbar_tallinn\"]}]}<\/script>\n<!-- \/ Yoast SEO plugin. -->","yoast_head_json":{"title":"BALMAIN HAIR meestele kosmeetika kott (kingituseks) \/ Shappire Homme Styling Cosmetic Gift Bag - Hair Deluxe","robots":{"index":"index","follow":"follow","max-snippet":"max-snippet:-1","max-image-preview":"max-image-preview:large","max-video-preview":"max-video-preview:-1"},"canonical":"https:\/\/hairdeluxe.ee\/ru\/product\/balmain-hair-meestele-kosmeetika-kott-kingituseks-shappire-homme-styling-cosmetic-gift-bag\/","og_locale":"ru_RU","og_type":"article","og_title":"BALMAIN HAIR meestele kosmeetika kott (kingituseks) \/ Shappire Homme Styling Cosmetic Gift Bag - Hair Deluxe","og_description":"Luksuslik kosmeetikakott, mis on valmistatud sinisest vegan-safiirnahast, mis sobib ideaalselt reisimiseks v\u00f5i igap\u00e4evaseks kasutamiseks. Rafineeritud, elegantne ja funktsionaalne. L\u00e4bim\u00f5eldud kingitus l\u00e4hedasele. Homme Styling Gift Bag on loodud t\u00e4iustama igap\u00e4evast hooldusrutiini. Balmain Hairi eksklusiivne juukseparf\u00fc\u00fcm Vetiver 1974 koos Homme Sculpting Wax vahaga on loodud andma igale soengule viimistletud ja elegantse tulemuse. Komplekt on esitatud elegantses kosmeetikakotis, mis sobib ideaalselt nii reisile kui ka igap\u00e4evaseks kasutamiseks. Komplekt sisaldab:    Juukseparf\u00fc\u00fcm Vetiver 1974, 100 ml  Balmain Homme Sculpting Wax, 100 ml  Kosmeetikakott (luksuslik, valmistatud sinisest vegan-safiirnahast)","og_url":"https:\/\/hairdeluxe.ee\/ru\/product\/balmain-hair-meestele-kosmeetika-kott-kingituseks-shappire-homme-styling-cosmetic-gift-bag\/","og_site_name":"Hair Deluxe","article_publisher":"https:\/\/www.facebook.com\/blowbartallinn","article_modified_time":"2025-10-07T03:55:24+00:00","og_image":[{"width":800,"height":800,"url":"https:\/\/hairdeluxe.ee\/wp-content\/uploads\/2025\/09\/balmainhair_styling_set_cosmeticbagblue_c4_25_le_cosm_bag_b_c4_25_mood_01_800x800.jpg","type":"image\/jpeg"}],"twitter_card":"summary_large_image","schema":{"@context":"https:\/\/schema.org","@graph":[{"@type":"WebPage","@id":"https:\/\/hairdeluxe.ee\/ru\/product\/balmain-hair-meestele-kosmeetika-kott-kingituseks-shappire-homme-styling-cosmetic-gift-bag\/","url":"https:\/\/hairdeluxe.ee\/ru\/product\/balmain-hair-meestele-kosmeetika-kott-kingituseks-shappire-homme-styling-cosmetic-gift-bag\/","name":"BALMAIN HAIR meestele kosmeetika kott (kingituseks) \/ Shappire Homme Styling Cosmetic Gift Bag - Hair Deluxe","isPartOf":{"@id":"https:\/\/hairdeluxe.ee\/ru\/#website"},"primaryImageOfPage":{"@id":"https:\/\/hairdeluxe.ee\/ru\/product\/balmain-hair-meestele-kosmeetika-kott-kingituseks-shappire-homme-styling-cosmetic-gift-bag\/#primaryimage"},"image":{"@id":"https:\/\/hairdeluxe.ee\/ru\/product\/balmain-hair-meestele-kosmeetika-kott-kingituseks-shappire-homme-styling-cosmetic-gift-bag\/#primaryimage"},"thumbnailUrl":"https:\/\/hairdeluxe.ee\/wp-content\/uploads\/2025\/09\/balmainhair_styling_set_cosmeticbagblue_c4_25_le_cosm_bag_b_c4_25_mood_01_800x800.jpg","datePublished":"2025-09-20T20:21:26+00:00","dateModified":"2025-10-07T03:55:24+00:00","breadcrumb":{"@id":"https:\/\/hairdeluxe.ee\/ru\/product\/balmain-hair-meestele-kosmeetika-kott-kingituseks-shappire-homme-styling-cosmetic-gift-bag\/#breadcrumb"},"inLanguage":"ru-RU","potentialAction":[{"@type":"ReadAction","target":["https:\/\/hairdeluxe.ee\/ru\/product\/balmain-hair-meestele-kosmeetika-kott-kingituseks-shappire-homme-styling-cosmetic-gift-bag\/"]}]},{"@type":"ImageObject","inLanguage":"ru-RU","@id":"https:\/\/hairdeluxe.ee\/ru\/product\/balmain-hair-meestele-kosmeetika-kott-kingituseks-shappire-homme-styling-cosmetic-gift-bag\/#primaryimage","url":"https:\/\/hairdeluxe.ee\/wp-content\/uploads\/2025\/09\/balmainhair_styling_set_cosmeticbagblue_c4_25_le_cosm_bag_b_c4_25_mood_01_800x800.jpg","contentUrl":"https:\/\/hairdeluxe.ee\/wp-content\/uploads\/2025\/09\/balmainhair_styling_set_cosmeticbagblue_c4_25_le_cosm_bag_b_c4_25_mood_01_800x800.jpg","width":800,"height":800},{"@type":"BreadcrumbList","@id":"https:\/\/hairdeluxe.ee\/ru\/product\/balmain-hair-meestele-kosmeetika-kott-kingituseks-shappire-homme-styling-cosmetic-gift-bag\/#breadcrumb","itemListElement":[{"@type":"ListItem","position":1,"name":"Home","item":"https:\/\/hairdeluxe.ee\/ru\/"},{"@type":"ListItem","position":2,"name":"\u041c\u0430\u0433\u0430\u0437\u0438\u043d","item":"https:\/\/hairdeluxe.ee\/ru\/shop\/"},{"@type":"ListItem","position":3,"name":"BALMAIN HAIR meestele kosmeetika kott (kingituseks) \/ Shappire Homme Styling Cosmetic Gift Bag"}]},{"@type":"WebSite","@id":"https:\/\/hairdeluxe.ee\/ru\/#website","url":"https:\/\/hairdeluxe.ee\/ru\/","name":"Hair Deluxe","description":"Highlight your natural beauty","publisher":{"@id":"https:\/\/hairdeluxe.ee\/ru\/#organization"},"potentialAction":[{"@type":"SearchAction","target":{"@type":"EntryPoint","urlTemplate":"https:\/\/hairdeluxe.ee\/ru\/?s={search_term_string}"},"query-input":{"@type":"PropertyValueSpecification","valueRequired":true,"valueName":"search_term_string"}}],"inLanguage":"ru-RU"},{"@type":"Organization","@id":"https:\/\/hairdeluxe.ee\/ru\/#organization","name":"Hair Deluxe","url":"https:\/\/hairdeluxe.ee\/ru\/","logo":{"@type":"ImageObject","inLanguage":"ru-RU","@id":"https:\/\/hairdeluxe.ee\/ru\/#\/schema\/logo\/image\/","url":"https:\/\/hairdeluxe.ee\/wp-content\/uploads\/2024\/06\/Hair-Deluxe-Logo-Dark-font.png","contentUrl":"https:\/\/hairdeluxe.ee\/wp-content\/uploads\/2024\/06\/Hair-Deluxe-Logo-Dark-font.png","width":467,"height":177,"caption":"Hair Deluxe"},"image":{"@id":"https:\/\/hairdeluxe.ee\/ru\/#\/schema\/logo\/image\/"},"sameAs":["https:\/\/www.facebook.com\/blowbartallinn","https:\/\/www.instagram.com\/blowbar_tallinn"]}]}},"_links":{"self":[{"href":"https:\/\/hairdeluxe.ee\/ru\/wp-json\/wp\/v2\/product\/52233","targetHints":{"allow":["GET"]}}],"collection":[{"href":"https:\/\/hairdeluxe.ee\/ru\/wp-json\/wp\/v2\/product"}],"about":[{"href":"https:\/\/hairdeluxe.ee\/ru\/wp-json\/wp\/v2\/types\/product"}],"wp:featuredmedia":[{"embeddable":true,"href":"https:\/\/hairdeluxe.ee\/ru\/wp-json\/wp\/v2\/media\/52729"}],"wp:attachment":[{"href":"https:\/\/hairdeluxe.ee\/ru\/wp-json\/wp\/v2\/media?parent=52233"}],"wp:term":[{"taxonomy":"product_brand","embeddable":true,"href":"https:\/\/hairdeluxe.ee\/ru\/wp-json\/wp\/v2\/product_brand?post=52233"},{"taxonomy":"product_cat","embeddable":true,"href":"https:\/\/hairdeluxe.ee\/ru\/wp-json\/wp\/v2\/product_cat?post=52233"},{"taxonomy":"product_tag","embeddable":true,"href":"https:\/\/hairdeluxe.ee\/ru\/wp-json\/wp\/v2\/product_tag?post=52233"}],"curies":[{"name":"wp","href":"https:\/\/api.w.org\/{rel}","templated":true}]}}