{"id":52305,"date":"2025-09-20T20:22:03","date_gmt":"2025-09-20T20:22:03","guid":{"rendered":"https:\/\/hairdeluxe.ee\/?post_type=product&#038;p=52305"},"modified":"2025-10-07T21:06:45","modified_gmt":"2025-10-07T21:06:45","slug":"balmain-hair-18k-kulla-kaetud-juukseklamber-backstage-clip-prof-gold","status":"publish","type":"product","link":"https:\/\/hairdeluxe.ee\/ru\/product\/balmain-hair-18k-kulla-kaetud-juukseklamber-backstage-clip-prof-gold\/","title":{"rendered":"BALMAIN HAIR 18K kulla kaetud juukseklamber \/ Backstage Clip Prof. Gold"},"content":{"rendered":"","protected":false},"excerpt":{"rendered":"<div>Balmain Paris lavatagusest maailmast inspireeritud k\u00e4sit\u00f6\u00f6na valminud Golden Backstage Clip on kaetud s\u00e4rava 18-karaadise kullaga ja selle keskele on graveeritud ikooniline Balmain logo.<\/div>\n<div><\/div>\n<div>See toode kuulub Cosmic Sapphire&#8217;i kollektsiooni, mis on rafineeritud valik esmaklassilisi juukseaksessuaare, mille loomisel on p\u00f6\u00f6ratud erakordset t\u00e4helepanu detailidele.<\/p>\n<p>Iga disain \u00fchendab kvaliteetsed materjalid p\u00fcsiva mugavuse ja stiiliga.<\/p><\/div>\n<div><\/div>\n<div>Backstage Clip lisab igale soengule peene ja luksusliku ilme.<\/p>\n<p>T\u00e4ielikult kaetud s\u00e4rava 18-karaadise kullaga ja selle keskele on graveeritud ikooniline Balmaini logo, mis peegeldab moodsa elegantsi vaimu.<\/p>\n<p>Hooajaline oluline ese, mis \u00fchendab endas poleeritud disaini pingutuseta funktsionaalsusega.<\/p><\/div>\n<div><\/div>\n<div>M\u00f5\u00f5tmed: Pikkus: 6,90 cm \/ Laius: 2,00 cm \/ K\u00f5rgus: 1,90 cm<\/div>\n","protected":false},"featured_media":52765,"template":"","meta":[],"product_brand":[464],"product_cat":[96,266,206,129,192],"product_tag":[],"class_list":{"0":"post-52305","1":"product","2":"type-product","3":"status-publish","4":"has-post-thumbnail","6":"product_brand-balmain-hair","7":"product_cat-aksessuaarid","8":"product_cat-balmain-hair","9":"product_cat-erikollektsioonid","10":"product_cat-kingitused","11":"product_cat-uued-tooted","13":"first","14":"instock","15":"taxable","16":"shipping-taxable","17":"purchasable","18":"product-type-simple","19":"add-to-wishlist-after_add_to_cart"},"yoast_head":"<!-- This site is optimized with the Yoast SEO plugin v27.5 - https:\/\/yoast.com\/product\/yoast-seo-wordpress\/ -->\n<title>BALMAIN HAIR 18K kulla kaetud juukseklamber \/ Backstage Clip Prof. Gold - Hair Deluxe<\/title>\n<meta name=\"robots\" content=\"index, follow, max-snippet:-1, max-image-preview:large, max-video-preview:-1\" \/>\n<link rel=\"canonical\" href=\"https:\/\/hairdeluxe.ee\/ru\/product\/balmain-hair-18k-kulla-kaetud-juukseklamber-backstage-clip-prof-gold\/\" \/>\n<meta property=\"og:locale\" content=\"ru_RU\" \/>\n<meta property=\"og:type\" content=\"article\" \/>\n<meta property=\"og:title\" content=\"BALMAIN HAIR 18K kulla kaetud juukseklamber \/ Backstage Clip Prof. Gold - Hair Deluxe\" \/>\n<meta property=\"og:description\" content=\"Balmain Paris lavatagusest maailmast inspireeritud k\u00e4sit\u00f6\u00f6na valminud Golden Backstage Clip on kaetud s\u00e4rava 18-karaadise kullaga ja selle keskele on graveeritud ikooniline Balmain logo.  See toode kuulub Cosmic Sapphire&#039;i kollektsiooni, mis on rafineeritud valik esmaklassilisi juukseaksessuaare, mille loomisel on p\u00f6\u00f6ratud erakordset t\u00e4helepanu detailidele. Iga disain \u00fchendab kvaliteetsed materjalid p\u00fcsiva mugavuse ja stiiliga.  Backstage Clip lisab igale soengule peene ja luksusliku ilme. T\u00e4ielikult kaetud s\u00e4rava 18-karaadise kullaga ja selle keskele on graveeritud ikooniline Balmaini logo, mis peegeldab moodsa elegantsi vaimu. Hooajaline oluline ese, mis \u00fchendab endas poleeritud disaini pingutuseta funktsionaalsusega.  M\u00f5\u00f5tmed: Pikkus: 6,90 cm \/ Laius: 2,00 cm \/ K\u00f5rgus: 1,90 cm\" \/>\n<meta property=\"og:url\" content=\"https:\/\/hairdeluxe.ee\/ru\/product\/balmain-hair-18k-kulla-kaetud-juukseklamber-backstage-clip-prof-gold\/\" \/>\n<meta property=\"og:site_name\" content=\"Hair Deluxe\" \/>\n<meta property=\"article:publisher\" content=\"https:\/\/www.facebook.com\/blowbartallinn\" \/>\n<meta property=\"article:modified_time\" content=\"2025-10-07T21:06:45+00:00\" \/>\n<meta property=\"og:image\" content=\"https:\/\/hairdeluxe.ee\/wp-content\/uploads\/2025\/09\/balmainhair_accessories_limitededition_backstage_clip_gold_c4_25_le_hj_gp_b_clip_c4_25_800x800.jpg\" \/>\n\t<meta property=\"og:image:width\" content=\"800\" \/>\n\t<meta property=\"og:image:height\" content=\"800\" \/>\n\t<meta property=\"og:image:type\" content=\"image\/jpeg\" \/>\n<meta name=\"twitter:card\" content=\"summary_large_image\" \/>\n<script type=\"application\/ld+json\" class=\"yoast-schema-graph\">{\"@context\":\"https:\\\/\\\/schema.org\",\"@graph\":[{\"@type\":\"WebPage\",\"@id\":\"https:\\\/\\\/hairdeluxe.ee\\\/ru\\\/product\\\/balmain-hair-18k-kulla-kaetud-juukseklamber-backstage-clip-prof-gold\\\/\",\"url\":\"https:\\\/\\\/hairdeluxe.ee\\\/ru\\\/product\\\/balmain-hair-18k-kulla-kaetud-juukseklamber-backstage-clip-prof-gold\\\/\",\"name\":\"BALMAIN HAIR 18K kulla kaetud juukseklamber \\\/ Backstage Clip Prof. Gold - Hair Deluxe\",\"isPartOf\":{\"@id\":\"https:\\\/\\\/hairdeluxe.ee\\\/ru\\\/#website\"},\"primaryImageOfPage\":{\"@id\":\"https:\\\/\\\/hairdeluxe.ee\\\/ru\\\/product\\\/balmain-hair-18k-kulla-kaetud-juukseklamber-backstage-clip-prof-gold\\\/#primaryimage\"},\"image\":{\"@id\":\"https:\\\/\\\/hairdeluxe.ee\\\/ru\\\/product\\\/balmain-hair-18k-kulla-kaetud-juukseklamber-backstage-clip-prof-gold\\\/#primaryimage\"},\"thumbnailUrl\":\"https:\\\/\\\/hairdeluxe.ee\\\/wp-content\\\/uploads\\\/2025\\\/09\\\/balmainhair_accessories_limitededition_backstage_clip_gold_c4_25_le_hj_gp_b_clip_c4_25_800x800.jpg\",\"datePublished\":\"2025-09-20T20:22:03+00:00\",\"dateModified\":\"2025-10-07T21:06:45+00:00\",\"breadcrumb\":{\"@id\":\"https:\\\/\\\/hairdeluxe.ee\\\/ru\\\/product\\\/balmain-hair-18k-kulla-kaetud-juukseklamber-backstage-clip-prof-gold\\\/#breadcrumb\"},\"inLanguage\":\"ru-RU\",\"potentialAction\":[{\"@type\":\"ReadAction\",\"target\":[\"https:\\\/\\\/hairdeluxe.ee\\\/ru\\\/product\\\/balmain-hair-18k-kulla-kaetud-juukseklamber-backstage-clip-prof-gold\\\/\"]}]},{\"@type\":\"ImageObject\",\"inLanguage\":\"ru-RU\",\"@id\":\"https:\\\/\\\/hairdeluxe.ee\\\/ru\\\/product\\\/balmain-hair-18k-kulla-kaetud-juukseklamber-backstage-clip-prof-gold\\\/#primaryimage\",\"url\":\"https:\\\/\\\/hairdeluxe.ee\\\/wp-content\\\/uploads\\\/2025\\\/09\\\/balmainhair_accessories_limitededition_backstage_clip_gold_c4_25_le_hj_gp_b_clip_c4_25_800x800.jpg\",\"contentUrl\":\"https:\\\/\\\/hairdeluxe.ee\\\/wp-content\\\/uploads\\\/2025\\\/09\\\/balmainhair_accessories_limitededition_backstage_clip_gold_c4_25_le_hj_gp_b_clip_c4_25_800x800.jpg\",\"width\":800,\"height\":800},{\"@type\":\"BreadcrumbList\",\"@id\":\"https:\\\/\\\/hairdeluxe.ee\\\/ru\\\/product\\\/balmain-hair-18k-kulla-kaetud-juukseklamber-backstage-clip-prof-gold\\\/#breadcrumb\",\"itemListElement\":[{\"@type\":\"ListItem\",\"position\":1,\"name\":\"Home\",\"item\":\"https:\\\/\\\/hairdeluxe.ee\\\/ru\\\/\"},{\"@type\":\"ListItem\",\"position\":2,\"name\":\"\u041c\u0430\u0433\u0430\u0437\u0438\u043d\",\"item\":\"https:\\\/\\\/hairdeluxe.ee\\\/ru\\\/shop\\\/\"},{\"@type\":\"ListItem\",\"position\":3,\"name\":\"BALMAIN HAIR 18K kulla kaetud juukseklamber \\\/ Backstage Clip Prof. Gold\"}]},{\"@type\":\"WebSite\",\"@id\":\"https:\\\/\\\/hairdeluxe.ee\\\/ru\\\/#website\",\"url\":\"https:\\\/\\\/hairdeluxe.ee\\\/ru\\\/\",\"name\":\"Hair Deluxe\",\"description\":\"Highlight your natural beauty\",\"publisher\":{\"@id\":\"https:\\\/\\\/hairdeluxe.ee\\\/ru\\\/#organization\"},\"potentialAction\":[{\"@type\":\"SearchAction\",\"target\":{\"@type\":\"EntryPoint\",\"urlTemplate\":\"https:\\\/\\\/hairdeluxe.ee\\\/ru\\\/?s={search_term_string}\"},\"query-input\":{\"@type\":\"PropertyValueSpecification\",\"valueRequired\":true,\"valueName\":\"search_term_string\"}}],\"inLanguage\":\"ru-RU\"},{\"@type\":\"Organization\",\"@id\":\"https:\\\/\\\/hairdeluxe.ee\\\/ru\\\/#organization\",\"name\":\"Hair Deluxe\",\"url\":\"https:\\\/\\\/hairdeluxe.ee\\\/ru\\\/\",\"logo\":{\"@type\":\"ImageObject\",\"inLanguage\":\"ru-RU\",\"@id\":\"https:\\\/\\\/hairdeluxe.ee\\\/ru\\\/#\\\/schema\\\/logo\\\/image\\\/\",\"url\":\"https:\\\/\\\/hairdeluxe.ee\\\/wp-content\\\/uploads\\\/2024\\\/06\\\/Hair-Deluxe-Logo-Dark-font.png\",\"contentUrl\":\"https:\\\/\\\/hairdeluxe.ee\\\/wp-content\\\/uploads\\\/2024\\\/06\\\/Hair-Deluxe-Logo-Dark-font.png\",\"width\":467,\"height\":177,\"caption\":\"Hair Deluxe\"},\"image\":{\"@id\":\"https:\\\/\\\/hairdeluxe.ee\\\/ru\\\/#\\\/schema\\\/logo\\\/image\\\/\"},\"sameAs\":[\"https:\\\/\\\/www.facebook.com\\\/blowbartallinn\",\"https:\\\/\\\/www.instagram.com\\\/blowbar_tallinn\"]}]}<\/script>\n<!-- \/ Yoast SEO plugin. -->","yoast_head_json":{"title":"BALMAIN HAIR 18K kulla kaetud juukseklamber \/ Backstage Clip Prof. Gold - Hair Deluxe","robots":{"index":"index","follow":"follow","max-snippet":"max-snippet:-1","max-image-preview":"max-image-preview:large","max-video-preview":"max-video-preview:-1"},"canonical":"https:\/\/hairdeluxe.ee\/ru\/product\/balmain-hair-18k-kulla-kaetud-juukseklamber-backstage-clip-prof-gold\/","og_locale":"ru_RU","og_type":"article","og_title":"BALMAIN HAIR 18K kulla kaetud juukseklamber \/ Backstage Clip Prof. Gold - Hair Deluxe","og_description":"Balmain Paris lavatagusest maailmast inspireeritud k\u00e4sit\u00f6\u00f6na valminud Golden Backstage Clip on kaetud s\u00e4rava 18-karaadise kullaga ja selle keskele on graveeritud ikooniline Balmain logo.  See toode kuulub Cosmic Sapphire'i kollektsiooni, mis on rafineeritud valik esmaklassilisi juukseaksessuaare, mille loomisel on p\u00f6\u00f6ratud erakordset t\u00e4helepanu detailidele. Iga disain \u00fchendab kvaliteetsed materjalid p\u00fcsiva mugavuse ja stiiliga.  Backstage Clip lisab igale soengule peene ja luksusliku ilme. T\u00e4ielikult kaetud s\u00e4rava 18-karaadise kullaga ja selle keskele on graveeritud ikooniline Balmaini logo, mis peegeldab moodsa elegantsi vaimu. Hooajaline oluline ese, mis \u00fchendab endas poleeritud disaini pingutuseta funktsionaalsusega.  M\u00f5\u00f5tmed: Pikkus: 6,90 cm \/ Laius: 2,00 cm \/ K\u00f5rgus: 1,90 cm","og_url":"https:\/\/hairdeluxe.ee\/ru\/product\/balmain-hair-18k-kulla-kaetud-juukseklamber-backstage-clip-prof-gold\/","og_site_name":"Hair Deluxe","article_publisher":"https:\/\/www.facebook.com\/blowbartallinn","article_modified_time":"2025-10-07T21:06:45+00:00","og_image":[{"width":800,"height":800,"url":"https:\/\/hairdeluxe.ee\/wp-content\/uploads\/2025\/09\/balmainhair_accessories_limitededition_backstage_clip_gold_c4_25_le_hj_gp_b_clip_c4_25_800x800.jpg","type":"image\/jpeg"}],"twitter_card":"summary_large_image","schema":{"@context":"https:\/\/schema.org","@graph":[{"@type":"WebPage","@id":"https:\/\/hairdeluxe.ee\/ru\/product\/balmain-hair-18k-kulla-kaetud-juukseklamber-backstage-clip-prof-gold\/","url":"https:\/\/hairdeluxe.ee\/ru\/product\/balmain-hair-18k-kulla-kaetud-juukseklamber-backstage-clip-prof-gold\/","name":"BALMAIN HAIR 18K kulla kaetud juukseklamber \/ Backstage Clip Prof. Gold - Hair Deluxe","isPartOf":{"@id":"https:\/\/hairdeluxe.ee\/ru\/#website"},"primaryImageOfPage":{"@id":"https:\/\/hairdeluxe.ee\/ru\/product\/balmain-hair-18k-kulla-kaetud-juukseklamber-backstage-clip-prof-gold\/#primaryimage"},"image":{"@id":"https:\/\/hairdeluxe.ee\/ru\/product\/balmain-hair-18k-kulla-kaetud-juukseklamber-backstage-clip-prof-gold\/#primaryimage"},"thumbnailUrl":"https:\/\/hairdeluxe.ee\/wp-content\/uploads\/2025\/09\/balmainhair_accessories_limitededition_backstage_clip_gold_c4_25_le_hj_gp_b_clip_c4_25_800x800.jpg","datePublished":"2025-09-20T20:22:03+00:00","dateModified":"2025-10-07T21:06:45+00:00","breadcrumb":{"@id":"https:\/\/hairdeluxe.ee\/ru\/product\/balmain-hair-18k-kulla-kaetud-juukseklamber-backstage-clip-prof-gold\/#breadcrumb"},"inLanguage":"ru-RU","potentialAction":[{"@type":"ReadAction","target":["https:\/\/hairdeluxe.ee\/ru\/product\/balmain-hair-18k-kulla-kaetud-juukseklamber-backstage-clip-prof-gold\/"]}]},{"@type":"ImageObject","inLanguage":"ru-RU","@id":"https:\/\/hairdeluxe.ee\/ru\/product\/balmain-hair-18k-kulla-kaetud-juukseklamber-backstage-clip-prof-gold\/#primaryimage","url":"https:\/\/hairdeluxe.ee\/wp-content\/uploads\/2025\/09\/balmainhair_accessories_limitededition_backstage_clip_gold_c4_25_le_hj_gp_b_clip_c4_25_800x800.jpg","contentUrl":"https:\/\/hairdeluxe.ee\/wp-content\/uploads\/2025\/09\/balmainhair_accessories_limitededition_backstage_clip_gold_c4_25_le_hj_gp_b_clip_c4_25_800x800.jpg","width":800,"height":800},{"@type":"BreadcrumbList","@id":"https:\/\/hairdeluxe.ee\/ru\/product\/balmain-hair-18k-kulla-kaetud-juukseklamber-backstage-clip-prof-gold\/#breadcrumb","itemListElement":[{"@type":"ListItem","position":1,"name":"Home","item":"https:\/\/hairdeluxe.ee\/ru\/"},{"@type":"ListItem","position":2,"name":"\u041c\u0430\u0433\u0430\u0437\u0438\u043d","item":"https:\/\/hairdeluxe.ee\/ru\/shop\/"},{"@type":"ListItem","position":3,"name":"BALMAIN HAIR 18K kulla kaetud juukseklamber \/ Backstage Clip Prof. Gold"}]},{"@type":"WebSite","@id":"https:\/\/hairdeluxe.ee\/ru\/#website","url":"https:\/\/hairdeluxe.ee\/ru\/","name":"Hair Deluxe","description":"Highlight your natural beauty","publisher":{"@id":"https:\/\/hairdeluxe.ee\/ru\/#organization"},"potentialAction":[{"@type":"SearchAction","target":{"@type":"EntryPoint","urlTemplate":"https:\/\/hairdeluxe.ee\/ru\/?s={search_term_string}"},"query-input":{"@type":"PropertyValueSpecification","valueRequired":true,"valueName":"search_term_string"}}],"inLanguage":"ru-RU"},{"@type":"Organization","@id":"https:\/\/hairdeluxe.ee\/ru\/#organization","name":"Hair Deluxe","url":"https:\/\/hairdeluxe.ee\/ru\/","logo":{"@type":"ImageObject","inLanguage":"ru-RU","@id":"https:\/\/hairdeluxe.ee\/ru\/#\/schema\/logo\/image\/","url":"https:\/\/hairdeluxe.ee\/wp-content\/uploads\/2024\/06\/Hair-Deluxe-Logo-Dark-font.png","contentUrl":"https:\/\/hairdeluxe.ee\/wp-content\/uploads\/2024\/06\/Hair-Deluxe-Logo-Dark-font.png","width":467,"height":177,"caption":"Hair Deluxe"},"image":{"@id":"https:\/\/hairdeluxe.ee\/ru\/#\/schema\/logo\/image\/"},"sameAs":["https:\/\/www.facebook.com\/blowbartallinn","https:\/\/www.instagram.com\/blowbar_tallinn"]}]}},"_links":{"self":[{"href":"https:\/\/hairdeluxe.ee\/ru\/wp-json\/wp\/v2\/product\/52305","targetHints":{"allow":["GET"]}}],"collection":[{"href":"https:\/\/hairdeluxe.ee\/ru\/wp-json\/wp\/v2\/product"}],"about":[{"href":"https:\/\/hairdeluxe.ee\/ru\/wp-json\/wp\/v2\/types\/product"}],"wp:featuredmedia":[{"embeddable":true,"href":"https:\/\/hairdeluxe.ee\/ru\/wp-json\/wp\/v2\/media\/52765"}],"wp:attachment":[{"href":"https:\/\/hairdeluxe.ee\/ru\/wp-json\/wp\/v2\/media?parent=52305"}],"wp:term":[{"taxonomy":"product_brand","embeddable":true,"href":"https:\/\/hairdeluxe.ee\/ru\/wp-json\/wp\/v2\/product_brand?post=52305"},{"taxonomy":"product_cat","embeddable":true,"href":"https:\/\/hairdeluxe.ee\/ru\/wp-json\/wp\/v2\/product_cat?post=52305"},{"taxonomy":"product_tag","embeddable":true,"href":"https:\/\/hairdeluxe.ee\/ru\/wp-json\/wp\/v2\/product_tag?post=52305"}],"curies":[{"name":"wp","href":"https:\/\/api.w.org\/{rel}","templated":true}]}}